{"id":154559,"date":"2025-09-08T09:01:42","date_gmt":"2025-09-08T08:01:42","guid":{"rendered":"https:\/\/dev.codekraft.it\/ravaglioli.it\/product\/2-rad-geschwindigkeitsprufstand-speedometer-fur-auto-motorrad-2-3-4-rader-bremsen-geschwindigkeit\/"},"modified":"2026-01-14T21:38:02","modified_gmt":"2026-01-14T21:38:02","slug":"2-rad-geschwindigkeitsprufstand-speedometer-fur-auto-motorrad-2-3-4-rader-bremsen-geschwindigkeit","status":"publish","type":"product","link":"https:\/\/dev.codekraft.it\/ravaglioli.it\/de\/product\/2-rad-geschwindigkeitsprufstand-speedometer-fur-auto-motorrad-2-3-4-rader-bremsen-geschwindigkeit\/","title":{"rendered":"2-Rad-Geschwindigkeitspr\u00fcfstand Speedometer | f\u00fcr Auto Motorrad 2-3-4 R\u00e4der &#8211; Bremsen + Geschwindigkeit"},"content":{"rendered":"<ul>\n<li>Vorbereitet f\u00fcr die Umstellung auf Leistungspr\u00fcfstand 2,3,4 Rad<\/li>\n<li>Elektroanlage VARRT009\/VM (oder VARRT009\/PQ, wenn RT094MTBRX vorstehend) werkseitig montiert notwendig<\/li>\n<\/ul>\n","protected":false},"excerpt":{"rendered":"<p>Vorbereitet f\u00fcr die Umstellung auf Leistungspr\u00fcfstand 2,3,4 Rad Elektroanlage VARRT009\/VM (oder VARRT009\/PQ, wenn RT094MTBRX vorstehend) werkseitig montiert notwendig<\/p>\n","protected":false},"featured_media":37775,"template":"","meta":[],"product_brand":[],"product_cat":[57958],"product_tag":[],"product_approvals":[],"product_application":[],"class_list":{"0":"post-154559","1":"product","2":"type-product","3":"status-publish","4":"has-post-thumbnail","6":"product_cat-zubehor-bremsprufstande-prufstrasen-de","8":"first","9":"instock","10":"shipping-taxable","11":"product-type-simple"},"approvals":[],"application":[],"brb_media_brochure":"","brb_media_drawing":"","brb_media_manuals":"","brb_media_safety_datasheets":"","brb_media_spare_parts":[],"_cdmm_p_id":"502763","_company":"Ravaglioli","_gtin":"","accessories":[{"id":152563,"mpn":"SRT083M","name":"Kalibriervorrichtung f\u00fcr Leistungspr\u00fcfstand","description":"Inkl. geeichter Gewichte","thumbnail":"","url":"https:\/\/dev.codekraft.it\/ravaglioli.it\/de\/product\/kalibriervorrichtung-fur-leistungsprufstand\/"},{"id":153521,"mpn":"SRT081M","name":"Rollen-Sperrsystem f\u00fcr Motorrad-Geschwindigkeitstester","description":"Zubeh\u00f6r f\u00fcr Geschwindigkeitspr\u00fcfstande","thumbnail":"","url":"https:\/\/dev.codekraft.it\/ravaglioli.it\/de\/product\/rollen-sperrsystem-fur-motorrad-geschwindigkeitstester\/"},{"id":153101,"mpn":"SRT103","name":"\u00dcberfahr-Abdeckungen f\u00fcr Geschwindigkeitspr\u00fcfst\u00e4nde | f\u00fcr 2-, 3-, 4-r\u00e4drige Fahrzeuge | 1 Satz \/ 2 St\u00fcck","description":"","thumbnail":"","url":"https:\/\/dev.codekraft.it\/ravaglioli.it\/de\/product\/uberfahr-abdeckungen-fur-geschwindigkeitsprufstande-fur-2-3-4-radrige-fahrzeuge-1-satz-2-stuck\/"},{"id":153149,"mpn":"SRT104","name":"\u00dcberfahrwanne f\u00fcr Geschwindigkeitspr\u00fcfst\u00e4nde | f\u00fcr 2-, 3-, 4-r\u00e4drige Fahrzeuge | 1 Satz \/ 2 St\u00fcck","description":"","thumbnail":"","url":"https:\/\/dev.codekraft.it\/ravaglioli.it\/de\/product\/uberfahrwanne-fur-geschwindigkeitsprufstande-fur-2-3-4-radrige-fahrzeuge-1-satz-2-stuck\/"}],"components":[],"delivery":[],"package":[],"related":[],"similar":[],"page_logo_src":"https:\/\/dev.codekraft.it\/ravaglioli.it\/wp-content\/uploads\/2026\/04\/rav-negative-logo-1.png","lang":"de","translations":{"de":154559,"en":154558,"fr":154560,"it":154561,"es":154562,"ru":154563},"pll_sync_post":[],"_links":{"self":[{"href":"https:\/\/dev.codekraft.it\/ravaglioli.it\/wp-json\/wp\/v2\/product\/154559","targetHints":{"allow":["GET"]}}],"collection":[{"href":"https:\/\/dev.codekraft.it\/ravaglioli.it\/wp-json\/wp\/v2\/product"}],"about":[{"href":"https:\/\/dev.codekraft.it\/ravaglioli.it\/wp-json\/wp\/v2\/types\/product"}],"wp:featuredmedia":[{"embeddable":true,"href":"https:\/\/dev.codekraft.it\/ravaglioli.it\/wp-json\/wp\/v2\/media\/37775"}],"wp:attachment":[{"href":"https:\/\/dev.codekraft.it\/ravaglioli.it\/wp-json\/wp\/v2\/media?parent=154559"}],"wp:term":[{"taxonomy":"product_brand","embeddable":true,"href":"https:\/\/dev.codekraft.it\/ravaglioli.it\/wp-json\/wp\/v2\/product_brand?post=154559"},{"taxonomy":"product_cat","embeddable":true,"href":"https:\/\/dev.codekraft.it\/ravaglioli.it\/wp-json\/wp\/v2\/product_cat?post=154559"},{"taxonomy":"product_tag","embeddable":true,"href":"https:\/\/dev.codekraft.it\/ravaglioli.it\/wp-json\/wp\/v2\/product_tag?post=154559"},{"taxonomy":"product_approvals","embeddable":true,"href":"https:\/\/dev.codekraft.it\/ravaglioli.it\/wp-json\/wp\/v2\/product_approvals?post=154559"},{"taxonomy":"product_application","embeddable":true,"href":"https:\/\/dev.codekraft.it\/ravaglioli.it\/wp-json\/wp\/v2\/product_application?post=154559"}],"curies":[{"name":"wp","href":"https:\/\/api.w.org\/{rel}","templated":true}]}}