{"id":154556,"date":"2025-09-08T09:01:42","date_gmt":"2025-09-08T08:01:42","guid":{"rendered":"https:\/\/dev.codekraft.it\/ravaglioli.it\/product\/frenometro-de-placas-ravrt900plt\/"},"modified":"2026-01-14T21:37:59","modified_gmt":"2026-01-14T21:37:59","slug":"frenometro-de-placas-ravrt900plt","status":"publish","type":"product","link":"https:\/\/dev.codekraft.it\/ravaglioli.it\/es\/product\/frenometro-de-placas-ravrt900plt\/","title":{"rendered":"Frenometro de placas RAVRT900PLT"},"content":{"rendered":"<p>Soluciones para el diagn\u00f3stico de los frenos<\/p>\n<p>La bancada de comprobaci\u00f3n de frenos de placas RAVRT900PLT para coches y motocicletas de 2, 3 y 4 ruedas es un sistema de control y diagn\u00f3stico que se puede utilizar de forma universal con todo tipo de veh\u00edculos. El funcionamiento simult\u00e1neo de los dos ejes y la facilidad de uso del software permiten llevar a cabo operaciones de diagn\u00f3stico de alta precisi\u00f3n en un tiempo reducido.<\/p>\n<ul>\n<li>Aplicaci\u00f3n universal: sistema de diagn\u00f3stico y control adecuado para todos los veh\u00edculos<\/li>\n<li>Pruebas r\u00e1pidas: los valores correspondientes a los datos de peso y fuerza de la frenada se obtienen con una \u00fanica pasada, con el funcionamiento simult\u00e1neo de los dos ejes<\/li>\n<li>Reducci\u00f3n de tiempos\/costes: perfil especialmente rebajado que no necesita o apenas requiere trabajos de obra civil<\/li>\n<\/ul>\n<ul>\n<li>Sistema de control y diagn\u00f3stico para coches y motocicletas de 2, 3, 4 ruedas &#8211; Se puede utilizar de forma universal para cualquier tipolog\u00eda de veh\u00edculo<\/li>\n<li>El modelo RAVRT900PLT es ideal para los talleres con un elevado volumen de trabajo.<\/li>\n<li>Apto para tracciones 2WD &#8211; 4WD &#8211; AWD &#8211; Los tipos de pruebas tambi\u00e9n est\u00e1n indicados para todos los veh\u00edculos 4&#215;4, AWD (All Wheel Drive) y 4WD (4 Wheel Drive), con control autom\u00e1tico e integral de la tracci\u00f3n, sin necesidad de emplear accesorios adicionales.<\/li>\n<li>Perfil rebajado: El perfil especialmente rebajado de la estructura hace que las pruebas sean extremadamente \u00e1giles, tambi\u00e9n para veh\u00edculos de perfil bajo, como es el caso de algunos veh\u00edculos deportivos.<\/li>\n<li>Software de gesti\u00f3n integrado, compatible con el sistema MCTCNet2.<\/li>\n<li>Mando a distancia universal Bluetooth para el control de las pruebas y la conexi\u00f3n de los sensores de esfuerzo de palanca\/pedal para coches y motos.<\/li>\n<li>Eficiencia en la frenada y comportamiento din\u00e1mico: Se recrea el comportamiento din\u00e1mico del veh\u00edculo durante una frenada en carretera.<\/li>\n<li>Banco de prueba de velocidad Speedometer: Banco de pruebas de velocidad doble dotado de freno de corrientes pasivas para ciclomotores de 2 ruedas, triciclos y cuadriciclos (por ejemplo, APE, QUAD y MICROVEH\u00cdCULOS) &#8211; modelo RAVRT094MVBX + RAVRT094MTRBX\n<ul>\n<li>Necesario como complemento para las pruebas anticontaminaci\u00f3n (MCTCNet2)<\/li>\n<li>Disponible en versi\u00f3n simple para veh\u00edculos de 2 ruedas, modelo RAVRT094MVBX<\/li>\n<\/ul>\n<\/li>\n<li>Al integrar el banco de prueba de velocidad simple (RAVRT094M) o doble (RAVRT094MVBX + RAVTR094MTRBX), es posible realizar todas las pruebas requeridas por la ITV para veh\u00edculos de 2, 3 y 4 ruedas (por ejemplo, an\u00e1lisis de gases de escape), as\u00ed como pruebas de velocidad m\u00e1xima en ciclomotores.<\/li>\n<li>Revestimiento innovador con rejilla electrosoldada &#8211; Revestimiento innovador con rejilla electrosoldada<\/li>\n<li>Pruebas de frenado: Con la ayuda de 16 celdas (4 por cada placa), los valores correspondientes a los datos de peso y fuerza de frenado se obtienen con una \u00fanica pasada, lo que permite realizar tests incluso a velocidades extremadamente reducidas.<\/li>\n<li>Homologaciones: RAVRT900PLT (*v\u00e1lidas en Italia)<\/li>\n<li>Compatible con el sistema TEq-Link<\/li>\n<li>Conexi\u00f3n a internet\n<ul>\n<li>Env\u00edo de resultados a los clientes<\/li>\n<li>Asistencia remota<\/li>\n<\/ul>\n<\/li>\n<\/ul>\n<ul>\n<li>La instalaci\u00f3n en la versi\u00f3n bajo suelo solo requiere una obra civil muy reducida<\/li>\n<li>Espacio ocupado reducido &#8211; anchura: 2,10\u00a0m, longitud: 4,04 \/ 4,80 m\u00a0(bajo suelo \/ sobre suelo)<\/li>\n<li>La instalaci\u00f3n en la versi\u00f3n sobre suelo no requiere ning\u00fan tipo de obra civil<\/li>\n<\/ul>\n","protected":false},"excerpt":{"rendered":"<p>Plataforma universal coche\/moto, max. carico assiale verificabile: 2 t de carga por eje, instalaci\u00f3n bajo suelo o sobre suelo<\/p>\n","protected":false},"featured_media":43513,"template":"","meta":[],"product_brand":[],"product_cat":[57998],"product_tag":[58296,58400,58434,58417],"product_approvals":[],"product_application":[],"class_list":{"0":"post-154556","1":"product","2":"type-product","3":"status-publish","4":"has-post-thumbnail","6":"product_cat-frenometros-lineas-itv-es","7":"product_tag-passenger-cars-es","8":"product_tag-motorbikes-es","9":"product_tag-quad-bikes-es","10":"product_tag-scooter-es","12":"first","13":"instock","14":"shipping-taxable","15":"product-type-simple"},"approvals":[],"application":[],"brb_media_brochure":[{"id":43514,"url":"https:\/\/dev.codekraft.it\/ravaglioli.it\/wp-content\/uploads\/brb_media\/00509363_brake-testers-test-lanes-rt900plt_rt700plt-br-de-2023-04-screen.pdf","title":"Brake testers Test lanes RT900PLT RT700PLT BR de 2023 04 screen","mpn":"","thumbnail":"https:\/\/dev.codekraft.it\/ravaglioli.it\/wp-content\/uploads\/brb_media\/00509363_brake-testers-test-lanes-rt900plt_rt700plt-br-de-2023-04-screen-pdf-106x150.png","description":""},{"id":43515,"url":"https:\/\/dev.codekraft.it\/ravaglioli.it\/wp-content\/uploads\/brb_media\/00509364_brake-testers-test-lanes-rt900plt_rt700plt-br-en-2023-04-screen.pdf","title":"Brake testers Test lanes RT900PLT RT700PLT BR en 2023 04 screen","mpn":"","thumbnail":"https:\/\/dev.codekraft.it\/ravaglioli.it\/wp-content\/uploads\/brb_media\/00509364_brake-testers-test-lanes-rt900plt_rt700plt-br-en-2023-04-screen-pdf-106x150.png","description":""},{"id":43516,"url":"https:\/\/dev.codekraft.it\/ravaglioli.it\/wp-content\/uploads\/brb_media\/00509365_brake-testers-test-lanes-rt900plt_rt700plt-br-fr-2023-04-screen.pdf","title":"Brake testers Test lanes RT900PLT RT700PLT BR fr 2023 04 screen","mpn":"","thumbnail":"https:\/\/dev.codekraft.it\/ravaglioli.it\/wp-content\/uploads\/brb_media\/00509365_brake-testers-test-lanes-rt900plt_rt700plt-br-fr-2023-04-screen-pdf-106x150.png","description":""},{"id":43517,"url":"https:\/\/dev.codekraft.it\/ravaglioli.it\/wp-content\/uploads\/brb_media\/00509366_brake-testers-test-lanes-rt900plt_rt700plt-br-it-2023-04-screen.pdf","title":"Brake testers Test lanes RT900PLT RT700PLT BR it 2023 04 screen","mpn":"","thumbnail":"https:\/\/dev.codekraft.it\/ravaglioli.it\/wp-content\/uploads\/brb_media\/00509366_brake-testers-test-lanes-rt900plt_rt700plt-br-it-2023-04-screen-pdf-106x150.png","description":""},{"id":43518,"url":"https:\/\/dev.codekraft.it\/ravaglioli.it\/wp-content\/uploads\/brb_media\/00509367_brake-testers-test-lanes-rt900plt_rt700plt-br-es-2023-04-screen.pdf","title":"Brake testers Test lanes RT900PLT RT700PLT BR es 2023 04 screen","mpn":"","thumbnail":"https:\/\/dev.codekraft.it\/ravaglioli.it\/wp-content\/uploads\/brb_media\/00509367_brake-testers-test-lanes-rt900plt_rt700plt-br-es-2023-04-screen-pdf-106x150.png","description":""},{"id":43519,"url":"https:\/\/dev.codekraft.it\/ravaglioli.it\/wp-content\/uploads\/brb_media\/00509368_brake-testers-test-lanes-rt900plt_rt700plt-br-ru-2023-04-screen.pdf","title":"Brake testers Test lanes RT900PLT RT700PLT BR ru 2023 04 screen","mpn":"","thumbnail":"https:\/\/dev.codekraft.it\/ravaglioli.it\/wp-content\/uploads\/brb_media\/00509368_brake-testers-test-lanes-rt900plt_rt700plt-br-ru-2023-04-screen-pdf-106x150.png","description":""}],"brb_media_drawing":"","brb_media_manuals":"","brb_media_safety_datasheets":"","brb_media_spare_parts":[],"_cdmm_p_id":"502760","_company":"Ravaglioli","_gtin":"","accessories":[{"id":154562,"mpn":"RAVRT094MVBX","name":"Banco de prueba de velocidad 2 ruedas Speedometer | para coche moto 2-3-4 ruedas &#8211; frenos + velocidad","description":"","thumbnail":"https:\/\/dev.codekraft.it\/ravaglioli.it\/wp-content\/uploads\/brb_media\/00508540_brake-testers-test-lanes-ravrt094mvbx-mi-150x150.png","url":"https:\/\/dev.codekraft.it\/ravaglioli.it\/es\/product\/banco-de-prueba-de-velocidad-2-ruedas-speedometer-para-coche-moto-2-3-4-ruedas-frenos-velocidad\/"},{"id":154568,"mpn":"RAVRT094MTRBX","name":"Kit de actualizaci\u00f3n para convertir el banco de pruebas de velocidad RT094MVBX en 2,3,4 ruedas","description":"Para coche moto 2-3-4 ruedas - frenos + velocidad","thumbnail":"https:\/\/dev.codekraft.it\/ravaglioli.it\/wp-content\/uploads\/brb_media\/00548719_speed-tester-ravrt094mtrbx-mi-150x150.png","url":"https:\/\/dev.codekraft.it\/ravaglioli.it\/es\/product\/kit-de-actualizacion-para-convertir-el-banco-de-pruebas-de-velocidad-rt094mvbx-en-234-ruedas\/"}],"components":[],"delivery":[{"id":154574,"mpn":"RAVRT009ME","name":"Consola para banco de prueba de velocidad 2 ruedas | para coche moto 2-3-4 ruedas &#8211; frenos + velocidad","description":"","thumbnail":"https:\/\/dev.codekraft.it\/ravaglioli.it\/wp-content\/uploads\/brb_media\/00509381_brake-testers-test-lanes-rt900plt-rt700plt-cabinet-mi-150x150.png","url":"https:\/\/dev.codekraft.it\/ravaglioli.it\/es\/product\/consola-para-banco-de-prueba-de-velocidad-2-ruedas-para-coche-moto-2-3-4-ruedas-frenos-velocidad\/"},{"id":154562,"mpn":"RAVRT094MVBX","name":"Banco de prueba de velocidad 2 ruedas Speedometer | para coche moto 2-3-4 ruedas &#8211; frenos + velocidad","description":"","thumbnail":"https:\/\/dev.codekraft.it\/ravaglioli.it\/wp-content\/uploads\/brb_media\/00508540_brake-testers-test-lanes-ravrt094mvbx-mi-150x150.png","url":"https:\/\/dev.codekraft.it\/ravaglioli.it\/es\/product\/banco-de-prueba-de-velocidad-2-ruedas-speedometer-para-coche-moto-2-3-4-ruedas-frenos-velocidad\/"}],"package":[],"related":[],"similar":[],"page_logo_src":"https:\/\/dev.codekraft.it\/ravaglioli.it\/wp-content\/uploads\/2026\/04\/rav-negative-logo-1.png","lang":"es","translations":{"es":154556,"en":154552,"de":154553,"fr":154554,"it":154555,"ru":154557},"pll_sync_post":[],"_links":{"self":[{"href":"https:\/\/dev.codekraft.it\/ravaglioli.it\/wp-json\/wp\/v2\/product\/154556","targetHints":{"allow":["GET"]}}],"collection":[{"href":"https:\/\/dev.codekraft.it\/ravaglioli.it\/wp-json\/wp\/v2\/product"}],"about":[{"href":"https:\/\/dev.codekraft.it\/ravaglioli.it\/wp-json\/wp\/v2\/types\/product"}],"wp:featuredmedia":[{"embeddable":true,"href":"https:\/\/dev.codekraft.it\/ravaglioli.it\/wp-json\/wp\/v2\/media\/43513"}],"wp:attachment":[{"href":"https:\/\/dev.codekraft.it\/ravaglioli.it\/wp-json\/wp\/v2\/media?parent=154556"}],"wp:term":[{"taxonomy":"product_brand","embeddable":true,"href":"https:\/\/dev.codekraft.it\/ravaglioli.it\/wp-json\/wp\/v2\/product_brand?post=154556"},{"taxonomy":"product_cat","embeddable":true,"href":"https:\/\/dev.codekraft.it\/ravaglioli.it\/wp-json\/wp\/v2\/product_cat?post=154556"},{"taxonomy":"product_tag","embeddable":true,"href":"https:\/\/dev.codekraft.it\/ravaglioli.it\/wp-json\/wp\/v2\/product_tag?post=154556"},{"taxonomy":"product_approvals","embeddable":true,"href":"https:\/\/dev.codekraft.it\/ravaglioli.it\/wp-json\/wp\/v2\/product_approvals?post=154556"},{"taxonomy":"product_application","embeddable":true,"href":"https:\/\/dev.codekraft.it\/ravaglioli.it\/wp-json\/wp\/v2\/product_application?post=154556"}],"curies":[{"name":"wp","href":"https:\/\/api.w.org\/{rel}","templated":true}]}}