{"id":154553,"date":"2025-09-08T09:01:42","date_gmt":"2025-09-08T08:01:42","guid":{"rendered":"https:\/\/dev.codekraft.it\/ravaglioli.it\/product\/plattenbremsenprufstand-ravrt900plt\/"},"modified":"2026-01-14T21:37:57","modified_gmt":"2026-01-14T21:37:57","slug":"plattenbremsenprufstand-ravrt900plt","status":"publish","type":"product","link":"https:\/\/dev.codekraft.it\/ravaglioli.it\/de\/product\/plattenbremsenprufstand-ravrt900plt\/","title":{"rendered":"Plattenbremsenpr\u00fcfstand RAVRT900PLT"},"content":{"rendered":"<p>L\u00f6sungen f\u00fcr die Bremsendiagnose<\/p>\n<p>Der Bremsenpr\u00fcfstand RAVRT900PLT f\u00fcr Fahrzeuge mit 2, 3 und 4 R\u00e4dern sowie Motorr\u00e4der ist ein Pr\u00fcf- und Diagnosesystem f\u00fcr alle Fahrzeugtypen. Der gleichzeitige Betrieb von zwei Achsen und die benutzerfreundliche Software erm\u00f6glichen hochpr\u00e4zise Diagnosen in k\u00fcrzester Zeit.<\/p>\n<ul>\n<li>Reduzierter Zeit-\/Kostenaufwand: Besonders niedriges Profil ohne oder mit nur minimalen Mauerarbeiten<\/li>\n<li>Schnelle Pr\u00fcfung: Die Werte f\u00fcr Gewicht und Bremskraft werden in einem einzigen Durchgang bei gleichzeitigem Betrieb von zwei Achsen erfasst<\/li>\n<li>Universelle Anwendbarkeit: Diagnose- und Kontrollsystem geeignet f\u00fcr alle Fahrzeugtypen<\/li>\n<\/ul>\n<ul>\n<li>Pr\u00fcf- und Diagnosesystem f\u00fcr Kraftfahrzeuge und Motorr\u00e4der mit 2, 3 und 4 R\u00e4dern &#8211; Universell einsetzbar f\u00fcr jeden Fahrzeugtyp.<\/li>\n<li>Das Modell RAVRT900PLT ist ideal geeignet f\u00fcr Werkst\u00e4tten mit einem hohen Arbeitsaufkommen.<\/li>\n<li>Geeignet f\u00fcr 2WD &#8211; 4WD &#8211; AWD Traktionen &#8211; Der Pr\u00fcfungstyp ist auch f\u00fcr alle 4&#215;4-, AWD- (All Wheel Drive) und 4WD- (4 Wheel Drive) Fahrzeuge mit automatischer Antriebskontrolle geeignet, ohne dass zus\u00e4tzliches Zubeh\u00f6r erforderlich ist.<\/li>\n<li>Niedriges Profil: Ein besonders niedriges Strukturprofil sorgt daf\u00fcr, dass die Pr\u00fcfungen auch bei Fahrzeugen mit niedrigem oder sehr niedrigem Aufbau, wie z. B. Sportwagen, \u00e4u\u00dferst problemlos verlaufen.<\/li>\n<li>Integrierte Managementsoftware, kompatibel mit dem MCTCNet2-System.<\/li>\n<li>Ausgestattet mit einer universellen Bluetooth-Fernbedienung f\u00fcr das Pr\u00fcfmanagement und den Anschluss von Hebel-\/Pedalkraftsensoren f\u00fcr Autos und Kraftr\u00e4der.<\/li>\n<li>Bremswirkung und dynamisches Verhalten: Es wird das dynamische Verhalten des Fahrzeugs beim Bremsen auf der Stra\u00dfe nachgebildet.<\/li>\n<li>Geschwindigkeitspr\u00fcfstand Speedometer: Pr\u00fcfstand mit zwei Geschwindigkeiten und Wirbelstrombremse f\u00fcr Mopeds, Dreir\u00e4der und Vierr\u00e4der (z. B. APE, QUAD und MICRO CAR) &#8211; Modell RAVRT094MVBX + RAVRT094MTRBX.\n<ul>\n<li>Erforderlich f\u00fcr die Durchf\u00fchrung von Schadstoffpr\u00fcfungen (MCTCNet2)<\/li>\n<li>Einzelversion nur f\u00fcr 2 R\u00e4der erh\u00e4ltlich, Modell RAVRT094MVBX<\/li>\n<\/ul>\n<\/li>\n<li>Durch die Integration des einfachen (RAVRT094M) oder doppelten (RAVRT094MVBX + RAVTR094MTRBX) Geschwindigkeitspr\u00fcfstands lassen sich alle erforderlichen Pr\u00fcfungen f\u00fcr 2-, 3-, 4-r\u00e4drige Fahrzeuge durchf\u00fchren (wie beispielsweise die Abgasanalyse) &#8211;\u00a0 sowie H\u00f6chstgeschwindigkeitstest f\u00fcr Mopeds.<\/li>\n<li>Innovative elektroverschwei\u00dfte Gitterabdeckung &#8211; Verbessert den Grip und sorgt f\u00fcr eine l\u00e4ngere Lebensdauer.<\/li>\n<li>Bremstests: Mithilfe von 16 Zellen (4 pro Platte), aus welchen sich die Plattform zusammensetzt, werden die Werte f\u00fcr das Gewicht und die Bremskr\u00e4fte in einem einzigen Durchgang erfasst, sodass Bremstests auch bei extrem niedrigen Geschwindigkeiten durchgef\u00fchrt werden k\u00f6nnen.<\/li>\n<li>Zulassungen: RAVRT900PLT (*g\u00fcltig f\u00fcr Italien)<\/li>\n<li>Kompatibel mit dem System TEq-Link<\/li>\n<li>Internetverbindung zum\n<ul>\n<li>Versand der Ergebnisse an die Kunden<\/li>\n<li>Remote-Support<\/li>\n<\/ul>\n<\/li>\n<\/ul>\n<ul>\n<li>F\u00fcr die Installation in der Unterflur-Ausf\u00fchrung ist nur ein kleiner Aushub erforderlich<\/li>\n<li>Geringe Abmessungen &#8211; Breite: 2,10 m, L\u00e4nge: 4,04 \/ 4,80 m (Unterflur \/ \u00dcberflur)<\/li>\n<li>F\u00fcr die Installation der \u00dcberflur-Ausf\u00fchrung sind keine Bauarbeiten erforderlich<\/li>\n<\/ul>\n","protected":false},"excerpt":{"rendered":"<p>Universeller Automobil-\/Motorrad-Bremsenpr\u00fcfstand, Pr\u00fcfbare Achslast max. 2 t, Einbau Unterflur oder \u00dcberflur m\u00f6glich<\/p>\n","protected":false},"featured_media":43513,"template":"","meta":[],"product_brand":[],"product_cat":[57950],"product_tag":[58391,58408,58287,58425],"product_approvals":[],"product_application":[],"class_list":{"0":"post-154553","1":"product","2":"type-product","3":"status-publish","4":"has-post-thumbnail","6":"product_cat-bremsprufstande-prufstrasen-de","7":"product_tag-motorbikes-de","8":"product_tag-scooter-de","9":"product_tag-passenger-cars-de","10":"product_tag-quad-bikes-de","12":"first","13":"instock","14":"shipping-taxable","15":"product-type-simple"},"approvals":[],"application":[],"brb_media_brochure":[{"id":43514,"url":"https:\/\/dev.codekraft.it\/ravaglioli.it\/wp-content\/uploads\/brb_media\/00509363_brake-testers-test-lanes-rt900plt_rt700plt-br-de-2023-04-screen.pdf","title":"Brake testers Test lanes RT900PLT RT700PLT BR de 2023 04 screen","mpn":"","thumbnail":"https:\/\/dev.codekraft.it\/ravaglioli.it\/wp-content\/uploads\/brb_media\/00509363_brake-testers-test-lanes-rt900plt_rt700plt-br-de-2023-04-screen-pdf-106x150.png","description":""},{"id":43515,"url":"https:\/\/dev.codekraft.it\/ravaglioli.it\/wp-content\/uploads\/brb_media\/00509364_brake-testers-test-lanes-rt900plt_rt700plt-br-en-2023-04-screen.pdf","title":"Brake testers Test lanes RT900PLT RT700PLT BR en 2023 04 screen","mpn":"","thumbnail":"https:\/\/dev.codekraft.it\/ravaglioli.it\/wp-content\/uploads\/brb_media\/00509364_brake-testers-test-lanes-rt900plt_rt700plt-br-en-2023-04-screen-pdf-106x150.png","description":""},{"id":43516,"url":"https:\/\/dev.codekraft.it\/ravaglioli.it\/wp-content\/uploads\/brb_media\/00509365_brake-testers-test-lanes-rt900plt_rt700plt-br-fr-2023-04-screen.pdf","title":"Brake testers Test lanes RT900PLT RT700PLT BR fr 2023 04 screen","mpn":"","thumbnail":"https:\/\/dev.codekraft.it\/ravaglioli.it\/wp-content\/uploads\/brb_media\/00509365_brake-testers-test-lanes-rt900plt_rt700plt-br-fr-2023-04-screen-pdf-106x150.png","description":""},{"id":43517,"url":"https:\/\/dev.codekraft.it\/ravaglioli.it\/wp-content\/uploads\/brb_media\/00509366_brake-testers-test-lanes-rt900plt_rt700plt-br-it-2023-04-screen.pdf","title":"Brake testers Test lanes RT900PLT RT700PLT BR it 2023 04 screen","mpn":"","thumbnail":"https:\/\/dev.codekraft.it\/ravaglioli.it\/wp-content\/uploads\/brb_media\/00509366_brake-testers-test-lanes-rt900plt_rt700plt-br-it-2023-04-screen-pdf-106x150.png","description":""},{"id":43518,"url":"https:\/\/dev.codekraft.it\/ravaglioli.it\/wp-content\/uploads\/brb_media\/00509367_brake-testers-test-lanes-rt900plt_rt700plt-br-es-2023-04-screen.pdf","title":"Brake testers Test lanes RT900PLT RT700PLT BR es 2023 04 screen","mpn":"","thumbnail":"https:\/\/dev.codekraft.it\/ravaglioli.it\/wp-content\/uploads\/brb_media\/00509367_brake-testers-test-lanes-rt900plt_rt700plt-br-es-2023-04-screen-pdf-106x150.png","description":""},{"id":43519,"url":"https:\/\/dev.codekraft.it\/ravaglioli.it\/wp-content\/uploads\/brb_media\/00509368_brake-testers-test-lanes-rt900plt_rt700plt-br-ru-2023-04-screen.pdf","title":"Brake testers Test lanes RT900PLT RT700PLT BR ru 2023 04 screen","mpn":"","thumbnail":"https:\/\/dev.codekraft.it\/ravaglioli.it\/wp-content\/uploads\/brb_media\/00509368_brake-testers-test-lanes-rt900plt_rt700plt-br-ru-2023-04-screen-pdf-106x150.png","description":""}],"brb_media_drawing":"","brb_media_manuals":"","brb_media_safety_datasheets":"","brb_media_spare_parts":[],"_cdmm_p_id":"502760","_company":"Ravaglioli","_gtin":"","accessories":[{"id":154559,"mpn":"RAVRT094MVBX","name":"2-Rad-Geschwindigkeitspr\u00fcfstand Speedometer | f\u00fcr Auto Motorrad 2-3-4 R\u00e4der &#8211; Bremsen + Geschwindigkeit","description":"","thumbnail":"https:\/\/dev.codekraft.it\/ravaglioli.it\/wp-content\/uploads\/brb_media\/00508540_brake-testers-test-lanes-ravrt094mvbx-mi-150x150.png","url":"https:\/\/dev.codekraft.it\/ravaglioli.it\/de\/product\/2-rad-geschwindigkeitsprufstand-speedometer-fur-auto-motorrad-2-3-4-rader-bremsen-geschwindigkeit\/"},{"id":154565,"mpn":"RAVRT094MTRBX","name":"Aufr\u00fcstungskit f\u00fcr die Umstellung von Geschwindigkeitspr\u00fcfstand RT094MVBX auf 2,3,4 Rad","description":"F\u00fcr Auto Motorrad 2-3-4 R\u00e4der - Bremsen + Geschwindigkeit","thumbnail":"https:\/\/dev.codekraft.it\/ravaglioli.it\/wp-content\/uploads\/brb_media\/00548719_speed-tester-ravrt094mtrbx-mi-150x150.png","url":"https:\/\/dev.codekraft.it\/ravaglioli.it\/de\/product\/aufrustungskit-fur-die-umstellung-von-geschwindigkeitsprufstand-rt094mvbx-auf-234-rad\/"}],"components":[],"delivery":[{"id":154571,"mpn":"RAVRT009ME","name":"Bedienkonsole f\u00fcr 2-Rad-Geschwindigkeitspr\u00fcfstand | f\u00fcr Auto Motorrad 2-3-4 R\u00e4der &#8211; Bremsen + Geschwindigkeit","description":"","thumbnail":"https:\/\/dev.codekraft.it\/ravaglioli.it\/wp-content\/uploads\/brb_media\/00509381_brake-testers-test-lanes-rt900plt-rt700plt-cabinet-mi-150x150.png","url":"https:\/\/dev.codekraft.it\/ravaglioli.it\/de\/product\/bedienkonsole-fur-2-rad-geschwindigkeitsprufstand-fur-auto-motorrad-2-3-4-rader-bremsen-geschwindigkeit\/"},{"id":154559,"mpn":"RAVRT094MVBX","name":"2-Rad-Geschwindigkeitspr\u00fcfstand Speedometer | f\u00fcr Auto Motorrad 2-3-4 R\u00e4der &#8211; Bremsen + Geschwindigkeit","description":"","thumbnail":"https:\/\/dev.codekraft.it\/ravaglioli.it\/wp-content\/uploads\/brb_media\/00508540_brake-testers-test-lanes-ravrt094mvbx-mi-150x150.png","url":"https:\/\/dev.codekraft.it\/ravaglioli.it\/de\/product\/2-rad-geschwindigkeitsprufstand-speedometer-fur-auto-motorrad-2-3-4-rader-bremsen-geschwindigkeit\/"}],"package":[],"related":[],"similar":[],"page_logo_src":"https:\/\/dev.codekraft.it\/ravaglioli.it\/wp-content\/uploads\/2026\/04\/rav-negative-logo-1.png","lang":"de","translations":{"de":154553,"en":154552,"fr":154554,"it":154555,"es":154556,"ru":154557},"pll_sync_post":[],"_links":{"self":[{"href":"https:\/\/dev.codekraft.it\/ravaglioli.it\/wp-json\/wp\/v2\/product\/154553","targetHints":{"allow":["GET"]}}],"collection":[{"href":"https:\/\/dev.codekraft.it\/ravaglioli.it\/wp-json\/wp\/v2\/product"}],"about":[{"href":"https:\/\/dev.codekraft.it\/ravaglioli.it\/wp-json\/wp\/v2\/types\/product"}],"wp:featuredmedia":[{"embeddable":true,"href":"https:\/\/dev.codekraft.it\/ravaglioli.it\/wp-json\/wp\/v2\/media\/43513"}],"wp:attachment":[{"href":"https:\/\/dev.codekraft.it\/ravaglioli.it\/wp-json\/wp\/v2\/media?parent=154553"}],"wp:term":[{"taxonomy":"product_brand","embeddable":true,"href":"https:\/\/dev.codekraft.it\/ravaglioli.it\/wp-json\/wp\/v2\/product_brand?post=154553"},{"taxonomy":"product_cat","embeddable":true,"href":"https:\/\/dev.codekraft.it\/ravaglioli.it\/wp-json\/wp\/v2\/product_cat?post=154553"},{"taxonomy":"product_tag","embeddable":true,"href":"https:\/\/dev.codekraft.it\/ravaglioli.it\/wp-json\/wp\/v2\/product_tag?post=154553"},{"taxonomy":"product_approvals","embeddable":true,"href":"https:\/\/dev.codekraft.it\/ravaglioli.it\/wp-json\/wp\/v2\/product_approvals?post=154553"},{"taxonomy":"product_application","embeddable":true,"href":"https:\/\/dev.codekraft.it\/ravaglioli.it\/wp-json\/wp\/v2\/product_application?post=154553"}],"curies":[{"name":"wp","href":"https:\/\/api.w.org\/{rel}","templated":true}]}}