{"id":154548,"date":"2025-11-20T14:26:32","date_gmt":"2025-11-20T14:26:32","guid":{"rendered":"https:\/\/dev.codekraft.it\/ravaglioli.it\/product\/demonte-pneu-g5140ih-22u\/"},"modified":"2026-01-14T21:36:31","modified_gmt":"2026-01-14T21:36:31","slug":"demonte-pneu-g5140ih-22u","status":"publish","type":"product","link":"https:\/\/dev.codekraft.it\/ravaglioli.it\/fr\/product\/demonte-pneu-g5140ih-22u\/","title":{"rendered":"D\u00e9monte-pneu G5140IH.22U"},"content":{"rendered":"<ul>\n<li>Bras\u00a0pivotant<\/li>\n<li>Bras de commande avec verrouillage pneumatique<\/li>\n<li>Boule de perles \u00e0 commande pneumatique<\/li>\n<li>Corps surdimensionn\u00e9<\/li>\n<li>P\u00e9dale extractible<\/li>\n<li>Syst\u00e8me de gonflage tubeless TOP<\/li>\n<li>\u00c9quip\u00e9 de :\n<ul>\n<li>Gonfleur Pneu<\/li>\n<li>Boites protection des jantes<\/li>\n<li>Protection outil<\/li>\n<li>Levier standard<\/li>\n<li>Pinceau<\/li>\n<\/ul>\n<\/li>\n<\/ul>\n","protected":false},"excerpt":{"rendered":"<p>T\u00eate de montage et levier de montage, semi-automatique, incl. dispositif de gonflage tubeless, vitesse max. 7\/14 tr\/min, voiture de tourisme, diam\u00e8tre de jante 10 &#8211; 24\u2033, largeur de jante max. 420 mm | Bleu (RAL 5005)<\/p>\n","protected":false},"featured_media":43506,"template":"","meta":[],"product_brand":[],"product_cat":[57876],"product_tag":[58394,58326,58290],"product_approvals":[],"product_application":[],"class_list":{"0":"post-154548","1":"product","2":"type-product","3":"status-publish","4":"has-post-thumbnail","6":"product_cat-demonte-pneus-fr","7":"product_tag-motorbikes-fr","8":"product_tag-light-commercial-fr","9":"product_tag-passenger-cars-fr","11":"first","12":"instock","13":"shipping-taxable","14":"product-type-simple"},"approvals":[],"application":[],"brb_media_brochure":[{"id":150577,"url":"https:\/\/dev.codekraft.it\/ravaglioli.it\/wp-content\/uploads\/brb_media\/00521439_tyre-changers-g514022_g5140ih22-br-multi-2023-09-screen.pdf","title":"Tyre changers G514022 G5140IH22 BR multi 2023 09 screen","mpn":"","thumbnail":"https:\/\/dev.codekraft.it\/ravaglioli.it\/wp-content\/uploads\/brb_media\/00521439_tyre-changers-g514022_g5140ih22-br-multi-2023-09-screen-pdf-106x150.png","description":""}],"brb_media_drawing":"","brb_media_manuals":[{"id":150578,"url":"https:\/\/dev.codekraft.it\/ravaglioli.it\/wp-content\/uploads\/brb_media\/00548699_tyre-changer-ravg5140-im-7300-m061-00_vsg_rev00-de-2023-09.pdf","title":"Tyre changer RAVG5140 IM 7300 M061 00 VSG rev00 de 2023 09","mpn":"","thumbnail":"https:\/\/dev.codekraft.it\/ravaglioli.it\/wp-content\/uploads\/brb_media\/00548699_tyre-changer-ravg5140-im-7300-m061-00_vsg_rev00-de-2023-09-pdf-106x150.png","description":""},{"id":150579,"url":"https:\/\/dev.codekraft.it\/ravaglioli.it\/wp-content\/uploads\/brb_media\/00548700_tyre-changer-ravg5140-im-7300-m061-00_vsg_rev00-en-2023-09.pdf","title":"Tyre changer RAVG5140 IM 7300 M061 00 VSG rev00 en 2023 09","mpn":"","thumbnail":"https:\/\/dev.codekraft.it\/ravaglioli.it\/wp-content\/uploads\/brb_media\/00548700_tyre-changer-ravg5140-im-7300-m061-00_vsg_rev00-en-2023-09-pdf-106x150.png","description":""},{"id":150580,"url":"https:\/\/dev.codekraft.it\/ravaglioli.it\/wp-content\/uploads\/brb_media\/00548701_tyre-changer-ravg5140-im-7300-m061-00_vsg_rev00-fr-2023-09.pdf","title":"Tyre changer RAVG5140 IM 7300 M061 00 VSG rev00 fr 2023 09","mpn":"","thumbnail":"https:\/\/dev.codekraft.it\/ravaglioli.it\/wp-content\/uploads\/brb_media\/00548701_tyre-changer-ravg5140-im-7300-m061-00_vsg_rev00-fr-2023-09-pdf-106x150.png","description":""},{"id":150581,"url":"https:\/\/dev.codekraft.it\/ravaglioli.it\/wp-content\/uploads\/brb_media\/00548702_tyre-changer-ravg5140-im-7300-m061-00_vsg_rev00-it-2023-09.pdf","title":"Tyre changer RAVG5140 IM 7300 M061 00 VSG rev00 it 2023 09","mpn":"","thumbnail":"https:\/\/dev.codekraft.it\/ravaglioli.it\/wp-content\/uploads\/brb_media\/00548702_tyre-changer-ravg5140-im-7300-m061-00_vsg_rev00-it-2023-09-pdf-106x150.png","description":""},{"id":150582,"url":"https:\/\/dev.codekraft.it\/ravaglioli.it\/wp-content\/uploads\/brb_media\/00548703_tyre-changer-ravg5140-im-7300-m061-00_vsg_rev00-es-2023-09.pdf","title":"Tyre changer RAVG5140 IM 7300 M061 00 VSG rev00 es 2023 09","mpn":"","thumbnail":"https:\/\/dev.codekraft.it\/ravaglioli.it\/wp-content\/uploads\/brb_media\/00548703_tyre-changer-ravg5140-im-7300-m061-00_vsg_rev00-es-2023-09-pdf-106x150.png","description":""}],"brb_media_safety_datasheets":"","brb_media_spare_parts":[],"_cdmm_p_id":"502757","_company":"Ravaglioli","_gtin":"5063084206213","accessories":[{"id":153324,"mpn":"G800A6","name":"Protection plastique","description":"Pour mors de serrage repositionnables de 24 - 26 - 28\u2033 | 1 jeu \/ 4 pi\u00e8ces","thumbnail":"https:\/\/dev.codekraft.it\/ravaglioli.it\/wp-content\/uploads\/brb_media\/00533626_g800a6mi-150x150.png","url":"https:\/\/dev.codekraft.it\/ravaglioli.it\/fr\/product\/protection-plastique\/"},{"id":152777,"mpn":"G108A9","name":"Protection plastique pour t\u00eate de montage","description":"Protection outil en plastique pour t\u00eate de montage | 1 pi\u00e8ce","thumbnail":"https:\/\/dev.codekraft.it\/ravaglioli.it\/wp-content\/uploads\/brb_media\/00535691_tyre-changer-g108a9-di-150x150.png","url":"https:\/\/dev.codekraft.it\/ravaglioli.it\/fr\/product\/protection-plastique-pour-tete-de-montage\/"},{"id":155157,"mpn":"G1000A52","name":"Levier Standard","description":"Voitures particuli\u00e8res","thumbnail":"https:\/\/dev.codekraft.it\/ravaglioli.it\/wp-content\/uploads\/brb_media\/00506696_g1000a52-150x150.png","url":"https:\/\/dev.codekraft.it\/ravaglioli.it\/fr\/product\/levier-standard\/"},{"id":155516,"mpn":"G800A38","name":"Pinceau Plastique","description":"","thumbnail":"https:\/\/dev.codekraft.it\/ravaglioli.it\/wp-content\/uploads\/brb_media\/00506719_g800a38-150x150.png","url":"https:\/\/dev.codekraft.it\/ravaglioli.it\/fr\/product\/pinceau-plastique\/"},{"id":155498,"mpn":"G800A111","name":"Adaptateur de r\u00e9duction","description":"Pour mors de serrage de moto | r\u00e9duction \u00e0 8\u2033 du diam\u00e8tre des roues | G800A99, G800A107 n\u00e9cessaire | 1 jeu \/ 4 pi\u00e8ces","thumbnail":"https:\/\/dev.codekraft.it\/ravaglioli.it\/wp-content\/uploads\/brb_media\/00506664_g84a24-150x150.png","url":"https:\/\/dev.codekraft.it\/ravaglioli.it\/fr\/product\/adaptateur-de-reduction\/"},{"id":155504,"mpn":"G800A107","name":"Mors de serrage de moto pour mandrin 24 &#8211; 26\u2033","description":"Mobiles, \u00e9tendre la plage de serrage de +5\u2033 de l'ext\u00e9rieur | 1 jeu \/ 4 pi\u00e8ces","thumbnail":"https:\/\/dev.codekraft.it\/ravaglioli.it\/wp-content\/uploads\/brb_media\/00506658_g84a5-150x150.png","url":"https:\/\/dev.codekraft.it\/ravaglioli.it\/fr\/product\/mors-de-serrage-de-moto-pour-mandrin-24-26%e2%80%b3\/"}],"components":[],"delivery":[],"package":[],"related":[],"similar":[{"id":154536,"mpn":"RAV.G5440.206183","name":"D\u00e9monte-pneu G5440I.22U","description":"T\u00eate de montage et levier de montage, semi-automatique, incl. dispositif de gonflage tubeless, vitesse max. 7\/14 tr\/min, voiture de tourisme, diam\u00e8tre de jante 10 - 24\u2033, largeur de jante max. 330 mm | Bleu (RAL 5005)","thumbnail":"https:\/\/dev.codekraft.it\/ravaglioli.it\/wp-content\/uploads\/brb_media\/00509351_tyre-changer-g544022-mi-150x150.png","url":"https:\/\/dev.codekraft.it\/ravaglioli.it\/fr\/product\/demonte-pneu-g5440i-22u\/"},{"id":154542,"mpn":"RAV.G5140.206190","name":"D\u00e9monte-pneu G5140.22M","description":"T\u00eate de montage et levier de montage, semi-automatique, incl. gonfleur de pneu, vitesse max. 7\/14 tr\/min, voiture de tourisme, diam\u00e8tre de jante 10 - 24\u2033, largeur de jante max. 420 mm | Bleu (RAL 5005)","thumbnail":"https:\/\/dev.codekraft.it\/ravaglioli.it\/wp-content\/uploads\/brb_media\/00526504_tyre-changer-g514022-mi-01-150x150.png","url":"https:\/\/dev.codekraft.it\/ravaglioli.it\/fr\/product\/demonte-pneu-g5140-22m\/"},{"id":154142,"mpn":"RAV.G7441.200969","name":"D\u00e9monte-pneu G7441.22","description":"Automatique, 2 vitesses (max. 13 tr\/mn), voiture de tourisme, diam\u00e8tre de jante 10 - 24,5\u2033, argeur de jante max. 381 mm | Bleu (RAL 5005)","thumbnail":"https:\/\/dev.codekraft.it\/ravaglioli.it\/wp-content\/uploads\/brb_media\/00509567_tyre-changer-g7441-mi-150x150.png","url":"https:\/\/dev.codekraft.it\/ravaglioli.it\/fr\/product\/demonte-pneu-g7441-22\/"},{"id":154203,"mpn":"RAV.G7240.201157","name":"D\u00e9monte-pneu G7240.20","description":"Semi-automatique, s\u00e9rie swing, vitesse max. 7,3 tr\/min, voiture de tourisme, diam\u00e8tre de jante 10 - 22,5\u2033 (mandrin 20\u2033), largeur de jante max. 305 mm | Bleu (RAL 5005)","thumbnail":"https:\/\/dev.codekraft.it\/ravaglioli.it\/wp-content\/uploads\/brb_media\/00508632_tyre-changer-g7240-20-mi-01-150x150.png","url":"https:\/\/dev.codekraft.it\/ravaglioli.it\/fr\/product\/demonte-pneu-g7240-20\/"}],"page_logo_src":"https:\/\/dev.codekraft.it\/ravaglioli.it\/wp-content\/uploads\/2026\/04\/rav-negative-logo-1.png","lang":"fr","translations":{"fr":154548,"en":154546,"de":154547,"it":154549,"es":154550,"ru":154551},"pll_sync_post":[],"_links":{"self":[{"href":"https:\/\/dev.codekraft.it\/ravaglioli.it\/wp-json\/wp\/v2\/product\/154548","targetHints":{"allow":["GET"]}}],"collection":[{"href":"https:\/\/dev.codekraft.it\/ravaglioli.it\/wp-json\/wp\/v2\/product"}],"about":[{"href":"https:\/\/dev.codekraft.it\/ravaglioli.it\/wp-json\/wp\/v2\/types\/product"}],"wp:featuredmedia":[{"embeddable":true,"href":"https:\/\/dev.codekraft.it\/ravaglioli.it\/wp-json\/wp\/v2\/media\/43506"}],"wp:attachment":[{"href":"https:\/\/dev.codekraft.it\/ravaglioli.it\/wp-json\/wp\/v2\/media?parent=154548"}],"wp:term":[{"taxonomy":"product_brand","embeddable":true,"href":"https:\/\/dev.codekraft.it\/ravaglioli.it\/wp-json\/wp\/v2\/product_brand?post=154548"},{"taxonomy":"product_cat","embeddable":true,"href":"https:\/\/dev.codekraft.it\/ravaglioli.it\/wp-json\/wp\/v2\/product_cat?post=154548"},{"taxonomy":"product_tag","embeddable":true,"href":"https:\/\/dev.codekraft.it\/ravaglioli.it\/wp-json\/wp\/v2\/product_tag?post=154548"},{"taxonomy":"product_approvals","embeddable":true,"href":"https:\/\/dev.codekraft.it\/ravaglioli.it\/wp-json\/wp\/v2\/product_approvals?post=154548"},{"taxonomy":"product_application","embeddable":true,"href":"https:\/\/dev.codekraft.it\/ravaglioli.it\/wp-json\/wp\/v2\/product_application?post=154548"}],"curies":[{"name":"wp","href":"https:\/\/api.w.org\/{rel}","templated":true}]}}