{"id":154544,"date":"2025-11-20T10:26:31","date_gmt":"2025-11-20T10:26:31","guid":{"rendered":"https:\/\/dev.codekraft.it\/ravaglioli.it\/product\/desmontadora-g5140-22m\/"},"modified":"2026-01-14T21:36:01","modified_gmt":"2026-01-14T21:36:01","slug":"desmontadora-g5140-22m","status":"publish","type":"product","link":"https:\/\/dev.codekraft.it\/ravaglioli.it\/es\/product\/desmontadora-g5140-22m\/","title":{"rendered":"Desmontadora G5140.22M"},"content":{"rendered":"<ul>\n<li>Brazo basculante<\/li>\n<li>Brazo operativo con bloqueo neum\u00e1tico<\/li>\n<li>Destalonador neum\u00e1tico<\/li>\n<li>Cuerpo sobredimensionado<\/li>\n<li>Pedal extra\u00edble<\/li>\n<li>Equipado con:\n<ul>\n<li>Inflador de neum\u00e1ticos<\/li>\n<li>Confecci\u00f3n protecciones garras<\/li>\n<li>Protecci\u00f3n \u00fatil<\/li>\n<li>Palanca levanta tal\u00f3n est\u00e1ndar<\/li>\n<li>Brocha<\/li>\n<\/ul>\n<\/li>\n<\/ul>\n","protected":false},"excerpt":{"rendered":"<p>\u00datil de montaje y palanca de montaje, semiautom\u00e1tica, incl. inflador de neum\u00e1ticos, velocidad max. 7\/14 r\/min, turismo, di\u00e1metro de llanta 10 &#8211; 24\u2033, anchura llante max. 420 mm | Azul (RAL 5005)<\/p>\n","protected":false},"featured_media":150576,"template":"","meta":[],"product_brand":[],"product_cat":[57904],"product_tag":[58296,58400,63163,58332],"product_approvals":[],"product_application":[],"class_list":{"0":"post-154544","1":"product","2":"type-product","3":"status-publish","4":"has-post-thumbnail","6":"product_cat-desmontadoras-es","7":"product_tag-passenger-cars-es","8":"product_tag-motorbikes-es","9":"product_tag-quickship-es","10":"product_tag-light-commercial-es","12":"first","13":"instock","14":"shipping-taxable","15":"product-type-simple"},"approvals":[],"application":[],"brb_media_brochure":[{"id":150577,"url":"https:\/\/dev.codekraft.it\/ravaglioli.it\/wp-content\/uploads\/brb_media\/00521439_tyre-changers-g514022_g5140ih22-br-multi-2023-09-screen.pdf","title":"Tyre changers G514022 G5140IH22 BR multi 2023 09 screen","mpn":"","thumbnail":"https:\/\/dev.codekraft.it\/ravaglioli.it\/wp-content\/uploads\/brb_media\/00521439_tyre-changers-g514022_g5140ih22-br-multi-2023-09-screen-pdf-106x150.png","description":""}],"brb_media_drawing":"","brb_media_manuals":[{"id":150578,"url":"https:\/\/dev.codekraft.it\/ravaglioli.it\/wp-content\/uploads\/brb_media\/00548699_tyre-changer-ravg5140-im-7300-m061-00_vsg_rev00-de-2023-09.pdf","title":"Tyre changer RAVG5140 IM 7300 M061 00 VSG rev00 de 2023 09","mpn":"","thumbnail":"https:\/\/dev.codekraft.it\/ravaglioli.it\/wp-content\/uploads\/brb_media\/00548699_tyre-changer-ravg5140-im-7300-m061-00_vsg_rev00-de-2023-09-pdf-106x150.png","description":""},{"id":150579,"url":"https:\/\/dev.codekraft.it\/ravaglioli.it\/wp-content\/uploads\/brb_media\/00548700_tyre-changer-ravg5140-im-7300-m061-00_vsg_rev00-en-2023-09.pdf","title":"Tyre changer RAVG5140 IM 7300 M061 00 VSG rev00 en 2023 09","mpn":"","thumbnail":"https:\/\/dev.codekraft.it\/ravaglioli.it\/wp-content\/uploads\/brb_media\/00548700_tyre-changer-ravg5140-im-7300-m061-00_vsg_rev00-en-2023-09-pdf-106x150.png","description":""},{"id":150580,"url":"https:\/\/dev.codekraft.it\/ravaglioli.it\/wp-content\/uploads\/brb_media\/00548701_tyre-changer-ravg5140-im-7300-m061-00_vsg_rev00-fr-2023-09.pdf","title":"Tyre changer RAVG5140 IM 7300 M061 00 VSG rev00 fr 2023 09","mpn":"","thumbnail":"https:\/\/dev.codekraft.it\/ravaglioli.it\/wp-content\/uploads\/brb_media\/00548701_tyre-changer-ravg5140-im-7300-m061-00_vsg_rev00-fr-2023-09-pdf-106x150.png","description":""},{"id":150581,"url":"https:\/\/dev.codekraft.it\/ravaglioli.it\/wp-content\/uploads\/brb_media\/00548702_tyre-changer-ravg5140-im-7300-m061-00_vsg_rev00-it-2023-09.pdf","title":"Tyre changer RAVG5140 IM 7300 M061 00 VSG rev00 it 2023 09","mpn":"","thumbnail":"https:\/\/dev.codekraft.it\/ravaglioli.it\/wp-content\/uploads\/brb_media\/00548702_tyre-changer-ravg5140-im-7300-m061-00_vsg_rev00-it-2023-09-pdf-106x150.png","description":""},{"id":150582,"url":"https:\/\/dev.codekraft.it\/ravaglioli.it\/wp-content\/uploads\/brb_media\/00548703_tyre-changer-ravg5140-im-7300-m061-00_vsg_rev00-es-2023-09.pdf","title":"Tyre changer RAVG5140 IM 7300 M061 00 VSG rev00 es 2023 09","mpn":"","thumbnail":"https:\/\/dev.codekraft.it\/ravaglioli.it\/wp-content\/uploads\/brb_media\/00548703_tyre-changer-ravg5140-im-7300-m061-00_vsg_rev00-es-2023-09-pdf-106x150.png","description":""}],"brb_media_safety_datasheets":"","brb_media_spare_parts":[],"_cdmm_p_id":"502756","_company":"Ravaglioli","_gtin":"5063084206190","accessories":[{"id":153326,"mpn":"G800A6","name":"Protecci\u00f3n de pl\u00e1stico","description":"Para garras de sujeci\u00f3n reposicionables de 24 - 26 - 28\u2033 | 1 juego \/ 4 piezas","thumbnail":"https:\/\/dev.codekraft.it\/ravaglioli.it\/wp-content\/uploads\/brb_media\/00533626_g800a6mi-150x150.png","url":"https:\/\/dev.codekraft.it\/ravaglioli.it\/es\/product\/proteccion-de-plastico\/"},{"id":152779,"mpn":"G108A9","name":"Protecci\u00f3n de pl\u00e1stico para cabezal de montaje","description":"Protecci\u00f3n \u00fatil de pl\u00e1stico para cabezal de montaje | 1 pieza","thumbnail":"https:\/\/dev.codekraft.it\/ravaglioli.it\/wp-content\/uploads\/brb_media\/00535691_tyre-changer-g108a9-di-150x150.png","url":"https:\/\/dev.codekraft.it\/ravaglioli.it\/es\/product\/proteccion-de-plastico-para-cabezal-de-montaje\/"},{"id":155159,"mpn":"G1000A52","name":"Palanca Est\u00e1ndar","description":"Turismos","thumbnail":"https:\/\/dev.codekraft.it\/ravaglioli.it\/wp-content\/uploads\/brb_media\/00506696_g1000a52-150x150.png","url":"https:\/\/dev.codekraft.it\/ravaglioli.it\/es\/product\/palanca-estandar\/"},{"id":155518,"mpn":"G800A38","name":"Brocha Pl\u00e1stico","description":"","thumbnail":"https:\/\/dev.codekraft.it\/ravaglioli.it\/wp-content\/uploads\/brb_media\/00506719_g800a38-150x150.png","url":"https:\/\/dev.codekraft.it\/ravaglioli.it\/es\/product\/brocha-plastico\/"},{"id":155500,"mpn":"G800A111","name":"Adaptador de reducci\u00f3n","description":"Para mordazas de sujeci\u00f3n para motocicleta  | reducci\u00f3n hasta 8\u2033 | G800A99, G800A107 necesario | 1 juego \/ 4 pieza","thumbnail":"https:\/\/dev.codekraft.it\/ravaglioli.it\/wp-content\/uploads\/brb_media\/00506664_g84a24-150x150.png","url":"https:\/\/dev.codekraft.it\/ravaglioli.it\/es\/product\/adaptador-de-reduccion\/"},{"id":155506,"mpn":"G800A107","name":"Mordazas de sujeci\u00f3n para motocicleta para platos de 24 &#8211; 26\u2033","description":"M\u00f3vil, ampl\u00eda el rango de sujeci\u00f3n en +5\u2033 del exterior | 1 juego \/ 4 piezas","thumbnail":"https:\/\/dev.codekraft.it\/ravaglioli.it\/wp-content\/uploads\/brb_media\/00506658_g84a5-150x150.png","url":"https:\/\/dev.codekraft.it\/ravaglioli.it\/es\/product\/mordazas-de-sujecion-para-motocicleta-para-platos-de-24-26%e2%80%b3\/"}],"components":[],"delivery":[],"package":[],"related":[],"similar":[{"id":154526,"mpn":"RAV.G5440.206169","name":"Desmontadora G5440.22M","description":"\u00datil de montaje y palanca de montaje, semiautom\u00e1tica, incl. inflador de neum\u00e1ticos, velocidad max. 7\/14 r\/min, turismo, di\u00e1metro de llanta 10 - 24\u2033, anchura llante max. 330 mm | Azul (RAL 5005)","thumbnail":"https:\/\/dev.codekraft.it\/ravaglioli.it\/wp-content\/uploads\/brb_media\/00509352_tyre-changer-g544022m-mi-150x150.png","url":"https:\/\/dev.codekraft.it\/ravaglioli.it\/es\/product\/desmontadora-g5440-22m\/"},{"id":154144,"mpn":"RAV.G7441.200969","name":"Desmontadora de neum\u00e1ticos G7441.22","description":"Autom\u00e1tica, 2 velocidades (m\u00e1x. 13 r\/min), turismo, di\u00e1metro de llanta 10 - 24,5\u2033, anchura llanta m\u00e1x. 381 mm | Azul (RAL 5005)","thumbnail":"https:\/\/dev.codekraft.it\/ravaglioli.it\/wp-content\/uploads\/brb_media\/00509567_tyre-changer-g7441-mi-150x150.png","url":"https:\/\/dev.codekraft.it\/ravaglioli.it\/es\/product\/desmontadora-de-neumaticos-g7441-22\/"},{"id":154205,"mpn":"RAV.G7240.201157","name":"Desmontadora de neum\u00e1ticos G7240.20","description":"Semiautom\u00e1tica, serie swing, velocidad max. 7,3 r\/min, turismo, di\u00e1metro de llanta 10 - 22,5\u2033 (mandril 20\u2033), anchura llanta m\u00e1x. 305 mm | Azul (RAL 5005)","thumbnail":"https:\/\/dev.codekraft.it\/ravaglioli.it\/wp-content\/uploads\/brb_media\/00508632_tyre-changer-g7240-20-mi-01-150x150.png","url":"https:\/\/dev.codekraft.it\/ravaglioli.it\/es\/product\/desmontadora-de-neumaticos-g7240-20\/"},{"id":154550,"mpn":"RAV.G5140.206213","name":"Desmontadora G5140IH.22U","description":"\u00datil de montaje y palanca de montaje, semiautom\u00e1tica, incl. dispositivo de inflado tubeless, velocidad max. 7\/14 r\/min, turismo, di\u00e1metro de llanta 10 - 24\u2033, anchura llante max. 420 mm | Azul (RAL 5005)","thumbnail":"https:\/\/dev.codekraft.it\/ravaglioli.it\/wp-content\/uploads\/brb_media\/00509353_tyre-changer-g514022-mi-01-150x150.png","url":"https:\/\/dev.codekraft.it\/ravaglioli.it\/es\/product\/desmontadora-g5140ih-22u\/"}],"page_logo_src":"https:\/\/dev.codekraft.it\/ravaglioli.it\/wp-content\/uploads\/2026\/04\/rav-negative-logo-1.png","lang":"es","translations":{"es":154544,"en":154540,"de":154541,"fr":154542,"it":154543,"ru":154545},"pll_sync_post":[],"_links":{"self":[{"href":"https:\/\/dev.codekraft.it\/ravaglioli.it\/wp-json\/wp\/v2\/product\/154544","targetHints":{"allow":["GET"]}}],"collection":[{"href":"https:\/\/dev.codekraft.it\/ravaglioli.it\/wp-json\/wp\/v2\/product"}],"about":[{"href":"https:\/\/dev.codekraft.it\/ravaglioli.it\/wp-json\/wp\/v2\/types\/product"}],"wp:featuredmedia":[{"embeddable":true,"href":"https:\/\/dev.codekraft.it\/ravaglioli.it\/wp-json\/wp\/v2\/media\/150576"}],"wp:attachment":[{"href":"https:\/\/dev.codekraft.it\/ravaglioli.it\/wp-json\/wp\/v2\/media?parent=154544"}],"wp:term":[{"taxonomy":"product_brand","embeddable":true,"href":"https:\/\/dev.codekraft.it\/ravaglioli.it\/wp-json\/wp\/v2\/product_brand?post=154544"},{"taxonomy":"product_cat","embeddable":true,"href":"https:\/\/dev.codekraft.it\/ravaglioli.it\/wp-json\/wp\/v2\/product_cat?post=154544"},{"taxonomy":"product_tag","embeddable":true,"href":"https:\/\/dev.codekraft.it\/ravaglioli.it\/wp-json\/wp\/v2\/product_tag?post=154544"},{"taxonomy":"product_approvals","embeddable":true,"href":"https:\/\/dev.codekraft.it\/ravaglioli.it\/wp-json\/wp\/v2\/product_approvals?post=154544"},{"taxonomy":"product_application","embeddable":true,"href":"https:\/\/dev.codekraft.it\/ravaglioli.it\/wp-json\/wp\/v2\/product_application?post=154544"}],"curies":[{"name":"wp","href":"https:\/\/api.w.org\/{rel}","templated":true}]}}