{"id":154530,"date":"2025-11-20T14:26:18","date_gmt":"2025-11-20T14:26:18","guid":{"rendered":"https:\/\/dev.codekraft.it\/ravaglioli.it\/product\/demonte-pneu-g5440i-22m\/"},"modified":"2026-01-14T21:34:51","modified_gmt":"2026-01-14T21:34:51","slug":"demonte-pneu-g5440i-22m","status":"publish","type":"product","link":"https:\/\/dev.codekraft.it\/ravaglioli.it\/fr\/product\/demonte-pneu-g5440i-22m\/","title":{"rendered":"D\u00e9monte-pneu G5440I.22M"},"content":{"rendered":"<ul>\n<li>Bras vertical basculant<\/li>\n<li>Bras de commande avec verrouillage pneumatique<\/li>\n<li>Boule de perles \u00e0 commande pneumatique<\/li>\n<li>Corps surdimensionn\u00e9<\/li>\n<li>P\u00e9dale extractible<\/li>\n<li>Syst\u00e8me de gonflage tubeless TOP<\/li>\n<li>\u00c9quip\u00e9 de :\n<ul>\n<li>Gonfleur Pneu<\/li>\n<li>Boites protection des jantes<\/li>\n<li>Protection outil<\/li>\n<li>Levier standard<\/li>\n<li>Pinceau<\/li>\n<\/ul>\n<\/li>\n<\/ul>\n","protected":false},"excerpt":{"rendered":"<p>T\u00eate de montage et levier de montage, semi-automatique, incl. dispositif de gonflage tubeless, vitesse max. 7\/14 tr\/min, voiture de tourisme, diam\u00e8tre de jante 10 &#8211; 24\u2033, largeur de jante max. 330 mm | Bleu (RAL 5005)<\/p>\n","protected":false},"featured_media":43467,"template":"","meta":[],"product_brand":[],"product_cat":[57876],"product_tag":[58394,63157,58326,58290],"product_approvals":[],"product_application":[],"class_list":{"0":"post-154530","1":"product","2":"type-product","3":"status-publish","4":"has-post-thumbnail","6":"product_cat-demonte-pneus-fr","7":"product_tag-motorbikes-fr","8":"product_tag-quickship-fr","9":"product_tag-light-commercial-fr","10":"product_tag-passenger-cars-fr","12":"first","13":"instock","14":"shipping-taxable","15":"product-type-simple"},"approvals":[],"application":[],"brb_media_brochure":[{"id":150575,"url":"https:\/\/dev.codekraft.it\/ravaglioli.it\/wp-content\/uploads\/brb_media\/00521440_tyre-changers-g544022-br-multi-2023-09-screen.pdf","title":"Tyre Changers G544022 BR multi 2023 09 screen","mpn":"","thumbnail":"https:\/\/dev.codekraft.it\/ravaglioli.it\/wp-content\/uploads\/brb_media\/00521440_tyre-changers-g544022-br-multi-2023-09-screen-pdf-106x150.png","description":""}],"brb_media_drawing":"","brb_media_manuals":[{"id":150568,"url":"https:\/\/dev.codekraft.it\/ravaglioli.it\/wp-content\/uploads\/brb_media\/00536850_tyre-changer-rothp440-ravg5440-spaga1440-im-7300-m060-00_vsg_rev00-de-2023-09.pdf","title":"tyre changer rothp440 ravg5440 spaga1440 im 7300 m060 00 vsg rev00 de 2023 09","mpn":"","thumbnail":"https:\/\/dev.codekraft.it\/ravaglioli.it\/wp-content\/uploads\/brb_media\/00536850_tyre-changer-rothp440-ravg5440-spaga1440-im-7300-m060-00_vsg_rev00-de-2023-09-pdf-106x150.png","description":""},{"id":150569,"url":"https:\/\/dev.codekraft.it\/ravaglioli.it\/wp-content\/uploads\/brb_media\/00536851_tyre-changer-rothp440-ravg5440-spaga1440-im-7300-m060-00_vsg_rev00-en-2023-09.pdf","title":"tyre changer rothp440 ravg5440 spaga1440 im 7300 m060 00 vsg rev00 en 2023 09","mpn":"","thumbnail":"https:\/\/dev.codekraft.it\/ravaglioli.it\/wp-content\/uploads\/brb_media\/00536851_tyre-changer-rothp440-ravg5440-spaga1440-im-7300-m060-00_vsg_rev00-en-2023-09-pdf-106x150.png","description":""},{"id":150570,"url":"https:\/\/dev.codekraft.it\/ravaglioli.it\/wp-content\/uploads\/brb_media\/00536852_tyre-changer-rothp440-ravg5440-spaga1440-im-7300-m060-00_vsg_rev00-fr-2023-09.pdf","title":"tyre changer rothp440 ravg5440 spaga1440 im 7300 m060 00 vsg rev00 fr 2023 09","mpn":"","thumbnail":"https:\/\/dev.codekraft.it\/ravaglioli.it\/wp-content\/uploads\/brb_media\/00536852_tyre-changer-rothp440-ravg5440-spaga1440-im-7300-m060-00_vsg_rev00-fr-2023-09-pdf-106x150.png","description":""},{"id":150571,"url":"https:\/\/dev.codekraft.it\/ravaglioli.it\/wp-content\/uploads\/brb_media\/00536853_tyre-changer-rothp440-ravg5440-spaga1440-im-7300-m060-00_vsg_rev00-it-2023-09.pdf","title":"tyre changer rothp440 ravg5440 spaga1440 im 7300 m060 00 vsg rev00 it 2023 09","mpn":"","thumbnail":"https:\/\/dev.codekraft.it\/ravaglioli.it\/wp-content\/uploads\/brb_media\/00536853_tyre-changer-rothp440-ravg5440-spaga1440-im-7300-m060-00_vsg_rev00-it-2023-09-pdf-106x150.png","description":""},{"id":150572,"url":"https:\/\/dev.codekraft.it\/ravaglioli.it\/wp-content\/uploads\/brb_media\/00536854_tyre-changer-rothp440-ravg5440-spaga1440-im-7300-m060-00_vsg_rev00-es-2023-09.pdf","title":"tyre changer rothp440 ravg5440 spaga1440 im 7300 m060 00 vsg rev00 es 2023 09","mpn":"","thumbnail":"https:\/\/dev.codekraft.it\/ravaglioli.it\/wp-content\/uploads\/brb_media\/00536854_tyre-changer-rothp440-ravg5440-spaga1440-im-7300-m060-00_vsg_rev00-es-2023-09-pdf-106x150.png","description":""},{"id":150573,"url":"https:\/\/dev.codekraft.it\/ravaglioli.it\/wp-content\/uploads\/brb_media\/00536855_tyre-changer-rothp440-ravg5440-spaga1440-im-7300-m060-00_vsg_rev00-pl-2023-09.pdf","title":"tyre changer rothp440 ravg5440 spaga1440 im 7300 m060 00 vsg rev00 pl 2023 09","mpn":"","thumbnail":"https:\/\/dev.codekraft.it\/ravaglioli.it\/wp-content\/uploads\/brb_media\/00536855_tyre-changer-rothp440-ravg5440-spaga1440-im-7300-m060-00_vsg_rev00-pl-2023-09-pdf-106x150.png","description":""}],"brb_media_safety_datasheets":"","brb_media_spare_parts":[],"_cdmm_p_id":"502754","_company":"Ravaglioli","_gtin":"5063084206176","accessories":[{"id":155801,"mpn":"G800A11K","name":"Protection plastique pour pelle d\u00e9talonneuse","description":"Protection pelle d\u00e9talonneuse |  5 pi\u00e8ces","thumbnail":"https:\/\/dev.codekraft.it\/ravaglioli.it\/wp-content\/uploads\/brb_media\/00506714_g800a11-01-150x150.png","url":"https:\/\/dev.codekraft.it\/ravaglioli.it\/fr\/product\/protection-plastique-pour-pelle-detalonneuse-2\/"},{"id":155462,"mpn":"G800A11","name":"Protection plastique pour pelle d\u00e9talonneuse","description":"Protection pelle d\u00e9talonneuse | 1 pi\u00e8ce","thumbnail":"https:\/\/dev.codekraft.it\/ravaglioli.it\/wp-content\/uploads\/brb_media\/00506714_g800a11-01-150x150.png","url":"https:\/\/dev.codekraft.it\/ravaglioli.it\/fr\/product\/protection-plastique-pour-pelle-detalonneuse\/"},{"id":155127,"mpn":"G800A132K","name":"Protection plastique pour t\u00eate de montage","description":"Kit de protection t\u00eate pour jantes en alliage | 1 jeu","thumbnail":"https:\/\/dev.codekraft.it\/ravaglioli.it\/wp-content\/uploads\/brb_media\/00437955_10-g800a8-150x150.jpg","url":"https:\/\/dev.codekraft.it\/ravaglioli.it\/fr\/product\/protection-plastique-pour-tete-de-montage-2\/"},{"id":155121,"mpn":"G800A131","name":"M\u00e2choires de serrage Protection en plastique","description":"","thumbnail":"https:\/\/dev.codekraft.it\/ravaglioli.it\/wp-content\/uploads\/brb_media\/00437954_08-g800a5-150x150.jpg","url":"https:\/\/dev.codekraft.it\/ravaglioli.it\/fr\/product\/machoires-de-serrage-protection-en-plastique\/"},{"id":157368,"mpn":"G800A136","name":"Mors de serrage de moto","description":"","thumbnail":"https:\/\/dev.codekraft.it\/ravaglioli.it\/wp-content\/uploads\/brb_media\/00506658_g84a5-150x150.png","url":"https:\/\/dev.codekraft.it\/ravaglioli.it\/fr\/product\/mors-de-serrage-de-moto\/"}],"components":[],"delivery":[],"package":[],"related":[],"similar":[{"id":154512,"mpn":"RAV.G5440.206145","name":"D\u00e9monte-pneu G5440V.22G","description":"T\u00eate de montage et levier de montage, semi-automatique, incl. gonfleur de pneu, 2 vitesses (max. 14 tr\/min), voiture de tourisme, diam\u00e8tre de jante 10 - 24\u2033, largeur de jante max. 330 mm | Gris (RAL 7016)","thumbnail":"https:\/\/dev.codekraft.it\/ravaglioli.it\/wp-content\/uploads\/brb_media\/00509351_tyre-changer-g544022-mi-150x150.png","url":"https:\/\/dev.codekraft.it\/ravaglioli.it\/fr\/product\/demonte-pneu-g5440v-22g\/"},{"id":154518,"mpn":"RAV.G5440.206152","name":"D\u00e9monte-pneu G5440.22","description":"T\u00eate de montage et levier de montage, semi-automatique, incl. gonfleur de pneu, vitesse max. 7\/14 tr\/min, voiture de tourisme, diam\u00e8tre de jante 10 - 24\u2033, largeur de jante max. 330 mm | Bleu (RAL 5005)","thumbnail":"https:\/\/dev.codekraft.it\/ravaglioli.it\/wp-content\/uploads\/brb_media\/00509351_tyre-changer-g544022-mi-150x150.png","url":"https:\/\/dev.codekraft.it\/ravaglioli.it\/fr\/product\/demonte-pneu-g5440-22\/"},{"id":154524,"mpn":"RAV.G5440.206169","name":"D\u00e9monte-pneu G5440.22M","description":"T\u00eate de montage et levier de montage, semi-automatique, incl. gonfleur de pneu, vitesse max. 7\/14 tr\/min, voiture de tourisme, diam\u00e8tre de jante 10 - 24\u2033, largeur de jante max. 330 mm | Bleu (RAL 5005)","thumbnail":"https:\/\/dev.codekraft.it\/ravaglioli.it\/wp-content\/uploads\/brb_media\/00509352_tyre-changer-g544022m-mi-150x150.png","url":"https:\/\/dev.codekraft.it\/ravaglioli.it\/fr\/product\/demonte-pneu-g5440-22m\/"},{"id":154136,"mpn":"RAV.G7441.200877","name":"D\u00e9monte-pneu G7441IV.22","description":"Automatique, 2 vitesses (max. 13 tr\/mn), voiture de tourisme, diam\u00e8tre de jante 10 - 24,5\u2033, argeur de jante max. 381 mm | Bleu (RAL 5005)","thumbnail":"https:\/\/dev.codekraft.it\/ravaglioli.it\/wp-content\/uploads\/brb_media\/00509854_tyre-changer-g7441iv22-mi-150x150.png","url":"https:\/\/dev.codekraft.it\/ravaglioli.it\/fr\/product\/demonte-pneu-g7441iv-22\/"},{"id":154130,"mpn":"RAV.G7441.201119","name":"D\u00e9monte-pneu G7441V.22","description":"Automatique, 2 vitesses (max. 13 tr\/mn), voiture de tourisme, diam\u00e8tre de jante 10 - 24,5\u2033, argeur de jante max. 381 mm | Bleu (RAL 5005)","thumbnail":"https:\/\/dev.codekraft.it\/ravaglioli.it\/wp-content\/uploads\/brb_media\/00509855_tyre-changer-g7441v22-mi-01-150x150.png","url":"https:\/\/dev.codekraft.it\/ravaglioli.it\/fr\/product\/demonte-pneu-g7441v-22\/"},{"id":154142,"mpn":"RAV.G7441.200969","name":"D\u00e9monte-pneu G7441.22","description":"Automatique, 2 vitesses (max. 13 tr\/mn), voiture de tourisme, diam\u00e8tre de jante 10 - 24,5\u2033, argeur de jante max. 381 mm | Bleu (RAL 5005)","thumbnail":"https:\/\/dev.codekraft.it\/ravaglioli.it\/wp-content\/uploads\/brb_media\/00509567_tyre-changer-g7441-mi-150x150.png","url":"https:\/\/dev.codekraft.it\/ravaglioli.it\/fr\/product\/demonte-pneu-g7441-22\/"},{"id":154536,"mpn":"RAV.G5440.206183","name":"D\u00e9monte-pneu G5440I.22U","description":"T\u00eate de montage et levier de montage, semi-automatique, incl. dispositif de gonflage tubeless, vitesse max. 7\/14 tr\/min, voiture de tourisme, diam\u00e8tre de jante 10 - 24\u2033, largeur de jante max. 330 mm | Bleu (RAL 5005)","thumbnail":"https:\/\/dev.codekraft.it\/ravaglioli.it\/wp-content\/uploads\/brb_media\/00509351_tyre-changer-g544022-mi-150x150.png","url":"https:\/\/dev.codekraft.it\/ravaglioli.it\/fr\/product\/demonte-pneu-g5440i-22u\/"}],"page_logo_src":"https:\/\/dev.codekraft.it\/ravaglioli.it\/wp-content\/uploads\/2026\/04\/rav-negative-logo-1.png","lang":"fr","translations":{"fr":154530,"en":154528,"de":154529,"it":154531,"es":154532,"ru":154533},"pll_sync_post":[],"_links":{"self":[{"href":"https:\/\/dev.codekraft.it\/ravaglioli.it\/wp-json\/wp\/v2\/product\/154530","targetHints":{"allow":["GET"]}}],"collection":[{"href":"https:\/\/dev.codekraft.it\/ravaglioli.it\/wp-json\/wp\/v2\/product"}],"about":[{"href":"https:\/\/dev.codekraft.it\/ravaglioli.it\/wp-json\/wp\/v2\/types\/product"}],"wp:featuredmedia":[{"embeddable":true,"href":"https:\/\/dev.codekraft.it\/ravaglioli.it\/wp-json\/wp\/v2\/media\/43467"}],"wp:attachment":[{"href":"https:\/\/dev.codekraft.it\/ravaglioli.it\/wp-json\/wp\/v2\/media?parent=154530"}],"wp:term":[{"taxonomy":"product_brand","embeddable":true,"href":"https:\/\/dev.codekraft.it\/ravaglioli.it\/wp-json\/wp\/v2\/product_brand?post=154530"},{"taxonomy":"product_cat","embeddable":true,"href":"https:\/\/dev.codekraft.it\/ravaglioli.it\/wp-json\/wp\/v2\/product_cat?post=154530"},{"taxonomy":"product_tag","embeddable":true,"href":"https:\/\/dev.codekraft.it\/ravaglioli.it\/wp-json\/wp\/v2\/product_tag?post=154530"},{"taxonomy":"product_approvals","embeddable":true,"href":"https:\/\/dev.codekraft.it\/ravaglioli.it\/wp-json\/wp\/v2\/product_approvals?post=154530"},{"taxonomy":"product_application","embeddable":true,"href":"https:\/\/dev.codekraft.it\/ravaglioli.it\/wp-json\/wp\/v2\/product_application?post=154530"}],"curies":[{"name":"wp","href":"https:\/\/api.w.org\/{rel}","templated":true}]}}