{"id":154523,"date":"2025-11-20T10:26:31","date_gmt":"2025-11-20T10:26:31","guid":{"rendered":"https:\/\/dev.codekraft.it\/ravaglioli.it\/product\/reifenmontiermaschine-g5440-22m\/"},"modified":"2026-01-14T21:34:16","modified_gmt":"2026-01-14T21:34:16","slug":"reifenmontiermaschine-g5440-22m","status":"publish","type":"product","link":"https:\/\/dev.codekraft.it\/ravaglioli.it\/de\/product\/reifenmontiermaschine-g5440-22m\/","title":{"rendered":"Reifenmontiermaschine G5440.22M"},"content":{"rendered":"<ul>\n<li>Kippbarer vertikaler Arm<\/li>\n<li>Bet\u00e4tigungsarm mit manueller Verriegelung<\/li>\n<li>Luftbetriebener\u00a0Abdr\u00fccker<\/li>\n<li>\u00dcberdimensionierter K\u00f6rper<\/li>\n<li>Ausziehbare Pedaleinheit<\/li>\n<li>Ausgestattet mit:\n<ul>\n<li>Reifenf\u00fcller<\/li>\n<li>Verpackung Alufelgenschutz<\/li>\n<li>Montagekopf-Schutz<\/li>\n<li>Montiereisen<\/li>\n<li>Kunststoffpinsel<\/li>\n<\/ul>\n<\/li>\n<\/ul>\n","protected":false},"excerpt":{"rendered":"<p>Montagekopf und Montiereisen, halbautomatisch, 2 Geschwindigkeiten (max. 14 U\/min), inkl. Reifenf\u00fcller, Pkw, Felgendurchmesser 10 &#8211; 24\u2033, max. Felgenbreite 330 mm | Blau (RAL 5005)<\/p>\n","protected":false},"featured_media":43481,"template":"","meta":[],"product_brand":[],"product_cat":[57862],"product_tag":[58391,58287,63154,58323],"product_approvals":[],"product_application":[],"class_list":{"0":"post-154523","1":"product","2":"type-product","3":"status-publish","4":"has-post-thumbnail","6":"product_cat-reifenmontiermaschinen-de","7":"product_tag-motorbikes-de","8":"product_tag-passenger-cars-de","9":"product_tag-quickship-de","10":"product_tag-light-commercial-de","12":"first","13":"instock","14":"shipping-taxable","15":"product-type-simple"},"approvals":[],"application":[],"brb_media_brochure":[{"id":150575,"url":"https:\/\/dev.codekraft.it\/ravaglioli.it\/wp-content\/uploads\/brb_media\/00521440_tyre-changers-g544022-br-multi-2023-09-screen.pdf","title":"Tyre Changers G544022 BR multi 2023 09 screen","mpn":"","thumbnail":"https:\/\/dev.codekraft.it\/ravaglioli.it\/wp-content\/uploads\/brb_media\/00521440_tyre-changers-g544022-br-multi-2023-09-screen-pdf-106x150.png","description":""}],"brb_media_drawing":"","brb_media_manuals":[{"id":150568,"url":"https:\/\/dev.codekraft.it\/ravaglioli.it\/wp-content\/uploads\/brb_media\/00536850_tyre-changer-rothp440-ravg5440-spaga1440-im-7300-m060-00_vsg_rev00-de-2023-09.pdf","title":"tyre changer rothp440 ravg5440 spaga1440 im 7300 m060 00 vsg rev00 de 2023 09","mpn":"","thumbnail":"https:\/\/dev.codekraft.it\/ravaglioli.it\/wp-content\/uploads\/brb_media\/00536850_tyre-changer-rothp440-ravg5440-spaga1440-im-7300-m060-00_vsg_rev00-de-2023-09-pdf-106x150.png","description":""},{"id":150569,"url":"https:\/\/dev.codekraft.it\/ravaglioli.it\/wp-content\/uploads\/brb_media\/00536851_tyre-changer-rothp440-ravg5440-spaga1440-im-7300-m060-00_vsg_rev00-en-2023-09.pdf","title":"tyre changer rothp440 ravg5440 spaga1440 im 7300 m060 00 vsg rev00 en 2023 09","mpn":"","thumbnail":"https:\/\/dev.codekraft.it\/ravaglioli.it\/wp-content\/uploads\/brb_media\/00536851_tyre-changer-rothp440-ravg5440-spaga1440-im-7300-m060-00_vsg_rev00-en-2023-09-pdf-106x150.png","description":""},{"id":150570,"url":"https:\/\/dev.codekraft.it\/ravaglioli.it\/wp-content\/uploads\/brb_media\/00536852_tyre-changer-rothp440-ravg5440-spaga1440-im-7300-m060-00_vsg_rev00-fr-2023-09.pdf","title":"tyre changer rothp440 ravg5440 spaga1440 im 7300 m060 00 vsg rev00 fr 2023 09","mpn":"","thumbnail":"https:\/\/dev.codekraft.it\/ravaglioli.it\/wp-content\/uploads\/brb_media\/00536852_tyre-changer-rothp440-ravg5440-spaga1440-im-7300-m060-00_vsg_rev00-fr-2023-09-pdf-106x150.png","description":""},{"id":150571,"url":"https:\/\/dev.codekraft.it\/ravaglioli.it\/wp-content\/uploads\/brb_media\/00536853_tyre-changer-rothp440-ravg5440-spaga1440-im-7300-m060-00_vsg_rev00-it-2023-09.pdf","title":"tyre changer rothp440 ravg5440 spaga1440 im 7300 m060 00 vsg rev00 it 2023 09","mpn":"","thumbnail":"https:\/\/dev.codekraft.it\/ravaglioli.it\/wp-content\/uploads\/brb_media\/00536853_tyre-changer-rothp440-ravg5440-spaga1440-im-7300-m060-00_vsg_rev00-it-2023-09-pdf-106x150.png","description":""},{"id":150572,"url":"https:\/\/dev.codekraft.it\/ravaglioli.it\/wp-content\/uploads\/brb_media\/00536854_tyre-changer-rothp440-ravg5440-spaga1440-im-7300-m060-00_vsg_rev00-es-2023-09.pdf","title":"tyre changer rothp440 ravg5440 spaga1440 im 7300 m060 00 vsg rev00 es 2023 09","mpn":"","thumbnail":"https:\/\/dev.codekraft.it\/ravaglioli.it\/wp-content\/uploads\/brb_media\/00536854_tyre-changer-rothp440-ravg5440-spaga1440-im-7300-m060-00_vsg_rev00-es-2023-09-pdf-106x150.png","description":""},{"id":150573,"url":"https:\/\/dev.codekraft.it\/ravaglioli.it\/wp-content\/uploads\/brb_media\/00536855_tyre-changer-rothp440-ravg5440-spaga1440-im-7300-m060-00_vsg_rev00-pl-2023-09.pdf","title":"tyre changer rothp440 ravg5440 spaga1440 im 7300 m060 00 vsg rev00 pl 2023 09","mpn":"","thumbnail":"https:\/\/dev.codekraft.it\/ravaglioli.it\/wp-content\/uploads\/brb_media\/00536855_tyre-changer-rothp440-ravg5440-spaga1440-im-7300-m060-00_vsg_rev00-pl-2023-09-pdf-106x150.png","description":""}],"brb_media_safety_datasheets":"","brb_media_spare_parts":[],"_cdmm_p_id":"502753","_company":"Ravaglioli","_gtin":"5063084206169","accessories":[{"id":155120,"mpn":"G800A131","name":"Spannbacken Kunststoffschutz","description":"","thumbnail":"https:\/\/dev.codekraft.it\/ravaglioli.it\/wp-content\/uploads\/brb_media\/00437954_08-g800a5-150x150.jpg","url":"https:\/\/dev.codekraft.it\/ravaglioli.it\/de\/product\/spannbacken-kunststoffschutz-3\/"},{"id":155800,"mpn":"G800A11K","name":"Kunststoffschutz f\u00fcr Abdr\u00fcckschaufel","description":"5 St\u00fcck","thumbnail":"https:\/\/dev.codekraft.it\/ravaglioli.it\/wp-content\/uploads\/brb_media\/00506714_g800a11-01-150x150.png","url":"https:\/\/dev.codekraft.it\/ravaglioli.it\/de\/product\/kunststoffschutz-fur-abdruckschaufel-2\/"},{"id":155126,"mpn":"G800A132K","name":"Kunststoffschutz f\u00fcr Montagekopf","description":"Montagekopf-Alufelgenschutz | 1 Satz","thumbnail":"https:\/\/dev.codekraft.it\/ravaglioli.it\/wp-content\/uploads\/brb_media\/00437955_10-g800a8-150x150.jpg","url":"https:\/\/dev.codekraft.it\/ravaglioli.it\/de\/product\/kunststoffschutz-fur-montagekopf-2\/"},{"id":155461,"mpn":"G800A11","name":"Kunststoffschutz f\u00fcr Abdr\u00fcckschaufel","description":"1 St\u00fcck","thumbnail":"https:\/\/dev.codekraft.it\/ravaglioli.it\/wp-content\/uploads\/brb_media\/00506714_g800a11-01-150x150.png","url":"https:\/\/dev.codekraft.it\/ravaglioli.it\/de\/product\/kunststoffschutz-fur-abdruckschaufel\/"},{"id":157367,"mpn":"G800A136","name":"Motorrad-Spannklauen","description":"","thumbnail":"https:\/\/dev.codekraft.it\/ravaglioli.it\/wp-content\/uploads\/brb_media\/00506658_g84a5-150x150.png","url":"https:\/\/dev.codekraft.it\/ravaglioli.it\/de\/product\/motorrad-spannklauen\/"}],"components":[],"delivery":[],"package":[],"related":[],"similar":[{"id":154511,"mpn":"RAV.G5440.206145","name":"Reifenmontiermaschine G5440V.22G","description":"Montagekopf und Montiereisen, halbautomatisch, inkl. Reifenf\u00fcller, 2 Geschwindigkeiten (max. 14 U\/min), Pkw, Felgendurchmesser 10 - 24\u2033, max. Felgenbreite 330 mm | Grau (RAL 7016)","thumbnail":"https:\/\/dev.codekraft.it\/ravaglioli.it\/wp-content\/uploads\/brb_media\/00509351_tyre-changer-g544022-mi-150x150.png","url":"https:\/\/dev.codekraft.it\/ravaglioli.it\/de\/product\/reifenmontiermaschine-g5440v-22g\/"},{"id":154517,"mpn":"RAV.G5440.206152","name":"Reifenmontiermaschine G5440.22","description":"Montagekopf und Montiereisen, halbautomatisch, 2 Geschwindigkeiten (max. 14 U\/min), inkl. Reifenf\u00fcller, Pkw, Felgendurchmesser 10 - 24\u2033, max. Felgenbreite 330 mm | Blau (RAL 5005)","thumbnail":"https:\/\/dev.codekraft.it\/ravaglioli.it\/wp-content\/uploads\/brb_media\/00509351_tyre-changer-g544022-mi-150x150.png","url":"https:\/\/dev.codekraft.it\/ravaglioli.it\/de\/product\/reifenmontiermaschine-g5440-22\/"},{"id":154141,"mpn":"RAV.G7441.200969","name":"Reifenmontiermaschine G7441.22","description":"Automatisch, 2 Geschwindigkeiten (max. 13 U\/min), Pkw, Felgendurchmesser 10 - 24,5\u2033, max. Felgenbreite 381 mm | Blau (RAL 5005)","thumbnail":"https:\/\/dev.codekraft.it\/ravaglioli.it\/wp-content\/uploads\/brb_media\/00509567_tyre-changer-g7441-mi-150x150.png","url":"https:\/\/dev.codekraft.it\/ravaglioli.it\/de\/product\/reifenmontiermaschine-g7441-22\/"},{"id":154147,"mpn":"RAV.G7441.201140","name":"Reifenmontiermaschine G7441.20","description":"Automatisch, max. Geschwindigkeit 7,3 U\/min, Pkw, Felgendurchmesser 10 - 24,5\u2033, max. Felgenbreite 381 mm | Blau (RAL 5005)","thumbnail":"https:\/\/dev.codekraft.it\/ravaglioli.it\/wp-content\/uploads\/brb_media\/00508600_tyre-changer-g7441v-20-mi-150x150.png","url":"https:\/\/dev.codekraft.it\/ravaglioli.it\/de\/product\/reifenmontiermaschine-g7441-20\/"}],"page_logo_src":"https:\/\/dev.codekraft.it\/ravaglioli.it\/wp-content\/uploads\/2026\/04\/rav-negative-logo-1.png","lang":"de","translations":{"de":154523,"en":154522,"fr":154524,"it":154525,"es":154526,"ru":154527},"pll_sync_post":[],"_links":{"self":[{"href":"https:\/\/dev.codekraft.it\/ravaglioli.it\/wp-json\/wp\/v2\/product\/154523","targetHints":{"allow":["GET"]}}],"collection":[{"href":"https:\/\/dev.codekraft.it\/ravaglioli.it\/wp-json\/wp\/v2\/product"}],"about":[{"href":"https:\/\/dev.codekraft.it\/ravaglioli.it\/wp-json\/wp\/v2\/types\/product"}],"wp:featuredmedia":[{"embeddable":true,"href":"https:\/\/dev.codekraft.it\/ravaglioli.it\/wp-json\/wp\/v2\/media\/43481"}],"wp:attachment":[{"href":"https:\/\/dev.codekraft.it\/ravaglioli.it\/wp-json\/wp\/v2\/media?parent=154523"}],"wp:term":[{"taxonomy":"product_brand","embeddable":true,"href":"https:\/\/dev.codekraft.it\/ravaglioli.it\/wp-json\/wp\/v2\/product_brand?post=154523"},{"taxonomy":"product_cat","embeddable":true,"href":"https:\/\/dev.codekraft.it\/ravaglioli.it\/wp-json\/wp\/v2\/product_cat?post=154523"},{"taxonomy":"product_tag","embeddable":true,"href":"https:\/\/dev.codekraft.it\/ravaglioli.it\/wp-json\/wp\/v2\/product_tag?post=154523"},{"taxonomy":"product_approvals","embeddable":true,"href":"https:\/\/dev.codekraft.it\/ravaglioli.it\/wp-json\/wp\/v2\/product_approvals?post=154523"},{"taxonomy":"product_application","embeddable":true,"href":"https:\/\/dev.codekraft.it\/ravaglioli.it\/wp-json\/wp\/v2\/product_application?post=154523"}],"curies":[{"name":"wp","href":"https:\/\/api.w.org\/{rel}","templated":true}]}}