{"id":154508,"date":"2025-10-30T14:31:24","date_gmt":"2025-10-30T14:31:24","guid":{"rendered":"https:\/\/dev.codekraft.it\/ravaglioli.it\/product\/desmontadora-de-neumaticos-gtb16evo\/"},"modified":"2026-01-14T21:32:35","modified_gmt":"2026-01-14T21:32:35","slug":"desmontadora-de-neumaticos-gtb16evo","status":"publish","type":"product","link":"https:\/\/dev.codekraft.it\/ravaglioli.it\/es\/product\/desmontadora-de-neumaticos-gtb16evo\/","title":{"rendered":"Desmontadora de neum\u00e1ticos GTB16EVO"},"content":{"rendered":"<p>El GTB16EVO es \u00fanico en su g\u00e9nero. Est\u00e1 equipado con 4 rodillos destalonadores con forma original, colocados en los 2 lados de la rueda en puntos diametralmente opuestos. Con este sistema, el desmontaje del neum\u00e1tico con destalonadores es muy sencillo y natural: mientras que los destalonadores delanteros mantienen el tal\u00f3n en el centro, los dos traseros siguen su recorrido hasta completar el desmontaje.<\/p>\n<ul>\n<li>30 segundos para desmontar y montar una ordinaria rueda de cami\u00f3n<\/li>\n<li>El plato puede moverse tanto hacia la derecha como hacia la izquierda, pero tambi\u00e9n hacia arriba y hacia abajo<\/li>\n<li>Gracias a la funci\u00f3n de \u2033STAND-BY\u201d hemos eliminado el ruido que todas las maquinas cuando no trabajan<\/li>\n<li>Los destalonadores son de material sint\u00e9tico para no da\u00f1ar la llanta<\/li>\n<li>Plato mandril hidr\u00e1ulico &#8211; Puede ser utilizada con ruedas agr\u00edcolas tambi\u00e9n (+G108A24)<\/li>\n<li>Todos los movimientos hidr\u00e1ulicos se controlan desde una consola colocada de forma ergon\u00f3mica<\/li>\n<li>La m\u00e1quina est\u00e1 equipada con una palanca patentada Butler que facilita el montaje\/ desmontaje de la rueda<\/li>\n<li>Los destalonadores\u00a0se apoyan en dos brazos accionados por separado &#8211; Cada brazo tiene dos rodillos destalonadores\u00a0(en tefl\u00f3n, para no da\u00f1ar la llanta), uno c\u00f3nico que empuja el tal\u00f3n, y otro cil\u00edndrico que empuja el flanco del neum\u00e1tico<\/li>\n<li>Las dimensiones del plato y las corridas de trabajo del carro destalonado\u00a0permiten de trabajar una gama amplia gama de ruedas, el tipo super-single\u00a0incluido<\/li>\n<\/ul>\n<p>\u00a0<\/p>\n","protected":false},"excerpt":{"rendered":"<p>\u00datil de montaje y palanca de montaje, para neum\u00e1ticos de camiones sin c\u00e1mara, doble destalonamiento simultaneo, velocidad max. 8 r\/min, unidad de control hidraulico, cami\u00f3n, di\u00e1metro de llanta 11 &#8211; 27\u2033, anchura llante max. 540 mm<\/p>\n","protected":false},"featured_media":43459,"template":"","meta":[],"product_brand":[],"product_cat":[57904],"product_tag":[58366,58451],"product_approvals":[],"product_application":[],"class_list":{"0":"post-154508","1":"product","2":"type-product","3":"status-publish","4":"has-post-thumbnail","6":"product_cat-desmontadoras-es","7":"product_tag-trucks-es","8":"product_tag-agricultural-machines-es","10":"first","11":"instock","12":"shipping-taxable","13":"product-type-simple"},"approvals":[],"application":[],"brb_media_brochure":[{"id":150560,"url":"https:\/\/dev.codekraft.it\/ravaglioli.it\/wp-content\/uploads\/brb_media\/00521670_tyre-changer-gtb16evo-br-multi-2023-09-screen.pdf","title":"Tyre changer GTB16EVO BR multi 2023 09 screen","mpn":"","thumbnail":"https:\/\/dev.codekraft.it\/ravaglioli.it\/wp-content\/uploads\/brb_media\/00521670_tyre-changer-gtb16evo-br-multi-2023-09-screen-pdf-106x150.png","description":""}],"brb_media_drawing":"","brb_media_manuals":[{"id":154499,"url":"https:\/\/dev.codekraft.it\/ravaglioli.it\/wp-content\/uploads\/brb_media\/00549969_tyre-changer-rotn101\u2013ravgtb16-spagtb16-im-7504-m005-00_vsg_rev01-de-2024-11.pdf","title":"Tyre changer ROTN101\u2013RAVGTB16 SPAGTB16 IM 7504 M005 00 VSG rev01 de 2024 11","mpn":"","thumbnail":"https:\/\/dev.codekraft.it\/ravaglioli.it\/wp-content\/uploads\/brb_media\/00549969_tyre-changer-rotn101\u2013ravgtb16-spagtb16-im-7504-m005-00_vsg_rev01-de-2024-11-pdf-106x150.png","description":""},{"id":154500,"url":"https:\/\/dev.codekraft.it\/ravaglioli.it\/wp-content\/uploads\/brb_media\/00549970_tyre-changer-rotn101\u2013ravgtb16-spagtb16-im-7504-m005-00_vsg_rev01-en-2024-11.pdf","title":"Tyre changer ROTN101\u2013RAVGTB16 SPAGTB16 IM 7504 M005 00 VSG rev01 en 2024 11","mpn":"","thumbnail":"https:\/\/dev.codekraft.it\/ravaglioli.it\/wp-content\/uploads\/brb_media\/00549970_tyre-changer-rotn101\u2013ravgtb16-spagtb16-im-7504-m005-00_vsg_rev01-en-2024-11-pdf-106x150.png","description":""},{"id":154501,"url":"https:\/\/dev.codekraft.it\/ravaglioli.it\/wp-content\/uploads\/brb_media\/00549971_tyre-changer-rotn101\u2013ravgtb16-spagtb16-im-7504-m005-00_vsg_rev01-fr-2024-11.pdf","title":"Tyre changer ROTN101\u2013RAVGTB16 SPAGTB16 IM 7504 M005 00 VSG rev01 fr 2024 11","mpn":"","thumbnail":"https:\/\/dev.codekraft.it\/ravaglioli.it\/wp-content\/uploads\/brb_media\/00549971_tyre-changer-rotn101\u2013ravgtb16-spagtb16-im-7504-m005-00_vsg_rev01-fr-2024-11-pdf-106x150.png","description":""},{"id":154502,"url":"https:\/\/dev.codekraft.it\/ravaglioli.it\/wp-content\/uploads\/brb_media\/00549972_tyre-changer-rotn101\u2013ravgtb16-spagtb16-im-7504-m005-00_vsg_rev01-it-2024-11.pdf","title":"Tyre changer ROTN101\u2013RAVGTB16 SPAGTB16 IM 7504 M005 00 VSG rev01 it 2024 11","mpn":"","thumbnail":"https:\/\/dev.codekraft.it\/ravaglioli.it\/wp-content\/uploads\/brb_media\/00549972_tyre-changer-rotn101\u2013ravgtb16-spagtb16-im-7504-m005-00_vsg_rev01-it-2024-11-pdf-106x150.png","description":""},{"id":154503,"url":"https:\/\/dev.codekraft.it\/ravaglioli.it\/wp-content\/uploads\/brb_media\/00549973_tyre-changer-rotn101\u2013ravgtb16-spagtb16-im-7504-m005-00_vsg_rev01-es-2024-11.pdf","title":"Tyre changer ROTN101\u2013RAVGTB16 SPAGTB16 IM 7504 M005 00 VSG rev01 es 2024 11","mpn":"","thumbnail":"https:\/\/dev.codekraft.it\/ravaglioli.it\/wp-content\/uploads\/brb_media\/00549973_tyre-changer-rotn101\u2013ravgtb16-spagtb16-im-7504-m005-00_vsg_rev01-es-2024-11-pdf-106x150.png","description":""}],"brb_media_safety_datasheets":"","brb_media_spare_parts":[],"_cdmm_p_id":"502750","_company":"Ravaglioli","_gtin":"5063084206305","accessories":[{"id":152779,"mpn":"G108A9","name":"Protecci\u00f3n de pl\u00e1stico para cabezal de montaje","description":"Protecci\u00f3n \u00fatil de pl\u00e1stico para cabezal de montaje | 1 pieza","thumbnail":"https:\/\/dev.codekraft.it\/ravaglioli.it\/wp-content\/uploads\/brb_media\/00535691_tyre-changer-g108a9-di-150x150.png","url":"https:\/\/dev.codekraft.it\/ravaglioli.it\/es\/product\/proteccion-de-plastico-para-cabezal-de-montaje\/"},{"id":152254,"mpn":"G108A24","name":"Disco destalonador para ruedas anillo","description":"","thumbnail":"https:\/\/dev.codekraft.it\/ravaglioli.it\/wp-content\/uploads\/brb_media\/00535690_tyre-changer-g108a24-di-150x150.png","url":"https:\/\/dev.codekraft.it\/ravaglioli.it\/es\/product\/disco-destalonador-para-ruedas-anillo-2\/"},{"id":152548,"mpn":"G108A42","name":"Juego palanca posicionamiento brazos","description":"Accesorio de desmontadoras para veh\u00edculos industriales \/ tractores","thumbnail":"","url":"https:\/\/dev.codekraft.it\/ravaglioli.it\/es\/product\/juego-palanca-posicionamiento-brazos\/"},{"id":153729,"mpn":"G108A40","name":"Sistema de bloqueo de la posici\u00f3n del brazos","description":"","thumbnail":"https:\/\/dev.codekraft.it\/ravaglioli.it\/wp-content\/uploads\/brb_media\/00539655_tyre-changers-g108a40-mi-150x150.png","url":"https:\/\/dev.codekraft.it\/ravaglioli.it\/es\/product\/sistema-de-bloqueo-de-la-posicion-del-brazos\/"},{"id":155845,"mpn":"G90A6","name":"Mordaza de bloqueo tal\u00f3n para llantas de aleaci\u00f3n","description":"Protecci\u00f3n para llantas de aleaci\u00f3n","thumbnail":"https:\/\/dev.codekraft.it\/ravaglioli.it\/wp-content\/uploads\/brb_media\/00506745_g90a6-150x150.png","url":"https:\/\/dev.codekraft.it\/ravaglioli.it\/es\/product\/mordaza-de-bloqueo-talon-para-llantas-de-aleacion\/"},{"id":155911,"mpn":"G108A13","name":"Palanca para anillos para cami\u00f3n","description":"","thumbnail":"https:\/\/dev.codekraft.it\/ravaglioli.it\/wp-content\/uploads\/brb_media\/00506730_g108a13-150x150.png","url":"https:\/\/dev.codekraft.it\/ravaglioli.it\/es\/product\/palanca-para-anillos-para-camion\/"},{"id":154925,"mpn":"G108A16","name":"Brocha madera, en \u00e1ngulo","description":"Para m\u00e1quinas de montaje de ruedas","thumbnail":"https:\/\/dev.codekraft.it\/ravaglioli.it\/wp-content\/uploads\/brb_media\/00506731_g108a16-150x114.png","url":"https:\/\/dev.codekraft.it\/ravaglioli.it\/es\/product\/brocha-madera-en-angulo\/"},{"id":155917,"mpn":"G800A37","name":"Jab\u00f3n lubricante para montaje\/desmontaje neum\u00e1ticos | 3,5 kg","description":"","thumbnail":"https:\/\/dev.codekraft.it\/ravaglioli.it\/wp-content\/uploads\/brb_media\/00506743_g800a37-150x150.png","url":"https:\/\/dev.codekraft.it\/ravaglioli.it\/es\/product\/jabon-lubricante-para-montaje-desmontaje-neumaticos-35-kg\/"},{"id":155869,"mpn":"G108A34","name":"Presiona tal\u00f3n neum\u00e1tico para ruedas agr\u00edcolas","description":"","thumbnail":"https:\/\/dev.codekraft.it\/ravaglioli.it\/wp-content\/uploads\/brb_media\/00506738_g108a34-02-150x150.png","url":"https:\/\/dev.codekraft.it\/ravaglioli.it\/es\/product\/presiona-talon-neumatico-para-ruedas-agricolas\/"}],"components":[],"delivery":[],"package":[],"related":[],"similar":[{"id":154496,"mpn":"RAV.GR926.206312","name":"Desmontadora de neum\u00e1ticos GRS926.MOVI","description":"M\u00e1quina de montaje de neum\u00e1ticos para uso m\u00f3vil en furgonetas, velocidad max. 8 r\/min, unidad operativa electrohidr\u00e1ulica por cable, cami\u00f3n, di\u00e1metro de llanta 11 - 27\u2033, anchura llante max. 950 mm","thumbnail":"https:\/\/dev.codekraft.it\/ravaglioli.it\/wp-content\/uploads\/brb_media\/00509319_tyre-changer-grs926movi-mi-01-150x150.png","url":"https:\/\/dev.codekraft.it\/ravaglioli.it\/es\/product\/desmontadora-de-neumaticos-grs926-movi\/"},{"id":154460,"mpn":"RAV.G96NX.206282","name":"Desmontadora de neum\u00e1ticos G96N","description":"Universal, herramienta de montaje del sistema Quick-Fit, velocidad max. 8 r\/min, unidad de control hidraulico, cami\u00f3n, di\u00e1metro de llanta 11 - 27\u2033, anchura llante max. 925 mm","thumbnail":"https:\/\/dev.codekraft.it\/ravaglioli.it\/wp-content\/uploads\/brb_media\/00509250_tyre-changer-g96n-mi-03-150x150.png","url":"https:\/\/dev.codekraft.it\/ravaglioli.it\/es\/product\/desmontadora-de-neumaticos-g96n\/"},{"id":154490,"mpn":"RAV.GR926.206336","name":"Desmontadora de neum\u00e1ticos GRS926","description":"M\u00e1quina de montaje de neum\u00e1ticos para uso m\u00f3vil o estacionario, apto para instalaci\u00f3n en furgonetas con lona o carrocer\u00eda, velocidad max. 8 r\/min, unidad de control hidraulico, cami\u00f3n, di\u00e1metro de llanta 11 - 27\u2033, anchura llante max. 950 mm","thumbnail":"https:\/\/dev.codekraft.it\/ravaglioli.it\/wp-content\/uploads\/brb_media\/00509317_tyre-changer-grs926-mi-150x150.png","url":"https:\/\/dev.codekraft.it\/ravaglioli.it\/es\/product\/desmontadora-de-neumaticos-grs926\/"}],"page_logo_src":"https:\/\/dev.codekraft.it\/ravaglioli.it\/wp-content\/uploads\/2026\/04\/rav-negative-logo-1.png","lang":"es","translations":{"es":154508,"en":154498,"de":154505,"fr":154506,"it":154507,"ru":154509},"pll_sync_post":[],"_links":{"self":[{"href":"https:\/\/dev.codekraft.it\/ravaglioli.it\/wp-json\/wp\/v2\/product\/154508","targetHints":{"allow":["GET"]}}],"collection":[{"href":"https:\/\/dev.codekraft.it\/ravaglioli.it\/wp-json\/wp\/v2\/product"}],"about":[{"href":"https:\/\/dev.codekraft.it\/ravaglioli.it\/wp-json\/wp\/v2\/types\/product"}],"wp:featuredmedia":[{"embeddable":true,"href":"https:\/\/dev.codekraft.it\/ravaglioli.it\/wp-json\/wp\/v2\/media\/43459"}],"wp:attachment":[{"href":"https:\/\/dev.codekraft.it\/ravaglioli.it\/wp-json\/wp\/v2\/media?parent=154508"}],"wp:term":[{"taxonomy":"product_brand","embeddable":true,"href":"https:\/\/dev.codekraft.it\/ravaglioli.it\/wp-json\/wp\/v2\/product_brand?post=154508"},{"taxonomy":"product_cat","embeddable":true,"href":"https:\/\/dev.codekraft.it\/ravaglioli.it\/wp-json\/wp\/v2\/product_cat?post=154508"},{"taxonomy":"product_tag","embeddable":true,"href":"https:\/\/dev.codekraft.it\/ravaglioli.it\/wp-json\/wp\/v2\/product_tag?post=154508"},{"taxonomy":"product_approvals","embeddable":true,"href":"https:\/\/dev.codekraft.it\/ravaglioli.it\/wp-json\/wp\/v2\/product_approvals?post=154508"},{"taxonomy":"product_application","embeddable":true,"href":"https:\/\/dev.codekraft.it\/ravaglioli.it\/wp-json\/wp\/v2\/product_application?post=154508"}],"curies":[{"name":"wp","href":"https:\/\/api.w.org\/{rel}","templated":true}]}}