{"id":154506,"date":"2025-10-30T14:31:24","date_gmt":"2025-10-30T14:31:24","guid":{"rendered":"https:\/\/dev.codekraft.it\/ravaglioli.it\/product\/demonte-pneu-gtb16evo\/"},"modified":"2026-01-14T21:32:34","modified_gmt":"2026-01-14T21:32:34","slug":"demonte-pneu-gtb16evo","status":"publish","type":"product","link":"https:\/\/dev.codekraft.it\/ravaglioli.it\/fr\/product\/demonte-pneu-gtb16evo\/","title":{"rendered":"D\u00e9monte-pneu GTB16EVO"},"content":{"rendered":"<p>GTB16EVO est unique en son genre. La machine est dot\u00e9e de 4 rouleaux d\u00e9colle-talon de forme exclusive plac\u00e9s sur 2 c\u00f4t\u00e9s de la roue dans des positions diam\u00e9tralement oppos\u00e9es. Gr\u00e2ce \u00e0 ce syst\u00e8me, le d\u00e9montage du pneumatique \u00e0 l\u2019aide d\u2019un d\u00e9colle-talon est extr\u00eamement simple et facile\u00a0: tandis que les d\u00e9colle-talon ant\u00e9rieurs maintiennent le talon au centre, les deux d\u00e9colle-talon post\u00e9rieurs exercent leur action jusqu\u2019au d\u00e9montage complet.<\/p>\n<ul>\n<li>30 seconds n\u00e9cessaires\u00a0pour d\u00e9monter et monter une roue commune de camion<\/li>\n<li>Le mandrin est en mesure de se d\u00e9placer aussi bien dans le sens des aiguilles d\u2019une montre que dans le sens inverse, mais \u00e9galement vers le haut et vers le bas<\/li>\n<li>Gr\u00e2ce \u00e0 la fonction \u2033STAND-BY\u201d nous avons compl\u00e8tement \u00e9limin\u00e9 la rumeur qui font les machines quand ne travaillent pas<\/li>\n<li>Les d\u00e9talonneurs sont en mat\u00e9riel synth\u00e9tique afin d\u2019\u00e9viter d\u2019endommager la jante<\/li>\n<li>Mandrin hydraulique &#8211; Apte aussi aux pneus agricoles (+G108A24)<\/li>\n<li>Tous les mouvements hydrauliques sont contr\u00f4l\u00e9s par une console plac\u00e9e dans une position ergonomique<\/li>\n<li>La machine est \u00e9quip\u00e9e d\u2019un levier brevet\u00e9 qui facilite le montage et le d\u00e9montage de la roue<\/li>\n<li>Les d\u00e9colle-talon sont soutenus par deux bras command\u00e9s s\u00e9par\u00e9ment &#8211; Chaque bras dispose de deux rouleaux d\u00e9colle-talon, l\u2019un conique qui pousse le talon, l\u2019autre cylindrique qui contre le flanc du pneu<\/li>\n<li>Les dimensions du mandrin et les courses d\u2019exercice du bras de d\u00e9talonnage permettent d\u2019op\u00e9rer sur toute la gamme de roues, y compris les roues type \u00ab super-single\u00a0\u00bb<\/li>\n<\/ul>\n","protected":false},"excerpt":{"rendered":"<p>T\u00eate de montage et levier de montage, pour pneus camion tubeless, double d\u00e9talonneur simultan\u00e9, vitesse max. 8 tr\/min, unit\u00e9 de commande hydraulique, camion, diam\u00e8tre de jante 11 &#8211; 27\u2033, largeur de jante max. 540 mm<\/p>\n","protected":false},"featured_media":43459,"template":"","meta":[],"product_brand":[],"product_cat":[57876],"product_tag":[58360,58445],"product_approvals":[],"product_application":[],"class_list":{"0":"post-154506","1":"product","2":"type-product","3":"status-publish","4":"has-post-thumbnail","6":"product_cat-demonte-pneus-fr","7":"product_tag-trucks-fr","8":"product_tag-agricultural-machines-fr","10":"first","11":"instock","12":"shipping-taxable","13":"product-type-simple"},"approvals":[],"application":[],"brb_media_brochure":[{"id":150560,"url":"https:\/\/dev.codekraft.it\/ravaglioli.it\/wp-content\/uploads\/brb_media\/00521670_tyre-changer-gtb16evo-br-multi-2023-09-screen.pdf","title":"Tyre changer GTB16EVO BR multi 2023 09 screen","mpn":"","thumbnail":"https:\/\/dev.codekraft.it\/ravaglioli.it\/wp-content\/uploads\/brb_media\/00521670_tyre-changer-gtb16evo-br-multi-2023-09-screen-pdf-106x150.png","description":""}],"brb_media_drawing":"","brb_media_manuals":[{"id":154499,"url":"https:\/\/dev.codekraft.it\/ravaglioli.it\/wp-content\/uploads\/brb_media\/00549969_tyre-changer-rotn101\u2013ravgtb16-spagtb16-im-7504-m005-00_vsg_rev01-de-2024-11.pdf","title":"Tyre changer ROTN101\u2013RAVGTB16 SPAGTB16 IM 7504 M005 00 VSG rev01 de 2024 11","mpn":"","thumbnail":"https:\/\/dev.codekraft.it\/ravaglioli.it\/wp-content\/uploads\/brb_media\/00549969_tyre-changer-rotn101\u2013ravgtb16-spagtb16-im-7504-m005-00_vsg_rev01-de-2024-11-pdf-106x150.png","description":""},{"id":154500,"url":"https:\/\/dev.codekraft.it\/ravaglioli.it\/wp-content\/uploads\/brb_media\/00549970_tyre-changer-rotn101\u2013ravgtb16-spagtb16-im-7504-m005-00_vsg_rev01-en-2024-11.pdf","title":"Tyre changer ROTN101\u2013RAVGTB16 SPAGTB16 IM 7504 M005 00 VSG rev01 en 2024 11","mpn":"","thumbnail":"https:\/\/dev.codekraft.it\/ravaglioli.it\/wp-content\/uploads\/brb_media\/00549970_tyre-changer-rotn101\u2013ravgtb16-spagtb16-im-7504-m005-00_vsg_rev01-en-2024-11-pdf-106x150.png","description":""},{"id":154501,"url":"https:\/\/dev.codekraft.it\/ravaglioli.it\/wp-content\/uploads\/brb_media\/00549971_tyre-changer-rotn101\u2013ravgtb16-spagtb16-im-7504-m005-00_vsg_rev01-fr-2024-11.pdf","title":"Tyre changer ROTN101\u2013RAVGTB16 SPAGTB16 IM 7504 M005 00 VSG rev01 fr 2024 11","mpn":"","thumbnail":"https:\/\/dev.codekraft.it\/ravaglioli.it\/wp-content\/uploads\/brb_media\/00549971_tyre-changer-rotn101\u2013ravgtb16-spagtb16-im-7504-m005-00_vsg_rev01-fr-2024-11-pdf-106x150.png","description":""},{"id":154502,"url":"https:\/\/dev.codekraft.it\/ravaglioli.it\/wp-content\/uploads\/brb_media\/00549972_tyre-changer-rotn101\u2013ravgtb16-spagtb16-im-7504-m005-00_vsg_rev01-it-2024-11.pdf","title":"Tyre changer ROTN101\u2013RAVGTB16 SPAGTB16 IM 7504 M005 00 VSG rev01 it 2024 11","mpn":"","thumbnail":"https:\/\/dev.codekraft.it\/ravaglioli.it\/wp-content\/uploads\/brb_media\/00549972_tyre-changer-rotn101\u2013ravgtb16-spagtb16-im-7504-m005-00_vsg_rev01-it-2024-11-pdf-106x150.png","description":""},{"id":154503,"url":"https:\/\/dev.codekraft.it\/ravaglioli.it\/wp-content\/uploads\/brb_media\/00549973_tyre-changer-rotn101\u2013ravgtb16-spagtb16-im-7504-m005-00_vsg_rev01-es-2024-11.pdf","title":"Tyre changer ROTN101\u2013RAVGTB16 SPAGTB16 IM 7504 M005 00 VSG rev01 es 2024 11","mpn":"","thumbnail":"https:\/\/dev.codekraft.it\/ravaglioli.it\/wp-content\/uploads\/brb_media\/00549973_tyre-changer-rotn101\u2013ravgtb16-spagtb16-im-7504-m005-00_vsg_rev01-es-2024-11-pdf-106x150.png","description":""}],"brb_media_safety_datasheets":"","brb_media_spare_parts":[],"_cdmm_p_id":"502750","_company":"Ravaglioli","_gtin":"5063084206305","accessories":[{"id":152777,"mpn":"G108A9","name":"Protection plastique pour t\u00eate de montage","description":"Protection outil en plastique pour t\u00eate de montage | 1 pi\u00e8ce","thumbnail":"https:\/\/dev.codekraft.it\/ravaglioli.it\/wp-content\/uploads\/brb_media\/00535691_tyre-changer-g108a9-di-150x150.png","url":"https:\/\/dev.codekraft.it\/ravaglioli.it\/fr\/product\/protection-plastique-pour-tete-de-montage\/"},{"id":152252,"mpn":"G108A24","name":"Disque detallonneur pour jantes a cercle","description":"","thumbnail":"https:\/\/dev.codekraft.it\/ravaglioli.it\/wp-content\/uploads\/brb_media\/00535690_tyre-changer-g108a24-di-150x150.png","url":"https:\/\/dev.codekraft.it\/ravaglioli.it\/fr\/product\/disque-detallonneur-pour-jantes-a-cercle-2\/"},{"id":152546,"mpn":"G108A42","name":"Kit pour positionnement des bras","description":"Accessoire pour d\u00e9monte-pneus pour vehicules industriels\/engins de terrassement","thumbnail":"","url":"https:\/\/dev.codekraft.it\/ravaglioli.it\/fr\/product\/kit-pour-positionnement-des-bras\/"},{"id":153727,"mpn":"G108A40","name":"Syst\u00e8me de verrouillage de la position des bras","description":"","thumbnail":"https:\/\/dev.codekraft.it\/ravaglioli.it\/wp-content\/uploads\/brb_media\/00539655_tyre-changers-g108a40-mi-150x150.png","url":"https:\/\/dev.codekraft.it\/ravaglioli.it\/fr\/product\/systeme-de-verrouillage-de-la-position-des-bras\/"},{"id":155843,"mpn":"G90A6","name":"Mors bloque-talon pour jantes en alliage","description":"Protection pour jantes en alliage","thumbnail":"https:\/\/dev.codekraft.it\/ravaglioli.it\/wp-content\/uploads\/brb_media\/00506745_g90a6-150x150.png","url":"https:\/\/dev.codekraft.it\/ravaglioli.it\/fr\/product\/mors-bloque-talon-pour-jantes-en-alliage\/"},{"id":155909,"mpn":"G108A13","name":"Levier pour valves de gonflage pour camion","description":"","thumbnail":"https:\/\/dev.codekraft.it\/ravaglioli.it\/wp-content\/uploads\/brb_media\/00506730_g108a13-150x150.png","url":"https:\/\/dev.codekraft.it\/ravaglioli.it\/fr\/product\/levier-pour-valves-de-gonflage-pour-camion\/"},{"id":154923,"mpn":"G108A16","name":"Pinceau bois, coud\u00e9","description":"Pour machines d'assemblage de roues","thumbnail":"https:\/\/dev.codekraft.it\/ravaglioli.it\/wp-content\/uploads\/brb_media\/00506731_g108a16-150x114.png","url":"https:\/\/dev.codekraft.it\/ravaglioli.it\/fr\/product\/pinceau-bois-coude\/"},{"id":155915,"mpn":"G800A37","name":"P\u00e2te de montage\/d\u00e9montage | 3,5 kg","description":"","thumbnail":"https:\/\/dev.codekraft.it\/ravaglioli.it\/wp-content\/uploads\/brb_media\/00506743_g800a37-150x150.png","url":"https:\/\/dev.codekraft.it\/ravaglioli.it\/fr\/product\/pate-de-montage-demontage-35-kg\/"},{"id":155867,"mpn":"G108A34","name":"Pousse-talon pour roues agricoles","description":"","thumbnail":"https:\/\/dev.codekraft.it\/ravaglioli.it\/wp-content\/uploads\/brb_media\/00506738_g108a34-02-150x150.png","url":"https:\/\/dev.codekraft.it\/ravaglioli.it\/fr\/product\/pousse-talon-pour-roues-agricoles\/"}],"components":[],"delivery":[],"package":[],"related":[],"similar":[{"id":154494,"mpn":"RAV.GR926.206312","name":"D\u00e9monte-pneu GRS926.MOVI","description":"Machine de montage de pneu pour usage portable dans les fourgons, vitesse max. 8 tr\/min, unit\u00e9 de commande \u00e9lectrohydraulique par c\u00e2ble, camion, diam\u00e8tre de jante 11 - 27\u2033, largeur de jante max. 950 mm","thumbnail":"https:\/\/dev.codekraft.it\/ravaglioli.it\/wp-content\/uploads\/brb_media\/00509319_tyre-changer-grs926movi-mi-01-150x150.png","url":"https:\/\/dev.codekraft.it\/ravaglioli.it\/fr\/product\/demonte-pneu-grs926-movi\/"},{"id":154458,"mpn":"RAV.G96NX.206282","name":"D\u00e9monte-pneu G96N","description":"Universel, t\u00eate de montage du syst\u00e8me Quick-Fit, vitesse max. 8 tr\/min, unit\u00e9 de commande hydraulique, camion, diam\u00e8tre de jante 11 - 27\u2033, largeur de jante max. 925 mm","thumbnail":"https:\/\/dev.codekraft.it\/ravaglioli.it\/wp-content\/uploads\/brb_media\/00509250_tyre-changer-g96n-mi-03-150x150.png","url":"https:\/\/dev.codekraft.it\/ravaglioli.it\/fr\/product\/demonte-pneu-g96n\/"},{"id":154488,"mpn":"RAV.GR926.206336","name":"D\u00e9monte-pneu GRS926","description":"Machine de montage de pneus \u00e0 usage portable ou stationnaire, convient pour une installation dans des vehicules utilitaires bach\u00e9s, vitesse max. 8 tr\/min, unit\u00e9 de commande hydraulique, camion, diam\u00e8tre de jante 11 - 27\u2033, largeur de jante max. 950 mm","thumbnail":"https:\/\/dev.codekraft.it\/ravaglioli.it\/wp-content\/uploads\/brb_media\/00509317_tyre-changer-grs926-mi-150x150.png","url":"https:\/\/dev.codekraft.it\/ravaglioli.it\/fr\/product\/demonte-pneu-grs926\/"}],"page_logo_src":"https:\/\/dev.codekraft.it\/ravaglioli.it\/wp-content\/uploads\/2026\/04\/rav-negative-logo-1.png","lang":"fr","translations":{"fr":154506,"en":154498,"de":154505,"it":154507,"es":154508,"ru":154509},"pll_sync_post":[],"_links":{"self":[{"href":"https:\/\/dev.codekraft.it\/ravaglioli.it\/wp-json\/wp\/v2\/product\/154506","targetHints":{"allow":["GET"]}}],"collection":[{"href":"https:\/\/dev.codekraft.it\/ravaglioli.it\/wp-json\/wp\/v2\/product"}],"about":[{"href":"https:\/\/dev.codekraft.it\/ravaglioli.it\/wp-json\/wp\/v2\/types\/product"}],"wp:featuredmedia":[{"embeddable":true,"href":"https:\/\/dev.codekraft.it\/ravaglioli.it\/wp-json\/wp\/v2\/media\/43459"}],"wp:attachment":[{"href":"https:\/\/dev.codekraft.it\/ravaglioli.it\/wp-json\/wp\/v2\/media?parent=154506"}],"wp:term":[{"taxonomy":"product_brand","embeddable":true,"href":"https:\/\/dev.codekraft.it\/ravaglioli.it\/wp-json\/wp\/v2\/product_brand?post=154506"},{"taxonomy":"product_cat","embeddable":true,"href":"https:\/\/dev.codekraft.it\/ravaglioli.it\/wp-json\/wp\/v2\/product_cat?post=154506"},{"taxonomy":"product_tag","embeddable":true,"href":"https:\/\/dev.codekraft.it\/ravaglioli.it\/wp-json\/wp\/v2\/product_tag?post=154506"},{"taxonomy":"product_approvals","embeddable":true,"href":"https:\/\/dev.codekraft.it\/ravaglioli.it\/wp-json\/wp\/v2\/product_approvals?post=154506"},{"taxonomy":"product_application","embeddable":true,"href":"https:\/\/dev.codekraft.it\/ravaglioli.it\/wp-json\/wp\/v2\/product_application?post=154506"}],"curies":[{"name":"wp","href":"https:\/\/api.w.org\/{rel}","templated":true}]}}