{"id":154496,"date":"2025-10-30T14:31:24","date_gmt":"2025-10-30T14:31:24","guid":{"rendered":"https:\/\/dev.codekraft.it\/ravaglioli.it\/product\/desmontadora-de-neumaticos-grs926-movi\/"},"modified":"2026-01-14T21:32:09","modified_gmt":"2026-01-14T21:32:09","slug":"desmontadora-de-neumaticos-grs926-movi","status":"publish","type":"product","link":"https:\/\/dev.codekraft.it\/ravaglioli.it\/es\/product\/desmontadora-de-neumaticos-grs926-movi\/","title":{"rendered":"Desmontadora de neum\u00e1ticos GRS926.MOVI"},"content":{"rendered":"<p>Desmontadora para camiones retr\u00e1ctil, ideal para furgonetas cerradas o furgonetas con toldo carrozadas. Perfecta para asistencia de neum\u00e1ticos en carretera, puede operar tanto con neum\u00e1ticos para camiones cuanto con neum\u00e1ticos agr\u00edcolas.<\/p>\n<ul>\n<li>Movimientos electrohidr\u00e1ulicos<\/li>\n<li>Plato mandril hidr\u00e1ulico<\/li>\n<li>Despu\u00e9s de 5 segundos de no utilizo el motor se apaga<\/li>\n<\/ul>\n","protected":false},"excerpt":{"rendered":"<p>M\u00e1quina de montaje de neum\u00e1ticos para uso m\u00f3vil en furgonetas, velocidad max. 8 r\/min, unidad operativa electrohidr\u00e1ulica por cable, cami\u00f3n, di\u00e1metro de llanta 11 &#8211; 27\u2033, anchura llante max. 950 mm<\/p>\n","protected":false},"featured_media":43451,"template":"","meta":[],"product_brand":[],"product_cat":[57904],"product_tag":[58366],"product_approvals":[],"product_application":[],"class_list":{"0":"post-154496","1":"product","2":"type-product","3":"status-publish","4":"has-post-thumbnail","6":"product_cat-desmontadoras-es","7":"product_tag-trucks-es","9":"first","10":"instock","11":"shipping-taxable","12":"product-type-simple"},"approvals":[],"application":[],"brb_media_brochure":[{"id":150546,"url":"https:\/\/dev.codekraft.it\/ravaglioli.it\/wp-content\/uploads\/brb_media\/00521668_tyre-changer-grs926movi-br-multi-2023-09-screen.pdf","title":"Tyre changer GRS926MOVI BR multi 2023 09 screen","mpn":"","thumbnail":"https:\/\/dev.codekraft.it\/ravaglioli.it\/wp-content\/uploads\/brb_media\/00521668_tyre-changer-grs926movi-br-multi-2023-09-screen-pdf-106x150.png","description":""}],"brb_media_drawing":"","brb_media_manuals":[{"id":150547,"url":"https:\/\/dev.codekraft.it\/ravaglioli.it\/wp-content\/uploads\/brb_media\/00539708_tyre-changer-rotn26hwt-ravgr926movi-im-7503-m007-00_vsg_rev00_de-2023-11.pdf","title":"tyre changer rotn26hwt ravgr926movi im 7503 m007 00 vsg rev00 de 2023 11","mpn":"","thumbnail":"https:\/\/dev.codekraft.it\/ravaglioli.it\/wp-content\/uploads\/brb_media\/00539708_tyre-changer-rotn26hwt-ravgr926movi-im-7503-m007-00_vsg_rev00_de-2023-11-pdf-106x150.png","description":""},{"id":150548,"url":"https:\/\/dev.codekraft.it\/ravaglioli.it\/wp-content\/uploads\/brb_media\/00539709_tyre-changer-rotn26hwt-ravgr926movi-im-7503-m007-00_vsg_rev00_en-2023-11.pdf","title":"tyre changer rotn26hwt ravgr926movi im 7503 m007 00 vsg rev00 en 2023 11","mpn":"","thumbnail":"https:\/\/dev.codekraft.it\/ravaglioli.it\/wp-content\/uploads\/brb_media\/00539709_tyre-changer-rotn26hwt-ravgr926movi-im-7503-m007-00_vsg_rev00_en-2023-11-pdf-106x150.png","description":""},{"id":150549,"url":"https:\/\/dev.codekraft.it\/ravaglioli.it\/wp-content\/uploads\/brb_media\/00539710_tyre-changer-rotn26hwt-ravgr926movi-im-7503-m007-00_vsg_rev00_fr-2023-11.pdf","title":"tyre changer rotn26hwt ravgr926movi im 7503 m007 00 vsg rev00 fr 2023 11","mpn":"","thumbnail":"https:\/\/dev.codekraft.it\/ravaglioli.it\/wp-content\/uploads\/brb_media\/00539710_tyre-changer-rotn26hwt-ravgr926movi-im-7503-m007-00_vsg_rev00_fr-2023-11-pdf-106x150.png","description":""},{"id":150550,"url":"https:\/\/dev.codekraft.it\/ravaglioli.it\/wp-content\/uploads\/brb_media\/00539711_tyre-changer-rotn26hwt-ravgr926movi-im-7503-m007-00_vsg_rev00_it-2023-11.pdf","title":"tyre changer rotn26hwt ravgr926movi im 7503 m007 00 vsg rev00 it 2023 11","mpn":"","thumbnail":"https:\/\/dev.codekraft.it\/ravaglioli.it\/wp-content\/uploads\/brb_media\/00539711_tyre-changer-rotn26hwt-ravgr926movi-im-7503-m007-00_vsg_rev00_it-2023-11-pdf-106x150.png","description":""},{"id":150551,"url":"https:\/\/dev.codekraft.it\/ravaglioli.it\/wp-content\/uploads\/brb_media\/00539712_tyre-changer-rotn26hwt-ravgr926movi-im-7503-m007-00_vsg_rev00_es-2023-11.pdf","title":"tyre changer rotn26hwt ravgr926movi im 7503 m007 00 vsg rev00 es 2023 11","mpn":"","thumbnail":"https:\/\/dev.codekraft.it\/ravaglioli.it\/wp-content\/uploads\/brb_media\/00539712_tyre-changer-rotn26hwt-ravgr926movi-im-7503-m007-00_vsg_rev00_es-2023-11-pdf-106x150.png","description":""}],"brb_media_safety_datasheets":"","brb_media_spare_parts":[],"_cdmm_p_id":"502749","_company":"Ravaglioli","_gtin":"5063084206312","accessories":[{"id":152248,"mpn":"G108A22","name":"Disco destalonador para ruedas anillo","description":"","thumbnail":"https:\/\/dev.codekraft.it\/ravaglioli.it\/wp-content\/uploads\/brb_media\/00506733_g108a22-150x150.png","url":"https:\/\/dev.codekraft.it\/ravaglioli.it\/es\/product\/disco-destalonador-para-ruedas-anillo\/"},{"id":155845,"mpn":"G90A6","name":"Mordaza de bloqueo tal\u00f3n para llantas de aleaci\u00f3n","description":"Protecci\u00f3n para llantas de aleaci\u00f3n","thumbnail":"https:\/\/dev.codekraft.it\/ravaglioli.it\/wp-content\/uploads\/brb_media\/00506745_g90a6-150x150.png","url":"https:\/\/dev.codekraft.it\/ravaglioli.it\/es\/product\/mordaza-de-bloqueo-talon-para-llantas-de-aleacion\/"},{"id":154919,"mpn":"G108A3","name":"Palanca","description":"Corta, patentada","thumbnail":"https:\/\/dev.codekraft.it\/ravaglioli.it\/wp-content\/uploads\/brb_media\/00506736_g108a3-150x150.png","url":"https:\/\/dev.codekraft.it\/ravaglioli.it\/es\/product\/palanca\/"},{"id":155911,"mpn":"G108A13","name":"Palanca para anillos para cami\u00f3n","description":"","thumbnail":"https:\/\/dev.codekraft.it\/ravaglioli.it\/wp-content\/uploads\/brb_media\/00506730_g108a13-150x150.png","url":"https:\/\/dev.codekraft.it\/ravaglioli.it\/es\/product\/palanca-para-anillos-para-camion\/"},{"id":154925,"mpn":"G108A16","name":"Brocha madera, en \u00e1ngulo","description":"Para m\u00e1quinas de montaje de ruedas","thumbnail":"https:\/\/dev.codekraft.it\/ravaglioli.it\/wp-content\/uploads\/brb_media\/00506731_g108a16-150x114.png","url":"https:\/\/dev.codekraft.it\/ravaglioli.it\/es\/product\/brocha-madera-en-angulo\/"},{"id":155917,"mpn":"G800A37","name":"Jab\u00f3n lubricante para montaje\/desmontaje neum\u00e1ticos | 3,5 kg","description":"","thumbnail":"https:\/\/dev.codekraft.it\/ravaglioli.it\/wp-content\/uploads\/brb_media\/00506743_g800a37-150x150.png","url":"https:\/\/dev.codekraft.it\/ravaglioli.it\/es\/product\/jabon-lubricante-para-montaje-desmontaje-neumaticos-35-kg\/"},{"id":155851,"mpn":"G108A2","name":"Protecci\u00f3n garras para llantas de aleaci\u00f3n | 1 juego \/ 4 piezas","description":"","thumbnail":"https:\/\/dev.codekraft.it\/ravaglioli.it\/wp-content\/uploads\/brb_media\/00539654_tyre-changers-g108a2-mi-150x150.png","url":"https:\/\/dev.codekraft.it\/ravaglioli.it\/es\/product\/proteccion-garras-para-llantas-de-aleacion-1-juego-4-piezas\/"},{"id":155869,"mpn":"G108A34","name":"Presiona tal\u00f3n neum\u00e1tico para ruedas agr\u00edcolas","description":"","thumbnail":"https:\/\/dev.codekraft.it\/ravaglioli.it\/wp-content\/uploads\/brb_media\/00506738_g108a34-02-150x150.png","url":"https:\/\/dev.codekraft.it\/ravaglioli.it\/es\/product\/presiona-talon-neumatico-para-ruedas-agricolas\/"}],"components":[],"delivery":[],"package":[],"related":[],"similar":[{"id":154490,"mpn":"RAV.GR926.206336","name":"Desmontadora de neum\u00e1ticos GRS926","description":"M\u00e1quina de montaje de neum\u00e1ticos para uso m\u00f3vil o estacionario, apto para instalaci\u00f3n en furgonetas con lona o carrocer\u00eda, velocidad max. 8 r\/min, unidad de control hidraulico, cami\u00f3n, di\u00e1metro de llanta 11 - 27\u2033, anchura llante max. 950 mm","thumbnail":"https:\/\/dev.codekraft.it\/ravaglioli.it\/wp-content\/uploads\/brb_media\/00509317_tyre-changer-grs926-mi-150x150.png","url":"https:\/\/dev.codekraft.it\/ravaglioli.it\/es\/product\/desmontadora-de-neumaticos-grs926\/"},{"id":154460,"mpn":"RAV.G96NX.206282","name":"Desmontadora de neum\u00e1ticos G96N","description":"Universal, herramienta de montaje del sistema Quick-Fit, velocidad max. 8 r\/min, unidad de control hidraulico, cami\u00f3n, di\u00e1metro de llanta 11 - 27\u2033, anchura llante max. 925 mm","thumbnail":"https:\/\/dev.codekraft.it\/ravaglioli.it\/wp-content\/uploads\/brb_media\/00509250_tyre-changer-g96n-mi-03-150x150.png","url":"https:\/\/dev.codekraft.it\/ravaglioli.it\/es\/product\/desmontadora-de-neumaticos-g96n\/"},{"id":154508,"mpn":"RAV.GTB16.206305","name":"Desmontadora de neum\u00e1ticos GTB16EVO","description":"\u00datil de montaje y palanca de montaje, para neum\u00e1ticos de camiones sin c\u00e1mara, doble destalonamiento simultaneo, velocidad max. 8 r\/min, unidad de control hidraulico, cami\u00f3n, di\u00e1metro de llanta 11 - 27\u2033, anchura llante max. 540 mm","thumbnail":"https:\/\/dev.codekraft.it\/ravaglioli.it\/wp-content\/uploads\/brb_media\/00509336_tyre-changer-gtb16evo-mi-150x150.png","url":"https:\/\/dev.codekraft.it\/ravaglioli.it\/es\/product\/desmontadora-de-neumaticos-gtb16evo\/"}],"page_logo_src":"https:\/\/dev.codekraft.it\/ravaglioli.it\/wp-content\/uploads\/2026\/04\/rav-negative-logo-1.png","lang":"es","translations":{"es":154496,"en":154492,"de":154493,"fr":154494,"it":154495,"ru":154497},"pll_sync_post":[],"_links":{"self":[{"href":"https:\/\/dev.codekraft.it\/ravaglioli.it\/wp-json\/wp\/v2\/product\/154496","targetHints":{"allow":["GET"]}}],"collection":[{"href":"https:\/\/dev.codekraft.it\/ravaglioli.it\/wp-json\/wp\/v2\/product"}],"about":[{"href":"https:\/\/dev.codekraft.it\/ravaglioli.it\/wp-json\/wp\/v2\/types\/product"}],"wp:featuredmedia":[{"embeddable":true,"href":"https:\/\/dev.codekraft.it\/ravaglioli.it\/wp-json\/wp\/v2\/media\/43451"}],"wp:attachment":[{"href":"https:\/\/dev.codekraft.it\/ravaglioli.it\/wp-json\/wp\/v2\/media?parent=154496"}],"wp:term":[{"taxonomy":"product_brand","embeddable":true,"href":"https:\/\/dev.codekraft.it\/ravaglioli.it\/wp-json\/wp\/v2\/product_brand?post=154496"},{"taxonomy":"product_cat","embeddable":true,"href":"https:\/\/dev.codekraft.it\/ravaglioli.it\/wp-json\/wp\/v2\/product_cat?post=154496"},{"taxonomy":"product_tag","embeddable":true,"href":"https:\/\/dev.codekraft.it\/ravaglioli.it\/wp-json\/wp\/v2\/product_tag?post=154496"},{"taxonomy":"product_approvals","embeddable":true,"href":"https:\/\/dev.codekraft.it\/ravaglioli.it\/wp-json\/wp\/v2\/product_approvals?post=154496"},{"taxonomy":"product_application","embeddable":true,"href":"https:\/\/dev.codekraft.it\/ravaglioli.it\/wp-json\/wp\/v2\/product_application?post=154496"}],"curies":[{"name":"wp","href":"https:\/\/api.w.org\/{rel}","templated":true}]}}