{"id":154493,"date":"2025-10-30T14:31:24","date_gmt":"2025-10-30T14:31:24","guid":{"rendered":"https:\/\/dev.codekraft.it\/ravaglioli.it\/product\/reifenmontiermaschine-grs926-movi\/"},"modified":"2026-01-14T21:32:07","modified_gmt":"2026-01-14T21:32:07","slug":"reifenmontiermaschine-grs926-movi","status":"publish","type":"product","link":"https:\/\/dev.codekraft.it\/ravaglioli.it\/de\/product\/reifenmontiermaschine-grs926-movi\/","title":{"rendered":"Reifenmontiermaschine GRS926.MOVI"},"content":{"rendered":"<p>Einfahrbares Lkw-Reifenmontiermontierger\u00e4t, geeignet f\u00fcr Lieferwagen und geschlossene Anh\u00e4nger. Ideal f\u00fcr den Serviceeinsatz auf der Stra\u00dfe, es kann sowohl Lkw- als auch Landwirtschaftsr\u00e4der montieren.<\/p>\n<ul>\n<li>Die Steuerung ist elektrohydraulisch<\/li>\n<li>Hydraulische Spannvorrichtung<\/li>\n<li>Bei nicht Benutzung geht nach 5 s das Aggregat in Standby<\/li>\n<\/ul>\n","protected":false},"excerpt":{"rendered":"<p>Montiermaschine f\u00fcr den mobilen Einsatz in Transportern, max. Geschwindigkeit 8 U\/min, verkabelte elektrohydraulische Konsoleneinheit, Lkw, Felgendurchmesser 11 &#8211; 27\u2033, max. Felgenbreite 950 mm<\/p>\n","protected":false},"featured_media":43451,"template":"","meta":[],"product_brand":[],"product_cat":[57862],"product_tag":[58357],"product_approvals":[],"product_application":[],"class_list":{"0":"post-154493","1":"product","2":"type-product","3":"status-publish","4":"has-post-thumbnail","6":"product_cat-reifenmontiermaschinen-de","7":"product_tag-trucks-de","9":"first","10":"instock","11":"shipping-taxable","12":"product-type-simple"},"approvals":[],"application":[],"brb_media_brochure":[{"id":150546,"url":"https:\/\/dev.codekraft.it\/ravaglioli.it\/wp-content\/uploads\/brb_media\/00521668_tyre-changer-grs926movi-br-multi-2023-09-screen.pdf","title":"Tyre changer GRS926MOVI BR multi 2023 09 screen","mpn":"","thumbnail":"https:\/\/dev.codekraft.it\/ravaglioli.it\/wp-content\/uploads\/brb_media\/00521668_tyre-changer-grs926movi-br-multi-2023-09-screen-pdf-106x150.png","description":""}],"brb_media_drawing":"","brb_media_manuals":[{"id":150547,"url":"https:\/\/dev.codekraft.it\/ravaglioli.it\/wp-content\/uploads\/brb_media\/00539708_tyre-changer-rotn26hwt-ravgr926movi-im-7503-m007-00_vsg_rev00_de-2023-11.pdf","title":"tyre changer rotn26hwt ravgr926movi im 7503 m007 00 vsg rev00 de 2023 11","mpn":"","thumbnail":"https:\/\/dev.codekraft.it\/ravaglioli.it\/wp-content\/uploads\/brb_media\/00539708_tyre-changer-rotn26hwt-ravgr926movi-im-7503-m007-00_vsg_rev00_de-2023-11-pdf-106x150.png","description":""},{"id":150548,"url":"https:\/\/dev.codekraft.it\/ravaglioli.it\/wp-content\/uploads\/brb_media\/00539709_tyre-changer-rotn26hwt-ravgr926movi-im-7503-m007-00_vsg_rev00_en-2023-11.pdf","title":"tyre changer rotn26hwt ravgr926movi im 7503 m007 00 vsg rev00 en 2023 11","mpn":"","thumbnail":"https:\/\/dev.codekraft.it\/ravaglioli.it\/wp-content\/uploads\/brb_media\/00539709_tyre-changer-rotn26hwt-ravgr926movi-im-7503-m007-00_vsg_rev00_en-2023-11-pdf-106x150.png","description":""},{"id":150549,"url":"https:\/\/dev.codekraft.it\/ravaglioli.it\/wp-content\/uploads\/brb_media\/00539710_tyre-changer-rotn26hwt-ravgr926movi-im-7503-m007-00_vsg_rev00_fr-2023-11.pdf","title":"tyre changer rotn26hwt ravgr926movi im 7503 m007 00 vsg rev00 fr 2023 11","mpn":"","thumbnail":"https:\/\/dev.codekraft.it\/ravaglioli.it\/wp-content\/uploads\/brb_media\/00539710_tyre-changer-rotn26hwt-ravgr926movi-im-7503-m007-00_vsg_rev00_fr-2023-11-pdf-106x150.png","description":""},{"id":150550,"url":"https:\/\/dev.codekraft.it\/ravaglioli.it\/wp-content\/uploads\/brb_media\/00539711_tyre-changer-rotn26hwt-ravgr926movi-im-7503-m007-00_vsg_rev00_it-2023-11.pdf","title":"tyre changer rotn26hwt ravgr926movi im 7503 m007 00 vsg rev00 it 2023 11","mpn":"","thumbnail":"https:\/\/dev.codekraft.it\/ravaglioli.it\/wp-content\/uploads\/brb_media\/00539711_tyre-changer-rotn26hwt-ravgr926movi-im-7503-m007-00_vsg_rev00_it-2023-11-pdf-106x150.png","description":""},{"id":150551,"url":"https:\/\/dev.codekraft.it\/ravaglioli.it\/wp-content\/uploads\/brb_media\/00539712_tyre-changer-rotn26hwt-ravgr926movi-im-7503-m007-00_vsg_rev00_es-2023-11.pdf","title":"tyre changer rotn26hwt ravgr926movi im 7503 m007 00 vsg rev00 es 2023 11","mpn":"","thumbnail":"https:\/\/dev.codekraft.it\/ravaglioli.it\/wp-content\/uploads\/brb_media\/00539712_tyre-changer-rotn26hwt-ravgr926movi-im-7503-m007-00_vsg_rev00_es-2023-11-pdf-106x150.png","description":""}],"brb_media_safety_datasheets":"","brb_media_spare_parts":[],"_cdmm_p_id":"502749","_company":"Ravaglioli","_gtin":"5063084206312","accessories":[{"id":152245,"mpn":"G108A22","name":"Abdr\u00fccker f\u00fcr Springringe","description":"","thumbnail":"https:\/\/dev.codekraft.it\/ravaglioli.it\/wp-content\/uploads\/brb_media\/00506733_g108a22-150x150.png","url":"https:\/\/dev.codekraft.it\/ravaglioli.it\/de\/product\/abdrucker-fur-springringe\/"},{"id":155842,"mpn":"G90A6","name":"Wulstklemme f\u00fcr Leichtmetallfelgen","description":"Alufelgen-Klemme","thumbnail":"https:\/\/dev.codekraft.it\/ravaglioli.it\/wp-content\/uploads\/brb_media\/00506745_g90a6-150x150.png","url":"https:\/\/dev.codekraft.it\/ravaglioli.it\/de\/product\/wulstklemme-fur-leichtmetallfelgen\/"},{"id":154916,"mpn":"G108A3","name":"Montiereisen","description":"Kurz, patentiert","thumbnail":"https:\/\/dev.codekraft.it\/ravaglioli.it\/wp-content\/uploads\/brb_media\/00506736_g108a3-150x150.png","url":"https:\/\/dev.codekraft.it\/ravaglioli.it\/de\/product\/montiereisen\/"},{"id":155908,"mpn":"G108A13","name":"Montierhebel Lkw","description":"","thumbnail":"https:\/\/dev.codekraft.it\/ravaglioli.it\/wp-content\/uploads\/brb_media\/00506730_g108a13-150x150.png","url":"https:\/\/dev.codekraft.it\/ravaglioli.it\/de\/product\/montierhebel-lkw\/"},{"id":154922,"mpn":"G108A16","name":"Pinsel Holz, abgewinkelt","description":"F\u00fcr Radmontagemaschinen","thumbnail":"https:\/\/dev.codekraft.it\/ravaglioli.it\/wp-content\/uploads\/brb_media\/00506731_g108a16-150x114.png","url":"https:\/\/dev.codekraft.it\/ravaglioli.it\/de\/product\/pinsel-holz-abgewinkelt\/"},{"id":155914,"mpn":"G800A37","name":"Montagepaste | 3,5 kg","description":"","thumbnail":"https:\/\/dev.codekraft.it\/ravaglioli.it\/wp-content\/uploads\/brb_media\/00506743_g800a37-150x150.png","url":"https:\/\/dev.codekraft.it\/ravaglioli.it\/de\/product\/montagepaste-35-kg\/"},{"id":155848,"mpn":"G108A2","name":"Klauenschutz f\u00fcr Leichtmetallfelgen | 1 Satz \/ 4 St\u00fcck","description":"","thumbnail":"https:\/\/dev.codekraft.it\/ravaglioli.it\/wp-content\/uploads\/brb_media\/00539654_tyre-changers-g108a2-mi-150x150.png","url":"https:\/\/dev.codekraft.it\/ravaglioli.it\/de\/product\/klauenschutz-fur-leichtmetallfelgen-1-satz-4-stuck\/"},{"id":155866,"mpn":"G108A34","name":"Pneumatischer Wulstdr\u00fccker f\u00fcr EM-Reifen","description":"","thumbnail":"https:\/\/dev.codekraft.it\/ravaglioli.it\/wp-content\/uploads\/brb_media\/00506738_g108a34-02-150x150.png","url":"https:\/\/dev.codekraft.it\/ravaglioli.it\/de\/product\/pneumatischer-wulstdrucker-fur-em-reifen\/"}],"components":[],"delivery":[],"package":[],"related":[],"similar":[{"id":154487,"mpn":"RAV.GR926.206336","name":"Reifenmontiermaschine GRS926","description":"Montiermaschine f\u00fcr den mobilen oder station\u00e4ren Einsatz, geeignet f\u00fcr den Einbau in geschlossene Anh\u00e4nger, max. Geschwindigkeit 8 U\/min, hydraulische Bedieneinheit, Lkw, Felgendurchmesser 11 - 27\u2033, max. Felgenbreite 950 mm","thumbnail":"https:\/\/dev.codekraft.it\/ravaglioli.it\/wp-content\/uploads\/brb_media\/00509317_tyre-changer-grs926-mi-150x150.png","url":"https:\/\/dev.codekraft.it\/ravaglioli.it\/de\/product\/reifenmontiermaschine-grs926\/"},{"id":154457,"mpn":"RAV.G96NX.206282","name":"Reifenmontiermaschine G96N","description":"Universell, Quick-Fit-System-Montagewerkzeug, max. Geschwindigkeit 8 U\/min, hydraulische Bedieneinheit, Lkw, Felgendurchmesser 11 - 27\u2033, max. Felgenbreite 925 mm","thumbnail":"https:\/\/dev.codekraft.it\/ravaglioli.it\/wp-content\/uploads\/brb_media\/00509250_tyre-changer-g96n-mi-03-150x150.png","url":"https:\/\/dev.codekraft.it\/ravaglioli.it\/de\/product\/reifenmontiermaschine-g96n\/"},{"id":154505,"mpn":"RAV.GTB16.206305","name":"Reifenmontiermaschine GTB16EVO","description":"Montagekopf und Montiereisen, f\u00fcr schlauchlose Lkw-Reifen, synchronisierte Doppelabdr\u00fcckung, max. Geschwindigkeit 8 U\/min, hydraulische Bedieneinheit, Lkw, Felgendurchmesser 11 - 27\u2033, max. Felgenbreite  540 mm","thumbnail":"https:\/\/dev.codekraft.it\/ravaglioli.it\/wp-content\/uploads\/brb_media\/00509336_tyre-changer-gtb16evo-mi-150x150.png","url":"https:\/\/dev.codekraft.it\/ravaglioli.it\/de\/product\/reifenmontiermaschine-gtb16evo\/"}],"page_logo_src":"https:\/\/dev.codekraft.it\/ravaglioli.it\/wp-content\/uploads\/2026\/04\/rav-negative-logo-1.png","lang":"de","translations":{"de":154493,"en":154492,"fr":154494,"it":154495,"es":154496,"ru":154497},"pll_sync_post":[],"_links":{"self":[{"href":"https:\/\/dev.codekraft.it\/ravaglioli.it\/wp-json\/wp\/v2\/product\/154493","targetHints":{"allow":["GET"]}}],"collection":[{"href":"https:\/\/dev.codekraft.it\/ravaglioli.it\/wp-json\/wp\/v2\/product"}],"about":[{"href":"https:\/\/dev.codekraft.it\/ravaglioli.it\/wp-json\/wp\/v2\/types\/product"}],"wp:featuredmedia":[{"embeddable":true,"href":"https:\/\/dev.codekraft.it\/ravaglioli.it\/wp-json\/wp\/v2\/media\/43451"}],"wp:attachment":[{"href":"https:\/\/dev.codekraft.it\/ravaglioli.it\/wp-json\/wp\/v2\/media?parent=154493"}],"wp:term":[{"taxonomy":"product_brand","embeddable":true,"href":"https:\/\/dev.codekraft.it\/ravaglioli.it\/wp-json\/wp\/v2\/product_brand?post=154493"},{"taxonomy":"product_cat","embeddable":true,"href":"https:\/\/dev.codekraft.it\/ravaglioli.it\/wp-json\/wp\/v2\/product_cat?post=154493"},{"taxonomy":"product_tag","embeddable":true,"href":"https:\/\/dev.codekraft.it\/ravaglioli.it\/wp-json\/wp\/v2\/product_tag?post=154493"},{"taxonomy":"product_approvals","embeddable":true,"href":"https:\/\/dev.codekraft.it\/ravaglioli.it\/wp-json\/wp\/v2\/product_approvals?post=154493"},{"taxonomy":"product_application","embeddable":true,"href":"https:\/\/dev.codekraft.it\/ravaglioli.it\/wp-json\/wp\/v2\/product_application?post=154493"}],"curies":[{"name":"wp","href":"https:\/\/api.w.org\/{rel}","templated":true}]}}