{"id":154488,"date":"2025-10-30T14:31:24","date_gmt":"2025-10-30T14:31:24","guid":{"rendered":"https:\/\/dev.codekraft.it\/ravaglioli.it\/product\/demonte-pneu-grs926\/"},"modified":"2026-01-14T21:31:03","modified_gmt":"2026-01-14T21:31:03","slug":"demonte-pneu-grs926","status":"publish","type":"product","link":"https:\/\/dev.codekraft.it\/ravaglioli.it\/fr\/product\/demonte-pneu-grs926\/","title":{"rendered":"D\u00e9monte-pneu GRS926"},"content":{"rendered":"<p>D\u00e9monte-pneus PL pour service mobile ou en atelier. Il adapte aux fourgons b\u00e2ch\u00e9s ou pour petits ateliers.<\/p>\n<ul>\n<li>Mandrin hydraulique<\/li>\n<li>Apte aussi aux pneus agricoles<\/li>\n<\/ul>\n","protected":false},"excerpt":{"rendered":"<p>Machine de montage de pneus \u00e0 usage portable ou stationnaire, convient pour une installation dans des vehicules utilitaires bach\u00e9s, vitesse max. 8 tr\/min, unit\u00e9 de commande hydraulique, camion, diam\u00e8tre de jante 11 &#8211; 27\u2033, largeur de jante max. 950 mm<\/p>\n","protected":false},"featured_media":43443,"template":"","meta":[],"product_brand":[],"product_cat":[57876],"product_tag":[58360],"product_approvals":[],"product_application":[],"class_list":{"0":"post-154488","1":"product","2":"type-product","3":"status-publish","4":"has-post-thumbnail","6":"product_cat-demonte-pneus-fr","7":"product_tag-trucks-fr","9":"first","10":"instock","11":"shipping-taxable","12":"product-type-simple"},"approvals":[],"application":[],"brb_media_brochure":[{"id":150539,"url":"https:\/\/dev.codekraft.it\/ravaglioli.it\/wp-content\/uploads\/brb_media\/00521669_tyre-changer-grs926-br-multi-2023-09-screen.pdf","title":"Tyre changer GRS926 BR multi 2023 09 screen","mpn":"","thumbnail":"https:\/\/dev.codekraft.it\/ravaglioli.it\/wp-content\/uploads\/brb_media\/00521669_tyre-changer-grs926-br-multi-2023-09-screen-pdf-106x150.png","description":""}],"brb_media_drawing":"","brb_media_manuals":[{"id":150540,"url":"https:\/\/dev.codekraft.it\/ravaglioli.it\/wp-content\/uploads\/brb_media\/00548720_tyre-changer-rotn26hw\u2013ravgr926-spagr926-im-7503-m006-00_vsg_rev01-de-2025-01.pdf","title":"Tyre changer ROTN26HW\u2013RAVGR926 SPAGR926 IM 7503 M006 00 VSG rev01 de 2025 01","mpn":"","thumbnail":"https:\/\/dev.codekraft.it\/ravaglioli.it\/wp-content\/uploads\/brb_media\/00548720_tyre-changer-rotn26hw\u2013ravgr926-spagr926-im-7503-m006-00_vsg_rev01-de-2025-01-pdf-106x150.png","description":""},{"id":150541,"url":"https:\/\/dev.codekraft.it\/ravaglioli.it\/wp-content\/uploads\/brb_media\/00548721_tyre-changer-rotn26hw\u2013ravgr926-spagr926-im-7503-m006-00_vsg_rev01-en-2025-01.pdf","title":"Tyre changer ROTN26HW\u2013RAVGR926 SPAGR926 IM 7503 M006 00 VSG rev01 en 2025 01","mpn":"","thumbnail":"https:\/\/dev.codekraft.it\/ravaglioli.it\/wp-content\/uploads\/brb_media\/00548721_tyre-changer-rotn26hw\u2013ravgr926-spagr926-im-7503-m006-00_vsg_rev01-en-2025-01-pdf-106x150.png","description":""},{"id":150542,"url":"https:\/\/dev.codekraft.it\/ravaglioli.it\/wp-content\/uploads\/brb_media\/00548722_tyre-changer-rotn26hw\u2013ravgr926-spagr926-im-7503-m006-00_vsg_rev01-fr-2025-01.pdf","title":"Tyre changer ROTN26HW\u2013RAVGR926 SPAGR926 IM 7503 M006 00 VSG rev01 fr 2025 01","mpn":"","thumbnail":"https:\/\/dev.codekraft.it\/ravaglioli.it\/wp-content\/uploads\/brb_media\/00548722_tyre-changer-rotn26hw\u2013ravgr926-spagr926-im-7503-m006-00_vsg_rev01-fr-2025-01-pdf-106x150.png","description":""},{"id":150543,"url":"https:\/\/dev.codekraft.it\/ravaglioli.it\/wp-content\/uploads\/brb_media\/00548723_tyre-changer-rotn26hw\u2013ravgr926-spagr926-im-7503-m006-00_vsg_rev01-it-2025-01.pdf","title":"Tyre changer ROTN26HW\u2013RAVGR926 SPAGR926 IM 7503 M006 00 VSG rev01 it 2025 01","mpn":"","thumbnail":"https:\/\/dev.codekraft.it\/ravaglioli.it\/wp-content\/uploads\/brb_media\/00548723_tyre-changer-rotn26hw\u2013ravgr926-spagr926-im-7503-m006-00_vsg_rev01-it-2025-01-pdf-106x150.png","description":""},{"id":150544,"url":"https:\/\/dev.codekraft.it\/ravaglioli.it\/wp-content\/uploads\/brb_media\/00548724_tyre-changer-rotn26hw\u2013ravgr926-spagr926-im-7503-m006-00_vsg_rev01-es-2025-01.pdf","title":"Tyre changer ROTN26HW\u2013RAVGR926 SPAGR926 IM 7503 M006 00 VSG rev01 es 2025 01","mpn":"","thumbnail":"https:\/\/dev.codekraft.it\/ravaglioli.it\/wp-content\/uploads\/brb_media\/00548724_tyre-changer-rotn26hw\u2013ravgr926-spagr926-im-7503-m006-00_vsg_rev01-es-2025-01-pdf-106x150.png","description":""}],"brb_media_safety_datasheets":"","brb_media_spare_parts":[],"_cdmm_p_id":"502748","_company":"Ravaglioli","_gtin":"5063084206336","accessories":[{"id":152246,"mpn":"G108A22","name":"Disque detallonneur pour jantes a cercle","description":"","thumbnail":"https:\/\/dev.codekraft.it\/ravaglioli.it\/wp-content\/uploads\/brb_media\/00506733_g108a22-150x150.png","url":"https:\/\/dev.codekraft.it\/ravaglioli.it\/fr\/product\/disque-detallonneur-pour-jantes-a-cercle\/"},{"id":155843,"mpn":"G90A6","name":"Mors bloque-talon pour jantes en alliage","description":"Protection pour jantes en alliage","thumbnail":"https:\/\/dev.codekraft.it\/ravaglioli.it\/wp-content\/uploads\/brb_media\/00506745_g90a6-150x150.png","url":"https:\/\/dev.codekraft.it\/ravaglioli.it\/fr\/product\/mors-bloque-talon-pour-jantes-en-alliage\/"},{"id":154917,"mpn":"G108A3","name":"Levier","description":"Court, brevet\u00e9","thumbnail":"https:\/\/dev.codekraft.it\/ravaglioli.it\/wp-content\/uploads\/brb_media\/00506736_g108a3-150x150.png","url":"https:\/\/dev.codekraft.it\/ravaglioli.it\/fr\/product\/levier\/"},{"id":155909,"mpn":"G108A13","name":"Levier pour valves de gonflage pour camion","description":"","thumbnail":"https:\/\/dev.codekraft.it\/ravaglioli.it\/wp-content\/uploads\/brb_media\/00506730_g108a13-150x150.png","url":"https:\/\/dev.codekraft.it\/ravaglioli.it\/fr\/product\/levier-pour-valves-de-gonflage-pour-camion\/"},{"id":154923,"mpn":"G108A16","name":"Pinceau bois, coud\u00e9","description":"Pour machines d'assemblage de roues","thumbnail":"https:\/\/dev.codekraft.it\/ravaglioli.it\/wp-content\/uploads\/brb_media\/00506731_g108a16-150x114.png","url":"https:\/\/dev.codekraft.it\/ravaglioli.it\/fr\/product\/pinceau-bois-coude\/"},{"id":155915,"mpn":"G800A37","name":"P\u00e2te de montage\/d\u00e9montage | 3,5 kg","description":"","thumbnail":"https:\/\/dev.codekraft.it\/ravaglioli.it\/wp-content\/uploads\/brb_media\/00506743_g800a37-150x150.png","url":"https:\/\/dev.codekraft.it\/ravaglioli.it\/fr\/product\/pate-de-montage-demontage-35-kg\/"},{"id":155849,"mpn":"G108A2","name":"Protection des griffes pour jantes en alliage | 1 jeu \/ 4 pi\u00e8ces","description":"","thumbnail":"https:\/\/dev.codekraft.it\/ravaglioli.it\/wp-content\/uploads\/brb_media\/00539654_tyre-changers-g108a2-mi-150x150.png","url":"https:\/\/dev.codekraft.it\/ravaglioli.it\/fr\/product\/protection-des-griffes-pour-jantes-en-alliage-1-jeu-4-pieces\/"},{"id":155867,"mpn":"G108A34","name":"Pousse-talon pour roues agricoles","description":"","thumbnail":"https:\/\/dev.codekraft.it\/ravaglioli.it\/wp-content\/uploads\/brb_media\/00506738_g108a34-02-150x150.png","url":"https:\/\/dev.codekraft.it\/ravaglioli.it\/fr\/product\/pousse-talon-pour-roues-agricoles\/"}],"components":[],"delivery":[],"package":[],"related":[],"similar":[{"id":154458,"mpn":"RAV.G96NX.206282","name":"D\u00e9monte-pneu G96N","description":"Universel, t\u00eate de montage du syst\u00e8me Quick-Fit, vitesse max. 8 tr\/min, unit\u00e9 de commande hydraulique, camion, diam\u00e8tre de jante 11 - 27\u2033, largeur de jante max. 925 mm","thumbnail":"https:\/\/dev.codekraft.it\/ravaglioli.it\/wp-content\/uploads\/brb_media\/00509250_tyre-changer-g96n-mi-03-150x150.png","url":"https:\/\/dev.codekraft.it\/ravaglioli.it\/fr\/product\/demonte-pneu-g96n\/"},{"id":154494,"mpn":"RAV.GR926.206312","name":"D\u00e9monte-pneu GRS926.MOVI","description":"Machine de montage de pneu pour usage portable dans les fourgons, vitesse max. 8 tr\/min, unit\u00e9 de commande \u00e9lectrohydraulique par c\u00e2ble, camion, diam\u00e8tre de jante 11 - 27\u2033, largeur de jante max. 950 mm","thumbnail":"https:\/\/dev.codekraft.it\/ravaglioli.it\/wp-content\/uploads\/brb_media\/00509319_tyre-changer-grs926movi-mi-01-150x150.png","url":"https:\/\/dev.codekraft.it\/ravaglioli.it\/fr\/product\/demonte-pneu-grs926-movi\/"},{"id":154506,"mpn":"RAV.GTB16.206305","name":"D\u00e9monte-pneu GTB16EVO","description":"T\u00eate de montage et levier de montage, pour pneus camion tubeless, double d\u00e9talonneur simultan\u00e9, vitesse max. 8 tr\/min, unit\u00e9 de commande hydraulique, camion, diam\u00e8tre de jante 11 - 27\u2033, largeur de jante max. 540 mm","thumbnail":"https:\/\/dev.codekraft.it\/ravaglioli.it\/wp-content\/uploads\/brb_media\/00509336_tyre-changer-gtb16evo-mi-150x150.png","url":"https:\/\/dev.codekraft.it\/ravaglioli.it\/fr\/product\/demonte-pneu-gtb16evo\/"}],"page_logo_src":"https:\/\/dev.codekraft.it\/ravaglioli.it\/wp-content\/uploads\/2026\/04\/rav-negative-logo-1.png","lang":"fr","translations":{"fr":154488,"en":154486,"de":154487,"it":154489,"es":154490,"ru":154491},"pll_sync_post":[],"_links":{"self":[{"href":"https:\/\/dev.codekraft.it\/ravaglioli.it\/wp-json\/wp\/v2\/product\/154488","targetHints":{"allow":["GET"]}}],"collection":[{"href":"https:\/\/dev.codekraft.it\/ravaglioli.it\/wp-json\/wp\/v2\/product"}],"about":[{"href":"https:\/\/dev.codekraft.it\/ravaglioli.it\/wp-json\/wp\/v2\/types\/product"}],"wp:featuredmedia":[{"embeddable":true,"href":"https:\/\/dev.codekraft.it\/ravaglioli.it\/wp-json\/wp\/v2\/media\/43443"}],"wp:attachment":[{"href":"https:\/\/dev.codekraft.it\/ravaglioli.it\/wp-json\/wp\/v2\/media?parent=154488"}],"wp:term":[{"taxonomy":"product_brand","embeddable":true,"href":"https:\/\/dev.codekraft.it\/ravaglioli.it\/wp-json\/wp\/v2\/product_brand?post=154488"},{"taxonomy":"product_cat","embeddable":true,"href":"https:\/\/dev.codekraft.it\/ravaglioli.it\/wp-json\/wp\/v2\/product_cat?post=154488"},{"taxonomy":"product_tag","embeddable":true,"href":"https:\/\/dev.codekraft.it\/ravaglioli.it\/wp-json\/wp\/v2\/product_tag?post=154488"},{"taxonomy":"product_approvals","embeddable":true,"href":"https:\/\/dev.codekraft.it\/ravaglioli.it\/wp-json\/wp\/v2\/product_approvals?post=154488"},{"taxonomy":"product_application","embeddable":true,"href":"https:\/\/dev.codekraft.it\/ravaglioli.it\/wp-json\/wp\/v2\/product_application?post=154488"}],"curies":[{"name":"wp","href":"https:\/\/api.w.org\/{rel}","templated":true}]}}