{"id":154482,"date":"2025-10-30T14:31:24","date_gmt":"2025-10-30T14:31:24","guid":{"rendered":"https:\/\/dev.codekraft.it\/ravaglioli.it\/product\/demonte-pneu-g10760-17\/"},"modified":"2026-01-14T21:30:40","modified_gmt":"2026-01-14T21:30:40","slug":"demonte-pneu-g10760-17","status":"publish","type":"product","link":"https:\/\/dev.codekraft.it\/ravaglioli.it\/fr\/product\/demonte-pneu-g10760-17\/","title":{"rendered":"D\u00e9monte-pneu G10760.17"},"content":{"rendered":"<p>D\u00e9monte-pneus \u00e9lectro-hydrauliques pour pneus de poids lourds, machines agricoles et engins de terrassement. Les dimensions et les courses de travail permettent d\u2019op\u00e9rer avec un maximum d\u2019efficacit\u00e9 sur toute la gamme de pneus.<\/p>\n<ul>\n<li>La force de d\u00e9talonnage est consid\u00e9rable permet le montage et le d\u00e9montage de pneumatiques rest\u00e9s sur la jante longtemps comme des chantiers, des ports ou des mines<\/li>\n<li>Apr\u00e8s 5 secondes sans utilisation le moteur s&#8217;\u00e9teint et le d\u00e9monte-pneu se positionne en \u00e9tat d\u2019attente<\/li>\n<li>Double vitesse pour rotation du mandrin<\/li>\n<li>Le moteur est \u00e9quip\u00e9 d\u2019un \u00e9lectrofrein qui permet l\u2019arr\u00eat imm\u00e9diat de la rotation de la roue en \u00e9vitant le risque d\u2019endommagements des pneus<\/li>\n<li>Plage de serrage 11 &#8211; 50\u2033 (60\u2033 avec extension)<\/li>\n<li>Id\u00e9al m\u00eame pour roues PL de 19\u2033 et 22,5\u2033<\/li>\n<li>Les griffes \u00e0 \u00e9tages permet le blocage interne \u00e0 partir de 90 mm sans l\u2019utilisation d\u2019accessoires<\/li>\n<li>Le mandrin de grand dimensionn\u00e9s\u00a0il permette de travailler aussi sur roues sp\u00e9cial sans risque d\u2019interf\u00e9rences avec le bras mandrin<\/li>\n<li>Il assure \u00e9galement le verrouillage jusqu&#8217;\u00e0 50\u2033 sans l&#8217;utilisation d&#8217;extensions<\/li>\n<li>Console de contr\u00f4le sans c\u00e2bles<\/li>\n<\/ul>\n","protected":false},"excerpt":{"rendered":"<p>Universel, enti\u00e8rement automatique, 2 vitesses (max. 8 tr\/min), unit\u00e9 de commande sans fil, camion, diam\u00e8tre de jante 11 &#8211; 50\u2033 (60\u2033 avec extension), largeur de jante max. 1750 mm<\/p>\n","protected":false},"featured_media":43435,"template":"","meta":[],"product_brand":[],"product_cat":[57876],"product_tag":[58377,58360,58462,58445],"product_approvals":[],"product_application":[],"class_list":{"0":"post-154482","1":"product","2":"type-product","3":"status-publish","4":"has-post-thumbnail","6":"product_cat-demonte-pneus-fr","7":"product_tag-buses-fr","8":"product_tag-trucks-fr","9":"product_tag-tracked-vehicles-fr","10":"product_tag-agricultural-machines-fr","12":"first","13":"instock","14":"shipping-taxable","15":"product-type-simple"},"approvals":[],"application":[],"brb_media_brochure":[{"id":150532,"url":"https:\/\/dev.codekraft.it\/ravaglioli.it\/wp-content\/uploads\/brb_media\/00521667_tyre-changer-g1076017-br-multi-2023-09-screen.pdf","title":"Tyre changer G1076017 BR multi 2023 09 screen","mpn":"","thumbnail":"https:\/\/dev.codekraft.it\/ravaglioli.it\/wp-content\/uploads\/brb_media\/00521667_tyre-changer-g1076017-br-multi-2023-09-screen-pdf-106x150.png","description":""}],"brb_media_drawing":"","brb_media_manuals":[{"id":150533,"url":"https:\/\/dev.codekraft.it\/ravaglioli.it\/wp-content\/uploads\/brb_media\/00548725_tyre-changer-rotnav7317-ravg1076017-im-7522-m009-00_vsg_rev00-de-2023-09.pdf","title":"Tyre changer ROTNAV7317 RAVG1076017 IM 7522 M009 00 VSG rev00 de 2023 09","mpn":"","thumbnail":"https:\/\/dev.codekraft.it\/ravaglioli.it\/wp-content\/uploads\/brb_media\/00548725_tyre-changer-rotnav7317-ravg1076017-im-7522-m009-00_vsg_rev00-de-2023-09-pdf-106x150.png","description":""},{"id":150534,"url":"https:\/\/dev.codekraft.it\/ravaglioli.it\/wp-content\/uploads\/brb_media\/00548726_tyre-changer-rotnav7317-ravg1076017-im-7522-m009-00_vsg_rev00-en-2023-09.pdf","title":"Tyre changer ROTNAV7317 RAVG1076017 IM 7522 M009 00 VSG rev00 en 2023 09","mpn":"","thumbnail":"https:\/\/dev.codekraft.it\/ravaglioli.it\/wp-content\/uploads\/brb_media\/00548726_tyre-changer-rotnav7317-ravg1076017-im-7522-m009-00_vsg_rev00-en-2023-09-pdf-106x150.png","description":""},{"id":150535,"url":"https:\/\/dev.codekraft.it\/ravaglioli.it\/wp-content\/uploads\/brb_media\/00548727_tyre-changer-rotnav7317-ravg1076017-im-7522-m009-00_vsg_rev00-fr-2023-09.pdf","title":"Tyre changer ROTNAV7317 RAVG1076017 IM 7522 M009 00 VSG rev00 fr 2023 09","mpn":"","thumbnail":"https:\/\/dev.codekraft.it\/ravaglioli.it\/wp-content\/uploads\/brb_media\/00548727_tyre-changer-rotnav7317-ravg1076017-im-7522-m009-00_vsg_rev00-fr-2023-09-pdf-106x150.png","description":""},{"id":150536,"url":"https:\/\/dev.codekraft.it\/ravaglioli.it\/wp-content\/uploads\/brb_media\/00548728_tyre-changer-rotnav7317-ravg1076017-im-7522-m009-00_vsg_rev00-it-2023-09.pdf","title":"Tyre changer ROTNAV7317 RAVG1076017 IM 7522 M009 00 VSG rev00 it 2023 09","mpn":"","thumbnail":"https:\/\/dev.codekraft.it\/ravaglioli.it\/wp-content\/uploads\/brb_media\/00548728_tyre-changer-rotnav7317-ravg1076017-im-7522-m009-00_vsg_rev00-it-2023-09-pdf-106x150.png","description":""},{"id":150537,"url":"https:\/\/dev.codekraft.it\/ravaglioli.it\/wp-content\/uploads\/brb_media\/00548729_tyre-changer-rotnav7317-ravg1076017-im-7522-m009-00_vsg_rev00-es-2023-09.pdf","title":"Tyre changer ROTNAV7317 RAVG1076017 IM 7522 M009 00 VSG rev00 es 2023 09","mpn":"","thumbnail":"https:\/\/dev.codekraft.it\/ravaglioli.it\/wp-content\/uploads\/brb_media\/00548729_tyre-changer-rotnav7317-ravg1076017-im-7522-m009-00_vsg_rev00-es-2023-09-pdf-106x150.png","description":""}],"brb_media_safety_datasheets":"","brb_media_spare_parts":[],"_cdmm_p_id":"502746","_company":"Ravaglioli","_gtin":"5063084206220","accessories":[{"id":152294,"mpn":"G108A5","name":"Adaptateurs adh\u00e9rence majeure","description":"Adh\u00e9rence majeure","thumbnail":"https:\/\/dev.codekraft.it\/ravaglioli.it\/wp-content\/uploads\/brb_media\/00506740_g108a5-01-150x150.png","url":"https:\/\/dev.codekraft.it\/ravaglioli.it\/fr\/product\/adaptateurs-adherence-majeure\/"},{"id":153679,"mpn":"G108A39","name":"Rallonges prise mandrin pour \u00d8 de jante jusqu&#039;\u00e0 60\u2033","description":"Adaptateurs pour augmenter la capacit\u00e9 de serrage  | 1 jeu \/ 4 pi\u00e8ces","thumbnail":"https:\/\/dev.codekraft.it\/ravaglioli.it\/wp-content\/uploads\/brb_media\/00506739_g108a39-150x150.png","url":"https:\/\/dev.codekraft.it\/ravaglioli.it\/fr\/product\/rallonges-prise-mandrin-pour-o-de-jante-jusqua-60%e2%80%b3\/"},{"id":155843,"mpn":"G90A6","name":"Mors bloque-talon pour jantes en alliage","description":"Protection pour jantes en alliage","thumbnail":"https:\/\/dev.codekraft.it\/ravaglioli.it\/wp-content\/uploads\/brb_media\/00506745_g90a6-150x150.png","url":"https:\/\/dev.codekraft.it\/ravaglioli.it\/fr\/product\/mors-bloque-talon-pour-jantes-en-alliage\/"},{"id":154917,"mpn":"G108A3","name":"Levier","description":"Court, brevet\u00e9","thumbnail":"https:\/\/dev.codekraft.it\/ravaglioli.it\/wp-content\/uploads\/brb_media\/00506736_g108a3-150x150.png","url":"https:\/\/dev.codekraft.it\/ravaglioli.it\/fr\/product\/levier\/"},{"id":155909,"mpn":"G108A13","name":"Levier pour valves de gonflage pour camion","description":"","thumbnail":"https:\/\/dev.codekraft.it\/ravaglioli.it\/wp-content\/uploads\/brb_media\/00506730_g108a13-150x150.png","url":"https:\/\/dev.codekraft.it\/ravaglioli.it\/fr\/product\/levier-pour-valves-de-gonflage-pour-camion\/"},{"id":154923,"mpn":"G108A16","name":"Pinceau bois, coud\u00e9","description":"Pour machines d'assemblage de roues","thumbnail":"https:\/\/dev.codekraft.it\/ravaglioli.it\/wp-content\/uploads\/brb_media\/00506731_g108a16-150x114.png","url":"https:\/\/dev.codekraft.it\/ravaglioli.it\/fr\/product\/pinceau-bois-coude\/"},{"id":155861,"mpn":"G108A1","name":"Protection des griffes pour jantes en alliage","description":"1 jeu \/ 4 pi\u00e8ces","thumbnail":"https:\/\/dev.codekraft.it\/ravaglioli.it\/wp-content\/uploads\/brb_media\/00506728_g108a1-150x150.png","url":"https:\/\/dev.codekraft.it\/ravaglioli.it\/fr\/product\/protection-des-griffes-pour-jantes-en-alliage\/"},{"id":155867,"mpn":"G108A34","name":"Pousse-talon pour roues agricoles","description":"","thumbnail":"https:\/\/dev.codekraft.it\/ravaglioli.it\/wp-content\/uploads\/brb_media\/00506738_g108a34-02-150x150.png","url":"https:\/\/dev.codekraft.it\/ravaglioli.it\/fr\/product\/pousse-talon-pour-roues-agricoles\/"}],"components":[],"delivery":[],"package":[],"related":[],"similar":[{"id":154476,"mpn":"RAV.G0360.206237","name":"D\u00e9monte-pneu G10360.15","description":"Universel, 2 vitesses (max. 8 tr\/min), unit\u00e9 de commande par c\u00e2ble, camion, diam\u00e8tre de jante 11 - 43\u2033, largeur de jante max. 1500 mm","thumbnail":"https:\/\/dev.codekraft.it\/ravaglioli.it\/wp-content\/uploads\/brb_media\/00509301_tyre-changer-g1036015-mi-150x150.png","url":"https:\/\/dev.codekraft.it\/ravaglioli.it\/fr\/product\/demonte-pneu-g10360-15\/"},{"id":154470,"mpn":"RAV.G0156.206251","name":"D\u00e9monte-pneu G10156.15","description":"Universel, 2 vitesses (max. 8 tr\/min), unit\u00e9 de commande par c\u00e2ble, camion, diam\u00e8tre de jante 11 - 43\u2033, largeur de jante max. 1500 mm","thumbnail":"https:\/\/dev.codekraft.it\/ravaglioli.it\/wp-content\/uploads\/brb_media\/00509295_tyre-changer-g1015615-mi-150x150.png","url":"https:\/\/dev.codekraft.it\/ravaglioli.it\/fr\/product\/demonte-pneu-g10156-15\/"}],"page_logo_src":"https:\/\/dev.codekraft.it\/ravaglioli.it\/wp-content\/uploads\/2026\/04\/rav-negative-logo-1.png","lang":"fr","translations":{"fr":154482,"en":154480,"de":154481,"it":154483,"es":154484,"ru":154485},"pll_sync_post":[],"_links":{"self":[{"href":"https:\/\/dev.codekraft.it\/ravaglioli.it\/wp-json\/wp\/v2\/product\/154482","targetHints":{"allow":["GET"]}}],"collection":[{"href":"https:\/\/dev.codekraft.it\/ravaglioli.it\/wp-json\/wp\/v2\/product"}],"about":[{"href":"https:\/\/dev.codekraft.it\/ravaglioli.it\/wp-json\/wp\/v2\/types\/product"}],"wp:featuredmedia":[{"embeddable":true,"href":"https:\/\/dev.codekraft.it\/ravaglioli.it\/wp-json\/wp\/v2\/media\/43435"}],"wp:attachment":[{"href":"https:\/\/dev.codekraft.it\/ravaglioli.it\/wp-json\/wp\/v2\/media?parent=154482"}],"wp:term":[{"taxonomy":"product_brand","embeddable":true,"href":"https:\/\/dev.codekraft.it\/ravaglioli.it\/wp-json\/wp\/v2\/product_brand?post=154482"},{"taxonomy":"product_cat","embeddable":true,"href":"https:\/\/dev.codekraft.it\/ravaglioli.it\/wp-json\/wp\/v2\/product_cat?post=154482"},{"taxonomy":"product_tag","embeddable":true,"href":"https:\/\/dev.codekraft.it\/ravaglioli.it\/wp-json\/wp\/v2\/product_tag?post=154482"},{"taxonomy":"product_approvals","embeddable":true,"href":"https:\/\/dev.codekraft.it\/ravaglioli.it\/wp-json\/wp\/v2\/product_approvals?post=154482"},{"taxonomy":"product_application","embeddable":true,"href":"https:\/\/dev.codekraft.it\/ravaglioli.it\/wp-json\/wp\/v2\/product_application?post=154482"}],"curies":[{"name":"wp","href":"https:\/\/api.w.org\/{rel}","templated":true}]}}