{"id":154481,"date":"2025-10-30T14:31:24","date_gmt":"2025-10-30T14:31:24","guid":{"rendered":"https:\/\/dev.codekraft.it\/ravaglioli.it\/product\/reifenmontiermaschine-g10760-17\/"},"modified":"2026-01-14T21:30:40","modified_gmt":"2026-01-14T21:30:40","slug":"reifenmontiermaschine-g10760-17","status":"publish","type":"product","link":"https:\/\/dev.codekraft.it\/ravaglioli.it\/de\/product\/reifenmontiermaschine-g10760-17\/","title":{"rendered":"Reifenmontiermaschine G10760.17"},"content":{"rendered":"<p>Elektrohydraulische Reifenmontiermaschinen f\u00fcr Reifen von Lkws sowie Landwirtschafts- und Erdbewegungsmaschinen. Dank der Abmessungen und den Arbeitsabl\u00e4ufen wird auf dem ganzen Reifenbereich gr\u00f6\u00dfte Effizienz gew\u00e4hrleistet.<\/p>\n<ul>\n<li>Die bemerkenswerte Abdr\u00fcckkraft erlaubt die Montage und Demontage von sehr schwierigen Reifen, die lange im Einsatz waren wie auf Baustellen, H\u00e4fen und Zechen<\/li>\n<li>Bei nicht Benutzung geht nach 5 d das Aggregat in Standby<\/li>\n<li>Spannvorrichtung mit doppelter Drehgeschwindigkeit<\/li>\n<li>Eine elektrische Bremse arretiert sofort die Drehung, um Reifenbesch\u00e4digungen zu vermeiden<\/li>\n<li>Spannbereich 11 &#8211; 50\u2033 (60\u2033 mit Verl\u00e4ngerungssatz)<\/li>\n<li>Ideal auch f\u00fcr 19\u2033- und 22,5\u2033-R\u00e4der<\/li>\n<li>Die stufenf\u00f6rmige Spannklaue erlaubt das Aufspannen ab 90 mm ohne den Einsatz von Zubeh\u00f6r<\/li>\n<li>Gro\u00dfdimensionierte Spannvorrichtung f\u00fcr einen Einsatz auch auf Spezialr\u00e4der ohne Beeintr\u00e4chtigung seitens des Spannfutterarms<\/li>\n<li>Spannbereich bis 50\u2033 ohne Gebrauch von Verl\u00e4ngerungen<\/li>\n<li>Kabellose Steuers\u00e4ule<\/li>\n<\/ul>\n","protected":false},"excerpt":{"rendered":"<p>Universell, vollautomatisch, 2 Geschwindigkeiten (max. 8 U\/min), kabellose Konsoleneinheit, Lkw, Felgendurchmesser 11 &#8211; 50\u2033 (60\u2033 mit Verl\u00e4ngerungssatz), max. Felgenbreite 1750 mm<\/p>\n","protected":false},"featured_media":43435,"template":"","meta":[],"product_brand":[],"product_cat":[57862],"product_tag":[58374,58459,58442,58357],"product_approvals":[],"product_application":[],"class_list":{"0":"post-154481","1":"product","2":"type-product","3":"status-publish","4":"has-post-thumbnail","6":"product_cat-reifenmontiermaschinen-de","7":"product_tag-buses-de","8":"product_tag-tracked-vehicles-de","9":"product_tag-agricultural-machines-de","10":"product_tag-trucks-de","12":"first","13":"instock","14":"shipping-taxable","15":"product-type-simple"},"approvals":[],"application":[],"brb_media_brochure":[{"id":150532,"url":"https:\/\/dev.codekraft.it\/ravaglioli.it\/wp-content\/uploads\/brb_media\/00521667_tyre-changer-g1076017-br-multi-2023-09-screen.pdf","title":"Tyre changer G1076017 BR multi 2023 09 screen","mpn":"","thumbnail":"https:\/\/dev.codekraft.it\/ravaglioli.it\/wp-content\/uploads\/brb_media\/00521667_tyre-changer-g1076017-br-multi-2023-09-screen-pdf-106x150.png","description":""}],"brb_media_drawing":"","brb_media_manuals":[{"id":150533,"url":"https:\/\/dev.codekraft.it\/ravaglioli.it\/wp-content\/uploads\/brb_media\/00548725_tyre-changer-rotnav7317-ravg1076017-im-7522-m009-00_vsg_rev00-de-2023-09.pdf","title":"Tyre changer ROTNAV7317 RAVG1076017 IM 7522 M009 00 VSG rev00 de 2023 09","mpn":"","thumbnail":"https:\/\/dev.codekraft.it\/ravaglioli.it\/wp-content\/uploads\/brb_media\/00548725_tyre-changer-rotnav7317-ravg1076017-im-7522-m009-00_vsg_rev00-de-2023-09-pdf-106x150.png","description":""},{"id":150534,"url":"https:\/\/dev.codekraft.it\/ravaglioli.it\/wp-content\/uploads\/brb_media\/00548726_tyre-changer-rotnav7317-ravg1076017-im-7522-m009-00_vsg_rev00-en-2023-09.pdf","title":"Tyre changer ROTNAV7317 RAVG1076017 IM 7522 M009 00 VSG rev00 en 2023 09","mpn":"","thumbnail":"https:\/\/dev.codekraft.it\/ravaglioli.it\/wp-content\/uploads\/brb_media\/00548726_tyre-changer-rotnav7317-ravg1076017-im-7522-m009-00_vsg_rev00-en-2023-09-pdf-106x150.png","description":""},{"id":150535,"url":"https:\/\/dev.codekraft.it\/ravaglioli.it\/wp-content\/uploads\/brb_media\/00548727_tyre-changer-rotnav7317-ravg1076017-im-7522-m009-00_vsg_rev00-fr-2023-09.pdf","title":"Tyre changer ROTNAV7317 RAVG1076017 IM 7522 M009 00 VSG rev00 fr 2023 09","mpn":"","thumbnail":"https:\/\/dev.codekraft.it\/ravaglioli.it\/wp-content\/uploads\/brb_media\/00548727_tyre-changer-rotnav7317-ravg1076017-im-7522-m009-00_vsg_rev00-fr-2023-09-pdf-106x150.png","description":""},{"id":150536,"url":"https:\/\/dev.codekraft.it\/ravaglioli.it\/wp-content\/uploads\/brb_media\/00548728_tyre-changer-rotnav7317-ravg1076017-im-7522-m009-00_vsg_rev00-it-2023-09.pdf","title":"Tyre changer ROTNAV7317 RAVG1076017 IM 7522 M009 00 VSG rev00 it 2023 09","mpn":"","thumbnail":"https:\/\/dev.codekraft.it\/ravaglioli.it\/wp-content\/uploads\/brb_media\/00548728_tyre-changer-rotnav7317-ravg1076017-im-7522-m009-00_vsg_rev00-it-2023-09-pdf-106x150.png","description":""},{"id":150537,"url":"https:\/\/dev.codekraft.it\/ravaglioli.it\/wp-content\/uploads\/brb_media\/00548729_tyre-changer-rotnav7317-ravg1076017-im-7522-m009-00_vsg_rev00-es-2023-09.pdf","title":"Tyre changer ROTNAV7317 RAVG1076017 IM 7522 M009 00 VSG rev00 es 2023 09","mpn":"","thumbnail":"https:\/\/dev.codekraft.it\/ravaglioli.it\/wp-content\/uploads\/brb_media\/00548729_tyre-changer-rotnav7317-ravg1076017-im-7522-m009-00_vsg_rev00-es-2023-09-pdf-106x150.png","description":""}],"brb_media_safety_datasheets":"","brb_media_spare_parts":[],"_cdmm_p_id":"502746","_company":"Ravaglioli","_gtin":"5063084206220","accessories":[{"id":152293,"mpn":"G108A5","name":"Adapter mit erh\u00f6hter Haftung","description":"","thumbnail":"https:\/\/dev.codekraft.it\/ravaglioli.it\/wp-content\/uploads\/brb_media\/00506740_g108a5-01-150x150.png","url":"https:\/\/dev.codekraft.it\/ravaglioli.it\/de\/product\/adapter-mit-erhohter-haftung\/"},{"id":153678,"mpn":"G108A39","name":"Spannbereichserweiterungen bis Felgen-\u00d8 60\u2033","description":"Adapter zur Verl\u00e4ngerung des Spannbereichs | 1 Satz \/ 4 St\u00fcck","thumbnail":"https:\/\/dev.codekraft.it\/ravaglioli.it\/wp-content\/uploads\/brb_media\/00506739_g108a39-150x150.png","url":"https:\/\/dev.codekraft.it\/ravaglioli.it\/de\/product\/spannbereichserweiterungen-bis-felgen-o-60%e2%80%b3\/"},{"id":155842,"mpn":"G90A6","name":"Wulstklemme f\u00fcr Leichtmetallfelgen","description":"Alufelgen-Klemme","thumbnail":"https:\/\/dev.codekraft.it\/ravaglioli.it\/wp-content\/uploads\/brb_media\/00506745_g90a6-150x150.png","url":"https:\/\/dev.codekraft.it\/ravaglioli.it\/de\/product\/wulstklemme-fur-leichtmetallfelgen\/"},{"id":154916,"mpn":"G108A3","name":"Montiereisen","description":"Kurz, patentiert","thumbnail":"https:\/\/dev.codekraft.it\/ravaglioli.it\/wp-content\/uploads\/brb_media\/00506736_g108a3-150x150.png","url":"https:\/\/dev.codekraft.it\/ravaglioli.it\/de\/product\/montiereisen\/"},{"id":155908,"mpn":"G108A13","name":"Montierhebel Lkw","description":"","thumbnail":"https:\/\/dev.codekraft.it\/ravaglioli.it\/wp-content\/uploads\/brb_media\/00506730_g108a13-150x150.png","url":"https:\/\/dev.codekraft.it\/ravaglioli.it\/de\/product\/montierhebel-lkw\/"},{"id":154922,"mpn":"G108A16","name":"Pinsel Holz, abgewinkelt","description":"F\u00fcr Radmontagemaschinen","thumbnail":"https:\/\/dev.codekraft.it\/ravaglioli.it\/wp-content\/uploads\/brb_media\/00506731_g108a16-150x114.png","url":"https:\/\/dev.codekraft.it\/ravaglioli.it\/de\/product\/pinsel-holz-abgewinkelt\/"},{"id":155860,"mpn":"G108A1","name":"Klauenschutz f\u00fcr Leichtmetallfelgen","description":"1 Satz \/ 4 St\u00fcck","thumbnail":"https:\/\/dev.codekraft.it\/ravaglioli.it\/wp-content\/uploads\/brb_media\/00506728_g108a1-150x150.png","url":"https:\/\/dev.codekraft.it\/ravaglioli.it\/de\/product\/klauenschutz-fur-leichtmetallfelgen\/"},{"id":155866,"mpn":"G108A34","name":"Pneumatischer Wulstdr\u00fccker f\u00fcr EM-Reifen","description":"","thumbnail":"https:\/\/dev.codekraft.it\/ravaglioli.it\/wp-content\/uploads\/brb_media\/00506738_g108a34-02-150x150.png","url":"https:\/\/dev.codekraft.it\/ravaglioli.it\/de\/product\/pneumatischer-wulstdrucker-fur-em-reifen\/"}],"components":[],"delivery":[],"package":[],"related":[],"similar":[{"id":154475,"mpn":"RAV.G0360.206237","name":"Reifenmontiermaschine G10360.15","description":"Universell, 2 Geschwindigkeiten (max. 8 U\/min), verkabelte Konsoleneinheit, Lkw, Felgendurchmesser 11 - 43\u2033, max. Felgenbreite 1500 mm","thumbnail":"https:\/\/dev.codekraft.it\/ravaglioli.it\/wp-content\/uploads\/brb_media\/00509301_tyre-changer-g1036015-mi-150x150.png","url":"https:\/\/dev.codekraft.it\/ravaglioli.it\/de\/product\/reifenmontiermaschine-g10360-15\/"},{"id":154469,"mpn":"RAV.G0156.206251","name":"Reifenmontiermaschine G10156.15","description":"Universell, 2 Geschwindigkeiten (max. 8 U\/min), verkabelte Konsoleneinheit, Lkw, Felgendurchmesser 11 - 43\u2033, max. Felgenbreite 1500 mm","thumbnail":"https:\/\/dev.codekraft.it\/ravaglioli.it\/wp-content\/uploads\/brb_media\/00509295_tyre-changer-g1015615-mi-150x150.png","url":"https:\/\/dev.codekraft.it\/ravaglioli.it\/de\/product\/reifenmontiermaschine-g10156-15\/"}],"page_logo_src":"https:\/\/dev.codekraft.it\/ravaglioli.it\/wp-content\/uploads\/2026\/04\/rav-negative-logo-1.png","lang":"de","translations":{"de":154481,"en":154480,"fr":154482,"it":154483,"es":154484,"ru":154485},"pll_sync_post":[],"_links":{"self":[{"href":"https:\/\/dev.codekraft.it\/ravaglioli.it\/wp-json\/wp\/v2\/product\/154481","targetHints":{"allow":["GET"]}}],"collection":[{"href":"https:\/\/dev.codekraft.it\/ravaglioli.it\/wp-json\/wp\/v2\/product"}],"about":[{"href":"https:\/\/dev.codekraft.it\/ravaglioli.it\/wp-json\/wp\/v2\/types\/product"}],"wp:featuredmedia":[{"embeddable":true,"href":"https:\/\/dev.codekraft.it\/ravaglioli.it\/wp-json\/wp\/v2\/media\/43435"}],"wp:attachment":[{"href":"https:\/\/dev.codekraft.it\/ravaglioli.it\/wp-json\/wp\/v2\/media?parent=154481"}],"wp:term":[{"taxonomy":"product_brand","embeddable":true,"href":"https:\/\/dev.codekraft.it\/ravaglioli.it\/wp-json\/wp\/v2\/product_brand?post=154481"},{"taxonomy":"product_cat","embeddable":true,"href":"https:\/\/dev.codekraft.it\/ravaglioli.it\/wp-json\/wp\/v2\/product_cat?post=154481"},{"taxonomy":"product_tag","embeddable":true,"href":"https:\/\/dev.codekraft.it\/ravaglioli.it\/wp-json\/wp\/v2\/product_tag?post=154481"},{"taxonomy":"product_approvals","embeddable":true,"href":"https:\/\/dev.codekraft.it\/ravaglioli.it\/wp-json\/wp\/v2\/product_approvals?post=154481"},{"taxonomy":"product_application","embeddable":true,"href":"https:\/\/dev.codekraft.it\/ravaglioli.it\/wp-json\/wp\/v2\/product_application?post=154481"}],"curies":[{"name":"wp","href":"https:\/\/api.w.org\/{rel}","templated":true}]}}