{"id":154470,"date":"2025-09-08T09:01:42","date_gmt":"2025-09-08T08:01:42","guid":{"rendered":"https:\/\/dev.codekraft.it\/ravaglioli.it\/product\/demonte-pneu-g10156-15\/"},"modified":"2026-01-14T21:29:46","modified_gmt":"2026-01-14T21:29:46","slug":"demonte-pneu-g10156-15","status":"publish","type":"product","link":"https:\/\/dev.codekraft.it\/ravaglioli.it\/fr\/product\/demonte-pneu-g10156-15\/","title":{"rendered":"D\u00e9monte-pneu G10156.15"},"content":{"rendered":"<p>D\u00e9monte-pneus \u00e9lectro-hydrauliques pour pneus de poids lourds, machines agricoles et engins de terrassement ayant des jantes comprises entre 11\u2033 et 43\u2033 (56\u2033\u00a0avec extension). Les dimensions et les courses de travail permettent d\u2019op\u00e9rer avec un maximum d\u2019efficacit\u00e9 sur toute la gamme de pneus. Le mandrin garantit la prise sans l\u2019utilisation de rallonges des jantes jusqu\u2019\u00e0 43\u2033.<\/p>\n<ul>\n<li>Apr\u00e8s 5 secondes sans utilisation le moteur s\u2019\u00e9teint et le d\u00e9monte-pneu se positionne en \u00e9tat d\u2019attente<\/li>\n<li>Commandes hydrauliques sur bras mobile &#8211; Mouvement, levage et rotation du bras porte-outil manuel<\/li>\n<li>Id\u00e9al m\u00eame pour roues PL de 19\u2033 et 22,5\u2033<\/li>\n<\/ul>\n","protected":false},"excerpt":{"rendered":"<p>Universel, 2 vitesses (max. 8 tr\/min), unit\u00e9 de commande par c\u00e2ble, camion, diam\u00e8tre de jante 11 &#8211; 43\u2033, largeur de jante max. 1500 mm<\/p>\n","protected":false},"featured_media":43425,"template":"","meta":[],"product_brand":[],"product_cat":[57876],"product_tag":[58377,58360,58462,58445],"product_approvals":[],"product_application":[],"class_list":{"0":"post-154470","1":"product","2":"type-product","3":"status-publish","4":"has-post-thumbnail","6":"product_cat-demonte-pneus-fr","7":"product_tag-buses-fr","8":"product_tag-trucks-fr","9":"product_tag-tracked-vehicles-fr","10":"product_tag-agricultural-machines-fr","12":"first","13":"instock","14":"shipping-taxable","15":"product-type-simple"},"approvals":[],"application":[],"brb_media_brochure":[{"id":150525,"url":"https:\/\/dev.codekraft.it\/ravaglioli.it\/wp-content\/uploads\/brb_media\/00521666_tyre-changer-g1015615-br-multi-2023-09-screen.pdf","title":"Tyre changer G1015615 BR multi 2023 09 screen","mpn":"","thumbnail":"https:\/\/dev.codekraft.it\/ravaglioli.it\/wp-content\/uploads\/brb_media\/00521666_tyre-changer-g1015615-br-multi-2023-09-screen-pdf-106x150.png","description":""}],"brb_media_drawing":"","brb_media_manuals":[{"id":150526,"url":"https:\/\/dev.codekraft.it\/ravaglioli.it\/wp-content\/uploads\/brb_media\/00548751_tyre-changer-rotn51\u2013ravg10156-im-7522-m008-00_vsg_rev00-de-2023-09.pdf","title":"Tyre changer ROTN51\u2013RAVG10156 IM 7522 M008 00 VSG rev00 de 2023 09","mpn":"","thumbnail":"https:\/\/dev.codekraft.it\/ravaglioli.it\/wp-content\/uploads\/brb_media\/00548751_tyre-changer-rotn51\u2013ravg10156-im-7522-m008-00_vsg_rev00-de-2023-09-pdf-106x150.png","description":""},{"id":150527,"url":"https:\/\/dev.codekraft.it\/ravaglioli.it\/wp-content\/uploads\/brb_media\/00548752_tyre-changer-rotn51\u2013ravg10156-im-7522-m008-00_vsg_rev00-en-2023-09.pdf","title":"Tyre changer ROTN51\u2013RAVG10156 IM 7522 M008 00 VSG rev00 en 2023 09","mpn":"","thumbnail":"https:\/\/dev.codekraft.it\/ravaglioli.it\/wp-content\/uploads\/brb_media\/00548752_tyre-changer-rotn51\u2013ravg10156-im-7522-m008-00_vsg_rev00-en-2023-09-pdf-106x150.png","description":""},{"id":150528,"url":"https:\/\/dev.codekraft.it\/ravaglioli.it\/wp-content\/uploads\/brb_media\/00548753_tyre-changer-rotn51\u2013ravg10156-im-7522-m008-00_vsg_rev00-fr-2023-09.pdf","title":"Tyre changer ROTN51\u2013RAVG10156 IM 7522 M008 00 VSG rev00 fr 2023 09","mpn":"","thumbnail":"https:\/\/dev.codekraft.it\/ravaglioli.it\/wp-content\/uploads\/brb_media\/00548753_tyre-changer-rotn51\u2013ravg10156-im-7522-m008-00_vsg_rev00-fr-2023-09-pdf-106x150.png","description":""},{"id":150529,"url":"https:\/\/dev.codekraft.it\/ravaglioli.it\/wp-content\/uploads\/brb_media\/00548754_tyre-changer-rotn51\u2013ravg10156-im-7522-m008-00_vsg_rev00-it-2023-09.pdf","title":"Tyre changer ROTN51\u2013RAVG10156 IM 7522 M008 00 VSG rev00 it 2023 09","mpn":"","thumbnail":"https:\/\/dev.codekraft.it\/ravaglioli.it\/wp-content\/uploads\/brb_media\/00548754_tyre-changer-rotn51\u2013ravg10156-im-7522-m008-00_vsg_rev00-it-2023-09-pdf-106x150.png","description":""},{"id":150530,"url":"https:\/\/dev.codekraft.it\/ravaglioli.it\/wp-content\/uploads\/brb_media\/00548755_tyre-changer-rotn51\u2013ravg10156-im-7522-m008-00_vsg_rev00-es-2023-09.pdf","title":"Tyre changer ROTN51\u2013RAVG10156 IM 7522 M008 00 VSG rev00 es 2023 09","mpn":"","thumbnail":"https:\/\/dev.codekraft.it\/ravaglioli.it\/wp-content\/uploads\/brb_media\/00548755_tyre-changer-rotn51\u2013ravg10156-im-7522-m008-00_vsg_rev00-es-2023-09-pdf-106x150.png","description":""}],"brb_media_safety_datasheets":"","brb_media_spare_parts":[],"_cdmm_p_id":"502744","_company":"Ravaglioli","_gtin":"5063084206251","accessories":[{"id":152294,"mpn":"G108A5","name":"Adaptateurs adh\u00e9rence majeure","description":"Adh\u00e9rence majeure","thumbnail":"https:\/\/dev.codekraft.it\/ravaglioli.it\/wp-content\/uploads\/brb_media\/00506740_g108a5-01-150x150.png","url":"https:\/\/dev.codekraft.it\/ravaglioli.it\/fr\/product\/adaptateurs-adherence-majeure\/"},{"id":155843,"mpn":"G90A6","name":"Mors bloque-talon pour jantes en alliage","description":"Protection pour jantes en alliage","thumbnail":"https:\/\/dev.codekraft.it\/ravaglioli.it\/wp-content\/uploads\/brb_media\/00506745_g90a6-150x150.png","url":"https:\/\/dev.codekraft.it\/ravaglioli.it\/fr\/product\/mors-bloque-talon-pour-jantes-en-alliage\/"},{"id":154917,"mpn":"G108A3","name":"Levier","description":"Court, brevet\u00e9","thumbnail":"https:\/\/dev.codekraft.it\/ravaglioli.it\/wp-content\/uploads\/brb_media\/00506736_g108a3-150x150.png","url":"https:\/\/dev.codekraft.it\/ravaglioli.it\/fr\/product\/levier\/"},{"id":155909,"mpn":"G108A13","name":"Levier pour valves de gonflage pour camion","description":"","thumbnail":"https:\/\/dev.codekraft.it\/ravaglioli.it\/wp-content\/uploads\/brb_media\/00506730_g108a13-150x150.png","url":"https:\/\/dev.codekraft.it\/ravaglioli.it\/fr\/product\/levier-pour-valves-de-gonflage-pour-camion\/"},{"id":154923,"mpn":"G108A16","name":"Pinceau bois, coud\u00e9","description":"Pour machines d'assemblage de roues","thumbnail":"https:\/\/dev.codekraft.it\/ravaglioli.it\/wp-content\/uploads\/brb_media\/00506731_g108a16-150x114.png","url":"https:\/\/dev.codekraft.it\/ravaglioli.it\/fr\/product\/pinceau-bois-coude\/"},{"id":155915,"mpn":"G800A37","name":"P\u00e2te de montage\/d\u00e9montage | 3,5 kg","description":"","thumbnail":"https:\/\/dev.codekraft.it\/ravaglioli.it\/wp-content\/uploads\/brb_media\/00506743_g800a37-150x150.png","url":"https:\/\/dev.codekraft.it\/ravaglioli.it\/fr\/product\/pate-de-montage-demontage-35-kg\/"},{"id":155861,"mpn":"G108A1","name":"Protection des griffes pour jantes en alliage","description":"1 jeu \/ 4 pi\u00e8ces","thumbnail":"https:\/\/dev.codekraft.it\/ravaglioli.it\/wp-content\/uploads\/brb_media\/00506728_g108a1-150x150.png","url":"https:\/\/dev.codekraft.it\/ravaglioli.it\/fr\/product\/protection-des-griffes-pour-jantes-en-alliage\/"},{"id":155855,"mpn":"G108A12","name":"Rallonges prise mandrin pour \u00d8 de jante jusqu&#039;\u00e0 56\u2033","description":"Adaptateurs pour augmenter la capacit\u00e9 de serrage  | 1 jeu \/ 4 pi\u00e8ces","thumbnail":"https:\/\/dev.codekraft.it\/ravaglioli.it\/wp-content\/uploads\/brb_media\/00506729_g108a12-150x150.png","url":"https:\/\/dev.codekraft.it\/ravaglioli.it\/fr\/product\/rallonges-prise-mandrin-pour-o-de-jante-jusqua-56%e2%80%b3\/"},{"id":155867,"mpn":"G108A34","name":"Pousse-talon pour roues agricoles","description":"","thumbnail":"https:\/\/dev.codekraft.it\/ravaglioli.it\/wp-content\/uploads\/brb_media\/00506738_g108a34-02-150x150.png","url":"https:\/\/dev.codekraft.it\/ravaglioli.it\/fr\/product\/pousse-talon-pour-roues-agricoles\/"}],"components":[],"delivery":[],"package":[],"related":[],"similar":[{"id":154464,"mpn":"RAV.G9256.206244","name":"D\u00e9monte-pneu G9256.15","description":"Universel, 2 vitesses (max. 8 tr\/min), unit\u00e9 de commande par c\u00e2ble, camion, diam\u00e8tre de jante 11 - 43\u2033, largeur de jante max. 1500 mm","thumbnail":"https:\/\/dev.codekraft.it\/ravaglioli.it\/wp-content\/uploads\/brb_media\/00509291_tyre-changer-g925615-mi-150x150.png","url":"https:\/\/dev.codekraft.it\/ravaglioli.it\/fr\/product\/demonte-pneu-g9256-15\/"},{"id":154265,"mpn":"RAV.G9156.206275","name":"D\u00e9monte-pneu G9156.11N","description":"Universel, sans levier, vitesse max. 10 tr\/min, unit\u00e9 de commande hydraulique, camion, diam\u00e8tre de jante 11 - 43\u2033 (56\u2033 avec extension), largeur de jante max. 1100 mm","thumbnail":"https:\/\/dev.codekraft.it\/ravaglioli.it\/wp-content\/uploads\/brb_media\/00508671_tyre-changer-g915611n-mi-150x150.png","url":"https:\/\/dev.codekraft.it\/ravaglioli.it\/fr\/product\/demonte-pneu-g9156-11n\/"},{"id":154271,"mpn":"RAV.G9156.206268","name":"D\u00e9monte-pneu G9156.13EI","description":"Universel, sans levier, vitesse max. 10 tr\/min, unit\u00e9 de commande par c\u00e2ble, camion, diam\u00e8tre de jante 11 - 43\u2033 (56\u2033 avec extension), largeur de jante max. 1300 mm","thumbnail":"https:\/\/dev.codekraft.it\/ravaglioli.it\/wp-content\/uploads\/brb_media\/00508672_tyre-changer-g915613ei-mi-150x150.png","url":"https:\/\/dev.codekraft.it\/ravaglioli.it\/fr\/product\/demonte-pneu-g9156-13ei\/"},{"id":154476,"mpn":"RAV.G0360.206237","name":"D\u00e9monte-pneu G10360.15","description":"Universel, 2 vitesses (max. 8 tr\/min), unit\u00e9 de commande par c\u00e2ble, camion, diam\u00e8tre de jante 11 - 43\u2033, largeur de jante max. 1500 mm","thumbnail":"https:\/\/dev.codekraft.it\/ravaglioli.it\/wp-content\/uploads\/brb_media\/00509301_tyre-changer-g1036015-mi-150x150.png","url":"https:\/\/dev.codekraft.it\/ravaglioli.it\/fr\/product\/demonte-pneu-g10360-15\/"},{"id":154482,"mpn":"RAV.G0760.206220","name":"D\u00e9monte-pneu G10760.17","description":"Universel, enti\u00e8rement automatique, 2 vitesses (max. 8 tr\/min), unit\u00e9 de commande sans fil, camion, diam\u00e8tre de jante 11 - 50\u2033 (60\u2033 avec extension), largeur de jante max. 1750 mm","thumbnail":"https:\/\/dev.codekraft.it\/ravaglioli.it\/wp-content\/uploads\/brb_media\/00509303_tyre-changer-g1076017-mi-150x150.png","url":"https:\/\/dev.codekraft.it\/ravaglioli.it\/fr\/product\/demonte-pneu-g10760-17\/"}],"page_logo_src":"https:\/\/dev.codekraft.it\/ravaglioli.it\/wp-content\/uploads\/2026\/04\/rav-negative-logo-1.png","lang":"fr","translations":{"fr":154470,"en":154468,"de":154469,"it":154471,"es":154472,"ru":154473},"pll_sync_post":[],"_links":{"self":[{"href":"https:\/\/dev.codekraft.it\/ravaglioli.it\/wp-json\/wp\/v2\/product\/154470","targetHints":{"allow":["GET"]}}],"collection":[{"href":"https:\/\/dev.codekraft.it\/ravaglioli.it\/wp-json\/wp\/v2\/product"}],"about":[{"href":"https:\/\/dev.codekraft.it\/ravaglioli.it\/wp-json\/wp\/v2\/types\/product"}],"wp:featuredmedia":[{"embeddable":true,"href":"https:\/\/dev.codekraft.it\/ravaglioli.it\/wp-json\/wp\/v2\/media\/43425"}],"wp:attachment":[{"href":"https:\/\/dev.codekraft.it\/ravaglioli.it\/wp-json\/wp\/v2\/media?parent=154470"}],"wp:term":[{"taxonomy":"product_brand","embeddable":true,"href":"https:\/\/dev.codekraft.it\/ravaglioli.it\/wp-json\/wp\/v2\/product_brand?post=154470"},{"taxonomy":"product_cat","embeddable":true,"href":"https:\/\/dev.codekraft.it\/ravaglioli.it\/wp-json\/wp\/v2\/product_cat?post=154470"},{"taxonomy":"product_tag","embeddable":true,"href":"https:\/\/dev.codekraft.it\/ravaglioli.it\/wp-json\/wp\/v2\/product_tag?post=154470"},{"taxonomy":"product_approvals","embeddable":true,"href":"https:\/\/dev.codekraft.it\/ravaglioli.it\/wp-json\/wp\/v2\/product_approvals?post=154470"},{"taxonomy":"product_application","embeddable":true,"href":"https:\/\/dev.codekraft.it\/ravaglioli.it\/wp-json\/wp\/v2\/product_application?post=154470"}],"curies":[{"name":"wp","href":"https:\/\/api.w.org\/{rel}","templated":true}]}}