{"id":154469,"date":"2025-09-08T09:01:42","date_gmt":"2025-09-08T08:01:42","guid":{"rendered":"https:\/\/dev.codekraft.it\/ravaglioli.it\/product\/reifenmontiermaschine-g10156-15\/"},"modified":"2026-01-14T21:29:45","modified_gmt":"2026-01-14T21:29:45","slug":"reifenmontiermaschine-g10156-15","status":"publish","type":"product","link":"https:\/\/dev.codekraft.it\/ravaglioli.it\/de\/product\/reifenmontiermaschine-g10156-15\/","title":{"rendered":"Reifenmontiermaschine G10156.15"},"content":{"rendered":"<p>Elektrohydraulische Reifenmontiermaschinen f\u00fcr Reifen von Lkws sowie Landwirtschafts- und Erdbewegungsmaschinen mit 11 &#8211; 43\u2033 Felgendurchmesser (56\u2033 mit Verl\u00e4ngerungen). Dank der Abmessungen und den Arbeitsabl\u00e4ufen wird auf dem ganzen Reifenbereich gr\u00f6\u00dfte Effizienz gew\u00e4hrleistet. Die Spannvorrichtung garantiert bis zu 43\u2033 ein Aufspannen ohne Verl\u00e4ngerung.<\/p>\n<ul>\n<li>Bei nicht Benutzung geht nach 5 s\u00a0das Aggregat in Standby<\/li>\n<li>Hydrauliksteuerungen auf Arm &#8211;\u00a0Montagevorrichtung bewegt, hebt und dreht sich manuell<\/li>\n<li>Ideal auch f\u00fcr 19\u2033- und 22,5\u2033-R\u00e4der<\/li>\n<\/ul>\n","protected":false},"excerpt":{"rendered":"<p>Universell, 2 Geschwindigkeiten (max. 8 U\/min), verkabelte Konsoleneinheit, Lkw, Felgendurchmesser 11 &#8211; 43\u2033, max. Felgenbreite 1500 mm<\/p>\n","protected":false},"featured_media":43425,"template":"","meta":[],"product_brand":[],"product_cat":[57862],"product_tag":[58374,58459,58442,58357],"product_approvals":[],"product_application":[],"class_list":{"0":"post-154469","1":"product","2":"type-product","3":"status-publish","4":"has-post-thumbnail","6":"product_cat-reifenmontiermaschinen-de","7":"product_tag-buses-de","8":"product_tag-tracked-vehicles-de","9":"product_tag-agricultural-machines-de","10":"product_tag-trucks-de","12":"first","13":"instock","14":"shipping-taxable","15":"product-type-simple"},"approvals":[],"application":[],"brb_media_brochure":[{"id":150525,"url":"https:\/\/dev.codekraft.it\/ravaglioli.it\/wp-content\/uploads\/brb_media\/00521666_tyre-changer-g1015615-br-multi-2023-09-screen.pdf","title":"Tyre changer G1015615 BR multi 2023 09 screen","mpn":"","thumbnail":"https:\/\/dev.codekraft.it\/ravaglioli.it\/wp-content\/uploads\/brb_media\/00521666_tyre-changer-g1015615-br-multi-2023-09-screen-pdf-106x150.png","description":""}],"brb_media_drawing":"","brb_media_manuals":[{"id":150526,"url":"https:\/\/dev.codekraft.it\/ravaglioli.it\/wp-content\/uploads\/brb_media\/00548751_tyre-changer-rotn51\u2013ravg10156-im-7522-m008-00_vsg_rev00-de-2023-09.pdf","title":"Tyre changer ROTN51\u2013RAVG10156 IM 7522 M008 00 VSG rev00 de 2023 09","mpn":"","thumbnail":"https:\/\/dev.codekraft.it\/ravaglioli.it\/wp-content\/uploads\/brb_media\/00548751_tyre-changer-rotn51\u2013ravg10156-im-7522-m008-00_vsg_rev00-de-2023-09-pdf-106x150.png","description":""},{"id":150527,"url":"https:\/\/dev.codekraft.it\/ravaglioli.it\/wp-content\/uploads\/brb_media\/00548752_tyre-changer-rotn51\u2013ravg10156-im-7522-m008-00_vsg_rev00-en-2023-09.pdf","title":"Tyre changer ROTN51\u2013RAVG10156 IM 7522 M008 00 VSG rev00 en 2023 09","mpn":"","thumbnail":"https:\/\/dev.codekraft.it\/ravaglioli.it\/wp-content\/uploads\/brb_media\/00548752_tyre-changer-rotn51\u2013ravg10156-im-7522-m008-00_vsg_rev00-en-2023-09-pdf-106x150.png","description":""},{"id":150528,"url":"https:\/\/dev.codekraft.it\/ravaglioli.it\/wp-content\/uploads\/brb_media\/00548753_tyre-changer-rotn51\u2013ravg10156-im-7522-m008-00_vsg_rev00-fr-2023-09.pdf","title":"Tyre changer ROTN51\u2013RAVG10156 IM 7522 M008 00 VSG rev00 fr 2023 09","mpn":"","thumbnail":"https:\/\/dev.codekraft.it\/ravaglioli.it\/wp-content\/uploads\/brb_media\/00548753_tyre-changer-rotn51\u2013ravg10156-im-7522-m008-00_vsg_rev00-fr-2023-09-pdf-106x150.png","description":""},{"id":150529,"url":"https:\/\/dev.codekraft.it\/ravaglioli.it\/wp-content\/uploads\/brb_media\/00548754_tyre-changer-rotn51\u2013ravg10156-im-7522-m008-00_vsg_rev00-it-2023-09.pdf","title":"Tyre changer ROTN51\u2013RAVG10156 IM 7522 M008 00 VSG rev00 it 2023 09","mpn":"","thumbnail":"https:\/\/dev.codekraft.it\/ravaglioli.it\/wp-content\/uploads\/brb_media\/00548754_tyre-changer-rotn51\u2013ravg10156-im-7522-m008-00_vsg_rev00-it-2023-09-pdf-106x150.png","description":""},{"id":150530,"url":"https:\/\/dev.codekraft.it\/ravaglioli.it\/wp-content\/uploads\/brb_media\/00548755_tyre-changer-rotn51\u2013ravg10156-im-7522-m008-00_vsg_rev00-es-2023-09.pdf","title":"Tyre changer ROTN51\u2013RAVG10156 IM 7522 M008 00 VSG rev00 es 2023 09","mpn":"","thumbnail":"https:\/\/dev.codekraft.it\/ravaglioli.it\/wp-content\/uploads\/brb_media\/00548755_tyre-changer-rotn51\u2013ravg10156-im-7522-m008-00_vsg_rev00-es-2023-09-pdf-106x150.png","description":""}],"brb_media_safety_datasheets":"","brb_media_spare_parts":[],"_cdmm_p_id":"502744","_company":"Ravaglioli","_gtin":"5063084206251","accessories":[{"id":152293,"mpn":"G108A5","name":"Adapter mit erh\u00f6hter Haftung","description":"","thumbnail":"https:\/\/dev.codekraft.it\/ravaglioli.it\/wp-content\/uploads\/brb_media\/00506740_g108a5-01-150x150.png","url":"https:\/\/dev.codekraft.it\/ravaglioli.it\/de\/product\/adapter-mit-erhohter-haftung\/"},{"id":155842,"mpn":"G90A6","name":"Wulstklemme f\u00fcr Leichtmetallfelgen","description":"Alufelgen-Klemme","thumbnail":"https:\/\/dev.codekraft.it\/ravaglioli.it\/wp-content\/uploads\/brb_media\/00506745_g90a6-150x150.png","url":"https:\/\/dev.codekraft.it\/ravaglioli.it\/de\/product\/wulstklemme-fur-leichtmetallfelgen\/"},{"id":154916,"mpn":"G108A3","name":"Montiereisen","description":"Kurz, patentiert","thumbnail":"https:\/\/dev.codekraft.it\/ravaglioli.it\/wp-content\/uploads\/brb_media\/00506736_g108a3-150x150.png","url":"https:\/\/dev.codekraft.it\/ravaglioli.it\/de\/product\/montiereisen\/"},{"id":155908,"mpn":"G108A13","name":"Montierhebel Lkw","description":"","thumbnail":"https:\/\/dev.codekraft.it\/ravaglioli.it\/wp-content\/uploads\/brb_media\/00506730_g108a13-150x150.png","url":"https:\/\/dev.codekraft.it\/ravaglioli.it\/de\/product\/montierhebel-lkw\/"},{"id":154922,"mpn":"G108A16","name":"Pinsel Holz, abgewinkelt","description":"F\u00fcr Radmontagemaschinen","thumbnail":"https:\/\/dev.codekraft.it\/ravaglioli.it\/wp-content\/uploads\/brb_media\/00506731_g108a16-150x114.png","url":"https:\/\/dev.codekraft.it\/ravaglioli.it\/de\/product\/pinsel-holz-abgewinkelt\/"},{"id":155914,"mpn":"G800A37","name":"Montagepaste | 3,5 kg","description":"","thumbnail":"https:\/\/dev.codekraft.it\/ravaglioli.it\/wp-content\/uploads\/brb_media\/00506743_g800a37-150x150.png","url":"https:\/\/dev.codekraft.it\/ravaglioli.it\/de\/product\/montagepaste-35-kg\/"},{"id":155860,"mpn":"G108A1","name":"Klauenschutz f\u00fcr Leichtmetallfelgen","description":"1 Satz \/ 4 St\u00fcck","thumbnail":"https:\/\/dev.codekraft.it\/ravaglioli.it\/wp-content\/uploads\/brb_media\/00506728_g108a1-150x150.png","url":"https:\/\/dev.codekraft.it\/ravaglioli.it\/de\/product\/klauenschutz-fur-leichtmetallfelgen\/"},{"id":155854,"mpn":"G108A12","name":"Spannbereichserweiterungen bis Felgen-\u00d8 56\u2033","description":"Adapter zur Verl\u00e4ngerung des Spannbereichs | 1 Satz \/ 4 St\u00fcck","thumbnail":"https:\/\/dev.codekraft.it\/ravaglioli.it\/wp-content\/uploads\/brb_media\/00506729_g108a12-150x150.png","url":"https:\/\/dev.codekraft.it\/ravaglioli.it\/de\/product\/spannbereichserweiterungen-bis-felgen-o-56%e2%80%b3\/"},{"id":155866,"mpn":"G108A34","name":"Pneumatischer Wulstdr\u00fccker f\u00fcr EM-Reifen","description":"","thumbnail":"https:\/\/dev.codekraft.it\/ravaglioli.it\/wp-content\/uploads\/brb_media\/00506738_g108a34-02-150x150.png","url":"https:\/\/dev.codekraft.it\/ravaglioli.it\/de\/product\/pneumatischer-wulstdrucker-fur-em-reifen\/"}],"components":[],"delivery":[],"package":[],"related":[],"similar":[{"id":154463,"mpn":"RAV.G9256.206244","name":"Reifenmontiermaschine G9256.15","description":"Universell, 2 Geschwindigkeiten (max. 8 U\/min), verkabelte Konsoleneinheit, Lkw, Felgendurchmesser 11 - 43\u2033, max. Felgenbreite 1500 mm","thumbnail":"https:\/\/dev.codekraft.it\/ravaglioli.it\/wp-content\/uploads\/brb_media\/00509291_tyre-changer-g925615-mi-150x150.png","url":"https:\/\/dev.codekraft.it\/ravaglioli.it\/de\/product\/reifenmontiermaschine-g9256-15\/"},{"id":154264,"mpn":"RAV.G9156.206275","name":"Reifenmontiermaschine G9156.11N","description":"Universell, ohne Montiereisen, max. Geschwindigkeit 10 U\/min, hydraulische Bedieneinheit, Lkw, Felgendurchmesser 11 - 43\u2033 (56\u2033 mit Verl\u00e4ngerungssatz), max. Felgenbreite 1100 mm","thumbnail":"https:\/\/dev.codekraft.it\/ravaglioli.it\/wp-content\/uploads\/brb_media\/00508671_tyre-changer-g915611n-mi-150x150.png","url":"https:\/\/dev.codekraft.it\/ravaglioli.it\/de\/product\/reifenmontiermaschine-g9156-11n\/"},{"id":154270,"mpn":"RAV.G9156.206268","name":"Reifenmontiermaschine G9156.13EI","description":"Universell, ohne Montiereisen, max. Geschwindigkeit 10 U\/min, verkabelte Konsoleneinheit, Lkw, Felgendurchmesser 11 - 43\u2033 (56\u2033 mit Verl\u00e4ngerungssatz), max. Felgenbreite 1300 mm","thumbnail":"https:\/\/dev.codekraft.it\/ravaglioli.it\/wp-content\/uploads\/brb_media\/00508672_tyre-changer-g915613ei-mi-150x150.png","url":"https:\/\/dev.codekraft.it\/ravaglioli.it\/de\/product\/reifenmontiermaschine-g9156-13ei\/"},{"id":154475,"mpn":"RAV.G0360.206237","name":"Reifenmontiermaschine G10360.15","description":"Universell, 2 Geschwindigkeiten (max. 8 U\/min), verkabelte Konsoleneinheit, Lkw, Felgendurchmesser 11 - 43\u2033, max. Felgenbreite 1500 mm","thumbnail":"https:\/\/dev.codekraft.it\/ravaglioli.it\/wp-content\/uploads\/brb_media\/00509301_tyre-changer-g1036015-mi-150x150.png","url":"https:\/\/dev.codekraft.it\/ravaglioli.it\/de\/product\/reifenmontiermaschine-g10360-15\/"},{"id":154481,"mpn":"RAV.G0760.206220","name":"Reifenmontiermaschine G10760.17","description":"Universell, vollautomatisch, 2 Geschwindigkeiten (max. 8 U\/min), kabellose Konsoleneinheit, Lkw, Felgendurchmesser 11 - 50\u2033 (60\u2033 mit Verl\u00e4ngerungssatz), max. Felgenbreite 1750 mm","thumbnail":"https:\/\/dev.codekraft.it\/ravaglioli.it\/wp-content\/uploads\/brb_media\/00509303_tyre-changer-g1076017-mi-150x150.png","url":"https:\/\/dev.codekraft.it\/ravaglioli.it\/de\/product\/reifenmontiermaschine-g10760-17\/"}],"page_logo_src":"https:\/\/dev.codekraft.it\/ravaglioli.it\/wp-content\/uploads\/2026\/04\/rav-negative-logo-1.png","lang":"de","translations":{"de":154469,"en":154468,"fr":154470,"it":154471,"es":154472,"ru":154473},"pll_sync_post":[],"_links":{"self":[{"href":"https:\/\/dev.codekraft.it\/ravaglioli.it\/wp-json\/wp\/v2\/product\/154469","targetHints":{"allow":["GET"]}}],"collection":[{"href":"https:\/\/dev.codekraft.it\/ravaglioli.it\/wp-json\/wp\/v2\/product"}],"about":[{"href":"https:\/\/dev.codekraft.it\/ravaglioli.it\/wp-json\/wp\/v2\/types\/product"}],"wp:featuredmedia":[{"embeddable":true,"href":"https:\/\/dev.codekraft.it\/ravaglioli.it\/wp-json\/wp\/v2\/media\/43425"}],"wp:attachment":[{"href":"https:\/\/dev.codekraft.it\/ravaglioli.it\/wp-json\/wp\/v2\/media?parent=154469"}],"wp:term":[{"taxonomy":"product_brand","embeddable":true,"href":"https:\/\/dev.codekraft.it\/ravaglioli.it\/wp-json\/wp\/v2\/product_brand?post=154469"},{"taxonomy":"product_cat","embeddable":true,"href":"https:\/\/dev.codekraft.it\/ravaglioli.it\/wp-json\/wp\/v2\/product_cat?post=154469"},{"taxonomy":"product_tag","embeddable":true,"href":"https:\/\/dev.codekraft.it\/ravaglioli.it\/wp-json\/wp\/v2\/product_tag?post=154469"},{"taxonomy":"product_approvals","embeddable":true,"href":"https:\/\/dev.codekraft.it\/ravaglioli.it\/wp-json\/wp\/v2\/product_approvals?post=154469"},{"taxonomy":"product_application","embeddable":true,"href":"https:\/\/dev.codekraft.it\/ravaglioli.it\/wp-json\/wp\/v2\/product_application?post=154469"}],"curies":[{"name":"wp","href":"https:\/\/api.w.org\/{rel}","templated":true}]}}