{"id":154466,"date":"2025-09-08T09:01:42","date_gmt":"2025-09-08T08:01:42","guid":{"rendered":"https:\/\/dev.codekraft.it\/ravaglioli.it\/product\/desmontadora-de-neumaticos-g9256-15\/"},"modified":"2026-01-14T21:29:16","modified_gmt":"2026-01-14T21:29:16","slug":"desmontadora-de-neumaticos-g9256-15","status":"publish","type":"product","link":"https:\/\/dev.codekraft.it\/ravaglioli.it\/es\/product\/desmontadora-de-neumaticos-g9256-15\/","title":{"rendered":"Desmontadora de neum\u00e1ticos G9256.15"},"content":{"rendered":"<p>Desmontadora\u00a0electrohidr\u00e1ulica para neum\u00e1ticos de camiones, m\u00e1quinas agr\u00edcolas y movimientos de tierra. Agarre hasta de 43\u2033 (y 56\u2033 con prolongaci\u00f3nes).<\/p>\n<ul>\n<li>Doble velocidad en movimiento rotaci\u00f3n del plato<\/li>\n<li>Doble velocidad en los movimientos hidr\u00e1ulicos<\/li>\n<li>Despu\u00e9s de 5 segundos de no utilizo el motor se apaga<\/li>\n<li>La considerable fuerza de destalonamiento\u00a0facilita el montaje y desmontaje de neum\u00e1ticos que se han quedado pegados a la imanta durante mucho tiempo, como zonas de obras, puertos o minas<\/li>\n<li>El electro-freno permite el bloqueo inmediato de la rotaci\u00f3n para no da\u00f1ar el neum\u00e1tico<\/li>\n<li>Tambi\u00e9n para ruedas de cami\u00f3n de 19\u2033 y 22,5\u2033<\/li>\n<li>Bloqueo interno a partir de 90 mm<\/li>\n<\/ul>\n","protected":false},"excerpt":{"rendered":"<p>Universal, 2 velocidades (max. 8 r\/min), unidad operativa por cable, cami\u00f3n, di\u00e1metro de llanta 11 &#8211; 43\u2033, anchura llante max. 1500 mm<\/p>\n","protected":false},"featured_media":43417,"template":"","meta":[],"product_brand":[],"product_cat":[57904],"product_tag":[58383,58366,58451,58468],"product_approvals":[],"product_application":[],"class_list":{"0":"post-154466","1":"product","2":"type-product","3":"status-publish","4":"has-post-thumbnail","6":"product_cat-desmontadoras-es","7":"product_tag-buses-es","8":"product_tag-trucks-es","9":"product_tag-agricultural-machines-es","10":"product_tag-tracked-vehicles-es","12":"first","13":"instock","14":"shipping-taxable","15":"product-type-simple"},"approvals":[],"application":[],"brb_media_brochure":[{"id":150518,"url":"https:\/\/dev.codekraft.it\/ravaglioli.it\/wp-content\/uploads\/brb_media\/00521672_tyre-changers-g1036015_g925615-br-multi-2023-09-screen.pdf","title":"Tyre changers G1036015 G925615 BR multi 2023 09 screen","mpn":"","thumbnail":"https:\/\/dev.codekraft.it\/ravaglioli.it\/wp-content\/uploads\/brb_media\/00521672_tyre-changers-g1036015_g925615-br-multi-2023-09-screen-pdf-106x150.png","description":""}],"brb_media_drawing":"","brb_media_manuals":[{"id":150519,"url":"https:\/\/dev.codekraft.it\/ravaglioli.it\/wp-content\/uploads\/brb_media\/00548731_tyre-changer-rotn4315-rotn6315-ravg9256-ravg0360-spag0360-im-7522-m010-00_vsg_rev00-de-2023-11.pdf","title":"Tyre changer ROTN4315 ROTN6315 RAVG9256 RAVG0360 SPAG0360 IM 7522 M010 00 VSG rev00 de 2023 11","mpn":"","thumbnail":"https:\/\/dev.codekraft.it\/ravaglioli.it\/wp-content\/uploads\/brb_media\/00548731_tyre-changer-rotn4315-rotn6315-ravg9256-ravg0360-spag0360-im-7522-m010-00_vsg_rev00-de-2023-11-pdf-106x150.png","description":""},{"id":150520,"url":"https:\/\/dev.codekraft.it\/ravaglioli.it\/wp-content\/uploads\/brb_media\/00548733_tyre-changer-rotn4315-rotn6315-ravg9256-ravg0360-spag0360-im-7522-m010-00_vsg_rev00-en-2023-11.pdf","title":"Tyre changer ROTN4315 ROTN6315 RAVG9256 RAVG0360 SPAG0360 IM 7522 M010 00 VSG rev00 en 2023 11","mpn":"","thumbnail":"https:\/\/dev.codekraft.it\/ravaglioli.it\/wp-content\/uploads\/brb_media\/00548733_tyre-changer-rotn4315-rotn6315-ravg9256-ravg0360-spag0360-im-7522-m010-00_vsg_rev00-en-2023-11-pdf-106x150.png","description":""},{"id":150521,"url":"https:\/\/dev.codekraft.it\/ravaglioli.it\/wp-content\/uploads\/brb_media\/00548734_tyre-changer-rotn4315-rotn6315-ravg9256-ravg0360-spag0360-im-7522-m010-00_vsg_rev00-fr-2023-11.pdf","title":"Tyre changer ROTN4315 ROTN6315 RAVG9256 RAVG0360 SPAG0360 IM 7522 M010 00 VSG rev00 fr 2023 11","mpn":"","thumbnail":"https:\/\/dev.codekraft.it\/ravaglioli.it\/wp-content\/uploads\/brb_media\/00548734_tyre-changer-rotn4315-rotn6315-ravg9256-ravg0360-spag0360-im-7522-m010-00_vsg_rev00-fr-2023-11-pdf-106x150.png","description":""},{"id":150522,"url":"https:\/\/dev.codekraft.it\/ravaglioli.it\/wp-content\/uploads\/brb_media\/00548735_tyre-changer-rotn4315-rotn6315-ravg9256-ravg0360-spag0360-im-7522-m010-00_vsg_rev00-it-2023-11.pdf","title":"Tyre changer ROTN4315 ROTN6315 RAVG9256 RAVG0360 SPAG0360 IM 7522 M010 00 VSG rev00 it 2023 11","mpn":"","thumbnail":"https:\/\/dev.codekraft.it\/ravaglioli.it\/wp-content\/uploads\/brb_media\/00548735_tyre-changer-rotn4315-rotn6315-ravg9256-ravg0360-spag0360-im-7522-m010-00_vsg_rev00-it-2023-11-pdf-106x150.png","description":""},{"id":150523,"url":"https:\/\/dev.codekraft.it\/ravaglioli.it\/wp-content\/uploads\/brb_media\/00548736_tyre-changer-rotn4315-rotn6315-ravg9256-ravg0360-spag0360-im-7522-m010-00_vsg_rev00-es-2023-11.pdf","title":"Tyre changer ROTN4315 ROTN6315 RAVG9256 RAVG0360 SPAG0360 IM 7522 M010 00 VSG rev00 es 2023 11","mpn":"","thumbnail":"https:\/\/dev.codekraft.it\/ravaglioli.it\/wp-content\/uploads\/brb_media\/00548736_tyre-changer-rotn4315-rotn6315-ravg9256-ravg0360-spag0360-im-7522-m010-00_vsg_rev00-es-2023-11-pdf-106x150.png","description":""}],"brb_media_safety_datasheets":"","brb_media_spare_parts":[],"_cdmm_p_id":"502743","_company":"Ravaglioli","_gtin":"5063084206244","accessories":[{"id":155845,"mpn":"G90A6","name":"Mordaza de bloqueo tal\u00f3n para llantas de aleaci\u00f3n","description":"Protecci\u00f3n para llantas de aleaci\u00f3n","thumbnail":"https:\/\/dev.codekraft.it\/ravaglioli.it\/wp-content\/uploads\/brb_media\/00506745_g90a6-150x150.png","url":"https:\/\/dev.codekraft.it\/ravaglioli.it\/es\/product\/mordaza-de-bloqueo-talon-para-llantas-de-aleacion\/"},{"id":154919,"mpn":"G108A3","name":"Palanca","description":"Corta, patentada","thumbnail":"https:\/\/dev.codekraft.it\/ravaglioli.it\/wp-content\/uploads\/brb_media\/00506736_g108a3-150x150.png","url":"https:\/\/dev.codekraft.it\/ravaglioli.it\/es\/product\/palanca\/"},{"id":155911,"mpn":"G108A13","name":"Palanca para anillos para cami\u00f3n","description":"","thumbnail":"https:\/\/dev.codekraft.it\/ravaglioli.it\/wp-content\/uploads\/brb_media\/00506730_g108a13-150x150.png","url":"https:\/\/dev.codekraft.it\/ravaglioli.it\/es\/product\/palanca-para-anillos-para-camion\/"},{"id":154925,"mpn":"G108A16","name":"Brocha madera, en \u00e1ngulo","description":"Para m\u00e1quinas de montaje de ruedas","thumbnail":"https:\/\/dev.codekraft.it\/ravaglioli.it\/wp-content\/uploads\/brb_media\/00506731_g108a16-150x114.png","url":"https:\/\/dev.codekraft.it\/ravaglioli.it\/es\/product\/brocha-madera-en-angulo\/"},{"id":155917,"mpn":"G800A37","name":"Jab\u00f3n lubricante para montaje\/desmontaje neum\u00e1ticos | 3,5 kg","description":"","thumbnail":"https:\/\/dev.codekraft.it\/ravaglioli.it\/wp-content\/uploads\/brb_media\/00506743_g800a37-150x150.png","url":"https:\/\/dev.codekraft.it\/ravaglioli.it\/es\/product\/jabon-lubricante-para-montaje-desmontaje-neumaticos-35-kg\/"},{"id":155863,"mpn":"G108A1","name":"Protecci\u00f3n garras para llantas de aleaci\u00f3n","description":"1 juego \/ 4 piezas","thumbnail":"https:\/\/dev.codekraft.it\/ravaglioli.it\/wp-content\/uploads\/brb_media\/00506728_g108a1-150x150.png","url":"https:\/\/dev.codekraft.it\/ravaglioli.it\/es\/product\/proteccion-garras-para-llantas-de-aleacion\/"},{"id":155869,"mpn":"G108A34","name":"Presiona tal\u00f3n neum\u00e1tico para ruedas agr\u00edcolas","description":"","thumbnail":"https:\/\/dev.codekraft.it\/ravaglioli.it\/wp-content\/uploads\/brb_media\/00506738_g108a34-02-150x150.png","url":"https:\/\/dev.codekraft.it\/ravaglioli.it\/es\/product\/presiona-talon-neumatico-para-ruedas-agricolas\/"}],"components":[],"delivery":[],"package":[],"related":[],"similar":[{"id":154472,"mpn":"RAV.G0156.206251","name":"Desmontadora de neum\u00e1ticos G10156.15","description":"Universal, 2 velocidades (max. 8 r\/min)unidad operativa por cable, cami\u00f3n, di\u00e1metro de llanta 11 - 43\u2033, anchura llante max. 1500 mm","thumbnail":"https:\/\/dev.codekraft.it\/ravaglioli.it\/wp-content\/uploads\/brb_media\/00509295_tyre-changer-g1015615-mi-150x150.png","url":"https:\/\/dev.codekraft.it\/ravaglioli.it\/es\/product\/desmontadora-de-neumaticos-g10156-15\/"},{"id":154478,"mpn":"RAV.G0360.206237","name":"Desmontadora de neum\u00e1ticos G10360.15","description":"Universal, 2 velocidades (max. 8 r\/min), unidad operativa por cable, cami\u00f3n, di\u00e1metro de llanta 11 - 43\u2033, anchura llante max. 1500 mm","thumbnail":"https:\/\/dev.codekraft.it\/ravaglioli.it\/wp-content\/uploads\/brb_media\/00509301_tyre-changer-g1036015-mi-150x150.png","url":"https:\/\/dev.codekraft.it\/ravaglioli.it\/es\/product\/desmontadora-de-neumaticos-g10360-15\/"}],"page_logo_src":"https:\/\/dev.codekraft.it\/ravaglioli.it\/wp-content\/uploads\/2026\/04\/rav-negative-logo-1.png","lang":"es","translations":{"es":154466,"en":154462,"de":154463,"fr":154464,"it":154465,"ru":154467},"pll_sync_post":[],"_links":{"self":[{"href":"https:\/\/dev.codekraft.it\/ravaglioli.it\/wp-json\/wp\/v2\/product\/154466","targetHints":{"allow":["GET"]}}],"collection":[{"href":"https:\/\/dev.codekraft.it\/ravaglioli.it\/wp-json\/wp\/v2\/product"}],"about":[{"href":"https:\/\/dev.codekraft.it\/ravaglioli.it\/wp-json\/wp\/v2\/types\/product"}],"wp:featuredmedia":[{"embeddable":true,"href":"https:\/\/dev.codekraft.it\/ravaglioli.it\/wp-json\/wp\/v2\/media\/43417"}],"wp:attachment":[{"href":"https:\/\/dev.codekraft.it\/ravaglioli.it\/wp-json\/wp\/v2\/media?parent=154466"}],"wp:term":[{"taxonomy":"product_brand","embeddable":true,"href":"https:\/\/dev.codekraft.it\/ravaglioli.it\/wp-json\/wp\/v2\/product_brand?post=154466"},{"taxonomy":"product_cat","embeddable":true,"href":"https:\/\/dev.codekraft.it\/ravaglioli.it\/wp-json\/wp\/v2\/product_cat?post=154466"},{"taxonomy":"product_tag","embeddable":true,"href":"https:\/\/dev.codekraft.it\/ravaglioli.it\/wp-json\/wp\/v2\/product_tag?post=154466"},{"taxonomy":"product_approvals","embeddable":true,"href":"https:\/\/dev.codekraft.it\/ravaglioli.it\/wp-json\/wp\/v2\/product_approvals?post=154466"},{"taxonomy":"product_application","embeddable":true,"href":"https:\/\/dev.codekraft.it\/ravaglioli.it\/wp-json\/wp\/v2\/product_application?post=154466"}],"curies":[{"name":"wp","href":"https:\/\/api.w.org\/{rel}","templated":true}]}}