{"id":154458,"date":"2025-10-30T14:31:24","date_gmt":"2025-10-30T14:31:24","guid":{"rendered":"https:\/\/dev.codekraft.it\/ravaglioli.it\/product\/demonte-pneu-g96n\/"},"modified":"2026-01-14T21:28:44","modified_gmt":"2026-01-14T21:28:44","slug":"demonte-pneu-g96n","status":"publish","type":"product","link":"https:\/\/dev.codekraft.it\/ravaglioli.it\/fr\/product\/demonte-pneu-g96n\/","title":{"rendered":"D\u00e9monte-pneu G96N"},"content":{"rendered":"<p>Les dimensions du mandrin et les courses d&#8217;exercice du bras de d&#8217;\u00e9talonnage permettent d&#8217;op\u00e9rer sur toute la gamme de roues, y compris les roues type \u00ab super- single \u00bb.<\/p>\n<ul>\n<li>Rotation manuelle du bras porte-outil avec kit de d\u00e9blocage rapide (Course, d\u00e9calage et rotation de l&#8217;outil de montage via le syst\u00e8me Quick-Fit)<\/li>\n<li>Id\u00e9al m\u00eame pour roues PL de 19\u2033 et 22,5\u2033<\/li>\n<\/ul>\n","protected":false},"excerpt":{"rendered":"<p>Universel, t\u00eate de montage du syst\u00e8me Quick-Fit, vitesse max. 8 tr\/min, unit\u00e9 de commande hydraulique, camion, diam\u00e8tre de jante 11 &#8211; 27\u2033, largeur de jante max. 925 mm<\/p>\n","protected":false},"featured_media":43409,"template":"","meta":[],"product_brand":[],"product_cat":[57876],"product_tag":[58377,58360,58462,58445],"product_approvals":[],"product_application":[],"class_list":{"0":"post-154458","1":"product","2":"type-product","3":"status-publish","4":"has-post-thumbnail","6":"product_cat-demonte-pneus-fr","7":"product_tag-buses-fr","8":"product_tag-trucks-fr","9":"product_tag-tracked-vehicles-fr","10":"product_tag-agricultural-machines-fr","12":"first","13":"instock","14":"shipping-taxable","15":"product-type-simple"},"approvals":[],"application":[],"brb_media_brochure":[{"id":150509,"url":"https:\/\/dev.codekraft.it\/ravaglioli.it\/wp-content\/uploads\/brb_media\/00521449_tyre-changer-g96n-br-multi-2023-09-screen.pdf","title":"Tyre changer G96N BR multi 2023 09 screen","mpn":"","thumbnail":"https:\/\/dev.codekraft.it\/ravaglioli.it\/wp-content\/uploads\/brb_media\/00521449_tyre-changer-g96n-br-multi-2023-09-screen-pdf-106x150.png","description":""}],"brb_media_drawing":"","brb_media_manuals":[{"id":154450,"url":"https:\/\/dev.codekraft.it\/ravaglioli.it\/wp-content\/uploads\/brb_media\/00549961_tyre-changer-rotnv11n\u2013ravg96nx-spag526n-im-7505-m008-00_vsg_rev02-de-2025-05.pdf","title":"Tyre changer ROTNV11N\u2013RAVG96NX SPAG526N IM 7505 M008 00 VSG rev02 de 2025 05","mpn":"","thumbnail":"https:\/\/dev.codekraft.it\/ravaglioli.it\/wp-content\/uploads\/brb_media\/00549961_tyre-changer-rotnv11n\u2013ravg96nx-spag526n-im-7505-m008-00_vsg_rev02-de-2025-05-pdf-106x150.png","description":""},{"id":154451,"url":"https:\/\/dev.codekraft.it\/ravaglioli.it\/wp-content\/uploads\/brb_media\/00549962_tyre-changer-rotnv11n\u2013ravg96nx-spag526n-im-7505-m008-00_vsg_rev02-en-2025-05.pdf","title":"Tyre changer ROTNV11N\u2013RAVG96NX SPAG526N IM 7505 M008 00 VSG rev02 en 2025 05","mpn":"","thumbnail":"https:\/\/dev.codekraft.it\/ravaglioli.it\/wp-content\/uploads\/brb_media\/00549962_tyre-changer-rotnv11n\u2013ravg96nx-spag526n-im-7505-m008-00_vsg_rev02-en-2025-05-pdf-106x150.png","description":""},{"id":154452,"url":"https:\/\/dev.codekraft.it\/ravaglioli.it\/wp-content\/uploads\/brb_media\/00549963_tyre-changer-rotnv11n\u2013ravg96nx-spag526n-im-7505-m008-00_vsg_rev02-fr-2025-05.pdf","title":"Tyre changer ROTNV11N\u2013RAVG96NX SPAG526N IM 7505 M008 00 VSG rev02 fr 2025 05","mpn":"","thumbnail":"https:\/\/dev.codekraft.it\/ravaglioli.it\/wp-content\/uploads\/brb_media\/00549963_tyre-changer-rotnv11n\u2013ravg96nx-spag526n-im-7505-m008-00_vsg_rev02-fr-2025-05-pdf-106x150.png","description":""},{"id":154453,"url":"https:\/\/dev.codekraft.it\/ravaglioli.it\/wp-content\/uploads\/brb_media\/00549965_tyre-changer-rotnv11n\u2013ravg96nx-spag526n-im-7505-m008-00_vsg_rev02-it-2025-05.pdf","title":"Tyre changer ROTNV11N\u2013RAVG96NX SPAG526N IM 7505 M008 00 VSG rev02 it 2025 05","mpn":"","thumbnail":"https:\/\/dev.codekraft.it\/ravaglioli.it\/wp-content\/uploads\/brb_media\/00549965_tyre-changer-rotnv11n\u2013ravg96nx-spag526n-im-7505-m008-00_vsg_rev02-it-2025-05-pdf-106x150.png","description":""},{"id":154454,"url":"https:\/\/dev.codekraft.it\/ravaglioli.it\/wp-content\/uploads\/brb_media\/00549966_tyre-changer-rotnv11n\u2013ravg96nx-spag526n-im-7505-m008-00_vsg_rev02-es-2025-05.pdf","title":"Tyre changer ROTNV11N\u2013RAVG96NX SPAG526N IM 7505 M008 00 VSG rev02 es 2025 05","mpn":"","thumbnail":"https:\/\/dev.codekraft.it\/ravaglioli.it\/wp-content\/uploads\/brb_media\/00549966_tyre-changer-rotnv11n\u2013ravg96nx-spag526n-im-7505-m008-00_vsg_rev02-es-2025-05-pdf-106x150.png","description":""},{"id":154455,"url":"https:\/\/dev.codekraft.it\/ravaglioli.it\/wp-content\/uploads\/brb_media\/00549967_tyre-changer-rotnv11n\u2013ravg96nx-spag526n-im-7505-m008-00_vsg_rev02-pl-2025-05.pdf","title":"Tyre changer ROTNV11N\u2013RAVG96NX SPAG526N IM 7505 M008 00 VSG rev02 pl 2025 05","mpn":"","thumbnail":"https:\/\/dev.codekraft.it\/ravaglioli.it\/wp-content\/uploads\/brb_media\/00549967_tyre-changer-rotnv11n\u2013ravg96nx-spag526n-im-7505-m008-00_vsg_rev02-pl-2025-05-pdf-106x150.png","description":""}],"brb_media_safety_datasheets":"","brb_media_spare_parts":[],"_cdmm_p_id":"502742","_company":"Ravaglioli","_gtin":"5063084206282","accessories":[{"id":155843,"mpn":"G90A6","name":"Mors bloque-talon pour jantes en alliage","description":"Protection pour jantes en alliage","thumbnail":"https:\/\/dev.codekraft.it\/ravaglioli.it\/wp-content\/uploads\/brb_media\/00506745_g90a6-150x150.png","url":"https:\/\/dev.codekraft.it\/ravaglioli.it\/fr\/product\/mors-bloque-talon-pour-jantes-en-alliage\/"},{"id":154917,"mpn":"G108A3","name":"Levier","description":"Court, brevet\u00e9","thumbnail":"https:\/\/dev.codekraft.it\/ravaglioli.it\/wp-content\/uploads\/brb_media\/00506736_g108a3-150x150.png","url":"https:\/\/dev.codekraft.it\/ravaglioli.it\/fr\/product\/levier\/"},{"id":155909,"mpn":"G108A13","name":"Levier pour valves de gonflage pour camion","description":"","thumbnail":"https:\/\/dev.codekraft.it\/ravaglioli.it\/wp-content\/uploads\/brb_media\/00506730_g108a13-150x150.png","url":"https:\/\/dev.codekraft.it\/ravaglioli.it\/fr\/product\/levier-pour-valves-de-gonflage-pour-camion\/"},{"id":154923,"mpn":"G108A16","name":"Pinceau bois, coud\u00e9","description":"Pour machines d'assemblage de roues","thumbnail":"https:\/\/dev.codekraft.it\/ravaglioli.it\/wp-content\/uploads\/brb_media\/00506731_g108a16-150x114.png","url":"https:\/\/dev.codekraft.it\/ravaglioli.it\/fr\/product\/pinceau-bois-coude\/"},{"id":155915,"mpn":"G800A37","name":"P\u00e2te de montage\/d\u00e9montage | 3,5 kg","description":"","thumbnail":"https:\/\/dev.codekraft.it\/ravaglioli.it\/wp-content\/uploads\/brb_media\/00506743_g800a37-150x150.png","url":"https:\/\/dev.codekraft.it\/ravaglioli.it\/fr\/product\/pate-de-montage-demontage-35-kg\/"},{"id":155849,"mpn":"G108A2","name":"Protection des griffes pour jantes en alliage | 1 jeu \/ 4 pi\u00e8ces","description":"","thumbnail":"https:\/\/dev.codekraft.it\/ravaglioli.it\/wp-content\/uploads\/brb_media\/00539654_tyre-changers-g108a2-mi-150x150.png","url":"https:\/\/dev.codekraft.it\/ravaglioli.it\/fr\/product\/protection-des-griffes-pour-jantes-en-alliage-1-jeu-4-pieces\/"},{"id":155867,"mpn":"G108A34","name":"Pousse-talon pour roues agricoles","description":"","thumbnail":"https:\/\/dev.codekraft.it\/ravaglioli.it\/wp-content\/uploads\/brb_media\/00506738_g108a34-02-150x150.png","url":"https:\/\/dev.codekraft.it\/ravaglioli.it\/fr\/product\/pousse-talon-pour-roues-agricoles\/"},{"id":154929,"mpn":"G108A36","name":"Rouleau casseur de talon","description":"Pour pneus sans chambre \u00e0 air","thumbnail":"https:\/\/dev.codekraft.it\/ravaglioli.it\/wp-content\/uploads\/brb_media\/00506744_g90a2-150x150.png","url":"https:\/\/dev.codekraft.it\/ravaglioli.it\/fr\/product\/rouleau-casseur-de-talon\/"}],"components":[],"delivery":[],"package":[],"related":[],"similar":[{"id":154271,"mpn":"RAV.G9156.206268","name":"D\u00e9monte-pneu G9156.13EI","description":"Universel, sans levier, vitesse max. 10 tr\/min, unit\u00e9 de commande par c\u00e2ble, camion, diam\u00e8tre de jante 11 - 43\u2033 (56\u2033 avec extension), largeur de jante max. 1300 mm","thumbnail":"https:\/\/dev.codekraft.it\/ravaglioli.it\/wp-content\/uploads\/brb_media\/00508672_tyre-changer-g915613ei-mi-150x150.png","url":"https:\/\/dev.codekraft.it\/ravaglioli.it\/fr\/product\/demonte-pneu-g9156-13ei\/"},{"id":154265,"mpn":"RAV.G9156.206275","name":"D\u00e9monte-pneu G9156.11N","description":"Universel, sans levier, vitesse max. 10 tr\/min, unit\u00e9 de commande hydraulique, camion, diam\u00e8tre de jante 11 - 43\u2033 (56\u2033 avec extension), largeur de jante max. 1100 mm","thumbnail":"https:\/\/dev.codekraft.it\/ravaglioli.it\/wp-content\/uploads\/brb_media\/00508671_tyre-changer-g915611n-mi-150x150.png","url":"https:\/\/dev.codekraft.it\/ravaglioli.it\/fr\/product\/demonte-pneu-g9156-11n\/"},{"id":154506,"mpn":"RAV.GTB16.206305","name":"D\u00e9monte-pneu GTB16EVO","description":"T\u00eate de montage et levier de montage, pour pneus camion tubeless, double d\u00e9talonneur simultan\u00e9, vitesse max. 8 tr\/min, unit\u00e9 de commande hydraulique, camion, diam\u00e8tre de jante 11 - 27\u2033, largeur de jante max. 540 mm","thumbnail":"https:\/\/dev.codekraft.it\/ravaglioli.it\/wp-content\/uploads\/brb_media\/00509336_tyre-changer-gtb16evo-mi-150x150.png","url":"https:\/\/dev.codekraft.it\/ravaglioli.it\/fr\/product\/demonte-pneu-gtb16evo\/"},{"id":154488,"mpn":"RAV.GR926.206336","name":"D\u00e9monte-pneu GRS926","description":"Machine de montage de pneus \u00e0 usage portable ou stationnaire, convient pour une installation dans des vehicules utilitaires bach\u00e9s, vitesse max. 8 tr\/min, unit\u00e9 de commande hydraulique, camion, diam\u00e8tre de jante 11 - 27\u2033, largeur de jante max. 950 mm","thumbnail":"https:\/\/dev.codekraft.it\/ravaglioli.it\/wp-content\/uploads\/brb_media\/00509317_tyre-changer-grs926-mi-150x150.png","url":"https:\/\/dev.codekraft.it\/ravaglioli.it\/fr\/product\/demonte-pneu-grs926\/"}],"page_logo_src":"https:\/\/dev.codekraft.it\/ravaglioli.it\/wp-content\/uploads\/2026\/04\/rav-negative-logo-1.png","lang":"fr","translations":{"fr":154458,"en":154449,"de":154457,"it":154459,"es":154460,"ru":154461},"pll_sync_post":[],"_links":{"self":[{"href":"https:\/\/dev.codekraft.it\/ravaglioli.it\/wp-json\/wp\/v2\/product\/154458","targetHints":{"allow":["GET"]}}],"collection":[{"href":"https:\/\/dev.codekraft.it\/ravaglioli.it\/wp-json\/wp\/v2\/product"}],"about":[{"href":"https:\/\/dev.codekraft.it\/ravaglioli.it\/wp-json\/wp\/v2\/types\/product"}],"wp:featuredmedia":[{"embeddable":true,"href":"https:\/\/dev.codekraft.it\/ravaglioli.it\/wp-json\/wp\/v2\/media\/43409"}],"wp:attachment":[{"href":"https:\/\/dev.codekraft.it\/ravaglioli.it\/wp-json\/wp\/v2\/media?parent=154458"}],"wp:term":[{"taxonomy":"product_brand","embeddable":true,"href":"https:\/\/dev.codekraft.it\/ravaglioli.it\/wp-json\/wp\/v2\/product_brand?post=154458"},{"taxonomy":"product_cat","embeddable":true,"href":"https:\/\/dev.codekraft.it\/ravaglioli.it\/wp-json\/wp\/v2\/product_cat?post=154458"},{"taxonomy":"product_tag","embeddable":true,"href":"https:\/\/dev.codekraft.it\/ravaglioli.it\/wp-json\/wp\/v2\/product_tag?post=154458"},{"taxonomy":"product_approvals","embeddable":true,"href":"https:\/\/dev.codekraft.it\/ravaglioli.it\/wp-json\/wp\/v2\/product_approvals?post=154458"},{"taxonomy":"product_application","embeddable":true,"href":"https:\/\/dev.codekraft.it\/ravaglioli.it\/wp-json\/wp\/v2\/product_application?post=154458"}],"curies":[{"name":"wp","href":"https:\/\/api.w.org\/{rel}","templated":true}]}}