{"id":154457,"date":"2025-10-30T14:31:24","date_gmt":"2025-10-30T14:31:24","guid":{"rendered":"https:\/\/dev.codekraft.it\/ravaglioli.it\/product\/reifenmontiermaschine-g96n\/"},"modified":"2026-01-14T21:28:43","modified_gmt":"2026-01-14T21:28:43","slug":"reifenmontiermaschine-g96n","status":"publish","type":"product","link":"https:\/\/dev.codekraft.it\/ravaglioli.it\/de\/product\/reifenmontiermaschine-g96n\/","title":{"rendered":"Reifenmontiermaschine G96N"},"content":{"rendered":"<p>Die Gr\u00f6\u00dfe der Spannvorrichtung und der Arbeitsbereich des Schlittens erm\u00f6glichen den Einsatz auf allen Radtypen, auch auf den Super-Single-Reifen.<\/p>\n<ul>\n<li>Schnelle\u00a0Manuellumdrehung der Montagevorrichtung<\/li>\n<li>Ideal auch f\u00fcr 19\u2033 und 22,5\u2033-R\u00e4der<\/li>\n<li>Hub, Verschiebung und Drehung des Montagewerkzeugs \u00fcber Quick-Fit-System<\/li>\n<\/ul>\n","protected":false},"excerpt":{"rendered":"<p>Universell, Quick-Fit-System-Montagewerkzeug, max. Geschwindigkeit 8 U\/min, hydraulische Bedieneinheit, Lkw, Felgendurchmesser 11 &#8211; 27\u2033, max. Felgenbreite 925 mm<\/p>\n","protected":false},"featured_media":43409,"template":"","meta":[],"product_brand":[],"product_cat":[57862],"product_tag":[58374,58459,58442,58357],"product_approvals":[],"product_application":[],"class_list":{"0":"post-154457","1":"product","2":"type-product","3":"status-publish","4":"has-post-thumbnail","6":"product_cat-reifenmontiermaschinen-de","7":"product_tag-buses-de","8":"product_tag-tracked-vehicles-de","9":"product_tag-agricultural-machines-de","10":"product_tag-trucks-de","12":"first","13":"instock","14":"shipping-taxable","15":"product-type-simple"},"approvals":[],"application":[],"brb_media_brochure":[{"id":150509,"url":"https:\/\/dev.codekraft.it\/ravaglioli.it\/wp-content\/uploads\/brb_media\/00521449_tyre-changer-g96n-br-multi-2023-09-screen.pdf","title":"Tyre changer G96N BR multi 2023 09 screen","mpn":"","thumbnail":"https:\/\/dev.codekraft.it\/ravaglioli.it\/wp-content\/uploads\/brb_media\/00521449_tyre-changer-g96n-br-multi-2023-09-screen-pdf-106x150.png","description":""}],"brb_media_drawing":"","brb_media_manuals":[{"id":154450,"url":"https:\/\/dev.codekraft.it\/ravaglioli.it\/wp-content\/uploads\/brb_media\/00549961_tyre-changer-rotnv11n\u2013ravg96nx-spag526n-im-7505-m008-00_vsg_rev02-de-2025-05.pdf","title":"Tyre changer ROTNV11N\u2013RAVG96NX SPAG526N IM 7505 M008 00 VSG rev02 de 2025 05","mpn":"","thumbnail":"https:\/\/dev.codekraft.it\/ravaglioli.it\/wp-content\/uploads\/brb_media\/00549961_tyre-changer-rotnv11n\u2013ravg96nx-spag526n-im-7505-m008-00_vsg_rev02-de-2025-05-pdf-106x150.png","description":""},{"id":154451,"url":"https:\/\/dev.codekraft.it\/ravaglioli.it\/wp-content\/uploads\/brb_media\/00549962_tyre-changer-rotnv11n\u2013ravg96nx-spag526n-im-7505-m008-00_vsg_rev02-en-2025-05.pdf","title":"Tyre changer ROTNV11N\u2013RAVG96NX SPAG526N IM 7505 M008 00 VSG rev02 en 2025 05","mpn":"","thumbnail":"https:\/\/dev.codekraft.it\/ravaglioli.it\/wp-content\/uploads\/brb_media\/00549962_tyre-changer-rotnv11n\u2013ravg96nx-spag526n-im-7505-m008-00_vsg_rev02-en-2025-05-pdf-106x150.png","description":""},{"id":154452,"url":"https:\/\/dev.codekraft.it\/ravaglioli.it\/wp-content\/uploads\/brb_media\/00549963_tyre-changer-rotnv11n\u2013ravg96nx-spag526n-im-7505-m008-00_vsg_rev02-fr-2025-05.pdf","title":"Tyre changer ROTNV11N\u2013RAVG96NX SPAG526N IM 7505 M008 00 VSG rev02 fr 2025 05","mpn":"","thumbnail":"https:\/\/dev.codekraft.it\/ravaglioli.it\/wp-content\/uploads\/brb_media\/00549963_tyre-changer-rotnv11n\u2013ravg96nx-spag526n-im-7505-m008-00_vsg_rev02-fr-2025-05-pdf-106x150.png","description":""},{"id":154453,"url":"https:\/\/dev.codekraft.it\/ravaglioli.it\/wp-content\/uploads\/brb_media\/00549965_tyre-changer-rotnv11n\u2013ravg96nx-spag526n-im-7505-m008-00_vsg_rev02-it-2025-05.pdf","title":"Tyre changer ROTNV11N\u2013RAVG96NX SPAG526N IM 7505 M008 00 VSG rev02 it 2025 05","mpn":"","thumbnail":"https:\/\/dev.codekraft.it\/ravaglioli.it\/wp-content\/uploads\/brb_media\/00549965_tyre-changer-rotnv11n\u2013ravg96nx-spag526n-im-7505-m008-00_vsg_rev02-it-2025-05-pdf-106x150.png","description":""},{"id":154454,"url":"https:\/\/dev.codekraft.it\/ravaglioli.it\/wp-content\/uploads\/brb_media\/00549966_tyre-changer-rotnv11n\u2013ravg96nx-spag526n-im-7505-m008-00_vsg_rev02-es-2025-05.pdf","title":"Tyre changer ROTNV11N\u2013RAVG96NX SPAG526N IM 7505 M008 00 VSG rev02 es 2025 05","mpn":"","thumbnail":"https:\/\/dev.codekraft.it\/ravaglioli.it\/wp-content\/uploads\/brb_media\/00549966_tyre-changer-rotnv11n\u2013ravg96nx-spag526n-im-7505-m008-00_vsg_rev02-es-2025-05-pdf-106x150.png","description":""},{"id":154455,"url":"https:\/\/dev.codekraft.it\/ravaglioli.it\/wp-content\/uploads\/brb_media\/00549967_tyre-changer-rotnv11n\u2013ravg96nx-spag526n-im-7505-m008-00_vsg_rev02-pl-2025-05.pdf","title":"Tyre changer ROTNV11N\u2013RAVG96NX SPAG526N IM 7505 M008 00 VSG rev02 pl 2025 05","mpn":"","thumbnail":"https:\/\/dev.codekraft.it\/ravaglioli.it\/wp-content\/uploads\/brb_media\/00549967_tyre-changer-rotnv11n\u2013ravg96nx-spag526n-im-7505-m008-00_vsg_rev02-pl-2025-05-pdf-106x150.png","description":""}],"brb_media_safety_datasheets":"","brb_media_spare_parts":[],"_cdmm_p_id":"502742","_company":"Ravaglioli","_gtin":"5063084206282","accessories":[{"id":155842,"mpn":"G90A6","name":"Wulstklemme f\u00fcr Leichtmetallfelgen","description":"Alufelgen-Klemme","thumbnail":"https:\/\/dev.codekraft.it\/ravaglioli.it\/wp-content\/uploads\/brb_media\/00506745_g90a6-150x150.png","url":"https:\/\/dev.codekraft.it\/ravaglioli.it\/de\/product\/wulstklemme-fur-leichtmetallfelgen\/"},{"id":154916,"mpn":"G108A3","name":"Montiereisen","description":"Kurz, patentiert","thumbnail":"https:\/\/dev.codekraft.it\/ravaglioli.it\/wp-content\/uploads\/brb_media\/00506736_g108a3-150x150.png","url":"https:\/\/dev.codekraft.it\/ravaglioli.it\/de\/product\/montiereisen\/"},{"id":155908,"mpn":"G108A13","name":"Montierhebel Lkw","description":"","thumbnail":"https:\/\/dev.codekraft.it\/ravaglioli.it\/wp-content\/uploads\/brb_media\/00506730_g108a13-150x150.png","url":"https:\/\/dev.codekraft.it\/ravaglioli.it\/de\/product\/montierhebel-lkw\/"},{"id":154922,"mpn":"G108A16","name":"Pinsel Holz, abgewinkelt","description":"F\u00fcr Radmontagemaschinen","thumbnail":"https:\/\/dev.codekraft.it\/ravaglioli.it\/wp-content\/uploads\/brb_media\/00506731_g108a16-150x114.png","url":"https:\/\/dev.codekraft.it\/ravaglioli.it\/de\/product\/pinsel-holz-abgewinkelt\/"},{"id":155914,"mpn":"G800A37","name":"Montagepaste | 3,5 kg","description":"","thumbnail":"https:\/\/dev.codekraft.it\/ravaglioli.it\/wp-content\/uploads\/brb_media\/00506743_g800a37-150x150.png","url":"https:\/\/dev.codekraft.it\/ravaglioli.it\/de\/product\/montagepaste-35-kg\/"},{"id":155848,"mpn":"G108A2","name":"Klauenschutz f\u00fcr Leichtmetallfelgen | 1 Satz \/ 4 St\u00fcck","description":"","thumbnail":"https:\/\/dev.codekraft.it\/ravaglioli.it\/wp-content\/uploads\/brb_media\/00539654_tyre-changers-g108a2-mi-150x150.png","url":"https:\/\/dev.codekraft.it\/ravaglioli.it\/de\/product\/klauenschutz-fur-leichtmetallfelgen-1-satz-4-stuck\/"},{"id":155866,"mpn":"G108A34","name":"Pneumatischer Wulstdr\u00fccker f\u00fcr EM-Reifen","description":"","thumbnail":"https:\/\/dev.codekraft.it\/ravaglioli.it\/wp-content\/uploads\/brb_media\/00506738_g108a34-02-150x150.png","url":"https:\/\/dev.codekraft.it\/ravaglioli.it\/de\/product\/pneumatischer-wulstdrucker-fur-em-reifen\/"},{"id":154928,"mpn":"G108A36","name":"Abdr\u00fcckrolle","description":"F\u00fcr schlauchlose Reifen","thumbnail":"https:\/\/dev.codekraft.it\/ravaglioli.it\/wp-content\/uploads\/brb_media\/00506744_g90a2-150x150.png","url":"https:\/\/dev.codekraft.it\/ravaglioli.it\/de\/product\/abdruckrolle\/"}],"components":[],"delivery":[],"package":[],"related":[],"similar":[{"id":154270,"mpn":"RAV.G9156.206268","name":"Reifenmontiermaschine G9156.13EI","description":"Universell, ohne Montiereisen, max. Geschwindigkeit 10 U\/min, verkabelte Konsoleneinheit, Lkw, Felgendurchmesser 11 - 43\u2033 (56\u2033 mit Verl\u00e4ngerungssatz), max. Felgenbreite 1300 mm","thumbnail":"https:\/\/dev.codekraft.it\/ravaglioli.it\/wp-content\/uploads\/brb_media\/00508672_tyre-changer-g915613ei-mi-150x150.png","url":"https:\/\/dev.codekraft.it\/ravaglioli.it\/de\/product\/reifenmontiermaschine-g9156-13ei\/"},{"id":154264,"mpn":"RAV.G9156.206275","name":"Reifenmontiermaschine G9156.11N","description":"Universell, ohne Montiereisen, max. Geschwindigkeit 10 U\/min, hydraulische Bedieneinheit, Lkw, Felgendurchmesser 11 - 43\u2033 (56\u2033 mit Verl\u00e4ngerungssatz), max. Felgenbreite 1100 mm","thumbnail":"https:\/\/dev.codekraft.it\/ravaglioli.it\/wp-content\/uploads\/brb_media\/00508671_tyre-changer-g915611n-mi-150x150.png","url":"https:\/\/dev.codekraft.it\/ravaglioli.it\/de\/product\/reifenmontiermaschine-g9156-11n\/"},{"id":154505,"mpn":"RAV.GTB16.206305","name":"Reifenmontiermaschine GTB16EVO","description":"Montagekopf und Montiereisen, f\u00fcr schlauchlose Lkw-Reifen, synchronisierte Doppelabdr\u00fcckung, max. Geschwindigkeit 8 U\/min, hydraulische Bedieneinheit, Lkw, Felgendurchmesser 11 - 27\u2033, max. Felgenbreite  540 mm","thumbnail":"https:\/\/dev.codekraft.it\/ravaglioli.it\/wp-content\/uploads\/brb_media\/00509336_tyre-changer-gtb16evo-mi-150x150.png","url":"https:\/\/dev.codekraft.it\/ravaglioli.it\/de\/product\/reifenmontiermaschine-gtb16evo\/"},{"id":154487,"mpn":"RAV.GR926.206336","name":"Reifenmontiermaschine GRS926","description":"Montiermaschine f\u00fcr den mobilen oder station\u00e4ren Einsatz, geeignet f\u00fcr den Einbau in geschlossene Anh\u00e4nger, max. Geschwindigkeit 8 U\/min, hydraulische Bedieneinheit, Lkw, Felgendurchmesser 11 - 27\u2033, max. Felgenbreite 950 mm","thumbnail":"https:\/\/dev.codekraft.it\/ravaglioli.it\/wp-content\/uploads\/brb_media\/00509317_tyre-changer-grs926-mi-150x150.png","url":"https:\/\/dev.codekraft.it\/ravaglioli.it\/de\/product\/reifenmontiermaschine-grs926\/"}],"page_logo_src":"https:\/\/dev.codekraft.it\/ravaglioli.it\/wp-content\/uploads\/2026\/04\/rav-negative-logo-1.png","lang":"de","translations":{"de":154457,"en":154449,"fr":154458,"it":154459,"es":154460,"ru":154461},"pll_sync_post":[],"_links":{"self":[{"href":"https:\/\/dev.codekraft.it\/ravaglioli.it\/wp-json\/wp\/v2\/product\/154457","targetHints":{"allow":["GET"]}}],"collection":[{"href":"https:\/\/dev.codekraft.it\/ravaglioli.it\/wp-json\/wp\/v2\/product"}],"about":[{"href":"https:\/\/dev.codekraft.it\/ravaglioli.it\/wp-json\/wp\/v2\/types\/product"}],"wp:featuredmedia":[{"embeddable":true,"href":"https:\/\/dev.codekraft.it\/ravaglioli.it\/wp-json\/wp\/v2\/media\/43409"}],"wp:attachment":[{"href":"https:\/\/dev.codekraft.it\/ravaglioli.it\/wp-json\/wp\/v2\/media?parent=154457"}],"wp:term":[{"taxonomy":"product_brand","embeddable":true,"href":"https:\/\/dev.codekraft.it\/ravaglioli.it\/wp-json\/wp\/v2\/product_brand?post=154457"},{"taxonomy":"product_cat","embeddable":true,"href":"https:\/\/dev.codekraft.it\/ravaglioli.it\/wp-json\/wp\/v2\/product_cat?post=154457"},{"taxonomy":"product_tag","embeddable":true,"href":"https:\/\/dev.codekraft.it\/ravaglioli.it\/wp-json\/wp\/v2\/product_tag?post=154457"},{"taxonomy":"product_approvals","embeddable":true,"href":"https:\/\/dev.codekraft.it\/ravaglioli.it\/wp-json\/wp\/v2\/product_approvals?post=154457"},{"taxonomy":"product_application","embeddable":true,"href":"https:\/\/dev.codekraft.it\/ravaglioli.it\/wp-json\/wp\/v2\/product_application?post=154457"}],"curies":[{"name":"wp","href":"https:\/\/api.w.org\/{rel}","templated":true}]}}