{"id":154420,"date":"2025-11-20T10:26:31","date_gmt":"2025-11-20T10:26:31","guid":{"rendered":"https:\/\/dev.codekraft.it\/ravaglioli.it\/product\/elektronische-mikroprozessorgesteuerte-radauswuchtmaschine-gp3-150ws\/"},"modified":"2026-01-14T21:23:44","modified_gmt":"2026-01-14T21:23:44","slug":"elektronische-mikroprozessorgesteuerte-radauswuchtmaschine-gp3-150ws","status":"publish","type":"product","link":"https:\/\/dev.codekraft.it\/ravaglioli.it\/de\/product\/elektronische-mikroprozessorgesteuerte-radauswuchtmaschine-gp3-150ws\/","title":{"rendered":"Elektronische mikroprozessorgesteuerte Radauswuchtmaschine GP3.150WS"},"content":{"rendered":"<p>Elektronische mikroprozessorgesteuerte Radauswuchtmaschine mit automatischem Radstop in der inneren und \u00e4u\u00dferen Unwuchtposition. Schnelle Auswahl mit Abstandtaster. Automatische \u00dcbernahme von Abstand und Durchmesser.<\/p>\n<ul>\n<li>Perfekte Pr\u00e4zision: automatische Raddatenerfassung und\u00a0Laser-Positionierhilfe<\/li>\n<li>Praktisches Design: alles hat seinen Platz, alles ist an der richtigen Stelle<\/li>\n<li>Intuitive Technologie: Grafiken und Farben sind so gestaltet, dass sie die Benutzung der Auswuchtmaschine erleichtern<\/li>\n<\/ul>\n<ul>\n<li>Felgenunrunheitsvermessung: Felgenunrunheitsvermessung mit Abstandtaster<\/li>\n<li>Programmauswahl: schnelle Auswahl mit Abstandtaster<\/li>\n<li>Doppelte LED-Leuchte und Laserklinge (mit Laserlinie auf 6 Uhr f\u00fcr Klebegewichte) zur ordnungsgem\u00e4\u00dfen und problemlosen Gewichtsanbringung an der richtigen Position<\/li>\n<li>Eco-Weight: ein modernes System f\u00fcr die Gewichteminimierung<\/li>\n<li>Arretierung in Position: automatischer Radstop in der inneren und \u00e4u\u00dferen Unwuchtposition<\/li>\n<li>Raumoptimierung um alles praktisch und einfach zu machen<\/li>\n<li>Ob serienm\u00e4\u00dfig oder Sonderausstattung, jedes Zubeh\u00f6rteil hat seinen eigenen Platz<\/li>\n<li>Kompatibel mit dem System TEq-Link\n<ul>\n<li>Internetverbindung<\/li>\n<li>Versand der Ergebnisse an die Kunden<\/li>\n<li>Remote Support<\/li>\n<\/ul>\n<\/li>\n<\/ul>\n<ul>\n<li>Breitentaster<\/li>\n<li>22\u201d-Monitor mit Folientastatur<\/li>\n<li>Automatische Breitenerfassung durch Absenken des Radschutzbogens<\/li>\n<li>Professionelle Schnellspannmutter<\/li>\n<li>Gro\u00dfe Ablagef\u00e4cher f\u00fcr Schlag und Klebegewichte<\/li>\n<li>Vordertasche f\u00fcr Arbeitswerkzeuge<\/li>\n<li>Grafiken mit selbsterkl\u00e4renden Symbolen f\u00fcr eine leichtere Bedienung der Auswuchtmaschine<\/li>\n<\/ul>\n","protected":false},"excerpt":{"rendered":"<p>3D, 22\u2033-LCD-Bildschirm, pneumatische Verriegelung, Pkw, Felgendurchmesser 10 &#8211; 26\u2033, max. Raddurchmesser 43\u2033 | Blau (RAL 5005)<\/p>\n","protected":false},"featured_media":43375,"template":"","meta":[],"product_brand":[],"product_cat":[57948],"product_tag":[58287,63154,58323],"product_approvals":[],"product_application":[],"class_list":{"0":"post-154420","1":"product","2":"type-product","3":"status-publish","4":"has-post-thumbnail","6":"product_cat-radauswuchtmaschinen-de","7":"product_tag-passenger-cars-de","8":"product_tag-quickship-de","9":"product_tag-light-commercial-de","11":"first","12":"instock","13":"shipping-taxable","14":"product-type-simple"},"approvals":[],"application":[],"brb_media_brochure":[{"id":150499,"url":"https:\/\/dev.codekraft.it\/ravaglioli.it\/wp-content\/uploads\/brb_media\/00533591_wheel-balancer-g3150-g3128-br-de-09-2024-screen.pdf","title":"Wheel balancer G3150 G3128 BR de 09 2024 screen","mpn":"","thumbnail":"https:\/\/dev.codekraft.it\/ravaglioli.it\/wp-content\/uploads\/brb_media\/00533591_wheel-balancer-g3150-g3128-br-de-09-2024-screen-pdf-106x150.png","description":""},{"id":150500,"url":"https:\/\/dev.codekraft.it\/ravaglioli.it\/wp-content\/uploads\/brb_media\/00533592_wheel-balancer-g3150-g3128-br-en-09-2024-screen.pdf","title":"Wheel balancer G3150 G3128 BR en 09 2024 screen","mpn":"","thumbnail":"https:\/\/dev.codekraft.it\/ravaglioli.it\/wp-content\/uploads\/brb_media\/00533592_wheel-balancer-g3150-g3128-br-en-09-2024-screen-pdf-106x150.png","description":""},{"id":150501,"url":"https:\/\/dev.codekraft.it\/ravaglioli.it\/wp-content\/uploads\/brb_media\/00533593_wheel-balancer-g3150-g3128-br-fr-09-2024-screen.pdf","title":"Wheel balancer G3150 G3128 BR fr 09 2024 screen","mpn":"","thumbnail":"https:\/\/dev.codekraft.it\/ravaglioli.it\/wp-content\/uploads\/brb_media\/00533593_wheel-balancer-g3150-g3128-br-fr-09-2024-screen-pdf-106x150.png","description":""},{"id":150502,"url":"https:\/\/dev.codekraft.it\/ravaglioli.it\/wp-content\/uploads\/brb_media\/00533594_wheel-balancer-g3150-g3128-br-it-09-2024-screen.pdf","title":"Wheel balancer G3150 G3128 BR it 09 2024 screen","mpn":"","thumbnail":"https:\/\/dev.codekraft.it\/ravaglioli.it\/wp-content\/uploads\/brb_media\/00533594_wheel-balancer-g3150-g3128-br-it-09-2024-screen-pdf-106x150.png","description":""},{"id":150503,"url":"https:\/\/dev.codekraft.it\/ravaglioli.it\/wp-content\/uploads\/brb_media\/00533595_wheel-balancer-g3150-g3128-br-es-09-2024-screen.pdf","title":"Wheel balancer G3150 G3128 BR es 09 2024 screen","mpn":"","thumbnail":"https:\/\/dev.codekraft.it\/ravaglioli.it\/wp-content\/uploads\/brb_media\/00533595_wheel-balancer-g3150-g3128-br-es-09-2024-screen-pdf-106x150.png","description":""},{"id":150504,"url":"https:\/\/dev.codekraft.it\/ravaglioli.it\/wp-content\/uploads\/brb_media\/00533596_wheel-balancer-g3150-g3128-br-ru-09-2024-screen.pdf","title":"Wheel balancer G3150 G3128 BR ru 09 2024 screen","mpn":"","thumbnail":"https:\/\/dev.codekraft.it\/ravaglioli.it\/wp-content\/uploads\/brb_media\/00533596_wheel-balancer-g3150-g3128-br-ru-09-2024-screen-pdf-106x150.png","description":""}],"brb_media_drawing":"","brb_media_manuals":[{"id":149961,"url":"https:\/\/dev.codekraft.it\/ravaglioli.it\/wp-content\/uploads\/brb_media\/00535510_wheel-balancers-rot-rav-spa-monitor-wheel-balancer-im-1301-m004-02_vsg_rev02-multi-2024-11.pdf","title":"wheel balancers rot rav spa monitor wheel balancer im 1301 m004 02 vsg rev02 multi 2024 11","mpn":"","thumbnail":"https:\/\/dev.codekraft.it\/ravaglioli.it\/wp-content\/uploads\/brb_media\/00535510_wheel-balancers-rot-rav-spa-monitor-wheel-balancer-im-1301-m004-02_vsg_rev02-multi-2024-11-pdf-106x150.png","description":""}],"brb_media_safety_datasheets":"","brb_media_spare_parts":[],"_cdmm_p_id":"502737","_company":"Ravaglioli","_gtin":"5063084201386","accessories":[{"id":153605,"mpn":"GAR377","name":"Ultraschall-Unrundheitsmessvorrichtung f\u00fcr Modelle mit GAR332","description":"","thumbnail":"https:\/\/dev.codekraft.it\/ravaglioli.it\/wp-content\/uploads\/brb_media\/00509276_wheel-balancer-gar377-mi-150x150.png","url":"https:\/\/dev.codekraft.it\/ravaglioli.it\/de\/product\/ultraschall-unrundheitsmessvorrichtung-fur-modelle-mit-gar332\/"},{"id":152323,"mpn":"GAR378","name":"Wi-Fi-Antenne","description":"F\u00fcr Wi-Fi-Verbindung und Aktivierung der Verbindungsfunktion","thumbnail":"","url":"https:\/\/dev.codekraft.it\/ravaglioli.it\/de\/product\/wi-fi-antenne\/"},{"id":154976,"mpn":"GAR121","name":"Radschutzscheibe","description":"","thumbnail":"https:\/\/dev.codekraft.it\/ravaglioli.it\/wp-content\/uploads\/brb_media\/00506564_gar121-150x150.png","url":"https:\/\/dev.codekraft.it\/ravaglioli.it\/de\/product\/radschutzscheibe\/"},{"id":155376,"mpn":"GAR132","name":"Pr\u00e4zisions-Typenspannplatte Universal, f\u00fcr 3\/4\/5-Lochfelgen | inkl. Zentrierbolzen","description":"Universaltypenflansch mit Bolzen","thumbnail":"https:\/\/dev.codekraft.it\/ravaglioli.it\/wp-content\/uploads\/brb_media\/00506548_gar132-150x150.png","url":"https:\/\/dev.codekraft.it\/ravaglioli.it\/de\/product\/prazisions-typenspannplatte-universal-fur-3-4-5-lochfelgen-inkl-zentrierbolzen\/"},{"id":155334,"mpn":"GAR112","name":"Zentrierkonus","description":"F\u00fcr Gel\u00e4ndewagen | \u00d8 95 - 132 mm","thumbnail":"https:\/\/dev.codekraft.it\/ravaglioli.it\/wp-content\/uploads\/brb_media\/00549107_wheel-balancers-gar112-mi-150x150.png","url":"https:\/\/dev.codekraft.it\/ravaglioli.it\/de\/product\/zentrierkonus\/"},{"id":155358,"mpn":"GAR324","name":"Radheber mit automatischem Gewichtsausgleich","description":"80 kg, Pkw","thumbnail":"https:\/\/dev.codekraft.it\/ravaglioli.it\/wp-content\/uploads\/brb_media\/00509271_wheel-balancer-gar324-mi-150x150.png","url":"https:\/\/dev.codekraft.it\/ravaglioli.it\/de\/product\/radheber-mit-automatischem-gewichtsausgleich\/"},{"id":155346,"mpn":"GAR325","name":"Radheber Standard","description":"80 kg, Pkw","thumbnail":"https:\/\/dev.codekraft.it\/ravaglioli.it\/wp-content\/uploads\/brb_media\/00373626_wheel-balancer-standard-wheel-lift-di-150x150.png","url":"https:\/\/dev.codekraft.it\/ravaglioli.it\/de\/product\/radheber-standard\/"}],"components":[],"delivery":[{"id":154820,"mpn":"GAR111","name":"Zentrierkonen f\u00fcr Pkw","description":"Inkl. Schutzkappe | \u00d8 44 - 112 mm | 1 Satz \/ 3 St\u00fcck","thumbnail":"https:\/\/dev.codekraft.it\/ravaglioli.it\/wp-content\/uploads\/brb_media\/00509259_wheel-balancer-gar111-mi-150x150.png","url":"https:\/\/dev.codekraft.it\/ravaglioli.it\/de\/product\/zentrierkonen-fur-pkw\/"},{"id":156934,"mpn":"GAR379","name":"Laserpointer 6 Uhr","description":"Laser-Positionierhilfe auf 6 Uhr, mit Beleuchtung","thumbnail":"https:\/\/dev.codekraft.it\/ravaglioli.it\/wp-content\/uploads\/brb_media\/00512761_wheel-balancers-gar379-mi-01-150x150.png","url":"https:\/\/dev.codekraft.it\/ravaglioli.it\/de\/product\/laserpointer-6-uhr\/"}],"package":[],"related":[],"similar":[{"id":154408,"mpn":"RAV.G3150.201287","name":"Elektronische mikroprozessorgesteuerte Radauswuchtmaschine GP3.150WSPLUS","description":"3D, 22\u2033-LCD-Bildschirm, pneumatische Verriegelung, Pkw, Felgendurchmesser 10 - 26\u2033, max. Raddurchmesser 43\u2033 | Blau (RAL 5005)","thumbnail":"https:\/\/dev.codekraft.it\/ravaglioli.it\/wp-content\/uploads\/brb_media\/00509242_wheel-balancer-gp3150wsplus-mi-150x150.png","url":"https:\/\/dev.codekraft.it\/ravaglioli.it\/de\/product\/elektronische-mikroprozessorgesteuerte-radauswuchtmaschine-gp3-150wsplus\/"},{"id":154414,"mpn":"RAV.G3150.201331","name":"Elektronische mikroprozessorgesteuerte Radauswuchtmaschine G3.150WSPLUS","description":"3D, 22\u2033-LCD-Bildschirm, Pkw, Felgendurchmesser 10 - 26\u2033, max. Raddurchmesser 43\u2033 | Blau (RAL 5005)","thumbnail":"https:\/\/dev.codekraft.it\/ravaglioli.it\/wp-content\/uploads\/brb_media\/00509238_wheel-balancer-g3150-mi-150x150.png","url":"https:\/\/dev.codekraft.it\/ravaglioli.it\/de\/product\/elektronische-mikroprozessorgesteuerte-radauswuchtmaschine-g3-150wsplus\/"},{"id":154366,"mpn":"RAV.G2140.201454","name":"Elektronische mikroprozessorgesteuerte Radauswuchtmaschine G2.140R","description":"LCD-Bildschirm, 2D-Messarm zur automatischen Messung der Radbreite und des Felgendurchmessers, Pkw, Felgendurchmesser 10 - 26\u2033 | Blau (RAL 5005)","thumbnail":"https:\/\/dev.codekraft.it\/ravaglioli.it\/wp-content\/uploads\/brb_media\/00509116_wheel-balancer-g2-140r-mi-150x150.png","url":"https:\/\/dev.codekraft.it\/ravaglioli.it\/de\/product\/elektronische-mikroprozessorgesteuerte-radauswuchtmaschine-g2-140r\/"},{"id":154426,"mpn":"RAV.G3150.201430","name":"Elektronische mikroprozessorgesteuerte Radauswuchtmaschine G3.150WS","description":"3D, 22\u2033-LCD-Bildschirm, Pkw, Felgendurchmesser 10 - 26\u2033, max. Raddurchmesser 43\u2033 | Blau (RAL 5005)","thumbnail":"https:\/\/dev.codekraft.it\/ravaglioli.it\/wp-content\/uploads\/brb_media\/00509239_wheel-balancer-g3150ws-mi-150x150.png","url":"https:\/\/dev.codekraft.it\/ravaglioli.it\/de\/product\/elektronische-mikroprozessorgesteuerte-radauswuchtmaschine-g3-150ws\/"},{"id":154432,"mpn":"RAV.G3150.201485","name":"Elektronische mikroprozessorgesteuerte Radauswuchtmaschine GP3.150S","description":"3D, 22\u2033-LCD-Bildschirm, pneumatische Verriegelung, Pkw, Felgendurchmesser 10 - 26\u2033, max. Raddurchmesser 43\u2033 | Blau (RAL 5005)","thumbnail":"https:\/\/dev.codekraft.it\/ravaglioli.it\/wp-content\/uploads\/brb_media\/00509245_wheel-blancer-gp3150s-mi-150x150.png","url":"https:\/\/dev.codekraft.it\/ravaglioli.it\/de\/product\/elektronische-mikroprozessorgesteuerte-radauswuchtmaschine-gp3-150s\/"},{"id":154438,"mpn":"RAV.G3150.201539","name":"Elektronische mikroprozessorgesteuerte Radauswuchtmaschine G3.150S","description":"3D, 22\u2033-LCD-Bildschirm, Pkw, Felgendurchmesser 10 - 26\u2033, max. Raddurchmesser 43\u2033 | Blau (RAL 5005)","thumbnail":"https:\/\/dev.codekraft.it\/ravaglioli.it\/wp-content\/uploads\/brb_media\/00509515_wheel-blancer-g3150s-mi-150x150.png","url":"https:\/\/dev.codekraft.it\/ravaglioli.it\/de\/product\/elektronische-mikroprozessorgesteuerte-radauswuchtmaschine-g3-150s\/"},{"id":154444,"mpn":"RAV.G3150.201584","name":"Elektronische mikroprozessorgesteuerte Radauswuchtmaschine G3.150","description":"3D, 22\u2033-LCD-Bildschirm, Pkw, Felgendurchmesser 10 - 26\u2033, max. Raddurchmesser 43\u2033 | Blau (RAL 5005)","thumbnail":"https:\/\/dev.codekraft.it\/ravaglioli.it\/wp-content\/uploads\/brb_media\/00509238_wheel-balancer-g3150-mi-150x150.png","url":"https:\/\/dev.codekraft.it\/ravaglioli.it\/de\/product\/elektronische-mikroprozessorgesteuerte-radauswuchtmaschine-g3-150\/"}],"page_logo_src":"https:\/\/dev.codekraft.it\/ravaglioli.it\/wp-content\/uploads\/2026\/04\/rav-negative-logo-1.png","lang":"de","translations":{"de":154420,"en":154419,"fr":154421,"it":154422,"es":154423,"ru":154424},"pll_sync_post":[],"_links":{"self":[{"href":"https:\/\/dev.codekraft.it\/ravaglioli.it\/wp-json\/wp\/v2\/product\/154420","targetHints":{"allow":["GET"]}}],"collection":[{"href":"https:\/\/dev.codekraft.it\/ravaglioli.it\/wp-json\/wp\/v2\/product"}],"about":[{"href":"https:\/\/dev.codekraft.it\/ravaglioli.it\/wp-json\/wp\/v2\/types\/product"}],"wp:featuredmedia":[{"embeddable":true,"href":"https:\/\/dev.codekraft.it\/ravaglioli.it\/wp-json\/wp\/v2\/media\/43375"}],"wp:attachment":[{"href":"https:\/\/dev.codekraft.it\/ravaglioli.it\/wp-json\/wp\/v2\/media?parent=154420"}],"wp:term":[{"taxonomy":"product_brand","embeddable":true,"href":"https:\/\/dev.codekraft.it\/ravaglioli.it\/wp-json\/wp\/v2\/product_brand?post=154420"},{"taxonomy":"product_cat","embeddable":true,"href":"https:\/\/dev.codekraft.it\/ravaglioli.it\/wp-json\/wp\/v2\/product_cat?post=154420"},{"taxonomy":"product_tag","embeddable":true,"href":"https:\/\/dev.codekraft.it\/ravaglioli.it\/wp-json\/wp\/v2\/product_tag?post=154420"},{"taxonomy":"product_approvals","embeddable":true,"href":"https:\/\/dev.codekraft.it\/ravaglioli.it\/wp-json\/wp\/v2\/product_approvals?post=154420"},{"taxonomy":"product_application","embeddable":true,"href":"https:\/\/dev.codekraft.it\/ravaglioli.it\/wp-json\/wp\/v2\/product_application?post=154420"}],"curies":[{"name":"wp","href":"https:\/\/api.w.org\/{rel}","templated":true}]}}