{"id":154417,"date":"2025-10-30T14:31:24","date_gmt":"2025-10-30T14:31:24","guid":{"rendered":"https:\/\/dev.codekraft.it\/ravaglioli.it\/product\/equilibradora-de-ruedas-de-ruedasradora-electronica-con-microprocesador-g3-150wsplus\/"},"modified":"2026-01-14T21:22:46","modified_gmt":"2026-01-14T21:22:46","slug":"equilibradora-de-ruedas-de-ruedasradora-electronica-con-microprocesador-g3-150wsplus","status":"publish","type":"product","link":"https:\/\/dev.codekraft.it\/ravaglioli.it\/es\/product\/equilibradora-de-ruedas-de-ruedasradora-electronica-con-microprocesador-g3-150wsplus\/","title":{"rendered":"Equilibradora de ruedas de ruedasradora electr\u00f3nica con microprocesador G3.150WSPLUS"},"content":{"rendered":"<p>Equilibradoras electr\u00f3nicas con microprocesador con el lanzamiento la rueda se para autom\u00e1ticamente en las dos posiciones de desequilibrio, externo as\u00ed como interno. Selecci\u00f3n r\u00e1pida desde el calibre. Medici\u00f3n autom\u00e1tica de la distancia y del di\u00e1metro.<\/p>\n<ul>\n<li>Precisi\u00f3n impecable: adquisici\u00f3n autom\u00e1tica de los datos de las ruedas y raya l\u00e1ser<\/li>\n<li>Dise\u00f1o pr\u00e1ctico: todo tiene un lugar, todo est\u00e1 en el sitio correcto<\/li>\n<li>Tecnolog\u00eda intuitiva: los gr\u00e1ficos y los colores se han estudiado para facilitar el uso de la equilibradora de ruedas<\/li>\n<\/ul>\n<ul>\n<li>Medici\u00f3n de alabeo: Medici\u00f3n alabeo llanta desde el calibre<\/li>\n<li>Selecci\u00f3n de programas: Selecci\u00f3n r\u00e1pida desde el calibre<\/li>\n<li>Doble luz LED y raya l\u00e1ser (con una l\u00ednea l\u00e1ser a las 6 para pesos adhesivos) para ajustar el peso de forma f\u00e1cil y apropiada en la posici\u00f3n correcta<\/li>\n<li>Eco-Weight: Sistema moderno para poner a cero el desequilibrio y reducir el consumo de los plomos<\/li>\n<li>Bloqueo en la posici\u00f3n: Con el lanzamiento la rueda se para autom\u00e1ticamente en las dos posiciones de desequilibrio, externo as\u00ed como interno<\/li>\n<li>Optimizaci\u00f3n del espacio para que todo sea manejable y sencillo<\/li>\n<li>Independientemente de si son de serie u opcionales, todos los accesorios tienen su posici\u00f3n<\/li>\n<li>Compatible con el sistema TEq-Link\n<ul>\n<li>Conexi\u00f3n a internet<\/li>\n<li>Env\u00edo de resultados a los clientes<\/li>\n<li>Asistencia remota<\/li>\n<\/ul>\n<\/li>\n<\/ul>\n<ul>\n<li>Palpador de anchura<\/li>\n<li>Monitor de 22\u201d con teclado de membrana<\/li>\n<li>Adquisici\u00f3n autom\u00e1tica de la anchura bajando la protecci\u00f3n de las ruedas<\/li>\n<li>Garra r\u00e1pida de cierre profesional<\/li>\n<li>Carcasa grande para contrapesas clip y adhesivas<\/li>\n<li>Bolsillo frontal para almacenar herramientas de trabajo<\/li>\n<li>Gr\u00e1fico con iconos autoexplicativos para facilitar el uso de la equilibradora de ruedas<\/li>\n<\/ul>\n","protected":false},"excerpt":{"rendered":"<p>3D, Monitor LCD de 22\u2033, turismo, di\u00e1metro de llanta 10 &#8211; 26\u2033, di\u00e1metro rueda m\u00e1x. 43\u2033 | Azul (RAL 5005)<\/p>\n","protected":false},"featured_media":37707,"template":"","meta":[],"product_brand":[],"product_cat":[57996],"product_tag":[58296,58332],"product_approvals":[],"product_application":[],"class_list":{"0":"post-154417","1":"product","2":"type-product","3":"status-publish","4":"has-post-thumbnail","6":"product_cat-equilibradoras-de-ruedas-es","7":"product_tag-passenger-cars-es","8":"product_tag-light-commercial-es","10":"first","11":"instock","12":"shipping-taxable","13":"product-type-simple"},"approvals":[],"application":[],"brb_media_brochure":[{"id":150500,"url":"https:\/\/dev.codekraft.it\/ravaglioli.it\/wp-content\/uploads\/brb_media\/00533592_wheel-balancer-g3150-g3128-br-en-09-2024-screen.pdf","title":"Wheel balancer G3150 G3128 BR en 09 2024 screen","mpn":"","thumbnail":"https:\/\/dev.codekraft.it\/ravaglioli.it\/wp-content\/uploads\/brb_media\/00533592_wheel-balancer-g3150-g3128-br-en-09-2024-screen-pdf-106x150.png","description":""},{"id":150499,"url":"https:\/\/dev.codekraft.it\/ravaglioli.it\/wp-content\/uploads\/brb_media\/00533591_wheel-balancer-g3150-g3128-br-de-09-2024-screen.pdf","title":"Wheel balancer G3150 G3128 BR de 09 2024 screen","mpn":"","thumbnail":"https:\/\/dev.codekraft.it\/ravaglioli.it\/wp-content\/uploads\/brb_media\/00533591_wheel-balancer-g3150-g3128-br-de-09-2024-screen-pdf-106x150.png","description":""},{"id":150501,"url":"https:\/\/dev.codekraft.it\/ravaglioli.it\/wp-content\/uploads\/brb_media\/00533593_wheel-balancer-g3150-g3128-br-fr-09-2024-screen.pdf","title":"Wheel balancer G3150 G3128 BR fr 09 2024 screen","mpn":"","thumbnail":"https:\/\/dev.codekraft.it\/ravaglioli.it\/wp-content\/uploads\/brb_media\/00533593_wheel-balancer-g3150-g3128-br-fr-09-2024-screen-pdf-106x150.png","description":""},{"id":150502,"url":"https:\/\/dev.codekraft.it\/ravaglioli.it\/wp-content\/uploads\/brb_media\/00533594_wheel-balancer-g3150-g3128-br-it-09-2024-screen.pdf","title":"Wheel balancer G3150 G3128 BR it 09 2024 screen","mpn":"","thumbnail":"https:\/\/dev.codekraft.it\/ravaglioli.it\/wp-content\/uploads\/brb_media\/00533594_wheel-balancer-g3150-g3128-br-it-09-2024-screen-pdf-106x150.png","description":""},{"id":150503,"url":"https:\/\/dev.codekraft.it\/ravaglioli.it\/wp-content\/uploads\/brb_media\/00533595_wheel-balancer-g3150-g3128-br-es-09-2024-screen.pdf","title":"Wheel balancer G3150 G3128 BR es 09 2024 screen","mpn":"","thumbnail":"https:\/\/dev.codekraft.it\/ravaglioli.it\/wp-content\/uploads\/brb_media\/00533595_wheel-balancer-g3150-g3128-br-es-09-2024-screen-pdf-106x150.png","description":""},{"id":150504,"url":"https:\/\/dev.codekraft.it\/ravaglioli.it\/wp-content\/uploads\/brb_media\/00533596_wheel-balancer-g3150-g3128-br-ru-09-2024-screen.pdf","title":"Wheel balancer G3150 G3128 BR ru 09 2024 screen","mpn":"","thumbnail":"https:\/\/dev.codekraft.it\/ravaglioli.it\/wp-content\/uploads\/brb_media\/00533596_wheel-balancer-g3150-g3128-br-ru-09-2024-screen-pdf-106x150.png","description":""}],"brb_media_drawing":"","brb_media_manuals":[{"id":149961,"url":"https:\/\/dev.codekraft.it\/ravaglioli.it\/wp-content\/uploads\/brb_media\/00535510_wheel-balancers-rot-rav-spa-monitor-wheel-balancer-im-1301-m004-02_vsg_rev02-multi-2024-11.pdf","title":"wheel balancers rot rav spa monitor wheel balancer im 1301 m004 02 vsg rev02 multi 2024 11","mpn":"","thumbnail":"https:\/\/dev.codekraft.it\/ravaglioli.it\/wp-content\/uploads\/brb_media\/00535510_wheel-balancers-rot-rav-spa-monitor-wheel-balancer-im-1301-m004-02_vsg_rev02-multi-2024-11-pdf-106x150.png","description":""}],"brb_media_safety_datasheets":"","brb_media_spare_parts":[],"_cdmm_p_id":"502736","_company":"Ravaglioli","_gtin":"5063084201331","accessories":[{"id":153614,"mpn":"GAR315","name":"Medidor de alabeo ultras\u00f3nico para todos los modelos equipados con 306 o GAR307","description":"","thumbnail":"https:\/\/dev.codekraft.it\/ravaglioli.it\/wp-content\/uploads\/brb_media\/00509270_wheel-balancer-gar315-mi-150x150.png","url":"https:\/\/dev.codekraft.it\/ravaglioli.it\/es\/product\/medidor-de-alabeo-ultrasonico-para-todos-los-modelos-equipados-con-306-o-gar307\/"},{"id":153608,"mpn":"GAR377","name":"Medidor de alabeo ultras\u00f3nico para todos los modelos equipados con GAR332","description":"","thumbnail":"https:\/\/dev.codekraft.it\/ravaglioli.it\/wp-content\/uploads\/brb_media\/00509276_wheel-balancer-gar377-mi-150x150.png","url":"https:\/\/dev.codekraft.it\/ravaglioli.it\/es\/product\/medidor-de-alabeo-ultrasonico-para-todos-los-modelos-equipados-con-gar332\/"},{"id":152326,"mpn":"GAR378","name":"Antena para conexi\u00f3n Wi-Fi y habilitaci\u00f3n de la funci\u00f3n de conexi\u00f3n","description":"","thumbnail":"","url":"https:\/\/dev.codekraft.it\/ravaglioli.it\/es\/product\/antena-para-conexion-wi-fi-y-habilitacion-de-la-funcion-de-conexion\/"},{"id":155361,"mpn":"GAR324","name":"Elevador para ruedas con equilibrado autom\u00e1tico del peso rueda","description":"80 kg, turismo","thumbnail":"https:\/\/dev.codekraft.it\/ravaglioli.it\/wp-content\/uploads\/brb_media\/00509271_wheel-balancer-gar324-mi-150x150.png","url":"https:\/\/dev.codekraft.it\/ravaglioli.it\/es\/product\/elevador-para-ruedas-con-equilibrado-automatico-del-peso-rueda\/"},{"id":155349,"mpn":"GAR325","name":"Elevador para ruedas Standard","description":"80 kg, turismo","thumbnail":"https:\/\/dev.codekraft.it\/ravaglioli.it\/wp-content\/uploads\/brb_media\/00373626_wheel-balancer-standard-wheel-lift-di-150x150.png","url":"https:\/\/dev.codekraft.it\/ravaglioli.it\/es\/product\/elevador-para-ruedas-standard\/"}],"components":[],"delivery":[{"id":153506,"mpn":"GAR345","name":"Tuerca de sujeci\u00f3n r\u00e1pida con anillo de presi\u00f3n","description":"Centrado doble, garra r\u00e1pida, para todas las versiones NO neum\u00e1ticas","thumbnail":"https:\/\/dev.codekraft.it\/ravaglioli.it\/wp-content\/uploads\/brb_media\/00509274_wheel-balancer-gar345-mi-150x150.png","url":"https:\/\/dev.codekraft.it\/ravaglioli.it\/es\/product\/tuerca-de-sujecion-rapida-con-anillo-de-presion-2\/"},{"id":154823,"mpn":"GAR111","name":"Conos de centrado para turismo","description":"Incluido copa de protecci\u00f3n | \u00d8 44 - 112 mm | 1 juego \/ 3 piezas","thumbnail":"https:\/\/dev.codekraft.it\/ravaglioli.it\/wp-content\/uploads\/brb_media\/00509259_wheel-balancer-gar111-mi-150x150.png","url":"https:\/\/dev.codekraft.it\/ravaglioli.it\/es\/product\/conos-de-centrado-para-turismo\/"},{"id":154979,"mpn":"GAR121","name":"Disco de protecci\u00f3n rueda","description":"","thumbnail":"https:\/\/dev.codekraft.it\/ravaglioli.it\/wp-content\/uploads\/brb_media\/00506564_gar121-150x150.png","url":"https:\/\/dev.codekraft.it\/ravaglioli.it\/es\/product\/disco-de-proteccion-rueda\/"},{"id":155379,"mpn":"GAR132","name":"Placa de sujeci\u00f3n de precisi\u00f3n Universal, para ruedas con 3\/4\/5 agujeros | con esp\u00e1rragos","description":"Garra universal de precisi\u00f3n","thumbnail":"https:\/\/dev.codekraft.it\/ravaglioli.it\/wp-content\/uploads\/brb_media\/00506548_gar132-150x150.png","url":"https:\/\/dev.codekraft.it\/ravaglioli.it\/es\/product\/placa-de-sujecion-de-precision-universal-para-ruedas-con-3-4-5-agujeros-con-esparragos\/"},{"id":155337,"mpn":"GAR112","name":"Cono de centrado","description":"Para todo terrenos | \u00d8 95 - 132 mm","thumbnail":"https:\/\/dev.codekraft.it\/ravaglioli.it\/wp-content\/uploads\/brb_media\/00549107_wheel-balancers-gar112-mi-150x150.png","url":"https:\/\/dev.codekraft.it\/ravaglioli.it\/es\/product\/cono-de-centrado\/"},{"id":156937,"mpn":"GAR379","name":"Puntero l\u00e1ser a horas 6","description":"Raya l\u00e1ser a las horas 6, con alumbrado","thumbnail":"https:\/\/dev.codekraft.it\/ravaglioli.it\/wp-content\/uploads\/brb_media\/00512761_wheel-balancers-gar379-mi-01-150x150.png","url":"https:\/\/dev.codekraft.it\/ravaglioli.it\/es\/product\/puntero-laser-a-horas-6\/"}],"package":[],"related":[],"similar":[{"id":154411,"mpn":"RAV.G3150.201287","name":"Equilibradora de ruedas electr\u00f3nica con microprocesador GP3.150WSPLUS","description":"3D, Monitor LCD de 22\u2033, cierre neum\u00e1tico, turismo, di\u00e1metro de llanta 10 - 26\u2033, di\u00e1metro rueda m\u00e1x. 43\u2033 | Azul (RAL 5005)","thumbnail":"https:\/\/dev.codekraft.it\/ravaglioli.it\/wp-content\/uploads\/brb_media\/00509242_wheel-balancer-gp3150wsplus-mi-150x150.png","url":"https:\/\/dev.codekraft.it\/ravaglioli.it\/es\/product\/equilibradora-de-ruedas-electronica-con-microprocesador-gp3-150wsplus\/"},{"id":154369,"mpn":"RAV.G2140.201454","name":"Equilibradora de ruedas electr\u00f3nica con microprocesador G2.140R","description":"Monitor LCD, brazo de medici\u00f3n 2D para la medici\u00f3n autom\u00e1tica del ancho de las ruedas y del di\u00e1metro de las llantas, turismo, di\u00e1metro de llanta 10 - 26\u2033 | Azul (RAL 5005)","thumbnail":"https:\/\/dev.codekraft.it\/ravaglioli.it\/wp-content\/uploads\/brb_media\/00509116_wheel-balancer-g2-140r-mi-150x150.png","url":"https:\/\/dev.codekraft.it\/ravaglioli.it\/es\/product\/equilibradora-de-ruedas-electronica-con-microprocesador-g2-140r\/"},{"id":154423,"mpn":"RAV.G3150.201386","name":"Equilibradora de ruedas electr\u00f3nica con microprocesador GP3.150WS","description":"3D, Monitor LCD de 22\u2033, cierre neum\u00e1tico, turismo, di\u00e1metro de llanta 10 - 26\u2033, di\u00e1metro rueda m\u00e1x. 43\u2033 | Azul (RAL 5005)","thumbnail":"https:\/\/dev.codekraft.it\/ravaglioli.it\/wp-content\/uploads\/brb_media\/00509240_wheel-balancer-gp3150ws-mi-150x150.png","url":"https:\/\/dev.codekraft.it\/ravaglioli.it\/es\/product\/equilibradora-de-ruedas-electronica-con-microprocesador-gp3-150ws\/"},{"id":154429,"mpn":"RAV.G3150.201430","name":"Equilibradora de ruedas electr\u00f3nica con microprocesador G3.150WS","description":"3D, Monitor LCD de 22\u2033, turismo, di\u00e1metro de llanta 10 - 26\u2033, di\u00e1metro rueda m\u00e1x. 43\u2033 | Azul (RAL 5005)","thumbnail":"https:\/\/dev.codekraft.it\/ravaglioli.it\/wp-content\/uploads\/brb_media\/00509239_wheel-balancer-g3150ws-mi-150x150.png","url":"https:\/\/dev.codekraft.it\/ravaglioli.it\/es\/product\/equilibradora-de-ruedas-electronica-con-microprocesador-g3-150ws\/"},{"id":154435,"mpn":"RAV.G3150.201485","name":"Equilibradora de ruedas electr\u00f3nica con microprocesador GP3.150S","description":"3D, Monitor LCD de 22\u2033, cierre neum\u00e1tico, turismo, di\u00e1metro de llanta 10 - 26\u2033, di\u00e1metro rueda m\u00e1x. 43\u2033 | Azul (RAL 5005)","thumbnail":"https:\/\/dev.codekraft.it\/ravaglioli.it\/wp-content\/uploads\/brb_media\/00509245_wheel-blancer-gp3150s-mi-150x150.png","url":"https:\/\/dev.codekraft.it\/ravaglioli.it\/es\/product\/equilibradora-de-ruedas-electronica-con-microprocesador-gp3-150s\/"},{"id":154441,"mpn":"RAV.G3150.201539","name":"Equilibradora de ruedas electr\u00f3nica con microprocesador G3.150S","description":"3D, Monitor LCD de 22\u2033, turismo, di\u00e1metro de llanta 10 - 26\u2033, di\u00e1metro rueda m\u00e1x. 43\u2033 | Azul (RAL 5005)","thumbnail":"https:\/\/dev.codekraft.it\/ravaglioli.it\/wp-content\/uploads\/brb_media\/00509515_wheel-blancer-g3150s-mi-150x150.png","url":"https:\/\/dev.codekraft.it\/ravaglioli.it\/es\/product\/equilibradora-de-ruedas-electronica-con-microprocesador-g3-150s\/"},{"id":154447,"mpn":"RAV.G3150.201584","name":"Equilibradora de ruedas electr\u00f3nica con microprocesador G3.150","description":"3D, Monitor LCD de 22\u2033, turismo, di\u00e1metro de llanta 10 - 26\u2033, di\u00e1metro rueda m\u00e1x. 43\u2033 | Azul (RAL 5005)","thumbnail":"https:\/\/dev.codekraft.it\/ravaglioli.it\/wp-content\/uploads\/brb_media\/00509238_wheel-balancer-g3150-mi-150x150.png","url":"https:\/\/dev.codekraft.it\/ravaglioli.it\/es\/product\/equilibradora-de-ruedas-electronica-con-microprocesador-g3-150\/"}],"page_logo_src":"https:\/\/dev.codekraft.it\/ravaglioli.it\/wp-content\/uploads\/2026\/04\/rav-negative-logo-1.png","lang":"es","translations":{"es":154417,"en":154413,"de":154414,"fr":154415,"it":154416,"ru":154418},"pll_sync_post":[],"_links":{"self":[{"href":"https:\/\/dev.codekraft.it\/ravaglioli.it\/wp-json\/wp\/v2\/product\/154417","targetHints":{"allow":["GET"]}}],"collection":[{"href":"https:\/\/dev.codekraft.it\/ravaglioli.it\/wp-json\/wp\/v2\/product"}],"about":[{"href":"https:\/\/dev.codekraft.it\/ravaglioli.it\/wp-json\/wp\/v2\/types\/product"}],"wp:featuredmedia":[{"embeddable":true,"href":"https:\/\/dev.codekraft.it\/ravaglioli.it\/wp-json\/wp\/v2\/media\/37707"}],"wp:attachment":[{"href":"https:\/\/dev.codekraft.it\/ravaglioli.it\/wp-json\/wp\/v2\/media?parent=154417"}],"wp:term":[{"taxonomy":"product_brand","embeddable":true,"href":"https:\/\/dev.codekraft.it\/ravaglioli.it\/wp-json\/wp\/v2\/product_brand?post=154417"},{"taxonomy":"product_cat","embeddable":true,"href":"https:\/\/dev.codekraft.it\/ravaglioli.it\/wp-json\/wp\/v2\/product_cat?post=154417"},{"taxonomy":"product_tag","embeddable":true,"href":"https:\/\/dev.codekraft.it\/ravaglioli.it\/wp-json\/wp\/v2\/product_tag?post=154417"},{"taxonomy":"product_approvals","embeddable":true,"href":"https:\/\/dev.codekraft.it\/ravaglioli.it\/wp-json\/wp\/v2\/product_approvals?post=154417"},{"taxonomy":"product_application","embeddable":true,"href":"https:\/\/dev.codekraft.it\/ravaglioli.it\/wp-json\/wp\/v2\/product_application?post=154417"}],"curies":[{"name":"wp","href":"https:\/\/api.w.org\/{rel}","templated":true}]}}