{"id":154415,"date":"2025-10-30T14:31:24","date_gmt":"2025-10-30T14:31:24","guid":{"rendered":"https:\/\/dev.codekraft.it\/ravaglioli.it\/product\/equilibreuse-de-roue-electronique-a-microprocesseur-g3-150wsplus\/"},"modified":"2026-01-14T21:22:45","modified_gmt":"2026-01-14T21:22:45","slug":"equilibreuse-de-roue-electronique-a-microprocesseur-g3-150wsplus","status":"publish","type":"product","link":"https:\/\/dev.codekraft.it\/ravaglioli.it\/fr\/product\/equilibreuse-de-roue-electronique-a-microprocesseur-g3-150wsplus\/","title":{"rendered":"Equilibreuse de roue \u00e9lectronique a microprocesseur G3.150WSPLUS"},"content":{"rendered":"<p>\u00c9quilibreuses \u00e9lectroniques a microprocesseur avec arr\u00eat automatique de la roue dans les deux positions de balourd, ext\u00e9rieur et aussi int\u00e9rieur. S\u00e9lection rapide par la pige. Enregistrement automatique de la distance et du diam\u00e8tre.<\/p>\n<ul>\n<li>Parfaite pr\u00e9cision : acquisition automatique des donn\u00e9es de roues et rayon laser de positionnement<\/li>\n<li>Design pratique : chaque chose a sa place, et au bon endroit<\/li>\n<li>Technologie intuitive : les graphiques et couleurs sont \u00e9tudi\u00e9s pour faciliter l\u2019utilisation de l\u2019\u00e9quilibreuse de roue<\/li>\n<\/ul>\n<ul>\n<li>Mesure Run-out\u00a0: Mesure d\u2019excentricit\u00e9 jante par la pige<\/li>\n<li>S\u00e9lection programmes : S\u00e9lection rapide par la pige<\/li>\n<li>Double lumi\u00e8re LED et rayon laser (avec ligne laser \u00e0 6 heures pour les poids adh\u00e9sifs), afin de positionner correctement et facilement le balourd dans la position correcte<\/li>\n<li>Eco-Weight : Moderne syst\u00e8me pour z\u00e9rotage du balourd pour r\u00e9duire l\u2019usure des poids<\/li>\n<li>Blocage en position : Arr\u00eat automatique de la roue dans les deux positions de balourd, ext\u00e9rieur et aussi int\u00e9rieur<\/li>\n<li>Optimisation de l\u2019espace pour que tout soit pratique et facile<\/li>\n<li>Qu\u2019il soit standard ou en option, chaque accessoire a sa place d\u00e9sign\u00e9e<\/li>\n<li>Compatible avec le syst\u00e8me TEq-Link\n<ul>\n<li>Connexion internet<\/li>\n<li>Envoi des r\u00e9sultats aux clients<\/li>\n<li>Assistance \u00e0 distance<\/li>\n<\/ul>\n<\/li>\n<\/ul>\n<ul>\n<li>Tige externe<\/li>\n<li>Moniteur 22\u201d avec clavier sensitif<\/li>\n<li>Acquisition automatique de la largeur par abaissement de la protection de la roue<\/li>\n<li>Frette de serrage rapide professionelle<\/li>\n<li>Grand logement pour poids \u00e0 pinces ou adh\u00e9sifs<\/li>\n<li>Poche avant pour ranger les outils de travail<\/li>\n<li>Graphiques comportant des ic\u00f4nes claires pour faciliter l\u2019utilisation de l\u2019\u00e9quilibreuse de roue<\/li>\n<\/ul>\n","protected":false},"excerpt":{"rendered":"<p>3D, \u00e9cran LCD 22\u2033, voiture de tourisme, diam\u00e8tre de la jante 10 &#8211; 26\u2033, diam\u00e8tre de roue max. 43\u2033 | Bleu (RAL 5005)<\/p>\n","protected":false},"featured_media":37707,"template":"","meta":[],"product_brand":[],"product_cat":[57964],"product_tag":[58326,58290],"product_approvals":[],"product_application":[],"class_list":{"0":"post-154415","1":"product","2":"type-product","3":"status-publish","4":"has-post-thumbnail","6":"product_cat-equilibreuses-des-roues-fr","7":"product_tag-light-commercial-fr","8":"product_tag-passenger-cars-fr","10":"first","11":"instock","12":"shipping-taxable","13":"product-type-simple"},"approvals":[],"application":[],"brb_media_brochure":[{"id":150500,"url":"https:\/\/dev.codekraft.it\/ravaglioli.it\/wp-content\/uploads\/brb_media\/00533592_wheel-balancer-g3150-g3128-br-en-09-2024-screen.pdf","title":"Wheel balancer G3150 G3128 BR en 09 2024 screen","mpn":"","thumbnail":"https:\/\/dev.codekraft.it\/ravaglioli.it\/wp-content\/uploads\/brb_media\/00533592_wheel-balancer-g3150-g3128-br-en-09-2024-screen-pdf-106x150.png","description":""},{"id":150499,"url":"https:\/\/dev.codekraft.it\/ravaglioli.it\/wp-content\/uploads\/brb_media\/00533591_wheel-balancer-g3150-g3128-br-de-09-2024-screen.pdf","title":"Wheel balancer G3150 G3128 BR de 09 2024 screen","mpn":"","thumbnail":"https:\/\/dev.codekraft.it\/ravaglioli.it\/wp-content\/uploads\/brb_media\/00533591_wheel-balancer-g3150-g3128-br-de-09-2024-screen-pdf-106x150.png","description":""},{"id":150501,"url":"https:\/\/dev.codekraft.it\/ravaglioli.it\/wp-content\/uploads\/brb_media\/00533593_wheel-balancer-g3150-g3128-br-fr-09-2024-screen.pdf","title":"Wheel balancer G3150 G3128 BR fr 09 2024 screen","mpn":"","thumbnail":"https:\/\/dev.codekraft.it\/ravaglioli.it\/wp-content\/uploads\/brb_media\/00533593_wheel-balancer-g3150-g3128-br-fr-09-2024-screen-pdf-106x150.png","description":""},{"id":150502,"url":"https:\/\/dev.codekraft.it\/ravaglioli.it\/wp-content\/uploads\/brb_media\/00533594_wheel-balancer-g3150-g3128-br-it-09-2024-screen.pdf","title":"Wheel balancer G3150 G3128 BR it 09 2024 screen","mpn":"","thumbnail":"https:\/\/dev.codekraft.it\/ravaglioli.it\/wp-content\/uploads\/brb_media\/00533594_wheel-balancer-g3150-g3128-br-it-09-2024-screen-pdf-106x150.png","description":""},{"id":150503,"url":"https:\/\/dev.codekraft.it\/ravaglioli.it\/wp-content\/uploads\/brb_media\/00533595_wheel-balancer-g3150-g3128-br-es-09-2024-screen.pdf","title":"Wheel balancer G3150 G3128 BR es 09 2024 screen","mpn":"","thumbnail":"https:\/\/dev.codekraft.it\/ravaglioli.it\/wp-content\/uploads\/brb_media\/00533595_wheel-balancer-g3150-g3128-br-es-09-2024-screen-pdf-106x150.png","description":""},{"id":150504,"url":"https:\/\/dev.codekraft.it\/ravaglioli.it\/wp-content\/uploads\/brb_media\/00533596_wheel-balancer-g3150-g3128-br-ru-09-2024-screen.pdf","title":"Wheel balancer G3150 G3128 BR ru 09 2024 screen","mpn":"","thumbnail":"https:\/\/dev.codekraft.it\/ravaglioli.it\/wp-content\/uploads\/brb_media\/00533596_wheel-balancer-g3150-g3128-br-ru-09-2024-screen-pdf-106x150.png","description":""}],"brb_media_drawing":"","brb_media_manuals":[{"id":149961,"url":"https:\/\/dev.codekraft.it\/ravaglioli.it\/wp-content\/uploads\/brb_media\/00535510_wheel-balancers-rot-rav-spa-monitor-wheel-balancer-im-1301-m004-02_vsg_rev02-multi-2024-11.pdf","title":"wheel balancers rot rav spa monitor wheel balancer im 1301 m004 02 vsg rev02 multi 2024 11","mpn":"","thumbnail":"https:\/\/dev.codekraft.it\/ravaglioli.it\/wp-content\/uploads\/brb_media\/00535510_wheel-balancers-rot-rav-spa-monitor-wheel-balancer-im-1301-m004-02_vsg_rev02-multi-2024-11-pdf-106x150.png","description":""}],"brb_media_safety_datasheets":"","brb_media_spare_parts":[],"_cdmm_p_id":"502736","_company":"Ravaglioli","_gtin":"5063084201331","accessories":[{"id":153612,"mpn":"GAR315","name":"Syst\u00e8me de mesure de voile ultrasonique pour tous les mod\u00e8les \u00e9quipes avec 306 ou GAR307","description":"","thumbnail":"https:\/\/dev.codekraft.it\/ravaglioli.it\/wp-content\/uploads\/brb_media\/00509270_wheel-balancer-gar315-mi-150x150.png","url":"https:\/\/dev.codekraft.it\/ravaglioli.it\/fr\/product\/systeme-de-mesure-de-voile-ultrasonique-pour-tous-les-modeles-equipes-avec-306-ou-gar307\/"},{"id":153606,"mpn":"GAR377","name":"Syst\u00e8me de mesure de voile ultrasonique pour tous les mod\u00e8les \u00e9quip\u00e9s avec GAR332","description":"","thumbnail":"https:\/\/dev.codekraft.it\/ravaglioli.it\/wp-content\/uploads\/brb_media\/00509276_wheel-balancer-gar377-mi-150x150.png","url":"https:\/\/dev.codekraft.it\/ravaglioli.it\/fr\/product\/systeme-de-mesure-de-voile-ultrasonique-pour-tous-les-modeles-equipes-avec-gar332\/"},{"id":152324,"mpn":"GAR378","name":"Antenne pour connexion Wi-Fi et activation de la fonction de connexion","description":"","thumbnail":"","url":"https:\/\/dev.codekraft.it\/ravaglioli.it\/fr\/product\/antenne-pour-connexion-wi-fi-et-activation-de-la-fonction-de-connexion\/"},{"id":155359,"mpn":"GAR324","name":"El\u00e9vateur pour roues avec compensation automatique du poids de la roue","description":"80 kg, voiture de tourisme","thumbnail":"https:\/\/dev.codekraft.it\/ravaglioli.it\/wp-content\/uploads\/brb_media\/00509271_wheel-balancer-gar324-mi-150x150.png","url":"https:\/\/dev.codekraft.it\/ravaglioli.it\/fr\/product\/elevateur-pour-roues-avec-compensation-automatique-du-poids-de-la-roue\/"},{"id":155347,"mpn":"GAR325","name":"El\u00e9vateur pour roues Standard","description":"80 kg, voiture de tourisme","thumbnail":"https:\/\/dev.codekraft.it\/ravaglioli.it\/wp-content\/uploads\/brb_media\/00373626_wheel-balancer-standard-wheel-lift-di-150x150.png","url":"https:\/\/dev.codekraft.it\/ravaglioli.it\/fr\/product\/elevateur-pour-roues-standard\/"}],"components":[],"delivery":[{"id":153504,"mpn":"GAR345","name":"\u00c9crou \u00e0 serrage rapide avec bague de pression","description":"Double centrage, frette de serrage rapide, pour tous les mod\u00e8les sans blocage pneumatique","thumbnail":"https:\/\/dev.codekraft.it\/ravaglioli.it\/wp-content\/uploads\/brb_media\/00509274_wheel-balancer-gar345-mi-150x150.png","url":"https:\/\/dev.codekraft.it\/ravaglioli.it\/fr\/product\/ecrou-a-serrage-rapide-avec-bague-de-pression-2\/"},{"id":154821,"mpn":"GAR111","name":"C\u00f4nes de centrage pour voiture de tourisme","description":"Avec carter de protection | \u00d8 44 - 112 mm | 1 jeu \/ 3 pi\u00e8ces","thumbnail":"https:\/\/dev.codekraft.it\/ravaglioli.it\/wp-content\/uploads\/brb_media\/00509259_wheel-balancer-gar111-mi-150x150.png","url":"https:\/\/dev.codekraft.it\/ravaglioli.it\/fr\/product\/cones-de-centrage-pour-voiture-de-tourisme\/"},{"id":154977,"mpn":"GAR121","name":"Disque de protection de roue","description":"","thumbnail":"https:\/\/dev.codekraft.it\/ravaglioli.it\/wp-content\/uploads\/brb_media\/00506564_gar121-150x150.png","url":"https:\/\/dev.codekraft.it\/ravaglioli.it\/fr\/product\/disque-de-protection-de-roue\/"},{"id":155377,"mpn":"GAR132","name":"Pr\u00e9cision plaque de serrage de type Universel, pour roues 3\/4\/5 trous | avec doigts","description":"Flasque universelle de pr\u00e9cision avec tiges","thumbnail":"https:\/\/dev.codekraft.it\/ravaglioli.it\/wp-content\/uploads\/brb_media\/00506548_gar132-150x150.png","url":"https:\/\/dev.codekraft.it\/ravaglioli.it\/fr\/product\/precision-plaque-de-serrage-de-type-universel-pour-roues-3-4-5-trous-avec-doigts\/"},{"id":155335,"mpn":"GAR112","name":"C\u00f4ne de centrage","description":"Pour v\u00e9hicules tous terrains | \u00d8 95 - 132 mm","thumbnail":"https:\/\/dev.codekraft.it\/ravaglioli.it\/wp-content\/uploads\/brb_media\/00549107_wheel-balancers-gar112-mi-150x150.png","url":"https:\/\/dev.codekraft.it\/ravaglioli.it\/fr\/product\/cone-de-centrage\/"},{"id":156935,"mpn":"GAR379","name":"Pointeur laser 6 heures","description":"Pointeur laser \u00e0 lame \u00e0 heures 6, avec illuminateur","thumbnail":"https:\/\/dev.codekraft.it\/ravaglioli.it\/wp-content\/uploads\/brb_media\/00512761_wheel-balancers-gar379-mi-01-150x150.png","url":"https:\/\/dev.codekraft.it\/ravaglioli.it\/fr\/product\/pointeur-laser-6-heures\/"}],"package":[],"related":[],"similar":[{"id":154409,"mpn":"RAV.G3150.201287","name":"Equilibreuse de roue \u00e9lectronique a microprocesseur GP3.150WSPLUS","description":"3D, \u00e9cran LCD 22\u2033, serrure pneumatique, voiture de tourisme, diam\u00e8tre de la jante 10 - 26\u2033, diam\u00e8tre de roue max. 43\u2033 | Bleu (RAL 5005)","thumbnail":"https:\/\/dev.codekraft.it\/ravaglioli.it\/wp-content\/uploads\/brb_media\/00509242_wheel-balancer-gp3150wsplus-mi-150x150.png","url":"https:\/\/dev.codekraft.it\/ravaglioli.it\/fr\/product\/equilibreuse-de-roue-electronique-a-microprocesseur-gp3-150wsplus\/"},{"id":154367,"mpn":"RAV.G2140.201454","name":"Equilibreuse de roue \u00e9lectronique a microprocesseur G2.140R","description":"\u00c9cran LCD, bras de mesure 2D pour mesure automatique de la largeur des roues et du diam\u00e8tre des jantes, voiture de tourisme, diam\u00e8tre de la jante 10 - 26\u2033 | Bleu (RAL 5005)","thumbnail":"https:\/\/dev.codekraft.it\/ravaglioli.it\/wp-content\/uploads\/brb_media\/00509116_wheel-balancer-g2-140r-mi-150x150.png","url":"https:\/\/dev.codekraft.it\/ravaglioli.it\/fr\/product\/equilibreuse-de-roue-electronique-a-microprocesseur-g2-140r\/"},{"id":154421,"mpn":"RAV.G3150.201386","name":"Equilibreuse de roue \u00e9lectronique a microprocesseur GP3.150WS","description":"3D, \u00e9cran LCD 22\u2033, serrure pneumatique, voiture de tourisme, diam\u00e8tre de la jante 10 - 26\u2033, diam\u00e8tre de roue max. 43\u2033 | Bleu (RAL 5005)","thumbnail":"https:\/\/dev.codekraft.it\/ravaglioli.it\/wp-content\/uploads\/brb_media\/00509240_wheel-balancer-gp3150ws-mi-150x150.png","url":"https:\/\/dev.codekraft.it\/ravaglioli.it\/fr\/product\/equilibreuse-de-roue-electronique-a-microprocesseur-gp3-150ws\/"},{"id":154427,"mpn":"RAV.G3150.201430","name":"Equilibreuse de roue \u00e9lectronique a microprocesseur G3.150WS","description":"3D, \u00e9cran LCD 22\u2033, voiture de tourisme, diam\u00e8tre de la jante 10 - 26\u2033, diam\u00e8tre de roue max. 43\u2033 | Bleu (RAL 5005)","thumbnail":"https:\/\/dev.codekraft.it\/ravaglioli.it\/wp-content\/uploads\/brb_media\/00509239_wheel-balancer-g3150ws-mi-150x150.png","url":"https:\/\/dev.codekraft.it\/ravaglioli.it\/fr\/product\/equilibreuse-de-roue-electronique-a-microprocesseur-g3-150ws\/"},{"id":154433,"mpn":"RAV.G3150.201485","name":"Equilibreuse de roue \u00e9lectronique a microprocesseur GP3.150S","description":"3D, \u00e9cran LCD 22\u2033, serrure pneumatique, voiture de tourisme, diam\u00e8tre de la jante 10 - 26\u2033, diam\u00e8tre de roue max. 43\u2033 | Bleu (RAL 5005)","thumbnail":"https:\/\/dev.codekraft.it\/ravaglioli.it\/wp-content\/uploads\/brb_media\/00509245_wheel-blancer-gp3150s-mi-150x150.png","url":"https:\/\/dev.codekraft.it\/ravaglioli.it\/fr\/product\/equilibreuse-de-roue-electronique-a-microprocesseur-gp3-150s\/"},{"id":154439,"mpn":"RAV.G3150.201539","name":"Equilibreuse de roue \u00e9lectronique a microprocesseur G3.150S","description":"3D, \u00e9cran LCD 22\u2033, voiture de tourisme, diam\u00e8tre de la jante 10 - 26\u2033, diam\u00e8tre de roue max. 43\u2033 | Bleu (RAL 5005)","thumbnail":"https:\/\/dev.codekraft.it\/ravaglioli.it\/wp-content\/uploads\/brb_media\/00509515_wheel-blancer-g3150s-mi-150x150.png","url":"https:\/\/dev.codekraft.it\/ravaglioli.it\/fr\/product\/equilibreuse-de-roue-electronique-a-microprocesseur-g3-150s\/"},{"id":154445,"mpn":"RAV.G3150.201584","name":"Equilibreuse de roue \u00e9lectronique a microprocesseur G3.150","description":"3D, \u00e9cran LCD 22\u2033, voiture de tourisme, diam\u00e8tre de la jante 10 - 26\u2033, diam\u00e8tre de roue max. 43\u2033 | Bleu (RAL 5005)","thumbnail":"https:\/\/dev.codekraft.it\/ravaglioli.it\/wp-content\/uploads\/brb_media\/00509238_wheel-balancer-g3150-mi-150x150.png","url":"https:\/\/dev.codekraft.it\/ravaglioli.it\/fr\/product\/equilibreuse-de-roue-electronique-a-microprocesseur-g3-150\/"}],"page_logo_src":"https:\/\/dev.codekraft.it\/ravaglioli.it\/wp-content\/uploads\/2026\/04\/rav-negative-logo-1.png","lang":"fr","translations":{"fr":154415,"en":154413,"de":154414,"it":154416,"es":154417,"ru":154418},"pll_sync_post":[],"_links":{"self":[{"href":"https:\/\/dev.codekraft.it\/ravaglioli.it\/wp-json\/wp\/v2\/product\/154415","targetHints":{"allow":["GET"]}}],"collection":[{"href":"https:\/\/dev.codekraft.it\/ravaglioli.it\/wp-json\/wp\/v2\/product"}],"about":[{"href":"https:\/\/dev.codekraft.it\/ravaglioli.it\/wp-json\/wp\/v2\/types\/product"}],"wp:featuredmedia":[{"embeddable":true,"href":"https:\/\/dev.codekraft.it\/ravaglioli.it\/wp-json\/wp\/v2\/media\/37707"}],"wp:attachment":[{"href":"https:\/\/dev.codekraft.it\/ravaglioli.it\/wp-json\/wp\/v2\/media?parent=154415"}],"wp:term":[{"taxonomy":"product_brand","embeddable":true,"href":"https:\/\/dev.codekraft.it\/ravaglioli.it\/wp-json\/wp\/v2\/product_brand?post=154415"},{"taxonomy":"product_cat","embeddable":true,"href":"https:\/\/dev.codekraft.it\/ravaglioli.it\/wp-json\/wp\/v2\/product_cat?post=154415"},{"taxonomy":"product_tag","embeddable":true,"href":"https:\/\/dev.codekraft.it\/ravaglioli.it\/wp-json\/wp\/v2\/product_tag?post=154415"},{"taxonomy":"product_approvals","embeddable":true,"href":"https:\/\/dev.codekraft.it\/ravaglioli.it\/wp-json\/wp\/v2\/product_approvals?post=154415"},{"taxonomy":"product_application","embeddable":true,"href":"https:\/\/dev.codekraft.it\/ravaglioli.it\/wp-json\/wp\/v2\/product_application?post=154415"}],"curies":[{"name":"wp","href":"https:\/\/api.w.org\/{rel}","templated":true}]}}