{"id":154403,"date":"2025-11-20T10:26:31","date_gmt":"2025-11-20T10:26:31","guid":{"rendered":"https:\/\/dev.codekraft.it\/ravaglioli.it\/product\/equilibreuse-de-roue-gtl2-120nrc\/"},"modified":"2026-01-14T21:20:43","modified_gmt":"2026-01-14T21:20:43","slug":"equilibreuse-de-roue-gtl2-120nrc","status":"publish","type":"product","link":"https:\/\/dev.codekraft.it\/ravaglioli.it\/fr\/product\/equilibreuse-de-roue-gtl2-120nrc\/","title":{"rendered":"Equilibreuse de roue GTL2.120NRC"},"content":{"rendered":"<p>Gestion assist\u00e9e de l\u2019\u00e9quilibrage &#8211; Commandes logiques interactives avec touches multifonctions\u00a0: les fonctions des touches varient selon l\u2019usage et sont identifi\u00e9es sur l\u2019\u00e9cran par des ic\u00f4nes imm\u00e9diatement compr\u00e9hensibles.<\/p>\n<ul>\n<li>\u00c9cran graphique LCD r\u00e9tro-\u00e9clair\u00e9 (132 x 40 mm)<\/li>\n<li>Un frein \u00e9lectro-pneumatique maintient la roue dans sa position<\/li>\n<li>L\u00e8ve-roue pneumatique\u00a0(200 kg)<\/li>\n<\/ul>\n","protected":false},"excerpt":{"rendered":"<p>\u00c9cran graphique LCD r\u00e9tro-\u00e9clair\u00e9 (132 x 40 mm), cycle automatique, incl. c\u00f4nes pour camions (\u00d8 202 &#8211; 221 mm, 281 mm), adaptateur pour camions, frette de serrage \u00e0 volant et l\u00e8ve-roue (200 kg), camion, diam\u00e8tre de la jante 10 &#8211; 26\/30\u2033 (automatique\/manuel)<\/p>\n","protected":false},"featured_media":43355,"template":"","meta":[],"product_brand":[],"product_cat":[57964],"product_tag":[58360,58343,63157,58326,58290],"product_approvals":[],"product_application":[],"class_list":{"0":"post-154403","1":"product","2":"type-product","3":"status-publish","4":"has-post-thumbnail","6":"product_cat-equilibreuses-des-roues-fr","7":"product_tag-trucks-fr","8":"product_tag-motor-homes-fr","9":"product_tag-quickship-fr","10":"product_tag-light-commercial-fr","11":"product_tag-passenger-cars-fr","13":"first","14":"instock","15":"shipping-taxable","16":"product-type-simple"},"approvals":[],"application":[],"brb_media_brochure":[{"id":150507,"url":"https:\/\/dev.codekraft.it\/ravaglioli.it\/wp-content\/uploads\/brb_media\/00521675_wheel-balancers-gtl4140rc-gtl2120nrc-br-multi-2023-09-screen.pdf","title":"Wheel Balancers GTL4140RC GTL2120NRC BR multi 2023 09 screen","mpn":"","thumbnail":"https:\/\/dev.codekraft.it\/ravaglioli.it\/wp-content\/uploads\/brb_media\/00521675_wheel-balancers-gtl4140rc-gtl2120nrc-br-multi-2023-09-screen-pdf-106x150.png","description":""}],"brb_media_drawing":"","brb_media_manuals":[{"id":150492,"url":"https:\/\/dev.codekraft.it\/ravaglioli.it\/wp-content\/uploads\/brb_media\/00548907_wheel-balancers-librak240-librak345-librak338-librak328-g2114-g2116-g2120-g2121-t2020-2d-wb430-easy-g2124-gtl2120-er328-er448-erl240-im-1296-m027-02_vsg_rev03-multi-2024-12.pdf","title":"Wheel Balancers LIBRAK240 LIBRAK345 LIBRAK338 LIBRAK328 G2114 G2116 G2120 G2121 T2020 2D WB430 EASY G2124 GTL2120 ER328 ER448 ERL240 IM 1296 M027 02 VSG rev03 multi 2024 12","mpn":"","thumbnail":"https:\/\/dev.codekraft.it\/ravaglioli.it\/wp-content\/uploads\/brb_media\/00548907_wheel-balancers-librak240-librak345-librak338-librak328-g2114-g2116-g2120-g2121-t2020-2d-wb430-easy-g2124-gtl2120-er328-er448-erl240-im-1296-m027-02_vsg_rev03-multi-2024-12-pdf-106x150.png","description":""}],"brb_media_safety_datasheets":"","brb_media_spare_parts":[],"_cdmm_p_id":"502734","_company":"Ravaglioli","_gtin":"5063084200846","accessories":[{"id":153757,"mpn":"GAR192N","name":"C\u00f4ne de centrage BMW","description":"Manchon de centrage BMW | option pour bride universelle GAR181N ou GAR191N","thumbnail":"https:\/\/dev.codekraft.it\/ravaglioli.it\/wp-content\/uploads\/brb_media\/00506576_gar192n-150x150.png","url":"https:\/\/dev.codekraft.it\/ravaglioli.it\/fr\/product\/cone-de-centrage-bmw\/"},{"id":152970,"mpn":"GAR362","name":"Protection roue sans micro","description":"Accessoire pour \u00e9quilibreuses de roue poids lourds","thumbnail":"","url":"https:\/\/dev.codekraft.it\/ravaglioli.it\/fr\/product\/protection-roue-sans-micro\/"},{"id":154995,"mpn":"GAR122","name":"Bride pour roues camions","description":"","thumbnail":"https:\/\/dev.codekraft.it\/ravaglioli.it\/wp-content\/uploads\/brb_media\/00506545_gar122-150x150.png","url":"https:\/\/dev.codekraft.it\/ravaglioli.it\/fr\/product\/bride-pour-roues-camions\/"},{"id":155873,"mpn":"GAR171","name":"\u00c9toile de centrage \u00e0 3 bras | pour camion","description":"Bride \u00e9toile pour jantes 6 trous | 3 x 170, 186, 205, 222, 245 mm","thumbnail":"https:\/\/dev.codekraft.it\/ravaglioli.it\/wp-content\/uploads\/brb_media\/00506551_gar172-150x150.png","url":"https:\/\/dev.codekraft.it\/ravaglioli.it\/fr\/product\/etoile-de-centrage-a-3-bras-pour-camion\/"},{"id":155879,"mpn":"GAR172","name":"\u00c9toile de centrage \u00e0 4 bras | pour camion","description":"Bride \u00e9toile pour jantes 8 trous | 4 x 275, 285, 205 mm","thumbnail":"https:\/\/dev.codekraft.it\/ravaglioli.it\/wp-content\/uploads\/brb_media\/00506551_gar172-150x150.png","url":"https:\/\/dev.codekraft.it\/ravaglioli.it\/fr\/product\/etoile-de-centrage-a-4-bras-pour-camion\/"},{"id":154851,"mpn":"GAR173","name":"\u00c9toile de centrage \u00e0 5 bras | pour camion","description":"Bride \u00e9toile pour jantes 10 trous | 5 x 225, 286, 335 mm","thumbnail":"https:\/\/dev.codekraft.it\/ravaglioli.it\/wp-content\/uploads\/brb_media\/00506551_gar172-150x150.png","url":"https:\/\/dev.codekraft.it\/ravaglioli.it\/fr\/product\/etoile-de-centrage-a-5-bras-pour-camion\/"},{"id":155377,"mpn":"GAR132","name":"Pr\u00e9cision plaque de serrage de type Universel, pour roues 3\/4\/5 trous | avec doigts","description":"Flasque universelle de pr\u00e9cision avec tiges","thumbnail":"https:\/\/dev.codekraft.it\/ravaglioli.it\/wp-content\/uploads\/brb_media\/00506548_gar132-150x150.png","url":"https:\/\/dev.codekraft.it\/ravaglioli.it\/fr\/product\/precision-plaque-de-serrage-de-type-universel-pour-roues-3-4-5-trous-avec-doigts\/"},{"id":155383,"mpn":"GAR142","name":"Pr\u00e9cision plaque de serrage de type pour jantes \u00e0 5 trous | 98 &#8211; 100 &#8211; 108 &#8211; 112 &#8211; 120,65 &#8211; 130 &#8211; 139,7 mm","description":"Plateau \u00e0 colonnettes pour roues \u00e0 5 ouvertures","thumbnail":"https:\/\/dev.codekraft.it\/ravaglioli.it\/wp-content\/uploads\/brb_media\/00506567_gar142-150x150.png","url":"https:\/\/dev.codekraft.it\/ravaglioli.it\/fr\/product\/precision-plaque-de-serrage-de-type-pour-jantes-a-5-trous-98-100-108-112-12065-130-1397-mm\/"},{"id":155389,"mpn":"GAR181N","name":"Bride universelle","description":"Pour motos | avec arbre, \u00d8 14 mm, et accessoires | GAR181A1 requis","thumbnail":"https:\/\/dev.codekraft.it\/ravaglioli.it\/wp-content\/uploads\/brb_media\/00506596_gar181n-150x150.png","url":"https:\/\/dev.codekraft.it\/ravaglioli.it\/fr\/product\/bride-universelle\/"},{"id":154821,"mpn":"GAR111","name":"C\u00f4nes de centrage pour voiture de tourisme","description":"Avec carter de protection | \u00d8 44 - 112 mm | 1 jeu \/ 3 pi\u00e8ces","thumbnail":"https:\/\/dev.codekraft.it\/ravaglioli.it\/wp-content\/uploads\/brb_media\/00509259_wheel-balancer-gar111-mi-150x150.png","url":"https:\/\/dev.codekraft.it\/ravaglioli.it\/fr\/product\/cones-de-centrage-pour-voiture-de-tourisme\/"},{"id":155025,"mpn":"GAR356","name":"Arbre de centrage pour motos | \u00d8 10 mm","description":"\u00c9quip\u00e9 avec flasque, 2 c\u00f4nes, 6 entretoises et 2 bagues | GAR181N ou GAR354 n\u00e9cessaire","thumbnail":"https:\/\/dev.codekraft.it\/ravaglioli.it\/wp-content\/uploads\/brb_media\/00506574_gar182n-150x150.png","url":"https:\/\/dev.codekraft.it\/ravaglioli.it\/fr\/product\/arbre-de-centrage-pour-motos-o-10-mm\/"},{"id":155055,"mpn":"GAR193N","name":"C\u00f4ne de centrage pour Ducati 916-996-996-998-Monster SR2-SR4","description":"Manchon de centrage | option pour bride universelle GAR181N ou GAR191N","thumbnail":"https:\/\/dev.codekraft.it\/ravaglioli.it\/wp-content\/uploads\/brb_media\/00506593_gar193n-150x150.png","url":"https:\/\/dev.codekraft.it\/ravaglioli.it\/fr\/product\/cone-de-centrage-pour-ducati-916-996-996-998-monster-sr2-sr4\/"},{"id":155061,"mpn":"GAR194N","name":"C\u00f4ne de centrage pour Honda NTV 650 REVERE","description":"Manchon de centrage | option pour bride universelle GAR181N ou GAR191N","thumbnail":"https:\/\/dev.codekraft.it\/ravaglioli.it\/wp-content\/uploads\/brb_media\/00506591_gar194n-150x150.png","url":"https:\/\/dev.codekraft.it\/ravaglioli.it\/fr\/product\/cone-de-centrage-pour-honda-ntv-650-revere\/"},{"id":155067,"mpn":"GAR195N","name":"C\u00f4ne de centrage pour Honda VFR 750","description":"Manchon de centrage | option pour bride universelle GAR181N ou GAR191N","thumbnail":"https:\/\/dev.codekraft.it\/ravaglioli.it\/wp-content\/uploads\/brb_media\/00506592_gar195n-150x150.png","url":"https:\/\/dev.codekraft.it\/ravaglioli.it\/fr\/product\/cone-de-centrage-pour-honda-vfr-750\/"},{"id":155073,"mpn":"GAR196N","name":"C\u00f4ne de centrage pour Yamaha GTS 1000","description":"Manchon de centrage | option pour bride universelle GAR181N ou GAR191N","thumbnail":"https:\/\/dev.codekraft.it\/ravaglioli.it\/wp-content\/uploads\/brb_media\/00506590_gar196n-150x150.png","url":"https:\/\/dev.codekraft.it\/ravaglioli.it\/fr\/product\/cone-de-centrage-pour-yamaha-gts-1000\/"},{"id":155079,"mpn":"GAR197N","name":"C\u00f4nes de centrage pour Harley Davidson | 1 jeu \/ 2 pi\u00e8ces","description":"Manchons de centrage | option pour bride universelle GAR181N ou GAR191N","thumbnail":"https:\/\/dev.codekraft.it\/ravaglioli.it\/wp-content\/uploads\/brb_media\/00506577_gar197-150x150.png","url":"https:\/\/dev.codekraft.it\/ravaglioli.it\/fr\/product\/cones-de-centrage-pour-harley-davidson-1-jeu-2-pieces\/"},{"id":155085,"mpn":"GAR198N","name":"C\u00f4nes de centrage pour Suzuki GSX R","description":"Option pour bride universelle GAR181N ou GAR191N | 1 jeu \/ 6 pi\u00e8ces","thumbnail":"https:\/\/dev.codekraft.it\/ravaglioli.it\/wp-content\/uploads\/brb_media\/00431008_wheel-balancer-centering-cone-suzuki-di-gar198n-150x150.png","url":"https:\/\/dev.codekraft.it\/ravaglioli.it\/fr\/product\/cones-de-centrage-pour-suzuki-gsx-r\/"},{"id":154959,"mpn":"GAR147N","name":"Bagues de centrage","description":"Pour Renault | \u00d8 60 \/ 66 mm | 1 jeu \/ 2 pi\u00e8ces","thumbnail":"https:\/\/dev.codekraft.it\/ravaglioli.it\/wp-content\/uploads\/brb_media\/00509264_wheel-balancer-gar147n-mi-150x150.png","url":"https:\/\/dev.codekraft.it\/ravaglioli.it\/fr\/product\/bagues-de-centrage\/"},{"id":154977,"mpn":"GAR121","name":"Disque de protection de roue","description":"","thumbnail":"https:\/\/dev.codekraft.it\/ravaglioli.it\/wp-content\/uploads\/brb_media\/00506564_gar121-150x150.png","url":"https:\/\/dev.codekraft.it\/ravaglioli.it\/fr\/product\/disque-de-protection-de-roue\/"}],"components":[],"delivery":[],"package":[],"related":[],"similar":[{"id":154397,"mpn":"RAV.GTL4C.201256","name":"Equilibreuse de roue GTL4.140RC","description":"\u00c9cran LCD Full HD 22\u2033, PC industriel, cycle automatique, incl. c\u00f4nes pour camions (\u00d8 202 - 221 mm, 281 mm), adaptateur pour camions, frette de serrage \u00e0 volant et l\u00e8ve-roue (200 kg), camion, diam\u00e8tre de la jante 10 - 26\/30\u2033 (automatique\/manuel)","thumbnail":"https:\/\/dev.codekraft.it\/ravaglioli.it\/wp-content\/uploads\/brb_media\/00509236_wheel-balancer-gtl4-140rc-mi-150x150.png","url":"https:\/\/dev.codekraft.it\/ravaglioli.it\/fr\/product\/equilibreuse-de-roue-gtl4-140rc\/"},{"id":154348,"mpn":"RAV.G2124.201362","name":"Equilibreuse de roue \u00e9lectronique a microprocesseur G2.124NR","description":"\u00c9cran LCD interactif, voiture de tourisme, diam\u00e8tre de la jante 10 - 26\u2033 | Bleu (RAL 5005)","thumbnail":"https:\/\/dev.codekraft.it\/ravaglioli.it\/wp-content\/uploads\/brb_media\/00508748_wheel-balancer-g2124nr-mi-150x150.png","url":"https:\/\/dev.codekraft.it\/ravaglioli.it\/fr\/product\/equilibreuse-de-roue-electronique-a-microprocesseur-g2-124nr\/"},{"id":154439,"mpn":"RAV.G3150.201539","name":"Equilibreuse de roue \u00e9lectronique a microprocesseur G3.150S","description":"3D, \u00e9cran LCD 22\u2033, voiture de tourisme, diam\u00e8tre de la jante 10 - 26\u2033, diam\u00e8tre de roue max. 43\u2033 | Bleu (RAL 5005)","thumbnail":"https:\/\/dev.codekraft.it\/ravaglioli.it\/wp-content\/uploads\/brb_media\/00509515_wheel-blancer-g3150s-mi-150x150.png","url":"https:\/\/dev.codekraft.it\/ravaglioli.it\/fr\/product\/equilibreuse-de-roue-electronique-a-microprocesseur-g3-150s\/"},{"id":154445,"mpn":"RAV.G3150.201584","name":"Equilibreuse de roue \u00e9lectronique a microprocesseur G3.150","description":"3D, \u00e9cran LCD 22\u2033, voiture de tourisme, diam\u00e8tre de la jante 10 - 26\u2033, diam\u00e8tre de roue max. 43\u2033 | Bleu (RAL 5005)","thumbnail":"https:\/\/dev.codekraft.it\/ravaglioli.it\/wp-content\/uploads\/brb_media\/00509238_wheel-balancer-g3150-mi-150x150.png","url":"https:\/\/dev.codekraft.it\/ravaglioli.it\/fr\/product\/equilibreuse-de-roue-electronique-a-microprocesseur-g3-150\/"}],"page_logo_src":"https:\/\/dev.codekraft.it\/ravaglioli.it\/wp-content\/uploads\/2026\/04\/rav-negative-logo-1.png","lang":"fr","translations":{"fr":154403,"en":154401,"de":154402,"it":154404,"es":154405,"ru":154406},"pll_sync_post":[],"_links":{"self":[{"href":"https:\/\/dev.codekraft.it\/ravaglioli.it\/wp-json\/wp\/v2\/product\/154403","targetHints":{"allow":["GET"]}}],"collection":[{"href":"https:\/\/dev.codekraft.it\/ravaglioli.it\/wp-json\/wp\/v2\/product"}],"about":[{"href":"https:\/\/dev.codekraft.it\/ravaglioli.it\/wp-json\/wp\/v2\/types\/product"}],"wp:featuredmedia":[{"embeddable":true,"href":"https:\/\/dev.codekraft.it\/ravaglioli.it\/wp-json\/wp\/v2\/media\/43355"}],"wp:attachment":[{"href":"https:\/\/dev.codekraft.it\/ravaglioli.it\/wp-json\/wp\/v2\/media?parent=154403"}],"wp:term":[{"taxonomy":"product_brand","embeddable":true,"href":"https:\/\/dev.codekraft.it\/ravaglioli.it\/wp-json\/wp\/v2\/product_brand?post=154403"},{"taxonomy":"product_cat","embeddable":true,"href":"https:\/\/dev.codekraft.it\/ravaglioli.it\/wp-json\/wp\/v2\/product_cat?post=154403"},{"taxonomy":"product_tag","embeddable":true,"href":"https:\/\/dev.codekraft.it\/ravaglioli.it\/wp-json\/wp\/v2\/product_tag?post=154403"},{"taxonomy":"product_approvals","embeddable":true,"href":"https:\/\/dev.codekraft.it\/ravaglioli.it\/wp-json\/wp\/v2\/product_approvals?post=154403"},{"taxonomy":"product_application","embeddable":true,"href":"https:\/\/dev.codekraft.it\/ravaglioli.it\/wp-json\/wp\/v2\/product_application?post=154403"}],"curies":[{"name":"wp","href":"https:\/\/api.w.org\/{rel}","templated":true}]}}