{"id":154399,"date":"2025-10-30T14:31:24","date_gmt":"2025-10-30T14:31:24","guid":{"rendered":"https:\/\/dev.codekraft.it\/ravaglioli.it\/product\/equilibradora-de-ruedas-gtl4-140rc\/"},"modified":"2026-01-14T21:20:18","modified_gmt":"2026-01-14T21:20:18","slug":"equilibradora-de-ruedas-gtl4-140rc","status":"publish","type":"product","link":"https:\/\/dev.codekraft.it\/ravaglioli.it\/es\/product\/equilibradora-de-ruedas-gtl4-140rc\/","title":{"rendered":"Equilibradora de ruedas GTL4.140RC"},"content":{"rendered":"<p>Rapidez de uso: arranque autom\u00e1tico al bajar la protecci\u00f3n de rueda y bloqueo autom\u00e1tico en la posici\u00f3n de desequilibrio exterior. Un freno electro-neum\u00e1tico mantiene la rueda en posici\u00f3n. Reposicionamiento autom\u00e1tico en la posici\u00f3n del desequilibrio interno.<\/p>\n<ul>\n<li>Calibre digital con lector \u00f3ptico y con eje de aluminio apoyado sobre cojinetes<\/li>\n<li>Medici\u00f3n autom\u00e1tica de la distancia y del di\u00e1metro hasta 26\u201d<\/li>\n<li>Elevador de rueda neum\u00e1tico (200 kg)<\/li>\n<\/ul>\n","protected":false},"excerpt":{"rendered":"<p>Monitor LCD Full HD de 22\u2033, PC industrial, ciclo autom\u00e1tico, incl. conos para camiones pesados (\u00d8 202 &#8211; 221 mm, 281 mm), adaptador, garra tipo volante y elevador de ruedas (200 kg), cami\u00f3n, di\u00e1metro de llanta 10 &#8211; 26\/30\u2033 (autom\u00e1tica\/manual)<\/p>\n","protected":false},"featured_media":43347,"template":"","meta":[],"product_brand":[],"product_cat":[57996],"product_tag":[58366,58349,58296,58332],"product_approvals":[],"product_application":[],"class_list":{"0":"post-154399","1":"product","2":"type-product","3":"status-publish","4":"has-post-thumbnail","6":"product_cat-equilibradoras-de-ruedas-es","7":"product_tag-trucks-es","8":"product_tag-motor-homes-es","9":"product_tag-passenger-cars-es","10":"product_tag-light-commercial-es","12":"first","13":"instock","14":"shipping-taxable","15":"product-type-simple"},"approvals":[],"application":[],"brb_media_brochure":[{"id":150507,"url":"https:\/\/dev.codekraft.it\/ravaglioli.it\/wp-content\/uploads\/brb_media\/00521675_wheel-balancers-gtl4140rc-gtl2120nrc-br-multi-2023-09-screen.pdf","title":"Wheel Balancers GTL4140RC GTL2120NRC BR multi 2023 09 screen","mpn":"","thumbnail":"https:\/\/dev.codekraft.it\/ravaglioli.it\/wp-content\/uploads\/brb_media\/00521675_wheel-balancers-gtl4140rc-gtl2120nrc-br-multi-2023-09-screen-pdf-106x150.png","description":""}],"brb_media_drawing":"","brb_media_manuals":[{"id":149961,"url":"https:\/\/dev.codekraft.it\/ravaglioli.it\/wp-content\/uploads\/brb_media\/00535510_wheel-balancers-rot-rav-spa-monitor-wheel-balancer-im-1301-m004-02_vsg_rev02-multi-2024-11.pdf","title":"wheel balancers rot rav spa monitor wheel balancer im 1301 m004 02 vsg rev02 multi 2024 11","mpn":"","thumbnail":"https:\/\/dev.codekraft.it\/ravaglioli.it\/wp-content\/uploads\/brb_media\/00535510_wheel-balancers-rot-rav-spa-monitor-wheel-balancer-im-1301-m004-02_vsg_rev02-multi-2024-11-pdf-106x150.png","description":""}],"brb_media_safety_datasheets":"","brb_media_spare_parts":[],"_cdmm_p_id":"502733","_company":"Ravaglioli","_gtin":"5063084201256","accessories":[{"id":152326,"mpn":"GAR378","name":"Antena para conexi\u00f3n Wi-Fi y habilitaci\u00f3n de la funci\u00f3n de conexi\u00f3n","description":"","thumbnail":"","url":"https:\/\/dev.codekraft.it\/ravaglioli.it\/es\/product\/antena-para-conexion-wi-fi-y-habilitacion-de-la-funcion-de-conexion\/"},{"id":153068,"mpn":"GAR155","name":"Conos de centrado de precisi\u00f3n \u00d8 42,5 &#8211; 78 mm","description":"Para equilibradoras de ruedas | 1 juego \/ 5 piezas","thumbnail":"https:\/\/dev.codekraft.it\/ravaglioli.it\/wp-content\/uploads\/brb_media\/00506571_gar155-150x150.png","url":"https:\/\/dev.codekraft.it\/ravaglioli.it\/es\/product\/conos-de-centrado-de-precision-o-425-78-mm\/"},{"id":153759,"mpn":"GAR192N","name":"Cono de centrado BMW","description":"Casquillo de centrado BMW | opci\u00f3n para garra universal GAR181N o GAR191N","thumbnail":"https:\/\/dev.codekraft.it\/ravaglioli.it\/wp-content\/uploads\/brb_media\/00506576_gar192n-150x150.png","url":"https:\/\/dev.codekraft.it\/ravaglioli.it\/es\/product\/cono-de-centrado-bmw\/"},{"id":155093,"mpn":"GAR103","name":"Tuerca tipo con volante y anillo de presi\u00f3n | para camiones","description":"Garra tipo volante, de serie en todas las equil.de cami\u00f3n (No P)","thumbnail":"https:\/\/dev.codekraft.it\/ravaglioli.it\/wp-content\/uploads\/brb_media\/00506541_gar103-150x150.png","url":"https:\/\/dev.codekraft.it\/ravaglioli.it\/es\/product\/tuerca-tipo-con-volante-y-anillo-de-presion-para-camiones\/"},{"id":155373,"mpn":"GAR113","name":"Cono de centrado para furgonetas | \u00d8 118 &#8211; 174 mm","description":"Incluido espesor","thumbnail":"https:\/\/dev.codekraft.it\/ravaglioli.it\/wp-content\/uploads\/brb_media\/00509261_wheel-balancer-gar113-mi-150x150.png","url":"https:\/\/dev.codekraft.it\/ravaglioli.it\/es\/product\/cono-de-centrado-para-furgonetas-o-118-174-mm\/"},{"id":154991,"mpn":"GAR114","name":"Conos de centrado para cami\u00f3n","description":"\u00d8 202 - 221 mm \/ 281 mm | 1 juego \/ 2 piezas","thumbnail":"https:\/\/dev.codekraft.it\/ravaglioli.it\/wp-content\/uploads\/brb_media\/00535522_wheel-balancers-gar114-mi-150x150.png","url":"https:\/\/dev.codekraft.it\/ravaglioli.it\/es\/product\/conos-de-centrado-para-camion\/"},{"id":154997,"mpn":"GAR122","name":"Garra para camiones","description":"","thumbnail":"https:\/\/dev.codekraft.it\/ravaglioli.it\/wp-content\/uploads\/brb_media\/00506545_gar122-150x150.png","url":"https:\/\/dev.codekraft.it\/ravaglioli.it\/es\/product\/garra-para-camiones\/"},{"id":155875,"mpn":"GAR171","name":"Estrella de centrado de 3 brazos | para camiones","description":"Brida de estrella\/Plato de esp\u00e1rragos para camiones con llantas de 6 agujeros - 3 x 170, 186, 205, 222, 245 mm","thumbnail":"https:\/\/dev.codekraft.it\/ravaglioli.it\/wp-content\/uploads\/brb_media\/00506551_gar172-150x150.png","url":"https:\/\/dev.codekraft.it\/ravaglioli.it\/es\/product\/estrella-de-centrado-de-3-brazos-para-camiones\/"},{"id":155881,"mpn":"GAR172","name":"Estrella de centrado de 4 brazos | para camiones","description":"Brida de estrella\/Plato de esp\u00e1rragos para camiones con llantas de 8 agujeros - 4 x 275, 285, 205 mm","thumbnail":"https:\/\/dev.codekraft.it\/ravaglioli.it\/wp-content\/uploads\/brb_media\/00506551_gar172-150x150.png","url":"https:\/\/dev.codekraft.it\/ravaglioli.it\/es\/product\/estrella-de-centrado-de-4-brazos-para-camiones\/"},{"id":154853,"mpn":"GAR173","name":"Estrella de centrado de 5 brazos | para camiones","description":"Brida de estrella\/Plato de esp\u00e1rragos para camiones con llantas de 10 agujeros - 5 x 225, 286, 335 mm","thumbnail":"https:\/\/dev.codekraft.it\/ravaglioli.it\/wp-content\/uploads\/brb_media\/00506551_gar172-150x150.png","url":"https:\/\/dev.codekraft.it\/ravaglioli.it\/es\/product\/estrella-de-centrado-de-5-brazos-para-camiones\/"},{"id":155379,"mpn":"GAR132","name":"Placa de sujeci\u00f3n de precisi\u00f3n Universal, para ruedas con 3\/4\/5 agujeros | con esp\u00e1rragos","description":"Garra universal de precisi\u00f3n","thumbnail":"https:\/\/dev.codekraft.it\/ravaglioli.it\/wp-content\/uploads\/brb_media\/00506548_gar132-150x150.png","url":"https:\/\/dev.codekraft.it\/ravaglioli.it\/es\/product\/placa-de-sujecion-de-precision-universal-para-ruedas-con-3-4-5-agujeros-con-esparragos\/"},{"id":155893,"mpn":"GAR214TK","name":"Detector excentricidad","description":"Necesario GAR266T","thumbnail":"https:\/\/dev.codekraft.it\/ravaglioli.it\/wp-content\/uploads\/brb_media\/00373960_wheel-balancer-sonar-run-out02-di-150x150.png","url":"https:\/\/dev.codekraft.it\/ravaglioli.it\/es\/product\/detector-excentricidad\/"},{"id":155887,"mpn":"GAR266T","name":"Brazo de medici\u00f3n autom\u00e1tica de anchura 3D","description":"","thumbnail":"https:\/\/dev.codekraft.it\/ravaglioli.it\/wp-content\/uploads\/brb_media\/00506604_gar213-150x150.png","url":"https:\/\/dev.codekraft.it\/ravaglioli.it\/es\/product\/brazo-de-medicion-automatica-de-anchura-3d\/"},{"id":154823,"mpn":"GAR111","name":"Conos de centrado para turismo","description":"Incluido copa de protecci\u00f3n | \u00d8 44 - 112 mm | 1 juego \/ 3 piezas","thumbnail":"https:\/\/dev.codekraft.it\/ravaglioli.it\/wp-content\/uploads\/brb_media\/00509259_wheel-balancer-gar111-mi-150x150.png","url":"https:\/\/dev.codekraft.it\/ravaglioli.it\/es\/product\/conos-de-centrado-para-turismo\/"},{"id":154979,"mpn":"GAR121","name":"Disco de protecci\u00f3n rueda","description":"","thumbnail":"https:\/\/dev.codekraft.it\/ravaglioli.it\/wp-content\/uploads\/brb_media\/00506564_gar121-150x150.png","url":"https:\/\/dev.codekraft.it\/ravaglioli.it\/es\/product\/disco-de-proteccion-rueda\/"},{"id":155027,"mpn":"GAR356","name":"Eje de centrado para motos | \u00d8 10 mm","description":"Completo de eje, 2 conos. 6 espesores, garra de centrado y 2 bujes | GAR181N o GAR354 requerido","thumbnail":"https:\/\/dev.codekraft.it\/ravaglioli.it\/wp-content\/uploads\/brb_media\/00506574_gar182n-150x150.png","url":"https:\/\/dev.codekraft.it\/ravaglioli.it\/es\/product\/eje-de-centrado-para-motos-o-10-mm\/"},{"id":155057,"mpn":"GAR193N","name":"Cono de centrado para Ducati 916-996-998-Monster SR2-SR4","description":"Casquillo de centrado | opci\u00f3n para garra universal GAR181N o GAR191N","thumbnail":"https:\/\/dev.codekraft.it\/ravaglioli.it\/wp-content\/uploads\/brb_media\/00506593_gar193n-150x150.png","url":"https:\/\/dev.codekraft.it\/ravaglioli.it\/es\/product\/cono-de-centrado-para-ducati-916-996-998-monster-sr2-sr4\/"},{"id":155063,"mpn":"GAR194N","name":"Cono de centrado para Honda NTV 650 REVERE","description":"Casquillo de centrado | opci\u00f3n para garra universal GAR181N o GAR191N","thumbnail":"https:\/\/dev.codekraft.it\/ravaglioli.it\/wp-content\/uploads\/brb_media\/00506591_gar194n-150x150.png","url":"https:\/\/dev.codekraft.it\/ravaglioli.it\/es\/product\/cono-de-centrado-para-honda-ntv-650-revere\/"},{"id":155069,"mpn":"GAR195N","name":"Cono de centrado para Honda VFR 750","description":"Casquillo de centrado | opci\u00f3n para garra universal GAR181N o GAR191N","thumbnail":"https:\/\/dev.codekraft.it\/ravaglioli.it\/wp-content\/uploads\/brb_media\/00506592_gar195n-150x150.png","url":"https:\/\/dev.codekraft.it\/ravaglioli.it\/es\/product\/cono-de-centrado-para-honda-vfr-750\/"},{"id":155075,"mpn":"GAR196N","name":"Cono de centrado para Yamaha GTS 1000","description":"Casquillo de centrado | opci\u00f3n para garra universal GAR181N o GAR191N","thumbnail":"https:\/\/dev.codekraft.it\/ravaglioli.it\/wp-content\/uploads\/brb_media\/00506590_gar196n-150x150.png","url":"https:\/\/dev.codekraft.it\/ravaglioli.it\/es\/product\/cono-de-centrado-para-yamaha-gts-1000\/"},{"id":155081,"mpn":"GAR197N","name":"Conos de centrado para Harley Davidson | 1 juego \/ 2 piezas","description":"Casquillos de centrado | opci\u00f3n para garra universal GAR181N o GAR191N","thumbnail":"https:\/\/dev.codekraft.it\/ravaglioli.it\/wp-content\/uploads\/brb_media\/00506577_gar197-150x150.png","url":"https:\/\/dev.codekraft.it\/ravaglioli.it\/es\/product\/conos-de-centrado-para-harley-davidson-1-juego-2-piezas\/"},{"id":155087,"mpn":"GAR198N","name":"Conos de centrado para Suzuki GSX R","description":"Opci\u00f3n para garra universal GAR181N o GAR191N | 1 juego \/ 6 piezas","thumbnail":"https:\/\/dev.codekraft.it\/ravaglioli.it\/wp-content\/uploads\/brb_media\/00431008_wheel-balancer-centering-cone-suzuki-di-gar198n-150x150.png","url":"https:\/\/dev.codekraft.it\/ravaglioli.it\/es\/product\/conos-de-centrado-para-suzuki-gsx-r\/"}],"components":[],"delivery":[],"package":[],"related":[],"similar":[{"id":154350,"mpn":"RAV.G2124.201362","name":"Equilibradora de ruedas electr\u00f3nica con microprocesador G2.124NR","description":"Pantalla LCD interactiva, turismo, di\u00e1metro de llanta 10 - 26\u2033 | Azul (RAL 5005)","thumbnail":"https:\/\/dev.codekraft.it\/ravaglioli.it\/wp-content\/uploads\/brb_media\/00508748_wheel-balancer-g2124nr-mi-150x150.png","url":"https:\/\/dev.codekraft.it\/ravaglioli.it\/es\/product\/equilibradora-de-ruedas-electronica-con-microprocesador-g2-124nr\/"},{"id":154405,"mpn":"RAV.GTL2C.200846","name":"Equilibradora de ruedas GTL2.120NRC","description":"Pantalla gr\u00e1fica LCD retroiluminada (132 x 40 mm), ciclo autom\u00e1tico, incl. conos para camiones pesados (\u00d8 202 - 221 mm, 281 mm), adaptador, garra tipo volante y elevador de ruedas (200 kg), cami\u00f3n, di\u00e1metro de llanta 10 - 26\/30\u2033 (autom\u00e1tica\/manual)","thumbnail":"https:\/\/dev.codekraft.it\/ravaglioli.it\/wp-content\/uploads\/brb_media\/00509235_wheel-balancer-gtl2-120nrc-mi-150x150.png","url":"https:\/\/dev.codekraft.it\/ravaglioli.it\/es\/product\/equilibradora-de-ruedas-gtl2-120nrc\/"},{"id":154441,"mpn":"RAV.G3150.201539","name":"Equilibradora de ruedas electr\u00f3nica con microprocesador G3.150S","description":"3D, Monitor LCD de 22\u2033, turismo, di\u00e1metro de llanta 10 - 26\u2033, di\u00e1metro rueda m\u00e1x. 43\u2033 | Azul (RAL 5005)","thumbnail":"https:\/\/dev.codekraft.it\/ravaglioli.it\/wp-content\/uploads\/brb_media\/00509515_wheel-blancer-g3150s-mi-150x150.png","url":"https:\/\/dev.codekraft.it\/ravaglioli.it\/es\/product\/equilibradora-de-ruedas-electronica-con-microprocesador-g3-150s\/"},{"id":154447,"mpn":"RAV.G3150.201584","name":"Equilibradora de ruedas electr\u00f3nica con microprocesador G3.150","description":"3D, Monitor LCD de 22\u2033, turismo, di\u00e1metro de llanta 10 - 26\u2033, di\u00e1metro rueda m\u00e1x. 43\u2033 | Azul (RAL 5005)","thumbnail":"https:\/\/dev.codekraft.it\/ravaglioli.it\/wp-content\/uploads\/brb_media\/00509238_wheel-balancer-g3150-mi-150x150.png","url":"https:\/\/dev.codekraft.it\/ravaglioli.it\/es\/product\/equilibradora-de-ruedas-electronica-con-microprocesador-g3-150\/"}],"page_logo_src":"https:\/\/dev.codekraft.it\/ravaglioli.it\/wp-content\/uploads\/2026\/04\/rav-negative-logo-1.png","lang":"es","translations":{"es":154399,"en":154395,"de":154396,"fr":154397,"it":154398,"ru":154400},"pll_sync_post":[],"_links":{"self":[{"href":"https:\/\/dev.codekraft.it\/ravaglioli.it\/wp-json\/wp\/v2\/product\/154399","targetHints":{"allow":["GET"]}}],"collection":[{"href":"https:\/\/dev.codekraft.it\/ravaglioli.it\/wp-json\/wp\/v2\/product"}],"about":[{"href":"https:\/\/dev.codekraft.it\/ravaglioli.it\/wp-json\/wp\/v2\/types\/product"}],"wp:featuredmedia":[{"embeddable":true,"href":"https:\/\/dev.codekraft.it\/ravaglioli.it\/wp-json\/wp\/v2\/media\/43347"}],"wp:attachment":[{"href":"https:\/\/dev.codekraft.it\/ravaglioli.it\/wp-json\/wp\/v2\/media?parent=154399"}],"wp:term":[{"taxonomy":"product_brand","embeddable":true,"href":"https:\/\/dev.codekraft.it\/ravaglioli.it\/wp-json\/wp\/v2\/product_brand?post=154399"},{"taxonomy":"product_cat","embeddable":true,"href":"https:\/\/dev.codekraft.it\/ravaglioli.it\/wp-json\/wp\/v2\/product_cat?post=154399"},{"taxonomy":"product_tag","embeddable":true,"href":"https:\/\/dev.codekraft.it\/ravaglioli.it\/wp-json\/wp\/v2\/product_tag?post=154399"},{"taxonomy":"product_approvals","embeddable":true,"href":"https:\/\/dev.codekraft.it\/ravaglioli.it\/wp-json\/wp\/v2\/product_approvals?post=154399"},{"taxonomy":"product_application","embeddable":true,"href":"https:\/\/dev.codekraft.it\/ravaglioli.it\/wp-json\/wp\/v2\/product_application?post=154399"}],"curies":[{"name":"wp","href":"https:\/\/api.w.org\/{rel}","templated":true}]}}