{"id":154397,"date":"2025-10-30T14:31:24","date_gmt":"2025-10-30T14:31:24","guid":{"rendered":"https:\/\/dev.codekraft.it\/ravaglioli.it\/product\/equilibreuse-de-roue-gtl4-140rc\/"},"modified":"2026-01-14T21:20:16","modified_gmt":"2026-01-14T21:20:16","slug":"equilibreuse-de-roue-gtl4-140rc","status":"publish","type":"product","link":"https:\/\/dev.codekraft.it\/ravaglioli.it\/fr\/product\/equilibreuse-de-roue-gtl4-140rc\/","title":{"rendered":"Equilibreuse de roue GTL4.140RC"},"content":{"rendered":"<p>Usage rapide\u00a0: lancement automatique \u00e0 la descente du carter et arr\u00eat automatique en position de balourd ext\u00e9rieur. Un frein \u00e9lectro-pneumatique maintient la roue dans sa position. Repositionnement automatique dans la position du balourd int\u00e9rieur.<\/p>\n<ul>\n<li>Pige num\u00e9rique munie de lecteur optique, avec tige en aluminium sur bagues. Enregistrement automatique de la distance et du diam\u00e8tre jusqu\u2019\u00e0 26\u201d<\/li>\n<li>L\u00e8ve-roue pneumatique\u00a0(200 kg)<\/li>\n<\/ul>\n","protected":false},"excerpt":{"rendered":"<p>\u00c9cran LCD Full HD 22\u2033, PC industriel, cycle automatique, incl. c\u00f4nes pour camions (\u00d8 202 &#8211; 221 mm, 281 mm), adaptateur pour camions, frette de serrage \u00e0 volant et l\u00e8ve-roue (200 kg), camion, diam\u00e8tre de la jante 10 &#8211; 26\/30\u2033 (automatique\/manuel)<\/p>\n","protected":false},"featured_media":43347,"template":"","meta":[],"product_brand":[],"product_cat":[57964],"product_tag":[58360,58343,58326,58290],"product_approvals":[],"product_application":[],"class_list":{"0":"post-154397","1":"product","2":"type-product","3":"status-publish","4":"has-post-thumbnail","6":"product_cat-equilibreuses-des-roues-fr","7":"product_tag-trucks-fr","8":"product_tag-motor-homes-fr","9":"product_tag-light-commercial-fr","10":"product_tag-passenger-cars-fr","12":"first","13":"instock","14":"shipping-taxable","15":"product-type-simple"},"approvals":[],"application":[],"brb_media_brochure":[{"id":150507,"url":"https:\/\/dev.codekraft.it\/ravaglioli.it\/wp-content\/uploads\/brb_media\/00521675_wheel-balancers-gtl4140rc-gtl2120nrc-br-multi-2023-09-screen.pdf","title":"Wheel Balancers GTL4140RC GTL2120NRC BR multi 2023 09 screen","mpn":"","thumbnail":"https:\/\/dev.codekraft.it\/ravaglioli.it\/wp-content\/uploads\/brb_media\/00521675_wheel-balancers-gtl4140rc-gtl2120nrc-br-multi-2023-09-screen-pdf-106x150.png","description":""}],"brb_media_drawing":"","brb_media_manuals":[{"id":149961,"url":"https:\/\/dev.codekraft.it\/ravaglioli.it\/wp-content\/uploads\/brb_media\/00535510_wheel-balancers-rot-rav-spa-monitor-wheel-balancer-im-1301-m004-02_vsg_rev02-multi-2024-11.pdf","title":"wheel balancers rot rav spa monitor wheel balancer im 1301 m004 02 vsg rev02 multi 2024 11","mpn":"","thumbnail":"https:\/\/dev.codekraft.it\/ravaglioli.it\/wp-content\/uploads\/brb_media\/00535510_wheel-balancers-rot-rav-spa-monitor-wheel-balancer-im-1301-m004-02_vsg_rev02-multi-2024-11-pdf-106x150.png","description":""}],"brb_media_safety_datasheets":"","brb_media_spare_parts":[],"_cdmm_p_id":"502733","_company":"Ravaglioli","_gtin":"5063084201256","accessories":[{"id":152324,"mpn":"GAR378","name":"Antenne pour connexion Wi-Fi et activation de la fonction de connexion","description":"","thumbnail":"","url":"https:\/\/dev.codekraft.it\/ravaglioli.it\/fr\/product\/antenne-pour-connexion-wi-fi-et-activation-de-la-fonction-de-connexion\/"},{"id":153066,"mpn":"GAR155","name":"C\u00f4nes de centrage de pr\u00e9cision \u00d8 42,5 &#8211; 78 mm","description":"Pour equilibreuses de roue | 1 jeu \/ 5 pi\u00e8ces","thumbnail":"https:\/\/dev.codekraft.it\/ravaglioli.it\/wp-content\/uploads\/brb_media\/00506571_gar155-150x150.png","url":"https:\/\/dev.codekraft.it\/ravaglioli.it\/fr\/product\/cones-de-centrage-de-precision-o-425-78-mm\/"},{"id":153757,"mpn":"GAR192N","name":"C\u00f4ne de centrage BMW","description":"Manchon de centrage BMW | option pour bride universelle GAR181N ou GAR191N","thumbnail":"https:\/\/dev.codekraft.it\/ravaglioli.it\/wp-content\/uploads\/brb_media\/00506576_gar192n-150x150.png","url":"https:\/\/dev.codekraft.it\/ravaglioli.it\/fr\/product\/cone-de-centrage-bmw\/"},{"id":155091,"mpn":"GAR103","name":"\u00c9crou \u00e0 serrage avec volant et bague de pression | pour camions","description":"Frette de serrage \u00e0 volant, de s\u00e9rie sur toutes les \u00e9quil.PL (Non P)","thumbnail":"https:\/\/dev.codekraft.it\/ravaglioli.it\/wp-content\/uploads\/brb_media\/00506541_gar103-150x150.png","url":"https:\/\/dev.codekraft.it\/ravaglioli.it\/fr\/product\/ecrou-a-serrage-avec-volant-et-bague-de-pression-pour-camions\/"},{"id":155371,"mpn":"GAR113","name":"C\u00f4ne de centrage pour fourgons et petits camions | \u00d8 118 &#8211; 174 mm","description":"Avec entretoise","thumbnail":"https:\/\/dev.codekraft.it\/ravaglioli.it\/wp-content\/uploads\/brb_media\/00509261_wheel-balancer-gar113-mi-150x150.png","url":"https:\/\/dev.codekraft.it\/ravaglioli.it\/fr\/product\/cone-de-centrage-pour-fourgons-et-petits-camions-o-118-174-mm\/"},{"id":154989,"mpn":"GAR114","name":"C\u00f4nes de centrage pour camion","description":"\u00d8 202 - 221 mm \/ 281 mm | 1 jeu \/ 2 pi\u00e8ces","thumbnail":"https:\/\/dev.codekraft.it\/ravaglioli.it\/wp-content\/uploads\/brb_media\/00535522_wheel-balancers-gar114-mi-150x150.png","url":"https:\/\/dev.codekraft.it\/ravaglioli.it\/fr\/product\/cones-de-centrage-pour-camion\/"},{"id":154995,"mpn":"GAR122","name":"Bride pour roues camions","description":"","thumbnail":"https:\/\/dev.codekraft.it\/ravaglioli.it\/wp-content\/uploads\/brb_media\/00506545_gar122-150x150.png","url":"https:\/\/dev.codekraft.it\/ravaglioli.it\/fr\/product\/bride-pour-roues-camions\/"},{"id":155873,"mpn":"GAR171","name":"\u00c9toile de centrage \u00e0 3 bras | pour camion","description":"Bride \u00e9toile pour jantes 6 trous | 3 x 170, 186, 205, 222, 245 mm","thumbnail":"https:\/\/dev.codekraft.it\/ravaglioli.it\/wp-content\/uploads\/brb_media\/00506551_gar172-150x150.png","url":"https:\/\/dev.codekraft.it\/ravaglioli.it\/fr\/product\/etoile-de-centrage-a-3-bras-pour-camion\/"},{"id":155879,"mpn":"GAR172","name":"\u00c9toile de centrage \u00e0 4 bras | pour camion","description":"Bride \u00e9toile pour jantes 8 trous | 4 x 275, 285, 205 mm","thumbnail":"https:\/\/dev.codekraft.it\/ravaglioli.it\/wp-content\/uploads\/brb_media\/00506551_gar172-150x150.png","url":"https:\/\/dev.codekraft.it\/ravaglioli.it\/fr\/product\/etoile-de-centrage-a-4-bras-pour-camion\/"},{"id":154851,"mpn":"GAR173","name":"\u00c9toile de centrage \u00e0 5 bras | pour camion","description":"Bride \u00e9toile pour jantes 10 trous | 5 x 225, 286, 335 mm","thumbnail":"https:\/\/dev.codekraft.it\/ravaglioli.it\/wp-content\/uploads\/brb_media\/00506551_gar172-150x150.png","url":"https:\/\/dev.codekraft.it\/ravaglioli.it\/fr\/product\/etoile-de-centrage-a-5-bras-pour-camion\/"},{"id":155377,"mpn":"GAR132","name":"Pr\u00e9cision plaque de serrage de type Universel, pour roues 3\/4\/5 trous | avec doigts","description":"Flasque universelle de pr\u00e9cision avec tiges","thumbnail":"https:\/\/dev.codekraft.it\/ravaglioli.it\/wp-content\/uploads\/brb_media\/00506548_gar132-150x150.png","url":"https:\/\/dev.codekraft.it\/ravaglioli.it\/fr\/product\/precision-plaque-de-serrage-de-type-universel-pour-roues-3-4-5-trous-avec-doigts\/"},{"id":155891,"mpn":"GAR214TK","name":"D\u00e9tecteur pour mesure du faux-rond","description":"Necessaire le GAR266T","thumbnail":"https:\/\/dev.codekraft.it\/ravaglioli.it\/wp-content\/uploads\/brb_media\/00373960_wheel-balancer-sonar-run-out02-di-150x150.png","url":"https:\/\/dev.codekraft.it\/ravaglioli.it\/fr\/product\/detecteur-pour-mesure-du-faux-rond\/"},{"id":155885,"mpn":"GAR266T","name":"Bras de mesure 3D","description":"","thumbnail":"https:\/\/dev.codekraft.it\/ravaglioli.it\/wp-content\/uploads\/brb_media\/00506604_gar213-150x150.png","url":"https:\/\/dev.codekraft.it\/ravaglioli.it\/fr\/product\/bras-de-mesure-3d\/"},{"id":154821,"mpn":"GAR111","name":"C\u00f4nes de centrage pour voiture de tourisme","description":"Avec carter de protection | \u00d8 44 - 112 mm | 1 jeu \/ 3 pi\u00e8ces","thumbnail":"https:\/\/dev.codekraft.it\/ravaglioli.it\/wp-content\/uploads\/brb_media\/00509259_wheel-balancer-gar111-mi-150x150.png","url":"https:\/\/dev.codekraft.it\/ravaglioli.it\/fr\/product\/cones-de-centrage-pour-voiture-de-tourisme\/"},{"id":154977,"mpn":"GAR121","name":"Disque de protection de roue","description":"","thumbnail":"https:\/\/dev.codekraft.it\/ravaglioli.it\/wp-content\/uploads\/brb_media\/00506564_gar121-150x150.png","url":"https:\/\/dev.codekraft.it\/ravaglioli.it\/fr\/product\/disque-de-protection-de-roue\/"},{"id":155025,"mpn":"GAR356","name":"Arbre de centrage pour motos | \u00d8 10 mm","description":"\u00c9quip\u00e9 avec flasque, 2 c\u00f4nes, 6 entretoises et 2 bagues | GAR181N ou GAR354 n\u00e9cessaire","thumbnail":"https:\/\/dev.codekraft.it\/ravaglioli.it\/wp-content\/uploads\/brb_media\/00506574_gar182n-150x150.png","url":"https:\/\/dev.codekraft.it\/ravaglioli.it\/fr\/product\/arbre-de-centrage-pour-motos-o-10-mm\/"},{"id":155055,"mpn":"GAR193N","name":"C\u00f4ne de centrage pour Ducati 916-996-996-998-Monster SR2-SR4","description":"Manchon de centrage | option pour bride universelle GAR181N ou GAR191N","thumbnail":"https:\/\/dev.codekraft.it\/ravaglioli.it\/wp-content\/uploads\/brb_media\/00506593_gar193n-150x150.png","url":"https:\/\/dev.codekraft.it\/ravaglioli.it\/fr\/product\/cone-de-centrage-pour-ducati-916-996-996-998-monster-sr2-sr4\/"},{"id":155061,"mpn":"GAR194N","name":"C\u00f4ne de centrage pour Honda NTV 650 REVERE","description":"Manchon de centrage | option pour bride universelle GAR181N ou GAR191N","thumbnail":"https:\/\/dev.codekraft.it\/ravaglioli.it\/wp-content\/uploads\/brb_media\/00506591_gar194n-150x150.png","url":"https:\/\/dev.codekraft.it\/ravaglioli.it\/fr\/product\/cone-de-centrage-pour-honda-ntv-650-revere\/"},{"id":155067,"mpn":"GAR195N","name":"C\u00f4ne de centrage pour Honda VFR 750","description":"Manchon de centrage | option pour bride universelle GAR181N ou GAR191N","thumbnail":"https:\/\/dev.codekraft.it\/ravaglioli.it\/wp-content\/uploads\/brb_media\/00506592_gar195n-150x150.png","url":"https:\/\/dev.codekraft.it\/ravaglioli.it\/fr\/product\/cone-de-centrage-pour-honda-vfr-750\/"},{"id":155073,"mpn":"GAR196N","name":"C\u00f4ne de centrage pour Yamaha GTS 1000","description":"Manchon de centrage | option pour bride universelle GAR181N ou GAR191N","thumbnail":"https:\/\/dev.codekraft.it\/ravaglioli.it\/wp-content\/uploads\/brb_media\/00506590_gar196n-150x150.png","url":"https:\/\/dev.codekraft.it\/ravaglioli.it\/fr\/product\/cone-de-centrage-pour-yamaha-gts-1000\/"},{"id":155079,"mpn":"GAR197N","name":"C\u00f4nes de centrage pour Harley Davidson | 1 jeu \/ 2 pi\u00e8ces","description":"Manchons de centrage | option pour bride universelle GAR181N ou GAR191N","thumbnail":"https:\/\/dev.codekraft.it\/ravaglioli.it\/wp-content\/uploads\/brb_media\/00506577_gar197-150x150.png","url":"https:\/\/dev.codekraft.it\/ravaglioli.it\/fr\/product\/cones-de-centrage-pour-harley-davidson-1-jeu-2-pieces\/"},{"id":155085,"mpn":"GAR198N","name":"C\u00f4nes de centrage pour Suzuki GSX R","description":"Option pour bride universelle GAR181N ou GAR191N | 1 jeu \/ 6 pi\u00e8ces","thumbnail":"https:\/\/dev.codekraft.it\/ravaglioli.it\/wp-content\/uploads\/brb_media\/00431008_wheel-balancer-centering-cone-suzuki-di-gar198n-150x150.png","url":"https:\/\/dev.codekraft.it\/ravaglioli.it\/fr\/product\/cones-de-centrage-pour-suzuki-gsx-r\/"}],"components":[],"delivery":[],"package":[],"related":[],"similar":[{"id":154348,"mpn":"RAV.G2124.201362","name":"Equilibreuse de roue \u00e9lectronique a microprocesseur G2.124NR","description":"\u00c9cran LCD interactif, voiture de tourisme, diam\u00e8tre de la jante 10 - 26\u2033 | Bleu (RAL 5005)","thumbnail":"https:\/\/dev.codekraft.it\/ravaglioli.it\/wp-content\/uploads\/brb_media\/00508748_wheel-balancer-g2124nr-mi-150x150.png","url":"https:\/\/dev.codekraft.it\/ravaglioli.it\/fr\/product\/equilibreuse-de-roue-electronique-a-microprocesseur-g2-124nr\/"},{"id":154403,"mpn":"RAV.GTL2C.200846","name":"Equilibreuse de roue GTL2.120NRC","description":"\u00c9cran graphique LCD r\u00e9tro-\u00e9clair\u00e9 (132 x 40 mm), cycle automatique, incl. c\u00f4nes pour camions (\u00d8 202 - 221 mm, 281 mm), adaptateur pour camions, frette de serrage \u00e0 volant et l\u00e8ve-roue (200 kg), camion, diam\u00e8tre de la jante 10 - 26\/30\u2033 (automatique\/manuel)","thumbnail":"https:\/\/dev.codekraft.it\/ravaglioli.it\/wp-content\/uploads\/brb_media\/00509235_wheel-balancer-gtl2-120nrc-mi-150x150.png","url":"https:\/\/dev.codekraft.it\/ravaglioli.it\/fr\/product\/equilibreuse-de-roue-gtl2-120nrc\/"},{"id":154439,"mpn":"RAV.G3150.201539","name":"Equilibreuse de roue \u00e9lectronique a microprocesseur G3.150S","description":"3D, \u00e9cran LCD 22\u2033, voiture de tourisme, diam\u00e8tre de la jante 10 - 26\u2033, diam\u00e8tre de roue max. 43\u2033 | Bleu (RAL 5005)","thumbnail":"https:\/\/dev.codekraft.it\/ravaglioli.it\/wp-content\/uploads\/brb_media\/00509515_wheel-blancer-g3150s-mi-150x150.png","url":"https:\/\/dev.codekraft.it\/ravaglioli.it\/fr\/product\/equilibreuse-de-roue-electronique-a-microprocesseur-g3-150s\/"},{"id":154445,"mpn":"RAV.G3150.201584","name":"Equilibreuse de roue \u00e9lectronique a microprocesseur G3.150","description":"3D, \u00e9cran LCD 22\u2033, voiture de tourisme, diam\u00e8tre de la jante 10 - 26\u2033, diam\u00e8tre de roue max. 43\u2033 | Bleu (RAL 5005)","thumbnail":"https:\/\/dev.codekraft.it\/ravaglioli.it\/wp-content\/uploads\/brb_media\/00509238_wheel-balancer-g3150-mi-150x150.png","url":"https:\/\/dev.codekraft.it\/ravaglioli.it\/fr\/product\/equilibreuse-de-roue-electronique-a-microprocesseur-g3-150\/"}],"page_logo_src":"https:\/\/dev.codekraft.it\/ravaglioli.it\/wp-content\/uploads\/2026\/04\/rav-negative-logo-1.png","lang":"fr","translations":{"fr":154397,"en":154395,"de":154396,"it":154398,"es":154399,"ru":154400},"pll_sync_post":[],"_links":{"self":[{"href":"https:\/\/dev.codekraft.it\/ravaglioli.it\/wp-json\/wp\/v2\/product\/154397","targetHints":{"allow":["GET"]}}],"collection":[{"href":"https:\/\/dev.codekraft.it\/ravaglioli.it\/wp-json\/wp\/v2\/product"}],"about":[{"href":"https:\/\/dev.codekraft.it\/ravaglioli.it\/wp-json\/wp\/v2\/types\/product"}],"wp:featuredmedia":[{"embeddable":true,"href":"https:\/\/dev.codekraft.it\/ravaglioli.it\/wp-json\/wp\/v2\/media\/43347"}],"wp:attachment":[{"href":"https:\/\/dev.codekraft.it\/ravaglioli.it\/wp-json\/wp\/v2\/media?parent=154397"}],"wp:term":[{"taxonomy":"product_brand","embeddable":true,"href":"https:\/\/dev.codekraft.it\/ravaglioli.it\/wp-json\/wp\/v2\/product_brand?post=154397"},{"taxonomy":"product_cat","embeddable":true,"href":"https:\/\/dev.codekraft.it\/ravaglioli.it\/wp-json\/wp\/v2\/product_cat?post=154397"},{"taxonomy":"product_tag","embeddable":true,"href":"https:\/\/dev.codekraft.it\/ravaglioli.it\/wp-json\/wp\/v2\/product_tag?post=154397"},{"taxonomy":"product_approvals","embeddable":true,"href":"https:\/\/dev.codekraft.it\/ravaglioli.it\/wp-json\/wp\/v2\/product_approvals?post=154397"},{"taxonomy":"product_application","embeddable":true,"href":"https:\/\/dev.codekraft.it\/ravaglioli.it\/wp-json\/wp\/v2\/product_application?post=154397"}],"curies":[{"name":"wp","href":"https:\/\/api.w.org\/{rel}","templated":true}]}}