{"id":154396,"date":"2025-10-30T14:31:24","date_gmt":"2025-10-30T14:31:24","guid":{"rendered":"https:\/\/dev.codekraft.it\/ravaglioli.it\/product\/radauswuchtmaschine-gtl4-140rc\/"},"modified":"2026-01-14T21:20:16","modified_gmt":"2026-01-14T21:20:16","slug":"radauswuchtmaschine-gtl4-140rc","status":"publish","type":"product","link":"https:\/\/dev.codekraft.it\/ravaglioli.it\/de\/product\/radauswuchtmaschine-gtl4-140rc\/","title":{"rendered":"Radauswuchtmaschine GTL4.140RC"},"content":{"rendered":"<p>Schnell einsatzbereit dank des automatischen Programmablaufes und der automatischen Arretierung in Position des \u00e4u\u00dferen Ausgleichsgewichtes. Eine elektropneumatische Bremse h\u00e4lt das Rad in Position. Automatische Positionierung auf Unwucht innen.<\/p>\n<ul>\n<li>Digitaler, mit optischer Ablesevorrichtung versehener Abstandstaster mit auf Lagern montiertem Aluminiumstab f\u00fcr die automatische \u00dcbernahme von Abstand und Durchmesser bis zu 26\u2033<\/li>\n<li>Pneumatischer Radheber (200 kg)<\/li>\n<\/ul>\n","protected":false},"excerpt":{"rendered":"<p>22\u2033-LCD Full-HD-Bildschirm, Industrie-PC, automatischer Programmablauf, inkl. Konussatz f\u00fcr Lkw (\u00d8 202 &#8211; 221 mm, 281 mm), Adapter, Spannmutter und Radheber (200 kg), Lkw, Felgendurchmesser 10 &#8211; 26\/30\u2033 (automatisch\/manuell)<\/p>\n","protected":false},"featured_media":43347,"template":"","meta":[],"product_brand":[],"product_cat":[57948],"product_tag":[58357,58287,58323,58340],"product_approvals":[],"product_application":[],"class_list":{"0":"post-154396","1":"product","2":"type-product","3":"status-publish","4":"has-post-thumbnail","6":"product_cat-radauswuchtmaschinen-de","7":"product_tag-trucks-de","8":"product_tag-passenger-cars-de","9":"product_tag-light-commercial-de","10":"product_tag-motor-homes-de","12":"first","13":"instock","14":"shipping-taxable","15":"product-type-simple"},"approvals":[],"application":[],"brb_media_brochure":[{"id":150507,"url":"https:\/\/dev.codekraft.it\/ravaglioli.it\/wp-content\/uploads\/brb_media\/00521675_wheel-balancers-gtl4140rc-gtl2120nrc-br-multi-2023-09-screen.pdf","title":"Wheel Balancers GTL4140RC GTL2120NRC BR multi 2023 09 screen","mpn":"","thumbnail":"https:\/\/dev.codekraft.it\/ravaglioli.it\/wp-content\/uploads\/brb_media\/00521675_wheel-balancers-gtl4140rc-gtl2120nrc-br-multi-2023-09-screen-pdf-106x150.png","description":""}],"brb_media_drawing":"","brb_media_manuals":[{"id":149961,"url":"https:\/\/dev.codekraft.it\/ravaglioli.it\/wp-content\/uploads\/brb_media\/00535510_wheel-balancers-rot-rav-spa-monitor-wheel-balancer-im-1301-m004-02_vsg_rev02-multi-2024-11.pdf","title":"wheel balancers rot rav spa monitor wheel balancer im 1301 m004 02 vsg rev02 multi 2024 11","mpn":"","thumbnail":"https:\/\/dev.codekraft.it\/ravaglioli.it\/wp-content\/uploads\/brb_media\/00535510_wheel-balancers-rot-rav-spa-monitor-wheel-balancer-im-1301-m004-02_vsg_rev02-multi-2024-11-pdf-106x150.png","description":""}],"brb_media_safety_datasheets":"","brb_media_spare_parts":[],"_cdmm_p_id":"502733","_company":"Ravaglioli","_gtin":"5063084201256","accessories":[{"id":152323,"mpn":"GAR378","name":"Wi-Fi-Antenne","description":"F\u00fcr Wi-Fi-Verbindung und Aktivierung der Verbindungsfunktion","thumbnail":"","url":"https:\/\/dev.codekraft.it\/ravaglioli.it\/de\/product\/wi-fi-antenne\/"},{"id":153065,"mpn":"GAR155","name":"Pr\u00e4zisions-Zentrierkonen \u00d8 42,5 &#8211; 78 mm","description":"F\u00fcr Radauswuchtmaschinen | 1 Satz \/ 5 St\u00fcck","thumbnail":"https:\/\/dev.codekraft.it\/ravaglioli.it\/wp-content\/uploads\/brb_media\/00506571_gar155-150x150.png","url":"https:\/\/dev.codekraft.it\/ravaglioli.it\/de\/product\/prazisions-zentrierkonen-o-425-78-mm\/"},{"id":153756,"mpn":"GAR192N","name":"Zentrierkonus f\u00fcr BMW","description":"Option f\u00fcr Universalflansch GAR181N oder GAR191N","thumbnail":"https:\/\/dev.codekraft.it\/ravaglioli.it\/wp-content\/uploads\/brb_media\/00506576_gar192n-150x150.png","url":"https:\/\/dev.codekraft.it\/ravaglioli.it\/de\/product\/zentrierkonus-fur-bmw\/"},{"id":155090,"mpn":"GAR103","name":"Spannmutter mit Handrad und Pressring | f\u00fcr Lkw","description":"Geliefert mit allen Lkw-Modellen (Nicht P)","thumbnail":"https:\/\/dev.codekraft.it\/ravaglioli.it\/wp-content\/uploads\/brb_media\/00506541_gar103-150x150.png","url":"https:\/\/dev.codekraft.it\/ravaglioli.it\/de\/product\/spannmutter-mit-handrad-und-pressring-fur-lkw\/"},{"id":155370,"mpn":"GAR113","name":"Zentrierkonus f\u00fcr Lieferwagen und LLkw | \u00d8 118 &#8211; 174 mm","description":"Inkl. Distanzst\u00fcck","thumbnail":"https:\/\/dev.codekraft.it\/ravaglioli.it\/wp-content\/uploads\/brb_media\/00509261_wheel-balancer-gar113-mi-150x150.png","url":"https:\/\/dev.codekraft.it\/ravaglioli.it\/de\/product\/zentrierkonus-fur-lieferwagen-und-llkw-o-118-174-mm\/"},{"id":154988,"mpn":"GAR114","name":"Zentrierkonen f\u00fcr Lkw","description":"\u00d8 202 - 221 mm \/ 281 mm | 1 Satz \/ 2 St\u00fcck","thumbnail":"https:\/\/dev.codekraft.it\/ravaglioli.it\/wp-content\/uploads\/brb_media\/00535522_wheel-balancers-gar114-mi-150x150.png","url":"https:\/\/dev.codekraft.it\/ravaglioli.it\/de\/product\/zentrierkonen-fur-lkw\/"},{"id":154994,"mpn":"GAR122","name":"Flansch f\u00fcr Lkw","description":"","thumbnail":"https:\/\/dev.codekraft.it\/ravaglioli.it\/wp-content\/uploads\/brb_media\/00506545_gar122-150x150.png","url":"https:\/\/dev.codekraft.it\/ravaglioli.it\/de\/product\/flansch-fur-lkw\/"},{"id":155872,"mpn":"GAR171","name":"Zentrierstern 3-Arm | f\u00fcr Lkw","description":"Lkw-Typenflansch f\u00fcr 6-Loch-Felgen - 3 x 170, 186, 205, 222, 245 mm","thumbnail":"https:\/\/dev.codekraft.it\/ravaglioli.it\/wp-content\/uploads\/brb_media\/00506551_gar172-150x150.png","url":"https:\/\/dev.codekraft.it\/ravaglioli.it\/de\/product\/zentrierstern-3-arm-fur-lkw\/"},{"id":155878,"mpn":"GAR172","name":"Zentrierstern 4-Arm | f\u00fcr Lkw","description":"Lkw-Typenflansch f\u00fcr 8-Loch-Felgen - 4 x 275, 285 mm","thumbnail":"https:\/\/dev.codekraft.it\/ravaglioli.it\/wp-content\/uploads\/brb_media\/00506551_gar172-150x150.png","url":"https:\/\/dev.codekraft.it\/ravaglioli.it\/de\/product\/zentrierstern-4-arm-fur-lkw\/"},{"id":154850,"mpn":"GAR173","name":"Zentrierstern 5-Arm | f\u00fcr Lkw","description":"Lkw-Typenflansch f\u00fcr 10-Loch-Felgen - 5 x 225, 286, 335 mm","thumbnail":"https:\/\/dev.codekraft.it\/ravaglioli.it\/wp-content\/uploads\/brb_media\/00506551_gar172-150x150.png","url":"https:\/\/dev.codekraft.it\/ravaglioli.it\/de\/product\/zentrierstern-5-arm-fur-lkw\/"},{"id":155376,"mpn":"GAR132","name":"Pr\u00e4zisions-Typenspannplatte Universal, f\u00fcr 3\/4\/5-Lochfelgen | inkl. Zentrierbolzen","description":"Universaltypenflansch mit Bolzen","thumbnail":"https:\/\/dev.codekraft.it\/ravaglioli.it\/wp-content\/uploads\/brb_media\/00506548_gar132-150x150.png","url":"https:\/\/dev.codekraft.it\/ravaglioli.it\/de\/product\/prazisions-typenspannplatte-universal-fur-3-4-5-lochfelgen-inkl-zentrierbolzen\/"},{"id":155890,"mpn":"GAR214TK","name":"Unrundheitserfasser","description":"GAR266T erforderlich","thumbnail":"https:\/\/dev.codekraft.it\/ravaglioli.it\/wp-content\/uploads\/brb_media\/00373960_wheel-balancer-sonar-run-out02-di-150x150.png","url":"https:\/\/dev.codekraft.it\/ravaglioli.it\/de\/product\/unrundheitserfasser\/"},{"id":155884,"mpn":"GAR266T","name":"Messarm 3D","description":"","thumbnail":"https:\/\/dev.codekraft.it\/ravaglioli.it\/wp-content\/uploads\/brb_media\/00506604_gar213-150x150.png","url":"https:\/\/dev.codekraft.it\/ravaglioli.it\/de\/product\/messarm-3d\/"},{"id":154820,"mpn":"GAR111","name":"Zentrierkonen f\u00fcr Pkw","description":"Inkl. Schutzkappe | \u00d8 44 - 112 mm | 1 Satz \/ 3 St\u00fcck","thumbnail":"https:\/\/dev.codekraft.it\/ravaglioli.it\/wp-content\/uploads\/brb_media\/00509259_wheel-balancer-gar111-mi-150x150.png","url":"https:\/\/dev.codekraft.it\/ravaglioli.it\/de\/product\/zentrierkonen-fur-pkw\/"},{"id":154976,"mpn":"GAR121","name":"Radschutzscheibe","description":"","thumbnail":"https:\/\/dev.codekraft.it\/ravaglioli.it\/wp-content\/uploads\/brb_media\/00506564_gar121-150x150.png","url":"https:\/\/dev.codekraft.it\/ravaglioli.it\/de\/product\/radschutzscheibe\/"},{"id":155024,"mpn":"GAR356","name":"Zentrierwelle f\u00fcr Motorr\u00e4der | \u00d8 10 mm","description":"Komplett mit Welle, 2 Konen, 6 Distanzst\u00fccken, Spannmutter und 2 Zentrierbuchsen | GAR181N oder GAR354 erforderlich","thumbnail":"https:\/\/dev.codekraft.it\/ravaglioli.it\/wp-content\/uploads\/brb_media\/00506574_gar182n-150x150.png","url":"https:\/\/dev.codekraft.it\/ravaglioli.it\/de\/product\/zentrierwelle-fur-motorrader-o-10-mm\/"},{"id":155054,"mpn":"GAR193N","name":"Zentrierkonus f\u00fcr Ducati 916-996-998-Monster SR2-SR4","description":"Option f\u00fcr Universalflansch GAR181N oder GAR191N","thumbnail":"https:\/\/dev.codekraft.it\/ravaglioli.it\/wp-content\/uploads\/brb_media\/00506593_gar193n-150x150.png","url":"https:\/\/dev.codekraft.it\/ravaglioli.it\/de\/product\/zentrierkonus-fur-ducati-916-996-998-monster-sr2-sr4\/"},{"id":155060,"mpn":"GAR194N","name":"Zentrierkonus f\u00fcr Honda NTV 650 REVERE","description":"Option f\u00fcr Universalflansch GAR181N oder GAR191N","thumbnail":"https:\/\/dev.codekraft.it\/ravaglioli.it\/wp-content\/uploads\/brb_media\/00506591_gar194n-150x150.png","url":"https:\/\/dev.codekraft.it\/ravaglioli.it\/de\/product\/zentrierkonus-fur-honda-ntv-650-revere\/"},{"id":155066,"mpn":"GAR195N","name":"Zentrierkonus f\u00fcr Honda VFR 750","description":"Option f\u00fcr Universalflansch GAR181N oder GAR191N","thumbnail":"https:\/\/dev.codekraft.it\/ravaglioli.it\/wp-content\/uploads\/brb_media\/00506592_gar195n-150x150.png","url":"https:\/\/dev.codekraft.it\/ravaglioli.it\/de\/product\/zentrierkonus-fur-honda-vfr-750\/"},{"id":155072,"mpn":"GAR196N","name":"Zentrierkonus f\u00fcr Yamaha GTS 1000","description":"Option f\u00fcr Universalflansch GAR181N oder GAR191N","thumbnail":"https:\/\/dev.codekraft.it\/ravaglioli.it\/wp-content\/uploads\/brb_media\/00506590_gar196n-150x150.png","url":"https:\/\/dev.codekraft.it\/ravaglioli.it\/de\/product\/zentrierkonus-fur-yamaha-gts-1000\/"},{"id":155078,"mpn":"GAR197N","name":"Zentrierkonen f\u00fcr Harley Davidson | 1 Satz \/ 2 St\u00fcck","description":"Option f\u00fcr Universalflansch GAR181N oder GAR191N","thumbnail":"https:\/\/dev.codekraft.it\/ravaglioli.it\/wp-content\/uploads\/brb_media\/00506577_gar197-150x150.png","url":"https:\/\/dev.codekraft.it\/ravaglioli.it\/de\/product\/zentrierkonen-fur-harley-davidson-1-satz-2-stuck\/"},{"id":155084,"mpn":"GAR198N","name":"Zentrierkonen f\u00fcr Suzuki GSX R","description":"Option f\u00fcr Universalflansch GAR181N oder GAR191N | 1 Satz \/ 6 St\u00fcck","thumbnail":"https:\/\/dev.codekraft.it\/ravaglioli.it\/wp-content\/uploads\/brb_media\/00431008_wheel-balancer-centering-cone-suzuki-di-gar198n-150x150.png","url":"https:\/\/dev.codekraft.it\/ravaglioli.it\/de\/product\/zentrierkonen-fur-suzuki-gsx-r\/"}],"components":[],"delivery":[],"package":[],"related":[],"similar":[{"id":154347,"mpn":"RAV.G2124.201362","name":"Elektronische mikroprozessorgesteuerte Radauswuchtmaschine G2.124NR","description":"Interaktives LCD-Display, Pkw, Felgendurchmesser 10 - 26\u2033 | Blau (RAL 5005)","thumbnail":"https:\/\/dev.codekraft.it\/ravaglioli.it\/wp-content\/uploads\/brb_media\/00508748_wheel-balancer-g2124nr-mi-150x150.png","url":"https:\/\/dev.codekraft.it\/ravaglioli.it\/de\/product\/elektronische-mikroprozessorgesteuerte-radauswuchtmaschine-g2-124nr\/"},{"id":154402,"mpn":"RAV.GTL2C.200846","name":"Radauswuchtmaschine GTL2.120NRC","description":"Hintergrundbeleuchtetes LCD-Grafikdisplay (132 x 40 mm), automatischer Programmablauf, inkl. Konussatz f\u00fcr Lkw (\u00d8 202 - 221 mm, 281 mm), Adapter, Spannmutter und Radheber (200 kg), Lkw, Felgendurchmesser 10 - 26\/30\u2033 (automatisch\/manuell)","thumbnail":"https:\/\/dev.codekraft.it\/ravaglioli.it\/wp-content\/uploads\/brb_media\/00509235_wheel-balancer-gtl2-120nrc-mi-150x150.png","url":"https:\/\/dev.codekraft.it\/ravaglioli.it\/de\/product\/radauswuchtmaschine-gtl2-120nrc\/"},{"id":154438,"mpn":"RAV.G3150.201539","name":"Elektronische mikroprozessorgesteuerte Radauswuchtmaschine G3.150S","description":"3D, 22\u2033-LCD-Bildschirm, Pkw, Felgendurchmesser 10 - 26\u2033, max. Raddurchmesser 43\u2033 | Blau (RAL 5005)","thumbnail":"https:\/\/dev.codekraft.it\/ravaglioli.it\/wp-content\/uploads\/brb_media\/00509515_wheel-blancer-g3150s-mi-150x150.png","url":"https:\/\/dev.codekraft.it\/ravaglioli.it\/de\/product\/elektronische-mikroprozessorgesteuerte-radauswuchtmaschine-g3-150s\/"},{"id":154444,"mpn":"RAV.G3150.201584","name":"Elektronische mikroprozessorgesteuerte Radauswuchtmaschine G3.150","description":"3D, 22\u2033-LCD-Bildschirm, Pkw, Felgendurchmesser 10 - 26\u2033, max. Raddurchmesser 43\u2033 | Blau (RAL 5005)","thumbnail":"https:\/\/dev.codekraft.it\/ravaglioli.it\/wp-content\/uploads\/brb_media\/00509238_wheel-balancer-g3150-mi-150x150.png","url":"https:\/\/dev.codekraft.it\/ravaglioli.it\/de\/product\/elektronische-mikroprozessorgesteuerte-radauswuchtmaschine-g3-150\/"}],"page_logo_src":"https:\/\/dev.codekraft.it\/ravaglioli.it\/wp-content\/uploads\/2026\/04\/rav-negative-logo-1.png","lang":"de","translations":{"de":154396,"en":154395,"fr":154397,"it":154398,"es":154399,"ru":154400},"pll_sync_post":[],"_links":{"self":[{"href":"https:\/\/dev.codekraft.it\/ravaglioli.it\/wp-json\/wp\/v2\/product\/154396","targetHints":{"allow":["GET"]}}],"collection":[{"href":"https:\/\/dev.codekraft.it\/ravaglioli.it\/wp-json\/wp\/v2\/product"}],"about":[{"href":"https:\/\/dev.codekraft.it\/ravaglioli.it\/wp-json\/wp\/v2\/types\/product"}],"wp:featuredmedia":[{"embeddable":true,"href":"https:\/\/dev.codekraft.it\/ravaglioli.it\/wp-json\/wp\/v2\/media\/43347"}],"wp:attachment":[{"href":"https:\/\/dev.codekraft.it\/ravaglioli.it\/wp-json\/wp\/v2\/media?parent=154396"}],"wp:term":[{"taxonomy":"product_brand","embeddable":true,"href":"https:\/\/dev.codekraft.it\/ravaglioli.it\/wp-json\/wp\/v2\/product_brand?post=154396"},{"taxonomy":"product_cat","embeddable":true,"href":"https:\/\/dev.codekraft.it\/ravaglioli.it\/wp-json\/wp\/v2\/product_cat?post=154396"},{"taxonomy":"product_tag","embeddable":true,"href":"https:\/\/dev.codekraft.it\/ravaglioli.it\/wp-json\/wp\/v2\/product_tag?post=154396"},{"taxonomy":"product_approvals","embeddable":true,"href":"https:\/\/dev.codekraft.it\/ravaglioli.it\/wp-json\/wp\/v2\/product_approvals?post=154396"},{"taxonomy":"product_application","embeddable":true,"href":"https:\/\/dev.codekraft.it\/ravaglioli.it\/wp-json\/wp\/v2\/product_application?post=154396"}],"curies":[{"name":"wp","href":"https:\/\/api.w.org\/{rel}","templated":true}]}}