{"id":154390,"date":"2025-10-30T14:31:24","date_gmt":"2025-10-30T14:31:24","guid":{"rendered":"https:\/\/dev.codekraft.it\/ravaglioli.it\/product\/elektronische-mikroprozessorgesteuerte-radauswuchtmaschine-g3-128nr\/"},"modified":"2026-01-14T21:19:45","modified_gmt":"2026-01-14T21:19:45","slug":"elektronische-mikroprozessorgesteuerte-radauswuchtmaschine-g3-128nr","status":"publish","type":"product","link":"https:\/\/dev.codekraft.it\/ravaglioli.it\/de\/product\/elektronische-mikroprozessorgesteuerte-radauswuchtmaschine-g3-128nr\/","title":{"rendered":"Elektronische mikroprozessorgesteuerte Radauswuchtmaschine G3.128NR"},"content":{"rendered":"<p>Elektronische mikroprozessorgesteuerte Radauswuchtmaschine mit automatischem Radstop in der inneren und \u00e4u\u00dferen Unwuchtposition. Schnelle Auswahl mit Abstandtaster. Automatische \u00dcbernahme von Abstand und Durchmesser.<\/p>\n<ul>\n<li>Perfekte Pr\u00e4zision: automatische Raddatenerfassung und\u00a0Laser-Positionierhilfe<\/li>\n<li>Praktisches Design: alles hat seinen Platz, alles ist an der richtigen Stelle<\/li>\n<li>Intuitive Technologie: Grafiken und Farben sind so gestaltet, dass sie die Benutzung der Auswuchtmaschine erleichtern<\/li>\n<\/ul>\n<ul>\n<li>Felgenunrunheitsvermessung: Felgenunrunheitsvermessung mit Abstandtaster<\/li>\n<li>Programmauswahl: schnelle Auswahl mit Abstandtaster<\/li>\n<li>Doppelte LED-Leuchte und Laserklinge (mit Laserlinie auf 6 Uhr f\u00fcr Klebegewichte) zur ordnungsgem\u00e4\u00dfen und problemlosen Gewichtsanbringung an der richtigen Position<\/li>\n<li>Eco-Weight: ein modernes System f\u00fcr die Gewichteminimierung<\/li>\n<li>Arretierung in Position: automatischer Radstop in der inneren und \u00e4u\u00dferen Unwuchtposition<\/li>\n<li>Raumoptimierung um alles praktisch und einfach zu machen<\/li>\n<li>Ob serienm\u00e4\u00dfig oder Sonderausstattung, jedes Zubeh\u00f6rteil hat seinen eigenen Platz<\/li>\n<li>Kompatibel mit dem System TEq-Link\n<ul>\n<li>Internetverbindung<\/li>\n<li>Versand der Ergebnisse an die Kunden<\/li>\n<li>Remote Support<\/li>\n<\/ul>\n<\/li>\n<\/ul>\n<ul>\n<li>Optionaler Breitentaster<\/li>\n<li>7\u201d-Touchscreen-Monitor mit Folientastatur<\/li>\n<li>Professionelle Schnellspannmutter<\/li>\n<li>Gro\u00dfe Ablagef\u00e4cher f\u00fcr Schlag und Klebegewichte<\/li>\n<li>Vordertasche f\u00fcr Arbeitswerkzeuge<\/li>\n<li>Grafiken mit selbsterkl\u00e4renden Symbolen f\u00fcr eine leichtere Bedienung der Auswuchtmaschine<\/li>\n<\/ul>\n","protected":false},"excerpt":{"rendered":"<p>2D, 7\u2033-Touchsreen, Pkw, Felgendurchmesser 10 &#8211; 26\u2033 | Blau (RAL 5005)<\/p>\n","protected":false},"featured_media":43340,"template":"","meta":[],"product_brand":[],"product_cat":[57948],"product_tag":[58287,58323],"product_approvals":[],"product_application":[],"class_list":{"0":"post-154390","1":"product","2":"type-product","3":"status-publish","4":"has-post-thumbnail","6":"product_cat-radauswuchtmaschinen-de","7":"product_tag-passenger-cars-de","8":"product_tag-light-commercial-de","10":"first","11":"instock","12":"shipping-taxable","13":"product-type-simple"},"approvals":[],"application":[],"brb_media_brochure":[{"id":150499,"url":"https:\/\/dev.codekraft.it\/ravaglioli.it\/wp-content\/uploads\/brb_media\/00533591_wheel-balancer-g3150-g3128-br-de-09-2024-screen.pdf","title":"Wheel balancer G3150 G3128 BR de 09 2024 screen","mpn":"","thumbnail":"https:\/\/dev.codekraft.it\/ravaglioli.it\/wp-content\/uploads\/brb_media\/00533591_wheel-balancer-g3150-g3128-br-de-09-2024-screen-pdf-106x150.png","description":""},{"id":150500,"url":"https:\/\/dev.codekraft.it\/ravaglioli.it\/wp-content\/uploads\/brb_media\/00533592_wheel-balancer-g3150-g3128-br-en-09-2024-screen.pdf","title":"Wheel balancer G3150 G3128 BR en 09 2024 screen","mpn":"","thumbnail":"https:\/\/dev.codekraft.it\/ravaglioli.it\/wp-content\/uploads\/brb_media\/00533592_wheel-balancer-g3150-g3128-br-en-09-2024-screen-pdf-106x150.png","description":""},{"id":150501,"url":"https:\/\/dev.codekraft.it\/ravaglioli.it\/wp-content\/uploads\/brb_media\/00533593_wheel-balancer-g3150-g3128-br-fr-09-2024-screen.pdf","title":"Wheel balancer G3150 G3128 BR fr 09 2024 screen","mpn":"","thumbnail":"https:\/\/dev.codekraft.it\/ravaglioli.it\/wp-content\/uploads\/brb_media\/00533593_wheel-balancer-g3150-g3128-br-fr-09-2024-screen-pdf-106x150.png","description":""},{"id":150502,"url":"https:\/\/dev.codekraft.it\/ravaglioli.it\/wp-content\/uploads\/brb_media\/00533594_wheel-balancer-g3150-g3128-br-it-09-2024-screen.pdf","title":"Wheel balancer G3150 G3128 BR it 09 2024 screen","mpn":"","thumbnail":"https:\/\/dev.codekraft.it\/ravaglioli.it\/wp-content\/uploads\/brb_media\/00533594_wheel-balancer-g3150-g3128-br-it-09-2024-screen-pdf-106x150.png","description":""},{"id":150503,"url":"https:\/\/dev.codekraft.it\/ravaglioli.it\/wp-content\/uploads\/brb_media\/00533595_wheel-balancer-g3150-g3128-br-es-09-2024-screen.pdf","title":"Wheel balancer G3150 G3128 BR es 09 2024 screen","mpn":"","thumbnail":"https:\/\/dev.codekraft.it\/ravaglioli.it\/wp-content\/uploads\/brb_media\/00533595_wheel-balancer-g3150-g3128-br-es-09-2024-screen-pdf-106x150.png","description":""},{"id":150504,"url":"https:\/\/dev.codekraft.it\/ravaglioli.it\/wp-content\/uploads\/brb_media\/00533596_wheel-balancer-g3150-g3128-br-ru-09-2024-screen.pdf","title":"Wheel balancer G3150 G3128 BR ru 09 2024 screen","mpn":"","thumbnail":"https:\/\/dev.codekraft.it\/ravaglioli.it\/wp-content\/uploads\/brb_media\/00533596_wheel-balancer-g3150-g3128-br-ru-09-2024-screen-pdf-106x150.png","description":""}],"brb_media_drawing":"","brb_media_manuals":[{"id":149961,"url":"https:\/\/dev.codekraft.it\/ravaglioli.it\/wp-content\/uploads\/brb_media\/00535510_wheel-balancers-rot-rav-spa-monitor-wheel-balancer-im-1301-m004-02_vsg_rev02-multi-2024-11.pdf","title":"wheel balancers rot rav spa monitor wheel balancer im 1301 m004 02 vsg rev02 multi 2024 11","mpn":"","thumbnail":"https:\/\/dev.codekraft.it\/ravaglioli.it\/wp-content\/uploads\/brb_media\/00535510_wheel-balancers-rot-rav-spa-monitor-wheel-balancer-im-1301-m004-02_vsg_rev02-multi-2024-11-pdf-106x150.png","description":""}],"brb_media_safety_datasheets":"","brb_media_spare_parts":[],"_cdmm_p_id":"502655","_company":"Ravaglioli","_gtin":"5063084201355","accessories":[{"id":153575,"mpn":"GAR306","name":"Automatischer Felgenbreitentaster","description":"","thumbnail":"https:\/\/dev.codekraft.it\/ravaglioli.it\/wp-content\/uploads\/brb_media\/00506598_gar301-mi-150x150.png","url":"https:\/\/dev.codekraft.it\/ravaglioli.it\/de\/product\/automatischer-felgenbreitentaster\/"},{"id":153611,"mpn":"GAR315","name":"Ultraschall-Unrundheitsmessvorrichtung f\u00fcr Modelle mit GAR306 oder GAR307","description":"","thumbnail":"https:\/\/dev.codekraft.it\/ravaglioli.it\/wp-content\/uploads\/brb_media\/00509270_wheel-balancer-gar315-mi-150x150.png","url":"https:\/\/dev.codekraft.it\/ravaglioli.it\/de\/product\/ultraschall-unrundheitsmessvorrichtung-fur-modelle-mit-gar306-oder-gar307\/"},{"id":152323,"mpn":"GAR378","name":"Wi-Fi-Antenne","description":"F\u00fcr Wi-Fi-Verbindung und Aktivierung der Verbindungsfunktion","thumbnail":"","url":"https:\/\/dev.codekraft.it\/ravaglioli.it\/de\/product\/wi-fi-antenne\/"},{"id":154976,"mpn":"GAR121","name":"Radschutzscheibe","description":"","thumbnail":"https:\/\/dev.codekraft.it\/ravaglioli.it\/wp-content\/uploads\/brb_media\/00506564_gar121-150x150.png","url":"https:\/\/dev.codekraft.it\/ravaglioli.it\/de\/product\/radschutzscheibe\/"},{"id":155376,"mpn":"GAR132","name":"Pr\u00e4zisions-Typenspannplatte Universal, f\u00fcr 3\/4\/5-Lochfelgen | inkl. Zentrierbolzen","description":"Universaltypenflansch mit Bolzen","thumbnail":"https:\/\/dev.codekraft.it\/ravaglioli.it\/wp-content\/uploads\/brb_media\/00506548_gar132-150x150.png","url":"https:\/\/dev.codekraft.it\/ravaglioli.it\/de\/product\/prazisions-typenspannplatte-universal-fur-3-4-5-lochfelgen-inkl-zentrierbolzen\/"},{"id":155334,"mpn":"GAR112","name":"Zentrierkonus","description":"F\u00fcr Gel\u00e4ndewagen | \u00d8 95 - 132 mm","thumbnail":"https:\/\/dev.codekraft.it\/ravaglioli.it\/wp-content\/uploads\/brb_media\/00549107_wheel-balancers-gar112-mi-150x150.png","url":"https:\/\/dev.codekraft.it\/ravaglioli.it\/de\/product\/zentrierkonus\/"},{"id":155358,"mpn":"GAR324","name":"Radheber mit automatischem Gewichtsausgleich","description":"80 kg, Pkw","thumbnail":"https:\/\/dev.codekraft.it\/ravaglioli.it\/wp-content\/uploads\/brb_media\/00509271_wheel-balancer-gar324-mi-150x150.png","url":"https:\/\/dev.codekraft.it\/ravaglioli.it\/de\/product\/radheber-mit-automatischem-gewichtsausgleich\/"},{"id":155346,"mpn":"GAR325","name":"Radheber Standard","description":"80 kg, Pkw","thumbnail":"https:\/\/dev.codekraft.it\/ravaglioli.it\/wp-content\/uploads\/brb_media\/00373626_wheel-balancer-standard-wheel-lift-di-150x150.png","url":"https:\/\/dev.codekraft.it\/ravaglioli.it\/de\/product\/radheber-standard\/"},{"id":156934,"mpn":"GAR379","name":"Laserpointer 6 Uhr","description":"Laser-Positionierhilfe auf 6 Uhr, mit Beleuchtung","thumbnail":"https:\/\/dev.codekraft.it\/ravaglioli.it\/wp-content\/uploads\/brb_media\/00512761_wheel-balancers-gar379-mi-01-150x150.png","url":"https:\/\/dev.codekraft.it\/ravaglioli.it\/de\/product\/laserpointer-6-uhr\/"}],"components":[],"delivery":[{"id":153503,"mpn":"GAR345","name":"Schnellspannmutter mit Pressring","description":"Doppelte Zentrierung, f\u00fcr alle Modelle ohne pneumatische Spannung","thumbnail":"https:\/\/dev.codekraft.it\/ravaglioli.it\/wp-content\/uploads\/brb_media\/00509274_wheel-balancer-gar345-mi-150x150.png","url":"https:\/\/dev.codekraft.it\/ravaglioli.it\/de\/product\/schnellspannmutter-mit-pressring-2\/"},{"id":154820,"mpn":"GAR111","name":"Zentrierkonen f\u00fcr Pkw","description":"Inkl. Schutzkappe | \u00d8 44 - 112 mm | 1 Satz \/ 3 St\u00fcck","thumbnail":"https:\/\/dev.codekraft.it\/ravaglioli.it\/wp-content\/uploads\/brb_media\/00509259_wheel-balancer-gar111-mi-150x150.png","url":"https:\/\/dev.codekraft.it\/ravaglioli.it\/de\/product\/zentrierkonen-fur-pkw\/"}],"package":[],"related":[],"similar":[{"id":154384,"mpn":"RAV.G3128.201300","name":"Elektronische mikroprozessorgesteuerte Radauswuchtmaschine GP3.128NR","description":"2D, 7\u2033-Touchsreen, pneumatische Verriegelung, Pkw, Felgendurchmesser 10 - 26\u2033 | Blau (RAL 5005)","thumbnail":"https:\/\/dev.codekraft.it\/ravaglioli.it\/wp-content\/uploads\/brb_media\/00509559_wheel-balancer-g3128nr-gp3128nr-mi-01-150x150.png","url":"https:\/\/dev.codekraft.it\/ravaglioli.it\/de\/product\/elektronische-mikroprozessorgesteuerte-radauswuchtmaschine-gp3-128nr\/"},{"id":154366,"mpn":"RAV.G2140.201454","name":"Elektronische mikroprozessorgesteuerte Radauswuchtmaschine G2.140R","description":"LCD-Bildschirm, 2D-Messarm zur automatischen Messung der Radbreite und des Felgendurchmessers, Pkw, Felgendurchmesser 10 - 26\u2033 | Blau (RAL 5005)","thumbnail":"https:\/\/dev.codekraft.it\/ravaglioli.it\/wp-content\/uploads\/brb_media\/00509116_wheel-balancer-g2-140r-mi-150x150.png","url":"https:\/\/dev.codekraft.it\/ravaglioli.it\/de\/product\/elektronische-mikroprozessorgesteuerte-radauswuchtmaschine-g2-140r\/"},{"id":154438,"mpn":"RAV.G3150.201539","name":"Elektronische mikroprozessorgesteuerte Radauswuchtmaschine G3.150S","description":"3D, 22\u2033-LCD-Bildschirm, Pkw, Felgendurchmesser 10 - 26\u2033, max. Raddurchmesser 43\u2033 | Blau (RAL 5005)","thumbnail":"https:\/\/dev.codekraft.it\/ravaglioli.it\/wp-content\/uploads\/brb_media\/00509515_wheel-blancer-g3150s-mi-150x150.png","url":"https:\/\/dev.codekraft.it\/ravaglioli.it\/de\/product\/elektronische-mikroprozessorgesteuerte-radauswuchtmaschine-g3-150s\/"}],"page_logo_src":"https:\/\/dev.codekraft.it\/ravaglioli.it\/wp-content\/uploads\/2026\/04\/rav-negative-logo-1.png","lang":"de","translations":{"de":154390,"en":154389,"fr":154391,"it":154392,"es":154393,"ru":154394},"pll_sync_post":[],"_links":{"self":[{"href":"https:\/\/dev.codekraft.it\/ravaglioli.it\/wp-json\/wp\/v2\/product\/154390","targetHints":{"allow":["GET"]}}],"collection":[{"href":"https:\/\/dev.codekraft.it\/ravaglioli.it\/wp-json\/wp\/v2\/product"}],"about":[{"href":"https:\/\/dev.codekraft.it\/ravaglioli.it\/wp-json\/wp\/v2\/types\/product"}],"wp:featuredmedia":[{"embeddable":true,"href":"https:\/\/dev.codekraft.it\/ravaglioli.it\/wp-json\/wp\/v2\/media\/43340"}],"wp:attachment":[{"href":"https:\/\/dev.codekraft.it\/ravaglioli.it\/wp-json\/wp\/v2\/media?parent=154390"}],"wp:term":[{"taxonomy":"product_brand","embeddable":true,"href":"https:\/\/dev.codekraft.it\/ravaglioli.it\/wp-json\/wp\/v2\/product_brand?post=154390"},{"taxonomy":"product_cat","embeddable":true,"href":"https:\/\/dev.codekraft.it\/ravaglioli.it\/wp-json\/wp\/v2\/product_cat?post=154390"},{"taxonomy":"product_tag","embeddable":true,"href":"https:\/\/dev.codekraft.it\/ravaglioli.it\/wp-json\/wp\/v2\/product_tag?post=154390"},{"taxonomy":"product_approvals","embeddable":true,"href":"https:\/\/dev.codekraft.it\/ravaglioli.it\/wp-json\/wp\/v2\/product_approvals?post=154390"},{"taxonomy":"product_application","embeddable":true,"href":"https:\/\/dev.codekraft.it\/ravaglioli.it\/wp-json\/wp\/v2\/product_application?post=154390"}],"curies":[{"name":"wp","href":"https:\/\/api.w.org\/{rel}","templated":true}]}}