{"id":154356,"date":"2025-10-30T14:31:24","date_gmt":"2025-10-30T14:31:24","guid":{"rendered":"https:\/\/dev.codekraft.it\/ravaglioli.it\/product\/equilibradora-de-ruedas-de-moto-electronica-g2-114bike\/"},"modified":"2026-01-14T21:16:20","modified_gmt":"2026-01-14T21:16:20","slug":"equilibradora-de-ruedas-de-moto-electronica-g2-114bike","status":"publish","type":"product","link":"https:\/\/dev.codekraft.it\/ravaglioli.it\/es\/product\/equilibradora-de-ruedas-de-moto-electronica-g2-114bike\/","title":{"rendered":"Equilibradora de ruedas de moto electr\u00f3nica G2.114BIKE"},"content":{"rendered":"<ul>\n<li>Equilibradora electr\u00f3nica con altas prestaciones de rapidez y precisi\u00f3n<\/li>\n<li>Lanzamiento \u00fanico de motor y bloqueo autom\u00e1tico al final del ciclo<\/li>\n<\/ul>\n","protected":false},"excerpt":{"rendered":"<p>Pantalla gr\u00e1fica LCD retroiluminada (132 x 40 mm), ciclo autom\u00e1tico, moto, di\u00e1metro de llanta 10 &#8211; 26\u2033 | Azul (RAL 5005)<\/p>\n","protected":false},"featured_media":43276,"template":"","meta":[],"product_brand":[],"product_cat":[57996],"product_tag":[58400,58434,58417],"product_approvals":[],"product_application":[],"class_list":{"0":"post-154356","1":"product","2":"type-product","3":"status-publish","4":"has-post-thumbnail","6":"product_cat-equilibradoras-de-ruedas-es","7":"product_tag-motorbikes-es","8":"product_tag-quad-bikes-es","9":"product_tag-scooter-es","11":"first","12":"instock","13":"shipping-taxable","14":"product-type-simple"},"approvals":[],"application":[],"brb_media_brochure":[{"id":150494,"url":"https:\/\/dev.codekraft.it\/ravaglioli.it\/wp-content\/uploads\/brb_media\/00521673_wheel-balancer-g2114bike-br-multi-2023-09-screen.pdf","title":"Wheel Balancer G2114BIKE BR multi 2023 09 screen","mpn":"","thumbnail":"https:\/\/dev.codekraft.it\/ravaglioli.it\/wp-content\/uploads\/brb_media\/00521673_wheel-balancer-g2114bike-br-multi-2023-09-screen-pdf-106x150.png","description":""}],"brb_media_drawing":"","brb_media_manuals":[{"id":150492,"url":"https:\/\/dev.codekraft.it\/ravaglioli.it\/wp-content\/uploads\/brb_media\/00548907_wheel-balancers-librak240-librak345-librak338-librak328-g2114-g2116-g2120-g2121-t2020-2d-wb430-easy-g2124-gtl2120-er328-er448-erl240-im-1296-m027-02_vsg_rev03-multi-2024-12.pdf","title":"Wheel Balancers LIBRAK240 LIBRAK345 LIBRAK338 LIBRAK328 G2114 G2116 G2120 G2121 T2020 2D WB430 EASY G2124 GTL2120 ER328 ER448 ERL240 IM 1296 M027 02 VSG rev03 multi 2024 12","mpn":"","thumbnail":"https:\/\/dev.codekraft.it\/ravaglioli.it\/wp-content\/uploads\/brb_media\/00548907_wheel-balancers-librak240-librak345-librak338-librak328-g2114-g2116-g2120-g2121-t2020-2d-wb430-easy-g2124-gtl2120-er328-er448-erl240-im-1296-m027-02_vsg_rev03-multi-2024-12-pdf-106x150.png","description":""}],"brb_media_safety_datasheets":"","brb_media_spare_parts":[],"_cdmm_p_id":"502559","_company":"Ravaglioli","_gtin":"5063084201591","accessories":[{"id":153759,"mpn":"GAR192N","name":"Cono de centrado BMW","description":"Casquillo de centrado BMW | opci\u00f3n para garra universal GAR181N o GAR191N","thumbnail":"https:\/\/dev.codekraft.it\/ravaglioli.it\/wp-content\/uploads\/brb_media\/00506576_gar192n-150x150.png","url":"https:\/\/dev.codekraft.it\/ravaglioli.it\/es\/product\/cono-de-centrado-bmw\/"},{"id":155027,"mpn":"GAR356","name":"Eje de centrado para motos | \u00d8 10 mm","description":"Completo de eje, 2 conos. 6 espesores, garra de centrado y 2 bujes | GAR181N o GAR354 requerido","thumbnail":"https:\/\/dev.codekraft.it\/ravaglioli.it\/wp-content\/uploads\/brb_media\/00506574_gar182n-150x150.png","url":"https:\/\/dev.codekraft.it\/ravaglioli.it\/es\/product\/eje-de-centrado-para-motos-o-10-mm\/"},{"id":155033,"mpn":"GAR182N","name":"Eje de centrado para motos | \u00d8 12 mm","description":"Completo de eje, 2 conos. 6 espesores, garra de centrado y 2 bujes | GAR181N o GAR354 requerido","thumbnail":"https:\/\/dev.codekraft.it\/ravaglioli.it\/wp-content\/uploads\/brb_media\/00506574_gar182n-150x150.png","url":"https:\/\/dev.codekraft.it\/ravaglioli.it\/es\/product\/eje-de-centrado-para-motos-o-12-mm\/"},{"id":155039,"mpn":"GAR184N","name":"Eje de centrado para motos | alargado, \u00d8 14 mm","description":"Completo de eje, 2 espesores y garra de centrado | GAR181N o GAR354 requerido","thumbnail":"https:\/\/dev.codekraft.it\/ravaglioli.it\/wp-content\/uploads\/brb_media\/00506594_gar184n-150x150.png","url":"https:\/\/dev.codekraft.it\/ravaglioli.it\/es\/product\/eje-de-centrado-para-motos-alargado-o-14-mm\/"},{"id":155409,"mpn":"GAR191N","name":"Eje de centrado para motos con horquilla mono brazo | \u00d8 19 mm","description":"Completo de eje, 2 espesores y garra de centrado | GAR181N o GAR354 requerido","thumbnail":"https:\/\/dev.codekraft.it\/ravaglioli.it\/wp-content\/uploads\/brb_media\/00506595_gar191n-150x150.png","url":"https:\/\/dev.codekraft.it\/ravaglioli.it\/es\/product\/eje-de-centrado-para-motos-con-horquilla-mono-brazo-o-19-mm\/"},{"id":155045,"mpn":"GAR181AN","name":"Casquillos de centrado para plato universal moto","description":"Se requiere GAR354 o GAR181N | 1 juego \/ 18 piezas","thumbnail":"https:\/\/dev.codekraft.it\/ravaglioli.it\/wp-content\/uploads\/brb_media\/00506573_gar181an-150x150.png","url":"https:\/\/dev.codekraft.it\/ravaglioli.it\/es\/product\/casquillos-de-centrado-para-plato-universal-moto\/"},{"id":155051,"mpn":"GAR183N","name":"Conos de centrado para motos esc\u00fater | \u00d8 16 &#8211; 45 mm | 1 juego \/ 2 piezas","description":"Se requiere GAR354 o GAR181N","thumbnail":"https:\/\/dev.codekraft.it\/ravaglioli.it\/wp-content\/uploads\/brb_media\/00431002_wheel-balancer-centering-cone-motorcycles-di-gar183n-150x150.png","url":"https:\/\/dev.codekraft.it\/ravaglioli.it\/es\/product\/conos-de-centrado-para-motos-escuter-o-16-45-mm-1-juego-2-piezas\/"},{"id":155057,"mpn":"GAR193N","name":"Cono de centrado para Ducati 916-996-998-Monster SR2-SR4","description":"Casquillo de centrado | opci\u00f3n para garra universal GAR181N o GAR191N","thumbnail":"https:\/\/dev.codekraft.it\/ravaglioli.it\/wp-content\/uploads\/brb_media\/00506593_gar193n-150x150.png","url":"https:\/\/dev.codekraft.it\/ravaglioli.it\/es\/product\/cono-de-centrado-para-ducati-916-996-998-monster-sr2-sr4\/"},{"id":155063,"mpn":"GAR194N","name":"Cono de centrado para Honda NTV 650 REVERE","description":"Casquillo de centrado | opci\u00f3n para garra universal GAR181N o GAR191N","thumbnail":"https:\/\/dev.codekraft.it\/ravaglioli.it\/wp-content\/uploads\/brb_media\/00506591_gar194n-150x150.png","url":"https:\/\/dev.codekraft.it\/ravaglioli.it\/es\/product\/cono-de-centrado-para-honda-ntv-650-revere\/"},{"id":155069,"mpn":"GAR195N","name":"Cono de centrado para Honda VFR 750","description":"Casquillo de centrado | opci\u00f3n para garra universal GAR181N o GAR191N","thumbnail":"https:\/\/dev.codekraft.it\/ravaglioli.it\/wp-content\/uploads\/brb_media\/00506592_gar195n-150x150.png","url":"https:\/\/dev.codekraft.it\/ravaglioli.it\/es\/product\/cono-de-centrado-para-honda-vfr-750\/"},{"id":155075,"mpn":"GAR196N","name":"Cono de centrado para Yamaha GTS 1000","description":"Casquillo de centrado | opci\u00f3n para garra universal GAR181N o GAR191N","thumbnail":"https:\/\/dev.codekraft.it\/ravaglioli.it\/wp-content\/uploads\/brb_media\/00506590_gar196n-150x150.png","url":"https:\/\/dev.codekraft.it\/ravaglioli.it\/es\/product\/cono-de-centrado-para-yamaha-gts-1000\/"},{"id":155081,"mpn":"GAR197N","name":"Conos de centrado para Harley Davidson | 1 juego \/ 2 piezas","description":"Casquillos de centrado | opci\u00f3n para garra universal GAR181N o GAR191N","thumbnail":"https:\/\/dev.codekraft.it\/ravaglioli.it\/wp-content\/uploads\/brb_media\/00506577_gar197-150x150.png","url":"https:\/\/dev.codekraft.it\/ravaglioli.it\/es\/product\/conos-de-centrado-para-harley-davidson-1-juego-2-piezas\/"},{"id":155087,"mpn":"GAR198N","name":"Conos de centrado para Suzuki GSX R","description":"Opci\u00f3n para garra universal GAR181N o GAR191N | 1 juego \/ 6 piezas","thumbnail":"https:\/\/dev.codekraft.it\/ravaglioli.it\/wp-content\/uploads\/brb_media\/00431008_wheel-balancer-centering-cone-suzuki-di-gar198n-150x150.png","url":"https:\/\/dev.codekraft.it\/ravaglioli.it\/es\/product\/conos-de-centrado-para-suzuki-gsx-r\/"},{"id":155020,"mpn":"GAR363","name":"Base de soporte pedestal","description":"","thumbnail":"https:\/\/dev.codekraft.it\/ravaglioli.it\/wp-content\/uploads\/brb_media\/00506539_gar363-150x150.png","url":"https:\/\/dev.codekraft.it\/ravaglioli.it\/es\/product\/base-de-soporte-pedestal\/"}],"components":[],"delivery":[{"id":153578,"mpn":"GAR306","name":"Detector de ancho rueda autom\u00e1tico","description":"","thumbnail":"https:\/\/dev.codekraft.it\/ravaglioli.it\/wp-content\/uploads\/brb_media\/00506598_gar301-mi-150x150.png","url":"https:\/\/dev.codekraft.it\/ravaglioli.it\/es\/product\/detector-de-ancho-rueda-automatico\/"},{"id":155391,"mpn":"GAR181N","name":"Garra universal","description":"Para motos | con eje, \u00d8 14 mm, y acesorios | Se requiere GAR181A1","thumbnail":"https:\/\/dev.codekraft.it\/ravaglioli.it\/wp-content\/uploads\/brb_media\/00506596_gar181n-150x150.png","url":"https:\/\/dev.codekraft.it\/ravaglioli.it\/es\/product\/garra-universal\/"}],"package":[],"related":[],"similar":[{"id":154369,"mpn":"RAV.G2140.201454","name":"Equilibradora de ruedas electr\u00f3nica con microprocesador G2.140R","description":"Monitor LCD, brazo de medici\u00f3n 2D para la medici\u00f3n autom\u00e1tica del ancho de las ruedas y del di\u00e1metro de las llantas, turismo, di\u00e1metro de llanta 10 - 26\u2033 | Azul (RAL 5005)","thumbnail":"https:\/\/dev.codekraft.it\/ravaglioli.it\/wp-content\/uploads\/brb_media\/00509116_wheel-balancer-g2-140r-mi-150x150.png","url":"https:\/\/dev.codekraft.it\/ravaglioli.it\/es\/product\/equilibradora-de-ruedas-electronica-con-microprocesador-g2-140r\/"},{"id":154381,"mpn":"RAV.G2120.201515","name":"Equilibradora de ruedas electr\u00f3nica con microprocesador G2.120R","description":"Pantalla LCD interactiva, brazo de medici\u00f3n para la medici\u00f3n autom\u00e1tica del ancho de las ruedas y del di\u00e1metro de las llantas, turismo, di\u00e1metro de llanta 10 - 26\u2033 | Azul (RAL 5005)","thumbnail":"https:\/\/dev.codekraft.it\/ravaglioli.it\/wp-content\/uploads\/brb_media\/00509853_wheel-balancer-g2120r-mi-150x150.png","url":"https:\/\/dev.codekraft.it\/ravaglioli.it\/es\/product\/equilibradora-de-ruedas-electronica-con-microprocesador-g2-120r\/"}],"page_logo_src":"https:\/\/dev.codekraft.it\/ravaglioli.it\/wp-content\/uploads\/2026\/04\/rav-negative-logo-1.png","lang":"es","translations":{"es":154356,"en":154352,"de":154353,"fr":154354,"it":154355,"ru":154357},"pll_sync_post":[],"_links":{"self":[{"href":"https:\/\/dev.codekraft.it\/ravaglioli.it\/wp-json\/wp\/v2\/product\/154356","targetHints":{"allow":["GET"]}}],"collection":[{"href":"https:\/\/dev.codekraft.it\/ravaglioli.it\/wp-json\/wp\/v2\/product"}],"about":[{"href":"https:\/\/dev.codekraft.it\/ravaglioli.it\/wp-json\/wp\/v2\/types\/product"}],"wp:featuredmedia":[{"embeddable":true,"href":"https:\/\/dev.codekraft.it\/ravaglioli.it\/wp-json\/wp\/v2\/media\/43276"}],"wp:attachment":[{"href":"https:\/\/dev.codekraft.it\/ravaglioli.it\/wp-json\/wp\/v2\/media?parent=154356"}],"wp:term":[{"taxonomy":"product_brand","embeddable":true,"href":"https:\/\/dev.codekraft.it\/ravaglioli.it\/wp-json\/wp\/v2\/product_brand?post=154356"},{"taxonomy":"product_cat","embeddable":true,"href":"https:\/\/dev.codekraft.it\/ravaglioli.it\/wp-json\/wp\/v2\/product_cat?post=154356"},{"taxonomy":"product_tag","embeddable":true,"href":"https:\/\/dev.codekraft.it\/ravaglioli.it\/wp-json\/wp\/v2\/product_tag?post=154356"},{"taxonomy":"product_approvals","embeddable":true,"href":"https:\/\/dev.codekraft.it\/ravaglioli.it\/wp-json\/wp\/v2\/product_approvals?post=154356"},{"taxonomy":"product_application","embeddable":true,"href":"https:\/\/dev.codekraft.it\/ravaglioli.it\/wp-json\/wp\/v2\/product_application?post=154356"}],"curies":[{"name":"wp","href":"https:\/\/api.w.org\/{rel}","templated":true}]}}