{"id":154354,"date":"2025-10-30T14:31:24","date_gmt":"2025-10-30T14:31:24","guid":{"rendered":"https:\/\/dev.codekraft.it\/ravaglioli.it\/product\/equilibreuse-de-roue-de-moto-electronique-g2-114bike\/"},"modified":"2026-01-14T21:16:19","modified_gmt":"2026-01-14T21:16:19","slug":"equilibreuse-de-roue-de-moto-electronique-g2-114bike","status":"publish","type":"product","link":"https:\/\/dev.codekraft.it\/ravaglioli.it\/fr\/product\/equilibreuse-de-roue-de-moto-electronique-g2-114bike\/","title":{"rendered":"Equilibreuse de roue de moto \u00e9lectronique G2.114BIKE"},"content":{"rendered":"<ul>\n<li>\u00c9quilibreuse \u00e9lectronique \u00e0 microprocesseur avec prestations de rapidit\u00e9 et pr\u00e9cision<\/li>\n<li>Un seul lancement par moteur et arr\u00eat automatique en fin de cycle<\/li>\n<\/ul>\n","protected":false},"excerpt":{"rendered":"<p>\u00c9cran graphique LCD r\u00e9tro-\u00e9clair\u00e9 (132 x 40 mm), cycle automatique, moto, diam\u00e8tre de la jante 10 &#8211; 26\u2033 | Bleu (RAL 5005)<\/p>\n","protected":false},"featured_media":43276,"template":"","meta":[],"product_brand":[],"product_cat":[57964],"product_tag":[58394,58428,58411],"product_approvals":[],"product_application":[],"class_list":{"0":"post-154354","1":"product","2":"type-product","3":"status-publish","4":"has-post-thumbnail","6":"product_cat-equilibreuses-des-roues-fr","7":"product_tag-motorbikes-fr","8":"product_tag-quad-bikes-fr","9":"product_tag-scooter-fr","11":"first","12":"instock","13":"shipping-taxable","14":"product-type-simple"},"approvals":[],"application":[],"brb_media_brochure":[{"id":150494,"url":"https:\/\/dev.codekraft.it\/ravaglioli.it\/wp-content\/uploads\/brb_media\/00521673_wheel-balancer-g2114bike-br-multi-2023-09-screen.pdf","title":"Wheel Balancer G2114BIKE BR multi 2023 09 screen","mpn":"","thumbnail":"https:\/\/dev.codekraft.it\/ravaglioli.it\/wp-content\/uploads\/brb_media\/00521673_wheel-balancer-g2114bike-br-multi-2023-09-screen-pdf-106x150.png","description":""}],"brb_media_drawing":"","brb_media_manuals":[{"id":150492,"url":"https:\/\/dev.codekraft.it\/ravaglioli.it\/wp-content\/uploads\/brb_media\/00548907_wheel-balancers-librak240-librak345-librak338-librak328-g2114-g2116-g2120-g2121-t2020-2d-wb430-easy-g2124-gtl2120-er328-er448-erl240-im-1296-m027-02_vsg_rev03-multi-2024-12.pdf","title":"Wheel Balancers LIBRAK240 LIBRAK345 LIBRAK338 LIBRAK328 G2114 G2116 G2120 G2121 T2020 2D WB430 EASY G2124 GTL2120 ER328 ER448 ERL240 IM 1296 M027 02 VSG rev03 multi 2024 12","mpn":"","thumbnail":"https:\/\/dev.codekraft.it\/ravaglioli.it\/wp-content\/uploads\/brb_media\/00548907_wheel-balancers-librak240-librak345-librak338-librak328-g2114-g2116-g2120-g2121-t2020-2d-wb430-easy-g2124-gtl2120-er328-er448-erl240-im-1296-m027-02_vsg_rev03-multi-2024-12-pdf-106x150.png","description":""}],"brb_media_safety_datasheets":"","brb_media_spare_parts":[],"_cdmm_p_id":"502559","_company":"Ravaglioli","_gtin":"5063084201591","accessories":[{"id":153757,"mpn":"GAR192N","name":"C\u00f4ne de centrage BMW","description":"Manchon de centrage BMW | option pour bride universelle GAR181N ou GAR191N","thumbnail":"https:\/\/dev.codekraft.it\/ravaglioli.it\/wp-content\/uploads\/brb_media\/00506576_gar192n-150x150.png","url":"https:\/\/dev.codekraft.it\/ravaglioli.it\/fr\/product\/cone-de-centrage-bmw\/"},{"id":155025,"mpn":"GAR356","name":"Arbre de centrage pour motos | \u00d8 10 mm","description":"\u00c9quip\u00e9 avec flasque, 2 c\u00f4nes, 6 entretoises et 2 bagues | GAR181N ou GAR354 n\u00e9cessaire","thumbnail":"https:\/\/dev.codekraft.it\/ravaglioli.it\/wp-content\/uploads\/brb_media\/00506574_gar182n-150x150.png","url":"https:\/\/dev.codekraft.it\/ravaglioli.it\/fr\/product\/arbre-de-centrage-pour-motos-o-10-mm\/"},{"id":155031,"mpn":"GAR182N","name":"Arbre de centrage pour motos | \u00d8 12 mm","description":"\u00c9quip\u00e9 avec flasque, 2 c\u00f4nes, 6 entretoises et 2 bagues | GAR181N ou GAR354 n\u00e9cessaire","thumbnail":"https:\/\/dev.codekraft.it\/ravaglioli.it\/wp-content\/uploads\/brb_media\/00506574_gar182n-150x150.png","url":"https:\/\/dev.codekraft.it\/ravaglioli.it\/fr\/product\/arbre-de-centrage-pour-motos-o-12-mm\/"},{"id":155037,"mpn":"GAR184N","name":"Arbre de centrage pour motos | long, \u00d8 14 mm","description":"\u00c9quip\u00e9 avec long flasque (318 mm), 2 entretoises et \u00e9crou de serrage | GAR181N ou GAR354 n\u00e9cessaire","thumbnail":"https:\/\/dev.codekraft.it\/ravaglioli.it\/wp-content\/uploads\/brb_media\/00506594_gar184n-150x150.png","url":"https:\/\/dev.codekraft.it\/ravaglioli.it\/fr\/product\/arbre-de-centrage-pour-motos-long-o-14-mm\/"},{"id":155407,"mpn":"GAR191N","name":"Arbre de centrage pour motos avec fourche monobras | \u00d8 19 mm","description":"\u00c9quip\u00e9 avec flasque, 2 entretoises et \u00e9crou de serrage | GAR181N ou GAR354 n\u00e9cessaire","thumbnail":"https:\/\/dev.codekraft.it\/ravaglioli.it\/wp-content\/uploads\/brb_media\/00506595_gar191n-150x150.png","url":"https:\/\/dev.codekraft.it\/ravaglioli.it\/fr\/product\/arbre-de-centrage-pour-motos-avec-fourche-monobras-o-19-mm\/"},{"id":155043,"mpn":"GAR181AN","name":"Bagues de centrage pour bride universelle moto","description":"Manchons | GAR354 ou GAR181N requis | 1 jeu \/ 18 pi\u00e8ces","thumbnail":"https:\/\/dev.codekraft.it\/ravaglioli.it\/wp-content\/uploads\/brb_media\/00506573_gar181an-150x150.png","url":"https:\/\/dev.codekraft.it\/ravaglioli.it\/fr\/product\/bagues-de-centrage-pour-bride-universelle-moto\/"},{"id":155049,"mpn":"GAR183N","name":"C\u00f4nes de centrage pour scooter | \u00d8 16 &#8211; 45 mm | 1 jeu \/ 2 pi\u00e8ces","description":"GAR354 ou GAR181N requis","thumbnail":"https:\/\/dev.codekraft.it\/ravaglioli.it\/wp-content\/uploads\/brb_media\/00431002_wheel-balancer-centering-cone-motorcycles-di-gar183n-150x150.png","url":"https:\/\/dev.codekraft.it\/ravaglioli.it\/fr\/product\/cones-de-centrage-pour-scooter-o-16-45-mm-1-jeu-2-pieces\/"},{"id":155055,"mpn":"GAR193N","name":"C\u00f4ne de centrage pour Ducati 916-996-996-998-Monster SR2-SR4","description":"Manchon de centrage | option pour bride universelle GAR181N ou GAR191N","thumbnail":"https:\/\/dev.codekraft.it\/ravaglioli.it\/wp-content\/uploads\/brb_media\/00506593_gar193n-150x150.png","url":"https:\/\/dev.codekraft.it\/ravaglioli.it\/fr\/product\/cone-de-centrage-pour-ducati-916-996-996-998-monster-sr2-sr4\/"},{"id":155061,"mpn":"GAR194N","name":"C\u00f4ne de centrage pour Honda NTV 650 REVERE","description":"Manchon de centrage | option pour bride universelle GAR181N ou GAR191N","thumbnail":"https:\/\/dev.codekraft.it\/ravaglioli.it\/wp-content\/uploads\/brb_media\/00506591_gar194n-150x150.png","url":"https:\/\/dev.codekraft.it\/ravaglioli.it\/fr\/product\/cone-de-centrage-pour-honda-ntv-650-revere\/"},{"id":155067,"mpn":"GAR195N","name":"C\u00f4ne de centrage pour Honda VFR 750","description":"Manchon de centrage | option pour bride universelle GAR181N ou GAR191N","thumbnail":"https:\/\/dev.codekraft.it\/ravaglioli.it\/wp-content\/uploads\/brb_media\/00506592_gar195n-150x150.png","url":"https:\/\/dev.codekraft.it\/ravaglioli.it\/fr\/product\/cone-de-centrage-pour-honda-vfr-750\/"},{"id":155073,"mpn":"GAR196N","name":"C\u00f4ne de centrage pour Yamaha GTS 1000","description":"Manchon de centrage | option pour bride universelle GAR181N ou GAR191N","thumbnail":"https:\/\/dev.codekraft.it\/ravaglioli.it\/wp-content\/uploads\/brb_media\/00506590_gar196n-150x150.png","url":"https:\/\/dev.codekraft.it\/ravaglioli.it\/fr\/product\/cone-de-centrage-pour-yamaha-gts-1000\/"},{"id":155079,"mpn":"GAR197N","name":"C\u00f4nes de centrage pour Harley Davidson | 1 jeu \/ 2 pi\u00e8ces","description":"Manchons de centrage | option pour bride universelle GAR181N ou GAR191N","thumbnail":"https:\/\/dev.codekraft.it\/ravaglioli.it\/wp-content\/uploads\/brb_media\/00506577_gar197-150x150.png","url":"https:\/\/dev.codekraft.it\/ravaglioli.it\/fr\/product\/cones-de-centrage-pour-harley-davidson-1-jeu-2-pieces\/"},{"id":155085,"mpn":"GAR198N","name":"C\u00f4nes de centrage pour Suzuki GSX R","description":"Option pour bride universelle GAR181N ou GAR191N | 1 jeu \/ 6 pi\u00e8ces","thumbnail":"https:\/\/dev.codekraft.it\/ravaglioli.it\/wp-content\/uploads\/brb_media\/00431008_wheel-balancer-centering-cone-suzuki-di-gar198n-150x150.png","url":"https:\/\/dev.codekraft.it\/ravaglioli.it\/fr\/product\/cones-de-centrage-pour-suzuki-gsx-r\/"},{"id":155018,"mpn":"GAR363","name":"Base de support","description":"","thumbnail":"https:\/\/dev.codekraft.it\/ravaglioli.it\/wp-content\/uploads\/brb_media\/00506539_gar363-150x150.png","url":"https:\/\/dev.codekraft.it\/ravaglioli.it\/fr\/product\/base-de-support\/"}],"components":[],"delivery":[{"id":153576,"mpn":"GAR306","name":"D\u00e9tecteur pour mesure automatique de la largeur de roue","description":"","thumbnail":"https:\/\/dev.codekraft.it\/ravaglioli.it\/wp-content\/uploads\/brb_media\/00506598_gar301-mi-150x150.png","url":"https:\/\/dev.codekraft.it\/ravaglioli.it\/fr\/product\/detecteur-pour-mesure-automatique-de-la-largeur-de-roue\/"},{"id":155389,"mpn":"GAR181N","name":"Bride universelle","description":"Pour motos | avec arbre, \u00d8 14 mm, et accessoires | GAR181A1 requis","thumbnail":"https:\/\/dev.codekraft.it\/ravaglioli.it\/wp-content\/uploads\/brb_media\/00506596_gar181n-150x150.png","url":"https:\/\/dev.codekraft.it\/ravaglioli.it\/fr\/product\/bride-universelle\/"}],"package":[],"related":[],"similar":[{"id":154367,"mpn":"RAV.G2140.201454","name":"Equilibreuse de roue \u00e9lectronique a microprocesseur G2.140R","description":"\u00c9cran LCD, bras de mesure 2D pour mesure automatique de la largeur des roues et du diam\u00e8tre des jantes, voiture de tourisme, diam\u00e8tre de la jante 10 - 26\u2033 | Bleu (RAL 5005)","thumbnail":"https:\/\/dev.codekraft.it\/ravaglioli.it\/wp-content\/uploads\/brb_media\/00509116_wheel-balancer-g2-140r-mi-150x150.png","url":"https:\/\/dev.codekraft.it\/ravaglioli.it\/fr\/product\/equilibreuse-de-roue-electronique-a-microprocesseur-g2-140r\/"},{"id":154379,"mpn":"RAV.G2120.201515","name":"Equilibreuse de roue \u00e9lectronique a microprocesseur G2.120R","description":"\u00c9cran LCD interactif, bras de mesure pour mesure automatique de la largeur des roues et du diam\u00e8tre des jantes, voiture de tourisme, diam\u00e8tre de la jante 10 - 26\u2033 | Bleu (RAL 5005)","thumbnail":"https:\/\/dev.codekraft.it\/ravaglioli.it\/wp-content\/uploads\/brb_media\/00509853_wheel-balancer-g2120r-mi-150x150.png","url":"https:\/\/dev.codekraft.it\/ravaglioli.it\/fr\/product\/equilibreuse-de-roue-electronique-a-microprocesseur-g2-120r\/"}],"page_logo_src":"https:\/\/dev.codekraft.it\/ravaglioli.it\/wp-content\/uploads\/2026\/04\/rav-negative-logo-1.png","lang":"fr","translations":{"fr":154354,"en":154352,"de":154353,"it":154355,"es":154356,"ru":154357},"pll_sync_post":[],"_links":{"self":[{"href":"https:\/\/dev.codekraft.it\/ravaglioli.it\/wp-json\/wp\/v2\/product\/154354","targetHints":{"allow":["GET"]}}],"collection":[{"href":"https:\/\/dev.codekraft.it\/ravaglioli.it\/wp-json\/wp\/v2\/product"}],"about":[{"href":"https:\/\/dev.codekraft.it\/ravaglioli.it\/wp-json\/wp\/v2\/types\/product"}],"wp:featuredmedia":[{"embeddable":true,"href":"https:\/\/dev.codekraft.it\/ravaglioli.it\/wp-json\/wp\/v2\/media\/43276"}],"wp:attachment":[{"href":"https:\/\/dev.codekraft.it\/ravaglioli.it\/wp-json\/wp\/v2\/media?parent=154354"}],"wp:term":[{"taxonomy":"product_brand","embeddable":true,"href":"https:\/\/dev.codekraft.it\/ravaglioli.it\/wp-json\/wp\/v2\/product_brand?post=154354"},{"taxonomy":"product_cat","embeddable":true,"href":"https:\/\/dev.codekraft.it\/ravaglioli.it\/wp-json\/wp\/v2\/product_cat?post=154354"},{"taxonomy":"product_tag","embeddable":true,"href":"https:\/\/dev.codekraft.it\/ravaglioli.it\/wp-json\/wp\/v2\/product_tag?post=154354"},{"taxonomy":"product_approvals","embeddable":true,"href":"https:\/\/dev.codekraft.it\/ravaglioli.it\/wp-json\/wp\/v2\/product_approvals?post=154354"},{"taxonomy":"product_application","embeddable":true,"href":"https:\/\/dev.codekraft.it\/ravaglioli.it\/wp-json\/wp\/v2\/product_application?post=154354"}],"curies":[{"name":"wp","href":"https:\/\/api.w.org\/{rel}","templated":true}]}}