{"id":154350,"date":"2025-11-20T10:26:31","date_gmt":"2025-11-20T10:26:31","guid":{"rendered":"https:\/\/dev.codekraft.it\/ravaglioli.it\/product\/equilibradora-de-ruedas-electronica-con-microprocesador-g2-124nr\/"},"modified":"2026-01-14T21:15:20","modified_gmt":"2026-01-14T21:15:20","slug":"equilibradora-de-ruedas-electronica-con-microprocesador-g2-124nr","status":"publish","type":"product","link":"https:\/\/dev.codekraft.it\/ravaglioli.it\/es\/product\/equilibradora-de-ruedas-electronica-con-microprocesador-g2-124nr\/","title":{"rendered":"Equilibradora de ruedas electr\u00f3nica con microprocesador G2.124NR"},"content":{"rendered":"<ul>\n<li>Arranque autom\u00e1tico al bajar el carter de protecci\u00f3n<\/li>\n<li>Memorizaci\u00f3n de los planos de correcci\u00f3n: programa ALU S e PAX autom\u00e1tico<\/li>\n<li>Optimizaci\u00f3n llanta\/neum\u00e1tico guiada<\/li>\n<li>Lleva freno de pedal para el bloqueo de la rueda durante el posicionamiento de los plomos<\/li>\n<li>Eco-Weight: Sistema moderno para poner a cero el desequilibrio y reducir el consumo de los plomos<\/li>\n<\/ul>\n<ul>\n<li>Calibre para la lectura autom\u00e1tica de la distancia m\u00e1quina y del di\u00e1metro de las ruedas<\/li>\n<li>Programa ALU S autom\u00e1tico<\/li>\n<li>Programa plomos escondidos<\/li>\n<\/ul>\n","protected":false},"excerpt":{"rendered":"<p>Pantalla LCD interactiva, turismo, di\u00e1metro de llanta 10 &#8211; 26\u2033 | Azul (RAL 5005)<\/p>\n","protected":false},"featured_media":43261,"template":"","meta":[],"product_brand":[],"product_cat":[57996],"product_tag":[58296,63163,58332],"product_approvals":[],"product_application":[],"class_list":{"0":"post-154350","1":"product","2":"type-product","3":"status-publish","4":"has-post-thumbnail","6":"product_cat-equilibradoras-de-ruedas-es","7":"product_tag-passenger-cars-es","8":"product_tag-quickship-es","9":"product_tag-light-commercial-es","11":"first","12":"instock","13":"shipping-taxable","14":"product-type-simple"},"approvals":[],"application":[],"brb_media_brochure":[{"id":150491,"url":"https:\/\/dev.codekraft.it\/ravaglioli.it\/wp-content\/uploads\/brb_media\/00521678_wheel-balancers-g2_gp2-124nr-br-2023-09-multi-screen.pdf","title":"Wheel Balancers G2 GP2 124NR BR 2023 09 multi screen","mpn":"","thumbnail":"https:\/\/dev.codekraft.it\/ravaglioli.it\/wp-content\/uploads\/brb_media\/00521678_wheel-balancers-g2_gp2-124nr-br-2023-09-multi-screen-pdf-106x150.png","description":""}],"brb_media_drawing":"","brb_media_manuals":[{"id":150492,"url":"https:\/\/dev.codekraft.it\/ravaglioli.it\/wp-content\/uploads\/brb_media\/00548907_wheel-balancers-librak240-librak345-librak338-librak328-g2114-g2116-g2120-g2121-t2020-2d-wb430-easy-g2124-gtl2120-er328-er448-erl240-im-1296-m027-02_vsg_rev03-multi-2024-12.pdf","title":"Wheel Balancers LIBRAK240 LIBRAK345 LIBRAK338 LIBRAK328 G2114 G2116 G2120 G2121 T2020 2D WB430 EASY G2124 GTL2120 ER328 ER448 ERL240 IM 1296 M027 02 VSG rev03 multi 2024 12","mpn":"","thumbnail":"https:\/\/dev.codekraft.it\/ravaglioli.it\/wp-content\/uploads\/brb_media\/00548907_wheel-balancers-librak240-librak345-librak338-librak328-g2114-g2116-g2120-g2121-t2020-2d-wb430-easy-g2124-gtl2120-er328-er448-erl240-im-1296-m027-02_vsg_rev03-multi-2024-12-pdf-106x150.png","description":""}],"brb_media_safety_datasheets":"","brb_media_spare_parts":[],"_cdmm_p_id":"502557","_company":"Ravaglioli","_gtin":"5063084201362","accessories":[{"id":154338,"mpn":"129794160","name":"Grupo l\u00e1ser fijo + iluminador","description":"","thumbnail":"","url":"https:\/\/dev.codekraft.it\/ravaglioli.it\/es\/product\/grupo-laser-fijo-iluminador\/"},{"id":153578,"mpn":"GAR306","name":"Detector de ancho rueda autom\u00e1tico","description":"","thumbnail":"https:\/\/dev.codekraft.it\/ravaglioli.it\/wp-content\/uploads\/brb_media\/00506598_gar301-mi-150x150.png","url":"https:\/\/dev.codekraft.it\/ravaglioli.it\/es\/product\/detector-de-ancho-rueda-automatico\/"},{"id":152572,"mpn":"GAR369","name":"Kit de calibraci\u00f3n para el grupo rotatorio","description":"Kit de calibraci\u00f3n para equilibradoras de ruedas para turismos y furgonetasCalibrador","thumbnail":"","url":"https:\/\/dev.codekraft.it\/ravaglioli.it\/es\/product\/kit-de-calibracion-para-el-grupo-rotatorio\/"},{"id":153500,"mpn":"GAR101","name":"Tuerca de sujeci\u00f3n r\u00e1pida con anillo de presi\u00f3n","description":"Centrado doble, garra r\u00e1pida","thumbnail":"https:\/\/dev.codekraft.it\/ravaglioli.it\/wp-content\/uploads\/brb_media\/00509256_wheel-balancer-gar101-mi-150x150.png","url":"https:\/\/dev.codekraft.it\/ravaglioli.it\/es\/product\/tuerca-de-sujecion-rapida-con-anillo-de-presion\/"},{"id":152434,"mpn":"GAR104","name":"Tuerca de sujeci\u00f3n para turismos | con anillo de presi\u00f3n","description":"Centrado doble, garra","thumbnail":"https:\/\/dev.codekraft.it\/ravaglioli.it\/wp-content\/uploads\/brb_media\/00506557_gar104-150x150.png","url":"https:\/\/dev.codekraft.it\/ravaglioli.it\/es\/product\/tuerca-de-sujecion-para-turismos-con-anillo-de-presion\/"},{"id":152978,"mpn":"GAR105","name":"Tuerca tipo con volante y anillo de presi\u00f3n | para turismos","description":"Centrado doble, garra tipo volante","thumbnail":"https:\/\/dev.codekraft.it\/ravaglioli.it\/wp-content\/uploads\/brb_media\/00506558_gar105-mi-150x150.png","url":"https:\/\/dev.codekraft.it\/ravaglioli.it\/es\/product\/tuerca-tipo-con-volante-y-anillo-de-presion-para-turismos\/"},{"id":153068,"mpn":"GAR155","name":"Conos de centrado de precisi\u00f3n \u00d8 42,5 &#8211; 78 mm","description":"Para equilibradoras de ruedas | 1 juego \/ 5 piezas","thumbnail":"https:\/\/dev.codekraft.it\/ravaglioli.it\/wp-content\/uploads\/brb_media\/00506571_gar155-150x150.png","url":"https:\/\/dev.codekraft.it\/ravaglioli.it\/es\/product\/conos-de-centrado-de-precision-o-425-78-mm\/"},{"id":152030,"mpn":"GAR148N","name":"Casquillo de centrado para BMW, Mercedes Benz, Audi, Opel | escalonado | \u00d8 56 &#8211; 57 &#8211; 66,5 &#8211; 72,5 &#8211; 72,6 &#8211; 74 &#8211; 74,1 mm","description":"","thumbnail":"https:\/\/dev.codekraft.it\/ravaglioli.it\/wp-content\/uploads\/brb_media\/00430978_wheel-balancer-centering-cone-step-shaped-di-gar148n-150x150.png","url":"https:\/\/dev.codekraft.it\/ravaglioli.it\/es\/product\/casquillo-de-centrado-para-bmw-mercedes-benz-audi-opel-escalonado-o-56-57-665-725-726-74-741-mm\/"},{"id":153759,"mpn":"GAR192N","name":"Cono de centrado BMW","description":"Casquillo de centrado BMW | opci\u00f3n para garra universal GAR181N o GAR191N","thumbnail":"https:\/\/dev.codekraft.it\/ravaglioli.it\/wp-content\/uploads\/brb_media\/00506576_gar192n-150x150.png","url":"https:\/\/dev.codekraft.it\/ravaglioli.it\/es\/product\/cono-de-centrado-bmw\/"},{"id":155361,"mpn":"GAR324","name":"Elevador para ruedas con equilibrado autom\u00e1tico del peso rueda","description":"80 kg, turismo","thumbnail":"https:\/\/dev.codekraft.it\/ravaglioli.it\/wp-content\/uploads\/brb_media\/00509271_wheel-balancer-gar324-mi-150x150.png","url":"https:\/\/dev.codekraft.it\/ravaglioli.it\/es\/product\/elevador-para-ruedas-con-equilibrado-automatico-del-peso-rueda\/"},{"id":155349,"mpn":"GAR325","name":"Elevador para ruedas Standard","description":"80 kg, turismo","thumbnail":"https:\/\/dev.codekraft.it\/ravaglioli.it\/wp-content\/uploads\/brb_media\/00373626_wheel-balancer-standard-wheel-lift-di-150x150.png","url":"https:\/\/dev.codekraft.it\/ravaglioli.it\/es\/product\/elevador-para-ruedas-standard\/"},{"id":155337,"mpn":"GAR112","name":"Cono de centrado","description":"Para todo terrenos | \u00d8 95 - 132 mm","thumbnail":"https:\/\/dev.codekraft.it\/ravaglioli.it\/wp-content\/uploads\/brb_media\/00549107_wheel-balancers-gar112-mi-150x150.png","url":"https:\/\/dev.codekraft.it\/ravaglioli.it\/es\/product\/cono-de-centrado\/"},{"id":155373,"mpn":"GAR113","name":"Cono de centrado para furgonetas | \u00d8 118 &#8211; 174 mm","description":"Incluido espesor","thumbnail":"https:\/\/dev.codekraft.it\/ravaglioli.it\/wp-content\/uploads\/brb_media\/00509261_wheel-balancer-gar113-mi-150x150.png","url":"https:\/\/dev.codekraft.it\/ravaglioli.it\/es\/product\/cono-de-centrado-para-furgonetas-o-118-174-mm\/"},{"id":155367,"mpn":"GAR323","name":"Doble cono de centrado para veh\u00edculos todo terreno | \u00d8 124 &#8211; 128 \/ 122 &#8211; 126 mm","description":"","thumbnail":"https:\/\/dev.codekraft.it\/ravaglioli.it\/wp-content\/uploads\/brb_media\/00506561_gar323-mi-150x150.png","url":"https:\/\/dev.codekraft.it\/ravaglioli.it\/es\/product\/doble-cono-de-centrado-para-vehiculos-todo-terreno-o-124-128-122-126-mm\/"},{"id":154979,"mpn":"GAR121","name":"Disco de protecci\u00f3n rueda","description":"","thumbnail":"https:\/\/dev.codekraft.it\/ravaglioli.it\/wp-content\/uploads\/brb_media\/00506564_gar121-150x150.png","url":"https:\/\/dev.codekraft.it\/ravaglioli.it\/es\/product\/disco-de-proteccion-rueda\/"},{"id":154943,"mpn":"GAR131H","name":"Placa de sujeci\u00f3n Universal | para llantas de 3\/4\/5 agujeros sin agujero central","description":"Plato universal para llantas ciegas | incl. calibre medici\u00f3n entre ejes de los agujeros","thumbnail":"https:\/\/dev.codekraft.it\/ravaglioli.it\/wp-content\/uploads\/brb_media\/00509262_wheel-balancer-gar131h-mi-150x150.png","url":"https:\/\/dev.codekraft.it\/ravaglioli.it\/es\/product\/placa-de-sujecion-universal-para-llantas-de-3-4-5-agujeros-sin-agujero-central\/"},{"id":155379,"mpn":"GAR132","name":"Placa de sujeci\u00f3n de precisi\u00f3n Universal, para ruedas con 3\/4\/5 agujeros | con esp\u00e1rragos","description":"Garra universal de precisi\u00f3n","thumbnail":"https:\/\/dev.codekraft.it\/ravaglioli.it\/wp-content\/uploads\/brb_media\/00506548_gar132-150x150.png","url":"https:\/\/dev.codekraft.it\/ravaglioli.it\/es\/product\/placa-de-sujecion-de-precision-universal-para-ruedas-con-3-4-5-agujeros-con-esparragos\/"},{"id":155355,"mpn":"GAR133","name":"Esp\u00e1rragos para placas de sujeci\u00f3n | cortos","description":"Juego de casquillos cortos | 1 juego \/ 5 piezas","thumbnail":"https:\/\/dev.codekraft.it\/ravaglioli.it\/wp-content\/uploads\/brb_media\/00506549_gar133-150x150.png","url":"https:\/\/dev.codekraft.it\/ravaglioli.it\/es\/product\/esparragos-para-placas-de-sujecion-cortos\/"},{"id":155385,"mpn":"GAR142","name":"Placa de sujeci\u00f3n de precisi\u00f3n para llantas de 5 agujeros | 98 &#8211; 100 &#8211; 108 &#8211; 112 &#8211; 120,65 &#8211; 130 &#8211; 139,7 mm","description":"Plato de esp\u00e1rragos para ruedas","thumbnail":"https:\/\/dev.codekraft.it\/ravaglioli.it\/wp-content\/uploads\/brb_media\/00506567_gar142-150x150.png","url":"https:\/\/dev.codekraft.it\/ravaglioli.it\/es\/product\/placa-de-sujecion-de-precision-para-llantas-de-5-agujeros-98-100-108-112-12065-130-1397-mm\/"},{"id":154955,"mpn":"GAR199","name":"Placa de sujeci\u00f3n de precisi\u00f3n para llantas de 5 agujeros Maserati","description":"Plato de 5 esp\u00e1rragos para ruedas Maserati","thumbnail":"https:\/\/dev.codekraft.it\/ravaglioli.it\/wp-content\/uploads\/brb_media\/00506578_gar199-150x150.png","url":"https:\/\/dev.codekraft.it\/ravaglioli.it\/es\/product\/placa-de-sujecion-de-precision-para-llantas-de-5-agujeros-maserati\/"},{"id":154961,"mpn":"GAR147N","name":"Casquillos de centrado","description":"Para Renault | \u00d8 60 \/ 66 mm | 1 juego \/ 2 piezas","thumbnail":"https:\/\/dev.codekraft.it\/ravaglioli.it\/wp-content\/uploads\/brb_media\/00509264_wheel-balancer-gar147n-mi-150x150.png","url":"https:\/\/dev.codekraft.it\/ravaglioli.it\/es\/product\/casquillos-de-centrado\/"},{"id":154967,"mpn":"GAR220","name":"Casquillos de centrado","description":"Para Renault Trafic Master, incl. espesor | \u00d8 71 \/ 88,9 \/ 129,9 mm | 1 juego \/ 3 piezas","thumbnail":"https:\/\/dev.codekraft.it\/ravaglioli.it\/wp-content\/uploads\/brb_media\/00509266_wheel-balancer-gar220-mi-150x150.png","url":"https:\/\/dev.codekraft.it\/ravaglioli.it\/es\/product\/casquillos-de-centrado-2\/"},{"id":154949,"mpn":"GAR150H","name":"Casquillos de centrado para PSA | 2 etapas","description":"Para GAR131H, incl. espesor | 1 juego \/ 4 piezas","thumbnail":"https:\/\/dev.codekraft.it\/ravaglioli.it\/wp-content\/uploads\/brb_media\/00509265_wheel-balancer-gar150h-mi-150x150.png","url":"https:\/\/dev.codekraft.it\/ravaglioli.it\/es\/product\/casquillos-de-centrado-para-psa-2-etapas\/"},{"id":154973,"mpn":"GAR357","name":"Placa de sujeci\u00f3n para llantas de 5 agujeros BMW | 112 &#8211; 120 mm","description":"Juego garra con esp\u00e1rragos para ruedas de 5 agujeros BMW, incl. anillo de centrado \u00d8 66,5 mm | para todos los modelos","thumbnail":"https:\/\/dev.codekraft.it\/ravaglioli.it\/wp-content\/uploads\/brb_media\/00506584_gar357-01-150x150.png","url":"https:\/\/dev.codekraft.it\/ravaglioli.it\/es\/product\/placa-de-sujecion-para-llantas-de-5-agujeros-bmw-112-120-mm\/"},{"id":155391,"mpn":"GAR181N","name":"Garra universal","description":"Para motos | con eje, \u00d8 14 mm, y acesorios | Se requiere GAR181A1","thumbnail":"https:\/\/dev.codekraft.it\/ravaglioli.it\/wp-content\/uploads\/brb_media\/00506596_gar181n-150x150.png","url":"https:\/\/dev.codekraft.it\/ravaglioli.it\/es\/product\/garra-universal\/"},{"id":155403,"mpn":"GAR354","name":"Garra universal","description":"Para motos | sin eje y acesorios | Se requiere GAR181A1","thumbnail":"https:\/\/dev.codekraft.it\/ravaglioli.it\/wp-content\/uploads\/brb_media\/00506597_gar354-150x150.png","url":"https:\/\/dev.codekraft.it\/ravaglioli.it\/es\/product\/garra-universal-2\/"},{"id":155027,"mpn":"GAR356","name":"Eje de centrado para motos | \u00d8 10 mm","description":"Completo de eje, 2 conos. 6 espesores, garra de centrado y 2 bujes | GAR181N o GAR354 requerido","thumbnail":"https:\/\/dev.codekraft.it\/ravaglioli.it\/wp-content\/uploads\/brb_media\/00506574_gar182n-150x150.png","url":"https:\/\/dev.codekraft.it\/ravaglioli.it\/es\/product\/eje-de-centrado-para-motos-o-10-mm\/"},{"id":155033,"mpn":"GAR182N","name":"Eje de centrado para motos | \u00d8 12 mm","description":"Completo de eje, 2 conos. 6 espesores, garra de centrado y 2 bujes | GAR181N o GAR354 requerido","thumbnail":"https:\/\/dev.codekraft.it\/ravaglioli.it\/wp-content\/uploads\/brb_media\/00506574_gar182n-150x150.png","url":"https:\/\/dev.codekraft.it\/ravaglioli.it\/es\/product\/eje-de-centrado-para-motos-o-12-mm\/"},{"id":155039,"mpn":"GAR184N","name":"Eje de centrado para motos | alargado, \u00d8 14 mm","description":"Completo de eje, 2 espesores y garra de centrado | GAR181N o GAR354 requerido","thumbnail":"https:\/\/dev.codekraft.it\/ravaglioli.it\/wp-content\/uploads\/brb_media\/00506594_gar184n-150x150.png","url":"https:\/\/dev.codekraft.it\/ravaglioli.it\/es\/product\/eje-de-centrado-para-motos-alargado-o-14-mm\/"},{"id":155409,"mpn":"GAR191N","name":"Eje de centrado para motos con horquilla mono brazo | \u00d8 19 mm","description":"Completo de eje, 2 espesores y garra de centrado | GAR181N o GAR354 requerido","thumbnail":"https:\/\/dev.codekraft.it\/ravaglioli.it\/wp-content\/uploads\/brb_media\/00506595_gar191n-150x150.png","url":"https:\/\/dev.codekraft.it\/ravaglioli.it\/es\/product\/eje-de-centrado-para-motos-con-horquilla-mono-brazo-o-19-mm\/"},{"id":155045,"mpn":"GAR181AN","name":"Casquillos de centrado para plato universal moto","description":"Se requiere GAR354 o GAR181N | 1 juego \/ 18 piezas","thumbnail":"https:\/\/dev.codekraft.it\/ravaglioli.it\/wp-content\/uploads\/brb_media\/00506573_gar181an-150x150.png","url":"https:\/\/dev.codekraft.it\/ravaglioli.it\/es\/product\/casquillos-de-centrado-para-plato-universal-moto\/"},{"id":155051,"mpn":"GAR183N","name":"Conos de centrado para motos esc\u00fater | \u00d8 16 &#8211; 45 mm | 1 juego \/ 2 piezas","description":"Se requiere GAR354 o GAR181N","thumbnail":"https:\/\/dev.codekraft.it\/ravaglioli.it\/wp-content\/uploads\/brb_media\/00431002_wheel-balancer-centering-cone-motorcycles-di-gar183n-150x150.png","url":"https:\/\/dev.codekraft.it\/ravaglioli.it\/es\/product\/conos-de-centrado-para-motos-escuter-o-16-45-mm-1-juego-2-piezas\/"},{"id":155057,"mpn":"GAR193N","name":"Cono de centrado para Ducati 916-996-998-Monster SR2-SR4","description":"Casquillo de centrado | opci\u00f3n para garra universal GAR181N o GAR191N","thumbnail":"https:\/\/dev.codekraft.it\/ravaglioli.it\/wp-content\/uploads\/brb_media\/00506593_gar193n-150x150.png","url":"https:\/\/dev.codekraft.it\/ravaglioli.it\/es\/product\/cono-de-centrado-para-ducati-916-996-998-monster-sr2-sr4\/"},{"id":155063,"mpn":"GAR194N","name":"Cono de centrado para Honda NTV 650 REVERE","description":"Casquillo de centrado | opci\u00f3n para garra universal GAR181N o GAR191N","thumbnail":"https:\/\/dev.codekraft.it\/ravaglioli.it\/wp-content\/uploads\/brb_media\/00506591_gar194n-150x150.png","url":"https:\/\/dev.codekraft.it\/ravaglioli.it\/es\/product\/cono-de-centrado-para-honda-ntv-650-revere\/"},{"id":155069,"mpn":"GAR195N","name":"Cono de centrado para Honda VFR 750","description":"Casquillo de centrado | opci\u00f3n para garra universal GAR181N o GAR191N","thumbnail":"https:\/\/dev.codekraft.it\/ravaglioli.it\/wp-content\/uploads\/brb_media\/00506592_gar195n-150x150.png","url":"https:\/\/dev.codekraft.it\/ravaglioli.it\/es\/product\/cono-de-centrado-para-honda-vfr-750\/"},{"id":155075,"mpn":"GAR196N","name":"Cono de centrado para Yamaha GTS 1000","description":"Casquillo de centrado | opci\u00f3n para garra universal GAR181N o GAR191N","thumbnail":"https:\/\/dev.codekraft.it\/ravaglioli.it\/wp-content\/uploads\/brb_media\/00506590_gar196n-150x150.png","url":"https:\/\/dev.codekraft.it\/ravaglioli.it\/es\/product\/cono-de-centrado-para-yamaha-gts-1000\/"},{"id":155081,"mpn":"GAR197N","name":"Conos de centrado para Harley Davidson | 1 juego \/ 2 piezas","description":"Casquillos de centrado | opci\u00f3n para garra universal GAR181N o GAR191N","thumbnail":"https:\/\/dev.codekraft.it\/ravaglioli.it\/wp-content\/uploads\/brb_media\/00506577_gar197-150x150.png","url":"https:\/\/dev.codekraft.it\/ravaglioli.it\/es\/product\/conos-de-centrado-para-harley-davidson-1-juego-2-piezas\/"},{"id":155087,"mpn":"GAR198N","name":"Conos de centrado para Suzuki GSX R","description":"Opci\u00f3n para garra universal GAR181N o GAR191N | 1 juego \/ 6 piezas","thumbnail":"https:\/\/dev.codekraft.it\/ravaglioli.it\/wp-content\/uploads\/brb_media\/00431008_wheel-balancer-centering-cone-suzuki-di-gar198n-150x150.png","url":"https:\/\/dev.codekraft.it\/ravaglioli.it\/es\/product\/conos-de-centrado-para-suzuki-gsx-r\/"}],"components":[],"delivery":[{"id":153578,"mpn":"GAR306","name":"Detector de ancho rueda autom\u00e1tico","description":"","thumbnail":"https:\/\/dev.codekraft.it\/ravaglioli.it\/wp-content\/uploads\/brb_media\/00506598_gar301-mi-150x150.png","url":"https:\/\/dev.codekraft.it\/ravaglioli.it\/es\/product\/detector-de-ancho-rueda-automatico\/"},{"id":153506,"mpn":"GAR345","name":"Tuerca de sujeci\u00f3n r\u00e1pida con anillo de presi\u00f3n","description":"Centrado doble, garra r\u00e1pida, para todas las versiones NO neum\u00e1ticas","thumbnail":"https:\/\/dev.codekraft.it\/ravaglioli.it\/wp-content\/uploads\/brb_media\/00509274_wheel-balancer-gar345-mi-150x150.png","url":"https:\/\/dev.codekraft.it\/ravaglioli.it\/es\/product\/tuerca-de-sujecion-rapida-con-anillo-de-presion-2\/"},{"id":154823,"mpn":"GAR111","name":"Conos de centrado para turismo","description":"Incluido copa de protecci\u00f3n | \u00d8 44 - 112 mm | 1 juego \/ 3 piezas","thumbnail":"https:\/\/dev.codekraft.it\/ravaglioli.it\/wp-content\/uploads\/brb_media\/00509259_wheel-balancer-gar111-mi-150x150.png","url":"https:\/\/dev.codekraft.it\/ravaglioli.it\/es\/product\/conos-de-centrado-para-turismo\/"}],"package":[],"related":[],"similar":[{"id":154344,"mpn":"RAV.G2124.201317","name":"Equilibradora de ruedas electr\u00f3nica con microprocesador G2.124NWSPLUS","description":"Pantalla LCD interactiva, turismo, di\u00e1metro de llanta 10 - 26\u2033 | Azul (RAL 5005)","thumbnail":"https:\/\/dev.codekraft.it\/ravaglioli.it\/wp-content\/uploads\/brb_media\/00508749_wheel-balancer-g2124nwsplus-mi-150x150.png","url":"https:\/\/dev.codekraft.it\/ravaglioli.it\/es\/product\/equilibradora-de-ruedas-electronica-con-microprocesador-g2-124nwsplus\/"},{"id":154387,"mpn":"RAV.G3128.201300","name":"Equilibradora de ruedas electr\u00f3nica con microprocesador GP3.128NR","description":"2D, pantalla t\u00e1ctil 7\u2033, cierre neum\u00e1tico, turismo, di\u00e1metro de llanta 10 - 26\u2033 | Azul (RAL 5005)","thumbnail":"https:\/\/dev.codekraft.it\/ravaglioli.it\/wp-content\/uploads\/brb_media\/00509559_wheel-balancer-g3128nr-gp3128nr-mi-01-150x150.png","url":"https:\/\/dev.codekraft.it\/ravaglioli.it\/es\/product\/equilibradora-de-ruedas-electronica-con-microprocesador-gp3-128nr\/"},{"id":154369,"mpn":"RAV.G2140.201454","name":"Equilibradora de ruedas electr\u00f3nica con microprocesador G2.140R","description":"Monitor LCD, brazo de medici\u00f3n 2D para la medici\u00f3n autom\u00e1tica del ancho de las ruedas y del di\u00e1metro de las llantas, turismo, di\u00e1metro de llanta 10 - 26\u2033 | Azul (RAL 5005)","thumbnail":"https:\/\/dev.codekraft.it\/ravaglioli.it\/wp-content\/uploads\/brb_media\/00509116_wheel-balancer-g2-140r-mi-150x150.png","url":"https:\/\/dev.codekraft.it\/ravaglioli.it\/es\/product\/equilibradora-de-ruedas-electronica-con-microprocesador-g2-140r\/"},{"id":154399,"mpn":"RAV.GTL4C.201256","name":"Equilibradora de ruedas GTL4.140RC","description":"Monitor LCD Full HD de 22\u2033, PC industrial, ciclo autom\u00e1tico, incl. conos para camiones pesados (\u00d8 202 - 221 mm, 281 mm), adaptador, garra tipo volante y elevador de ruedas (200 kg), cami\u00f3n, di\u00e1metro de llanta 10 - 26\/30\u2033 (autom\u00e1tica\/manual)","thumbnail":"https:\/\/dev.codekraft.it\/ravaglioli.it\/wp-content\/uploads\/brb_media\/00509236_wheel-balancer-gtl4-140rc-mi-150x150.png","url":"https:\/\/dev.codekraft.it\/ravaglioli.it\/es\/product\/equilibradora-de-ruedas-gtl4-140rc\/"},{"id":154405,"mpn":"RAV.GTL2C.200846","name":"Equilibradora de ruedas GTL2.120NRC","description":"Pantalla gr\u00e1fica LCD retroiluminada (132 x 40 mm), ciclo autom\u00e1tico, incl. conos para camiones pesados (\u00d8 202 - 221 mm, 281 mm), adaptador, garra tipo volante y elevador de ruedas (200 kg), cami\u00f3n, di\u00e1metro de llanta 10 - 26\/30\u2033 (autom\u00e1tica\/manual)","thumbnail":"https:\/\/dev.codekraft.it\/ravaglioli.it\/wp-content\/uploads\/brb_media\/00509235_wheel-balancer-gtl2-120nrc-mi-150x150.png","url":"https:\/\/dev.codekraft.it\/ravaglioli.it\/es\/product\/equilibradora-de-ruedas-gtl2-120nrc\/"}],"page_logo_src":"https:\/\/dev.codekraft.it\/ravaglioli.it\/wp-content\/uploads\/2026\/04\/rav-negative-logo-1.png","lang":"es","translations":{"es":154350,"en":154346,"de":154347,"fr":154348,"it":154349,"ru":154351},"pll_sync_post":[],"_links":{"self":[{"href":"https:\/\/dev.codekraft.it\/ravaglioli.it\/wp-json\/wp\/v2\/product\/154350","targetHints":{"allow":["GET"]}}],"collection":[{"href":"https:\/\/dev.codekraft.it\/ravaglioli.it\/wp-json\/wp\/v2\/product"}],"about":[{"href":"https:\/\/dev.codekraft.it\/ravaglioli.it\/wp-json\/wp\/v2\/types\/product"}],"wp:featuredmedia":[{"embeddable":true,"href":"https:\/\/dev.codekraft.it\/ravaglioli.it\/wp-json\/wp\/v2\/media\/43261"}],"wp:attachment":[{"href":"https:\/\/dev.codekraft.it\/ravaglioli.it\/wp-json\/wp\/v2\/media?parent=154350"}],"wp:term":[{"taxonomy":"product_brand","embeddable":true,"href":"https:\/\/dev.codekraft.it\/ravaglioli.it\/wp-json\/wp\/v2\/product_brand?post=154350"},{"taxonomy":"product_cat","embeddable":true,"href":"https:\/\/dev.codekraft.it\/ravaglioli.it\/wp-json\/wp\/v2\/product_cat?post=154350"},{"taxonomy":"product_tag","embeddable":true,"href":"https:\/\/dev.codekraft.it\/ravaglioli.it\/wp-json\/wp\/v2\/product_tag?post=154350"},{"taxonomy":"product_approvals","embeddable":true,"href":"https:\/\/dev.codekraft.it\/ravaglioli.it\/wp-json\/wp\/v2\/product_approvals?post=154350"},{"taxonomy":"product_application","embeddable":true,"href":"https:\/\/dev.codekraft.it\/ravaglioli.it\/wp-json\/wp\/v2\/product_application?post=154350"}],"curies":[{"name":"wp","href":"https:\/\/api.w.org\/{rel}","templated":true}]}}