{"id":154347,"date":"2025-11-20T10:26:31","date_gmt":"2025-11-20T10:26:31","guid":{"rendered":"https:\/\/dev.codekraft.it\/ravaglioli.it\/product\/elektronische-mikroprozessorgesteuerte-radauswuchtmaschine-g2-124nr\/"},"modified":"2026-01-14T21:15:18","modified_gmt":"2026-01-14T21:15:18","slug":"elektronische-mikroprozessorgesteuerte-radauswuchtmaschine-g2-124nr","status":"publish","type":"product","link":"https:\/\/dev.codekraft.it\/ravaglioli.it\/de\/product\/elektronische-mikroprozessorgesteuerte-radauswuchtmaschine-g2-124nr\/","title":{"rendered":"Elektronische mikroprozessorgesteuerte Radauswuchtmaschine G2.124NR"},"content":{"rendered":"<ul>\n<li>Mit automatischem Programmablauf, mit Speicherung aller Messwerte: ALU S und PAX-Programm verlaufen automatisch<\/li>\n<li>Software-gef\u00fchrte Laufruheoptimierung<\/li>\n<li>Feststellbremspedal f\u00fcr die Arretierung des Rades w\u00e4hrend der Platzierung der Gewichte<\/li>\n<li>Eco-Weight: Ein modernes System f\u00fcr die Gewichteminimierung<\/li>\n<\/ul>\n<ul>\n<li>Taster f\u00fcr automatische \u00dcbernahme von Abstand und Durchmesser<\/li>\n<li>Automatisches ALU S &#8211; Programm<\/li>\n<li>Programm f\u00fcr die Hinter-Speichen-Plazierung<\/li>\n<\/ul>\n","protected":false},"excerpt":{"rendered":"<p>Interaktives LCD-Display, Pkw, Felgendurchmesser 10 &#8211; 26\u2033 | Blau (RAL 5005)<\/p>\n","protected":false},"featured_media":43261,"template":"","meta":[],"product_brand":[],"product_cat":[57948],"product_tag":[58287,63154,58323],"product_approvals":[],"product_application":[],"class_list":{"0":"post-154347","1":"product","2":"type-product","3":"status-publish","4":"has-post-thumbnail","6":"product_cat-radauswuchtmaschinen-de","7":"product_tag-passenger-cars-de","8":"product_tag-quickship-de","9":"product_tag-light-commercial-de","11":"first","12":"instock","13":"shipping-taxable","14":"product-type-simple"},"approvals":[],"application":[],"brb_media_brochure":[{"id":150491,"url":"https:\/\/dev.codekraft.it\/ravaglioli.it\/wp-content\/uploads\/brb_media\/00521678_wheel-balancers-g2_gp2-124nr-br-2023-09-multi-screen.pdf","title":"Wheel Balancers G2 GP2 124NR BR 2023 09 multi screen","mpn":"","thumbnail":"https:\/\/dev.codekraft.it\/ravaglioli.it\/wp-content\/uploads\/brb_media\/00521678_wheel-balancers-g2_gp2-124nr-br-2023-09-multi-screen-pdf-106x150.png","description":""}],"brb_media_drawing":"","brb_media_manuals":[{"id":150492,"url":"https:\/\/dev.codekraft.it\/ravaglioli.it\/wp-content\/uploads\/brb_media\/00548907_wheel-balancers-librak240-librak345-librak338-librak328-g2114-g2116-g2120-g2121-t2020-2d-wb430-easy-g2124-gtl2120-er328-er448-erl240-im-1296-m027-02_vsg_rev03-multi-2024-12.pdf","title":"Wheel Balancers LIBRAK240 LIBRAK345 LIBRAK338 LIBRAK328 G2114 G2116 G2120 G2121 T2020 2D WB430 EASY G2124 GTL2120 ER328 ER448 ERL240 IM 1296 M027 02 VSG rev03 multi 2024 12","mpn":"","thumbnail":"https:\/\/dev.codekraft.it\/ravaglioli.it\/wp-content\/uploads\/brb_media\/00548907_wheel-balancers-librak240-librak345-librak338-librak328-g2114-g2116-g2120-g2121-t2020-2d-wb430-easy-g2124-gtl2120-er328-er448-erl240-im-1296-m027-02_vsg_rev03-multi-2024-12-pdf-106x150.png","description":""}],"brb_media_safety_datasheets":"","brb_media_spare_parts":[],"_cdmm_p_id":"502557","_company":"Ravaglioli","_gtin":"5063084201362","accessories":[{"id":154335,"mpn":"129794160","name":"Feste Lasergruppe + Beleuchtung","description":"","thumbnail":"","url":"https:\/\/dev.codekraft.it\/ravaglioli.it\/de\/product\/feste-lasergruppe-beleuchtung\/"},{"id":153575,"mpn":"GAR306","name":"Automatischer Felgenbreitentaster","description":"","thumbnail":"https:\/\/dev.codekraft.it\/ravaglioli.it\/wp-content\/uploads\/brb_media\/00506598_gar301-mi-150x150.png","url":"https:\/\/dev.codekraft.it\/ravaglioli.it\/de\/product\/automatischer-felgenbreitentaster\/"},{"id":152569,"mpn":"GAR369","name":"Kalibriervorrichtung f\u00fcr Wuchtwelle","description":"Kalibrierkit f\u00fcr Radauswuchtmaschinen f\u00fcr Pkw und Lkw","thumbnail":"","url":"https:\/\/dev.codekraft.it\/ravaglioli.it\/de\/product\/kalibriervorrichtung-fur-wuchtwelle\/"},{"id":153497,"mpn":"GAR101","name":"Schnellspannmutter mit Pressring","description":"Doppelte Zentrierung","thumbnail":"https:\/\/dev.codekraft.it\/ravaglioli.it\/wp-content\/uploads\/brb_media\/00509256_wheel-balancer-gar101-mi-150x150.png","url":"https:\/\/dev.codekraft.it\/ravaglioli.it\/de\/product\/schnellspannmutter-mit-pressring\/"},{"id":152431,"mpn":"GAR104","name":"Spannmutter f\u00fcr Pkw | mit Pressring","description":"Doppelte Zentrierung","thumbnail":"https:\/\/dev.codekraft.it\/ravaglioli.it\/wp-content\/uploads\/brb_media\/00506557_gar104-150x150.png","url":"https:\/\/dev.codekraft.it\/ravaglioli.it\/de\/product\/spannmutter-fur-pkw-mit-pressring\/"},{"id":152975,"mpn":"GAR105","name":"Spannmutter mit Handrad und Pressring | f\u00fcr Pkw","description":"Doppelte Zentrierung","thumbnail":"https:\/\/dev.codekraft.it\/ravaglioli.it\/wp-content\/uploads\/brb_media\/00506558_gar105-mi-150x150.png","url":"https:\/\/dev.codekraft.it\/ravaglioli.it\/de\/product\/spannmutter-mit-handrad-und-pressring-fur-pkw\/"},{"id":153065,"mpn":"GAR155","name":"Pr\u00e4zisions-Zentrierkonen \u00d8 42,5 &#8211; 78 mm","description":"F\u00fcr Radauswuchtmaschinen | 1 Satz \/ 5 St\u00fcck","thumbnail":"https:\/\/dev.codekraft.it\/ravaglioli.it\/wp-content\/uploads\/brb_media\/00506571_gar155-150x150.png","url":"https:\/\/dev.codekraft.it\/ravaglioli.it\/de\/product\/prazisions-zentrierkonen-o-425-78-mm\/"},{"id":152027,"mpn":"GAR148N","name":"Zentrierh\u00fclse f\u00fcr BMW, Mercedes Benz, Audi, Opel | stufenf\u00f6rmig | \u00d8 56 &#8211; 57 &#8211; 66,5 &#8211; 72,5 &#8211; 72,6 &#8211; 74 &#8211; 74,1 mm","description":"","thumbnail":"https:\/\/dev.codekraft.it\/ravaglioli.it\/wp-content\/uploads\/brb_media\/00430978_wheel-balancer-centering-cone-step-shaped-di-gar148n-150x150.png","url":"https:\/\/dev.codekraft.it\/ravaglioli.it\/de\/product\/zentrierhulse-fur-bmw-mercedes-benz-audi-opel-stufenformig-o-56-57-665-725-726-74-741-mm\/"},{"id":153756,"mpn":"GAR192N","name":"Zentrierkonus f\u00fcr BMW","description":"Option f\u00fcr Universalflansch GAR181N oder GAR191N","thumbnail":"https:\/\/dev.codekraft.it\/ravaglioli.it\/wp-content\/uploads\/brb_media\/00506576_gar192n-150x150.png","url":"https:\/\/dev.codekraft.it\/ravaglioli.it\/de\/product\/zentrierkonus-fur-bmw\/"},{"id":155358,"mpn":"GAR324","name":"Radheber mit automatischem Gewichtsausgleich","description":"80 kg, Pkw","thumbnail":"https:\/\/dev.codekraft.it\/ravaglioli.it\/wp-content\/uploads\/brb_media\/00509271_wheel-balancer-gar324-mi-150x150.png","url":"https:\/\/dev.codekraft.it\/ravaglioli.it\/de\/product\/radheber-mit-automatischem-gewichtsausgleich\/"},{"id":155346,"mpn":"GAR325","name":"Radheber Standard","description":"80 kg, Pkw","thumbnail":"https:\/\/dev.codekraft.it\/ravaglioli.it\/wp-content\/uploads\/brb_media\/00373626_wheel-balancer-standard-wheel-lift-di-150x150.png","url":"https:\/\/dev.codekraft.it\/ravaglioli.it\/de\/product\/radheber-standard\/"},{"id":155334,"mpn":"GAR112","name":"Zentrierkonus","description":"F\u00fcr Gel\u00e4ndewagen | \u00d8 95 - 132 mm","thumbnail":"https:\/\/dev.codekraft.it\/ravaglioli.it\/wp-content\/uploads\/brb_media\/00549107_wheel-balancers-gar112-mi-150x150.png","url":"https:\/\/dev.codekraft.it\/ravaglioli.it\/de\/product\/zentrierkonus\/"},{"id":155370,"mpn":"GAR113","name":"Zentrierkonus f\u00fcr Lieferwagen und LLkw | \u00d8 118 &#8211; 174 mm","description":"Inkl. Distanzst\u00fcck","thumbnail":"https:\/\/dev.codekraft.it\/ravaglioli.it\/wp-content\/uploads\/brb_media\/00509261_wheel-balancer-gar113-mi-150x150.png","url":"https:\/\/dev.codekraft.it\/ravaglioli.it\/de\/product\/zentrierkonus-fur-lieferwagen-und-llkw-o-118-174-mm\/"},{"id":155364,"mpn":"GAR323","name":"Doppel-Zentrierkonus f\u00fcr Gel\u00e4ndewagen | \u00d8 124 &#8211; 128 \/ 122 &#8211; 126 mm","description":"","thumbnail":"https:\/\/dev.codekraft.it\/ravaglioli.it\/wp-content\/uploads\/brb_media\/00506561_gar323-mi-150x150.png","url":"https:\/\/dev.codekraft.it\/ravaglioli.it\/de\/product\/doppel-zentrierkonus-fur-gelandewagen-o-124-128-122-126-mm\/"},{"id":154976,"mpn":"GAR121","name":"Radschutzscheibe","description":"","thumbnail":"https:\/\/dev.codekraft.it\/ravaglioli.it\/wp-content\/uploads\/brb_media\/00506564_gar121-150x150.png","url":"https:\/\/dev.codekraft.it\/ravaglioli.it\/de\/product\/radschutzscheibe\/"},{"id":154940,"mpn":"GAR131H","name":"Typenspannplatte Universal | f\u00fcr 3\/4\/5-Loch-Felgen ohne Mittenloch","description":"Universalflansch | komplett mit Lochabstandsmesser","thumbnail":"https:\/\/dev.codekraft.it\/ravaglioli.it\/wp-content\/uploads\/brb_media\/00509262_wheel-balancer-gar131h-mi-150x150.png","url":"https:\/\/dev.codekraft.it\/ravaglioli.it\/de\/product\/typenspannplatte-universal-fur-3-4-5-loch-felgen-ohne-mittenloch\/"},{"id":155376,"mpn":"GAR132","name":"Pr\u00e4zisions-Typenspannplatte Universal, f\u00fcr 3\/4\/5-Lochfelgen | inkl. Zentrierbolzen","description":"Universaltypenflansch mit Bolzen","thumbnail":"https:\/\/dev.codekraft.it\/ravaglioli.it\/wp-content\/uploads\/brb_media\/00506548_gar132-150x150.png","url":"https:\/\/dev.codekraft.it\/ravaglioli.it\/de\/product\/prazisions-typenspannplatte-universal-fur-3-4-5-lochfelgen-inkl-zentrierbolzen\/"},{"id":155352,"mpn":"GAR133","name":"Zentrierbolzen f\u00fcr Typenspannplatte | kurz","description":"Satz kurzer Bolzen | 1 Satz \/ 5 St\u00fcck","thumbnail":"https:\/\/dev.codekraft.it\/ravaglioli.it\/wp-content\/uploads\/brb_media\/00506549_gar133-150x150.png","url":"https:\/\/dev.codekraft.it\/ravaglioli.it\/de\/product\/zentrierbolzen-fur-typenspannplatte-kurz\/"},{"id":155382,"mpn":"GAR142","name":"Pr\u00e4zisions-Typenspannplatte f\u00fcr Lkw mit 5-Loch-Felgen | 98 &#8211; 100 &#8211; 108 &#8211; 112 &#8211; 120,65 &#8211; 130 &#8211; 139,7 mm","description":"5-Loch-Typenflansch","thumbnail":"https:\/\/dev.codekraft.it\/ravaglioli.it\/wp-content\/uploads\/brb_media\/00506567_gar142-150x150.png","url":"https:\/\/dev.codekraft.it\/ravaglioli.it\/de\/product\/prazisions-typenspannplatte-fur-lkw-mit-5-loch-felgen-98-100-108-112-12065-130-1397-mm\/"},{"id":154952,"mpn":"GAR199","name":"Pr\u00e4zisions-Typenspannplatte f\u00fcr Maserati mit 5-Loch-Felgen","description":"5-Loch-Typenflansch","thumbnail":"https:\/\/dev.codekraft.it\/ravaglioli.it\/wp-content\/uploads\/brb_media\/00506578_gar199-150x150.png","url":"https:\/\/dev.codekraft.it\/ravaglioli.it\/de\/product\/prazisions-typenspannplatte-fur-maserati-mit-5-loch-felgen\/"},{"id":154958,"mpn":"GAR147N","name":"Zentrierh\u00fclsen","description":"F\u00fcr Renault | \u00d8 60 \/ 66 mm | 1 Satz \/ 2 St\u00fcck","thumbnail":"https:\/\/dev.codekraft.it\/ravaglioli.it\/wp-content\/uploads\/brb_media\/00509264_wheel-balancer-gar147n-mi-150x150.png","url":"https:\/\/dev.codekraft.it\/ravaglioli.it\/de\/product\/zentrierhulsen\/"},{"id":154964,"mpn":"GAR220","name":"Zentrierh\u00fclsen","description":"F\u00fcr Renault Trafic Master, inkl. Distanzst\u00fcck | \u00d8 71 \/ 88,9 \/ 129,9 mm | 1 Satz \/ 3 St\u00fcck","thumbnail":"https:\/\/dev.codekraft.it\/ravaglioli.it\/wp-content\/uploads\/brb_media\/00509266_wheel-balancer-gar220-mi-150x150.png","url":"https:\/\/dev.codekraft.it\/ravaglioli.it\/de\/product\/zentrierhulsen-2\/"},{"id":154946,"mpn":"GAR150H","name":"Zentrierh\u00fclsen f\u00fcr PSA | zweistufig","description":"F\u00fcr GAR131H, inkl. Distanzst\u00fcck | 1 Satz \/ 4 St\u00fcck","thumbnail":"https:\/\/dev.codekraft.it\/ravaglioli.it\/wp-content\/uploads\/brb_media\/00509265_wheel-balancer-gar150h-mi-150x150.png","url":"https:\/\/dev.codekraft.it\/ravaglioli.it\/de\/product\/zentrierhulsen-fur-psa-zweistufig\/"},{"id":154970,"mpn":"GAR357","name":"Typenspannplatte f\u00fcr BMW 5-Loch-Felgen | 112 &#8211; 120 mm","description":"5-Loch-Typenflansch, inkl. Zentrierring \u00d8 66,5 mm | f\u00fcr alle Modelle","thumbnail":"https:\/\/dev.codekraft.it\/ravaglioli.it\/wp-content\/uploads\/brb_media\/00506584_gar357-01-150x150.png","url":"https:\/\/dev.codekraft.it\/ravaglioli.it\/de\/product\/typenspannplatte-fur-bmw-5-loch-felgen-112-120-mm\/"},{"id":155388,"mpn":"GAR181N","name":"Universalflansch","description":"F\u00fcr Motorr\u00e4der | mit Welle, \u00d8 14 mm, und Zubeh\u00f6r | GAR181A1 erforderlich","thumbnail":"https:\/\/dev.codekraft.it\/ravaglioli.it\/wp-content\/uploads\/brb_media\/00506596_gar181n-150x150.png","url":"https:\/\/dev.codekraft.it\/ravaglioli.it\/de\/product\/universalflansch\/"},{"id":155400,"mpn":"GAR354","name":"Universalflansch","description":"F\u00fcr Motorr\u00e4der | ohne Welle und Zubeh\u00f6r | GAR181A1 erforderlich","thumbnail":"https:\/\/dev.codekraft.it\/ravaglioli.it\/wp-content\/uploads\/brb_media\/00506597_gar354-150x150.png","url":"https:\/\/dev.codekraft.it\/ravaglioli.it\/de\/product\/universalflansch-2\/"},{"id":155024,"mpn":"GAR356","name":"Zentrierwelle f\u00fcr Motorr\u00e4der | \u00d8 10 mm","description":"Komplett mit Welle, 2 Konen, 6 Distanzst\u00fccken, Spannmutter und 2 Zentrierbuchsen | GAR181N oder GAR354 erforderlich","thumbnail":"https:\/\/dev.codekraft.it\/ravaglioli.it\/wp-content\/uploads\/brb_media\/00506574_gar182n-150x150.png","url":"https:\/\/dev.codekraft.it\/ravaglioli.it\/de\/product\/zentrierwelle-fur-motorrader-o-10-mm\/"},{"id":155030,"mpn":"GAR182N","name":"Zentrierwelle f\u00fcr Motorr\u00e4der | \u00d8 12 mm","description":"Komplett mit Welle, 2 Konen, 6 Distanzst\u00fccken, Spannmutter und 2 Zentrierbuchsen | GAR181N oder GAR354 erforderlich","thumbnail":"https:\/\/dev.codekraft.it\/ravaglioli.it\/wp-content\/uploads\/brb_media\/00506574_gar182n-150x150.png","url":"https:\/\/dev.codekraft.it\/ravaglioli.it\/de\/product\/zentrierwelle-fur-motorrader-o-12-mm\/"},{"id":155036,"mpn":"GAR184N","name":"Zentrierwelle f\u00fcr Motorr\u00e4der | lang, \u00d8 14 mm","description":"Komplett mit langer Welle (318 mm), 2 Distanzst\u00fccken und Spannmutter | GAR181N oder GAR354 erforderlich","thumbnail":"https:\/\/dev.codekraft.it\/ravaglioli.it\/wp-content\/uploads\/brb_media\/00506594_gar184n-150x150.png","url":"https:\/\/dev.codekraft.it\/ravaglioli.it\/de\/product\/zentrierwelle-fur-motorrader-lang-o-14-mm\/"},{"id":155406,"mpn":"GAR191N","name":"Zentrierwelle f\u00fcr Motorr\u00e4der mit Einarmgabel | \u00d8 19 mm","description":"Komplett mit Welle, 2 Distanzst\u00fccken und Spannmutter | GAR181N oder GAR354 erforderlich","thumbnail":"https:\/\/dev.codekraft.it\/ravaglioli.it\/wp-content\/uploads\/brb_media\/00506595_gar191n-150x150.png","url":"https:\/\/dev.codekraft.it\/ravaglioli.it\/de\/product\/zentrierwelle-fur-motorrader-mit-einarmgabel-o-19-mm\/"},{"id":155042,"mpn":"GAR181AN","name":"Zentrierh\u00fclsen f\u00fcr Motorrad-Universalflansch","description":"GAR181N oder GAR354 erforderlich | 1 Satz \/ 18 St\u00fcck","thumbnail":"https:\/\/dev.codekraft.it\/ravaglioli.it\/wp-content\/uploads\/brb_media\/00506573_gar181an-150x150.png","url":"https:\/\/dev.codekraft.it\/ravaglioli.it\/de\/product\/zentrierhulsen-fur-motorrad-universalflansch\/"},{"id":155048,"mpn":"GAR183N","name":"Zentrierkonen f\u00fcr Motorradroller | \u00d8 16 &#8211; 45 mm | 1 Satz \/ 2 St\u00fcck","description":"GAR181N oder GAR354 erforderlich","thumbnail":"https:\/\/dev.codekraft.it\/ravaglioli.it\/wp-content\/uploads\/brb_media\/00431002_wheel-balancer-centering-cone-motorcycles-di-gar183n-150x150.png","url":"https:\/\/dev.codekraft.it\/ravaglioli.it\/de\/product\/zentrierkonen-fur-motorradroller-o-16-45-mm-1-satz-2-stuck\/"},{"id":155054,"mpn":"GAR193N","name":"Zentrierkonus f\u00fcr Ducati 916-996-998-Monster SR2-SR4","description":"Option f\u00fcr Universalflansch GAR181N oder GAR191N","thumbnail":"https:\/\/dev.codekraft.it\/ravaglioli.it\/wp-content\/uploads\/brb_media\/00506593_gar193n-150x150.png","url":"https:\/\/dev.codekraft.it\/ravaglioli.it\/de\/product\/zentrierkonus-fur-ducati-916-996-998-monster-sr2-sr4\/"},{"id":155060,"mpn":"GAR194N","name":"Zentrierkonus f\u00fcr Honda NTV 650 REVERE","description":"Option f\u00fcr Universalflansch GAR181N oder GAR191N","thumbnail":"https:\/\/dev.codekraft.it\/ravaglioli.it\/wp-content\/uploads\/brb_media\/00506591_gar194n-150x150.png","url":"https:\/\/dev.codekraft.it\/ravaglioli.it\/de\/product\/zentrierkonus-fur-honda-ntv-650-revere\/"},{"id":155066,"mpn":"GAR195N","name":"Zentrierkonus f\u00fcr Honda VFR 750","description":"Option f\u00fcr Universalflansch GAR181N oder GAR191N","thumbnail":"https:\/\/dev.codekraft.it\/ravaglioli.it\/wp-content\/uploads\/brb_media\/00506592_gar195n-150x150.png","url":"https:\/\/dev.codekraft.it\/ravaglioli.it\/de\/product\/zentrierkonus-fur-honda-vfr-750\/"},{"id":155072,"mpn":"GAR196N","name":"Zentrierkonus f\u00fcr Yamaha GTS 1000","description":"Option f\u00fcr Universalflansch GAR181N oder GAR191N","thumbnail":"https:\/\/dev.codekraft.it\/ravaglioli.it\/wp-content\/uploads\/brb_media\/00506590_gar196n-150x150.png","url":"https:\/\/dev.codekraft.it\/ravaglioli.it\/de\/product\/zentrierkonus-fur-yamaha-gts-1000\/"},{"id":155078,"mpn":"GAR197N","name":"Zentrierkonen f\u00fcr Harley Davidson | 1 Satz \/ 2 St\u00fcck","description":"Option f\u00fcr Universalflansch GAR181N oder GAR191N","thumbnail":"https:\/\/dev.codekraft.it\/ravaglioli.it\/wp-content\/uploads\/brb_media\/00506577_gar197-150x150.png","url":"https:\/\/dev.codekraft.it\/ravaglioli.it\/de\/product\/zentrierkonen-fur-harley-davidson-1-satz-2-stuck\/"},{"id":155084,"mpn":"GAR198N","name":"Zentrierkonen f\u00fcr Suzuki GSX R","description":"Option f\u00fcr Universalflansch GAR181N oder GAR191N | 1 Satz \/ 6 St\u00fcck","thumbnail":"https:\/\/dev.codekraft.it\/ravaglioli.it\/wp-content\/uploads\/brb_media\/00431008_wheel-balancer-centering-cone-suzuki-di-gar198n-150x150.png","url":"https:\/\/dev.codekraft.it\/ravaglioli.it\/de\/product\/zentrierkonen-fur-suzuki-gsx-r\/"}],"components":[],"delivery":[{"id":153575,"mpn":"GAR306","name":"Automatischer Felgenbreitentaster","description":"","thumbnail":"https:\/\/dev.codekraft.it\/ravaglioli.it\/wp-content\/uploads\/brb_media\/00506598_gar301-mi-150x150.png","url":"https:\/\/dev.codekraft.it\/ravaglioli.it\/de\/product\/automatischer-felgenbreitentaster\/"},{"id":153503,"mpn":"GAR345","name":"Schnellspannmutter mit Pressring","description":"Doppelte Zentrierung, f\u00fcr alle Modelle ohne pneumatische Spannung","thumbnail":"https:\/\/dev.codekraft.it\/ravaglioli.it\/wp-content\/uploads\/brb_media\/00509274_wheel-balancer-gar345-mi-150x150.png","url":"https:\/\/dev.codekraft.it\/ravaglioli.it\/de\/product\/schnellspannmutter-mit-pressring-2\/"},{"id":154820,"mpn":"GAR111","name":"Zentrierkonen f\u00fcr Pkw","description":"Inkl. Schutzkappe | \u00d8 44 - 112 mm | 1 Satz \/ 3 St\u00fcck","thumbnail":"https:\/\/dev.codekraft.it\/ravaglioli.it\/wp-content\/uploads\/brb_media\/00509259_wheel-balancer-gar111-mi-150x150.png","url":"https:\/\/dev.codekraft.it\/ravaglioli.it\/de\/product\/zentrierkonen-fur-pkw\/"}],"package":[],"related":[],"similar":[{"id":154341,"mpn":"RAV.G2124.201317","name":"Elektronische mikroprozessorgesteuerte Radauswuchtmaschine G2.124NWSPLUS","description":"Interaktives LCD-Display, Pkw, Felgendurchmesser 10 - 26\u2033 | Blau (RAL 5005)","thumbnail":"https:\/\/dev.codekraft.it\/ravaglioli.it\/wp-content\/uploads\/brb_media\/00508749_wheel-balancer-g2124nwsplus-mi-150x150.png","url":"https:\/\/dev.codekraft.it\/ravaglioli.it\/de\/product\/elektronische-mikroprozessorgesteuerte-radauswuchtmaschine-g2-124nwsplus\/"},{"id":154384,"mpn":"RAV.G3128.201300","name":"Elektronische mikroprozessorgesteuerte Radauswuchtmaschine GP3.128NR","description":"2D, 7\u2033-Touchsreen, pneumatische Verriegelung, Pkw, Felgendurchmesser 10 - 26\u2033 | Blau (RAL 5005)","thumbnail":"https:\/\/dev.codekraft.it\/ravaglioli.it\/wp-content\/uploads\/brb_media\/00509559_wheel-balancer-g3128nr-gp3128nr-mi-01-150x150.png","url":"https:\/\/dev.codekraft.it\/ravaglioli.it\/de\/product\/elektronische-mikroprozessorgesteuerte-radauswuchtmaschine-gp3-128nr\/"},{"id":154366,"mpn":"RAV.G2140.201454","name":"Elektronische mikroprozessorgesteuerte Radauswuchtmaschine G2.140R","description":"LCD-Bildschirm, 2D-Messarm zur automatischen Messung der Radbreite und des Felgendurchmessers, Pkw, Felgendurchmesser 10 - 26\u2033 | Blau (RAL 5005)","thumbnail":"https:\/\/dev.codekraft.it\/ravaglioli.it\/wp-content\/uploads\/brb_media\/00509116_wheel-balancer-g2-140r-mi-150x150.png","url":"https:\/\/dev.codekraft.it\/ravaglioli.it\/de\/product\/elektronische-mikroprozessorgesteuerte-radauswuchtmaschine-g2-140r\/"},{"id":154396,"mpn":"RAV.GTL4C.201256","name":"Radauswuchtmaschine GTL4.140RC","description":"22\u2033-LCD Full-HD-Bildschirm, Industrie-PC, automatischer Programmablauf, inkl. Konussatz f\u00fcr Lkw (\u00d8 202 - 221 mm, 281 mm), Adapter, Spannmutter und Radheber (200 kg), Lkw, Felgendurchmesser 10 - 26\/30\u2033 (automatisch\/manuell)","thumbnail":"https:\/\/dev.codekraft.it\/ravaglioli.it\/wp-content\/uploads\/brb_media\/00509236_wheel-balancer-gtl4-140rc-mi-150x150.png","url":"https:\/\/dev.codekraft.it\/ravaglioli.it\/de\/product\/radauswuchtmaschine-gtl4-140rc\/"},{"id":154402,"mpn":"RAV.GTL2C.200846","name":"Radauswuchtmaschine GTL2.120NRC","description":"Hintergrundbeleuchtetes LCD-Grafikdisplay (132 x 40 mm), automatischer Programmablauf, inkl. Konussatz f\u00fcr Lkw (\u00d8 202 - 221 mm, 281 mm), Adapter, Spannmutter und Radheber (200 kg), Lkw, Felgendurchmesser 10 - 26\/30\u2033 (automatisch\/manuell)","thumbnail":"https:\/\/dev.codekraft.it\/ravaglioli.it\/wp-content\/uploads\/brb_media\/00509235_wheel-balancer-gtl2-120nrc-mi-150x150.png","url":"https:\/\/dev.codekraft.it\/ravaglioli.it\/de\/product\/radauswuchtmaschine-gtl2-120nrc\/"}],"page_logo_src":"https:\/\/dev.codekraft.it\/ravaglioli.it\/wp-content\/uploads\/2026\/04\/rav-negative-logo-1.png","lang":"de","translations":{"de":154347,"en":154346,"fr":154348,"it":154349,"es":154350,"ru":154351},"pll_sync_post":[],"_links":{"self":[{"href":"https:\/\/dev.codekraft.it\/ravaglioli.it\/wp-json\/wp\/v2\/product\/154347","targetHints":{"allow":["GET"]}}],"collection":[{"href":"https:\/\/dev.codekraft.it\/ravaglioli.it\/wp-json\/wp\/v2\/product"}],"about":[{"href":"https:\/\/dev.codekraft.it\/ravaglioli.it\/wp-json\/wp\/v2\/types\/product"}],"wp:featuredmedia":[{"embeddable":true,"href":"https:\/\/dev.codekraft.it\/ravaglioli.it\/wp-json\/wp\/v2\/media\/43261"}],"wp:attachment":[{"href":"https:\/\/dev.codekraft.it\/ravaglioli.it\/wp-json\/wp\/v2\/media?parent=154347"}],"wp:term":[{"taxonomy":"product_brand","embeddable":true,"href":"https:\/\/dev.codekraft.it\/ravaglioli.it\/wp-json\/wp\/v2\/product_brand?post=154347"},{"taxonomy":"product_cat","embeddable":true,"href":"https:\/\/dev.codekraft.it\/ravaglioli.it\/wp-json\/wp\/v2\/product_cat?post=154347"},{"taxonomy":"product_tag","embeddable":true,"href":"https:\/\/dev.codekraft.it\/ravaglioli.it\/wp-json\/wp\/v2\/product_tag?post=154347"},{"taxonomy":"product_approvals","embeddable":true,"href":"https:\/\/dev.codekraft.it\/ravaglioli.it\/wp-json\/wp\/v2\/product_approvals?post=154347"},{"taxonomy":"product_application","embeddable":true,"href":"https:\/\/dev.codekraft.it\/ravaglioli.it\/wp-json\/wp\/v2\/product_application?post=154347"}],"curies":[{"name":"wp","href":"https:\/\/api.w.org\/{rel}","templated":true}]}}