{"id":154342,"date":"2025-10-30T14:31:24","date_gmt":"2025-10-30T14:31:24","guid":{"rendered":"https:\/\/dev.codekraft.it\/ravaglioli.it\/product\/equilibreuse-de-roue-electronique-a-microprocesseur-g2-124nwsplus\/"},"modified":"2026-01-14T21:14:54","modified_gmt":"2026-01-14T21:14:54","slug":"equilibreuse-de-roue-electronique-a-microprocesseur-g2-124nwsplus","status":"publish","type":"product","link":"https:\/\/dev.codekraft.it\/ravaglioli.it\/fr\/product\/equilibreuse-de-roue-electronique-a-microprocesseur-g2-124nwsplus\/","title":{"rendered":"Equilibreuse de roue \u00e9lectronique a microprocesseur G2.124NWSPLUS"},"content":{"rendered":"<ul>\n<li>D\u00e9marrage automatique en baissant le carter<\/li>\n<li>M\u00e9morisation des plans de correction\u00a0: programmes ALU S et PAX automatiques<\/li>\n<li>Optimisation assist\u00e9e jante\/pneu<\/li>\n<li>Frein \u00e0 p\u00e9dale pour le blocage de la roue pendant le positionnement des poids<\/li>\n<li>Eco-Weight : Moderne syst\u00e8me pour z\u00e9rotage du balourd pour r\u00e9duire l\u2019usure des poids<\/li>\n<\/ul>\n<ul>\n<li>Pige pour enregistrement automatique de la distance et du diam\u00e8tre<\/li>\n<li>Programmes ALU S automatiques<\/li>\n<li>Programme masses cach\u00e9es derri\u00e8re les b\u00e2tons<\/li>\n<\/ul>\n","protected":false},"excerpt":{"rendered":"<p>\u00c9cran LCD interactif, voiture de tourisme, diam\u00e8tre de la jante 10 &#8211; 26\u2033 | Bleu (RAL 5005)<\/p>\n","protected":false},"featured_media":43253,"template":"","meta":[],"product_brand":[],"product_cat":[57964],"product_tag":[58326,58290],"product_approvals":[],"product_application":[],"class_list":{"0":"post-154342","1":"product","2":"type-product","3":"status-publish","4":"has-post-thumbnail","6":"product_cat-equilibreuses-des-roues-fr","7":"product_tag-light-commercial-fr","8":"product_tag-passenger-cars-fr","10":"first","11":"instock","12":"shipping-taxable","13":"product-type-simple"},"approvals":[],"application":[],"brb_media_brochure":[{"id":150491,"url":"https:\/\/dev.codekraft.it\/ravaglioli.it\/wp-content\/uploads\/brb_media\/00521678_wheel-balancers-g2_gp2-124nr-br-2023-09-multi-screen.pdf","title":"Wheel Balancers G2 GP2 124NR BR 2023 09 multi screen","mpn":"","thumbnail":"https:\/\/dev.codekraft.it\/ravaglioli.it\/wp-content\/uploads\/brb_media\/00521678_wheel-balancers-g2_gp2-124nr-br-2023-09-multi-screen-pdf-106x150.png","description":""}],"brb_media_drawing":"","brb_media_manuals":[{"id":150492,"url":"https:\/\/dev.codekraft.it\/ravaglioli.it\/wp-content\/uploads\/brb_media\/00548907_wheel-balancers-librak240-librak345-librak338-librak328-g2114-g2116-g2120-g2121-t2020-2d-wb430-easy-g2124-gtl2120-er328-er448-erl240-im-1296-m027-02_vsg_rev03-multi-2024-12.pdf","title":"Wheel Balancers LIBRAK240 LIBRAK345 LIBRAK338 LIBRAK328 G2114 G2116 G2120 G2121 T2020 2D WB430 EASY G2124 GTL2120 ER328 ER448 ERL240 IM 1296 M027 02 VSG rev03 multi 2024 12","mpn":"","thumbnail":"https:\/\/dev.codekraft.it\/ravaglioli.it\/wp-content\/uploads\/brb_media\/00548907_wheel-balancers-librak240-librak345-librak338-librak328-g2114-g2116-g2120-g2121-t2020-2d-wb430-easy-g2124-gtl2120-er328-er448-erl240-im-1296-m027-02_vsg_rev03-multi-2024-12-pdf-106x150.png","description":""}],"brb_media_safety_datasheets":"","brb_media_spare_parts":[],"_cdmm_p_id":"502556","_company":"Ravaglioli","_gtin":"5063084201317","accessories":[{"id":152570,"mpn":"GAR369","name":"Outil d&#039;\u00e9talonnage pour groupe de rotation","description":"Kit de calibration pour equilibreuses de roue","thumbnail":"","url":"https:\/\/dev.codekraft.it\/ravaglioli.it\/fr\/product\/outil-detalonnage-pour-groupe-de-rotation\/"},{"id":153498,"mpn":"GAR101","name":"\u00c9crou \u00e0 serrage rapide avec bague de pression","description":"Double centrage, frette de serrage rapide","thumbnail":"https:\/\/dev.codekraft.it\/ravaglioli.it\/wp-content\/uploads\/brb_media\/00509256_wheel-balancer-gar101-mi-150x150.png","url":"https:\/\/dev.codekraft.it\/ravaglioli.it\/fr\/product\/ecrou-a-serrage-rapide-avec-bague-de-pression\/"},{"id":152432,"mpn":"GAR104","name":"\u00c9crou \u00e0 serrage pour voitures particuli\u00e8res | avec bague de pression","description":"Double centrage, frette de serrage","thumbnail":"https:\/\/dev.codekraft.it\/ravaglioli.it\/wp-content\/uploads\/brb_media\/00506557_gar104-150x150.png","url":"https:\/\/dev.codekraft.it\/ravaglioli.it\/fr\/product\/ecrou-a-serrage-pour-voitures-particulieres-avec-bague-de-pression\/"},{"id":152976,"mpn":"GAR105","name":"\u00c9crou \u00e0 serrage avec volant et bague de pression | pour voitures particuli\u00e8res","description":"Double centrage, frette de serrage \u00e0 volant","thumbnail":"https:\/\/dev.codekraft.it\/ravaglioli.it\/wp-content\/uploads\/brb_media\/00506558_gar105-mi-150x150.png","url":"https:\/\/dev.codekraft.it\/ravaglioli.it\/fr\/product\/ecrou-a-serrage-avec-volant-et-bague-de-pression-pour-voitures-particulieres\/"},{"id":152028,"mpn":"GAR148N","name":"Bague de centrage pour BMW, Mercedes Benz, Audi, Opel | \u00e0 degr\u00e9s | \u00d8 56 &#8211; 57 &#8211; 66,5 &#8211; 72,5 &#8211; 72,6 &#8211; 74 &#8211; 74,1 mm","description":"","thumbnail":"https:\/\/dev.codekraft.it\/ravaglioli.it\/wp-content\/uploads\/brb_media\/00430978_wheel-balancer-centering-cone-step-shaped-di-gar148n-150x150.png","url":"https:\/\/dev.codekraft.it\/ravaglioli.it\/fr\/product\/bague-de-centrage-pour-bmw-mercedes-benz-audi-opel-a-degres-o-56-57-665-725-726-74-741-mm\/"},{"id":153757,"mpn":"GAR192N","name":"C\u00f4ne de centrage BMW","description":"Manchon de centrage BMW | option pour bride universelle GAR181N ou GAR191N","thumbnail":"https:\/\/dev.codekraft.it\/ravaglioli.it\/wp-content\/uploads\/brb_media\/00506576_gar192n-150x150.png","url":"https:\/\/dev.codekraft.it\/ravaglioli.it\/fr\/product\/cone-de-centrage-bmw\/"},{"id":153066,"mpn":"GAR155","name":"C\u00f4nes de centrage de pr\u00e9cision \u00d8 42,5 &#8211; 78 mm","description":"Pour equilibreuses de roue | 1 jeu \/ 5 pi\u00e8ces","thumbnail":"https:\/\/dev.codekraft.it\/ravaglioli.it\/wp-content\/uploads\/brb_media\/00506571_gar155-150x150.png","url":"https:\/\/dev.codekraft.it\/ravaglioli.it\/fr\/product\/cones-de-centrage-de-precision-o-425-78-mm\/"},{"id":155359,"mpn":"GAR324","name":"El\u00e9vateur pour roues avec compensation automatique du poids de la roue","description":"80 kg, voiture de tourisme","thumbnail":"https:\/\/dev.codekraft.it\/ravaglioli.it\/wp-content\/uploads\/brb_media\/00509271_wheel-balancer-gar324-mi-150x150.png","url":"https:\/\/dev.codekraft.it\/ravaglioli.it\/fr\/product\/elevateur-pour-roues-avec-compensation-automatique-du-poids-de-la-roue\/"},{"id":155347,"mpn":"GAR325","name":"El\u00e9vateur pour roues Standard","description":"80 kg, voiture de tourisme","thumbnail":"https:\/\/dev.codekraft.it\/ravaglioli.it\/wp-content\/uploads\/brb_media\/00373626_wheel-balancer-standard-wheel-lift-di-150x150.png","url":"https:\/\/dev.codekraft.it\/ravaglioli.it\/fr\/product\/elevateur-pour-roues-standard\/"},{"id":154941,"mpn":"GAR131H","name":"Plaque de serrage de type Universel | pour jantes 3\/4\/5-trous \u00e0 centre ferm\u00e9","description":"Bride universelle pour roues \u00e0 jante pleine | incl. calibre d'entraxe trous","thumbnail":"https:\/\/dev.codekraft.it\/ravaglioli.it\/wp-content\/uploads\/brb_media\/00509262_wheel-balancer-gar131h-mi-150x150.png","url":"https:\/\/dev.codekraft.it\/ravaglioli.it\/fr\/product\/plaque-de-serrage-de-type-universel-pour-jantes-3-4-5-trous-a-centre-ferme\/"},{"id":155353,"mpn":"GAR133","name":"Doigts pour plaques de serrage de type | courts","description":"Jeu de tiges courtes | 1 jeu \/ 5 pi\u00e8ces","thumbnail":"https:\/\/dev.codekraft.it\/ravaglioli.it\/wp-content\/uploads\/brb_media\/00506549_gar133-150x150.png","url":"https:\/\/dev.codekraft.it\/ravaglioli.it\/fr\/product\/doigts-pour-plaques-de-serrage-de-type-courts\/"},{"id":154971,"mpn":"GAR357","name":"Plaque de serrage de type pour jantes 5 trous BMW | 112 &#8211; 120 mm","description":"Flasque \u00e0 5 tiges, incl. anneau de centrage \u00d8 66,5 mm | pour tous les models","thumbnail":"https:\/\/dev.codekraft.it\/ravaglioli.it\/wp-content\/uploads\/brb_media\/00506584_gar357-01-150x150.png","url":"https:\/\/dev.codekraft.it\/ravaglioli.it\/fr\/product\/plaque-de-serrage-de-type-pour-jantes-5-trous-bmw-112-120-mm\/"},{"id":154953,"mpn":"GAR199","name":"Pr\u00e9cision plaque de serrage de type pour jantes 5 trous Maserati","description":"Flasque \u00e0 5 tiges pour roues","thumbnail":"https:\/\/dev.codekraft.it\/ravaglioli.it\/wp-content\/uploads\/brb_media\/00506578_gar199-150x150.png","url":"https:\/\/dev.codekraft.it\/ravaglioli.it\/fr\/product\/precision-plaque-de-serrage-de-type-pour-jantes-5-trous-maserati\/"},{"id":155383,"mpn":"GAR142","name":"Pr\u00e9cision plaque de serrage de type pour jantes \u00e0 5 trous | 98 &#8211; 100 &#8211; 108 &#8211; 112 &#8211; 120,65 &#8211; 130 &#8211; 139,7 mm","description":"Plateau \u00e0 colonnettes pour roues \u00e0 5 ouvertures","thumbnail":"https:\/\/dev.codekraft.it\/ravaglioli.it\/wp-content\/uploads\/brb_media\/00506567_gar142-150x150.png","url":"https:\/\/dev.codekraft.it\/ravaglioli.it\/fr\/product\/precision-plaque-de-serrage-de-type-pour-jantes-a-5-trous-98-100-108-112-12065-130-1397-mm\/"},{"id":154959,"mpn":"GAR147N","name":"Bagues de centrage","description":"Pour Renault | \u00d8 60 \/ 66 mm | 1 jeu \/ 2 pi\u00e8ces","thumbnail":"https:\/\/dev.codekraft.it\/ravaglioli.it\/wp-content\/uploads\/brb_media\/00509264_wheel-balancer-gar147n-mi-150x150.png","url":"https:\/\/dev.codekraft.it\/ravaglioli.it\/fr\/product\/bagues-de-centrage\/"},{"id":154965,"mpn":"GAR220","name":"Bagues de centrage","description":"Pour Renault Trafic Master, incl. entretoise | \u00d8 71 \/ 88,9 \/ 129,9 mm | 1 jeu \/ 3 pi\u00e8ces","thumbnail":"https:\/\/dev.codekraft.it\/ravaglioli.it\/wp-content\/uploads\/brb_media\/00509266_wheel-balancer-gar220-mi-150x150.png","url":"https:\/\/dev.codekraft.it\/ravaglioli.it\/fr\/product\/bagues-de-centrage-2\/"},{"id":154947,"mpn":"GAR150H","name":"Bagues de centrage pour PSA | 2 \u00e9tages","description":"For GAR131H, incl. entretoise | 1 jeu \/ 4 pi\u00e8ces","thumbnail":"https:\/\/dev.codekraft.it\/ravaglioli.it\/wp-content\/uploads\/brb_media\/00509265_wheel-balancer-gar150h-mi-150x150.png","url":"https:\/\/dev.codekraft.it\/ravaglioli.it\/fr\/product\/bagues-de-centrage-pour-psa-2-etages\/"},{"id":155389,"mpn":"GAR181N","name":"Bride universelle","description":"Pour motos | avec arbre, \u00d8 14 mm, et accessoires | GAR181A1 requis","thumbnail":"https:\/\/dev.codekraft.it\/ravaglioli.it\/wp-content\/uploads\/brb_media\/00506596_gar181n-150x150.png","url":"https:\/\/dev.codekraft.it\/ravaglioli.it\/fr\/product\/bride-universelle\/"},{"id":155401,"mpn":"GAR354","name":"Bride universelle","description":"Pour motos | sans arbre et accessoire | GAR181A1 requis","thumbnail":"https:\/\/dev.codekraft.it\/ravaglioli.it\/wp-content\/uploads\/brb_media\/00506597_gar354-150x150.png","url":"https:\/\/dev.codekraft.it\/ravaglioli.it\/fr\/product\/bride-universelle-2\/"},{"id":155025,"mpn":"GAR356","name":"Arbre de centrage pour motos | \u00d8 10 mm","description":"\u00c9quip\u00e9 avec flasque, 2 c\u00f4nes, 6 entretoises et 2 bagues | GAR181N ou GAR354 n\u00e9cessaire","thumbnail":"https:\/\/dev.codekraft.it\/ravaglioli.it\/wp-content\/uploads\/brb_media\/00506574_gar182n-150x150.png","url":"https:\/\/dev.codekraft.it\/ravaglioli.it\/fr\/product\/arbre-de-centrage-pour-motos-o-10-mm\/"},{"id":155031,"mpn":"GAR182N","name":"Arbre de centrage pour motos | \u00d8 12 mm","description":"\u00c9quip\u00e9 avec flasque, 2 c\u00f4nes, 6 entretoises et 2 bagues | GAR181N ou GAR354 n\u00e9cessaire","thumbnail":"https:\/\/dev.codekraft.it\/ravaglioli.it\/wp-content\/uploads\/brb_media\/00506574_gar182n-150x150.png","url":"https:\/\/dev.codekraft.it\/ravaglioli.it\/fr\/product\/arbre-de-centrage-pour-motos-o-12-mm\/"},{"id":155037,"mpn":"GAR184N","name":"Arbre de centrage pour motos | long, \u00d8 14 mm","description":"\u00c9quip\u00e9 avec long flasque (318 mm), 2 entretoises et \u00e9crou de serrage | GAR181N ou GAR354 n\u00e9cessaire","thumbnail":"https:\/\/dev.codekraft.it\/ravaglioli.it\/wp-content\/uploads\/brb_media\/00506594_gar184n-150x150.png","url":"https:\/\/dev.codekraft.it\/ravaglioli.it\/fr\/product\/arbre-de-centrage-pour-motos-long-o-14-mm\/"},{"id":155407,"mpn":"GAR191N","name":"Arbre de centrage pour motos avec fourche monobras | \u00d8 19 mm","description":"\u00c9quip\u00e9 avec flasque, 2 entretoises et \u00e9crou de serrage | GAR181N ou GAR354 n\u00e9cessaire","thumbnail":"https:\/\/dev.codekraft.it\/ravaglioli.it\/wp-content\/uploads\/brb_media\/00506595_gar191n-150x150.png","url":"https:\/\/dev.codekraft.it\/ravaglioli.it\/fr\/product\/arbre-de-centrage-pour-motos-avec-fourche-monobras-o-19-mm\/"},{"id":155043,"mpn":"GAR181AN","name":"Bagues de centrage pour bride universelle moto","description":"Manchons | GAR354 ou GAR181N requis | 1 jeu \/ 18 pi\u00e8ces","thumbnail":"https:\/\/dev.codekraft.it\/ravaglioli.it\/wp-content\/uploads\/brb_media\/00506573_gar181an-150x150.png","url":"https:\/\/dev.codekraft.it\/ravaglioli.it\/fr\/product\/bagues-de-centrage-pour-bride-universelle-moto\/"},{"id":155049,"mpn":"GAR183N","name":"C\u00f4nes de centrage pour scooter | \u00d8 16 &#8211; 45 mm | 1 jeu \/ 2 pi\u00e8ces","description":"GAR354 ou GAR181N requis","thumbnail":"https:\/\/dev.codekraft.it\/ravaglioli.it\/wp-content\/uploads\/brb_media\/00431002_wheel-balancer-centering-cone-motorcycles-di-gar183n-150x150.png","url":"https:\/\/dev.codekraft.it\/ravaglioli.it\/fr\/product\/cones-de-centrage-pour-scooter-o-16-45-mm-1-jeu-2-pieces\/"},{"id":155055,"mpn":"GAR193N","name":"C\u00f4ne de centrage pour Ducati 916-996-996-998-Monster SR2-SR4","description":"Manchon de centrage | option pour bride universelle GAR181N ou GAR191N","thumbnail":"https:\/\/dev.codekraft.it\/ravaglioli.it\/wp-content\/uploads\/brb_media\/00506593_gar193n-150x150.png","url":"https:\/\/dev.codekraft.it\/ravaglioli.it\/fr\/product\/cone-de-centrage-pour-ducati-916-996-996-998-monster-sr2-sr4\/"},{"id":155061,"mpn":"GAR194N","name":"C\u00f4ne de centrage pour Honda NTV 650 REVERE","description":"Manchon de centrage | option pour bride universelle GAR181N ou GAR191N","thumbnail":"https:\/\/dev.codekraft.it\/ravaglioli.it\/wp-content\/uploads\/brb_media\/00506591_gar194n-150x150.png","url":"https:\/\/dev.codekraft.it\/ravaglioli.it\/fr\/product\/cone-de-centrage-pour-honda-ntv-650-revere\/"},{"id":155067,"mpn":"GAR195N","name":"C\u00f4ne de centrage pour Honda VFR 750","description":"Manchon de centrage | option pour bride universelle GAR181N ou GAR191N","thumbnail":"https:\/\/dev.codekraft.it\/ravaglioli.it\/wp-content\/uploads\/brb_media\/00506592_gar195n-150x150.png","url":"https:\/\/dev.codekraft.it\/ravaglioli.it\/fr\/product\/cone-de-centrage-pour-honda-vfr-750\/"},{"id":155073,"mpn":"GAR196N","name":"C\u00f4ne de centrage pour Yamaha GTS 1000","description":"Manchon de centrage | option pour bride universelle GAR181N ou GAR191N","thumbnail":"https:\/\/dev.codekraft.it\/ravaglioli.it\/wp-content\/uploads\/brb_media\/00506590_gar196n-150x150.png","url":"https:\/\/dev.codekraft.it\/ravaglioli.it\/fr\/product\/cone-de-centrage-pour-yamaha-gts-1000\/"},{"id":155079,"mpn":"GAR197N","name":"C\u00f4nes de centrage pour Harley Davidson | 1 jeu \/ 2 pi\u00e8ces","description":"Manchons de centrage | option pour bride universelle GAR181N ou GAR191N","thumbnail":"https:\/\/dev.codekraft.it\/ravaglioli.it\/wp-content\/uploads\/brb_media\/00506577_gar197-150x150.png","url":"https:\/\/dev.codekraft.it\/ravaglioli.it\/fr\/product\/cones-de-centrage-pour-harley-davidson-1-jeu-2-pieces\/"},{"id":155085,"mpn":"GAR198N","name":"C\u00f4nes de centrage pour Suzuki GSX R","description":"Option pour bride universelle GAR181N ou GAR191N | 1 jeu \/ 6 pi\u00e8ces","thumbnail":"https:\/\/dev.codekraft.it\/ravaglioli.it\/wp-content\/uploads\/brb_media\/00431008_wheel-balancer-centering-cone-suzuki-di-gar198n-150x150.png","url":"https:\/\/dev.codekraft.it\/ravaglioli.it\/fr\/product\/cones-de-centrage-pour-suzuki-gsx-r\/"},{"id":155371,"mpn":"GAR113","name":"C\u00f4ne de centrage pour fourgons et petits camions | \u00d8 118 &#8211; 174 mm","description":"Avec entretoise","thumbnail":"https:\/\/dev.codekraft.it\/ravaglioli.it\/wp-content\/uploads\/brb_media\/00509261_wheel-balancer-gar113-mi-150x150.png","url":"https:\/\/dev.codekraft.it\/ravaglioli.it\/fr\/product\/cone-de-centrage-pour-fourgons-et-petits-camions-o-118-174-mm\/"},{"id":155365,"mpn":"GAR323","name":"C\u00f4ne de centrage double pour vehicules 4&#215;4 | \u00d8 124 &#8211; 128 \/ 122 &#8211; 126 mm","description":"","thumbnail":"https:\/\/dev.codekraft.it\/ravaglioli.it\/wp-content\/uploads\/brb_media\/00506561_gar323-mi-150x150.png","url":"https:\/\/dev.codekraft.it\/ravaglioli.it\/fr\/product\/cone-de-centrage-double-pour-vehicules-4x4-o-124-128-122-126-mm\/"},{"id":156935,"mpn":"GAR379","name":"Pointeur laser 6 heures","description":"Pointeur laser \u00e0 lame \u00e0 heures 6, avec illuminateur","thumbnail":"https:\/\/dev.codekraft.it\/ravaglioli.it\/wp-content\/uploads\/brb_media\/00512761_wheel-balancers-gar379-mi-01-150x150.png","url":"https:\/\/dev.codekraft.it\/ravaglioli.it\/fr\/product\/pointeur-laser-6-heures\/"}],"components":[],"delivery":[{"id":154336,"mpn":"129794160","name":"Groupe laser fixe + dispositif d\u2019\u00e9clairage","description":"","thumbnail":"","url":"https:\/\/dev.codekraft.it\/ravaglioli.it\/fr\/product\/groupe-laser-fixe-dispositif-declairage\/"},{"id":153576,"mpn":"GAR306","name":"D\u00e9tecteur pour mesure automatique de la largeur de roue","description":"","thumbnail":"https:\/\/dev.codekraft.it\/ravaglioli.it\/wp-content\/uploads\/brb_media\/00506598_gar301-mi-150x150.png","url":"https:\/\/dev.codekraft.it\/ravaglioli.it\/fr\/product\/detecteur-pour-mesure-automatique-de-la-largeur-de-roue\/"},{"id":153504,"mpn":"GAR345","name":"\u00c9crou \u00e0 serrage rapide avec bague de pression","description":"Double centrage, frette de serrage rapide, pour tous les mod\u00e8les sans blocage pneumatique","thumbnail":"https:\/\/dev.codekraft.it\/ravaglioli.it\/wp-content\/uploads\/brb_media\/00509274_wheel-balancer-gar345-mi-150x150.png","url":"https:\/\/dev.codekraft.it\/ravaglioli.it\/fr\/product\/ecrou-a-serrage-rapide-avec-bague-de-pression-2\/"},{"id":154821,"mpn":"GAR111","name":"C\u00f4nes de centrage pour voiture de tourisme","description":"Avec carter de protection | \u00d8 44 - 112 mm | 1 jeu \/ 3 pi\u00e8ces","thumbnail":"https:\/\/dev.codekraft.it\/ravaglioli.it\/wp-content\/uploads\/brb_media\/00509259_wheel-balancer-gar111-mi-150x150.png","url":"https:\/\/dev.codekraft.it\/ravaglioli.it\/fr\/product\/cones-de-centrage-pour-voiture-de-tourisme\/"},{"id":155335,"mpn":"GAR112","name":"C\u00f4ne de centrage","description":"Pour v\u00e9hicules tous terrains | \u00d8 95 - 132 mm","thumbnail":"https:\/\/dev.codekraft.it\/ravaglioli.it\/wp-content\/uploads\/brb_media\/00549107_wheel-balancers-gar112-mi-150x150.png","url":"https:\/\/dev.codekraft.it\/ravaglioli.it\/fr\/product\/cone-de-centrage\/"},{"id":154977,"mpn":"GAR121","name":"Disque de protection de roue","description":"","thumbnail":"https:\/\/dev.codekraft.it\/ravaglioli.it\/wp-content\/uploads\/brb_media\/00506564_gar121-150x150.png","url":"https:\/\/dev.codekraft.it\/ravaglioli.it\/fr\/product\/disque-de-protection-de-roue\/"},{"id":155377,"mpn":"GAR132","name":"Pr\u00e9cision plaque de serrage de type Universel, pour roues 3\/4\/5 trous | avec doigts","description":"Flasque universelle de pr\u00e9cision avec tiges","thumbnail":"https:\/\/dev.codekraft.it\/ravaglioli.it\/wp-content\/uploads\/brb_media\/00506548_gar132-150x150.png","url":"https:\/\/dev.codekraft.it\/ravaglioli.it\/fr\/product\/precision-plaque-de-serrage-de-type-universel-pour-roues-3-4-5-trous-avec-doigts\/"}],"package":[],"related":[],"similar":[{"id":154348,"mpn":"RAV.G2124.201362","name":"Equilibreuse de roue \u00e9lectronique a microprocesseur G2.124NR","description":"\u00c9cran LCD interactif, voiture de tourisme, diam\u00e8tre de la jante 10 - 26\u2033 | Bleu (RAL 5005)","thumbnail":"https:\/\/dev.codekraft.it\/ravaglioli.it\/wp-content\/uploads\/brb_media\/00508748_wheel-balancer-g2124nr-mi-150x150.png","url":"https:\/\/dev.codekraft.it\/ravaglioli.it\/fr\/product\/equilibreuse-de-roue-electronique-a-microprocesseur-g2-124nr\/"},{"id":154385,"mpn":"RAV.G3128.201300","name":"Equilibreuse de roue \u00e9lectronique a microprocesseur GP3.128NR","description":"2D, \u00e9cran tactile 7\u2033, serrure pneumatique, voiture de tourisme, diam\u00e8tre de la jante 10 - 26\u2033 | Bleu (RAL 5005)","thumbnail":"https:\/\/dev.codekraft.it\/ravaglioli.it\/wp-content\/uploads\/brb_media\/00509559_wheel-balancer-g3128nr-gp3128nr-mi-01-150x150.png","url":"https:\/\/dev.codekraft.it\/ravaglioli.it\/fr\/product\/equilibreuse-de-roue-electronique-a-microprocesseur-gp3-128nr\/"},{"id":154367,"mpn":"RAV.G2140.201454","name":"Equilibreuse de roue \u00e9lectronique a microprocesseur G2.140R","description":"\u00c9cran LCD, bras de mesure 2D pour mesure automatique de la largeur des roues et du diam\u00e8tre des jantes, voiture de tourisme, diam\u00e8tre de la jante 10 - 26\u2033 | Bleu (RAL 5005)","thumbnail":"https:\/\/dev.codekraft.it\/ravaglioli.it\/wp-content\/uploads\/brb_media\/00509116_wheel-balancer-g2-140r-mi-150x150.png","url":"https:\/\/dev.codekraft.it\/ravaglioli.it\/fr\/product\/equilibreuse-de-roue-electronique-a-microprocesseur-g2-140r\/"},{"id":154373,"mpn":"RAV.G2121.201492","name":"Equilibreuse de roue \u00e9lectronique a microprocesseur G2.121RFM","description":"\u00c9cran LCD interactif, bras de mesure pour mesure automatique de la largeur des roues et du diam\u00e8tre des jantes, voiture de tourisme, diam\u00e8tre de la jante 10 - 26\u2033 | Bleu (RAL 5005)","thumbnail":"https:\/\/dev.codekraft.it\/ravaglioli.it\/wp-content\/uploads\/brb_media\/00509120_wheel-balancer-g2121rfm-mi-150x150.png","url":"https:\/\/dev.codekraft.it\/ravaglioli.it\/fr\/product\/equilibreuse-de-roue-electronique-a-microprocesseur-g2-121rfm\/"},{"id":154379,"mpn":"RAV.G2120.201515","name":"Equilibreuse de roue \u00e9lectronique a microprocesseur G2.120R","description":"\u00c9cran LCD interactif, bras de mesure pour mesure automatique de la largeur des roues et du diam\u00e8tre des jantes, voiture de tourisme, diam\u00e8tre de la jante 10 - 26\u2033 | Bleu (RAL 5005)","thumbnail":"https:\/\/dev.codekraft.it\/ravaglioli.it\/wp-content\/uploads\/brb_media\/00509853_wheel-balancer-g2120r-mi-150x150.png","url":"https:\/\/dev.codekraft.it\/ravaglioli.it\/fr\/product\/equilibreuse-de-roue-electronique-a-microprocesseur-g2-120r\/"}],"page_logo_src":"https:\/\/dev.codekraft.it\/ravaglioli.it\/wp-content\/uploads\/2026\/04\/rav-negative-logo-1.png","lang":"fr","translations":{"fr":154342,"en":154340,"de":154341,"it":154343,"es":154344,"ru":154345},"pll_sync_post":[],"_links":{"self":[{"href":"https:\/\/dev.codekraft.it\/ravaglioli.it\/wp-json\/wp\/v2\/product\/154342","targetHints":{"allow":["GET"]}}],"collection":[{"href":"https:\/\/dev.codekraft.it\/ravaglioli.it\/wp-json\/wp\/v2\/product"}],"about":[{"href":"https:\/\/dev.codekraft.it\/ravaglioli.it\/wp-json\/wp\/v2\/types\/product"}],"wp:featuredmedia":[{"embeddable":true,"href":"https:\/\/dev.codekraft.it\/ravaglioli.it\/wp-json\/wp\/v2\/media\/43253"}],"wp:attachment":[{"href":"https:\/\/dev.codekraft.it\/ravaglioli.it\/wp-json\/wp\/v2\/media?parent=154342"}],"wp:term":[{"taxonomy":"product_brand","embeddable":true,"href":"https:\/\/dev.codekraft.it\/ravaglioli.it\/wp-json\/wp\/v2\/product_brand?post=154342"},{"taxonomy":"product_cat","embeddable":true,"href":"https:\/\/dev.codekraft.it\/ravaglioli.it\/wp-json\/wp\/v2\/product_cat?post=154342"},{"taxonomy":"product_tag","embeddable":true,"href":"https:\/\/dev.codekraft.it\/ravaglioli.it\/wp-json\/wp\/v2\/product_tag?post=154342"},{"taxonomy":"product_approvals","embeddable":true,"href":"https:\/\/dev.codekraft.it\/ravaglioli.it\/wp-json\/wp\/v2\/product_approvals?post=154342"},{"taxonomy":"product_application","embeddable":true,"href":"https:\/\/dev.codekraft.it\/ravaglioli.it\/wp-json\/wp\/v2\/product_application?post=154342"}],"curies":[{"name":"wp","href":"https:\/\/api.w.org\/{rel}","templated":true}]}}