{"id":154317,"date":"2025-08-05T09:51:50","date_gmt":"2025-08-05T08:51:50","guid":{"rendered":"https:\/\/dev.codekraft.it\/ravaglioli.it\/product\/elevador-de-2-columnas-kpx42elik\/"},"modified":"2026-01-14T21:11:38","modified_gmt":"2026-01-14T21:11:38","slug":"elevador-de-2-columnas-kpx42elik","status":"publish","type":"product","link":"https:\/\/dev.codekraft.it\/ravaglioli.it\/es\/product\/elevador-de-2-columnas-kpx42elik\/","title":{"rendered":"Elevador de 2 columnas KPX42ELIK"},"content":{"rendered":"<p>From History to the Future<\/p>\n<ul>\n<li>Dise\u00f1o actualizado: una l\u00ednea moderna que aporta modernidad y usabilidad al taller<\/li>\n<li>ADN innovador: componentes de alta calidad de larga duraci\u00f3n y testados durante 20000 ciclos<\/li>\n<li>Preparados para el futuro: elevadores dise\u00f1ados para el sistema de conectividad del taller TEq-Link<\/li>\n<\/ul>\n<p>Nacida de los elevadores de 2 columnas m\u00e1s demandados, la Legend Series re\u00fane los conocimientos de ingenier\u00eda de Ravaglioli para darles forma en un paquete innovador. Mirando hacia el futuro, pero siempre haciendo honor al pasado, Ravaglioli se ha fijado un importante objetivo: que el rendimiento y el dise\u00f1o vayan de la mano.<\/p>\n<ul>\n<li>Subida y bajada controladas por un bot\u00f3n ubicado a una altura ergon\u00f3mica.<\/li>\n<li>Altura m\u00ednima de los tacos adaptada a cargas asim\u00e9tricas, tambi\u00e9n para veh\u00edculos blindados.<\/li>\n<li>Instalaci\u00f3n inteligente y flexible &#8211; Una mejora de hasta el 20 % en el tiempo de instalaci\u00f3n: Gracias a la sincronizaci\u00f3n electr\u00f3nica, se evita la instalaci\u00f3n y el ajuste del cable de sincronizaci\u00f3n. Los elevadores pueden instalarse con flexibilidad gracias a las tres posiciones ajustables en anchura.<\/li>\n<li>M\u00e1s espacio para moverse alrededor del veh\u00edculo &#8211; El dise\u00f1o del elevador est\u00e1 bien aprovechado y garantiza el m\u00ednimo espacio ocupado en el taller.<\/li>\n<li>TEq-Link connected workshop &#8211; Todos los modelos de esta serie cuentan con botones de elevaci\u00f3n\/descenso y conectividad TEq-Link.<\/li>\n<\/ul>\n<ul>\n<li>Configuraci\u00f3n sim\u00e9trica de los brazos (cuatro brazos largos)<\/li>\n<li>Dise\u00f1ado para la elevaci\u00f3n de furgonetas con una gran distancia entre ejes<\/li>\n<\/ul>\n<ul>\n<li>Bloqueo de brazos automaticamente al llegar al suelo. Geometr\u00eda conica con efecto auto-bloqueador<\/li>\n<li>Motor especial de alto rendimiento<\/li>\n<li>Versione E, equipadas con panel de mando y Kit de energ\u00eda<\/li>\n<li>Lubricaci\u00f3n permanente y automatica de las tuercas para garantizar un funcionamiento eficaz durante el movimiento de subida y bajada<\/li>\n<li>Husillo de acero de alta resistencia, rosca fabricada en frio con rodillos para garantizar la maxima duraci\u00f3n en el tiempo<\/li>\n<li>Equipado con un sistema ac\u00fastico de aviso anti-aplaste y salvapie &#8211; Sin salvapies mec\u00e1nicos<\/li>\n<li>Posibilidad de instalaci\u00f3n sin tuber\u00eda arriba, ya que los cables pueden colocarse empotrados en el suelo<\/li>\n<li>Componentes premium\n<ul>\n<li>Polea de aluminio con funci\u00f3n de refrigeraci\u00f3n<\/li>\n<li>Rodamientos de larga duraci\u00f3n<\/li>\n<li>Tuerca de carga de bronce un 50 % m\u00e1s larga<\/li>\n<li>Motores con carcasa reforzada y refrigerada<\/li>\n<li>Trabado firme y autom\u00e1tico del brazo<\/li>\n<\/ul>\n<\/li>\n<\/ul>\n","protected":false},"excerpt":{"rendered":"<p>4,2 t, electromec\u00e1nico, sim\u00e9trico, panel de control doble, 4 brazos de 3 secciones, TEq-Link, kit de energ\u00eda<\/p>\n","protected":false},"featured_media":43182,"template":"","meta":[],"product_brand":[],"product_cat":[57902],"product_tag":[58349,58296,58332],"product_approvals":[],"product_application":[],"class_list":{"0":"post-154317","1":"product","2":"type-product","3":"status-publish","4":"has-post-thumbnail","6":"product_cat-elevadores-de-2-columnas-es","7":"product_tag-motor-homes-es","8":"product_tag-passenger-cars-es","9":"product_tag-light-commercial-es","11":"first","12":"instock","13":"shipping-taxable","14":"product-type-simple"},"approvals":[],"application":[],"brb_media_brochure":[{"id":150477,"url":"https:\/\/dev.codekraft.it\/ravaglioli.it\/wp-content\/uploads\/brb_media\/00528404_2-post-lift-kpx42-55-br-de-07-2024-screen.pdf","title":"2 post lift kpx42 55 br de 07 2024 screen","mpn":"","thumbnail":"https:\/\/dev.codekraft.it\/ravaglioli.it\/wp-content\/uploads\/brb_media\/00528404_2-post-lift-kpx42-55-br-de-07-2024-screen-pdf-106x150.png","description":""},{"id":150478,"url":"https:\/\/dev.codekraft.it\/ravaglioli.it\/wp-content\/uploads\/brb_media\/00528405_2-post-lift-kpx42-55-br-en-07-2024-screen.pdf","title":"2 post lift kpx42 55 br en 07 2024 screen","mpn":"","thumbnail":"https:\/\/dev.codekraft.it\/ravaglioli.it\/wp-content\/uploads\/brb_media\/00528405_2-post-lift-kpx42-55-br-en-07-2024-screen-pdf-106x150.png","description":""},{"id":150479,"url":"https:\/\/dev.codekraft.it\/ravaglioli.it\/wp-content\/uploads\/brb_media\/00528406_2-post-lift-kpx42-55-br-fr-07-2024-screen.pdf","title":"2 post lift kpx42 55 br fr 07 2024 screen","mpn":"","thumbnail":"https:\/\/dev.codekraft.it\/ravaglioli.it\/wp-content\/uploads\/brb_media\/00528406_2-post-lift-kpx42-55-br-fr-07-2024-screen-pdf-106x150.png","description":""},{"id":150480,"url":"https:\/\/dev.codekraft.it\/ravaglioli.it\/wp-content\/uploads\/brb_media\/00528407_2-post-lift-kpx42-55-br-it-07-2024-screen.pdf","title":"2 post lift kpx42 55 br it 07 2024 screen","mpn":"","thumbnail":"https:\/\/dev.codekraft.it\/ravaglioli.it\/wp-content\/uploads\/brb_media\/00528407_2-post-lift-kpx42-55-br-it-07-2024-screen-pdf-106x150.png","description":""},{"id":150481,"url":"https:\/\/dev.codekraft.it\/ravaglioli.it\/wp-content\/uploads\/brb_media\/00528408_2-post-lift-kpx42-55-br-es-07-2024-screen.pdf","title":"2 post lift kpx42 55 br es 07 2024 screen","mpn":"","thumbnail":"https:\/\/dev.codekraft.it\/ravaglioli.it\/wp-content\/uploads\/brb_media\/00528408_2-post-lift-kpx42-55-br-es-07-2024-screen-pdf-106x150.png","description":""},{"id":150482,"url":"https:\/\/dev.codekraft.it\/ravaglioli.it\/wp-content\/uploads\/brb_media\/00528409_2-post-lift-kpx42-55-br-ru-07-2024-screen.pdf","title":"2 post lift kpx42 55 br ru 07 2024 screen","mpn":"","thumbnail":"https:\/\/dev.codekraft.it\/ravaglioli.it\/wp-content\/uploads\/brb_media\/00528409_2-post-lift-kpx42-55-br-ru-07-2024-screen-pdf-106x150.png","description":""},{"id":76135,"url":"https:\/\/dev.codekraft.it\/ravaglioli.it\/wp-content\/uploads\/brb_media\/00510147_legend-series-end-user-flyer-de-2023-07-screen.pdf","title":"Legend series end user flyer de 2023 07 screen","mpn":"","thumbnail":"https:\/\/dev.codekraft.it\/ravaglioli.it\/wp-content\/uploads\/brb_media\/00510147_legend-series-end-user-flyer-de-2023-07-screen-pdf-106x150.png","description":""},{"id":76136,"url":"https:\/\/dev.codekraft.it\/ravaglioli.it\/wp-content\/uploads\/brb_media\/00510148_legend-series-end-user-flyer-en-2023-07-screen.pdf","title":"Legend series end user flyer en 2023 07 screen","mpn":"","thumbnail":"https:\/\/dev.codekraft.it\/ravaglioli.it\/wp-content\/uploads\/brb_media\/00510148_legend-series-end-user-flyer-en-2023-07-screen-pdf-106x150.png","description":""},{"id":76137,"url":"https:\/\/dev.codekraft.it\/ravaglioli.it\/wp-content\/uploads\/brb_media\/00510149_legend-series-end-user-flyer-fr-2023-07-screen.pdf","title":"Legend series end user flyer fr 2023 07 screen","mpn":"","thumbnail":"https:\/\/dev.codekraft.it\/ravaglioli.it\/wp-content\/uploads\/brb_media\/00510149_legend-series-end-user-flyer-fr-2023-07-screen-pdf-106x150.png","description":""},{"id":76138,"url":"https:\/\/dev.codekraft.it\/ravaglioli.it\/wp-content\/uploads\/brb_media\/00510150_legend-series-end-user-flyer-it-2023-07-screen.pdf","title":"Legend series end user flyer it 2023 07 screen","mpn":"","thumbnail":"https:\/\/dev.codekraft.it\/ravaglioli.it\/wp-content\/uploads\/brb_media\/00510150_legend-series-end-user-flyer-it-2023-07-screen-pdf-106x150.png","description":""},{"id":76139,"url":"https:\/\/dev.codekraft.it\/ravaglioli.it\/wp-content\/uploads\/brb_media\/00510151_legend-series-end-user-flyer-es-2023-07-screen.pdf","title":"Legend series end user flyer es 2023 07 screen","mpn":"","thumbnail":"https:\/\/dev.codekraft.it\/ravaglioli.it\/wp-content\/uploads\/brb_media\/00510151_legend-series-end-user-flyer-es-2023-07-screen-pdf-106x150.png","description":""},{"id":119210,"url":"https:\/\/dev.codekraft.it\/ravaglioli.it\/wp-content\/uploads\/brb_media\/00510153_legend-series-end-user-flyer-ru-2023-07-screen.pdf","title":"Legend series end user flyer ru 2023 07 screen","mpn":"","thumbnail":"https:\/\/dev.codekraft.it\/ravaglioli.it\/wp-content\/uploads\/brb_media\/00510153_legend-series-end-user-flyer-ru-2023-07-screen-pdf-106x150.png","description":""}],"brb_media_drawing":[{"id":150489,"url":"https:\/\/dev.codekraft.it\/ravaglioli.it\/wp-content\/uploads\/brb_media\/00519660_2-post-lifts-kpx42lik_elik-td-0473_0719_1_00-en-2023-11.pdf","title":"2 post lifts KPX42LIK ELIK TD 0473 0719 1 00 en 2023 11","mpn":"","thumbnail":"https:\/\/dev.codekraft.it\/ravaglioli.it\/wp-content\/uploads\/brb_media\/00519660_2-post-lifts-kpx42lik_elik-td-0473_0719_1_00-en-2023-11-pdf-150x107.png","description":""},{"id":150490,"url":"https:\/\/dev.codekraft.it\/ravaglioli.it\/wp-content\/uploads\/brb_media\/00512815_2-post-lift-kpx42lik-pickup-matrix-0473_0702_0_01-en-2023-11.pdf","title":"2 post lift KPX42LIK Pickup matrix 0473 0702 0 01 en 2023 11","mpn":"","thumbnail":"https:\/\/dev.codekraft.it\/ravaglioli.it\/wp-content\/uploads\/brb_media\/00512815_2-post-lift-kpx42lik-pickup-matrix-0473_0702_0_01-en-2023-11-pdf-150x106.png","description":""}],"brb_media_manuals":[{"id":149933,"url":"https:\/\/dev.codekraft.it\/ravaglioli.it\/wp-content\/uploads\/brb_media\/00535682_2-post-lifts-symmetrical_lifts-p-united_im-0473m0120-rev2-zuffa-multi-2024-12.pdf","title":"2 post lifts symmetrical lifts p united im 0473m0120 rev2 zuffa multi 2024 12","mpn":"","thumbnail":"https:\/\/dev.codekraft.it\/ravaglioli.it\/wp-content\/uploads\/brb_media\/00535682_2-post-lifts-symmetrical_lifts-p-united_im-0473m0120-rev2-zuffa-multi-2024-12-pdf-106x150.png","description":""}],"brb_media_safety_datasheets":"","brb_media_spare_parts":[],"_cdmm_p_id":"502549","_company":"Ravaglioli","_gtin":"5063084198488","accessories":[{"id":152175,"mpn":"VSG.2CALL.901453","name":"Placas estabilizadoras","description":"4 \/ 4,2 \/ 4,5 t | permite la instalaci\u00f3n del elevador incluso en calidades del hormig\u00f3n inferiores a las requeridas | 1 juego \/ 2 piezas","thumbnail":"https:\/\/dev.codekraft.it\/ravaglioli.it\/wp-content\/uploads\/brb_media\/00535984_2-post-lift-vsg2call901453-mi-150x150.png","url":"https:\/\/dev.codekraft.it\/ravaglioli.it\/es\/product\/placas-estabilizadoras\/"},{"id":152181,"mpn":"VSG.2CELM.902498","name":"Instalaci\u00f3n del cableado en el suelo","description":"Permite enterrar los cables de conexi\u00f3n | 1 pieza","thumbnail":"https:\/\/dev.codekraft.it\/ravaglioli.it\/wp-content\/uploads\/brb_media\/00507202_2-post-lift-vsg2celm902498-mi-150x150.png","url":"https:\/\/dev.codekraft.it\/ravaglioli.it\/es\/product\/instalacion-del-cableado-en-el-suelo\/"},{"id":154702,"mpn":"VSG.2CALL.902641","name":"Bandejas para herramientas","description":"Magn\u00e9tico | 1 juego \/ 2 piezas","thumbnail":"https:\/\/dev.codekraft.it\/ravaglioli.it\/wp-content\/uploads\/brb_media\/00509504_2-post-lift-vsg2call902641-mi-150x150.png","url":"https:\/\/dev.codekraft.it\/ravaglioli.it\/es\/product\/bandejas-para-herramientas\/"},{"id":155971,"mpn":"VSG.2CALL.901071","name":"Extensiones de adaptadores para elevadores electromec\u00e1nicos","description":"4 x 89 mm, 4 x 127 mm, incl. 2 soportes para montaje en los pilares | 1 juego \/ 8 piezas","thumbnail":"https:\/\/dev.codekraft.it\/ravaglioli.it\/wp-content\/uploads\/brb_media\/00508736_2-post-lift-vsg2call901071-mi-150x150.png","url":"https:\/\/dev.codekraft.it\/ravaglioli.it\/es\/product\/extensiones-de-adaptadores-para-elevadores-electromecanicos\/"},{"id":155977,"mpn":"VSG.2CALL.901248","name":"Extensiones de adaptadores","description":"4 x 200 mm, incl. soporte para montaje en los pilares | 1 juego \/ 4 pieza","thumbnail":"https:\/\/dev.codekraft.it\/ravaglioli.it\/wp-content\/uploads\/brb_media\/00505099_2-post-lift-vsg2call901248-mi-150x150.png","url":"https:\/\/dev.codekraft.it\/ravaglioli.it\/es\/product\/extensiones-de-adaptadores\/"},{"id":156001,"mpn":"VSG.2CELM.901927","name":"C\u00e1ncamo para el desplazamiento de las columnas","description":"3,5 t - 4,2 t | Facilita la instalaci\u00f3n del elevador, reutilizable para otras instalaciones | 1 juego","thumbnail":"https:\/\/dev.codekraft.it\/ravaglioli.it\/wp-content\/uploads\/brb_media\/00512726_2-post-lift-vsg2celm901927-mi-01-150x150.png","url":"https:\/\/dev.codekraft.it\/ravaglioli.it\/es\/product\/cancamo-para-el-desplazamiento-de-las-columnas-2\/"},{"id":155983,"mpn":"VSG.2CALL.901163","name":"Juego de adaptadores","description":"Juego de adaptadores para tacos para levantamiento del chasis \u00d8 120 mm (1 juego con 2 unidades), para plataforma giratoria","thumbnail":"https:\/\/dev.codekraft.it\/ravaglioli.it\/wp-content\/uploads\/brb_media\/00524050_2-post-lift-fj6353-1-mi-150x150.png","url":"https:\/\/dev.codekraft.it\/ravaglioli.it\/es\/product\/juego-de-adaptadores\/"},{"id":155995,"mpn":"VSG.2CELM.902344","name":"Ajuste de altura del travesa\u00f1o","description":"Juego de aumentode la altura del tendido de cables a\u00e9reo hasta  +1,5 m | para plataformas de husillo | 1 juego","thumbnail":"https:\/\/dev.codekraft.it\/ravaglioli.it\/wp-content\/uploads\/brb_media\/00509506_2-post-lift-vsg2celm902344-mi-150x150.png","url":"https:\/\/dev.codekraft.it\/ravaglioli.it\/es\/product\/ajuste-de-altura-del-travesano\/"},{"id":154690,"mpn":"VSG.2CALL.902818","name":"Juego de rampitas","description":"Altura de rampa 60 mm, para veh\u00edculos extremadamente bajos | 1 juego \/ 2 piezas","thumbnail":"https:\/\/dev.codekraft.it\/ravaglioli.it\/wp-content\/uploads\/brb_media\/00509501_2-post-lift-vsg2call902818-mi-150x150.png","url":"https:\/\/dev.codekraft.it\/ravaglioli.it\/es\/product\/juego-de-rampitas\/"},{"id":154696,"mpn":"VSG.2CALL.902085","name":"Soportes de alineaci\u00f3n de ruedas","description":"1 juego \/ 4 piezas","thumbnail":"https:\/\/dev.codekraft.it\/ravaglioli.it\/wp-content\/uploads\/brb_media\/00509503_2-post-lift-vsg2call902085-mi-150x150.png","url":"https:\/\/dev.codekraft.it\/ravaglioli.it\/es\/product\/soportes-de-alineacion-de-ruedas\/"},{"id":157051,"mpn":"VSG.2CELM.903044","name":"Extensiones de brazo de soporte","description":"Capacidad de carga reducida a 3,5 t | para brazos LIK | 1 juego \/ 2 piezas","thumbnail":"https:\/\/dev.codekraft.it\/ravaglioli.it\/wp-content\/uploads\/brb_media\/00522624_2-post-lift-vsg2celm903044-150x150.png","url":"https:\/\/dev.codekraft.it\/ravaglioli.it\/es\/product\/extensiones-de-brazo-de-soporte\/"}],"components":[],"delivery":[],"package":[],"related":[],"similar":[{"id":154311,"mpn":"RAV.KPX42.198440","name":"Elevador de 2 columnas KPX42LIK","description":"4,2 t, electromec\u00e1nico, sim\u00e9trico, 4 brazos de 3 secciones, TEq-Link","thumbnail":"https:\/\/dev.codekraft.it\/ravaglioli.it\/wp-content\/uploads\/brb_media\/00509752_2-post-lifts-kpx42_42lik-mi-150x150.png","url":"https:\/\/dev.codekraft.it\/ravaglioli.it\/es\/product\/elevador-de-2-columnas-kpx42lik\/"}],"page_logo_src":"https:\/\/dev.codekraft.it\/ravaglioli.it\/wp-content\/uploads\/2026\/04\/rav-negative-logo-1.png","lang":"es","translations":{"es":154317,"en":154313,"de":154314,"fr":154315,"it":154316,"ru":154318},"pll_sync_post":[],"_links":{"self":[{"href":"https:\/\/dev.codekraft.it\/ravaglioli.it\/wp-json\/wp\/v2\/product\/154317","targetHints":{"allow":["GET"]}}],"collection":[{"href":"https:\/\/dev.codekraft.it\/ravaglioli.it\/wp-json\/wp\/v2\/product"}],"about":[{"href":"https:\/\/dev.codekraft.it\/ravaglioli.it\/wp-json\/wp\/v2\/types\/product"}],"wp:featuredmedia":[{"embeddable":true,"href":"https:\/\/dev.codekraft.it\/ravaglioli.it\/wp-json\/wp\/v2\/media\/43182"}],"wp:attachment":[{"href":"https:\/\/dev.codekraft.it\/ravaglioli.it\/wp-json\/wp\/v2\/media?parent=154317"}],"wp:term":[{"taxonomy":"product_brand","embeddable":true,"href":"https:\/\/dev.codekraft.it\/ravaglioli.it\/wp-json\/wp\/v2\/product_brand?post=154317"},{"taxonomy":"product_cat","embeddable":true,"href":"https:\/\/dev.codekraft.it\/ravaglioli.it\/wp-json\/wp\/v2\/product_cat?post=154317"},{"taxonomy":"product_tag","embeddable":true,"href":"https:\/\/dev.codekraft.it\/ravaglioli.it\/wp-json\/wp\/v2\/product_tag?post=154317"},{"taxonomy":"product_approvals","embeddable":true,"href":"https:\/\/dev.codekraft.it\/ravaglioli.it\/wp-json\/wp\/v2\/product_approvals?post=154317"},{"taxonomy":"product_application","embeddable":true,"href":"https:\/\/dev.codekraft.it\/ravaglioli.it\/wp-json\/wp\/v2\/product_application?post=154317"}],"curies":[{"name":"wp","href":"https:\/\/api.w.org\/{rel}","templated":true}]}}