{"id":154314,"date":"2025-08-05T09:51:50","date_gmt":"2025-08-05T08:51:50","guid":{"rendered":"https:\/\/dev.codekraft.it\/ravaglioli.it\/product\/2-saulen-hebebuhne-kpx42elik\/"},"modified":"2026-01-14T21:11:35","modified_gmt":"2026-01-14T21:11:35","slug":"2-saulen-hebebuhne-kpx42elik","status":"publish","type":"product","link":"https:\/\/dev.codekraft.it\/ravaglioli.it\/de\/product\/2-saulen-hebebuhne-kpx42elik\/","title":{"rendered":"2-S\u00e4ulen-Hebeb\u00fchne KPX42ELIK"},"content":{"rendered":"<p>From History to the Future<\/p>\n<ul>\n<li>Modernes Design: eine moderne Gestaltung, die die Werkstatt in Sachen Stil und Benutzerfreundlichkeit auf den neuesten Stand bringt<\/li>\n<li>Innovative DNA: bew\u00e4hrte, hochwertige Komponenten, getestet mit 20000 Hub-Zyklen<\/li>\n<li>Zukunftssicher: Die Hebeb\u00fchnen sind f\u00fcr das Werkstattkonnektivit\u00e4tssystem TEq-Link konzipiert<\/li>\n<\/ul>\n<p>Die aus den erfolgreichsten 2-S\u00e4ulen-Hebeb\u00fchnen hervorgegangene Legend-Serie verbindet das technische Know-how von Ravaglioli zu einem innovativen Angebot. Die Zukunft im Blick, aber die Vergangenheit stets w\u00fcrdigend, hat sich Ravaglioli ein wichtiges Ziel gesetzt: Die Leistung muss mit dem Design \u00fcbereinstimmen.<\/p>\n<ul>\n<li>Anheben\/Absenken \u00fcber Drucktasten auf ergonomischer H\u00f6he.<\/li>\n<li>Mindesth\u00f6he der Tragteller auch f\u00fcr die asymmetrische Aufnahme von Sonderschutzfahrzeugen geeignet.<\/li>\n<li>Smarter und flexibler Aufbau &#8211; Bis zu 20 % k\u00fcrzere Installationszeit: Durch die elektronische Synchronisierung werden der Einbau und die Einstellung des Ausgleichsseils \u00fcberfl\u00fcssig. Die Hebeb\u00fchnen k\u00f6nnen durch die drei breitenverstellbaren Aufbaupositionen flexibel installiert werden.<\/li>\n<li>Mehr Platz f\u00fcr die Bewegung um das Fahrzeug herum.<\/li>\n<li>TEq-Link connected workshop &#8211; Alle Modelle dieser Serie sind mit Tasten zum Anheben\/Absenken und TEq-Link Konnektivit\u00e4t ausgestattet.<\/li>\n<\/ul>\n<ul>\n<li>Symmetrische Armkonfiguration (vier lange Arme)<\/li>\n<li>Konzipiert f\u00fcr das Heben von Kleintransportern mit langem Radstand<\/li>\n<\/ul>\n<ul>\n<li>Automatische Armarretierung, erleichtert durch eine konische Geometrie<\/li>\n<li>Hochleistungsmotoren<\/li>\n<li>E-Version mit Bedienung auf beiden Seiten und Energy kit<\/li>\n<li>Automatische Dauerschmierung der Muttern zur Gew\u00e4hrleistung eines effektiven Betriebs w\u00e4hrend des Hoch- und Runterfahrens<\/li>\n<li>Gerollte Spindel aus geh\u00e4rtetem Stahl f\u00fcr eine lange Lebensdauer<\/li>\n<li>Ausgestattet mit einem akustischen Fu\u00dfschutzsystem &#8211; Frei von mechanischen Fu\u00dfschutzvorrichtungen<\/li>\n<li>M\u00f6glichkeit das Kabel f\u00fcr die Ausgleichsteuerung im Boden zu verlegen<\/li>\n<li>Premiumqualit\u00e4t der Komponenten:\n<ul>\n<li>Aluminium-Riemenscheibe mit K\u00fchlfunktion<\/li>\n<li>Langlebige Lager<\/li>\n<li>50 % l\u00e4ngere Bronze-Tragmutter<\/li>\n<li>Motoren mit verst\u00e4rktem Geh\u00e4use und K\u00fchlk\u00f6rper<\/li>\n<li>Robuste automatische Armverriegelung<\/li>\n<\/ul>\n<\/li>\n<\/ul>\n","protected":false},"excerpt":{"rendered":"<p>4,2 t, elektromechanisch, Doppelsteuerpult, symmetrisch, 4 x 3-teilige Tragarme, TEq-Link, Energie-Kit<\/p>\n","protected":false},"featured_media":43182,"template":"","meta":[],"product_brand":[],"product_cat":[57860],"product_tag":[58287,58323,58340],"product_approvals":[],"product_application":[],"class_list":{"0":"post-154314","1":"product","2":"type-product","3":"status-publish","4":"has-post-thumbnail","6":"product_cat-2-saulen-hebebuhnen-de","7":"product_tag-passenger-cars-de","8":"product_tag-light-commercial-de","9":"product_tag-motor-homes-de","11":"first","12":"instock","13":"shipping-taxable","14":"product-type-simple"},"approvals":[],"application":[],"brb_media_brochure":[{"id":150477,"url":"https:\/\/dev.codekraft.it\/ravaglioli.it\/wp-content\/uploads\/brb_media\/00528404_2-post-lift-kpx42-55-br-de-07-2024-screen.pdf","title":"2 post lift kpx42 55 br de 07 2024 screen","mpn":"","thumbnail":"https:\/\/dev.codekraft.it\/ravaglioli.it\/wp-content\/uploads\/brb_media\/00528404_2-post-lift-kpx42-55-br-de-07-2024-screen-pdf-106x150.png","description":""},{"id":150478,"url":"https:\/\/dev.codekraft.it\/ravaglioli.it\/wp-content\/uploads\/brb_media\/00528405_2-post-lift-kpx42-55-br-en-07-2024-screen.pdf","title":"2 post lift kpx42 55 br en 07 2024 screen","mpn":"","thumbnail":"https:\/\/dev.codekraft.it\/ravaglioli.it\/wp-content\/uploads\/brb_media\/00528405_2-post-lift-kpx42-55-br-en-07-2024-screen-pdf-106x150.png","description":""},{"id":150479,"url":"https:\/\/dev.codekraft.it\/ravaglioli.it\/wp-content\/uploads\/brb_media\/00528406_2-post-lift-kpx42-55-br-fr-07-2024-screen.pdf","title":"2 post lift kpx42 55 br fr 07 2024 screen","mpn":"","thumbnail":"https:\/\/dev.codekraft.it\/ravaglioli.it\/wp-content\/uploads\/brb_media\/00528406_2-post-lift-kpx42-55-br-fr-07-2024-screen-pdf-106x150.png","description":""},{"id":150480,"url":"https:\/\/dev.codekraft.it\/ravaglioli.it\/wp-content\/uploads\/brb_media\/00528407_2-post-lift-kpx42-55-br-it-07-2024-screen.pdf","title":"2 post lift kpx42 55 br it 07 2024 screen","mpn":"","thumbnail":"https:\/\/dev.codekraft.it\/ravaglioli.it\/wp-content\/uploads\/brb_media\/00528407_2-post-lift-kpx42-55-br-it-07-2024-screen-pdf-106x150.png","description":""},{"id":150481,"url":"https:\/\/dev.codekraft.it\/ravaglioli.it\/wp-content\/uploads\/brb_media\/00528408_2-post-lift-kpx42-55-br-es-07-2024-screen.pdf","title":"2 post lift kpx42 55 br es 07 2024 screen","mpn":"","thumbnail":"https:\/\/dev.codekraft.it\/ravaglioli.it\/wp-content\/uploads\/brb_media\/00528408_2-post-lift-kpx42-55-br-es-07-2024-screen-pdf-106x150.png","description":""},{"id":150482,"url":"https:\/\/dev.codekraft.it\/ravaglioli.it\/wp-content\/uploads\/brb_media\/00528409_2-post-lift-kpx42-55-br-ru-07-2024-screen.pdf","title":"2 post lift kpx42 55 br ru 07 2024 screen","mpn":"","thumbnail":"https:\/\/dev.codekraft.it\/ravaglioli.it\/wp-content\/uploads\/brb_media\/00528409_2-post-lift-kpx42-55-br-ru-07-2024-screen-pdf-106x150.png","description":""},{"id":76135,"url":"https:\/\/dev.codekraft.it\/ravaglioli.it\/wp-content\/uploads\/brb_media\/00510147_legend-series-end-user-flyer-de-2023-07-screen.pdf","title":"Legend series end user flyer de 2023 07 screen","mpn":"","thumbnail":"https:\/\/dev.codekraft.it\/ravaglioli.it\/wp-content\/uploads\/brb_media\/00510147_legend-series-end-user-flyer-de-2023-07-screen-pdf-106x150.png","description":""},{"id":76136,"url":"https:\/\/dev.codekraft.it\/ravaglioli.it\/wp-content\/uploads\/brb_media\/00510148_legend-series-end-user-flyer-en-2023-07-screen.pdf","title":"Legend series end user flyer en 2023 07 screen","mpn":"","thumbnail":"https:\/\/dev.codekraft.it\/ravaglioli.it\/wp-content\/uploads\/brb_media\/00510148_legend-series-end-user-flyer-en-2023-07-screen-pdf-106x150.png","description":""},{"id":76137,"url":"https:\/\/dev.codekraft.it\/ravaglioli.it\/wp-content\/uploads\/brb_media\/00510149_legend-series-end-user-flyer-fr-2023-07-screen.pdf","title":"Legend series end user flyer fr 2023 07 screen","mpn":"","thumbnail":"https:\/\/dev.codekraft.it\/ravaglioli.it\/wp-content\/uploads\/brb_media\/00510149_legend-series-end-user-flyer-fr-2023-07-screen-pdf-106x150.png","description":""},{"id":76138,"url":"https:\/\/dev.codekraft.it\/ravaglioli.it\/wp-content\/uploads\/brb_media\/00510150_legend-series-end-user-flyer-it-2023-07-screen.pdf","title":"Legend series end user flyer it 2023 07 screen","mpn":"","thumbnail":"https:\/\/dev.codekraft.it\/ravaglioli.it\/wp-content\/uploads\/brb_media\/00510150_legend-series-end-user-flyer-it-2023-07-screen-pdf-106x150.png","description":""},{"id":76139,"url":"https:\/\/dev.codekraft.it\/ravaglioli.it\/wp-content\/uploads\/brb_media\/00510151_legend-series-end-user-flyer-es-2023-07-screen.pdf","title":"Legend series end user flyer es 2023 07 screen","mpn":"","thumbnail":"https:\/\/dev.codekraft.it\/ravaglioli.it\/wp-content\/uploads\/brb_media\/00510151_legend-series-end-user-flyer-es-2023-07-screen-pdf-106x150.png","description":""},{"id":119210,"url":"https:\/\/dev.codekraft.it\/ravaglioli.it\/wp-content\/uploads\/brb_media\/00510153_legend-series-end-user-flyer-ru-2023-07-screen.pdf","title":"Legend series end user flyer ru 2023 07 screen","mpn":"","thumbnail":"https:\/\/dev.codekraft.it\/ravaglioli.it\/wp-content\/uploads\/brb_media\/00510153_legend-series-end-user-flyer-ru-2023-07-screen-pdf-106x150.png","description":""}],"brb_media_drawing":[{"id":150489,"url":"https:\/\/dev.codekraft.it\/ravaglioli.it\/wp-content\/uploads\/brb_media\/00519660_2-post-lifts-kpx42lik_elik-td-0473_0719_1_00-en-2023-11.pdf","title":"2 post lifts KPX42LIK ELIK TD 0473 0719 1 00 en 2023 11","mpn":"","thumbnail":"https:\/\/dev.codekraft.it\/ravaglioli.it\/wp-content\/uploads\/brb_media\/00519660_2-post-lifts-kpx42lik_elik-td-0473_0719_1_00-en-2023-11-pdf-150x107.png","description":""},{"id":150490,"url":"https:\/\/dev.codekraft.it\/ravaglioli.it\/wp-content\/uploads\/brb_media\/00512815_2-post-lift-kpx42lik-pickup-matrix-0473_0702_0_01-en-2023-11.pdf","title":"2 post lift KPX42LIK Pickup matrix 0473 0702 0 01 en 2023 11","mpn":"","thumbnail":"https:\/\/dev.codekraft.it\/ravaglioli.it\/wp-content\/uploads\/brb_media\/00512815_2-post-lift-kpx42lik-pickup-matrix-0473_0702_0_01-en-2023-11-pdf-150x106.png","description":""}],"brb_media_manuals":[{"id":149933,"url":"https:\/\/dev.codekraft.it\/ravaglioli.it\/wp-content\/uploads\/brb_media\/00535682_2-post-lifts-symmetrical_lifts-p-united_im-0473m0120-rev2-zuffa-multi-2024-12.pdf","title":"2 post lifts symmetrical lifts p united im 0473m0120 rev2 zuffa multi 2024 12","mpn":"","thumbnail":"https:\/\/dev.codekraft.it\/ravaglioli.it\/wp-content\/uploads\/brb_media\/00535682_2-post-lifts-symmetrical_lifts-p-united_im-0473m0120-rev2-zuffa-multi-2024-12-pdf-106x150.png","description":""}],"brb_media_safety_datasheets":"","brb_media_spare_parts":[],"_cdmm_p_id":"502549","_company":"Ravaglioli","_gtin":"5063084198488","accessories":[{"id":152172,"mpn":"VSG.2CALL.901453","name":"St\u00fctzplatten","description":"4 \/ 4,2 \/ 4,5 t | erm\u00f6glichen die Installation auf B\u00f6den mit geringer Tragf\u00e4higkeit oder geringer Betondicke | 1 Satz \/ 2 St\u00fcck","thumbnail":"https:\/\/dev.codekraft.it\/ravaglioli.it\/wp-content\/uploads\/brb_media\/00535984_2-post-lift-vsg2call901453-mi-150x150.png","url":"https:\/\/dev.codekraft.it\/ravaglioli.it\/de\/product\/stutzplatten\/"},{"id":152178,"mpn":"VSG.2CELM.902498","name":"Bodenkabelf\u00fchrung","description":"Verlegung des Verbindungskabels zwischen den S\u00e4ulen im Boden | 1 St\u00fcck","thumbnail":"https:\/\/dev.codekraft.it\/ravaglioli.it\/wp-content\/uploads\/brb_media\/00507202_2-post-lift-vsg2celm902498-mi-150x150.png","url":"https:\/\/dev.codekraft.it\/ravaglioli.it\/de\/product\/bodenkabelfuhrung\/"},{"id":154699,"mpn":"VSG.2CALL.902641","name":"Werkzeug-Ablageschalen","description":"Magnetisch | 1 Satz \/ 2 St\u00fcck","thumbnail":"https:\/\/dev.codekraft.it\/ravaglioli.it\/wp-content\/uploads\/brb_media\/00509504_2-post-lift-vsg2call902641-mi-150x150.png","url":"https:\/\/dev.codekraft.it\/ravaglioli.it\/de\/product\/werkzeug-ablageschalen\/"},{"id":155968,"mpn":"VSG.2CALL.901071","name":"Adapterverl\u00e4ngerungen f\u00fcr elektromechanische Hebeb\u00fchnen","description":"4 x 89 mm, 4 x 127 mm, inkl. 2 Halterungen zur Montage an den S\u00e4ulen | 1 Satz \/ 8 St\u00fcck","thumbnail":"https:\/\/dev.codekraft.it\/ravaglioli.it\/wp-content\/uploads\/brb_media\/00508736_2-post-lift-vsg2call901071-mi-150x150.png","url":"https:\/\/dev.codekraft.it\/ravaglioli.it\/de\/product\/adapterverlangerungen-fur-elektromechanische-hebebuhnen\/"},{"id":155974,"mpn":"VSG.2CALL.901248","name":"Adapterverl\u00e4ngerungen","description":"4 x 200 mm, inkl. Halterung zur Montage an den S\u00e4ulen | 1 Satz \/ 4 St\u00fcck","thumbnail":"https:\/\/dev.codekraft.it\/ravaglioli.it\/wp-content\/uploads\/brb_media\/00505099_2-post-lift-vsg2call901248-mi-150x150.png","url":"https:\/\/dev.codekraft.it\/ravaglioli.it\/de\/product\/adapterverlangerungen\/"},{"id":155998,"mpn":"VSG.2CELM.901927","name":"Montagevorrichtung","description":"3,2 t - 4,2 t | f\u00fcr eine leichtere Montage der Hebeb\u00fchne, kann auch f\u00fcr andere Installationen wiederverwendet werden | 1 Satz","thumbnail":"https:\/\/dev.codekraft.it\/ravaglioli.it\/wp-content\/uploads\/brb_media\/00512726_2-post-lift-vsg2celm901927-mi-01-150x150.png","url":"https:\/\/dev.codekraft.it\/ravaglioli.it\/de\/product\/montagevorrichtung-4\/"},{"id":155980,"mpn":"VSG.2CALL.901163","name":"Adapter-Satz","description":"Adapter-Satz f\u00fcr Tragteller zur Rahmenaufnahme \u00d8 120 mm (1 Satz, 2 St.)","thumbnail":"https:\/\/dev.codekraft.it\/ravaglioli.it\/wp-content\/uploads\/brb_media\/00524050_2-post-lift-fj6353-1-mi-150x150.png","url":"https:\/\/dev.codekraft.it\/ravaglioli.it\/de\/product\/adapter-satz\/"},{"id":155992,"mpn":"VSG.2CELM.902344","name":"Galgenerh\u00f6hung","description":"Bausatz zur Erh\u00f6hung der Oberleitungskabeldurchf\u00fchrung um bis zu +1,5 m | f\u00fcr Spindelb\u00fchnen | 1 Satz","thumbnail":"https:\/\/dev.codekraft.it\/ravaglioli.it\/wp-content\/uploads\/brb_media\/00509506_2-post-lift-vsg2celm902344-mi-150x150.png","url":"https:\/\/dev.codekraft.it\/ravaglioli.it\/de\/product\/galgenerhohung\/"},{"id":154687,"mpn":"VSG.2CALL.902818","name":"Rampen","description":"Rampenh\u00f6he 60 mm, f\u00fcr extrem niedrige Fahrzeuge | 1 Satz \/ 4 St\u00fcck","thumbnail":"https:\/\/dev.codekraft.it\/ravaglioli.it\/wp-content\/uploads\/brb_media\/00509501_2-post-lift-vsg2call902818-mi-150x150.png","url":"https:\/\/dev.codekraft.it\/ravaglioli.it\/de\/product\/rampen\/"},{"id":154693,"mpn":"VSG.2CALL.902085","name":"Achsmessb\u00f6cke","description":"1 Satz \/ 4 St\u00fcck","thumbnail":"https:\/\/dev.codekraft.it\/ravaglioli.it\/wp-content\/uploads\/brb_media\/00509503_2-post-lift-vsg2call902085-mi-150x150.png","url":"https:\/\/dev.codekraft.it\/ravaglioli.it\/de\/product\/achsmessbocke\/"},{"id":157048,"mpn":"VSG.2CELM.903044","name":"Tragarmverl\u00e4ngerungen","description":"Tragkraft reduziert sich auf 3,5 t | f\u00fcr LIK-Arme | 1 Satz \/ 2 St\u00fcck","thumbnail":"https:\/\/dev.codekraft.it\/ravaglioli.it\/wp-content\/uploads\/brb_media\/00522624_2-post-lift-vsg2celm903044-150x150.png","url":"https:\/\/dev.codekraft.it\/ravaglioli.it\/de\/product\/tragarmverlangerungen\/"}],"components":[],"delivery":[],"package":[],"related":[],"similar":[{"id":154308,"mpn":"RAV.KPX42.198440","name":"2-S\u00e4ulen-Hebeb\u00fchne KPX42LIK","description":"4,2 t, elektromechanisch, symmetrisch, 4 x 3-teilige Tragarme, TEq-Link","thumbnail":"https:\/\/dev.codekraft.it\/ravaglioli.it\/wp-content\/uploads\/brb_media\/00509752_2-post-lifts-kpx42_42lik-mi-150x150.png","url":"https:\/\/dev.codekraft.it\/ravaglioli.it\/de\/product\/2-saulen-hebebuhne-kpx42lik\/"}],"page_logo_src":"https:\/\/dev.codekraft.it\/ravaglioli.it\/wp-content\/uploads\/2026\/04\/rav-negative-logo-1.png","lang":"de","translations":{"de":154314,"en":154313,"fr":154315,"it":154316,"es":154317,"ru":154318},"pll_sync_post":[],"_links":{"self":[{"href":"https:\/\/dev.codekraft.it\/ravaglioli.it\/wp-json\/wp\/v2\/product\/154314","targetHints":{"allow":["GET"]}}],"collection":[{"href":"https:\/\/dev.codekraft.it\/ravaglioli.it\/wp-json\/wp\/v2\/product"}],"about":[{"href":"https:\/\/dev.codekraft.it\/ravaglioli.it\/wp-json\/wp\/v2\/types\/product"}],"wp:featuredmedia":[{"embeddable":true,"href":"https:\/\/dev.codekraft.it\/ravaglioli.it\/wp-json\/wp\/v2\/media\/43182"}],"wp:attachment":[{"href":"https:\/\/dev.codekraft.it\/ravaglioli.it\/wp-json\/wp\/v2\/media?parent=154314"}],"wp:term":[{"taxonomy":"product_brand","embeddable":true,"href":"https:\/\/dev.codekraft.it\/ravaglioli.it\/wp-json\/wp\/v2\/product_brand?post=154314"},{"taxonomy":"product_cat","embeddable":true,"href":"https:\/\/dev.codekraft.it\/ravaglioli.it\/wp-json\/wp\/v2\/product_cat?post=154314"},{"taxonomy":"product_tag","embeddable":true,"href":"https:\/\/dev.codekraft.it\/ravaglioli.it\/wp-json\/wp\/v2\/product_tag?post=154314"},{"taxonomy":"product_approvals","embeddable":true,"href":"https:\/\/dev.codekraft.it\/ravaglioli.it\/wp-json\/wp\/v2\/product_approvals?post=154314"},{"taxonomy":"product_application","embeddable":true,"href":"https:\/\/dev.codekraft.it\/ravaglioli.it\/wp-json\/wp\/v2\/product_application?post=154314"}],"curies":[{"name":"wp","href":"https:\/\/api.w.org\/{rel}","templated":true}]}}