{"id":154309,"date":"2025-11-20T10:26:31","date_gmt":"2025-11-20T10:26:31","guid":{"rendered":"https:\/\/dev.codekraft.it\/ravaglioli.it\/product\/pont-elevateur-a-2-colonnes-kpx42lik\/"},"modified":"2026-01-14T21:10:35","modified_gmt":"2026-01-14T21:10:35","slug":"pont-elevateur-a-2-colonnes-kpx42lik","status":"publish","type":"product","link":"https:\/\/dev.codekraft.it\/ravaglioli.it\/fr\/product\/pont-elevateur-a-2-colonnes-kpx42lik\/","title":{"rendered":"Pont \u00e9l\u00e9vateur \u00e0 2 colonnes KPX42LIK"},"content":{"rendered":"<p>Legend Series &#8211; From History to the Future<\/p>\n<ul>\n<li>Design actualis\u00e9\u00a0: un contour moderne qui apporte modernit\u00e9 et facilit\u00e9 d\u2019utilisation \u00e0 l\u2019atelier<\/li>\n<li>ADN innovant\u00a0: des composants durables de haute qualit\u00e9, test\u00e9s pour 20000 cycles<\/li>\n<li>\u00c9volutivit\u00e9\u00a0: les ponts \u00e9l\u00e9vateurs sont con\u00e7us pour le syst\u00e8me de connectivit\u00e9 en atelier TEq-Link<\/li>\n<\/ul>\n<p>Issue des ponts \u00e9l\u00e9vateurs \u00e0 2 colonnes les plus vendus, la Legend Series consolide les connaissances en ing\u00e9nierie de Ravaglioli et les transforme en un ensemble innovant. Tourn\u00e9e vers l\u2019avenir tout en honorant le pass\u00e9, Ravaglioli s\u2019est fix\u00e9 un objectif important : unir performances et design.<\/p>\n<ul>\n<li>Mont\u00e9e et descente contr\u00f4l\u00e9es en appuyant sur un bouton plac\u00e9 \u00e0 une hauteur ergonomique.<\/li>\n<li>Hauteur minimale des tampons adapt\u00e9e au chargement asym\u00e9trique, y compris des voitures blind\u00e9es.<\/li>\n<li>Installation intelligente et flexible &#8211; Am\u00e9lioration jusqu\u2019\u00e0 20 % du temps d\u2019installation. La synchronisation \u00e9lectronique permet d\u2019\u00e9viter l\u2019installation et le r\u00e9glage du c\u00e2ble d\u2019\u00e9galisation. Les ponts \u00e9l\u00e9vateurs peuvent \u00eatre install\u00e9s de mani\u00e8re flexible gr\u00e2ce \u00e0 trois positions r\u00e9glables en largeur.<\/li>\n<li>Plus d\u2019espace pour se d\u00e9placer autour du v\u00e9hicule &#8211; Le pont \u00e9l\u00e9vateur est con\u00e7u de mani\u00e8re \u00e0 maximiser sa disposition tout en assurant un minimum d\u2019espace.<\/li>\n<li>TEq-Link connected workshop. Tous les mod\u00e8les de cette s\u00e9rie sont dot\u00e9s de boutons de mont\u00e9e\/descente et connectivit\u00e9 TEq-Link.<\/li>\n<\/ul>\n<ul>\n<li>Configuration sym\u00e9trique des bras (quatre bras longs)<\/li>\n<li>Con\u00e7u pour le levage de fourgons \u00e0 empattement long<\/li>\n<\/ul>\n<ul>\n<li>Blocage de bras automatique, d\u00e9gag\u00e9 au sol-g\u00e9om\u00e9trie conique autobloquante<\/li>\n<li>Moteurs sp\u00e9ciaux \u00e0 hautes performances<\/li>\n<li>Lubrification permanente et automatique des \u00e9crous, efficace pendant la mont\u00e9e et la descente<\/li>\n<li>Vis en acier, roul\u00e9e, \u00e0 haute r\u00e9sistance, pour garantir la dur\u00e9e dans le temps<\/li>\n<li>\u00c9quip\u00e9 d\u2019un syst\u00e8me sonore anti\u00e9crasement des pieds &#8211; Sans garde-pieds m\u00e9caniques<\/li>\n<li>Possibilit\u00e9 d&#8217;installation sans portique puisque les c\u00e2bles peuvent \u00eatre plac\u00e9s dans le sol<\/li>\n<li>Qualit\u00e9 sup\u00e9rieure des composants\n<ul>\n<li>Poulie en aluminium avec fonction de refroidissement<\/li>\n<li>Roulements \u00e0 longue dur\u00e9e de vie<\/li>\n<li>\u00c9crou porteur en bronze 50 % plus long<\/li>\n<li>Moteurs avec carter de refroidissement renforc\u00e9<\/li>\n<li>Robuste verrouillage automatique des bras<\/li>\n<\/ul>\n<\/li>\n<\/ul>\n","protected":false},"excerpt":{"rendered":"<p>4,2 t, \u00e9lectrom\u00e9canique, sym\u00e9trique, 4 bras \u00e0 3 sections, TEq-Link<\/p>\n","protected":false},"featured_media":43182,"template":"","meta":[],"product_brand":[],"product_cat":[57874],"product_tag":[58343,63157,58326,58290],"product_approvals":[],"product_application":[],"class_list":{"0":"post-154309","1":"product","2":"type-product","3":"status-publish","4":"has-post-thumbnail","6":"product_cat-ponts-elevateurs-a-2-colonnes-fr","7":"product_tag-motor-homes-fr","8":"product_tag-quickship-fr","9":"product_tag-light-commercial-fr","10":"product_tag-passenger-cars-fr","12":"first","13":"instock","14":"shipping-taxable","15":"product-type-simple"},"approvals":[],"application":[],"brb_media_brochure":[{"id":150477,"url":"https:\/\/dev.codekraft.it\/ravaglioli.it\/wp-content\/uploads\/brb_media\/00528404_2-post-lift-kpx42-55-br-de-07-2024-screen.pdf","title":"2 post lift kpx42 55 br de 07 2024 screen","mpn":"","thumbnail":"https:\/\/dev.codekraft.it\/ravaglioli.it\/wp-content\/uploads\/brb_media\/00528404_2-post-lift-kpx42-55-br-de-07-2024-screen-pdf-106x150.png","description":""},{"id":150478,"url":"https:\/\/dev.codekraft.it\/ravaglioli.it\/wp-content\/uploads\/brb_media\/00528405_2-post-lift-kpx42-55-br-en-07-2024-screen.pdf","title":"2 post lift kpx42 55 br en 07 2024 screen","mpn":"","thumbnail":"https:\/\/dev.codekraft.it\/ravaglioli.it\/wp-content\/uploads\/brb_media\/00528405_2-post-lift-kpx42-55-br-en-07-2024-screen-pdf-106x150.png","description":""},{"id":150479,"url":"https:\/\/dev.codekraft.it\/ravaglioli.it\/wp-content\/uploads\/brb_media\/00528406_2-post-lift-kpx42-55-br-fr-07-2024-screen.pdf","title":"2 post lift kpx42 55 br fr 07 2024 screen","mpn":"","thumbnail":"https:\/\/dev.codekraft.it\/ravaglioli.it\/wp-content\/uploads\/brb_media\/00528406_2-post-lift-kpx42-55-br-fr-07-2024-screen-pdf-106x150.png","description":""},{"id":150480,"url":"https:\/\/dev.codekraft.it\/ravaglioli.it\/wp-content\/uploads\/brb_media\/00528407_2-post-lift-kpx42-55-br-it-07-2024-screen.pdf","title":"2 post lift kpx42 55 br it 07 2024 screen","mpn":"","thumbnail":"https:\/\/dev.codekraft.it\/ravaglioli.it\/wp-content\/uploads\/brb_media\/00528407_2-post-lift-kpx42-55-br-it-07-2024-screen-pdf-106x150.png","description":""},{"id":150481,"url":"https:\/\/dev.codekraft.it\/ravaglioli.it\/wp-content\/uploads\/brb_media\/00528408_2-post-lift-kpx42-55-br-es-07-2024-screen.pdf","title":"2 post lift kpx42 55 br es 07 2024 screen","mpn":"","thumbnail":"https:\/\/dev.codekraft.it\/ravaglioli.it\/wp-content\/uploads\/brb_media\/00528408_2-post-lift-kpx42-55-br-es-07-2024-screen-pdf-106x150.png","description":""},{"id":150482,"url":"https:\/\/dev.codekraft.it\/ravaglioli.it\/wp-content\/uploads\/brb_media\/00528409_2-post-lift-kpx42-55-br-ru-07-2024-screen.pdf","title":"2 post lift kpx42 55 br ru 07 2024 screen","mpn":"","thumbnail":"https:\/\/dev.codekraft.it\/ravaglioli.it\/wp-content\/uploads\/brb_media\/00528409_2-post-lift-kpx42-55-br-ru-07-2024-screen-pdf-106x150.png","description":""},{"id":76135,"url":"https:\/\/dev.codekraft.it\/ravaglioli.it\/wp-content\/uploads\/brb_media\/00510147_legend-series-end-user-flyer-de-2023-07-screen.pdf","title":"Legend series end user flyer de 2023 07 screen","mpn":"","thumbnail":"https:\/\/dev.codekraft.it\/ravaglioli.it\/wp-content\/uploads\/brb_media\/00510147_legend-series-end-user-flyer-de-2023-07-screen-pdf-106x150.png","description":""},{"id":76136,"url":"https:\/\/dev.codekraft.it\/ravaglioli.it\/wp-content\/uploads\/brb_media\/00510148_legend-series-end-user-flyer-en-2023-07-screen.pdf","title":"Legend series end user flyer en 2023 07 screen","mpn":"","thumbnail":"https:\/\/dev.codekraft.it\/ravaglioli.it\/wp-content\/uploads\/brb_media\/00510148_legend-series-end-user-flyer-en-2023-07-screen-pdf-106x150.png","description":""},{"id":76137,"url":"https:\/\/dev.codekraft.it\/ravaglioli.it\/wp-content\/uploads\/brb_media\/00510149_legend-series-end-user-flyer-fr-2023-07-screen.pdf","title":"Legend series end user flyer fr 2023 07 screen","mpn":"","thumbnail":"https:\/\/dev.codekraft.it\/ravaglioli.it\/wp-content\/uploads\/brb_media\/00510149_legend-series-end-user-flyer-fr-2023-07-screen-pdf-106x150.png","description":""},{"id":76138,"url":"https:\/\/dev.codekraft.it\/ravaglioli.it\/wp-content\/uploads\/brb_media\/00510150_legend-series-end-user-flyer-it-2023-07-screen.pdf","title":"Legend series end user flyer it 2023 07 screen","mpn":"","thumbnail":"https:\/\/dev.codekraft.it\/ravaglioli.it\/wp-content\/uploads\/brb_media\/00510150_legend-series-end-user-flyer-it-2023-07-screen-pdf-106x150.png","description":""},{"id":76139,"url":"https:\/\/dev.codekraft.it\/ravaglioli.it\/wp-content\/uploads\/brb_media\/00510151_legend-series-end-user-flyer-es-2023-07-screen.pdf","title":"Legend series end user flyer es 2023 07 screen","mpn":"","thumbnail":"https:\/\/dev.codekraft.it\/ravaglioli.it\/wp-content\/uploads\/brb_media\/00510151_legend-series-end-user-flyer-es-2023-07-screen-pdf-106x150.png","description":""},{"id":119210,"url":"https:\/\/dev.codekraft.it\/ravaglioli.it\/wp-content\/uploads\/brb_media\/00510153_legend-series-end-user-flyer-ru-2023-07-screen.pdf","title":"Legend series end user flyer ru 2023 07 screen","mpn":"","thumbnail":"https:\/\/dev.codekraft.it\/ravaglioli.it\/wp-content\/uploads\/brb_media\/00510153_legend-series-end-user-flyer-ru-2023-07-screen-pdf-106x150.png","description":""}],"brb_media_drawing":[{"id":154307,"url":"https:\/\/dev.codekraft.it\/ravaglioli.it\/wp-content\/uploads\/brb_media\/00550043_2-post-lifts-kpx42lik-td-047307021-2021-11.pdf","title":"2 Post Lifts KPX42LIK TD 047307021 2021 11","mpn":"","thumbnail":"https:\/\/dev.codekraft.it\/ravaglioli.it\/wp-content\/uploads\/brb_media\/00550043_2-post-lifts-kpx42lik-td-047307021-2021-11-pdf-150x107.png","description":""},{"id":150490,"url":"https:\/\/dev.codekraft.it\/ravaglioli.it\/wp-content\/uploads\/brb_media\/00512815_2-post-lift-kpx42lik-pickup-matrix-0473_0702_0_01-en-2023-11.pdf","title":"2 post lift KPX42LIK Pickup matrix 0473 0702 0 01 en 2023 11","mpn":"","thumbnail":"https:\/\/dev.codekraft.it\/ravaglioli.it\/wp-content\/uploads\/brb_media\/00512815_2-post-lift-kpx42lik-pickup-matrix-0473_0702_0_01-en-2023-11-pdf-150x106.png","description":""}],"brb_media_manuals":[{"id":149933,"url":"https:\/\/dev.codekraft.it\/ravaglioli.it\/wp-content\/uploads\/brb_media\/00535682_2-post-lifts-symmetrical_lifts-p-united_im-0473m0120-rev2-zuffa-multi-2024-12.pdf","title":"2 post lifts symmetrical lifts p united im 0473m0120 rev2 zuffa multi 2024 12","mpn":"","thumbnail":"https:\/\/dev.codekraft.it\/ravaglioli.it\/wp-content\/uploads\/brb_media\/00535682_2-post-lifts-symmetrical_lifts-p-united_im-0473m0120-rev2-zuffa-multi-2024-12-pdf-106x150.png","description":""}],"brb_media_safety_datasheets":"","brb_media_spare_parts":[],"_cdmm_p_id":"502548","_company":"Ravaglioli","_gtin":"5063084198440","accessories":[{"id":152173,"mpn":"VSG.2CALL.901453","name":"Plaques de r\u00e9partition","description":"4 \/ 4,2 \/ 4,5 t | permet d'installer le pont \u00e9l\u00e9vateur m\u00eame sur de dalle de faible \u00e9paisseur| 1 jeu \/ 2 pi\u00e8ces","thumbnail":"https:\/\/dev.codekraft.it\/ravaglioli.it\/wp-content\/uploads\/brb_media\/00535984_2-post-lift-vsg2call901453-mi-150x150.png","url":"https:\/\/dev.codekraft.it\/ravaglioli.it\/fr\/product\/plaques-de-repartition\/"},{"id":152179,"mpn":"VSG.2CELM.902498","name":"Passage des c\u00e2bles au sol","description":"Permet d'enterrer les c\u00e2bles de connexion | 1 pi\u00e8ce","thumbnail":"https:\/\/dev.codekraft.it\/ravaglioli.it\/wp-content\/uploads\/brb_media\/00507202_2-post-lift-vsg2celm902498-mi-150x150.png","url":"https:\/\/dev.codekraft.it\/ravaglioli.it\/fr\/product\/passage-des-cables-au-sol\/"},{"id":154700,"mpn":"VSG.2CALL.902641","name":"Bac pour les outils","description":"Aimant\u00e9es | ensemble de plateaux | 1 jeu \/ 4 pi\u00e8ces","thumbnail":"https:\/\/dev.codekraft.it\/ravaglioli.it\/wp-content\/uploads\/brb_media\/00509504_2-post-lift-vsg2call902641-mi-150x150.png","url":"https:\/\/dev.codekraft.it\/ravaglioli.it\/fr\/product\/bac-pour-les-outils\/"},{"id":155969,"mpn":"VSG.2CALL.901071","name":"Entretoises pour tampons pour \u00e9l\u00e9vateurs \u00e9lectrom\u00e9caniques","description":"4 x 89 mm, 4 x 127 mm, y compris 2 supports pour le montage sur les colonnes | 1 jeu \/ 8 pi\u00e8ces","thumbnail":"https:\/\/dev.codekraft.it\/ravaglioli.it\/wp-content\/uploads\/brb_media\/00508736_2-post-lift-vsg2call901071-mi-150x150.png","url":"https:\/\/dev.codekraft.it\/ravaglioli.it\/fr\/product\/entretoises-pour-tampons-pour-elevateurs-electromecaniques\/"},{"id":155975,"mpn":"VSG.2CALL.901248","name":"Entretoises pour tampons","description":"4 x 200 mm, y compris support pour le montage sur les colonnes | 1 jeu \/ 4 pi\u00e8ces","thumbnail":"https:\/\/dev.codekraft.it\/ravaglioli.it\/wp-content\/uploads\/brb_media\/00505099_2-post-lift-vsg2call901248-mi-150x150.png","url":"https:\/\/dev.codekraft.it\/ravaglioli.it\/fr\/product\/entretoises-pour-tampons\/"},{"id":155999,"mpn":"VSG.2CELM.901927","name":"Anneau pour le d\u00e9placement des colonnes","description":"3,5 t - 4,2 t | Facilite l'installation du pont \u00e9l\u00e9vateur ; r\u00e9utilisable pour d'autres installations | 1 jeu","thumbnail":"https:\/\/dev.codekraft.it\/ravaglioli.it\/wp-content\/uploads\/brb_media\/00512726_2-post-lift-vsg2celm901927-mi-01-150x150.png","url":"https:\/\/dev.codekraft.it\/ravaglioli.it\/fr\/product\/anneau-pour-le-deplacement-des-colonnes-2\/"},{"id":155981,"mpn":"VSG.2CALL.901163","name":"Kit adaptateurs","description":"Kit adaptateurs pour tampons pour prise chassis \u00d8 120 mm (1 jeu, 2 pi\u00e8ces), pour plateau tournant","thumbnail":"https:\/\/dev.codekraft.it\/ravaglioli.it\/wp-content\/uploads\/brb_media\/00524050_2-post-lift-fj6353-1-mi-150x150.png","url":"https:\/\/dev.codekraft.it\/ravaglioli.it\/fr\/product\/kit-adaptateurs\/"},{"id":155993,"mpn":"VSG.2CELM.902344","name":"R\u00e9glage de la hauteur de la barre transversale","description":"Kit pour augmenter la hauteur de passage a\u00e9rien des c\u00e2bles jusqu'\u00e0 + 1,5 m | pour les plateformes \u00e0 vis | 1 jeu","thumbnail":"https:\/\/dev.codekraft.it\/ravaglioli.it\/wp-content\/uploads\/brb_media\/00509506_2-post-lift-vsg2celm902344-mi-150x150.png","url":"https:\/\/dev.codekraft.it\/ravaglioli.it\/fr\/product\/reglage-de-la-hauteur-de-la-barre-transversale\/"},{"id":154688,"mpn":"VSG.2CALL.902818","name":"Kit de supports pour rehausser les v\u00e9hicules","description":"Hauteur de rampe 60 mm, pour v\u00e9hicules extr\u00eamement bas | 1 jeu \/ 2 pi\u00e8ces","thumbnail":"https:\/\/dev.codekraft.it\/ravaglioli.it\/wp-content\/uploads\/brb_media\/00509501_2-post-lift-vsg2call902818-mi-150x150.png","url":"https:\/\/dev.codekraft.it\/ravaglioli.it\/fr\/product\/kit-de-supports-pour-rehausser-les-vehicules\/"},{"id":154694,"mpn":"VSG.2CALL.902085","name":"Kit de supports pour le contr\u00f4le de g\u00e9om\u00e9trie","description":"1 jeu \/ 4 pi\u00e8ces","thumbnail":"https:\/\/dev.codekraft.it\/ravaglioli.it\/wp-content\/uploads\/brb_media\/00509503_2-post-lift-vsg2call902085-mi-150x150.png","url":"https:\/\/dev.codekraft.it\/ravaglioli.it\/fr\/product\/kit-de-supports-pour-le-controle-de-geometrie\/"},{"id":157049,"mpn":"VSG.2CELM.903044","name":"Soutenir l\u2018extensions du bras","description":"Capacit\u00e9 de charge reduite \u00e0 3,5 t | pour bras LIK | 1 jeu \/ 2 pi\u00e8ces","thumbnail":"https:\/\/dev.codekraft.it\/ravaglioli.it\/wp-content\/uploads\/brb_media\/00522624_2-post-lift-vsg2celm903044-150x150.png","url":"https:\/\/dev.codekraft.it\/ravaglioli.it\/fr\/product\/soutenir-lextensions-du-bras\/"}],"components":[],"delivery":[],"package":[],"related":[],"similar":[{"id":154315,"mpn":"RAV.KPX42.198488","name":"Pont \u00e9l\u00e9vateur \u00e0 2 colonnes KPX42ELIK","description":"4,2 t, \u00e9lectrom\u00e9canique, sym\u00e9trique, double panneau de commande, 4 bras \u00e0 3 sections, TEq-Link, kit d'\u00e9nergie","thumbnail":"https:\/\/dev.codekraft.it\/ravaglioli.it\/wp-content\/uploads\/brb_media\/00509752_2-post-lifts-kpx42_42lik-mi-150x150.png","url":"https:\/\/dev.codekraft.it\/ravaglioli.it\/fr\/product\/pont-elevateur-a-2-colonnes-kpx42elik\/"}],"page_logo_src":"https:\/\/dev.codekraft.it\/ravaglioli.it\/wp-content\/uploads\/2026\/04\/rav-negative-logo-1.png","lang":"fr","translations":{"fr":154309,"en":154306,"de":154308,"it":154310,"es":154311,"ru":154312},"pll_sync_post":[],"_links":{"self":[{"href":"https:\/\/dev.codekraft.it\/ravaglioli.it\/wp-json\/wp\/v2\/product\/154309","targetHints":{"allow":["GET"]}}],"collection":[{"href":"https:\/\/dev.codekraft.it\/ravaglioli.it\/wp-json\/wp\/v2\/product"}],"about":[{"href":"https:\/\/dev.codekraft.it\/ravaglioli.it\/wp-json\/wp\/v2\/types\/product"}],"wp:featuredmedia":[{"embeddable":true,"href":"https:\/\/dev.codekraft.it\/ravaglioli.it\/wp-json\/wp\/v2\/media\/43182"}],"wp:attachment":[{"href":"https:\/\/dev.codekraft.it\/ravaglioli.it\/wp-json\/wp\/v2\/media?parent=154309"}],"wp:term":[{"taxonomy":"product_brand","embeddable":true,"href":"https:\/\/dev.codekraft.it\/ravaglioli.it\/wp-json\/wp\/v2\/product_brand?post=154309"},{"taxonomy":"product_cat","embeddable":true,"href":"https:\/\/dev.codekraft.it\/ravaglioli.it\/wp-json\/wp\/v2\/product_cat?post=154309"},{"taxonomy":"product_tag","embeddable":true,"href":"https:\/\/dev.codekraft.it\/ravaglioli.it\/wp-json\/wp\/v2\/product_tag?post=154309"},{"taxonomy":"product_approvals","embeddable":true,"href":"https:\/\/dev.codekraft.it\/ravaglioli.it\/wp-json\/wp\/v2\/product_approvals?post=154309"},{"taxonomy":"product_application","embeddable":true,"href":"https:\/\/dev.codekraft.it\/ravaglioli.it\/wp-json\/wp\/v2\/product_application?post=154309"}],"curies":[{"name":"wp","href":"https:\/\/api.w.org\/{rel}","templated":true}]}}