{"id":154291,"date":"2025-09-08T09:01:42","date_gmt":"2025-09-08T08:01:42","guid":{"rendered":"https:\/\/dev.codekraft.it\/ravaglioli.it\/product\/elevador-de-2-columnas-kph370-55likta\/"},"modified":"2026-01-14T21:07:35","modified_gmt":"2026-01-14T21:07:35","slug":"elevador-de-2-columnas-kph370-55likta","status":"publish","type":"product","link":"https:\/\/dev.codekraft.it\/ravaglioli.it\/es\/product\/elevador-de-2-columnas-kph370-55likta\/","title":{"rendered":"Elevador de 2 columnas KPH370.55LIKTA"},"content":{"rendered":"<p>Modelo ideal sea para el levantamiento de furgonetas normales y de chasis largo. Versi\u00f3n con dos brazos largos de 3 extensiones y dos de 4 extensiones, por el levantamiento tambien de turismos.<\/p>\n<ul>\n<li>Dispositivo de apoyo mec\u00e1nico de funcionamiento autom\u00e1tico como garant\u00eda de la m\u00e1xima seguridad en la fase de estacionamiento<\/li>\n<li>Los cables no portantes garantizan la sincronizaci\u00f3n<\/li>\n<li>En cada columna est\u00e1 presente un pist\u00f3n de elevaci\u00f3n que no requiere mantenimiento alguno<\/li>\n<\/ul>\n<ul>\n<li>Altura reglable: 4950 &#8211; 4850 mm<\/li>\n<\/ul>\n","protected":false},"excerpt":{"rendered":"<p>5,5 t, electrohidr\u00e1ulico, asim\u00e9trico, apoyo a los brazos 4 x 3-piezas<\/p>\n","protected":false},"featured_media":43145,"template":"","meta":[],"product_brand":[],"product_cat":[57902],"product_tag":[58296,58332],"product_approvals":[],"product_application":[],"class_list":{"0":"post-154291","1":"product","2":"type-product","3":"status-publish","4":"has-post-thumbnail","6":"product_cat-elevadores-de-2-columnas-es","7":"product_tag-passenger-cars-es","8":"product_tag-light-commercial-es","10":"first","11":"instock","12":"shipping-taxable","13":"product-type-simple"},"approvals":[],"application":[],"brb_media_brochure":[{"id":150471,"url":"https:\/\/dev.codekraft.it\/ravaglioli.it\/wp-content\/uploads\/brb_media\/00528004_2-post-lift-kph37055_70likta-br-multi-2024-06-screen.pdf","title":"2 post lift KPH37055 70LIKTA BR multi 2024 06 screen","mpn":"","thumbnail":"https:\/\/dev.codekraft.it\/ravaglioli.it\/wp-content\/uploads\/brb_media\/00528004_2-post-lift-kph37055_70likta-br-multi-2024-06-screen-pdf-106x150.png","description":""}],"brb_media_drawing":[{"id":49386,"url":"https:\/\/dev.codekraft.it\/ravaglioli.it\/wp-content\/uploads\/brb_media\/00509879_2-post-lift-kph37055likta-td-x1-0487_0714_2_00-it-2018-11.pdf","title":"2 post lift KPH37055LIKTA TD X1 0487 0714 2 00 it 2018 11","mpn":"","thumbnail":"https:\/\/dev.codekraft.it\/ravaglioli.it\/wp-content\/uploads\/brb_media\/00509879_2-post-lift-kph37055likta-td-x1-0487_0714_2_00-it-2018-11-pdf-106x150.png","description":""}],"brb_media_manuals":[{"id":49385,"url":"https:\/\/dev.codekraft.it\/ravaglioli.it\/wp-content\/uploads\/brb_media\/00509875_2-post-lifts-kph37055lik_likt_likta-im-0487-m001-2-rev1-multi-2020-01.pdf","title":"2 post lifts KPH37055LIK LIKT LIKTA IM 0487 M001 2 rev1 multi 2020 01","mpn":"","thumbnail":"https:\/\/dev.codekraft.it\/ravaglioli.it\/wp-content\/uploads\/brb_media\/00509875_2-post-lifts-kph37055lik_likt_likta-im-0487-m001-2-rev1-multi-2020-01-pdf-106x150.png","description":""}],"brb_media_safety_datasheets":"","brb_media_spare_parts":[],"_cdmm_p_id":"502540","_company":"Ravaglioli","_gtin":"4057612814330","accessories":[{"id":152614,"mpn":"S374A2","name":"Kit de energ\u00eda para KPH370.xx","description":"Conexi\u00f3n de aire comprimido y toma de 230 V | 1 pieza","thumbnail":"https:\/\/dev.codekraft.it\/ravaglioli.it\/wp-content\/uploads\/brb_media\/00506774_s374a2-150x150.png","url":"https:\/\/dev.codekraft.it\/ravaglioli.it\/es\/product\/kit-de-energia-para-kph370-xx\/"},{"id":153741,"mpn":"S370A27","name":"Bandejas para herramientas | magn\u00e9tico | 1 juego \/ 2 piezas","description":"","thumbnail":"https:\/\/dev.codekraft.it\/ravaglioli.it\/wp-content\/uploads\/brb_media\/00509504_2-post-lift-vsg2call902641-mi-150x150.png","url":"https:\/\/dev.codekraft.it\/ravaglioli.it\/es\/product\/bandejas-para-herramientas-magnetico-1-juego-2-piezas\/"},{"id":153170,"mpn":"S370A18","name":"Espesores 200 mm","description":"Para Fiat Ducato, Peugeot Boxer y Citro\u00ebn Jumper | rosca \u00d8 45 mm | 1 juego \/ 4 piezas","thumbnail":"https:\/\/dev.codekraft.it\/ravaglioli.it\/wp-content\/uploads\/brb_media\/00508733_2-post-lift-s370a18-mi-150x150.png","url":"https:\/\/dev.codekraft.it\/ravaglioli.it\/es\/product\/espesores-200-mm\/"},{"id":153236,"mpn":"S370A3","name":"Soportes para espesores, rosca \u00d8 45 mm","description":"Para elevadores de 2 columnas | 1 juego \/ 2 piezas","thumbnail":"https:\/\/dev.codekraft.it\/ravaglioli.it\/wp-content\/uploads\/brb_media\/00506766_s370a3-01-150x150.png","url":"https:\/\/dev.codekraft.it\/ravaglioli.it\/es\/product\/soportes-para-espesores-rosca-o-45-mm\/"},{"id":153783,"mpn":"S370A12","name":"Extensi\u00f3n de anchura 200 mm","description":"","thumbnail":"https:\/\/dev.codekraft.it\/ravaglioli.it\/wp-content\/uploads\/brb_media\/00506770_s370a4-01-150x150.png","url":"https:\/\/dev.codekraft.it\/ravaglioli.it\/es\/product\/extension-de-anchura-200-mm\/"},{"id":153458,"mpn":"S370A30","name":"Placas estabilizadoras para suelos con hormig\u00f3n 150 mm | (+ 20 mm)","description":"Placas de soporte para las bases de las columnas para montaje de 2 columnas en suelos con caracter\u00edsticas insuficientes | Espesor m\u00ednimo recomendado 150 mm, hormig\u00f3n R\u2019bk 200 | 1 juego \/ 2 piezas","thumbnail":"","url":"https:\/\/dev.codekraft.it\/ravaglioli.it\/es\/product\/placas-estabilizadoras-para-suelos-con-hormigon-150-mm-20-mm\/"},{"id":153542,"mpn":"S370A20","name":"Final de carrera | accionamiento tipo barra | para alimentaci\u00f3n trif\u00e1sica | no premontado","description":"Interruptor para todos los elevadores con alimentaci\u00f3n trif\u00e1sica","thumbnail":"https:\/\/dev.codekraft.it\/ravaglioli.it\/wp-content\/uploads\/brb_media\/00535986_2-post-lift-s370a20-mi-150x150.png","url":"https:\/\/dev.codekraft.it\/ravaglioli.it\/es\/product\/final-de-carrera-accionamiento-tipo-barra-para-alimentacion-trifasica-no-premontado\/"}],"components":[],"delivery":[],"package":[],"related":[],"similar":[{"id":154285,"mpn":"KPH370.70LIKTA","name":"Elevador de 2 columnas KPH370.70LIKTA","description":"7,0 t, electrohidr\u00e1ulico, asim\u00e9trico, apoyo a los brazos 4 x 3-piezas","thumbnail":"https:\/\/dev.codekraft.it\/ravaglioli.it\/wp-content\/uploads\/brb_media\/00508710_2-post-lift-kph37070likta-mi-150x150.png","url":"https:\/\/dev.codekraft.it\/ravaglioli.it\/es\/product\/elevador-de-2-columnas-kph370-70likta\/"}],"page_logo_src":"https:\/\/dev.codekraft.it\/ravaglioli.it\/wp-content\/uploads\/2026\/04\/rav-negative-logo-1.png","lang":"es","translations":{"es":154291,"en":154287,"de":154288,"fr":154289,"it":154290,"ru":154292},"pll_sync_post":[],"_links":{"self":[{"href":"https:\/\/dev.codekraft.it\/ravaglioli.it\/wp-json\/wp\/v2\/product\/154291","targetHints":{"allow":["GET"]}}],"collection":[{"href":"https:\/\/dev.codekraft.it\/ravaglioli.it\/wp-json\/wp\/v2\/product"}],"about":[{"href":"https:\/\/dev.codekraft.it\/ravaglioli.it\/wp-json\/wp\/v2\/types\/product"}],"wp:featuredmedia":[{"embeddable":true,"href":"https:\/\/dev.codekraft.it\/ravaglioli.it\/wp-json\/wp\/v2\/media\/43145"}],"wp:attachment":[{"href":"https:\/\/dev.codekraft.it\/ravaglioli.it\/wp-json\/wp\/v2\/media?parent=154291"}],"wp:term":[{"taxonomy":"product_brand","embeddable":true,"href":"https:\/\/dev.codekraft.it\/ravaglioli.it\/wp-json\/wp\/v2\/product_brand?post=154291"},{"taxonomy":"product_cat","embeddable":true,"href":"https:\/\/dev.codekraft.it\/ravaglioli.it\/wp-json\/wp\/v2\/product_cat?post=154291"},{"taxonomy":"product_tag","embeddable":true,"href":"https:\/\/dev.codekraft.it\/ravaglioli.it\/wp-json\/wp\/v2\/product_tag?post=154291"},{"taxonomy":"product_approvals","embeddable":true,"href":"https:\/\/dev.codekraft.it\/ravaglioli.it\/wp-json\/wp\/v2\/product_approvals?post=154291"},{"taxonomy":"product_application","embeddable":true,"href":"https:\/\/dev.codekraft.it\/ravaglioli.it\/wp-json\/wp\/v2\/product_application?post=154291"}],"curies":[{"name":"wp","href":"https:\/\/api.w.org\/{rel}","templated":true}]}}