{"id":154288,"date":"2025-09-08T09:01:42","date_gmt":"2025-09-08T08:01:42","guid":{"rendered":"https:\/\/dev.codekraft.it\/ravaglioli.it\/product\/2-saulen-hebebuhne-kph370-55likta\/"},"modified":"2026-01-14T21:07:33","modified_gmt":"2026-01-14T21:07:33","slug":"2-saulen-hebebuhne-kph370-55likta","status":"publish","type":"product","link":"https:\/\/dev.codekraft.it\/ravaglioli.it\/de\/product\/2-saulen-hebebuhne-kph370-55likta\/","title":{"rendered":"2-S\u00e4ulen-Hebeb\u00fchne KPH370.55LIKTA"},"content":{"rendered":"<p>Modell ideal zum Heben von Lieferwagen auch mit langem Radstand. Ausf\u00fchrung mit zwei dreifach und zwei vierfach ausziehbaren langen Armen, um eine optimale Aufnahme von Pkws zu garantieren.<\/p>\n<ul>\n<li>Mechanische St\u00fctzvorrichtung mit automatischer Einschaltung, um eine maximale Sicherheit im aufgehobenen Zustand zu garantieren<\/li>\n<li>Gleichlauf mittels Seile (nicht tragend)<\/li>\n<li>Wartungsfreie Zylinder in jeder S\u00e4ule<\/li>\n<\/ul>\n<ul>\n<li>Justierbare H\u00f6he: 4950 &#8211; 4850 mm<\/li>\n<\/ul>\n","protected":false},"excerpt":{"rendered":"<p>5,5 t, elektrohydraulisch, asymmetrisch, Tragarme 4 x 3-teilig<\/p>\n","protected":false},"featured_media":43145,"template":"","meta":[],"product_brand":[],"product_cat":[57860],"product_tag":[58287,58323],"product_approvals":[],"product_application":[],"class_list":{"0":"post-154288","1":"product","2":"type-product","3":"status-publish","4":"has-post-thumbnail","6":"product_cat-2-saulen-hebebuhnen-de","7":"product_tag-passenger-cars-de","8":"product_tag-light-commercial-de","10":"first","11":"instock","12":"shipping-taxable","13":"product-type-simple"},"approvals":[],"application":[],"brb_media_brochure":[{"id":150471,"url":"https:\/\/dev.codekraft.it\/ravaglioli.it\/wp-content\/uploads\/brb_media\/00528004_2-post-lift-kph37055_70likta-br-multi-2024-06-screen.pdf","title":"2 post lift KPH37055 70LIKTA BR multi 2024 06 screen","mpn":"","thumbnail":"https:\/\/dev.codekraft.it\/ravaglioli.it\/wp-content\/uploads\/brb_media\/00528004_2-post-lift-kph37055_70likta-br-multi-2024-06-screen-pdf-106x150.png","description":""}],"brb_media_drawing":[{"id":49386,"url":"https:\/\/dev.codekraft.it\/ravaglioli.it\/wp-content\/uploads\/brb_media\/00509879_2-post-lift-kph37055likta-td-x1-0487_0714_2_00-it-2018-11.pdf","title":"2 post lift KPH37055LIKTA TD X1 0487 0714 2 00 it 2018 11","mpn":"","thumbnail":"https:\/\/dev.codekraft.it\/ravaglioli.it\/wp-content\/uploads\/brb_media\/00509879_2-post-lift-kph37055likta-td-x1-0487_0714_2_00-it-2018-11-pdf-106x150.png","description":""}],"brb_media_manuals":[{"id":49385,"url":"https:\/\/dev.codekraft.it\/ravaglioli.it\/wp-content\/uploads\/brb_media\/00509875_2-post-lifts-kph37055lik_likt_likta-im-0487-m001-2-rev1-multi-2020-01.pdf","title":"2 post lifts KPH37055LIK LIKT LIKTA IM 0487 M001 2 rev1 multi 2020 01","mpn":"","thumbnail":"https:\/\/dev.codekraft.it\/ravaglioli.it\/wp-content\/uploads\/brb_media\/00509875_2-post-lifts-kph37055lik_likt_likta-im-0487-m001-2-rev1-multi-2020-01-pdf-106x150.png","description":""}],"brb_media_safety_datasheets":"","brb_media_spare_parts":[],"_cdmm_p_id":"502540","_company":"Ravaglioli","_gtin":"4057612814330","accessories":[{"id":152611,"mpn":"S374A2","name":"Energie-Kit f\u00fcr KPH370.xx","description":"Druckluftanschluss und 230-V-Steckdose | 1 St\u00fcck","thumbnail":"https:\/\/dev.codekraft.it\/ravaglioli.it\/wp-content\/uploads\/brb_media\/00506774_s374a2-150x150.png","url":"https:\/\/dev.codekraft.it\/ravaglioli.it\/de\/product\/energie-kit-fur-kph370-xx\/"},{"id":153738,"mpn":"S370A27","name":"Werkzeug-Ablageschalen | magnetisch | 1 Satz \/ 2 St\u00fcck","description":"","thumbnail":"https:\/\/dev.codekraft.it\/ravaglioli.it\/wp-content\/uploads\/brb_media\/00509504_2-post-lift-vsg2call902641-mi-150x150.png","url":"https:\/\/dev.codekraft.it\/ravaglioli.it\/de\/product\/werkzeug-ablageschalen-magnetisch-1-satz-2-stuck\/"},{"id":153167,"mpn":"S370A18","name":"Distanzh\u00fclsen 200 mm","description":"Abstandst\u00fccke f\u00fcr Fiat Ducato, Peugeot Boxer und Citro\u00ebn Jumper | Zapfen-\u00d8 45 mm | 1 Satz \/ 4 St\u00fcck","thumbnail":"https:\/\/dev.codekraft.it\/ravaglioli.it\/wp-content\/uploads\/brb_media\/00508733_2-post-lift-s370a18-mi-150x150.png","url":"https:\/\/dev.codekraft.it\/ravaglioli.it\/de\/product\/distanzhulsen-200-mm\/"},{"id":153233,"mpn":"S370A3","name":"Halterungen f\u00fcr Distanzh\u00fclsen, Zapfen-\u00d8 45 mm","description":"f\u00fcr 2-S\u00e4ulenhebeb\u00fchnen | 1 Satz \/ 2 St\u00fcck","thumbnail":"https:\/\/dev.codekraft.it\/ravaglioli.it\/wp-content\/uploads\/brb_media\/00506766_s370a3-01-150x150.png","url":"https:\/\/dev.codekraft.it\/ravaglioli.it\/de\/product\/halterungen-fur-distanzhulsen-zapfen-o-45-mm\/"},{"id":153780,"mpn":"S370A12","name":"Verbreiterung 200 mm","description":"","thumbnail":"https:\/\/dev.codekraft.it\/ravaglioli.it\/wp-content\/uploads\/brb_media\/00506770_s370a4-01-150x150.png","url":"https:\/\/dev.codekraft.it\/ravaglioli.it\/de\/product\/verbreiterung-200-mm\/"},{"id":153455,"mpn":"S370A30","name":"St\u00fctzplatten f\u00fcr B\u00f6den mit Betonschicht 150 mm (+ 20 mm)","description":"Zusatzgrundplatten f\u00fcr die Montage von 2-S\u00e4ulenhebeb\u00fchnen auf B\u00f6den mit geringer Betonschicht | Mindestanforderung: Betondicke 150 mm, Betonqualit\u00e4t R\u2019bk 200 | 1 Satz \/ 2 St\u00fcck","thumbnail":"","url":"https:\/\/dev.codekraft.it\/ravaglioli.it\/de\/product\/stutzplatten-fur-boden-mit-betonschicht-150-mm-20-mm\/"},{"id":153539,"mpn":"S370A20","name":"Endabschalter | stangenbet\u00e4tigt | f\u00fcr 3-phasige Stromversorgung | nicht vormontiert","description":"Oberer Anschlagsicherheitsschalter f\u00fcr alle Modelle mit 3-phasiger Stromversorgung","thumbnail":"https:\/\/dev.codekraft.it\/ravaglioli.it\/wp-content\/uploads\/brb_media\/00535986_2-post-lift-s370a20-mi-150x150.png","url":"https:\/\/dev.codekraft.it\/ravaglioli.it\/de\/product\/endabschalter-stangenbetatigt-fur-3-phasige-stromversorgung-nicht-vormontiert\/"}],"components":[],"delivery":[],"package":[],"related":[],"similar":[{"id":154282,"mpn":"KPH370.70LIKTA","name":"2-S\u00e4ulen-Hebeb\u00fchne KPH370.70LIKTA","description":"7,0 t, elektrohydraulisch, asymmetrisch, Tragarme 4 x 3-teilig","thumbnail":"https:\/\/dev.codekraft.it\/ravaglioli.it\/wp-content\/uploads\/brb_media\/00508710_2-post-lift-kph37070likta-mi-150x150.png","url":"https:\/\/dev.codekraft.it\/ravaglioli.it\/de\/product\/2-saulen-hebebuhne-kph370-70likta\/"}],"page_logo_src":"https:\/\/dev.codekraft.it\/ravaglioli.it\/wp-content\/uploads\/2026\/04\/rav-negative-logo-1.png","lang":"de","translations":{"de":154288,"en":154287,"fr":154289,"it":154290,"es":154291,"ru":154292},"pll_sync_post":[],"_links":{"self":[{"href":"https:\/\/dev.codekraft.it\/ravaglioli.it\/wp-json\/wp\/v2\/product\/154288","targetHints":{"allow":["GET"]}}],"collection":[{"href":"https:\/\/dev.codekraft.it\/ravaglioli.it\/wp-json\/wp\/v2\/product"}],"about":[{"href":"https:\/\/dev.codekraft.it\/ravaglioli.it\/wp-json\/wp\/v2\/types\/product"}],"wp:featuredmedia":[{"embeddable":true,"href":"https:\/\/dev.codekraft.it\/ravaglioli.it\/wp-json\/wp\/v2\/media\/43145"}],"wp:attachment":[{"href":"https:\/\/dev.codekraft.it\/ravaglioli.it\/wp-json\/wp\/v2\/media?parent=154288"}],"wp:term":[{"taxonomy":"product_brand","embeddable":true,"href":"https:\/\/dev.codekraft.it\/ravaglioli.it\/wp-json\/wp\/v2\/product_brand?post=154288"},{"taxonomy":"product_cat","embeddable":true,"href":"https:\/\/dev.codekraft.it\/ravaglioli.it\/wp-json\/wp\/v2\/product_cat?post=154288"},{"taxonomy":"product_tag","embeddable":true,"href":"https:\/\/dev.codekraft.it\/ravaglioli.it\/wp-json\/wp\/v2\/product_tag?post=154288"},{"taxonomy":"product_approvals","embeddable":true,"href":"https:\/\/dev.codekraft.it\/ravaglioli.it\/wp-json\/wp\/v2\/product_approvals?post=154288"},{"taxonomy":"product_application","embeddable":true,"href":"https:\/\/dev.codekraft.it\/ravaglioli.it\/wp-json\/wp\/v2\/product_application?post=154288"}],"curies":[{"name":"wp","href":"https:\/\/api.w.org\/{rel}","templated":true}]}}