{"id":154283,"date":"2025-08-05T09:51:50","date_gmt":"2025-08-05T08:51:50","guid":{"rendered":"https:\/\/dev.codekraft.it\/ravaglioli.it\/product\/pont-elevateur-a-2-colonnes-kph370-70likta\/"},"modified":"2026-01-14T21:06:57","modified_gmt":"2026-01-14T21:06:57","slug":"pont-elevateur-a-2-colonnes-kph370-70likta","status":"publish","type":"product","link":"https:\/\/dev.codekraft.it\/ravaglioli.it\/fr\/product\/pont-elevateur-a-2-colonnes-kph370-70likta\/","title":{"rendered":"Pont \u00e9l\u00e9vateur \u00e0 2 colonnes KPH370.70LIKTA"},"content":{"rendered":"<p>\u00c9l\u00e9vateur id\u00e9al pour le levage de fourgons \u00e0 ch\u00e2ssis long. Version \u00e9quip\u00e9es de deux bras longs \u00e0 3 \u00e9tages et deux \u00e0 4 \u00e9tages pour garantir aussi le levage optimal de voitures.<\/p>\n<ul>\n<li>Dispositif de soutien m\u00e9canique avec enclenchement automatique pour garantir la s\u00e9curit\u00e9 totale pendant le stationnement<\/li>\n<li>La synchronisation est garantie grace \u00e0 un c\u00e2ble d&#8217;acier non-portant<\/li>\n<li>Chaque colonne est \u00e9quip\u00e9e d&#8217;un v\u00e9rin con\u00e7u pour un fonctionnement sans entretien<\/li>\n<\/ul>\n<ul>\n<li>Hauteur r\u00e9glable: 5016 &#8211; 4816 &#8211; 4616 mm<\/li>\n<\/ul>\n","protected":false},"excerpt":{"rendered":"<p>7,0 t, \u00e9lectrohydraulique, bras de support 4 x 3-pi\u00e8ces, asym\u00e9trique<\/p>\n","protected":false},"featured_media":43137,"template":"","meta":[],"product_brand":[],"product_cat":[57874],"product_tag":[58343,58326,58290],"product_approvals":[],"product_application":[],"class_list":{"0":"post-154283","1":"product","2":"type-product","3":"status-publish","4":"has-post-thumbnail","6":"product_cat-ponts-elevateurs-a-2-colonnes-fr","7":"product_tag-motor-homes-fr","8":"product_tag-light-commercial-fr","9":"product_tag-passenger-cars-fr","11":"first","12":"instock","13":"shipping-taxable","14":"product-type-simple"},"approvals":[],"application":[],"brb_media_brochure":[{"id":150471,"url":"https:\/\/dev.codekraft.it\/ravaglioli.it\/wp-content\/uploads\/brb_media\/00528004_2-post-lift-kph37055_70likta-br-multi-2024-06-screen.pdf","title":"2 post lift KPH37055 70LIKTA BR multi 2024 06 screen","mpn":"","thumbnail":"https:\/\/dev.codekraft.it\/ravaglioli.it\/wp-content\/uploads\/brb_media\/00528004_2-post-lift-kph37055_70likta-br-multi-2024-06-screen-pdf-106x150.png","description":""}],"brb_media_drawing":[{"id":49378,"url":"https:\/\/dev.codekraft.it\/ravaglioli.it\/wp-content\/uploads\/brb_media\/00509880_2-post-lift-kph37070likta-td-x0-0488_0704_1_00-it-2016-06.pdf","title":"2 post lift KPH37070LIKTA TD X0 0488 0704 1 00 it 2016 06","mpn":"","thumbnail":"https:\/\/dev.codekraft.it\/ravaglioli.it\/wp-content\/uploads\/brb_media\/00509880_2-post-lift-kph37070likta-td-x0-0488_0704_1_00-it-2016-06-pdf-150x106.png","description":""}],"brb_media_manuals":[{"id":49377,"url":"https:\/\/dev.codekraft.it\/ravaglioli.it\/wp-content\/uploads\/brb_media\/00509876_2-post-lifts-kph37070likt_70likta-var5500-im-0488-m001-2-rev2-multi-2021-03.pdf","title":"2 post lifts KPH37070LIKT 70LIKTA VAR5500 IM 0488 M001 2 rev2 multi 2021 03","mpn":"","thumbnail":"https:\/\/dev.codekraft.it\/ravaglioli.it\/wp-content\/uploads\/brb_media\/00509876_2-post-lifts-kph37070likt_70likta-var5500-im-0488-m001-2-rev2-multi-2021-03-pdf-106x150.png","description":""}],"brb_media_safety_datasheets":"","brb_media_spare_parts":[],"_cdmm_p_id":"502539","_company":"Ravaglioli","_gtin":"4057612814354","accessories":[{"id":153174,"mpn":"S370A7","name":"Rallonges 80 mm, queue \u00d8 60 mm | 1 jeu \/ 4 pi\u00e8ces","description":"","thumbnail":"https:\/\/dev.codekraft.it\/ravaglioli.it\/wp-content\/uploads\/brb_media\/00506749_s224a3-150x150.png","url":"https:\/\/dev.codekraft.it\/ravaglioli.it\/fr\/product\/rallonges-80-mm-queue-o-60-mm-1-jeu-4-pieces\/"},{"id":153156,"mpn":"S370A8","name":"Rallonges 140 mm, queue \u00d8 60 mm | 1 jeu \/ 4 pi\u00e8ces","description":"","thumbnail":"https:\/\/dev.codekraft.it\/ravaglioli.it\/wp-content\/uploads\/brb_media\/00506750_s224a4-150x150.png","url":"https:\/\/dev.codekraft.it\/ravaglioli.it\/fr\/product\/rallonges-140-mm-queue-o-60-mm-1-jeu-4-pieces\/"},{"id":152612,"mpn":"S374A2","name":"Kit d\u2019\u00e9nergie pour KPH370.xx","description":"Connexion d'air comprim\u00e9 et prise 230 V | 1 pi\u00e8ce","thumbnail":"https:\/\/dev.codekraft.it\/ravaglioli.it\/wp-content\/uploads\/brb_media\/00506774_s374a2-150x150.png","url":"https:\/\/dev.codekraft.it\/ravaglioli.it\/fr\/product\/kit-denergie-pour-kph370-xx\/"},{"id":153540,"mpn":"S370A20","name":"Fin de course | actionnement par une barre | pour alimentation triphase | fourni non install\u00e9","description":"Interrupteur pour tous les \u00e9l\u00e9vateurs avec alimentation triphas\u00e9e","thumbnail":"https:\/\/dev.codekraft.it\/ravaglioli.it\/wp-content\/uploads\/brb_media\/00535986_2-post-lift-s370a20-mi-150x150.png","url":"https:\/\/dev.codekraft.it\/ravaglioli.it\/fr\/product\/fin-de-course-actionnement-par-une-barre-pour-alimentation-triphase-fourni-non-installe\/"},{"id":153739,"mpn":"S370A27","name":"Bac pour les outils | aimant\u00e9es | 1 jeu \/ 4 pi\u00e8ces","description":"","thumbnail":"https:\/\/dev.codekraft.it\/ravaglioli.it\/wp-content\/uploads\/brb_media\/00509504_2-post-lift-vsg2call902641-mi-150x150.png","url":"https:\/\/dev.codekraft.it\/ravaglioli.it\/fr\/product\/bac-pour-les-outils-aimantees-1-jeu-4-pieces\/"}],"components":[],"delivery":[],"package":[],"related":[],"similar":[{"id":154289,"mpn":"KPH370.55LIKTA","name":"Pont \u00e9l\u00e9vateur \u00e0 2 colonnes KPH370.55LIKTA","description":"5,5 t, \u00e9lectrohydraulique, asym\u00e9trique, bras de support 4 x 3-pi\u00e8ces","thumbnail":"https:\/\/dev.codekraft.it\/ravaglioli.it\/wp-content\/uploads\/brb_media\/00508712_2-post-lift-kph37055likta-mi-150x150.png","url":"https:\/\/dev.codekraft.it\/ravaglioli.it\/fr\/product\/pont-elevateur-a-2-colonnes-kph370-55likta\/"}],"page_logo_src":"https:\/\/dev.codekraft.it\/ravaglioli.it\/wp-content\/uploads\/2026\/04\/rav-negative-logo-1.png","lang":"fr","translations":{"fr":154283,"en":154281,"de":154282,"it":154284,"es":154285,"ru":154286},"pll_sync_post":[],"_links":{"self":[{"href":"https:\/\/dev.codekraft.it\/ravaglioli.it\/wp-json\/wp\/v2\/product\/154283","targetHints":{"allow":["GET"]}}],"collection":[{"href":"https:\/\/dev.codekraft.it\/ravaglioli.it\/wp-json\/wp\/v2\/product"}],"about":[{"href":"https:\/\/dev.codekraft.it\/ravaglioli.it\/wp-json\/wp\/v2\/types\/product"}],"wp:featuredmedia":[{"embeddable":true,"href":"https:\/\/dev.codekraft.it\/ravaglioli.it\/wp-json\/wp\/v2\/media\/43137"}],"wp:attachment":[{"href":"https:\/\/dev.codekraft.it\/ravaglioli.it\/wp-json\/wp\/v2\/media?parent=154283"}],"wp:term":[{"taxonomy":"product_brand","embeddable":true,"href":"https:\/\/dev.codekraft.it\/ravaglioli.it\/wp-json\/wp\/v2\/product_brand?post=154283"},{"taxonomy":"product_cat","embeddable":true,"href":"https:\/\/dev.codekraft.it\/ravaglioli.it\/wp-json\/wp\/v2\/product_cat?post=154283"},{"taxonomy":"product_tag","embeddable":true,"href":"https:\/\/dev.codekraft.it\/ravaglioli.it\/wp-json\/wp\/v2\/product_tag?post=154283"},{"taxonomy":"product_approvals","embeddable":true,"href":"https:\/\/dev.codekraft.it\/ravaglioli.it\/wp-json\/wp\/v2\/product_approvals?post=154283"},{"taxonomy":"product_application","embeddable":true,"href":"https:\/\/dev.codekraft.it\/ravaglioli.it\/wp-json\/wp\/v2\/product_application?post=154283"}],"curies":[{"name":"wp","href":"https:\/\/api.w.org\/{rel}","templated":true}]}}