{"id":154282,"date":"2025-08-05T09:51:50","date_gmt":"2025-08-05T08:51:50","guid":{"rendered":"https:\/\/dev.codekraft.it\/ravaglioli.it\/product\/2-saulen-hebebuhne-kph370-70likta\/"},"modified":"2026-01-14T21:06:56","modified_gmt":"2026-01-14T21:06:56","slug":"2-saulen-hebebuhne-kph370-70likta","status":"publish","type":"product","link":"https:\/\/dev.codekraft.it\/ravaglioli.it\/de\/product\/2-saulen-hebebuhne-kph370-70likta\/","title":{"rendered":"2-S\u00e4ulen-Hebeb\u00fchne KPH370.70LIKTA"},"content":{"rendered":"<p>Modell ideal zum Heben von Lieferwagen auch mit langem Radstand. Ausf\u00fchrung mit zwei dreifach und zwei vierfach ausziehbaren langen Armen, um eine optimale Aufnahme von Pkws zu garantieren.<\/p>\n<ul>\n<li>Mechanische St\u00fctzvorrichtung mit automatischer Einschaltung, um eine maximale Sicherheit im aufgehobenen Zustand zu garantieren<\/li>\n<li>Gleichlauf mittels Seile (nicht tragend)<\/li>\n<li>Wartungsfreie Zylinder in jeder S\u00e4ule<\/li>\n<\/ul>\n<ul>\n<li>Justierbare H\u00f6he: 5016 &#8211; 4816 &#8211; 4616 mm<\/li>\n<\/ul>\n","protected":false},"excerpt":{"rendered":"<p>7,0 t, elektrohydraulisch, asymmetrisch, Tragarme 4 x 3-teilig<\/p>\n","protected":false},"featured_media":43137,"template":"","meta":[],"product_brand":[],"product_cat":[57860],"product_tag":[58287,58323,58340],"product_approvals":[],"product_application":[],"class_list":{"0":"post-154282","1":"product","2":"type-product","3":"status-publish","4":"has-post-thumbnail","6":"product_cat-2-saulen-hebebuhnen-de","7":"product_tag-passenger-cars-de","8":"product_tag-light-commercial-de","9":"product_tag-motor-homes-de","11":"first","12":"instock","13":"shipping-taxable","14":"product-type-simple"},"approvals":[],"application":[],"brb_media_brochure":[{"id":150471,"url":"https:\/\/dev.codekraft.it\/ravaglioli.it\/wp-content\/uploads\/brb_media\/00528004_2-post-lift-kph37055_70likta-br-multi-2024-06-screen.pdf","title":"2 post lift KPH37055 70LIKTA BR multi 2024 06 screen","mpn":"","thumbnail":"https:\/\/dev.codekraft.it\/ravaglioli.it\/wp-content\/uploads\/brb_media\/00528004_2-post-lift-kph37055_70likta-br-multi-2024-06-screen-pdf-106x150.png","description":""}],"brb_media_drawing":[{"id":49378,"url":"https:\/\/dev.codekraft.it\/ravaglioli.it\/wp-content\/uploads\/brb_media\/00509880_2-post-lift-kph37070likta-td-x0-0488_0704_1_00-it-2016-06.pdf","title":"2 post lift KPH37070LIKTA TD X0 0488 0704 1 00 it 2016 06","mpn":"","thumbnail":"https:\/\/dev.codekraft.it\/ravaglioli.it\/wp-content\/uploads\/brb_media\/00509880_2-post-lift-kph37070likta-td-x0-0488_0704_1_00-it-2016-06-pdf-150x106.png","description":""}],"brb_media_manuals":[{"id":49377,"url":"https:\/\/dev.codekraft.it\/ravaglioli.it\/wp-content\/uploads\/brb_media\/00509876_2-post-lifts-kph37070likt_70likta-var5500-im-0488-m001-2-rev2-multi-2021-03.pdf","title":"2 post lifts KPH37070LIKT 70LIKTA VAR5500 IM 0488 M001 2 rev2 multi 2021 03","mpn":"","thumbnail":"https:\/\/dev.codekraft.it\/ravaglioli.it\/wp-content\/uploads\/brb_media\/00509876_2-post-lifts-kph37070likt_70likta-var5500-im-0488-m001-2-rev2-multi-2021-03-pdf-106x150.png","description":""}],"brb_media_safety_datasheets":"","brb_media_spare_parts":[],"_cdmm_p_id":"502539","_company":"Ravaglioli","_gtin":"4057612814354","accessories":[{"id":153173,"mpn":"S370A7","name":"Distanzh\u00fclsen 80 mm, Zapfen-\u00d8 60 mm | 1 Satz \/ 4 St\u00fcck","description":"","thumbnail":"https:\/\/dev.codekraft.it\/ravaglioli.it\/wp-content\/uploads\/brb_media\/00506749_s224a3-150x150.png","url":"https:\/\/dev.codekraft.it\/ravaglioli.it\/de\/product\/distanzhulsen-80-mm-zapfen-o-60-mm-1-satz-4-stuck\/"},{"id":153155,"mpn":"S370A8","name":"Distanzh\u00fclsen 140 mm, Zapfen-\u00d8 60 mm | 1 Satz \/ 4 St\u00fcck","description":"","thumbnail":"https:\/\/dev.codekraft.it\/ravaglioli.it\/wp-content\/uploads\/brb_media\/00506750_s224a4-150x150.png","url":"https:\/\/dev.codekraft.it\/ravaglioli.it\/de\/product\/distanzhulsen-140-mm-zapfen-o-60-mm-1-satz-4-stuck\/"},{"id":152611,"mpn":"S374A2","name":"Energie-Kit f\u00fcr KPH370.xx","description":"Druckluftanschluss und 230-V-Steckdose | 1 St\u00fcck","thumbnail":"https:\/\/dev.codekraft.it\/ravaglioli.it\/wp-content\/uploads\/brb_media\/00506774_s374a2-150x150.png","url":"https:\/\/dev.codekraft.it\/ravaglioli.it\/de\/product\/energie-kit-fur-kph370-xx\/"},{"id":153539,"mpn":"S370A20","name":"Endabschalter | stangenbet\u00e4tigt | f\u00fcr 3-phasige Stromversorgung | nicht vormontiert","description":"Oberer Anschlagsicherheitsschalter f\u00fcr alle Modelle mit 3-phasiger Stromversorgung","thumbnail":"https:\/\/dev.codekraft.it\/ravaglioli.it\/wp-content\/uploads\/brb_media\/00535986_2-post-lift-s370a20-mi-150x150.png","url":"https:\/\/dev.codekraft.it\/ravaglioli.it\/de\/product\/endabschalter-stangenbetatigt-fur-3-phasige-stromversorgung-nicht-vormontiert\/"},{"id":153738,"mpn":"S370A27","name":"Werkzeug-Ablageschalen | magnetisch | 1 Satz \/ 2 St\u00fcck","description":"","thumbnail":"https:\/\/dev.codekraft.it\/ravaglioli.it\/wp-content\/uploads\/brb_media\/00509504_2-post-lift-vsg2call902641-mi-150x150.png","url":"https:\/\/dev.codekraft.it\/ravaglioli.it\/de\/product\/werkzeug-ablageschalen-magnetisch-1-satz-2-stuck\/"}],"components":[],"delivery":[],"package":[],"related":[],"similar":[{"id":154288,"mpn":"KPH370.55LIKTA","name":"2-S\u00e4ulen-Hebeb\u00fchne KPH370.55LIKTA","description":"5,5 t, elektrohydraulisch, asymmetrisch, Tragarme 4 x 3-teilig","thumbnail":"https:\/\/dev.codekraft.it\/ravaglioli.it\/wp-content\/uploads\/brb_media\/00508712_2-post-lift-kph37055likta-mi-150x150.png","url":"https:\/\/dev.codekraft.it\/ravaglioli.it\/de\/product\/2-saulen-hebebuhne-kph370-55likta\/"}],"page_logo_src":"https:\/\/dev.codekraft.it\/ravaglioli.it\/wp-content\/uploads\/2026\/04\/rav-negative-logo-1.png","lang":"de","translations":{"de":154282,"en":154281,"fr":154283,"it":154284,"es":154285,"ru":154286},"pll_sync_post":[],"_links":{"self":[{"href":"https:\/\/dev.codekraft.it\/ravaglioli.it\/wp-json\/wp\/v2\/product\/154282","targetHints":{"allow":["GET"]}}],"collection":[{"href":"https:\/\/dev.codekraft.it\/ravaglioli.it\/wp-json\/wp\/v2\/product"}],"about":[{"href":"https:\/\/dev.codekraft.it\/ravaglioli.it\/wp-json\/wp\/v2\/types\/product"}],"wp:featuredmedia":[{"embeddable":true,"href":"https:\/\/dev.codekraft.it\/ravaglioli.it\/wp-json\/wp\/v2\/media\/43137"}],"wp:attachment":[{"href":"https:\/\/dev.codekraft.it\/ravaglioli.it\/wp-json\/wp\/v2\/media?parent=154282"}],"wp:term":[{"taxonomy":"product_brand","embeddable":true,"href":"https:\/\/dev.codekraft.it\/ravaglioli.it\/wp-json\/wp\/v2\/product_brand?post=154282"},{"taxonomy":"product_cat","embeddable":true,"href":"https:\/\/dev.codekraft.it\/ravaglioli.it\/wp-json\/wp\/v2\/product_cat?post=154282"},{"taxonomy":"product_tag","embeddable":true,"href":"https:\/\/dev.codekraft.it\/ravaglioli.it\/wp-json\/wp\/v2\/product_tag?post=154282"},{"taxonomy":"product_approvals","embeddable":true,"href":"https:\/\/dev.codekraft.it\/ravaglioli.it\/wp-json\/wp\/v2\/product_approvals?post=154282"},{"taxonomy":"product_application","embeddable":true,"href":"https:\/\/dev.codekraft.it\/ravaglioli.it\/wp-json\/wp\/v2\/product_application?post=154282"}],"curies":[{"name":"wp","href":"https:\/\/api.w.org\/{rel}","templated":true}]}}