{"id":154279,"date":"2025-08-05T09:51:50","date_gmt":"2025-08-05T08:51:50","guid":{"rendered":"https:\/\/dev.codekraft.it\/ravaglioli.it\/product\/elevador-de-2-columnas-kph370-42llk\/"},"modified":"2025-11-05T20:16:53","modified_gmt":"2025-11-05T20:16:53","slug":"elevador-de-2-columnas-kph370-42llk","status":"publish","type":"product","link":"https:\/\/dev.codekraft.it\/ravaglioli.it\/es\/product\/elevador-de-2-columnas-kph370-42llk\/","title":{"rendered":"Elevador de 2 columnas KPH370.42LLK"},"content":{"rendered":"<ul>\n<li>Equipado con 4 brazos de perfil bajo y de doble extensi\u00f3n para posicionarlos f\u00e1cilmente debajo de este tipo de coches<\/li>\n<li>Altura m\u00ednima de los tacos 73 mm<\/li>\n<li>Brazos fabricados en acero especial para ofertar una muy baja altura del segundo tramo (s\u00f3lo 51 mm), paralelamente al suelo y una grande robustez &#8211; cosas esenciales para esta clase de veh\u00edculos muy bajos<\/li>\n<\/ul>\n<ul>\n<li>Brazos largos<\/li>\n<li>Brazos de bajo perfil<\/li>\n<li>Quick fit system<\/li>\n<\/ul>\n","protected":false},"excerpt":{"rendered":"<p>3,5 t, electrohidr\u00e1ulico, sim\u00e9trico, apoyo a los brazos 2 x 2-piezas<\/p>\n","protected":false},"featured_media":43129,"template":"","meta":[],"product_brand":[],"product_cat":[57902],"product_tag":[58296],"product_approvals":[],"product_application":[],"class_list":{"0":"post-154279","1":"product","2":"type-product","3":"status-publish","4":"has-post-thumbnail","6":"product_cat-elevadores-de-2-columnas-es","7":"product_tag-passenger-cars-es","9":"first","10":"instock","11":"shipping-taxable","12":"product-type-simple"},"approvals":[],"application":[],"brb_media_brochure":[{"id":43130,"url":"https:\/\/dev.codekraft.it\/ravaglioli.it\/wp-content\/uploads\/brb_media\/00508707_2-post-lift-kph37042llk-br-multi-2023-03-screen.pdf","title":"2 post lift KPH37042LLK BR multi 2023 03 screen","mpn":"","thumbnail":"https:\/\/dev.codekraft.it\/ravaglioli.it\/wp-content\/uploads\/brb_media\/00508707_2-post-lift-kph37042llk-br-multi-2023-03-screen-pdf-106x150.png","description":""}],"brb_media_drawing":[{"id":49370,"url":"https:\/\/dev.codekraft.it\/ravaglioli.it\/wp-content\/uploads\/brb_media\/00509892_2-post-lift-kph37042llk-sp-0484-r0150-0-rev0-multi-2016-08.pdf","title":"2 post lift KPH37042LLK SP 0484 R0150 0 rev0 multi 2016 08","mpn":"","thumbnail":"https:\/\/dev.codekraft.it\/ravaglioli.it\/wp-content\/uploads\/brb_media\/00509892_2-post-lift-kph37042llk-sp-0484-r0150-0-rev0-multi-2016-08-pdf-106x150.png","description":""}],"brb_media_manuals":[{"id":49369,"url":"https:\/\/dev.codekraft.it\/ravaglioli.it\/wp-content\/uploads\/brb_media\/00509893_2-post-lifts-kph37042llk_llklb-im-0484-m015-2-rev2-multi-2020-05.pdf","title":"2 post lifts KPH37042LLK LLKLB IM 0484 M015 2 rev2 multi 2020 05","mpn":"","thumbnail":"https:\/\/dev.codekraft.it\/ravaglioli.it\/wp-content\/uploads\/brb_media\/00509893_2-post-lifts-kph37042llk_llklb-im-0484-m015-2-rev2-multi-2020-05-pdf-106x150.png","description":""}],"brb_media_safety_datasheets":"","brb_media_spare_parts":[],"_cdmm_p_id":"502538","_company":"Ravaglioli","_gtin":"4057612814293","accessories":[{"id":152512,"mpn":"S224A3","name":"Espesores 80 mm","description":"Para Fiat Ducato, Peugeot Boxer y Citro\u00ebn Jumper | para tacos r\u00e1pidos de brazos K, \u00d8 45 mm | 1 juego \/ 4 piezas","thumbnail":"https:\/\/dev.codekraft.it\/ravaglioli.it\/wp-content\/uploads\/brb_media\/00508724_2-post-lift-s224a3-mi-150x150.png","url":"https:\/\/dev.codekraft.it\/ravaglioli.it\/es\/product\/espesores-80-mm\/"},{"id":152518,"mpn":"S224A4","name":"Espesores 140 mm","description":"Para Fiat Ducato, Peugeot Boxer y Citro\u00ebn Jumper | para tacos r\u00e1pidos de brazos K, \u00d8 45 mm | 1 juego \/ 4 piezas","thumbnail":"https:\/\/dev.codekraft.it\/ravaglioli.it\/wp-content\/uploads\/brb_media\/00508725_2-post-lift-s224a4-mi-150x150.png","url":"https:\/\/dev.codekraft.it\/ravaglioli.it\/es\/product\/espesores-140-mm\/"},{"id":153338,"mpn":"S370A5","name":"Protecciones para puertas para elevadores de 2 columnas","description":"1 juego \/ 2 piezas","thumbnail":"https:\/\/dev.codekraft.it\/ravaglioli.it\/wp-content\/uploads\/brb_media\/00506773_s370a5-150x150.png","url":"https:\/\/dev.codekraft.it\/ravaglioli.it\/es\/product\/protecciones-para-puertas-para-elevadores-de-2-columnas\/"},{"id":152614,"mpn":"S374A2","name":"Kit de energ\u00eda para KPH370.xx","description":"Conexi\u00f3n de aire comprimido y toma de 230 V | 1 pieza","thumbnail":"https:\/\/dev.codekraft.it\/ravaglioli.it\/wp-content\/uploads\/brb_media\/00506774_s374a2-150x150.png","url":"https:\/\/dev.codekraft.it\/ravaglioli.it\/es\/product\/kit-de-energia-para-kph370-xx\/"},{"id":153170,"mpn":"S370A18","name":"Espesores 200 mm","description":"Para Fiat Ducato, Peugeot Boxer y Citro\u00ebn Jumper | rosca \u00d8 45 mm | 1 juego \/ 4 piezas","thumbnail":"https:\/\/dev.codekraft.it\/ravaglioli.it\/wp-content\/uploads\/brb_media\/00508733_2-post-lift-s370a18-mi-150x150.png","url":"https:\/\/dev.codekraft.it\/ravaglioli.it\/es\/product\/espesores-200-mm\/"},{"id":153542,"mpn":"S370A20","name":"Final de carrera | accionamiento tipo barra | para alimentaci\u00f3n trif\u00e1sica | no premontado","description":"Interruptor para todos los elevadores con alimentaci\u00f3n trif\u00e1sica","thumbnail":"https:\/\/dev.codekraft.it\/ravaglioli.it\/wp-content\/uploads\/brb_media\/00535986_2-post-lift-s370a20-mi-150x150.png","url":"https:\/\/dev.codekraft.it\/ravaglioli.it\/es\/product\/final-de-carrera-accionamiento-tipo-barra-para-alimentacion-trifasica-no-premontado\/"},{"id":153789,"mpn":"S370A4","name":"Extensi\u00f3n de anchura 200 mm","description":"200 mm","thumbnail":"https:\/\/dev.codekraft.it\/ravaglioli.it\/wp-content\/uploads\/brb_media\/00535985_2-post-lift-s370a4-mi-150x150.png","url":"https:\/\/dev.codekraft.it\/ravaglioli.it\/es\/product\/extension-de-anchura-200-mm-2\/"},{"id":153741,"mpn":"S370A27","name":"Bandejas para herramientas | magn\u00e9tico | 1 juego \/ 2 piezas","description":"","thumbnail":"https:\/\/dev.codekraft.it\/ravaglioli.it\/wp-content\/uploads\/brb_media\/00509504_2-post-lift-vsg2call902641-mi-150x150.png","url":"https:\/\/dev.codekraft.it\/ravaglioli.it\/es\/product\/bandejas-para-herramientas-magnetico-1-juego-2-piezas\/"},{"id":152524,"mpn":"S224RA4","name":"Espesores 140 mm | para tacos r\u00e1pidos de brazos R","description":"Juegos de extensiones de tacos para desmontadoras para motos | 1 juego \/ 4 piezas","thumbnail":"https:\/\/dev.codekraft.it\/ravaglioli.it\/wp-content\/uploads\/brb_media\/00506750_s224a4-150x150.png","url":"https:\/\/dev.codekraft.it\/ravaglioli.it\/es\/product\/espesores-140-mm-para-tacos-rapidos-de-brazos-r\/"}],"components":[],"delivery":[],"package":[],"related":[],"similar":[],"page_logo_src":"https:\/\/dev.codekraft.it\/ravaglioli.it\/wp-content\/uploads\/2026\/04\/rav-negative-logo-1.png","lang":"es","translations":{"es":154279,"de":154276,"fr":154277,"it":154278,"ru":154280},"pll_sync_post":[],"_links":{"self":[{"href":"https:\/\/dev.codekraft.it\/ravaglioli.it\/wp-json\/wp\/v2\/product\/154279","targetHints":{"allow":["GET"]}}],"collection":[{"href":"https:\/\/dev.codekraft.it\/ravaglioli.it\/wp-json\/wp\/v2\/product"}],"about":[{"href":"https:\/\/dev.codekraft.it\/ravaglioli.it\/wp-json\/wp\/v2\/types\/product"}],"wp:featuredmedia":[{"embeddable":true,"href":"https:\/\/dev.codekraft.it\/ravaglioli.it\/wp-json\/wp\/v2\/media\/43129"}],"wp:attachment":[{"href":"https:\/\/dev.codekraft.it\/ravaglioli.it\/wp-json\/wp\/v2\/media?parent=154279"}],"wp:term":[{"taxonomy":"product_brand","embeddable":true,"href":"https:\/\/dev.codekraft.it\/ravaglioli.it\/wp-json\/wp\/v2\/product_brand?post=154279"},{"taxonomy":"product_cat","embeddable":true,"href":"https:\/\/dev.codekraft.it\/ravaglioli.it\/wp-json\/wp\/v2\/product_cat?post=154279"},{"taxonomy":"product_tag","embeddable":true,"href":"https:\/\/dev.codekraft.it\/ravaglioli.it\/wp-json\/wp\/v2\/product_tag?post=154279"},{"taxonomy":"product_approvals","embeddable":true,"href":"https:\/\/dev.codekraft.it\/ravaglioli.it\/wp-json\/wp\/v2\/product_approvals?post=154279"},{"taxonomy":"product_application","embeddable":true,"href":"https:\/\/dev.codekraft.it\/ravaglioli.it\/wp-json\/wp\/v2\/product_application?post=154279"}],"curies":[{"name":"wp","href":"https:\/\/api.w.org\/{rel}","templated":true}]}}