{"id":154276,"date":"2025-08-05T09:51:50","date_gmt":"2025-08-05T08:51:50","guid":{"rendered":"https:\/\/dev.codekraft.it\/ravaglioli.it\/product\/2-saulen-hebebuhne-kph370-42llk\/"},"modified":"2025-11-05T20:16:52","modified_gmt":"2025-11-05T20:16:52","slug":"2-saulen-hebebuhne-kph370-42llk","status":"publish","type":"product","link":"https:\/\/dev.codekraft.it\/ravaglioli.it\/de\/product\/2-saulen-hebebuhne-kph370-42llk\/","title":{"rendered":"2-S\u00e4ulen-Hebeb\u00fchne KPH370.42LLK"},"content":{"rendered":"<p>Hebeb\u00fchne f\u00fcr Sportautomobile<\/p>\n<ul>\n<li>Ausgestattet mit 4 langen, doppelausziehbaren und sehr niedrigen Tragarmen f\u00fcr ein leichtes Einschwenken unter Fahrzeugen mit sehr niedrigem Schwelle<\/li>\n<li>Minimale Unterschwenkh\u00f6he der Tragteller betr\u00e4gt 73 mm<\/li>\n<li>Die Arme sind aus Spezialstahl angefertigt und laufen parallel dem Boden auf nur 51 mm H\u00f6he &#8211; Einfach ideal zum Hochheben von Sportfahrzeugen<\/li>\n<\/ul>\n<ul>\n<li>Lange Arme<\/li>\n<li>Sehr niedrige Arme<\/li>\n<li>Quick-Fit-System<\/li>\n<\/ul>\n","protected":false},"excerpt":{"rendered":"<p>3,5 t, elektrohydraulisch, symmetrisch, Tragarme 2 x 2-teilig<\/p>\n","protected":false},"featured_media":43129,"template":"","meta":[],"product_brand":[],"product_cat":[57860],"product_tag":[58287],"product_approvals":[],"product_application":[],"class_list":{"0":"post-154276","1":"product","2":"type-product","3":"status-publish","4":"has-post-thumbnail","6":"product_cat-2-saulen-hebebuhnen-de","7":"product_tag-passenger-cars-de","9":"first","10":"instock","11":"shipping-taxable","12":"product-type-simple"},"approvals":[],"application":[],"brb_media_brochure":[{"id":43130,"url":"https:\/\/dev.codekraft.it\/ravaglioli.it\/wp-content\/uploads\/brb_media\/00508707_2-post-lift-kph37042llk-br-multi-2023-03-screen.pdf","title":"2 post lift KPH37042LLK BR multi 2023 03 screen","mpn":"","thumbnail":"https:\/\/dev.codekraft.it\/ravaglioli.it\/wp-content\/uploads\/brb_media\/00508707_2-post-lift-kph37042llk-br-multi-2023-03-screen-pdf-106x150.png","description":""}],"brb_media_drawing":[{"id":49370,"url":"https:\/\/dev.codekraft.it\/ravaglioli.it\/wp-content\/uploads\/brb_media\/00509892_2-post-lift-kph37042llk-sp-0484-r0150-0-rev0-multi-2016-08.pdf","title":"2 post lift KPH37042LLK SP 0484 R0150 0 rev0 multi 2016 08","mpn":"","thumbnail":"https:\/\/dev.codekraft.it\/ravaglioli.it\/wp-content\/uploads\/brb_media\/00509892_2-post-lift-kph37042llk-sp-0484-r0150-0-rev0-multi-2016-08-pdf-106x150.png","description":""}],"brb_media_manuals":[{"id":49369,"url":"https:\/\/dev.codekraft.it\/ravaglioli.it\/wp-content\/uploads\/brb_media\/00509893_2-post-lifts-kph37042llk_llklb-im-0484-m015-2-rev2-multi-2020-05.pdf","title":"2 post lifts KPH37042LLK LLKLB IM 0484 M015 2 rev2 multi 2020 05","mpn":"","thumbnail":"https:\/\/dev.codekraft.it\/ravaglioli.it\/wp-content\/uploads\/brb_media\/00509893_2-post-lifts-kph37042llk_llklb-im-0484-m015-2-rev2-multi-2020-05-pdf-106x150.png","description":""}],"brb_media_safety_datasheets":"","brb_media_spare_parts":[],"_cdmm_p_id":"502538","_company":"Ravaglioli","_gtin":"4057612814293","accessories":[{"id":152509,"mpn":"S224A3","name":"Distanzh\u00fclsen 80 mm","description":"Abstandst\u00fccke f\u00fcr Fiat Ducato, Peugeot Boxer und Citro\u00ebn Jumper | f\u00fcr Steckaufnahmen der K-Arme, \u00d8 45 mm | 1 Satz \/ 4 St\u00fcck","thumbnail":"https:\/\/dev.codekraft.it\/ravaglioli.it\/wp-content\/uploads\/brb_media\/00508724_2-post-lift-s224a3-mi-150x150.png","url":"https:\/\/dev.codekraft.it\/ravaglioli.it\/de\/product\/distanzhulsen-80-mm\/"},{"id":152515,"mpn":"S224A4","name":"Distanzh\u00fclsen 140 mm","description":"Abstandst\u00fccke f\u00fcr Fiat Ducato, Peugeot Boxer und Citro\u00ebn Jumper | f\u00fcr Steckaufnahmen der K-Arme, \u00d8 45 mm | 1 Satz \/ 4 St\u00fcck","thumbnail":"https:\/\/dev.codekraft.it\/ravaglioli.it\/wp-content\/uploads\/brb_media\/00508725_2-post-lift-s224a4-mi-150x150.png","url":"https:\/\/dev.codekraft.it\/ravaglioli.it\/de\/product\/distanzhulsen-140-mm\/"},{"id":153335,"mpn":"S370A5","name":"T\u00fcranschl\u00e4ge f\u00fcr 2-S\u00e4ulen-Hebeb\u00fchnen","description":"1 Satz \/ 2 St\u00fcck","thumbnail":"https:\/\/dev.codekraft.it\/ravaglioli.it\/wp-content\/uploads\/brb_media\/00506773_s370a5-150x150.png","url":"https:\/\/dev.codekraft.it\/ravaglioli.it\/de\/product\/turanschlage-fur-2-saulen-hebebuhnen\/"},{"id":152611,"mpn":"S374A2","name":"Energie-Kit f\u00fcr KPH370.xx","description":"Druckluftanschluss und 230-V-Steckdose | 1 St\u00fcck","thumbnail":"https:\/\/dev.codekraft.it\/ravaglioli.it\/wp-content\/uploads\/brb_media\/00506774_s374a2-150x150.png","url":"https:\/\/dev.codekraft.it\/ravaglioli.it\/de\/product\/energie-kit-fur-kph370-xx\/"},{"id":153167,"mpn":"S370A18","name":"Distanzh\u00fclsen 200 mm","description":"Abstandst\u00fccke f\u00fcr Fiat Ducato, Peugeot Boxer und Citro\u00ebn Jumper | Zapfen-\u00d8 45 mm | 1 Satz \/ 4 St\u00fcck","thumbnail":"https:\/\/dev.codekraft.it\/ravaglioli.it\/wp-content\/uploads\/brb_media\/00508733_2-post-lift-s370a18-mi-150x150.png","url":"https:\/\/dev.codekraft.it\/ravaglioli.it\/de\/product\/distanzhulsen-200-mm\/"},{"id":153539,"mpn":"S370A20","name":"Endabschalter | stangenbet\u00e4tigt | f\u00fcr 3-phasige Stromversorgung | nicht vormontiert","description":"Oberer Anschlagsicherheitsschalter f\u00fcr alle Modelle mit 3-phasiger Stromversorgung","thumbnail":"https:\/\/dev.codekraft.it\/ravaglioli.it\/wp-content\/uploads\/brb_media\/00535986_2-post-lift-s370a20-mi-150x150.png","url":"https:\/\/dev.codekraft.it\/ravaglioli.it\/de\/product\/endabschalter-stangenbetatigt-fur-3-phasige-stromversorgung-nicht-vormontiert\/"},{"id":153786,"mpn":"S370A4","name":"Verbreiterung 200 mm","description":"","thumbnail":"https:\/\/dev.codekraft.it\/ravaglioli.it\/wp-content\/uploads\/brb_media\/00535985_2-post-lift-s370a4-mi-150x150.png","url":"https:\/\/dev.codekraft.it\/ravaglioli.it\/de\/product\/verbreiterung-200-mm-2\/"},{"id":153738,"mpn":"S370A27","name":"Werkzeug-Ablageschalen | magnetisch | 1 Satz \/ 2 St\u00fcck","description":"","thumbnail":"https:\/\/dev.codekraft.it\/ravaglioli.it\/wp-content\/uploads\/brb_media\/00509504_2-post-lift-vsg2call902641-mi-150x150.png","url":"https:\/\/dev.codekraft.it\/ravaglioli.it\/de\/product\/werkzeug-ablageschalen-magnetisch-1-satz-2-stuck\/"},{"id":152521,"mpn":"S224RA4","name":"Distanzh\u00fclsen 140 mm | f\u00fcr Steckaufnahmen der R-Arme","description":"Verl\u00e4ngerungen f\u00fcr 2-S\u00e4ulen-Hebeb\u00fchnen | 1 Satz \/ 4 St\u00fcck","thumbnail":"https:\/\/dev.codekraft.it\/ravaglioli.it\/wp-content\/uploads\/brb_media\/00506750_s224a4-150x150.png","url":"https:\/\/dev.codekraft.it\/ravaglioli.it\/de\/product\/distanzhulsen-140-mm-fur-steckaufnahmen-der-r-arme\/"}],"components":[],"delivery":[],"package":[],"related":[],"similar":[],"page_logo_src":"https:\/\/dev.codekraft.it\/ravaglioli.it\/wp-content\/uploads\/2026\/04\/rav-negative-logo-1.png","lang":"de","translations":{"de":154276,"fr":154277,"it":154278,"es":154279,"ru":154280},"pll_sync_post":[],"_links":{"self":[{"href":"https:\/\/dev.codekraft.it\/ravaglioli.it\/wp-json\/wp\/v2\/product\/154276","targetHints":{"allow":["GET"]}}],"collection":[{"href":"https:\/\/dev.codekraft.it\/ravaglioli.it\/wp-json\/wp\/v2\/product"}],"about":[{"href":"https:\/\/dev.codekraft.it\/ravaglioli.it\/wp-json\/wp\/v2\/types\/product"}],"wp:featuredmedia":[{"embeddable":true,"href":"https:\/\/dev.codekraft.it\/ravaglioli.it\/wp-json\/wp\/v2\/media\/43129"}],"wp:attachment":[{"href":"https:\/\/dev.codekraft.it\/ravaglioli.it\/wp-json\/wp\/v2\/media?parent=154276"}],"wp:term":[{"taxonomy":"product_brand","embeddable":true,"href":"https:\/\/dev.codekraft.it\/ravaglioli.it\/wp-json\/wp\/v2\/product_brand?post=154276"},{"taxonomy":"product_cat","embeddable":true,"href":"https:\/\/dev.codekraft.it\/ravaglioli.it\/wp-json\/wp\/v2\/product_cat?post=154276"},{"taxonomy":"product_tag","embeddable":true,"href":"https:\/\/dev.codekraft.it\/ravaglioli.it\/wp-json\/wp\/v2\/product_tag?post=154276"},{"taxonomy":"product_approvals","embeddable":true,"href":"https:\/\/dev.codekraft.it\/ravaglioli.it\/wp-json\/wp\/v2\/product_approvals?post=154276"},{"taxonomy":"product_application","embeddable":true,"href":"https:\/\/dev.codekraft.it\/ravaglioli.it\/wp-json\/wp\/v2\/product_application?post=154276"}],"curies":[{"name":"wp","href":"https:\/\/api.w.org\/{rel}","templated":true}]}}