{"id":154273,"date":"2025-09-08T09:01:42","date_gmt":"2025-09-08T08:01:42","guid":{"rendered":"https:\/\/dev.codekraft.it\/ravaglioli.it\/product\/desmontadora-de-neumaticos-g9156-13ei\/"},"modified":"2026-01-14T21:06:16","modified_gmt":"2026-01-14T21:06:16","slug":"desmontadora-de-neumaticos-g9156-13ei","status":"publish","type":"product","link":"https:\/\/dev.codekraft.it\/ravaglioli.it\/es\/product\/desmontadora-de-neumaticos-g9156-13ei\/","title":{"rendered":"Desmontadora de neum\u00e1ticos G9156.13EI"},"content":{"rendered":"<p>Desmontadora electrohidr\u00e1ulica para neum\u00e1ticos de camiones, m\u00e1quinas agr\u00edcolas para trabajos de movimientos de tierra.<\/p>\n<ul>\n<li>Rotaci\u00f3n manual de la herramienta con desbloqueo r\u00e0pido<\/li>\n<li>Capacidad tensora 11 &#8211; 43\u2033 (56\u2033 con juego extensor)<\/li>\n<li>Tambi\u00e9n para ruedas de cami\u00f3n de 19\u2033 y 22,5\u2033<\/li>\n<li>Doble velocidad en movimiento rotaci\u00f3n del plato<\/li>\n<li>Mandos su consola movil<\/li>\n<\/ul>\n","protected":false},"excerpt":{"rendered":"<p>Universal, sin palanca, velocidad max. 10 r\/min, unidad operativa por cable, cami\u00f3n, di\u00e1metro de llanta 11 &#8211; 43\u2033 (56\u2033 con juego extensor), anchura llante max. 1300 mm<\/p>\n","protected":false},"featured_media":43122,"template":"","meta":[],"product_brand":[],"product_cat":[57904],"product_tag":[58383,58366,58451,58468],"product_approvals":[],"product_application":[],"class_list":{"0":"post-154273","1":"product","2":"type-product","3":"status-publish","4":"has-post-thumbnail","6":"product_cat-desmontadoras-es","7":"product_tag-buses-es","8":"product_tag-trucks-es","9":"product_tag-agricultural-machines-es","10":"product_tag-tracked-vehicles-es","12":"first","13":"instock","14":"shipping-taxable","15":"product-type-simple"},"approvals":[],"application":[],"brb_media_brochure":[{"id":150462,"url":"https:\/\/dev.codekraft.it\/ravaglioli.it\/wp-content\/uploads\/brb_media\/00521671_tyre-changers-g915611n-13ei-br-multi-2023-09-screen.pdf","title":"Tyre changers G915611N 13EI BR multi 2023 09 screen","mpn":"","thumbnail":"https:\/\/dev.codekraft.it\/ravaglioli.it\/wp-content\/uploads\/brb_media\/00521671_tyre-changers-g915611n-13ei-br-multi-2023-09-screen-pdf-106x150.png","description":""}],"brb_media_drawing":"","brb_media_manuals":[{"id":150463,"url":"https:\/\/dev.codekraft.it\/ravaglioli.it\/wp-content\/uploads\/brb_media\/00548737_tyre-changer-rotn4111-n4113\u2013ravg9156-spag0156-im-7505-m007-00_vsg_rev00-de-2024-04.pdf","title":"Tyre changer ROTN4111 N4113\u2013RAVG9156 SPAG0156 IM 7505 M007 00 VSG rev00 de 2024 04","mpn":"","thumbnail":"https:\/\/dev.codekraft.it\/ravaglioli.it\/wp-content\/uploads\/brb_media\/00548737_tyre-changer-rotn4111-n4113\u2013ravg9156-spag0156-im-7505-m007-00_vsg_rev00-de-2024-04-pdf-106x150.png","description":""},{"id":150464,"url":"https:\/\/dev.codekraft.it\/ravaglioli.it\/wp-content\/uploads\/brb_media\/00548739_tyre-changer-rotn4111-n4113\u2013ravg9156-spag0156-im-7505-m007-00_vsg_rev00-en-2024-04.pdf","title":"Tyre changer ROTN4111 N4113\u2013RAVG9156 SPAG0156 IM 7505 M007 00 VSG rev00 en 2024 04","mpn":"","thumbnail":"https:\/\/dev.codekraft.it\/ravaglioli.it\/wp-content\/uploads\/brb_media\/00548739_tyre-changer-rotn4111-n4113\u2013ravg9156-spag0156-im-7505-m007-00_vsg_rev00-en-2024-04-pdf-106x150.png","description":""},{"id":150465,"url":"https:\/\/dev.codekraft.it\/ravaglioli.it\/wp-content\/uploads\/brb_media\/00548740_tyre-changer-rotn4111-n4113\u2013ravg9156-spag0156-im-7505-m007-00_vsg_rev00-fr-2024-04.pdf","title":"Tyre changer ROTN4111 N4113\u2013RAVG9156 SPAG0156 IM 7505 M007 00 VSG rev00 fr 2024 04","mpn":"","thumbnail":"https:\/\/dev.codekraft.it\/ravaglioli.it\/wp-content\/uploads\/brb_media\/00548740_tyre-changer-rotn4111-n4113\u2013ravg9156-spag0156-im-7505-m007-00_vsg_rev00-fr-2024-04-pdf-106x150.png","description":""},{"id":150466,"url":"https:\/\/dev.codekraft.it\/ravaglioli.it\/wp-content\/uploads\/brb_media\/00548741_tyre-changer-rotn4111-n4113\u2013ravg9156-spag0156-im-7505-m007-00_vsg_rev00-it-2024-04.pdf","title":"Tyre changer ROTN4111 N4113\u2013RAVG9156 SPAG0156 IM 7505 M007 00 VSG rev00 it 2024 04","mpn":"","thumbnail":"https:\/\/dev.codekraft.it\/ravaglioli.it\/wp-content\/uploads\/brb_media\/00548741_tyre-changer-rotn4111-n4113\u2013ravg9156-spag0156-im-7505-m007-00_vsg_rev00-it-2024-04-pdf-106x150.png","description":""},{"id":150467,"url":"https:\/\/dev.codekraft.it\/ravaglioli.it\/wp-content\/uploads\/brb_media\/00548742_tyre-changer-rotn4111-n4113\u2013ravg9156-spag0156-im-7505-m007-00_vsg_rev00-es-2024-04.pdf","title":"Tyre changer ROTN4111 N4113\u2013RAVG9156 SPAG0156 IM 7505 M007 00 VSG rev00 es 2024 04","mpn":"","thumbnail":"https:\/\/dev.codekraft.it\/ravaglioli.it\/wp-content\/uploads\/brb_media\/00548742_tyre-changer-rotn4111-n4113\u2013ravg9156-spag0156-im-7505-m007-00_vsg_rev00-es-2024-04-pdf-106x150.png","description":""},{"id":150468,"url":"https:\/\/dev.codekraft.it\/ravaglioli.it\/wp-content\/uploads\/brb_media\/00548743_tyre-changer-rotn4111-n4113\u2013ravg9156-spag0156-im-7505-m007-00_vsg_rev00-pl-2024-04.pdf","title":"Tyre changer ROTN4111 N4113\u2013RAVG9156 SPAG0156 IM 7505 M007 00 VSG rev00 pl 2024 04","mpn":"","thumbnail":"https:\/\/dev.codekraft.it\/ravaglioli.it\/wp-content\/uploads\/brb_media\/00548743_tyre-changer-rotn4111-n4113\u2013ravg9156-spag0156-im-7505-m007-00_vsg_rev00-pl-2024-04-pdf-106x150.png","description":""}],"brb_media_safety_datasheets":"","brb_media_spare_parts":[],"_cdmm_p_id":"502537","_company":"Ravaglioli","_gtin":"5063084206268","accessories":[{"id":152296,"mpn":"G108A5","name":"Adaptadores con adherencia suplementar","description":"Con adherencia suplementar","thumbnail":"https:\/\/dev.codekraft.it\/ravaglioli.it\/wp-content\/uploads\/brb_media\/00506740_g108a5-01-150x150.png","url":"https:\/\/dev.codekraft.it\/ravaglioli.it\/es\/product\/adaptadores-con-adherencia-suplementar\/"},{"id":155845,"mpn":"G90A6","name":"Mordaza de bloqueo tal\u00f3n para llantas de aleaci\u00f3n","description":"Protecci\u00f3n para llantas de aleaci\u00f3n","thumbnail":"https:\/\/dev.codekraft.it\/ravaglioli.it\/wp-content\/uploads\/brb_media\/00506745_g90a6-150x150.png","url":"https:\/\/dev.codekraft.it\/ravaglioli.it\/es\/product\/mordaza-de-bloqueo-talon-para-llantas-de-aleacion\/"},{"id":154919,"mpn":"G108A3","name":"Palanca","description":"Corta, patentada","thumbnail":"https:\/\/dev.codekraft.it\/ravaglioli.it\/wp-content\/uploads\/brb_media\/00506736_g108a3-150x150.png","url":"https:\/\/dev.codekraft.it\/ravaglioli.it\/es\/product\/palanca\/"},{"id":155911,"mpn":"G108A13","name":"Palanca para anillos para cami\u00f3n","description":"","thumbnail":"https:\/\/dev.codekraft.it\/ravaglioli.it\/wp-content\/uploads\/brb_media\/00506730_g108a13-150x150.png","url":"https:\/\/dev.codekraft.it\/ravaglioli.it\/es\/product\/palanca-para-anillos-para-camion\/"},{"id":154925,"mpn":"G108A16","name":"Brocha madera, en \u00e1ngulo","description":"Para m\u00e1quinas de montaje de ruedas","thumbnail":"https:\/\/dev.codekraft.it\/ravaglioli.it\/wp-content\/uploads\/brb_media\/00506731_g108a16-150x114.png","url":"https:\/\/dev.codekraft.it\/ravaglioli.it\/es\/product\/brocha-madera-en-angulo\/"},{"id":155917,"mpn":"G800A37","name":"Jab\u00f3n lubricante para montaje\/desmontaje neum\u00e1ticos | 3,5 kg","description":"","thumbnail":"https:\/\/dev.codekraft.it\/ravaglioli.it\/wp-content\/uploads\/brb_media\/00506743_g800a37-150x150.png","url":"https:\/\/dev.codekraft.it\/ravaglioli.it\/es\/product\/jabon-lubricante-para-montaje-desmontaje-neumaticos-35-kg\/"},{"id":155863,"mpn":"G108A1","name":"Protecci\u00f3n garras para llantas de aleaci\u00f3n","description":"1 juego \/ 4 piezas","thumbnail":"https:\/\/dev.codekraft.it\/ravaglioli.it\/wp-content\/uploads\/brb_media\/00506728_g108a1-150x150.png","url":"https:\/\/dev.codekraft.it\/ravaglioli.it\/es\/product\/proteccion-garras-para-llantas-de-aleacion\/"},{"id":155857,"mpn":"G108A12","name":"Extensiones agarre plato para llanta \u00d8 hasta 56\u2033","description":"Adaptadores para ampliar el rango de sujeci\u00f3n | 1 juego \/ 4 piezas","thumbnail":"https:\/\/dev.codekraft.it\/ravaglioli.it\/wp-content\/uploads\/brb_media\/00506729_g108a12-150x150.png","url":"https:\/\/dev.codekraft.it\/ravaglioli.it\/es\/product\/extensiones-agarre-plato-para-llanta-o-hasta-56%e2%80%b3\/"},{"id":155869,"mpn":"G108A34","name":"Presiona tal\u00f3n neum\u00e1tico para ruedas agr\u00edcolas","description":"","thumbnail":"https:\/\/dev.codekraft.it\/ravaglioli.it\/wp-content\/uploads\/brb_media\/00506738_g108a34-02-150x150.png","url":"https:\/\/dev.codekraft.it\/ravaglioli.it\/es\/product\/presiona-talon-neumatico-para-ruedas-agricolas\/"}],"components":[],"delivery":[],"package":[],"related":[],"similar":[{"id":154267,"mpn":"RAV.G9156.206275","name":"Desmontadora de neum\u00e1ticos G9156.11N","description":"Universal, sin palanca, velocidad max. 10 r\/min, unidad de control hidraulico, cami\u00f3n, di\u00e1metro de llanta 11 - 43\u2033 (56\u2033 con juego extensor), anchura llante max. 1100 mm","thumbnail":"https:\/\/dev.codekraft.it\/ravaglioli.it\/wp-content\/uploads\/brb_media\/00508671_tyre-changer-g915611n-mi-150x150.png","url":"https:\/\/dev.codekraft.it\/ravaglioli.it\/es\/product\/desmontadora-de-neumaticos-g9156-11n\/"},{"id":154466,"mpn":"RAV.G9256.206244","name":"Desmontadora de neum\u00e1ticos G9256.15","description":"Universal, 2 velocidades (max. 8 r\/min), unidad operativa por cable, cami\u00f3n, di\u00e1metro de llanta 11 - 43\u2033, anchura llante max. 1500 mm","thumbnail":"https:\/\/dev.codekraft.it\/ravaglioli.it\/wp-content\/uploads\/brb_media\/00509291_tyre-changer-g925615-mi-150x150.png","url":"https:\/\/dev.codekraft.it\/ravaglioli.it\/es\/product\/desmontadora-de-neumaticos-g9256-15\/"},{"id":154472,"mpn":"RAV.G0156.206251","name":"Desmontadora de neum\u00e1ticos G10156.15","description":"Universal, 2 velocidades (max. 8 r\/min)unidad operativa por cable, cami\u00f3n, di\u00e1metro de llanta 11 - 43\u2033, anchura llante max. 1500 mm","thumbnail":"https:\/\/dev.codekraft.it\/ravaglioli.it\/wp-content\/uploads\/brb_media\/00509295_tyre-changer-g1015615-mi-150x150.png","url":"https:\/\/dev.codekraft.it\/ravaglioli.it\/es\/product\/desmontadora-de-neumaticos-g10156-15\/"},{"id":154460,"mpn":"RAV.G96NX.206282","name":"Desmontadora de neum\u00e1ticos G96N","description":"Universal, herramienta de montaje del sistema Quick-Fit, velocidad max. 8 r\/min, unidad de control hidraulico, cami\u00f3n, di\u00e1metro de llanta 11 - 27\u2033, anchura llante max. 925 mm","thumbnail":"https:\/\/dev.codekraft.it\/ravaglioli.it\/wp-content\/uploads\/brb_media\/00509250_tyre-changer-g96n-mi-03-150x150.png","url":"https:\/\/dev.codekraft.it\/ravaglioli.it\/es\/product\/desmontadora-de-neumaticos-g96n\/"}],"page_logo_src":"https:\/\/dev.codekraft.it\/ravaglioli.it\/wp-content\/uploads\/2026\/04\/rav-negative-logo-1.png","lang":"es","translations":{"es":154273,"en":154269,"de":154270,"fr":154271,"it":154272,"ru":154274},"pll_sync_post":[],"_links":{"self":[{"href":"https:\/\/dev.codekraft.it\/ravaglioli.it\/wp-json\/wp\/v2\/product\/154273","targetHints":{"allow":["GET"]}}],"collection":[{"href":"https:\/\/dev.codekraft.it\/ravaglioli.it\/wp-json\/wp\/v2\/product"}],"about":[{"href":"https:\/\/dev.codekraft.it\/ravaglioli.it\/wp-json\/wp\/v2\/types\/product"}],"wp:featuredmedia":[{"embeddable":true,"href":"https:\/\/dev.codekraft.it\/ravaglioli.it\/wp-json\/wp\/v2\/media\/43122"}],"wp:attachment":[{"href":"https:\/\/dev.codekraft.it\/ravaglioli.it\/wp-json\/wp\/v2\/media?parent=154273"}],"wp:term":[{"taxonomy":"product_brand","embeddable":true,"href":"https:\/\/dev.codekraft.it\/ravaglioli.it\/wp-json\/wp\/v2\/product_brand?post=154273"},{"taxonomy":"product_cat","embeddable":true,"href":"https:\/\/dev.codekraft.it\/ravaglioli.it\/wp-json\/wp\/v2\/product_cat?post=154273"},{"taxonomy":"product_tag","embeddable":true,"href":"https:\/\/dev.codekraft.it\/ravaglioli.it\/wp-json\/wp\/v2\/product_tag?post=154273"},{"taxonomy":"product_approvals","embeddable":true,"href":"https:\/\/dev.codekraft.it\/ravaglioli.it\/wp-json\/wp\/v2\/product_approvals?post=154273"},{"taxonomy":"product_application","embeddable":true,"href":"https:\/\/dev.codekraft.it\/ravaglioli.it\/wp-json\/wp\/v2\/product_application?post=154273"}],"curies":[{"name":"wp","href":"https:\/\/api.w.org\/{rel}","templated":true}]}}