{"id":154265,"date":"2025-09-08T09:01:42","date_gmt":"2025-09-08T08:01:42","guid":{"rendered":"https:\/\/dev.codekraft.it\/ravaglioli.it\/product\/demonte-pneu-g9156-11n\/"},"modified":"2026-01-14T21:05:44","modified_gmt":"2026-01-14T21:05:44","slug":"demonte-pneu-g9156-11n","status":"publish","type":"product","link":"https:\/\/dev.codekraft.it\/ravaglioli.it\/fr\/product\/demonte-pneu-g9156-11n\/","title":{"rendered":"D\u00e9monte-pneu G9156.11N"},"content":{"rendered":"<p>D\u00e9monte-pneus \u00e9lectro-hydrauliques pour pneus de poids lourds, machines agricoles et engins de terrassement.<\/p>\n<ul>\n<li>Rotation manuelle du bras porte-outil avec kit de debloquage rapide<\/li>\n<li>Plage de serrage 11 &#8211; 43\u2033 (56\u2033 avec extension)<\/li>\n<li>Id\u00e9al m\u00eame pour roues PL de 19\u2033 et 22,5\u2033<\/li>\n<li>Double vitesse pour rotation du mandrin<\/li>\n<li>Commandes avec distributeurs hydrauliques \u00e0 levier<\/li>\n<\/ul>\n","protected":false},"excerpt":{"rendered":"<p>Universel, sans levier, vitesse max. 10 tr\/min, unit\u00e9 de commande hydraulique, camion, diam\u00e8tre de jante 11 &#8211; 43\u2033 (56\u2033 avec extension), largeur de jante max. 1100 mm<\/p>\n","protected":false},"featured_media":43114,"template":"","meta":[],"product_brand":[],"product_cat":[57876],"product_tag":[58377,58360,58462,58445],"product_approvals":[],"product_application":[],"class_list":{"0":"post-154265","1":"product","2":"type-product","3":"status-publish","4":"has-post-thumbnail","6":"product_cat-demonte-pneus-fr","7":"product_tag-buses-fr","8":"product_tag-trucks-fr","9":"product_tag-tracked-vehicles-fr","10":"product_tag-agricultural-machines-fr","12":"first","13":"instock","14":"shipping-taxable","15":"product-type-simple"},"approvals":[],"application":[],"brb_media_brochure":[{"id":150462,"url":"https:\/\/dev.codekraft.it\/ravaglioli.it\/wp-content\/uploads\/brb_media\/00521671_tyre-changers-g915611n-13ei-br-multi-2023-09-screen.pdf","title":"Tyre changers G915611N 13EI BR multi 2023 09 screen","mpn":"","thumbnail":"https:\/\/dev.codekraft.it\/ravaglioli.it\/wp-content\/uploads\/brb_media\/00521671_tyre-changers-g915611n-13ei-br-multi-2023-09-screen-pdf-106x150.png","description":""}],"brb_media_drawing":"","brb_media_manuals":[{"id":150463,"url":"https:\/\/dev.codekraft.it\/ravaglioli.it\/wp-content\/uploads\/brb_media\/00548737_tyre-changer-rotn4111-n4113\u2013ravg9156-spag0156-im-7505-m007-00_vsg_rev00-de-2024-04.pdf","title":"Tyre changer ROTN4111 N4113\u2013RAVG9156 SPAG0156 IM 7505 M007 00 VSG rev00 de 2024 04","mpn":"","thumbnail":"https:\/\/dev.codekraft.it\/ravaglioli.it\/wp-content\/uploads\/brb_media\/00548737_tyre-changer-rotn4111-n4113\u2013ravg9156-spag0156-im-7505-m007-00_vsg_rev00-de-2024-04-pdf-106x150.png","description":""},{"id":150464,"url":"https:\/\/dev.codekraft.it\/ravaglioli.it\/wp-content\/uploads\/brb_media\/00548739_tyre-changer-rotn4111-n4113\u2013ravg9156-spag0156-im-7505-m007-00_vsg_rev00-en-2024-04.pdf","title":"Tyre changer ROTN4111 N4113\u2013RAVG9156 SPAG0156 IM 7505 M007 00 VSG rev00 en 2024 04","mpn":"","thumbnail":"https:\/\/dev.codekraft.it\/ravaglioli.it\/wp-content\/uploads\/brb_media\/00548739_tyre-changer-rotn4111-n4113\u2013ravg9156-spag0156-im-7505-m007-00_vsg_rev00-en-2024-04-pdf-106x150.png","description":""},{"id":150465,"url":"https:\/\/dev.codekraft.it\/ravaglioli.it\/wp-content\/uploads\/brb_media\/00548740_tyre-changer-rotn4111-n4113\u2013ravg9156-spag0156-im-7505-m007-00_vsg_rev00-fr-2024-04.pdf","title":"Tyre changer ROTN4111 N4113\u2013RAVG9156 SPAG0156 IM 7505 M007 00 VSG rev00 fr 2024 04","mpn":"","thumbnail":"https:\/\/dev.codekraft.it\/ravaglioli.it\/wp-content\/uploads\/brb_media\/00548740_tyre-changer-rotn4111-n4113\u2013ravg9156-spag0156-im-7505-m007-00_vsg_rev00-fr-2024-04-pdf-106x150.png","description":""},{"id":150466,"url":"https:\/\/dev.codekraft.it\/ravaglioli.it\/wp-content\/uploads\/brb_media\/00548741_tyre-changer-rotn4111-n4113\u2013ravg9156-spag0156-im-7505-m007-00_vsg_rev00-it-2024-04.pdf","title":"Tyre changer ROTN4111 N4113\u2013RAVG9156 SPAG0156 IM 7505 M007 00 VSG rev00 it 2024 04","mpn":"","thumbnail":"https:\/\/dev.codekraft.it\/ravaglioli.it\/wp-content\/uploads\/brb_media\/00548741_tyre-changer-rotn4111-n4113\u2013ravg9156-spag0156-im-7505-m007-00_vsg_rev00-it-2024-04-pdf-106x150.png","description":""},{"id":150467,"url":"https:\/\/dev.codekraft.it\/ravaglioli.it\/wp-content\/uploads\/brb_media\/00548742_tyre-changer-rotn4111-n4113\u2013ravg9156-spag0156-im-7505-m007-00_vsg_rev00-es-2024-04.pdf","title":"Tyre changer ROTN4111 N4113\u2013RAVG9156 SPAG0156 IM 7505 M007 00 VSG rev00 es 2024 04","mpn":"","thumbnail":"https:\/\/dev.codekraft.it\/ravaglioli.it\/wp-content\/uploads\/brb_media\/00548742_tyre-changer-rotn4111-n4113\u2013ravg9156-spag0156-im-7505-m007-00_vsg_rev00-es-2024-04-pdf-106x150.png","description":""},{"id":150468,"url":"https:\/\/dev.codekraft.it\/ravaglioli.it\/wp-content\/uploads\/brb_media\/00548743_tyre-changer-rotn4111-n4113\u2013ravg9156-spag0156-im-7505-m007-00_vsg_rev00-pl-2024-04.pdf","title":"Tyre changer ROTN4111 N4113\u2013RAVG9156 SPAG0156 IM 7505 M007 00 VSG rev00 pl 2024 04","mpn":"","thumbnail":"https:\/\/dev.codekraft.it\/ravaglioli.it\/wp-content\/uploads\/brb_media\/00548743_tyre-changer-rotn4111-n4113\u2013ravg9156-spag0156-im-7505-m007-00_vsg_rev00-pl-2024-04-pdf-106x150.png","description":""}],"brb_media_safety_datasheets":"","brb_media_spare_parts":[],"_cdmm_p_id":"502536","_company":"Ravaglioli","_gtin":"5063084206275","accessories":[{"id":152294,"mpn":"G108A5","name":"Adaptateurs adh\u00e9rence majeure","description":"Adh\u00e9rence majeure","thumbnail":"https:\/\/dev.codekraft.it\/ravaglioli.it\/wp-content\/uploads\/brb_media\/00506740_g108a5-01-150x150.png","url":"https:\/\/dev.codekraft.it\/ravaglioli.it\/fr\/product\/adaptateurs-adherence-majeure\/"},{"id":155843,"mpn":"G90A6","name":"Mors bloque-talon pour jantes en alliage","description":"Protection pour jantes en alliage","thumbnail":"https:\/\/dev.codekraft.it\/ravaglioli.it\/wp-content\/uploads\/brb_media\/00506745_g90a6-150x150.png","url":"https:\/\/dev.codekraft.it\/ravaglioli.it\/fr\/product\/mors-bloque-talon-pour-jantes-en-alliage\/"},{"id":154917,"mpn":"G108A3","name":"Levier","description":"Court, brevet\u00e9","thumbnail":"https:\/\/dev.codekraft.it\/ravaglioli.it\/wp-content\/uploads\/brb_media\/00506736_g108a3-150x150.png","url":"https:\/\/dev.codekraft.it\/ravaglioli.it\/fr\/product\/levier\/"},{"id":155909,"mpn":"G108A13","name":"Levier pour valves de gonflage pour camion","description":"","thumbnail":"https:\/\/dev.codekraft.it\/ravaglioli.it\/wp-content\/uploads\/brb_media\/00506730_g108a13-150x150.png","url":"https:\/\/dev.codekraft.it\/ravaglioli.it\/fr\/product\/levier-pour-valves-de-gonflage-pour-camion\/"},{"id":154923,"mpn":"G108A16","name":"Pinceau bois, coud\u00e9","description":"Pour machines d'assemblage de roues","thumbnail":"https:\/\/dev.codekraft.it\/ravaglioli.it\/wp-content\/uploads\/brb_media\/00506731_g108a16-150x114.png","url":"https:\/\/dev.codekraft.it\/ravaglioli.it\/fr\/product\/pinceau-bois-coude\/"},{"id":155915,"mpn":"G800A37","name":"P\u00e2te de montage\/d\u00e9montage | 3,5 kg","description":"","thumbnail":"https:\/\/dev.codekraft.it\/ravaglioli.it\/wp-content\/uploads\/brb_media\/00506743_g800a37-150x150.png","url":"https:\/\/dev.codekraft.it\/ravaglioli.it\/fr\/product\/pate-de-montage-demontage-35-kg\/"},{"id":155861,"mpn":"G108A1","name":"Protection des griffes pour jantes en alliage","description":"1 jeu \/ 4 pi\u00e8ces","thumbnail":"https:\/\/dev.codekraft.it\/ravaglioli.it\/wp-content\/uploads\/brb_media\/00506728_g108a1-150x150.png","url":"https:\/\/dev.codekraft.it\/ravaglioli.it\/fr\/product\/protection-des-griffes-pour-jantes-en-alliage\/"},{"id":155855,"mpn":"G108A12","name":"Rallonges prise mandrin pour \u00d8 de jante jusqu&#039;\u00e0 56\u2033","description":"Adaptateurs pour augmenter la capacit\u00e9 de serrage  | 1 jeu \/ 4 pi\u00e8ces","thumbnail":"https:\/\/dev.codekraft.it\/ravaglioli.it\/wp-content\/uploads\/brb_media\/00506729_g108a12-150x150.png","url":"https:\/\/dev.codekraft.it\/ravaglioli.it\/fr\/product\/rallonges-prise-mandrin-pour-o-de-jante-jusqua-56%e2%80%b3\/"},{"id":155867,"mpn":"G108A34","name":"Pousse-talon pour roues agricoles","description":"","thumbnail":"https:\/\/dev.codekraft.it\/ravaglioli.it\/wp-content\/uploads\/brb_media\/00506738_g108a34-02-150x150.png","url":"https:\/\/dev.codekraft.it\/ravaglioli.it\/fr\/product\/pousse-talon-pour-roues-agricoles\/"}],"components":[],"delivery":[],"package":[],"related":[],"similar":[{"id":154464,"mpn":"RAV.G9256.206244","name":"D\u00e9monte-pneu G9256.15","description":"Universel, 2 vitesses (max. 8 tr\/min), unit\u00e9 de commande par c\u00e2ble, camion, diam\u00e8tre de jante 11 - 43\u2033, largeur de jante max. 1500 mm","thumbnail":"https:\/\/dev.codekraft.it\/ravaglioli.it\/wp-content\/uploads\/brb_media\/00509291_tyre-changer-g925615-mi-150x150.png","url":"https:\/\/dev.codekraft.it\/ravaglioli.it\/fr\/product\/demonte-pneu-g9256-15\/"},{"id":154470,"mpn":"RAV.G0156.206251","name":"D\u00e9monte-pneu G10156.15","description":"Universel, 2 vitesses (max. 8 tr\/min), unit\u00e9 de commande par c\u00e2ble, camion, diam\u00e8tre de jante 11 - 43\u2033, largeur de jante max. 1500 mm","thumbnail":"https:\/\/dev.codekraft.it\/ravaglioli.it\/wp-content\/uploads\/brb_media\/00509295_tyre-changer-g1015615-mi-150x150.png","url":"https:\/\/dev.codekraft.it\/ravaglioli.it\/fr\/product\/demonte-pneu-g10156-15\/"},{"id":154458,"mpn":"RAV.G96NX.206282","name":"D\u00e9monte-pneu G96N","description":"Universel, t\u00eate de montage du syst\u00e8me Quick-Fit, vitesse max. 8 tr\/min, unit\u00e9 de commande hydraulique, camion, diam\u00e8tre de jante 11 - 27\u2033, largeur de jante max. 925 mm","thumbnail":"https:\/\/dev.codekraft.it\/ravaglioli.it\/wp-content\/uploads\/brb_media\/00509250_tyre-changer-g96n-mi-03-150x150.png","url":"https:\/\/dev.codekraft.it\/ravaglioli.it\/fr\/product\/demonte-pneu-g96n\/"},{"id":154271,"mpn":"RAV.G9156.206268","name":"D\u00e9monte-pneu G9156.13EI","description":"Universel, sans levier, vitesse max. 10 tr\/min, unit\u00e9 de commande par c\u00e2ble, camion, diam\u00e8tre de jante 11 - 43\u2033 (56\u2033 avec extension), largeur de jante max. 1300 mm","thumbnail":"https:\/\/dev.codekraft.it\/ravaglioli.it\/wp-content\/uploads\/brb_media\/00508672_tyre-changer-g915613ei-mi-150x150.png","url":"https:\/\/dev.codekraft.it\/ravaglioli.it\/fr\/product\/demonte-pneu-g9156-13ei\/"}],"page_logo_src":"https:\/\/dev.codekraft.it\/ravaglioli.it\/wp-content\/uploads\/2026\/04\/rav-negative-logo-1.png","lang":"fr","translations":{"fr":154265,"en":154263,"de":154264,"it":154266,"es":154267,"ru":154268},"pll_sync_post":[],"_links":{"self":[{"href":"https:\/\/dev.codekraft.it\/ravaglioli.it\/wp-json\/wp\/v2\/product\/154265","targetHints":{"allow":["GET"]}}],"collection":[{"href":"https:\/\/dev.codekraft.it\/ravaglioli.it\/wp-json\/wp\/v2\/product"}],"about":[{"href":"https:\/\/dev.codekraft.it\/ravaglioli.it\/wp-json\/wp\/v2\/types\/product"}],"wp:featuredmedia":[{"embeddable":true,"href":"https:\/\/dev.codekraft.it\/ravaglioli.it\/wp-json\/wp\/v2\/media\/43114"}],"wp:attachment":[{"href":"https:\/\/dev.codekraft.it\/ravaglioli.it\/wp-json\/wp\/v2\/media?parent=154265"}],"wp:term":[{"taxonomy":"product_brand","embeddable":true,"href":"https:\/\/dev.codekraft.it\/ravaglioli.it\/wp-json\/wp\/v2\/product_brand?post=154265"},{"taxonomy":"product_cat","embeddable":true,"href":"https:\/\/dev.codekraft.it\/ravaglioli.it\/wp-json\/wp\/v2\/product_cat?post=154265"},{"taxonomy":"product_tag","embeddable":true,"href":"https:\/\/dev.codekraft.it\/ravaglioli.it\/wp-json\/wp\/v2\/product_tag?post=154265"},{"taxonomy":"product_approvals","embeddable":true,"href":"https:\/\/dev.codekraft.it\/ravaglioli.it\/wp-json\/wp\/v2\/product_approvals?post=154265"},{"taxonomy":"product_application","embeddable":true,"href":"https:\/\/dev.codekraft.it\/ravaglioli.it\/wp-json\/wp\/v2\/product_application?post=154265"}],"curies":[{"name":"wp","href":"https:\/\/api.w.org\/{rel}","templated":true}]}}