{"id":154261,"date":"2025-12-01T15:06:27","date_gmt":"2025-12-01T15:06:27","guid":{"rendered":"https:\/\/dev.codekraft.it\/ravaglioli.it\/product\/desmontadora-de-neumaticos-g1500-3it-plus\/"},"modified":"2026-01-14T21:05:08","modified_gmt":"2026-01-14T21:05:08","slug":"desmontadora-de-neumaticos-g1500-3it-plus","status":"publish","type":"product","link":"https:\/\/dev.codekraft.it\/ravaglioli.it\/es\/product\/desmontadora-de-neumaticos-g1500-3it-plus\/","title":{"rendered":"Desmontadora de neum\u00e1ticos G1500.3IT PLUS"},"content":{"rendered":"<p>Versi\u00f3n de inflado tubeless TOP<\/p>\n<ul>\n<li>3 modalidades de funcionamiento\n<ul>\n<li>Est\u00e1ndar<\/li>\n<li>Autom\u00e1tico (similar G1200)<\/li>\n<li>Desde PC<\/li>\n<\/ul>\n<\/li>\n<li>Funcionamiento autom\u00e1tico\n<ul>\n<li>Se posiciona el rodillo superior al borde de la llanta. Se pone la v\u00e1lvula en posici\u00f3n start.<\/li>\n<li>Dando el consentimiento, la desmontadora empieza a trabajar en autom\u00e1tico (programa G1200).<\/li>\n<li>Una vez acabada la primera, el posicionamiento y toda la operaci\u00f3n de la siguiente rueda se hace de forma extremadamente r\u00e1pida y autom\u00e1tica, para repetir el trabajo \u00abn\u00bb veces.<\/li>\n<\/ul>\n<\/li>\n<li>\u00datil sin desmontable patentado<\/li>\n<li>Discos destalonadores con movimiento neum\u00e1tico:\n<ul>\n<li>Construidos en material sint\u00e9tico anti rayas con protecci\u00f3n total de la llanta.<\/li>\n<li>El detector del borde de llantas facilita el avance autom\u00e1tico del rodillo, lo que le permite trabajar en el tal\u00f3n sin da\u00f1ar el lateral del neum\u00e1tico.<\/li>\n<\/ul>\n<\/li>\n<li>El bloqueo central, id\u00f3neo perfectamente para ruedas normales y reversas, es por eje central, con cono. El esfuerzo es m\u00ednimo debido al especial platillo de apoyo de la rueda, de tipo flotante con efecto de auto-bloqueo.<\/li>\n<li>3 alturas de trabajo<\/li>\n<li>Banco de datos: Pueden ser memorizadas hasta 100000 tipos de rueda con:\n<ul>\n<li>Nombre cliente<\/li>\n<li>Matricula veh\u00edculo<\/li>\n<li>Notas<\/li>\n<\/ul>\n<\/li>\n<li>Transferencia datos: Disponible la transferencia de los datos memorizados entre desmontadoras, particularmente \u00fatil para quien posee varias desmontadoras\n<ul>\n<li>Dentro del mismo taller (neumatiquero grande, fabricante de neum\u00e1ticos o veh\u00edculos)<\/li>\n<li>Entre varias tiendas o talleres (cadena de neumatiqueros o servicio r\u00e1pido, grupo de concesiones)<\/li>\n<\/ul>\n<\/li>\n<li>La presencia de datos personalizados y un r\u00e1pido entrenamiento permiten que incluso operadores pocos expertos puedan desmontar los neum\u00e1ticos m\u00e1s dif\u00edciles.<\/li>\n<li>Funcionamiento desde PC:\n<ul>\n<li>Se insertan los datos del neum\u00e1tico.<\/li>\n<li>La maquina selecciona autom\u00e1ticamente el programa m\u00e1s id\u00f3neo entre SOFT (rueda blanda) \/ EST\u00c1NDAR (rueda normal) \/ RF\/UHP (rueda run flat\/UHP\/dura) &#8211; El operador puede decidir el utilizo de otro programa (aunque el software impida el utilizo de programas no id\u00f3neos).<\/li>\n<li>Dando el consentimiento, la desmontadora ejecuta el trabajo elegido, con intervenciones m\u00ednimas por parte del operador.<\/li>\n<li>En cualquier momento el operador puede intervenir bloqueando el trabajo automatizado y luego volver a arrancar normalmente de la \u00faltima posici\u00f3n (sin necesidad de volver a arrancar desde el comienzo del ciclo).<\/li>\n<\/ul>\n<\/li>\n<li>Trabajo centrado: Il ciclo pre-impostato e dedicato riduce i tempi di lavoro.<\/li>\n<li>Despu\u00e9s del encendido, la desmontadora pide que seleccionemos la actividad deseada:\n<ul>\n<li>Desmontar\/montar neum\u00e1ticos (actividad normal)<\/li>\n<li>Desmontaje repetido (ej. trabajo en un desguace para separar constantemente el neum\u00e1tico de la llanta)<\/li>\n<li>Montaje repetido (ej. trabajo en una f\u00e1brica de veh\u00edculos)<\/li>\n<\/ul>\n<\/li>\n<li>Consola intuitiva:\n<ul>\n<li>Facilita el aprendizaje del operador<\/li>\n<li>Equipada con pulsantes para el desplazamiento de los rodillos y de los \u00fatiles<\/li>\n<\/ul>\n<\/li>\n<li>Rapidez extrema:\n<ul>\n<li>Con la rueda bloqueada en la desmontadora, el ciclo de desmontaje y montaje (ciclo completo) dura entre 55 y 75 segundos, incluidas ruedas run-flat e UHP.<\/li>\n<li>Considerando 35 segundos para levantar, posicionar, bloquear, desbloquear y volver a bajar la rueda al suelo, el tiempo total de un ciclo completo se reduce a 90 &#8211; 110 segundos.<\/li>\n<\/ul>\n<\/li>\n<li>Invemotor: Velocidad regulable seg\u00fan la necesidad del operador &#8211; Inversor dotado de autolimitador con protecci\u00f3n del neum\u00e1tico.<\/li>\n<\/ul>\n","protected":false},"excerpt":{"rendered":"<p>Sin palanca, velocidad max. 18 r\/min, incl. TFT pantalla 19\u2033 y dispositivo de inflado tubeless, turismo, di\u00e1metro de llanta 10 &#8211; 34\u2033, anchura llante max. 380 mm | mandril con bloqueo central &#8211; apto al igual para ruedas invertidas | para llantas con di\u00e1metro rueda m\u00e1x. 54\u2033 (1370 mm)<\/p>\n","protected":false},"featured_media":49350,"template":"","meta":[],"product_brand":[],"product_cat":[57904],"product_tag":[58349,58296,58400,58417,58332],"product_approvals":[],"product_application":[],"class_list":{"0":"post-154261","1":"product","2":"type-product","3":"status-publish","4":"has-post-thumbnail","6":"product_cat-desmontadoras-es","7":"product_tag-motor-homes-es","8":"product_tag-passenger-cars-es","9":"product_tag-motorbikes-es","10":"product_tag-scooter-es","11":"product_tag-light-commercial-es","13":"first","14":"instock","15":"shipping-taxable","16":"product-type-simple"},"approvals":[],"application":[],"brb_media_brochure":[{"id":150456,"url":"https:\/\/dev.codekraft.it\/ravaglioli.it\/wp-content\/uploads\/brb_media\/00521420_tyre-changers-g15003-br-multi-2023-09-screen.pdf","title":"Tyre changers G15003 BR multi 2023 09 screen","mpn":"","thumbnail":"https:\/\/dev.codekraft.it\/ravaglioli.it\/wp-content\/uploads\/brb_media\/00521420_tyre-changers-g15003-br-multi-2023-09-screen-pdf-106x150.png","description":""}],"brb_media_drawing":"","brb_media_manuals":[{"id":150457,"url":"https:\/\/dev.codekraft.it\/ravaglioli.it\/wp-content\/uploads\/brb_media\/00548693_tyre-changer-ravg1500-im-7104-m040-00_vsg_rev00_de-2023-10.pdf","title":"Tyre changer RAVG1500 IM 7104 M040 00 VSG rev00 de 2023 10","mpn":"","thumbnail":"https:\/\/dev.codekraft.it\/ravaglioli.it\/wp-content\/uploads\/brb_media\/00548693_tyre-changer-ravg1500-im-7104-m040-00_vsg_rev00_de-2023-10-pdf-106x150.png","description":""},{"id":150458,"url":"https:\/\/dev.codekraft.it\/ravaglioli.it\/wp-content\/uploads\/brb_media\/00548694_tyre-changer-ravg1500-im-7104-m040-00_vsg_rev00_en-2023-10.pdf","title":"Tyre changer RAVG1500 IM 7104 M040 00 VSG rev00 en 2023 10","mpn":"","thumbnail":"https:\/\/dev.codekraft.it\/ravaglioli.it\/wp-content\/uploads\/brb_media\/00548694_tyre-changer-ravg1500-im-7104-m040-00_vsg_rev00_en-2023-10-pdf-106x150.png","description":""},{"id":150459,"url":"https:\/\/dev.codekraft.it\/ravaglioli.it\/wp-content\/uploads\/brb_media\/00548695_tyre-changer-ravg1500-im-7104-m040-00_vsg_rev00_fr-2023-10.pdf","title":"Tyre changer RAVG1500 IM 7104 M040 00 VSG rev00 fr 2023 10","mpn":"","thumbnail":"https:\/\/dev.codekraft.it\/ravaglioli.it\/wp-content\/uploads\/brb_media\/00548695_tyre-changer-ravg1500-im-7104-m040-00_vsg_rev00_fr-2023-10-pdf-106x150.png","description":""},{"id":150460,"url":"https:\/\/dev.codekraft.it\/ravaglioli.it\/wp-content\/uploads\/brb_media\/00548697_tyre-changer-ravg1500-im-7104-m040-00_vsg_rev00_es-2023-10.pdf","title":"Tyre changer RAVG1500 IM 7104 M040 00 VSG rev00 es 2023 10","mpn":"","thumbnail":"https:\/\/dev.codekraft.it\/ravaglioli.it\/wp-content\/uploads\/brb_media\/00548697_tyre-changer-ravg1500-im-7104-m040-00_vsg_rev00_es-2023-10-pdf-106x150.png","description":""}],"brb_media_safety_datasheets":"","brb_media_spare_parts":[],"_cdmm_p_id":"502535","_company":"Ravaglioli","_gtin":"5063084200754","accessories":[{"id":152834,"mpn":"G1000A116","name":"Cabezal de montaje superior con soporte util montado (710011691, ancho)","description":"Predispuesto para protecci\u00f3n G1000A90K","thumbnail":"https:\/\/dev.codekraft.it\/ravaglioli.it\/wp-content\/uploads\/brb_media\/00506674_g1000a116-150x150.png","url":"https:\/\/dev.codekraft.it\/ravaglioli.it\/es\/product\/cabezal-de-montaje-superior-con-soporte-util-montado-710011691-ancho\/"},{"id":153296,"mpn":"G1000A65","name":"Protecci\u00f3n de pl\u00e1stico G1000A65","description":"Para soporte \u00fatil superior | 1 pieza","thumbnail":"https:\/\/dev.codekraft.it\/ravaglioli.it\/wp-content\/uploads\/brb_media\/00535626_tyre-changer-g1000a65k-mi-150x150.png","url":"https:\/\/dev.codekraft.it\/ravaglioli.it\/es\/product\/proteccion-de-plastico-g1000a65\/"},{"id":153290,"mpn":"G1000A65K","name":"Protecci\u00f3n de pl\u00e1stico G1000A65K","description":"Para soporte \u00fatil superior | 1 juego \/ 5 piezas","thumbnail":"https:\/\/dev.codekraft.it\/ravaglioli.it\/wp-content\/uploads\/brb_media\/00535626_tyre-changer-g1000a65k-mi-150x150.png","url":"https:\/\/dev.codekraft.it\/ravaglioli.it\/es\/product\/proteccion-de-plastico-g1000a65k\/"},{"id":153254,"mpn":"G1000A66K","name":"Protecci\u00f3n de pl\u00e1stico para cono dispositivo de bloqueo","description":"1 juego \/ 5 piezas","thumbnail":"https:\/\/dev.codekraft.it\/ravaglioli.it\/wp-content\/uploads\/brb_media\/00192777_g1000a66k-150x150.png","url":"https:\/\/dev.codekraft.it\/ravaglioli.it\/es\/product\/proteccion-de-plastico-para-cono-dispositivo-de-bloqueo\/"},{"id":153651,"mpn":"G1000A158","name":"Placa de sujeci\u00f3n Universal | para ruedas invertidas","description":"Garra universal","thumbnail":"https:\/\/dev.codekraft.it\/ravaglioli.it\/wp-content\/uploads\/brb_media\/00506723_g1000a87-150x150.png","url":"https:\/\/dev.codekraft.it\/ravaglioli.it\/es\/product\/placa-de-sujecion-universal-para-ruedas-invertidas\/"},{"id":153657,"mpn":"G1000A161","name":"Placa de sujeci\u00f3n Universal | para llantas CLAD con agujero central","description":"Garra universal para bloqueo de la rueda por los agujeros de fijaci\u00f3n - Necesario en la rueda el agujero central para su montaje","thumbnail":"https:\/\/dev.codekraft.it\/ravaglioli.it\/wp-content\/uploads\/brb_media\/00535630_g1000a161-mi-150x150.png","url":"https:\/\/dev.codekraft.it\/ravaglioli.it\/es\/product\/placa-de-sujecion-universal-para-llantas-clad-con-agujero-central\/"},{"id":154236,"mpn":"G1000A150","name":"Placa de sujeci\u00f3n Universal | para llantas sin agujero central","description":"Garra universal para llantas ciegas","thumbnail":"https:\/\/dev.codekraft.it\/ravaglioli.it\/wp-content\/uploads\/brb_media\/00506723_g1000a87-150x150.png","url":"https:\/\/dev.codekraft.it\/ravaglioli.it\/es\/product\/placa-de-sujecion-universal-para-llantas-sin-agujero-central\/"},{"id":152626,"mpn":"G1000A92","name":"Cono con espesor | para eje 40 | \u00d8 50 mm","description":"","thumbnail":"https:\/\/dev.codekraft.it\/ravaglioli.it\/wp-content\/uploads\/brb_media\/00506712_g1000a92-150x150.png","url":"https:\/\/dev.codekraft.it\/ravaglioli.it\/es\/product\/cono-con-espesor-para-eje-40-o-50-mm\/"},{"id":152695,"mpn":"G1000A152A","name":"Garra para LT (Light Truck) | pasador de accionamiento \u00d8 14 mm","description":"Para desmontadoras de rueda de cierre centralizado","thumbnail":"https:\/\/dev.codekraft.it\/ravaglioli.it\/wp-content\/uploads\/brb_media\/00506669_g1000a101-150x150.png","url":"https:\/\/dev.codekraft.it\/ravaglioli.it\/es\/product\/garra-para-lt-light-truck-pasador-de-accionamiento-o-14-mm\/"},{"id":152320,"mpn":"G1000A159","name":"Antena para la conexi\u00f3n Wi-Fi para habilitaci\u00f3n de la funci\u00f3n de conexi\u00f3n","description":"","thumbnail":"","url":"https:\/\/dev.codekraft.it\/ravaglioli.it\/es\/product\/antena-para-la-conexion-wi-fi-para-habilitacion-de-la-funcion-de-conexion\/"},{"id":155153,"mpn":"G1000A56","name":"WulstBoy con dispositivo de tracci\u00f3n y cadena de rosario de hasta 22\u2033","description":"","thumbnail":"https:\/\/dev.codekraft.it\/ravaglioli.it\/wp-content\/uploads\/brb_media\/00506698_g1000a56-150x150.png","url":"https:\/\/dev.codekraft.it\/ravaglioli.it\/es\/product\/wulstboy-con-dispositivo-de-traccion-y-cadena-de-rosario-de-hasta-22%e2%80%b3\/"},{"id":155331,"mpn":"G1000A36","name":"Extensi\u00f3n para prensa tal\u00f3n a 28\u2033 | para G1000A32","description":"Incluido en el kit WDK","thumbnail":"https:\/\/dev.codekraft.it\/ravaglioli.it\/wp-content\/uploads\/brb_media\/00506693_g1000a36-150x150.png","url":"https:\/\/dev.codekraft.it\/ravaglioli.it\/es\/product\/extension-para-prensa-talon-a-28%e2%80%b3-para-g1000a32\/"},{"id":155797,"mpn":"G800A32","name":"Protecci\u00f3n de pl\u00e1stico para el borde de llanta","description":"Protecci\u00f3n tal\u00f3n para neum\u00e1ticos \u00abRun Flat\u00bb | Incluido en el kit WDK | 1 pieza","thumbnail":"https:\/\/dev.codekraft.it\/ravaglioli.it\/wp-content\/uploads\/brb_media\/00506718_g800a32-150x150.png","url":"https:\/\/dev.codekraft.it\/ravaglioli.it\/es\/product\/proteccion-de-plastico-para-el-borde-de-llanta\/"},{"id":155542,"mpn":"G1000A70K","name":"Protecci\u00f3n de pl\u00e1stico para pernos de arrastre","description":"Protecci\u00f3n para dispositivo de tracci\u00f3n en mesa de sujeci\u00f3n | 1 juego \/ 5 piezas","thumbnail":"https:\/\/dev.codekraft.it\/ravaglioli.it\/wp-content\/uploads\/brb_media\/00506705_g1000a70k-150x150.png","url":"https:\/\/dev.codekraft.it\/ravaglioli.it\/es\/product\/proteccion-de-plastico-para-pernos-de-arrastre\/"},{"id":155530,"mpn":"G1000A81K","name":"Protecci\u00f3n de goma para della platillo de apoyo rueda","description":"Juego de protecci\u00f3n para ruedas invertidas | 1 juego \/ 10 piezas","thumbnail":"https:\/\/dev.codekraft.it\/ravaglioli.it\/wp-content\/uploads\/brb_media\/00506708_g1000a81k-sp-150x150.png","url":"https:\/\/dev.codekraft.it\/ravaglioli.it\/es\/product\/proteccion-de-goma-para-della-platillo-de-apoyo-rueda\/"},{"id":155899,"mpn":"G1000A137","name":"Placa de sujeci\u00f3n Universal | para llantas sin agujero central y llantas invertidas | por G1000A138","description":"Garra universal para llantas ciegas \/ llantas al rev\u00e9s","thumbnail":"https:\/\/dev.codekraft.it\/ravaglioli.it\/wp-content\/uploads\/brb_media\/00506682_g1000a137-01-150x150.png","url":"https:\/\/dev.codekraft.it\/ravaglioli.it\/es\/product\/placa-de-sujecion-universal-para-llantas-sin-agujero-central-y-llantas-invertidas-por-g1000a138\/"},{"id":155566,"mpn":"G1000A126","name":"Cono con espesor | para eje 40 | \u00d8 69 mm","description":"Necesario G1000A80 - G1000A138","thumbnail":"https:\/\/dev.codekraft.it\/ravaglioli.it\/wp-content\/uploads\/brb_media\/00471557_tyre-changers-cone-for-40-mm-shaft-di-150x150.png","url":"https:\/\/dev.codekraft.it\/ravaglioli.it\/es\/product\/cono-con-espesor-para-eje-40-o-69-mm\/"},{"id":155821,"mpn":"G1000A100K","name":"Pel\u00edculas de protecci\u00f3n de tal\u00f3n | con homologaci\u00f3n WDK","description":"Incluido en el kit WDK | 1 juego \/ 50 piezas","thumbnail":"https:\/\/dev.codekraft.it\/ravaglioli.it\/wp-content\/uploads\/brb_media\/00506667_g1000a100k-01-150x150.png","url":"https:\/\/dev.codekraft.it\/ravaglioli.it\/es\/product\/peliculas-de-proteccion-de-talon-con-homologacion-wdk\/"},{"id":155554,"mpn":"G1000A101","name":"Garra para LT (Light Truck)","description":"","thumbnail":"https:\/\/dev.codekraft.it\/ravaglioli.it\/wp-content\/uploads\/brb_media\/00506669_g1000a101-150x150.png","url":"https:\/\/dev.codekraft.it\/ravaglioli.it\/es\/product\/garra-para-lt-light-truck\/"},{"id":155518,"mpn":"G800A38","name":"Brocha Pl\u00e1stico","description":"","thumbnail":"https:\/\/dev.codekraft.it\/ravaglioli.it\/wp-content\/uploads\/brb_media\/00506719_g800a38-150x150.png","url":"https:\/\/dev.codekraft.it\/ravaglioli.it\/es\/product\/brocha-plastico\/"}],"components":[],"delivery":[],"package":[],"related":[],"similar":[{"id":156031,"mpn":"RAV.G1250.200129","name":"Desmontadora de neum\u00e1ticos G1250.30PLUS","description":"Sin palanca, autom\u00e1tica, incluye brazo de ayuda neum\u00e1tico y elevador neum\u00e1tico de ruedas, turismo, di\u00e1metro de llanta 10 - 30\u2033, anchura llante max. 15\u2033 | Certificado wdk","thumbnail":"https:\/\/dev.codekraft.it\/ravaglioli.it\/wp-content\/uploads\/brb_media\/00528417_tyre-changer-g125030plus-mi-150x150.png","url":"https:\/\/dev.codekraft.it\/ravaglioli.it\/es\/product\/desmontadora-de-neumaticos-g1250-30plus\/"},{"id":156037,"mpn":"RAV.G1250.200037","name":"Desmontadora de neum\u00e1ticos G1250.30PLUSIT","description":"Sin palanca, autom\u00e1tica, incl. dispositivo de inflado tubeless, brazo de ayuda neum\u00e1tico y elevador neum\u00e1tico de ruedas, turismo, di\u00e1metro de llanta 10 - 30\u2033, anchura llante max. 15\u2033 | Certificado wdk","thumbnail":"https:\/\/dev.codekraft.it\/ravaglioli.it\/wp-content\/uploads\/brb_media\/00505477_tyre-changer-g1250-30-mi-01-150x150.png","url":"https:\/\/dev.codekraft.it\/ravaglioli.it\/es\/product\/desmontadora-de-neumaticos-g1250-30plusit\/"}],"page_logo_src":"https:\/\/dev.codekraft.it\/ravaglioli.it\/wp-content\/uploads\/2026\/04\/rav-negative-logo-1.png","lang":"es","translations":{"es":154261,"en":154257,"de":154258,"fr":154259,"it":154260,"ru":154262},"pll_sync_post":[],"_links":{"self":[{"href":"https:\/\/dev.codekraft.it\/ravaglioli.it\/wp-json\/wp\/v2\/product\/154261","targetHints":{"allow":["GET"]}}],"collection":[{"href":"https:\/\/dev.codekraft.it\/ravaglioli.it\/wp-json\/wp\/v2\/product"}],"about":[{"href":"https:\/\/dev.codekraft.it\/ravaglioli.it\/wp-json\/wp\/v2\/types\/product"}],"wp:featuredmedia":[{"embeddable":true,"href":"https:\/\/dev.codekraft.it\/ravaglioli.it\/wp-json\/wp\/v2\/media\/49350"}],"wp:attachment":[{"href":"https:\/\/dev.codekraft.it\/ravaglioli.it\/wp-json\/wp\/v2\/media?parent=154261"}],"wp:term":[{"taxonomy":"product_brand","embeddable":true,"href":"https:\/\/dev.codekraft.it\/ravaglioli.it\/wp-json\/wp\/v2\/product_brand?post=154261"},{"taxonomy":"product_cat","embeddable":true,"href":"https:\/\/dev.codekraft.it\/ravaglioli.it\/wp-json\/wp\/v2\/product_cat?post=154261"},{"taxonomy":"product_tag","embeddable":true,"href":"https:\/\/dev.codekraft.it\/ravaglioli.it\/wp-json\/wp\/v2\/product_tag?post=154261"},{"taxonomy":"product_approvals","embeddable":true,"href":"https:\/\/dev.codekraft.it\/ravaglioli.it\/wp-json\/wp\/v2\/product_approvals?post=154261"},{"taxonomy":"product_application","embeddable":true,"href":"https:\/\/dev.codekraft.it\/ravaglioli.it\/wp-json\/wp\/v2\/product_application?post=154261"}],"curies":[{"name":"wp","href":"https:\/\/api.w.org\/{rel}","templated":true}]}}