{"id":154258,"date":"2025-12-01T15:06:27","date_gmt":"2025-12-01T15:06:27","guid":{"rendered":"https:\/\/dev.codekraft.it\/ravaglioli.it\/product\/reifenmontiermaschine-g1500-3it-plus\/"},"modified":"2026-01-14T21:05:05","modified_gmt":"2026-01-14T21:05:05","slug":"reifenmontiermaschine-g1500-3it-plus","status":"publish","type":"product","link":"https:\/\/dev.codekraft.it\/ravaglioli.it\/de\/product\/reifenmontiermaschine-g1500-3it-plus\/","title":{"rendered":"Reifenmontiermaschine G1500.3IT PLUS"},"content":{"rendered":"<p>Version mit patentierter TOP-Reifenf\u00fcllvorrichtung f\u00fcr\u00a0Tubeless-Reifen<\/p>\n<ul>\n<li>3 Betriebsarten\n<ul>\n<li>Standard<\/li>\n<li>Automatik (wie G1200)<\/li>\n<li>\u00dcber PC<\/li>\n<\/ul>\n<\/li>\n<li>\u00a0Automatikbetrieb\n<ul>\n<li>Obere Rolle am Felgendrand positionieren.<\/li>\n<li>Dann das Ventil in Startposition bringen.<\/li>\n<li>Nach dem Startbefehl arbeitet der Reifenabdr\u00fccker automatisch (Programm G1200).<\/li>\n<li>Nach dem ersten Rad erfolgt die Positionierung f\u00fcr den Betriebsstart automatisch und extrem schnell und wird \u201ex\u201d Mal wiederholt.<\/li>\n<\/ul>\n<\/li>\n<li>Lever-free-Montagekopf, patentiert<\/li>\n<li>Pneumatisch bewegte Abdr\u00fcckerscheiben:\n<ul>\n<li>Aus kratzfestem Material f\u00fcr einen vollen Felgenschutz.<\/li>\n<li>Der Felgenrandermittler gestattet den automatischen Rollenvorschub und damit das Arbeiten auf dem Wulst, ohne die Seitenwand des Reifens zu besch\u00e4digen.<\/li>\n<\/ul>\n<\/li>\n<li>Die zentrale Spannvorrichtung, die aus einem Zentrierbolzen und Konus besteht, ist auch f\u00fcr umgekehrte Felgen geeignet. Das Radspannen erfolgt dank einer selbstarretiender Radscheibe schnell und mit min. Kraftaufwand.<\/li>\n<li>3 einstellbare Arbeitsh\u00f6hen<\/li>\n<li>Datenbank: Es k\u00f6nnen bis zu 100000 Radtypen zusammen mit folgenden Daten gespeichert werden:\n<ul>\n<li>Name des Kunden<\/li>\n<li>Kfz-Kennzeichen<\/li>\n<li>Bemerkungen<\/li>\n<\/ul>\n<\/li>\n<li>Daten\u00fcbertragung: \u00dcbertragung der gespeicherten Daten zwischen verschiedenen Reifenabdr\u00fcckger\u00e4ten &#8211; besonders n\u00fctzlich, wenn mehrere Ger\u00e4te\n<ul>\n<li>in derselben Werkstatt (gro\u00dfe Autowerkstatt, Reifen- oder Fahrzeughersteller)<\/li>\n<li>in verschiedenen Gesch\u00e4ften (Reifenh\u00e4ndlerkette, Fahrzeugh\u00e4ndler) stehen.<\/li>\n<\/ul>\n<\/li>\n<li>Dank der individuellen Daten und nach kurzer Einweisung kann auch unerfahrenes Personal schwierigste Reifen demontieren.<\/li>\n<li>Betrieb \u00fcber PC:\n<ul>\n<li>Reifendaten eingeben.<\/li>\n<li>Die Maschine stellt automatisch das geeignete Programm ein und w\u00e4hlt zwischen SOFT \/ STANDARD \/ RF\/UHP &#8211; Der Bediener kann bei Bedarf ein anderes Programm einstellen (ungeeignete Programme werden softwareseitig gesperrt).<\/li>\n<li>Obere und unterer Rolle am Felgendrand positionieren und das Ventil in Startposition bringen.<\/li>\n<li>Nach dem Startbefehl f\u00fchrt der Reifenabdr\u00fccker das eingestellte Programm aus, wobei sich die Eingriffe des Bedieners auf ein Minimum beschr\u00e4nken.<\/li>\n<li>Der Bediener kann den Automatikbetrieb jederzeit abbrechen und wieder normal starten (ohne erneut beim Start des Arbeitstakts beginnen zu m\u00fcssen).<\/li>\n<\/ul>\n<\/li>\n<li>Funktionsoptimierter Betrieb: Bereits entsprechend und speziell eingerichtete Funktionszyklen reduzieren die Arbeitszeiten.<\/li>\n<li>Nach dem Einschalten erscheint die Frage nach der gew\u00fcnschten Funktion:\n<ul>\n<li>Reifen abdr\u00fccken\/montieren (normale Funktion)<\/li>\n<li>wiederholtes Abdr\u00fccken (z.B. Autoschrotth\u00e4ndler, um die Reifen von den Felgen zu trennen)<\/li>\n<li>wiederholtes Eindr\u00fccken (z.B. Autoherstellung)<\/li>\n<\/ul>\n<\/li>\n<li>Intuitives Bedienpult:\n<ul>\n<li>Erleichtert dem Bediener das Lernen<\/li>\n<li>Mit Drucktasten f\u00fcr die Bewegung der Rollen und Montagek\u00f6pfe<\/li>\n<\/ul>\n<\/li>\n<li>Extra schnell:\n<ul>\n<li>Wenn das Rad eingespannt ist, variiert die Zeit f\u00fcr einen kompletten Zyklus zwischen 55 und 75 s (einschlie\u00dflich run-flat und UHP).<\/li>\n<li>Ausgehend von 35 s zum Anheben, Einspannen, Ausspannen und Ablegen am Boden ist die Gesamtzeit des Arbeitstakts 90 &#8211; 110 s (vom Boden zur\u00fcck auf Boden).<\/li>\n<\/ul>\n<\/li>\n<li>Invemotor: Invertermotor mit Selbstbegrenzer zum Schutze des Reifens &#8211; Vom Bediener beliebig regelbare Geschwindigkeit<\/li>\n<\/ul>\n","protected":false},"excerpt":{"rendered":"<p>Ohne Montiereisen, max. Geschwindigkeit 18 U\/min, inkl. 19\u2033-TFT-Display und Tubeless-Reifenf\u00fcllvorrichtung, Pkw, Felgendurchmesser 10 &#8211; 34\u2033, max. Felgenbreite 380 mm | Universalspannvorrichtung &#8211; auch f\u00fcr Tiefbettfelgen geeignet | f\u00fcr alle Reifen mit max. Raddurchmesser 54\u2033 (1370 mm)<\/p>\n","protected":false},"featured_media":49350,"template":"","meta":[],"product_brand":[],"product_cat":[57862],"product_tag":[58391,58408,58287,58323,58340],"product_approvals":[],"product_application":[],"class_list":{"0":"post-154258","1":"product","2":"type-product","3":"status-publish","4":"has-post-thumbnail","6":"product_cat-reifenmontiermaschinen-de","7":"product_tag-motorbikes-de","8":"product_tag-scooter-de","9":"product_tag-passenger-cars-de","10":"product_tag-light-commercial-de","11":"product_tag-motor-homes-de","13":"first","14":"instock","15":"shipping-taxable","16":"product-type-simple"},"approvals":[],"application":[],"brb_media_brochure":[{"id":150456,"url":"https:\/\/dev.codekraft.it\/ravaglioli.it\/wp-content\/uploads\/brb_media\/00521420_tyre-changers-g15003-br-multi-2023-09-screen.pdf","title":"Tyre changers G15003 BR multi 2023 09 screen","mpn":"","thumbnail":"https:\/\/dev.codekraft.it\/ravaglioli.it\/wp-content\/uploads\/brb_media\/00521420_tyre-changers-g15003-br-multi-2023-09-screen-pdf-106x150.png","description":""}],"brb_media_drawing":"","brb_media_manuals":[{"id":150457,"url":"https:\/\/dev.codekraft.it\/ravaglioli.it\/wp-content\/uploads\/brb_media\/00548693_tyre-changer-ravg1500-im-7104-m040-00_vsg_rev00_de-2023-10.pdf","title":"Tyre changer RAVG1500 IM 7104 M040 00 VSG rev00 de 2023 10","mpn":"","thumbnail":"https:\/\/dev.codekraft.it\/ravaglioli.it\/wp-content\/uploads\/brb_media\/00548693_tyre-changer-ravg1500-im-7104-m040-00_vsg_rev00_de-2023-10-pdf-106x150.png","description":""},{"id":150458,"url":"https:\/\/dev.codekraft.it\/ravaglioli.it\/wp-content\/uploads\/brb_media\/00548694_tyre-changer-ravg1500-im-7104-m040-00_vsg_rev00_en-2023-10.pdf","title":"Tyre changer RAVG1500 IM 7104 M040 00 VSG rev00 en 2023 10","mpn":"","thumbnail":"https:\/\/dev.codekraft.it\/ravaglioli.it\/wp-content\/uploads\/brb_media\/00548694_tyre-changer-ravg1500-im-7104-m040-00_vsg_rev00_en-2023-10-pdf-106x150.png","description":""},{"id":150459,"url":"https:\/\/dev.codekraft.it\/ravaglioli.it\/wp-content\/uploads\/brb_media\/00548695_tyre-changer-ravg1500-im-7104-m040-00_vsg_rev00_fr-2023-10.pdf","title":"Tyre changer RAVG1500 IM 7104 M040 00 VSG rev00 fr 2023 10","mpn":"","thumbnail":"https:\/\/dev.codekraft.it\/ravaglioli.it\/wp-content\/uploads\/brb_media\/00548695_tyre-changer-ravg1500-im-7104-m040-00_vsg_rev00_fr-2023-10-pdf-106x150.png","description":""},{"id":150460,"url":"https:\/\/dev.codekraft.it\/ravaglioli.it\/wp-content\/uploads\/brb_media\/00548697_tyre-changer-ravg1500-im-7104-m040-00_vsg_rev00_es-2023-10.pdf","title":"Tyre changer RAVG1500 IM 7104 M040 00 VSG rev00 es 2023 10","mpn":"","thumbnail":"https:\/\/dev.codekraft.it\/ravaglioli.it\/wp-content\/uploads\/brb_media\/00548697_tyre-changer-ravg1500-im-7104-m040-00_vsg_rev00_es-2023-10-pdf-106x150.png","description":""}],"brb_media_safety_datasheets":"","brb_media_spare_parts":[],"_cdmm_p_id":"502535","_company":"Ravaglioli","_gtin":"5063084200754","accessories":[{"id":152831,"mpn":"G1000A116","name":"Oberer Montagekopf mit Montagewerkzeughalter (710011691, breit)","description":"Einsetzbar mit Kunststoffschutz G1000A90K","thumbnail":"https:\/\/dev.codekraft.it\/ravaglioli.it\/wp-content\/uploads\/brb_media\/00506674_g1000a116-150x150.png","url":"https:\/\/dev.codekraft.it\/ravaglioli.it\/de\/product\/oberer-montagekopf-mit-montagewerkzeughalter-710011691-breit\/"},{"id":153293,"mpn":"G1000A65","name":"Kunststoffschutz G1000A65","description":"F\u00fcr obere Montagevorrichtung | 1 St\u00fcck","thumbnail":"https:\/\/dev.codekraft.it\/ravaglioli.it\/wp-content\/uploads\/brb_media\/00535626_tyre-changer-g1000a65k-mi-150x150.png","url":"https:\/\/dev.codekraft.it\/ravaglioli.it\/de\/product\/kunststoffschutz-g1000a65\/"},{"id":153287,"mpn":"G1000A65K","name":"Kunststoffschutz G1000A65K","description":"F\u00fcr obere Montagevorrichtung | 1 Satz \/ 5 St\u00fcck","thumbnail":"https:\/\/dev.codekraft.it\/ravaglioli.it\/wp-content\/uploads\/brb_media\/00535626_tyre-changer-g1000a65k-mi-150x150.png","url":"https:\/\/dev.codekraft.it\/ravaglioli.it\/de\/product\/kunststoffschutz-g1000a65k\/"},{"id":153251,"mpn":"G1000A66K","name":"Kunststoffschutz f\u00fcr Konus der Spannvorrichtung","description":"1 Satz \/ 5 St\u00fcck","thumbnail":"https:\/\/dev.codekraft.it\/ravaglioli.it\/wp-content\/uploads\/brb_media\/00192777_g1000a66k-150x150.png","url":"https:\/\/dev.codekraft.it\/ravaglioli.it\/de\/product\/kunststoffschutz-fur-konus-der-spannvorrichtung\/"},{"id":153648,"mpn":"G1000A158","name":"Typenspannplatte Universal | f\u00fcr Tiefbettfelgen","description":"Universalflansch","thumbnail":"https:\/\/dev.codekraft.it\/ravaglioli.it\/wp-content\/uploads\/brb_media\/00506723_g1000a87-150x150.png","url":"https:\/\/dev.codekraft.it\/ravaglioli.it\/de\/product\/typenspannplatte-universal-fur-tiefbettfelgen\/"},{"id":153654,"mpn":"G1000A161","name":"Typenspannplatte Universal | f\u00fcr CLAD-Felgen mit Mittenloch","description":"Universaltypenflansch zum Fixieren von Felgen mit Zentralloch f\u00fcr die Fixierung","thumbnail":"https:\/\/dev.codekraft.it\/ravaglioli.it\/wp-content\/uploads\/brb_media\/00535630_g1000a161-mi-150x150.png","url":"https:\/\/dev.codekraft.it\/ravaglioli.it\/de\/product\/typenspannplatte-universal-fur-clad-felgen-mit-mittenloch\/"},{"id":154233,"mpn":"G1000A150","name":"Typenspannplatte Universal | f\u00fcr Felgen ohne Mittenloch","description":"Universalflansch f\u00fcr Blindfelgen","thumbnail":"https:\/\/dev.codekraft.it\/ravaglioli.it\/wp-content\/uploads\/brb_media\/00506723_g1000a87-150x150.png","url":"https:\/\/dev.codekraft.it\/ravaglioli.it\/de\/product\/typenspannplatte-universal-fur-felgen-ohne-mittenloch\/"},{"id":152623,"mpn":"G1000A92","name":"Konus mit Distanzring | f\u00fcr 40er Welle | \u00d8 50 mm","description":"","thumbnail":"https:\/\/dev.codekraft.it\/ravaglioli.it\/wp-content\/uploads\/brb_media\/00506712_g1000a92-150x150.png","url":"https:\/\/dev.codekraft.it\/ravaglioli.it\/de\/product\/konus-mit-distanzring-fur-40er-welle-o-50-mm\/"},{"id":152692,"mpn":"G1000A152A","name":"Flansch f\u00fcr LT (LLkw) | Antriebswelle \u00d8 14 mm","description":"F\u00fcr Reifenmontiermaschinen mit Zentralspannung","thumbnail":"https:\/\/dev.codekraft.it\/ravaglioli.it\/wp-content\/uploads\/brb_media\/00506669_g1000a101-150x150.png","url":"https:\/\/dev.codekraft.it\/ravaglioli.it\/de\/product\/flansch-fur-lt-llkw-antriebswelle-o-14-mm\/"},{"id":152317,"mpn":"G1000A159","name":"Wi-Fi-Antenne zur Aktivierung der Verbindungsfunktion","description":"","thumbnail":"","url":"https:\/\/dev.codekraft.it\/ravaglioli.it\/de\/product\/wi-fi-antenne-zur-aktivierung-der-verbindungsfunktion\/"},{"id":155150,"mpn":"G1000A56","name":"WulstBoy mit Zugvorrichtung und Wulstkette bis 22\u2033","description":"","thumbnail":"https:\/\/dev.codekraft.it\/ravaglioli.it\/wp-content\/uploads\/brb_media\/00506698_g1000a56-150x150.png","url":"https:\/\/dev.codekraft.it\/ravaglioli.it\/de\/product\/wulstboy-mit-zugvorrichtung-und-wulstkette-bis-22%e2%80%b3\/"},{"id":155328,"mpn":"G1000A36","name":"Wulstkettenverl\u00e4ngerung auf 28\u2033 | f\u00fcr G1000A32","description":"Im WDK-Kit enthalten","thumbnail":"https:\/\/dev.codekraft.it\/ravaglioli.it\/wp-content\/uploads\/brb_media\/00506693_g1000a36-150x150.png","url":"https:\/\/dev.codekraft.it\/ravaglioli.it\/de\/product\/wulstkettenverlangerung-auf-28%e2%80%b3-fur-g1000a32\/"},{"id":155794,"mpn":"G800A32","name":"Kunststoffschutz f\u00fcr Felgenhorn","description":"Felgenhornwulstschutz f\u00fcr \u201eRun Flat-Reifen\u2033 | Im WDK-Kit enthalten | 1 St\u00fcck","thumbnail":"https:\/\/dev.codekraft.it\/ravaglioli.it\/wp-content\/uploads\/brb_media\/00506718_g800a32-150x150.png","url":"https:\/\/dev.codekraft.it\/ravaglioli.it\/de\/product\/kunststoffschutz-fur-felgenhorn\/"},{"id":155539,"mpn":"G1000A70K","name":"Kunststoffschutz f\u00fcr Zugstangenbolzen","description":"Schutz f\u00fcr Zugvorrichtung am Spanntisch | 1 Satz \/ 5 St\u00fcck","thumbnail":"https:\/\/dev.codekraft.it\/ravaglioli.it\/wp-content\/uploads\/brb_media\/00506705_g1000a70k-150x150.png","url":"https:\/\/dev.codekraft.it\/ravaglioli.it\/de\/product\/kunststoffschutz-fur-zugstangenbolzen\/"},{"id":155527,"mpn":"G1000A81K","name":"Gummischutz f\u00fcr Montageteller","description":"Gummischutz-Set f\u00fcr Tiefbettfelgen | 1 Satz \/ 10 St\u00fcck","thumbnail":"https:\/\/dev.codekraft.it\/ravaglioli.it\/wp-content\/uploads\/brb_media\/00506708_g1000a81k-sp-150x150.png","url":"https:\/\/dev.codekraft.it\/ravaglioli.it\/de\/product\/gummischutz-fur-montageteller\/"},{"id":155896,"mpn":"G1000A137","name":"Typenspannplatte Universal | f\u00fcr Felgen ohne Mittenloch und umgekehrte Felgen | f\u00fcr G1000A138","description":"Universalflansch f\u00fcr Blind- und Umkehrfelgen","thumbnail":"https:\/\/dev.codekraft.it\/ravaglioli.it\/wp-content\/uploads\/brb_media\/00506682_g1000a137-01-150x150.png","url":"https:\/\/dev.codekraft.it\/ravaglioli.it\/de\/product\/typenspannplatte-universal-fur-felgen-ohne-mittenloch-und-umgekehrte-felgen-fur-g1000a138\/"},{"id":155563,"mpn":"G1000A126","name":"Konus mit Distanzring | f\u00fcr 40er Welle | \u00d8 69 mm","description":"Erforderlich G1000A80 - G1000A138","thumbnail":"https:\/\/dev.codekraft.it\/ravaglioli.it\/wp-content\/uploads\/brb_media\/00471557_tyre-changers-cone-for-40-mm-shaft-di-150x150.png","url":"https:\/\/dev.codekraft.it\/ravaglioli.it\/de\/product\/konus-mit-distanzring-fur-40er-welle-o-69-mm\/"},{"id":155818,"mpn":"G1000A100K","name":"Wulstschutzfolien | mit WDK-Zulassung","description":"Im WDK-Kit enthalten | 1 Satz \/ 50 St\u00fcck","thumbnail":"https:\/\/dev.codekraft.it\/ravaglioli.it\/wp-content\/uploads\/brb_media\/00506667_g1000a100k-01-150x150.png","url":"https:\/\/dev.codekraft.it\/ravaglioli.it\/de\/product\/wulstschutzfolien-mit-wdk-zulassung\/"},{"id":155551,"mpn":"G1000A101","name":"Flansch f\u00fcr LT (LLkw)","description":"F\u00fcr Reifenmontiermaschinen mit Zentralspannung","thumbnail":"https:\/\/dev.codekraft.it\/ravaglioli.it\/wp-content\/uploads\/brb_media\/00506669_g1000a101-150x150.png","url":"https:\/\/dev.codekraft.it\/ravaglioli.it\/de\/product\/flansch-fur-lt-llkw\/"},{"id":155515,"mpn":"G800A38","name":"Pinsel Kunststoff","description":"","thumbnail":"https:\/\/dev.codekraft.it\/ravaglioli.it\/wp-content\/uploads\/brb_media\/00506719_g800a38-150x150.png","url":"https:\/\/dev.codekraft.it\/ravaglioli.it\/de\/product\/pinsel-kunststoff\/"}],"components":[],"delivery":[],"package":[],"related":[],"similar":[{"id":156028,"mpn":"RAV.G1250.200129","name":"Reifenmontiermaschine G1250.30PLUS","description":"Ohne Montiereisen, automatisch, inkl. pneumatischem Wulstniederhalter und pneumatischem Radheber, Pkw, Felgendurchmesser 10 - 30\u2033, max. Felgenbreite 15\u2033 | wdk-zertifiziert","thumbnail":"https:\/\/dev.codekraft.it\/ravaglioli.it\/wp-content\/uploads\/brb_media\/00528417_tyre-changer-g125030plus-mi-150x150.png","url":"https:\/\/dev.codekraft.it\/ravaglioli.it\/de\/product\/reifenmontiermaschine-g1250-30plus\/"},{"id":156034,"mpn":"RAV.G1250.200037","name":"Reifenmontiermaschine G1250.30PLUSIT","description":"Ohne Montiereisen, automatisch, inkl. Tubeless-Reifenf\u00fcllvorrichtung, pneumatischem Wulstniederhalter und pneumatischem Radheber, Pkw, Felgendurchmesser 10 - 30\u2033, max. Felgenbreite 15\u2033 | wdk-zertifiziert","thumbnail":"https:\/\/dev.codekraft.it\/ravaglioli.it\/wp-content\/uploads\/brb_media\/00505477_tyre-changer-g1250-30-mi-01-150x150.png","url":"https:\/\/dev.codekraft.it\/ravaglioli.it\/de\/product\/reifenmontiermaschine-g1250-30plusit\/"}],"page_logo_src":"https:\/\/dev.codekraft.it\/ravaglioli.it\/wp-content\/uploads\/2026\/04\/rav-negative-logo-1.png","lang":"de","translations":{"de":154258,"en":154257,"fr":154259,"it":154260,"es":154261,"ru":154262},"pll_sync_post":[],"_links":{"self":[{"href":"https:\/\/dev.codekraft.it\/ravaglioli.it\/wp-json\/wp\/v2\/product\/154258","targetHints":{"allow":["GET"]}}],"collection":[{"href":"https:\/\/dev.codekraft.it\/ravaglioli.it\/wp-json\/wp\/v2\/product"}],"about":[{"href":"https:\/\/dev.codekraft.it\/ravaglioli.it\/wp-json\/wp\/v2\/types\/product"}],"wp:featuredmedia":[{"embeddable":true,"href":"https:\/\/dev.codekraft.it\/ravaglioli.it\/wp-json\/wp\/v2\/media\/49350"}],"wp:attachment":[{"href":"https:\/\/dev.codekraft.it\/ravaglioli.it\/wp-json\/wp\/v2\/media?parent=154258"}],"wp:term":[{"taxonomy":"product_brand","embeddable":true,"href":"https:\/\/dev.codekraft.it\/ravaglioli.it\/wp-json\/wp\/v2\/product_brand?post=154258"},{"taxonomy":"product_cat","embeddable":true,"href":"https:\/\/dev.codekraft.it\/ravaglioli.it\/wp-json\/wp\/v2\/product_cat?post=154258"},{"taxonomy":"product_tag","embeddable":true,"href":"https:\/\/dev.codekraft.it\/ravaglioli.it\/wp-json\/wp\/v2\/product_tag?post=154258"},{"taxonomy":"product_approvals","embeddable":true,"href":"https:\/\/dev.codekraft.it\/ravaglioli.it\/wp-json\/wp\/v2\/product_approvals?post=154258"},{"taxonomy":"product_application","embeddable":true,"href":"https:\/\/dev.codekraft.it\/ravaglioli.it\/wp-json\/wp\/v2\/product_application?post=154258"}],"curies":[{"name":"wp","href":"https:\/\/api.w.org\/{rel}","templated":true}]}}