{"id":154249,"date":"2025-11-20T10:26:31","date_gmt":"2025-11-20T10:26:31","guid":{"rendered":"https:\/\/dev.codekraft.it\/ravaglioli.it\/product\/desmontadora-de-neumaticos-g8945d-26s\/"},"modified":"2026-01-14T21:04:00","modified_gmt":"2026-01-14T21:04:00","slug":"desmontadora-de-neumaticos-g8945d-26s","status":"publish","type":"product","link":"https:\/\/dev.codekraft.it\/ravaglioli.it\/es\/product\/desmontadora-de-neumaticos-g8945d-26s\/","title":{"rendered":"Desmontadora de neum\u00e1ticos G8945D.26S"},"content":{"rendered":"<p>Completely leverless tyre changer<\/p>\n<ul>\n<li>Easy Demounting (upper bead): Patented tool in plastic anti-scratch material<\/li>\n<li>Bead demount controls: down and up and the bead is demounted<\/li>\n<li>Space Saver: Post with vertical \u201cspace saver\u201d movement<\/li>\n<li>Tool Memory &#8211; Rim edge \u201cmemory\u201d controls: place it first time, then it will go back to same position just pushing a pedal<\/li>\n<li>Lever for quick opening of bead breaker arm<\/li>\n<li>Patented tool in plastic anti-scratch material<\/li>\n<li>Lever for quick opening of bead breaker arm<\/li>\n<li>Roller radial position setting<\/li>\n<li>Quick locking unit (standard)<\/li>\n<li>Two position locking plate for standard or reverse rims<\/li>\n<li>Easy Bead Breaking: Roller rotation 180<\/li>\n<\/ul>\n","protected":false},"excerpt":{"rendered":"<p>Sin palanca, velocidad max. 15 r\/min, turismo, di\u00e1metro de llanta 10 &#8211; 26\u2033, anchura llante max. 381 mm | mandril con bloqueo central &#8211; apto al igual para ruedas invertidas | para llantas con di\u00e1metro rueda m\u00e1x. 45\u2033 (1143 mm)<\/p>\n","protected":false},"featured_media":43091,"template":"","meta":[],"product_brand":[],"product_cat":[57904],"product_tag":[58349,58296,63163,58417,58332],"product_approvals":[],"product_application":[],"class_list":{"0":"post-154249","1":"product","2":"type-product","3":"status-publish","4":"has-post-thumbnail","6":"product_cat-desmontadoras-es","7":"product_tag-motor-homes-es","8":"product_tag-passenger-cars-es","9":"product_tag-quickship-es","10":"product_tag-scooter-es","11":"product_tag-light-commercial-es","13":"first","14":"instock","15":"shipping-taxable","16":"product-type-simple"},"approvals":[],"application":[],"brb_media_brochure":[{"id":150448,"url":"https:\/\/dev.codekraft.it\/ravaglioli.it\/wp-content\/uploads\/brb_media\/00521448_tyre-changers-g8945-series-br-multi-2023-09-screen.pdf","title":"Tyre changers G8945 Series BR multi 2023 09 screen","mpn":"","thumbnail":"https:\/\/dev.codekraft.it\/ravaglioli.it\/wp-content\/uploads\/brb_media\/00521448_tyre-changers-g8945-series-br-multi-2023-09-screen-pdf-106x150.png","description":""}],"brb_media_drawing":"","brb_media_manuals":[{"id":154239,"url":"https:\/\/dev.codekraft.it\/ravaglioli.it\/wp-content\/uploads\/brb_media\/00549988_tyre-changer-ravg8945-spag8945-sp-7300-m058-00_vsg_rev01_de-2025-04.pdf","title":"Tyre changer RAVG8945 SPAG8945 SP 7300 M058 00 VSG rev01 de 2025 04","mpn":"","thumbnail":"https:\/\/dev.codekraft.it\/ravaglioli.it\/wp-content\/uploads\/brb_media\/00549988_tyre-changer-ravg8945-spag8945-sp-7300-m058-00_vsg_rev01_de-2025-04-pdf-106x150.png","description":""},{"id":154240,"url":"https:\/\/dev.codekraft.it\/ravaglioli.it\/wp-content\/uploads\/brb_media\/00549989_tyre-changer-ravg8945-spag8945-sp-7300-m058-00_vsg_rev01_en-2025-04.pdf","title":"Tyre changer RAVG8945 SPAG8945 SP 7300 M058 00 VSG rev01 en 2025 04","mpn":"","thumbnail":"https:\/\/dev.codekraft.it\/ravaglioli.it\/wp-content\/uploads\/brb_media\/00549989_tyre-changer-ravg8945-spag8945-sp-7300-m058-00_vsg_rev01_en-2025-04-pdf-106x150.png","description":""},{"id":154241,"url":"https:\/\/dev.codekraft.it\/ravaglioli.it\/wp-content\/uploads\/brb_media\/00549990_tyre-changer-ravg8945-spag8945-sp-7300-m058-00_vsg_rev01_fr-2025-04.pdf","title":"Tyre changer RAVG8945 SPAG8945 SP 7300 M058 00 VSG rev01 fr 2025 04","mpn":"","thumbnail":"https:\/\/dev.codekraft.it\/ravaglioli.it\/wp-content\/uploads\/brb_media\/00549990_tyre-changer-ravg8945-spag8945-sp-7300-m058-00_vsg_rev01_fr-2025-04-pdf-106x150.png","description":""},{"id":154242,"url":"https:\/\/dev.codekraft.it\/ravaglioli.it\/wp-content\/uploads\/brb_media\/00549991_tyre-changer-ravg8945-spag8945-sp-7300-m058-00_vsg_rev01_it-2025-04.pdf","title":"Tyre changer RAVG8945 SPAG8945 SP 7300 M058 00 VSG rev01 it 2025 04","mpn":"","thumbnail":"https:\/\/dev.codekraft.it\/ravaglioli.it\/wp-content\/uploads\/brb_media\/00549991_tyre-changer-ravg8945-spag8945-sp-7300-m058-00_vsg_rev01_it-2025-04-pdf-106x150.png","description":""},{"id":154243,"url":"https:\/\/dev.codekraft.it\/ravaglioli.it\/wp-content\/uploads\/brb_media\/00549992_tyre-changer-ravg8945-spag8945-sp-7300-m058-00_vsg_rev01_es-2025-04.pdf","title":"Tyre changer RAVG8945 SPAG8945 SP 7300 M058 00 VSG rev01 es 2025 04","mpn":"","thumbnail":"https:\/\/dev.codekraft.it\/ravaglioli.it\/wp-content\/uploads\/brb_media\/00549992_tyre-changer-ravg8945-spag8945-sp-7300-m058-00_vsg_rev01_es-2025-04-pdf-106x150.png","description":""},{"id":154244,"url":"https:\/\/dev.codekraft.it\/ravaglioli.it\/wp-content\/uploads\/brb_media\/00549993_tyre-changer-ravg8945-spag8945-sp-7300-m058-00_vsg_rev01_pl-2025-04.pdf","title":"Tyre changer RAVG8945 SPAG8945 SP 7300 M058 00 VSG rev01 pl 2025 04","mpn":"","thumbnail":"https:\/\/dev.codekraft.it\/ravaglioli.it\/wp-content\/uploads\/brb_media\/00549993_tyre-changer-ravg8945-spag8945-sp-7300-m058-00_vsg_rev01_pl-2025-04-pdf-106x150.png","description":""}],"brb_media_safety_datasheets":"","brb_media_spare_parts":[],"_cdmm_p_id":"502533","_company":"Ravaglioli","_gtin":"5063084206107","accessories":[{"id":153296,"mpn":"G1000A65","name":"Protecci\u00f3n de pl\u00e1stico G1000A65","description":"Para soporte \u00fatil superior | 1 pieza","thumbnail":"https:\/\/dev.codekraft.it\/ravaglioli.it\/wp-content\/uploads\/brb_media\/00535626_tyre-changer-g1000a65k-mi-150x150.png","url":"https:\/\/dev.codekraft.it\/ravaglioli.it\/es\/product\/proteccion-de-plastico-g1000a65\/"},{"id":152834,"mpn":"G1000A116","name":"Cabezal de montaje superior con soporte util montado (710011691, ancho)","description":"Predispuesto para protecci\u00f3n G1000A90K","thumbnail":"https:\/\/dev.codekraft.it\/ravaglioli.it\/wp-content\/uploads\/brb_media\/00506674_g1000a116-150x150.png","url":"https:\/\/dev.codekraft.it\/ravaglioli.it\/es\/product\/cabezal-de-montaje-superior-con-soporte-util-montado-710011691-ancho\/"},{"id":153290,"mpn":"G1000A65K","name":"Protecci\u00f3n de pl\u00e1stico G1000A65K","description":"Para soporte \u00fatil superior | 1 juego \/ 5 piezas","thumbnail":"https:\/\/dev.codekraft.it\/ravaglioli.it\/wp-content\/uploads\/brb_media\/00535626_tyre-changer-g1000a65k-mi-150x150.png","url":"https:\/\/dev.codekraft.it\/ravaglioli.it\/es\/product\/proteccion-de-plastico-g1000a65k\/"},{"id":153254,"mpn":"G1000A66K","name":"Protecci\u00f3n de pl\u00e1stico para cono dispositivo de bloqueo","description":"1 juego \/ 5 piezas","thumbnail":"https:\/\/dev.codekraft.it\/ravaglioli.it\/wp-content\/uploads\/brb_media\/00192777_g1000a66k-150x150.png","url":"https:\/\/dev.codekraft.it\/ravaglioli.it\/es\/product\/proteccion-de-plastico-para-cono-dispositivo-de-bloqueo\/"},{"id":153651,"mpn":"G1000A158","name":"Placa de sujeci\u00f3n Universal | para ruedas invertidas","description":"Garra universal","thumbnail":"https:\/\/dev.codekraft.it\/ravaglioli.it\/wp-content\/uploads\/brb_media\/00506723_g1000a87-150x150.png","url":"https:\/\/dev.codekraft.it\/ravaglioli.it\/es\/product\/placa-de-sujecion-universal-para-ruedas-invertidas\/"},{"id":153657,"mpn":"G1000A161","name":"Placa de sujeci\u00f3n Universal | para llantas CLAD con agujero central","description":"Garra universal para bloqueo de la rueda por los agujeros de fijaci\u00f3n - Necesario en la rueda el agujero central para su montaje","thumbnail":"https:\/\/dev.codekraft.it\/ravaglioli.it\/wp-content\/uploads\/brb_media\/00535630_g1000a161-mi-150x150.png","url":"https:\/\/dev.codekraft.it\/ravaglioli.it\/es\/product\/placa-de-sujecion-universal-para-llantas-clad-con-agujero-central\/"},{"id":152695,"mpn":"G1000A152A","name":"Garra para LT (Light Truck) | pasador de accionamiento \u00d8 14 mm","description":"Para desmontadoras de rueda de cierre centralizado","thumbnail":"https:\/\/dev.codekraft.it\/ravaglioli.it\/wp-content\/uploads\/brb_media\/00506669_g1000a101-150x150.png","url":"https:\/\/dev.codekraft.it\/ravaglioli.it\/es\/product\/garra-para-lt-light-truck-pasador-de-accionamiento-o-14-mm\/"},{"id":152024,"mpn":"G1000A142K","name":"Cabezal de montaje superior para llantas con radios hacia fuera | 1 juego \/ 6 piezas","description":"","thumbnail":"https:\/\/dev.codekraft.it\/ravaglioli.it\/wp-content\/uploads\/brb_media\/00506689_g1000a142-150x150.png","url":"https:\/\/dev.codekraft.it\/ravaglioli.it\/es\/product\/cabezal-de-montaje-superior-para-llantas-con-radios-hacia-fuera-1-juego-6-piezas\/"},{"id":155099,"mpn":"G1000A140","name":"Wulstboy con dispositivo de remolque Est\u00e1ndar","description":"Incluido en el kit WDK","thumbnail":"https:\/\/dev.codekraft.it\/ravaglioli.it\/wp-content\/uploads\/brb_media\/00506688_g1000a140-150x150.png","url":"https:\/\/dev.codekraft.it\/ravaglioli.it\/es\/product\/wulstboy-con-dispositivo-de-remolque-estandar\/"},{"id":155331,"mpn":"G1000A36","name":"Extensi\u00f3n para prensa tal\u00f3n a 28\u2033 | para G1000A32","description":"Incluido en el kit WDK","thumbnail":"https:\/\/dev.codekraft.it\/ravaglioli.it\/wp-content\/uploads\/brb_media\/00506693_g1000a36-150x150.png","url":"https:\/\/dev.codekraft.it\/ravaglioli.it\/es\/product\/extension-para-prensa-talon-a-28%e2%80%b3-para-g1000a32\/"},{"id":155153,"mpn":"G1000A56","name":"WulstBoy con dispositivo de tracci\u00f3n y cadena de rosario de hasta 22\u2033","description":"","thumbnail":"https:\/\/dev.codekraft.it\/ravaglioli.it\/wp-content\/uploads\/brb_media\/00506698_g1000a56-150x150.png","url":"https:\/\/dev.codekraft.it\/ravaglioli.it\/es\/product\/wulstboy-con-dispositivo-de-traccion-y-cadena-de-rosario-de-hasta-22%e2%80%b3\/"},{"id":155147,"mpn":"G1000A67","name":"WulstBoy con dispositivo de tracci\u00f3n y cadena de rosario de hasta 28\u2033","description":"","thumbnail":"https:\/\/dev.codekraft.it\/ravaglioli.it\/wp-content\/uploads\/brb_media\/00506701_g1000a67-150x150.png","url":"https:\/\/dev.codekraft.it\/ravaglioli.it\/es\/product\/wulstboy-con-dispositivo-de-traccion-y-cadena-de-rosario-de-hasta-28%e2%80%b3\/"},{"id":155797,"mpn":"G800A32","name":"Protecci\u00f3n de pl\u00e1stico para el borde de llanta","description":"Protecci\u00f3n tal\u00f3n para neum\u00e1ticos \u00abRun Flat\u00bb | Incluido en el kit WDK | 1 pieza","thumbnail":"https:\/\/dev.codekraft.it\/ravaglioli.it\/wp-content\/uploads\/brb_media\/00506718_g800a32-150x150.png","url":"https:\/\/dev.codekraft.it\/ravaglioli.it\/es\/product\/proteccion-de-plastico-para-el-borde-de-llanta\/"},{"id":155542,"mpn":"G1000A70K","name":"Protecci\u00f3n de pl\u00e1stico para pernos de arrastre","description":"Protecci\u00f3n para dispositivo de tracci\u00f3n en mesa de sujeci\u00f3n | 1 juego \/ 5 piezas","thumbnail":"https:\/\/dev.codekraft.it\/ravaglioli.it\/wp-content\/uploads\/brb_media\/00506705_g1000a70k-150x150.png","url":"https:\/\/dev.codekraft.it\/ravaglioli.it\/es\/product\/proteccion-de-plastico-para-pernos-de-arrastre\/"},{"id":155464,"mpn":"G800A11","name":"Protecci\u00f3n de pl\u00e1stico para pala destalonadora","description":"1 pieza","thumbnail":"https:\/\/dev.codekraft.it\/ravaglioli.it\/wp-content\/uploads\/brb_media\/00506714_g800a11-01-150x150.png","url":"https:\/\/dev.codekraft.it\/ravaglioli.it\/es\/product\/proteccion-de-plastico-para-pala-destalonadora\/"},{"id":155803,"mpn":"G800A11K","name":"Protecci\u00f3n de pl\u00e1stico para pala destalonadora","description":"5 piezas","thumbnail":"https:\/\/dev.codekraft.it\/ravaglioli.it\/wp-content\/uploads\/brb_media\/00506714_g800a11-01-150x150.png","url":"https:\/\/dev.codekraft.it\/ravaglioli.it\/es\/product\/proteccion-de-plastico-para-pala-destalonadora-2\/"},{"id":155839,"mpn":"PLUS91AKC","name":"Brazo de ayuda neum\u00e1tico","description":"Brazo prensa-tal\u00f3n rotatorio neum\u00e1tico","thumbnail":"https:\/\/dev.codekraft.it\/ravaglioli.it\/wp-content\/uploads\/brb_media\/00373746_tyre-changers-helper-di-150x150.png","url":"https:\/\/dev.codekraft.it\/ravaglioli.it\/es\/product\/brazo-de-ayuda-neumatico-2\/"},{"id":155530,"mpn":"G1000A81K","name":"Protecci\u00f3n de goma para della platillo de apoyo rueda","description":"Juego de protecci\u00f3n para ruedas invertidas | 1 juego \/ 10 piezas","thumbnail":"https:\/\/dev.codekraft.it\/ravaglioli.it\/wp-content\/uploads\/brb_media\/00506708_g1000a81k-sp-150x150.png","url":"https:\/\/dev.codekraft.it\/ravaglioli.it\/es\/product\/proteccion-de-goma-para-della-platillo-de-apoyo-rueda\/"},{"id":155899,"mpn":"G1000A137","name":"Placa de sujeci\u00f3n Universal | para llantas sin agujero central y llantas invertidas | por G1000A138","description":"Garra universal para llantas ciegas \/ llantas al rev\u00e9s","thumbnail":"https:\/\/dev.codekraft.it\/ravaglioli.it\/wp-content\/uploads\/brb_media\/00506682_g1000a137-01-150x150.png","url":"https:\/\/dev.codekraft.it\/ravaglioli.it\/es\/product\/placa-de-sujecion-universal-para-llantas-sin-agujero-central-y-llantas-invertidas-por-g1000a138\/"},{"id":155596,"mpn":"G1000A86","name":"Espejo con soporte magn\u00e9tico","description":"","thumbnail":"https:\/\/dev.codekraft.it\/ravaglioli.it\/wp-content\/uploads\/brb_media\/00506710_g1000a86-150x150.png","url":"https:\/\/dev.codekraft.it\/ravaglioli.it\/es\/product\/espejo-con-soporte-magnetico\/"},{"id":155821,"mpn":"G1000A100K","name":"Pel\u00edculas de protecci\u00f3n de tal\u00f3n | con homologaci\u00f3n WDK","description":"Incluido en el kit WDK | 1 juego \/ 50 piezas","thumbnail":"https:\/\/dev.codekraft.it\/ravaglioli.it\/wp-content\/uploads\/brb_media\/00506667_g1000a100k-01-150x150.png","url":"https:\/\/dev.codekraft.it\/ravaglioli.it\/es\/product\/peliculas-de-proteccion-de-talon-con-homologacion-wdk\/"},{"id":155554,"mpn":"G1000A101","name":"Garra para LT (Light Truck)","description":"","thumbnail":"https:\/\/dev.codekraft.it\/ravaglioli.it\/wp-content\/uploads\/brb_media\/00506669_g1000a101-150x150.png","url":"https:\/\/dev.codekraft.it\/ravaglioli.it\/es\/product\/garra-para-lt-light-truck\/"},{"id":155141,"mpn":"G1000A115","name":"Limitador de carrera del destalonador para homologaci\u00f3n WDK","description":"","thumbnail":"https:\/\/dev.codekraft.it\/ravaglioli.it\/wp-content\/uploads\/brb_media\/00506673_g1000a115-150x150.png","url":"https:\/\/dev.codekraft.it\/ravaglioli.it\/es\/product\/limitador-de-carrera-del-destalonador-para-homologacion-wdk\/"},{"id":155178,"mpn":"G1000A142","name":"Cabezal de montaje superior para llantas con radios hacia fuera","description":"","thumbnail":"https:\/\/dev.codekraft.it\/ravaglioli.it\/wp-content\/uploads\/brb_media\/00506689_g1000a142-150x150.png","url":"https:\/\/dev.codekraft.it\/ravaglioli.it\/es\/product\/cabezal-de-montaje-superior-para-llantas-con-radios-hacia-fuera\/"},{"id":155518,"mpn":"G800A38","name":"Brocha Pl\u00e1stico","description":"","thumbnail":"https:\/\/dev.codekraft.it\/ravaglioli.it\/wp-content\/uploads\/brb_media\/00506719_g800a38-150x150.png","url":"https:\/\/dev.codekraft.it\/ravaglioli.it\/es\/product\/brocha-plastico\/"}],"components":[],"delivery":[],"package":[],"related":[],"similar":[{"id":152139,"mpn":"RAV.G1190.200853","name":"Desmontadora de neum\u00e1ticos G1190.30","description":"Sin palanca, incluye brazo de ayuda neum\u00e1tico, turismo, di\u00e1metro de llanta 10 - 30\u2033, anchura llanta m\u00e1x. 15\u2033 | Certificado wdk","thumbnail":"https:\/\/dev.codekraft.it\/ravaglioli.it\/wp-content\/uploads\/brb_media\/00507108_tyre-changer-g119030-mi-03-150x150.png","url":"https:\/\/dev.codekraft.it\/ravaglioli.it\/es\/product\/desmontadora-de-neumaticos-g1190-30\/"},{"id":154230,"mpn":"RAV.G1065.200792","name":"Desmontadora de neum\u00e1ticos G1065.N","description":"\u00datil de montaje y palanca de montaje, bloqueo central, velocidad max. 15 r\/min, turismo, di\u00e1metro de llanta 12 - 24\u2033, anchura llanta m\u00e1x. 381 mm | Azul (RAL 5005)","thumbnail":"https:\/\/dev.codekraft.it\/ravaglioli.it\/wp-content\/uploads\/brb_media\/00508664_tyre-changer-g1065n-mi-150x150.png","url":"https:\/\/dev.codekraft.it\/ravaglioli.it\/es\/product\/desmontadora-de-neumaticos-g1065-n\/"},{"id":156031,"mpn":"RAV.G1250.200129","name":"Desmontadora de neum\u00e1ticos G1250.30PLUS","description":"Sin palanca, autom\u00e1tica, incluye brazo de ayuda neum\u00e1tico y elevador neum\u00e1tico de ruedas, turismo, di\u00e1metro de llanta 10 - 30\u2033, anchura llante max. 15\u2033 | Certificado wdk","thumbnail":"https:\/\/dev.codekraft.it\/ravaglioli.it\/wp-content\/uploads\/brb_media\/00528417_tyre-changer-g125030plus-mi-150x150.png","url":"https:\/\/dev.codekraft.it\/ravaglioli.it\/es\/product\/desmontadora-de-neumaticos-g1250-30plus\/"},{"id":154255,"mpn":"RAV.G8945.206077","name":"Desmontadora de neum\u00e1ticos G8945ITD.26S","description":"Sin palanca, velocidad max. 15 r\/min, incl. dispositivo de inflado tubeless, turismo, di\u00e1metro de llanta 10 - 26\u2033, anchura llante max. 381 mm | mandril con bloqueo central - apto al igual para ruedas invertidas | para llantas con di\u00e1metro rueda m\u00e1x. 45\u2033 (1143 mm)","thumbnail":"https:\/\/dev.codekraft.it\/ravaglioli.it\/wp-content\/uploads\/brb_media\/00508741_tyre-changer-g8945itd26s-mi-150x150.png","url":"https:\/\/dev.codekraft.it\/ravaglioli.it\/es\/product\/desmontadora-de-neumaticos-g8945itd-26s\/"}],"page_logo_src":"https:\/\/dev.codekraft.it\/ravaglioli.it\/wp-content\/uploads\/2026\/04\/rav-negative-logo-1.png","lang":"es","translations":{"es":154249,"en":154238,"de":154246,"fr":154247,"it":154248,"ru":154250},"pll_sync_post":[],"_links":{"self":[{"href":"https:\/\/dev.codekraft.it\/ravaglioli.it\/wp-json\/wp\/v2\/product\/154249","targetHints":{"allow":["GET"]}}],"collection":[{"href":"https:\/\/dev.codekraft.it\/ravaglioli.it\/wp-json\/wp\/v2\/product"}],"about":[{"href":"https:\/\/dev.codekraft.it\/ravaglioli.it\/wp-json\/wp\/v2\/types\/product"}],"wp:featuredmedia":[{"embeddable":true,"href":"https:\/\/dev.codekraft.it\/ravaglioli.it\/wp-json\/wp\/v2\/media\/43091"}],"wp:attachment":[{"href":"https:\/\/dev.codekraft.it\/ravaglioli.it\/wp-json\/wp\/v2\/media?parent=154249"}],"wp:term":[{"taxonomy":"product_brand","embeddable":true,"href":"https:\/\/dev.codekraft.it\/ravaglioli.it\/wp-json\/wp\/v2\/product_brand?post=154249"},{"taxonomy":"product_cat","embeddable":true,"href":"https:\/\/dev.codekraft.it\/ravaglioli.it\/wp-json\/wp\/v2\/product_cat?post=154249"},{"taxonomy":"product_tag","embeddable":true,"href":"https:\/\/dev.codekraft.it\/ravaglioli.it\/wp-json\/wp\/v2\/product_tag?post=154249"},{"taxonomy":"product_approvals","embeddable":true,"href":"https:\/\/dev.codekraft.it\/ravaglioli.it\/wp-json\/wp\/v2\/product_approvals?post=154249"},{"taxonomy":"product_application","embeddable":true,"href":"https:\/\/dev.codekraft.it\/ravaglioli.it\/wp-json\/wp\/v2\/product_application?post=154249"}],"curies":[{"name":"wp","href":"https:\/\/api.w.org\/{rel}","templated":true}]}}