{"id":154230,"date":"2025-10-30T14:31:24","date_gmt":"2025-10-30T14:31:24","guid":{"rendered":"https:\/\/dev.codekraft.it\/ravaglioli.it\/product\/desmontadora-de-neumaticos-g1065-n\/"},"modified":"2026-01-14T21:03:11","modified_gmt":"2026-01-14T21:03:11","slug":"desmontadora-de-neumaticos-g1065-n","status":"publish","type":"product","link":"https:\/\/dev.codekraft.it\/ravaglioli.it\/es\/product\/desmontadora-de-neumaticos-g1065-n\/","title":{"rendered":"Desmontadora de neum\u00e1ticos G1065.N"},"content":{"rendered":"","protected":false},"excerpt":{"rendered":"<p>\u00datil de montaje y palanca de montaje, bloqueo central, velocidad max. 15 r\/min, turismo, di\u00e1metro de llanta 12 &#8211; 24\u2033, anchura llanta m\u00e1x. 381 mm | Azul (RAL 5005)<\/p>\n","protected":false},"featured_media":43078,"template":"","meta":[],"product_brand":[],"product_cat":[57904],"product_tag":[58349,58296,58332],"product_approvals":[],"product_application":[],"class_list":{"0":"post-154230","1":"product","2":"type-product","3":"status-publish","4":"has-post-thumbnail","6":"product_cat-desmontadoras-es","7":"product_tag-motor-homes-es","8":"product_tag-passenger-cars-es","9":"product_tag-light-commercial-es","11":"first","12":"instock","13":"shipping-taxable","14":"product-type-simple"},"approvals":[],"application":[],"brb_media_brochure":"","brb_media_drawing":"","brb_media_manuals":[{"id":150441,"url":"https:\/\/dev.codekraft.it\/ravaglioli.it\/wp-content\/uploads\/brb_media\/00536843_tyre-changer-rotclass-combi-ravg1001-g1065-im-7102-m035-01_vsg_rev01-de-2024-11.pdf","title":"tyre changer rotclass combi ravg1001 g1065 im 7102 m035 01 vsg rev01 de 2024 11","mpn":"","thumbnail":"https:\/\/dev.codekraft.it\/ravaglioli.it\/wp-content\/uploads\/brb_media\/00536843_tyre-changer-rotclass-combi-ravg1001-g1065-im-7102-m035-01_vsg_rev01-de-2024-11-pdf-106x150.png","description":""},{"id":150442,"url":"https:\/\/dev.codekraft.it\/ravaglioli.it\/wp-content\/uploads\/brb_media\/00536844_tyre-changer-rotclass-combi-ravg1001-g1065-im-7102-m035-01_vsg_rev01-en-2024-11.pdf","title":"tyre changer rotclass combi ravg1001 g1065 im 7102 m035 01 vsg rev01 en 2024 11","mpn":"","thumbnail":"https:\/\/dev.codekraft.it\/ravaglioli.it\/wp-content\/uploads\/brb_media\/00536844_tyre-changer-rotclass-combi-ravg1001-g1065-im-7102-m035-01_vsg_rev01-en-2024-11-pdf-106x150.png","description":""},{"id":150443,"url":"https:\/\/dev.codekraft.it\/ravaglioli.it\/wp-content\/uploads\/brb_media\/00536845_tyre-changer-rotclass-combi-ravg1001-g1065-im-7102-m035-01_vsg_rev01-fr-2024-11.pdf","title":"tyre changer rotclass combi ravg1001 g1065 im 7102 m035 01 vsg rev01 fr 2024 11","mpn":"","thumbnail":"https:\/\/dev.codekraft.it\/ravaglioli.it\/wp-content\/uploads\/brb_media\/00536845_tyre-changer-rotclass-combi-ravg1001-g1065-im-7102-m035-01_vsg_rev01-fr-2024-11-pdf-106x150.png","description":""},{"id":150444,"url":"https:\/\/dev.codekraft.it\/ravaglioli.it\/wp-content\/uploads\/brb_media\/00536846_tyre-changer-rotclass-combi-ravg1001-g1065-im-7102-m035-01_vsg_rev01-it-2024-11.pdf","title":"tyre changer rotclass combi ravg1001 g1065 im 7102 m035 01 vsg rev01 it 2024 11","mpn":"","thumbnail":"https:\/\/dev.codekraft.it\/ravaglioli.it\/wp-content\/uploads\/brb_media\/00536846_tyre-changer-rotclass-combi-ravg1001-g1065-im-7102-m035-01_vsg_rev01-it-2024-11-pdf-106x150.png","description":""},{"id":150445,"url":"https:\/\/dev.codekraft.it\/ravaglioli.it\/wp-content\/uploads\/brb_media\/00536847_tyre-changer-rotclass-combi-ravg1001-g1065-im-7102-m035-01_vsg_rev01-es-2024-11.pdf","title":"tyre changer rotclass combi ravg1001 g1065 im 7102 m035 01 vsg rev01 es 2024 11","mpn":"","thumbnail":"https:\/\/dev.codekraft.it\/ravaglioli.it\/wp-content\/uploads\/brb_media\/00536847_tyre-changer-rotclass-combi-ravg1001-g1065-im-7102-m035-01_vsg_rev01-es-2024-11-pdf-106x150.png","description":""}],"brb_media_safety_datasheets":"","brb_media_spare_parts":[],"_cdmm_p_id":"502531","_company":"Ravaglioli","_gtin":"5063084200792","accessories":[{"id":152791,"mpn":"G1000A13K","name":"Protecciones palanca levanta talones para palanca | 1 juego \/ 50 piezas","description":"","thumbnail":"https:\/\/dev.codekraft.it\/ravaglioli.it\/wp-content\/uploads\/brb_media\/00506686_g1000a13k-150x150.png","url":"https:\/\/dev.codekraft.it\/ravaglioli.it\/es\/product\/protecciones-palanca-levanta-talones-para-palanca-1-juego-50-piezas\/"},{"id":153651,"mpn":"G1000A158","name":"Placa de sujeci\u00f3n Universal | para ruedas invertidas","description":"Garra universal","thumbnail":"https:\/\/dev.codekraft.it\/ravaglioli.it\/wp-content\/uploads\/brb_media\/00506723_g1000a87-150x150.png","url":"https:\/\/dev.codekraft.it\/ravaglioli.it\/es\/product\/placa-de-sujecion-universal-para-ruedas-invertidas\/"},{"id":152942,"mpn":"PLUS94","name":"Brazo de ayuda neum\u00e1tico | montaje en el lado izquierda","description":"Brazo prensa-tal\u00f3n rotatorio neum\u00e1tico","thumbnail":"https:\/\/dev.codekraft.it\/ravaglioli.it\/wp-content\/uploads\/brb_media\/00506721_plus94-150x150.png","url":"https:\/\/dev.codekraft.it\/ravaglioli.it\/es\/product\/brazo-de-ayuda-neumatico-montado-a-la-izquierda\/"},{"id":152966,"mpn":"G1000A129NP","name":"Elevador para ruedas con bloqueo en posici\u00f3n","description":"","thumbnail":"https:\/\/dev.codekraft.it\/ravaglioli.it\/wp-content\/uploads\/brb_media\/00536825_tyre-changers-g1000a129np-mi-150x150.png","url":"https:\/\/dev.codekraft.it\/ravaglioli.it\/es\/product\/elevador-para-ruedas-con-bloqueo-en-posicion\/"},{"id":152695,"mpn":"G1000A152A","name":"Garra para LT (Light Truck) | pasador de accionamiento \u00d8 14 mm","description":"Para desmontadoras de rueda de cierre centralizado","thumbnail":"https:\/\/dev.codekraft.it\/ravaglioli.it\/wp-content\/uploads\/brb_media\/00506669_g1000a101-150x150.png","url":"https:\/\/dev.codekraft.it\/ravaglioli.it\/es\/product\/garra-para-lt-light-truck-pasador-de-accionamiento-o-14-mm\/"},{"id":153657,"mpn":"G1000A161","name":"Placa de sujeci\u00f3n Universal | para llantas CLAD con agujero central","description":"Garra universal para bloqueo de la rueda por los agujeros de fijaci\u00f3n - Necesario en la rueda el agujero central para su montaje","thumbnail":"https:\/\/dev.codekraft.it\/ravaglioli.it\/wp-content\/uploads\/brb_media\/00535630_g1000a161-mi-150x150.png","url":"https:\/\/dev.codekraft.it\/ravaglioli.it\/es\/product\/placa-de-sujecion-universal-para-llantas-clad-con-agujero-central\/"},{"id":155923,"mpn":"G1000A14","name":"Cabezal de montaje de repuesto para turismos | in plastica","description":"","thumbnail":"https:\/\/dev.codekraft.it\/ravaglioli.it\/wp-content\/uploads\/brb_media\/00506687_g1000a14-150x150.png","url":"https:\/\/dev.codekraft.it\/ravaglioli.it\/es\/product\/cabezal-de-montaje-de-repuesto-para-turismos-in-plastica\/"},{"id":155518,"mpn":"G800A38","name":"Brocha Pl\u00e1stico","description":"","thumbnail":"https:\/\/dev.codekraft.it\/ravaglioli.it\/wp-content\/uploads\/brb_media\/00506719_g800a38-150x150.png","url":"https:\/\/dev.codekraft.it\/ravaglioli.it\/es\/product\/brocha-plastico\/"},{"id":155147,"mpn":"G1000A67","name":"WulstBoy con dispositivo de tracci\u00f3n y cadena de rosario de hasta 28\u2033","description":"","thumbnail":"https:\/\/dev.codekraft.it\/ravaglioli.it\/wp-content\/uploads\/brb_media\/00506701_g1000a67-150x150.png","url":"https:\/\/dev.codekraft.it\/ravaglioli.it\/es\/product\/wulstboy-con-dispositivo-de-traccion-y-cadena-de-rosario-de-hasta-28%e2%80%b3\/"},{"id":155153,"mpn":"G1000A56","name":"WulstBoy con dispositivo de tracci\u00f3n y cadena de rosario de hasta 22\u2033","description":"","thumbnail":"https:\/\/dev.codekraft.it\/ravaglioli.it\/wp-content\/uploads\/brb_media\/00506698_g1000a56-150x150.png","url":"https:\/\/dev.codekraft.it\/ravaglioli.it\/es\/product\/wulstboy-con-dispositivo-de-traccion-y-cadena-de-rosario-de-hasta-22%e2%80%b3\/"},{"id":155331,"mpn":"G1000A36","name":"Extensi\u00f3n para prensa tal\u00f3n a 28\u2033 | para G1000A32","description":"Incluido en el kit WDK","thumbnail":"https:\/\/dev.codekraft.it\/ravaglioli.it\/wp-content\/uploads\/brb_media\/00506693_g1000a36-150x150.png","url":"https:\/\/dev.codekraft.it\/ravaglioli.it\/es\/product\/extension-para-prensa-talon-a-28%e2%80%b3-para-g1000a32\/"},{"id":155572,"mpn":"G1000A7","name":"Rodillo depresor de talones","description":"","thumbnail":"https:\/\/dev.codekraft.it\/ravaglioli.it\/wp-content\/uploads\/brb_media\/00506704_g1000a7-150x150.png","url":"https:\/\/dev.codekraft.it\/ravaglioli.it\/es\/product\/rodillo-depresor-de-talones\/"},{"id":155464,"mpn":"G800A11","name":"Protecci\u00f3n de pl\u00e1stico para pala destalonadora","description":"1 pieza","thumbnail":"https:\/\/dev.codekraft.it\/ravaglioli.it\/wp-content\/uploads\/brb_media\/00506714_g800a11-01-150x150.png","url":"https:\/\/dev.codekraft.it\/ravaglioli.it\/es\/product\/proteccion-de-plastico-para-pala-destalonadora\/"},{"id":155803,"mpn":"G800A11K","name":"Protecci\u00f3n de pl\u00e1stico para pala destalonadora","description":"5 piezas","thumbnail":"https:\/\/dev.codekraft.it\/ravaglioli.it\/wp-content\/uploads\/brb_media\/00506714_g800a11-01-150x150.png","url":"https:\/\/dev.codekraft.it\/ravaglioli.it\/es\/product\/proteccion-de-plastico-para-pala-destalonadora-2\/"},{"id":155797,"mpn":"G800A32","name":"Protecci\u00f3n de pl\u00e1stico para el borde de llanta","description":"Protecci\u00f3n tal\u00f3n para neum\u00e1ticos \u00abRun Flat\u00bb | Incluido en el kit WDK | 1 pieza","thumbnail":"https:\/\/dev.codekraft.it\/ravaglioli.it\/wp-content\/uploads\/brb_media\/00506718_g800a32-150x150.png","url":"https:\/\/dev.codekraft.it\/ravaglioli.it\/es\/product\/proteccion-de-plastico-para-el-borde-de-llanta\/"},{"id":155542,"mpn":"G1000A70K","name":"Protecci\u00f3n de pl\u00e1stico para pernos de arrastre","description":"Protecci\u00f3n para dispositivo de tracci\u00f3n en mesa de sujeci\u00f3n | 1 juego \/ 5 piezas","thumbnail":"https:\/\/dev.codekraft.it\/ravaglioli.it\/wp-content\/uploads\/brb_media\/00506705_g1000a70k-150x150.png","url":"https:\/\/dev.codekraft.it\/ravaglioli.it\/es\/product\/proteccion-de-plastico-para-pernos-de-arrastre\/"},{"id":155530,"mpn":"G1000A81K","name":"Protecci\u00f3n de goma para della platillo de apoyo rueda","description":"Juego de protecci\u00f3n para ruedas invertidas | 1 juego \/ 10 piezas","thumbnail":"https:\/\/dev.codekraft.it\/ravaglioli.it\/wp-content\/uploads\/brb_media\/00506708_g1000a81k-sp-150x150.png","url":"https:\/\/dev.codekraft.it\/ravaglioli.it\/es\/product\/proteccion-de-goma-para-della-platillo-de-apoyo-rueda\/"},{"id":155536,"mpn":"G1000A84K","name":"Protecci\u00f3n de pl\u00e1stico para cono de centrado","description":"Juego de protecciones cono para dispositivo de bloqueo garra r\u00e1pida, para G1000A138 - G1000A80 (5 unidades)","thumbnail":"https:\/\/dev.codekraft.it\/ravaglioli.it\/wp-content\/uploads\/brb_media\/00506709_g1000a84k-150x150.png","url":"https:\/\/dev.codekraft.it\/ravaglioli.it\/es\/product\/proteccion-de-plastico-para-cono-de-centrado\/"},{"id":155821,"mpn":"G1000A100K","name":"Pel\u00edculas de protecci\u00f3n de tal\u00f3n | con homologaci\u00f3n WDK","description":"Incluido en el kit WDK | 1 juego \/ 50 piezas","thumbnail":"https:\/\/dev.codekraft.it\/ravaglioli.it\/wp-content\/uploads\/brb_media\/00506667_g1000a100k-01-150x150.png","url":"https:\/\/dev.codekraft.it\/ravaglioli.it\/es\/product\/peliculas-de-proteccion-de-talon-con-homologacion-wdk\/"},{"id":155554,"mpn":"G1000A101","name":"Garra para LT (Light Truck)","description":"","thumbnail":"https:\/\/dev.codekraft.it\/ravaglioli.it\/wp-content\/uploads\/brb_media\/00506669_g1000a101-150x150.png","url":"https:\/\/dev.codekraft.it\/ravaglioli.it\/es\/product\/garra-para-lt-light-truck\/"},{"id":155566,"mpn":"G1000A126","name":"Cono con espesor | para eje 40 | \u00d8 69 mm","description":"Necesario G1000A80 - G1000A138","thumbnail":"https:\/\/dev.codekraft.it\/ravaglioli.it\/wp-content\/uploads\/brb_media\/00471557_tyre-changers-cone-for-40-mm-shaft-di-150x150.png","url":"https:\/\/dev.codekraft.it\/ravaglioli.it\/es\/product\/cono-con-espesor-para-eje-40-o-69-mm\/"},{"id":155899,"mpn":"G1000A137","name":"Placa de sujeci\u00f3n Universal | para llantas sin agujero central y llantas invertidas | por G1000A138","description":"Garra universal para llantas ciegas \/ llantas al rev\u00e9s","thumbnail":"https:\/\/dev.codekraft.it\/ravaglioli.it\/wp-content\/uploads\/brb_media\/00506682_g1000a137-01-150x150.png","url":"https:\/\/dev.codekraft.it\/ravaglioli.it\/es\/product\/placa-de-sujecion-universal-para-llantas-sin-agujero-central-y-llantas-invertidas-por-g1000a138\/"}],"components":[],"delivery":[],"package":[],"related":[],"similar":[{"id":154218,"mpn":"RAV.G1001.200815","name":"Desmontadora de neum\u00e1ticos G1001.24ELX","description":"\u00datil de montaje y palanca de montaje, autom\u00e1tica, mandril de auto centrado en forma de tulipa, velocidad max. 15 r\/min, turismo, di\u00e1metro de llanta 12 - 24\u2033, anchura llanta m\u00e1x. 381 mm | Azul (RAL 5005)","thumbnail":"https:\/\/dev.codekraft.it\/ravaglioli.it\/wp-content\/uploads\/brb_media\/00508639_tyre-changer-g1001-24elx-ral5005-mi-150x150.png","url":"https:\/\/dev.codekraft.it\/ravaglioli.it\/es\/product\/desmontadora-de-neumaticos-g1001-24elx\/"},{"id":154187,"mpn":"RAV.G7645.200990","name":"Desmontadora de neum\u00e1ticos G7645D.26PLUS","description":"Autom\u00e1tica, velocidad max. 16 r\/min, turismo, di\u00e1metro de llanta 10 - 28,5\u2033, anchura llanta m\u00e1x. 431 mm | Azul (RAL 5005)","thumbnail":"https:\/\/dev.codekraft.it\/ravaglioli.it\/wp-content\/uploads\/brb_media\/00508668_tyre-changer-g7645d26plus-mi-150x150.png","url":"https:\/\/dev.codekraft.it\/ravaglioli.it\/es\/product\/desmontadora-de-neumaticos-g7645d-26plus\/"},{"id":154199,"mpn":"RAV.G7645.201232","name":"Desmontadora de neum\u00e1ticos G7645D.26","description":"Autom\u00e1tica, velocidad max. 16 r\/min, turismo, di\u00e1metro de llanta 12 - 26\u2033, anchura llanta m\u00e1x. 431 mm | Azul (RAL 5005)","thumbnail":"https:\/\/dev.codekraft.it\/ravaglioli.it\/wp-content\/uploads\/brb_media\/00508616_tyre-changer-g7645d-26-mi-01-150x150.png","url":"https:\/\/dev.codekraft.it\/ravaglioli.it\/es\/product\/desmontadora-de-neumaticos-g7645d-26\/"},{"id":154249,"mpn":"RAV.G8945.206107","name":"Desmontadora de neum\u00e1ticos G8945D.26S","description":"Sin palanca, velocidad max. 15 r\/min, turismo, di\u00e1metro de llanta 10 - 26\u2033, anchura llante max. 381 mm | mandril con bloqueo central - apto al igual para ruedas invertidas | para llantas con di\u00e1metro rueda m\u00e1x. 45\u2033 (1143 mm)","thumbnail":"https:\/\/dev.codekraft.it\/ravaglioli.it\/wp-content\/uploads\/brb_media\/00508740_tyre-changer-g8945d26s-mi-150x150.png","url":"https:\/\/dev.codekraft.it\/ravaglioli.it\/es\/product\/desmontadora-de-neumaticos-g8945d-26s\/"}],"page_logo_src":"https:\/\/dev.codekraft.it\/ravaglioli.it\/wp-content\/uploads\/2026\/04\/rav-negative-logo-1.png","lang":"es","translations":{"es":154230,"en":154226,"de":154227,"fr":154228,"it":154229,"ru":154231},"pll_sync_post":[],"_links":{"self":[{"href":"https:\/\/dev.codekraft.it\/ravaglioli.it\/wp-json\/wp\/v2\/product\/154230","targetHints":{"allow":["GET"]}}],"collection":[{"href":"https:\/\/dev.codekraft.it\/ravaglioli.it\/wp-json\/wp\/v2\/product"}],"about":[{"href":"https:\/\/dev.codekraft.it\/ravaglioli.it\/wp-json\/wp\/v2\/types\/product"}],"wp:featuredmedia":[{"embeddable":true,"href":"https:\/\/dev.codekraft.it\/ravaglioli.it\/wp-json\/wp\/v2\/media\/43078"}],"wp:attachment":[{"href":"https:\/\/dev.codekraft.it\/ravaglioli.it\/wp-json\/wp\/v2\/media?parent=154230"}],"wp:term":[{"taxonomy":"product_brand","embeddable":true,"href":"https:\/\/dev.codekraft.it\/ravaglioli.it\/wp-json\/wp\/v2\/product_brand?post=154230"},{"taxonomy":"product_cat","embeddable":true,"href":"https:\/\/dev.codekraft.it\/ravaglioli.it\/wp-json\/wp\/v2\/product_cat?post=154230"},{"taxonomy":"product_tag","embeddable":true,"href":"https:\/\/dev.codekraft.it\/ravaglioli.it\/wp-json\/wp\/v2\/product_tag?post=154230"},{"taxonomy":"product_approvals","embeddable":true,"href":"https:\/\/dev.codekraft.it\/ravaglioli.it\/wp-json\/wp\/v2\/product_approvals?post=154230"},{"taxonomy":"product_application","embeddable":true,"href":"https:\/\/dev.codekraft.it\/ravaglioli.it\/wp-json\/wp\/v2\/product_application?post=154230"}],"curies":[{"name":"wp","href":"https:\/\/api.w.org\/{rel}","templated":true}]}}