{"id":154228,"date":"2025-10-30T14:31:24","date_gmt":"2025-10-30T14:31:24","guid":{"rendered":"https:\/\/dev.codekraft.it\/ravaglioli.it\/product\/demonte-pneu-g1065-n\/"},"modified":"2026-01-14T21:03:10","modified_gmt":"2026-01-14T21:03:10","slug":"demonte-pneu-g1065-n","status":"publish","type":"product","link":"https:\/\/dev.codekraft.it\/ravaglioli.it\/fr\/product\/demonte-pneu-g1065-n\/","title":{"rendered":"D\u00e9monte-pneu G1065.N"},"content":{"rendered":"","protected":false},"excerpt":{"rendered":"<p>T\u00eate de montage et levier de montage, blocage central, vitesse max. 15 tr\/min, voiture de tourisme, diam\u00e8tre de jante 12 &#8211; 24\u2033, largeur de jante max. 381 mm | Bleu (RAL 5005)<\/p>\n","protected":false},"featured_media":43078,"template":"","meta":[],"product_brand":[],"product_cat":[57876],"product_tag":[58343,58326,58290],"product_approvals":[],"product_application":[],"class_list":{"0":"post-154228","1":"product","2":"type-product","3":"status-publish","4":"has-post-thumbnail","6":"product_cat-demonte-pneus-fr","7":"product_tag-motor-homes-fr","8":"product_tag-light-commercial-fr","9":"product_tag-passenger-cars-fr","11":"first","12":"instock","13":"shipping-taxable","14":"product-type-simple"},"approvals":[],"application":[],"brb_media_brochure":"","brb_media_drawing":"","brb_media_manuals":[{"id":150441,"url":"https:\/\/dev.codekraft.it\/ravaglioli.it\/wp-content\/uploads\/brb_media\/00536843_tyre-changer-rotclass-combi-ravg1001-g1065-im-7102-m035-01_vsg_rev01-de-2024-11.pdf","title":"tyre changer rotclass combi ravg1001 g1065 im 7102 m035 01 vsg rev01 de 2024 11","mpn":"","thumbnail":"https:\/\/dev.codekraft.it\/ravaglioli.it\/wp-content\/uploads\/brb_media\/00536843_tyre-changer-rotclass-combi-ravg1001-g1065-im-7102-m035-01_vsg_rev01-de-2024-11-pdf-106x150.png","description":""},{"id":150442,"url":"https:\/\/dev.codekraft.it\/ravaglioli.it\/wp-content\/uploads\/brb_media\/00536844_tyre-changer-rotclass-combi-ravg1001-g1065-im-7102-m035-01_vsg_rev01-en-2024-11.pdf","title":"tyre changer rotclass combi ravg1001 g1065 im 7102 m035 01 vsg rev01 en 2024 11","mpn":"","thumbnail":"https:\/\/dev.codekraft.it\/ravaglioli.it\/wp-content\/uploads\/brb_media\/00536844_tyre-changer-rotclass-combi-ravg1001-g1065-im-7102-m035-01_vsg_rev01-en-2024-11-pdf-106x150.png","description":""},{"id":150443,"url":"https:\/\/dev.codekraft.it\/ravaglioli.it\/wp-content\/uploads\/brb_media\/00536845_tyre-changer-rotclass-combi-ravg1001-g1065-im-7102-m035-01_vsg_rev01-fr-2024-11.pdf","title":"tyre changer rotclass combi ravg1001 g1065 im 7102 m035 01 vsg rev01 fr 2024 11","mpn":"","thumbnail":"https:\/\/dev.codekraft.it\/ravaglioli.it\/wp-content\/uploads\/brb_media\/00536845_tyre-changer-rotclass-combi-ravg1001-g1065-im-7102-m035-01_vsg_rev01-fr-2024-11-pdf-106x150.png","description":""},{"id":150444,"url":"https:\/\/dev.codekraft.it\/ravaglioli.it\/wp-content\/uploads\/brb_media\/00536846_tyre-changer-rotclass-combi-ravg1001-g1065-im-7102-m035-01_vsg_rev01-it-2024-11.pdf","title":"tyre changer rotclass combi ravg1001 g1065 im 7102 m035 01 vsg rev01 it 2024 11","mpn":"","thumbnail":"https:\/\/dev.codekraft.it\/ravaglioli.it\/wp-content\/uploads\/brb_media\/00536846_tyre-changer-rotclass-combi-ravg1001-g1065-im-7102-m035-01_vsg_rev01-it-2024-11-pdf-106x150.png","description":""},{"id":150445,"url":"https:\/\/dev.codekraft.it\/ravaglioli.it\/wp-content\/uploads\/brb_media\/00536847_tyre-changer-rotclass-combi-ravg1001-g1065-im-7102-m035-01_vsg_rev01-es-2024-11.pdf","title":"tyre changer rotclass combi ravg1001 g1065 im 7102 m035 01 vsg rev01 es 2024 11","mpn":"","thumbnail":"https:\/\/dev.codekraft.it\/ravaglioli.it\/wp-content\/uploads\/brb_media\/00536847_tyre-changer-rotclass-combi-ravg1001-g1065-im-7102-m035-01_vsg_rev01-es-2024-11-pdf-106x150.png","description":""}],"brb_media_safety_datasheets":"","brb_media_spare_parts":[],"_cdmm_p_id":"502531","_company":"Ravaglioli","_gtin":"5063084200792","accessories":[{"id":152789,"mpn":"G1000A13K","name":"Protections levier pour t\u00eate de montage | 1 jeu \/ 50 pi\u00e8ces","description":"","thumbnail":"https:\/\/dev.codekraft.it\/ravaglioli.it\/wp-content\/uploads\/brb_media\/00506686_g1000a13k-150x150.png","url":"https:\/\/dev.codekraft.it\/ravaglioli.it\/fr\/product\/protections-levier-pour-tete-de-montage-1-jeu-50-pieces\/"},{"id":153649,"mpn":"G1000A158","name":"Plaque de serrage de type Universel | pour roues invers\u00e9es","description":"Bride universelle","thumbnail":"https:\/\/dev.codekraft.it\/ravaglioli.it\/wp-content\/uploads\/brb_media\/00506723_g1000a87-150x150.png","url":"https:\/\/dev.codekraft.it\/ravaglioli.it\/fr\/product\/plaque-de-serrage-de-type-universel-pour-roues-inversees\/"},{"id":152940,"mpn":"PLUS94","name":"Bras d&#039;aide pneumatique | montage \u00e0 gauche","description":"Bras pousse-talon rotatif pneumatique","thumbnail":"https:\/\/dev.codekraft.it\/ravaglioli.it\/wp-content\/uploads\/brb_media\/00506721_plus94-150x150.png","url":"https:\/\/dev.codekraft.it\/ravaglioli.it\/fr\/product\/bras-daide-pneumatique-monte-a-gauche\/"},{"id":152964,"mpn":"G1000A129NP","name":"\u00c8l\u00e9vateur pour roues avec blocage en position","description":"","thumbnail":"https:\/\/dev.codekraft.it\/ravaglioli.it\/wp-content\/uploads\/brb_media\/00536825_tyre-changers-g1000a129np-mi-150x150.png","url":"https:\/\/dev.codekraft.it\/ravaglioli.it\/fr\/product\/elevateur-pour-roues-avec-blocage-en-position\/"},{"id":152693,"mpn":"G1000A152A","name":"Bride pour LT (camion l\u00e9ger) | tige pour roue \u00d8 14 mm","description":"Pour d\u00e9monte pneus \u00e0 blocage central","thumbnail":"https:\/\/dev.codekraft.it\/ravaglioli.it\/wp-content\/uploads\/brb_media\/00506669_g1000a101-150x150.png","url":"https:\/\/dev.codekraft.it\/ravaglioli.it\/fr\/product\/bride-pour-lt-camion-leger-tige-pour-roue-o-14-mm\/"},{"id":153655,"mpn":"G1000A161","name":"Plaque de serrage de type Universel | pour jantes CLAD avec troue centre","description":"Flasque universelle pour blocage de roue par les troues de fixation - Pour roues avec troue c\u00e9ntral","thumbnail":"https:\/\/dev.codekraft.it\/ravaglioli.it\/wp-content\/uploads\/brb_media\/00535630_g1000a161-mi-150x150.png","url":"https:\/\/dev.codekraft.it\/ravaglioli.it\/fr\/product\/plaque-de-serrage-de-type-universel-pour-jantes-clad-avec-troue-centre\/"},{"id":155921,"mpn":"G1000A14","name":"T\u00eate de montage de rechange pour voitures particuli\u00e8res | en mat\u00e9riel synth\u00e9tique VL","description":"","thumbnail":"https:\/\/dev.codekraft.it\/ravaglioli.it\/wp-content\/uploads\/brb_media\/00506687_g1000a14-150x150.png","url":"https:\/\/dev.codekraft.it\/ravaglioli.it\/fr\/product\/tete-de-montage-de-rechange-pour-voitures-particulieres-en-materiel-synthetique-vl\/"},{"id":155516,"mpn":"G800A38","name":"Pinceau Plastique","description":"","thumbnail":"https:\/\/dev.codekraft.it\/ravaglioli.it\/wp-content\/uploads\/brb_media\/00506719_g800a38-150x150.png","url":"https:\/\/dev.codekraft.it\/ravaglioli.it\/fr\/product\/pinceau-plastique\/"},{"id":155145,"mpn":"G1000A67","name":"WulstBoy avec syst\u00e8me de traction et cha\u00eene de talon jusqu&#039;\u00e0 28\u2033","description":"","thumbnail":"https:\/\/dev.codekraft.it\/ravaglioli.it\/wp-content\/uploads\/brb_media\/00506701_g1000a67-150x150.png","url":"https:\/\/dev.codekraft.it\/ravaglioli.it\/fr\/product\/wulstboy-avec-systeme-de-traction-et-chaine-de-talon-jusqua-28%e2%80%b3\/"},{"id":155151,"mpn":"G1000A56","name":"WulstBoy avec syst\u00e8me de traction et cha\u00eene de talon jusqu&#039;\u00e0 22\u2033","description":"","thumbnail":"https:\/\/dev.codekraft.it\/ravaglioli.it\/wp-content\/uploads\/brb_media\/00506698_g1000a56-150x150.png","url":"https:\/\/dev.codekraft.it\/ravaglioli.it\/fr\/product\/wulstboy-avec-systeme-de-traction-et-chaine-de-talon-jusqua-22%e2%80%b3\/"},{"id":155329,"mpn":"G1000A36","name":"Rallonge pour pousse talon \u00e0 28\u2033 | pour G1000A32","description":"Compris dans le kit WDK","thumbnail":"https:\/\/dev.codekraft.it\/ravaglioli.it\/wp-content\/uploads\/brb_media\/00506693_g1000a36-150x150.png","url":"https:\/\/dev.codekraft.it\/ravaglioli.it\/fr\/product\/rallonge-pour-pousse-talon-a-28%e2%80%b3-pour-g1000a32\/"},{"id":155570,"mpn":"G1000A7","name":"Rouleau d\u00e9presseur de talon","description":"","thumbnail":"https:\/\/dev.codekraft.it\/ravaglioli.it\/wp-content\/uploads\/brb_media\/00506704_g1000a7-150x150.png","url":"https:\/\/dev.codekraft.it\/ravaglioli.it\/fr\/product\/rouleau-depresseur-de-talon\/"},{"id":155462,"mpn":"G800A11","name":"Protection plastique pour pelle d\u00e9talonneuse","description":"Protection pelle d\u00e9talonneuse | 1 pi\u00e8ce","thumbnail":"https:\/\/dev.codekraft.it\/ravaglioli.it\/wp-content\/uploads\/brb_media\/00506714_g800a11-01-150x150.png","url":"https:\/\/dev.codekraft.it\/ravaglioli.it\/fr\/product\/protection-plastique-pour-pelle-detalonneuse\/"},{"id":155801,"mpn":"G800A11K","name":"Protection plastique pour pelle d\u00e9talonneuse","description":"Protection pelle d\u00e9talonneuse |  5 pi\u00e8ces","thumbnail":"https:\/\/dev.codekraft.it\/ravaglioli.it\/wp-content\/uploads\/brb_media\/00506714_g800a11-01-150x150.png","url":"https:\/\/dev.codekraft.it\/ravaglioli.it\/fr\/product\/protection-plastique-pour-pelle-detalonneuse-2\/"},{"id":155795,"mpn":"G800A32","name":"Protection plastique pour bride de jante","description":"Protection du talon pour pneus \u00ab\u00a0Run Flat\u00a0\u00bb | Compris dans le kit WDK | 1 pi\u00e8ce","thumbnail":"https:\/\/dev.codekraft.it\/ravaglioli.it\/wp-content\/uploads\/brb_media\/00506718_g800a32-150x150.png","url":"https:\/\/dev.codekraft.it\/ravaglioli.it\/fr\/product\/protection-plastique-pour-bride-de-jante\/"},{"id":155540,"mpn":"G1000A70K","name":"Protection plastique pour broche d\u2019entra\u00eenement","description":"Protection pour syst\u00e8me de traction sur table de serrage | 1 jeu \/ 5 pi\u00e8ces","thumbnail":"https:\/\/dev.codekraft.it\/ravaglioli.it\/wp-content\/uploads\/brb_media\/00506705_g1000a70k-150x150.png","url":"https:\/\/dev.codekraft.it\/ravaglioli.it\/fr\/product\/protection-plastique-pour-broche-dentrainement\/"},{"id":155528,"mpn":"G1000A81K","name":"Protection en caoutchouc pour plateau appui roue","description":"Jeu de protections pour roues invers\u00e9es | 1 jeu \/ 10 pi\u00e8ces","thumbnail":"https:\/\/dev.codekraft.it\/ravaglioli.it\/wp-content\/uploads\/brb_media\/00506708_g1000a81k-sp-150x150.png","url":"https:\/\/dev.codekraft.it\/ravaglioli.it\/fr\/product\/protection-en-caoutchouc-pour-plateau-appui-roue\/"},{"id":155534,"mpn":"G1000A84K","name":"Protection plastique pour c\u00f4ne de centrage","description":"Kit protections c\u00f4ne dispositif de blocage avec flasque rapide, pour G1000A138 - G1000A80 | 1 jeu \/ 5 pi\u00e8ces","thumbnail":"https:\/\/dev.codekraft.it\/ravaglioli.it\/wp-content\/uploads\/brb_media\/00506709_g1000a84k-150x150.png","url":"https:\/\/dev.codekraft.it\/ravaglioli.it\/fr\/product\/protection-plastique-pour-cone-de-centrage\/"},{"id":155819,"mpn":"G1000A100K","name":"Plaques de protection de talon | approuv\u00e9es WDK","description":"Compris dans le kit WDK | 1\u00a0jeu \/ 50\u00a0pi\u00e8ces","thumbnail":"https:\/\/dev.codekraft.it\/ravaglioli.it\/wp-content\/uploads\/brb_media\/00506667_g1000a100k-01-150x150.png","url":"https:\/\/dev.codekraft.it\/ravaglioli.it\/fr\/product\/plaques-de-protection-de-talon-approuvees-wdk\/"},{"id":155552,"mpn":"G1000A101","name":"Bride pour LT (camion l\u00e9ger)","description":"","thumbnail":"https:\/\/dev.codekraft.it\/ravaglioli.it\/wp-content\/uploads\/brb_media\/00506669_g1000a101-150x150.png","url":"https:\/\/dev.codekraft.it\/ravaglioli.it\/fr\/product\/bride-pour-lt-camion-leger\/"},{"id":155564,"mpn":"G1000A126","name":"C\u00f4ne avec cale | pour arbre \u00d8 40 | \u00d8 69 mm","description":"Necessaire le G1000A80 - G1000A138","thumbnail":"https:\/\/dev.codekraft.it\/ravaglioli.it\/wp-content\/uploads\/brb_media\/00471557_tyre-changers-cone-for-40-mm-shaft-di-150x150.png","url":"https:\/\/dev.codekraft.it\/ravaglioli.it\/fr\/product\/cone-avec-cale-pour-arbre-o-40-o-69-mm\/"},{"id":155897,"mpn":"G1000A137","name":"Plaque de serrage de type Universel | pour jantes \u00e0 centre ferm\u00e9 et jantes invers\u00e9es | pour G1000A138","description":"Flasque universelle pour roues \u00e0 jante pleine \/ renvers\u00e9es","thumbnail":"https:\/\/dev.codekraft.it\/ravaglioli.it\/wp-content\/uploads\/brb_media\/00506682_g1000a137-01-150x150.png","url":"https:\/\/dev.codekraft.it\/ravaglioli.it\/fr\/product\/plaque-de-serrage-de-type-universel-pour-jantes-a-centre-ferme-et-jantes-inversees-pour-g1000a138\/"}],"components":[],"delivery":[],"package":[],"related":[],"similar":[{"id":154216,"mpn":"RAV.G1001.200815","name":"D\u00e9monte-pneu G1001.24ELX","description":"T\u00eate de montage et levier de montage, automatique, mandrin auto-centreur tulipe, vitesse max. 15 tr\/min, voiture de tourisme, diam\u00e8tre de jante 12 - 24\u2033, largeur de jante max. 381 mm | Bleu (RAL 5005)","thumbnail":"https:\/\/dev.codekraft.it\/ravaglioli.it\/wp-content\/uploads\/brb_media\/00508639_tyre-changer-g1001-24elx-ral5005-mi-150x150.png","url":"https:\/\/dev.codekraft.it\/ravaglioli.it\/fr\/product\/demonte-pneu-g1001-24elx\/"},{"id":154185,"mpn":"RAV.G7645.200990","name":"D\u00e9monte-pneu G7645D.26PLUS","description":"Automatique, vitesse max. 16 tr\/min, voiture de tourisme, diam\u00e8tre de jante 10 - 28,5\u2033, largeur de jante max. 431 mm | Bleu (RAL 5005)","thumbnail":"https:\/\/dev.codekraft.it\/ravaglioli.it\/wp-content\/uploads\/brb_media\/00508668_tyre-changer-g7645d26plus-mi-150x150.png","url":"https:\/\/dev.codekraft.it\/ravaglioli.it\/fr\/product\/demonte-pneu-g7645d-26plus\/"},{"id":154197,"mpn":"RAV.G7645.201232","name":"D\u00e9monte-pneu G7645D.26","description":"Automatique, vitesse max. 16 tr\/min, voiture de tourisme, diam\u00e8tre de jante 12 - 26\u2033, largeur de jante max. 431 mm | Bleu (RAL 5005)","thumbnail":"https:\/\/dev.codekraft.it\/ravaglioli.it\/wp-content\/uploads\/brb_media\/00508616_tyre-changer-g7645d-26-mi-01-150x150.png","url":"https:\/\/dev.codekraft.it\/ravaglioli.it\/fr\/product\/demonte-pneu-g7645d-26\/"},{"id":154247,"mpn":"RAV.G8945.206107","name":"D\u00e9monte-pneu G8945D.26S","description":"Sans levier, vitesse max. 15 tr\/min, voiture de tourisme, diam\u00e8tre de jante 10 - 26\u2033, largeur de jante max. 381 mm | mandrin \u00e0 blocage central - id\u00e9al aussi pour les roues renvers\u00e9es suitable also for reverse wheels | pour tous les types de pneus de diam\u00e8tre de roue max. 45\u2033 (1143 mm)","thumbnail":"https:\/\/dev.codekraft.it\/ravaglioli.it\/wp-content\/uploads\/brb_media\/00508740_tyre-changer-g8945d26s-mi-150x150.png","url":"https:\/\/dev.codekraft.it\/ravaglioli.it\/fr\/product\/demonte-pneu-g8945d-26s\/"}],"page_logo_src":"https:\/\/dev.codekraft.it\/ravaglioli.it\/wp-content\/uploads\/2026\/04\/rav-negative-logo-1.png","lang":"fr","translations":{"fr":154228,"en":154226,"de":154227,"it":154229,"es":154230,"ru":154231},"pll_sync_post":[],"_links":{"self":[{"href":"https:\/\/dev.codekraft.it\/ravaglioli.it\/wp-json\/wp\/v2\/product\/154228","targetHints":{"allow":["GET"]}}],"collection":[{"href":"https:\/\/dev.codekraft.it\/ravaglioli.it\/wp-json\/wp\/v2\/product"}],"about":[{"href":"https:\/\/dev.codekraft.it\/ravaglioli.it\/wp-json\/wp\/v2\/types\/product"}],"wp:featuredmedia":[{"embeddable":true,"href":"https:\/\/dev.codekraft.it\/ravaglioli.it\/wp-json\/wp\/v2\/media\/43078"}],"wp:attachment":[{"href":"https:\/\/dev.codekraft.it\/ravaglioli.it\/wp-json\/wp\/v2\/media?parent=154228"}],"wp:term":[{"taxonomy":"product_brand","embeddable":true,"href":"https:\/\/dev.codekraft.it\/ravaglioli.it\/wp-json\/wp\/v2\/product_brand?post=154228"},{"taxonomy":"product_cat","embeddable":true,"href":"https:\/\/dev.codekraft.it\/ravaglioli.it\/wp-json\/wp\/v2\/product_cat?post=154228"},{"taxonomy":"product_tag","embeddable":true,"href":"https:\/\/dev.codekraft.it\/ravaglioli.it\/wp-json\/wp\/v2\/product_tag?post=154228"},{"taxonomy":"product_approvals","embeddable":true,"href":"https:\/\/dev.codekraft.it\/ravaglioli.it\/wp-json\/wp\/v2\/product_approvals?post=154228"},{"taxonomy":"product_application","embeddable":true,"href":"https:\/\/dev.codekraft.it\/ravaglioli.it\/wp-json\/wp\/v2\/product_application?post=154228"}],"curies":[{"name":"wp","href":"https:\/\/api.w.org\/{rel}","templated":true}]}}