{"id":154227,"date":"2025-10-30T14:31:24","date_gmt":"2025-10-30T14:31:24","guid":{"rendered":"https:\/\/dev.codekraft.it\/ravaglioli.it\/product\/reifenmontiermaschine-g1065-n\/"},"modified":"2026-01-14T21:03:09","modified_gmt":"2026-01-14T21:03:09","slug":"reifenmontiermaschine-g1065-n","status":"publish","type":"product","link":"https:\/\/dev.codekraft.it\/ravaglioli.it\/de\/product\/reifenmontiermaschine-g1065-n\/","title":{"rendered":"Reifenmontiermaschine G1065.N"},"content":{"rendered":"","protected":false},"excerpt":{"rendered":"<p>Montagekopf und Montiereisen, Zentralspannung, max. Geschwindigkeit 15 U\/min, Pkw, Felgendurchmesser 12 &#8211; 24\u2033, max. Felgenbreite 381 mm | Blau (RAL 5005)<\/p>\n","protected":false},"featured_media":43078,"template":"","meta":[],"product_brand":[],"product_cat":[57862],"product_tag":[58287,58323,58340],"product_approvals":[],"product_application":[],"class_list":{"0":"post-154227","1":"product","2":"type-product","3":"status-publish","4":"has-post-thumbnail","6":"product_cat-reifenmontiermaschinen-de","7":"product_tag-passenger-cars-de","8":"product_tag-light-commercial-de","9":"product_tag-motor-homes-de","11":"first","12":"instock","13":"shipping-taxable","14":"product-type-simple"},"approvals":[],"application":[],"brb_media_brochure":"","brb_media_drawing":"","brb_media_manuals":[{"id":150441,"url":"https:\/\/dev.codekraft.it\/ravaglioli.it\/wp-content\/uploads\/brb_media\/00536843_tyre-changer-rotclass-combi-ravg1001-g1065-im-7102-m035-01_vsg_rev01-de-2024-11.pdf","title":"tyre changer rotclass combi ravg1001 g1065 im 7102 m035 01 vsg rev01 de 2024 11","mpn":"","thumbnail":"https:\/\/dev.codekraft.it\/ravaglioli.it\/wp-content\/uploads\/brb_media\/00536843_tyre-changer-rotclass-combi-ravg1001-g1065-im-7102-m035-01_vsg_rev01-de-2024-11-pdf-106x150.png","description":""},{"id":150442,"url":"https:\/\/dev.codekraft.it\/ravaglioli.it\/wp-content\/uploads\/brb_media\/00536844_tyre-changer-rotclass-combi-ravg1001-g1065-im-7102-m035-01_vsg_rev01-en-2024-11.pdf","title":"tyre changer rotclass combi ravg1001 g1065 im 7102 m035 01 vsg rev01 en 2024 11","mpn":"","thumbnail":"https:\/\/dev.codekraft.it\/ravaglioli.it\/wp-content\/uploads\/brb_media\/00536844_tyre-changer-rotclass-combi-ravg1001-g1065-im-7102-m035-01_vsg_rev01-en-2024-11-pdf-106x150.png","description":""},{"id":150443,"url":"https:\/\/dev.codekraft.it\/ravaglioli.it\/wp-content\/uploads\/brb_media\/00536845_tyre-changer-rotclass-combi-ravg1001-g1065-im-7102-m035-01_vsg_rev01-fr-2024-11.pdf","title":"tyre changer rotclass combi ravg1001 g1065 im 7102 m035 01 vsg rev01 fr 2024 11","mpn":"","thumbnail":"https:\/\/dev.codekraft.it\/ravaglioli.it\/wp-content\/uploads\/brb_media\/00536845_tyre-changer-rotclass-combi-ravg1001-g1065-im-7102-m035-01_vsg_rev01-fr-2024-11-pdf-106x150.png","description":""},{"id":150444,"url":"https:\/\/dev.codekraft.it\/ravaglioli.it\/wp-content\/uploads\/brb_media\/00536846_tyre-changer-rotclass-combi-ravg1001-g1065-im-7102-m035-01_vsg_rev01-it-2024-11.pdf","title":"tyre changer rotclass combi ravg1001 g1065 im 7102 m035 01 vsg rev01 it 2024 11","mpn":"","thumbnail":"https:\/\/dev.codekraft.it\/ravaglioli.it\/wp-content\/uploads\/brb_media\/00536846_tyre-changer-rotclass-combi-ravg1001-g1065-im-7102-m035-01_vsg_rev01-it-2024-11-pdf-106x150.png","description":""},{"id":150445,"url":"https:\/\/dev.codekraft.it\/ravaglioli.it\/wp-content\/uploads\/brb_media\/00536847_tyre-changer-rotclass-combi-ravg1001-g1065-im-7102-m035-01_vsg_rev01-es-2024-11.pdf","title":"tyre changer rotclass combi ravg1001 g1065 im 7102 m035 01 vsg rev01 es 2024 11","mpn":"","thumbnail":"https:\/\/dev.codekraft.it\/ravaglioli.it\/wp-content\/uploads\/brb_media\/00536847_tyre-changer-rotclass-combi-ravg1001-g1065-im-7102-m035-01_vsg_rev01-es-2024-11-pdf-106x150.png","description":""}],"brb_media_safety_datasheets":"","brb_media_spare_parts":[],"_cdmm_p_id":"502531","_company":"Ravaglioli","_gtin":"5063084200792","accessories":[{"id":152788,"mpn":"G1000A13K","name":"Montagehebel-Alufelgenschutz f\u00fcr Montiereisen | 1 Satz \/ 50 St\u00fcck","description":"","thumbnail":"https:\/\/dev.codekraft.it\/ravaglioli.it\/wp-content\/uploads\/brb_media\/00506686_g1000a13k-150x150.png","url":"https:\/\/dev.codekraft.it\/ravaglioli.it\/de\/product\/montagehebel-alufelgenschutz-fur-montiereisen-1-satz-50-stuck\/"},{"id":153648,"mpn":"G1000A158","name":"Typenspannplatte Universal | f\u00fcr Tiefbettfelgen","description":"Universalflansch","thumbnail":"https:\/\/dev.codekraft.it\/ravaglioli.it\/wp-content\/uploads\/brb_media\/00506723_g1000a87-150x150.png","url":"https:\/\/dev.codekraft.it\/ravaglioli.it\/de\/product\/typenspannplatte-universal-fur-tiefbettfelgen\/"},{"id":152939,"mpn":"PLUS94","name":"Hilfsmontagearm pneumatisch | linksseitige Montage","description":"Drehender pneumatischer Wulstniederhaltearm","thumbnail":"https:\/\/dev.codekraft.it\/ravaglioli.it\/wp-content\/uploads\/brb_media\/00506721_plus94-150x150.png","url":"https:\/\/dev.codekraft.it\/ravaglioli.it\/de\/product\/hilfsmontagearm-pneumatisch-links-montiert\/"},{"id":152963,"mpn":"G1000A129NP","name":"Radheber mit Positionsstop","description":"","thumbnail":"https:\/\/dev.codekraft.it\/ravaglioli.it\/wp-content\/uploads\/brb_media\/00536825_tyre-changers-g1000a129np-mi-150x150.png","url":"https:\/\/dev.codekraft.it\/ravaglioli.it\/de\/product\/radheber-mit-positionsstop\/"},{"id":152692,"mpn":"G1000A152A","name":"Flansch f\u00fcr LT (LLkw) | Antriebswelle \u00d8 14 mm","description":"F\u00fcr Reifenmontiermaschinen mit Zentralspannung","thumbnail":"https:\/\/dev.codekraft.it\/ravaglioli.it\/wp-content\/uploads\/brb_media\/00506669_g1000a101-150x150.png","url":"https:\/\/dev.codekraft.it\/ravaglioli.it\/de\/product\/flansch-fur-lt-llkw-antriebswelle-o-14-mm\/"},{"id":153654,"mpn":"G1000A161","name":"Typenspannplatte Universal | f\u00fcr CLAD-Felgen mit Mittenloch","description":"Universaltypenflansch zum Fixieren von Felgen mit Zentralloch f\u00fcr die Fixierung","thumbnail":"https:\/\/dev.codekraft.it\/ravaglioli.it\/wp-content\/uploads\/brb_media\/00535630_g1000a161-mi-150x150.png","url":"https:\/\/dev.codekraft.it\/ravaglioli.it\/de\/product\/typenspannplatte-universal-fur-clad-felgen-mit-mittenloch\/"},{"id":155920,"mpn":"G1000A14","name":"Ersatz-Montagekopf f\u00fcr Pkw | Kunststoff","description":"","thumbnail":"https:\/\/dev.codekraft.it\/ravaglioli.it\/wp-content\/uploads\/brb_media\/00506687_g1000a14-150x150.png","url":"https:\/\/dev.codekraft.it\/ravaglioli.it\/de\/product\/ersatz-montagekopf-fur-pkw-kunststoff\/"},{"id":155515,"mpn":"G800A38","name":"Pinsel Kunststoff","description":"","thumbnail":"https:\/\/dev.codekraft.it\/ravaglioli.it\/wp-content\/uploads\/brb_media\/00506719_g800a38-150x150.png","url":"https:\/\/dev.codekraft.it\/ravaglioli.it\/de\/product\/pinsel-kunststoff\/"},{"id":155144,"mpn":"G1000A67","name":"WulstBoy mit Zugvorrichtung und Wulstkette bis 28\u2033","description":"","thumbnail":"https:\/\/dev.codekraft.it\/ravaglioli.it\/wp-content\/uploads\/brb_media\/00506701_g1000a67-150x150.png","url":"https:\/\/dev.codekraft.it\/ravaglioli.it\/de\/product\/wulstboy-mit-zugvorrichtung-und-wulstkette-bis-28%e2%80%b3\/"},{"id":155150,"mpn":"G1000A56","name":"WulstBoy mit Zugvorrichtung und Wulstkette bis 22\u2033","description":"","thumbnail":"https:\/\/dev.codekraft.it\/ravaglioli.it\/wp-content\/uploads\/brb_media\/00506698_g1000a56-150x150.png","url":"https:\/\/dev.codekraft.it\/ravaglioli.it\/de\/product\/wulstboy-mit-zugvorrichtung-und-wulstkette-bis-22%e2%80%b3\/"},{"id":155328,"mpn":"G1000A36","name":"Wulstkettenverl\u00e4ngerung auf 28\u2033 | f\u00fcr G1000A32","description":"Im WDK-Kit enthalten","thumbnail":"https:\/\/dev.codekraft.it\/ravaglioli.it\/wp-content\/uploads\/brb_media\/00506693_g1000a36-150x150.png","url":"https:\/\/dev.codekraft.it\/ravaglioli.it\/de\/product\/wulstkettenverlangerung-auf-28%e2%80%b3-fur-g1000a32\/"},{"id":155569,"mpn":"G1000A7","name":"Wulstniederhalterolle","description":"","thumbnail":"https:\/\/dev.codekraft.it\/ravaglioli.it\/wp-content\/uploads\/brb_media\/00506704_g1000a7-150x150.png","url":"https:\/\/dev.codekraft.it\/ravaglioli.it\/de\/product\/wulstniederhalterolle\/"},{"id":155461,"mpn":"G800A11","name":"Kunststoffschutz f\u00fcr Abdr\u00fcckschaufel","description":"1 St\u00fcck","thumbnail":"https:\/\/dev.codekraft.it\/ravaglioli.it\/wp-content\/uploads\/brb_media\/00506714_g800a11-01-150x150.png","url":"https:\/\/dev.codekraft.it\/ravaglioli.it\/de\/product\/kunststoffschutz-fur-abdruckschaufel\/"},{"id":155800,"mpn":"G800A11K","name":"Kunststoffschutz f\u00fcr Abdr\u00fcckschaufel","description":"5 St\u00fcck","thumbnail":"https:\/\/dev.codekraft.it\/ravaglioli.it\/wp-content\/uploads\/brb_media\/00506714_g800a11-01-150x150.png","url":"https:\/\/dev.codekraft.it\/ravaglioli.it\/de\/product\/kunststoffschutz-fur-abdruckschaufel-2\/"},{"id":155794,"mpn":"G800A32","name":"Kunststoffschutz f\u00fcr Felgenhorn","description":"Felgenhornwulstschutz f\u00fcr \u201eRun Flat-Reifen\u2033 | Im WDK-Kit enthalten | 1 St\u00fcck","thumbnail":"https:\/\/dev.codekraft.it\/ravaglioli.it\/wp-content\/uploads\/brb_media\/00506718_g800a32-150x150.png","url":"https:\/\/dev.codekraft.it\/ravaglioli.it\/de\/product\/kunststoffschutz-fur-felgenhorn\/"},{"id":155539,"mpn":"G1000A70K","name":"Kunststoffschutz f\u00fcr Zugstangenbolzen","description":"Schutz f\u00fcr Zugvorrichtung am Spanntisch | 1 Satz \/ 5 St\u00fcck","thumbnail":"https:\/\/dev.codekraft.it\/ravaglioli.it\/wp-content\/uploads\/brb_media\/00506705_g1000a70k-150x150.png","url":"https:\/\/dev.codekraft.it\/ravaglioli.it\/de\/product\/kunststoffschutz-fur-zugstangenbolzen\/"},{"id":155527,"mpn":"G1000A81K","name":"Gummischutz f\u00fcr Montageteller","description":"Gummischutz-Set f\u00fcr Tiefbettfelgen | 1 Satz \/ 10 St\u00fcck","thumbnail":"https:\/\/dev.codekraft.it\/ravaglioli.it\/wp-content\/uploads\/brb_media\/00506708_g1000a81k-sp-150x150.png","url":"https:\/\/dev.codekraft.it\/ravaglioli.it\/de\/product\/gummischutz-fur-montageteller\/"},{"id":155533,"mpn":"G1000A84K","name":"Kunststoffschutz f\u00fcr Zentrierkegel","description":"Konusschutz f\u00fcr G1000A138 - G1000A80  | 1 Satz \/ 5 St\u00fcck","thumbnail":"https:\/\/dev.codekraft.it\/ravaglioli.it\/wp-content\/uploads\/brb_media\/00506709_g1000a84k-150x150.png","url":"https:\/\/dev.codekraft.it\/ravaglioli.it\/de\/product\/kunststoffschutz-fur-zentrierkegel\/"},{"id":155818,"mpn":"G1000A100K","name":"Wulstschutzfolien | mit WDK-Zulassung","description":"Im WDK-Kit enthalten | 1 Satz \/ 50 St\u00fcck","thumbnail":"https:\/\/dev.codekraft.it\/ravaglioli.it\/wp-content\/uploads\/brb_media\/00506667_g1000a100k-01-150x150.png","url":"https:\/\/dev.codekraft.it\/ravaglioli.it\/de\/product\/wulstschutzfolien-mit-wdk-zulassung\/"},{"id":155551,"mpn":"G1000A101","name":"Flansch f\u00fcr LT (LLkw)","description":"F\u00fcr Reifenmontiermaschinen mit Zentralspannung","thumbnail":"https:\/\/dev.codekraft.it\/ravaglioli.it\/wp-content\/uploads\/brb_media\/00506669_g1000a101-150x150.png","url":"https:\/\/dev.codekraft.it\/ravaglioli.it\/de\/product\/flansch-fur-lt-llkw\/"},{"id":155563,"mpn":"G1000A126","name":"Konus mit Distanzring | f\u00fcr 40er Welle | \u00d8 69 mm","description":"Erforderlich G1000A80 - G1000A138","thumbnail":"https:\/\/dev.codekraft.it\/ravaglioli.it\/wp-content\/uploads\/brb_media\/00471557_tyre-changers-cone-for-40-mm-shaft-di-150x150.png","url":"https:\/\/dev.codekraft.it\/ravaglioli.it\/de\/product\/konus-mit-distanzring-fur-40er-welle-o-69-mm\/"},{"id":155896,"mpn":"G1000A137","name":"Typenspannplatte Universal | f\u00fcr Felgen ohne Mittenloch und umgekehrte Felgen | f\u00fcr G1000A138","description":"Universalflansch f\u00fcr Blind- und Umkehrfelgen","thumbnail":"https:\/\/dev.codekraft.it\/ravaglioli.it\/wp-content\/uploads\/brb_media\/00506682_g1000a137-01-150x150.png","url":"https:\/\/dev.codekraft.it\/ravaglioli.it\/de\/product\/typenspannplatte-universal-fur-felgen-ohne-mittenloch-und-umgekehrte-felgen-fur-g1000a138\/"}],"components":[],"delivery":[],"package":[],"related":[],"similar":[{"id":154215,"mpn":"RAV.G1001.200815","name":"Reifenmontiermaschine G1001.24ELX","description":"Montagekopf und Montiereisen, automatisch, selbstzentrierende Tulpenspannung, max. Geschwindigkeit 15 U\/min, Pkw, Felgendurchmesser 12 - 24\u2033, max. Felgenbreite 381 mm | Blau (RAL 5005)","thumbnail":"https:\/\/dev.codekraft.it\/ravaglioli.it\/wp-content\/uploads\/brb_media\/00508639_tyre-changer-g1001-24elx-ral5005-mi-150x150.png","url":"https:\/\/dev.codekraft.it\/ravaglioli.it\/de\/product\/reifenmontiermaschine-g1001-24elx\/"},{"id":154184,"mpn":"RAV.G7645.200990","name":"Reifenmontiermaschine G7645D.26PLUS","description":"Automatisch, max. Geschwindigkeit 16 U\/min, Pkw, Felgendurchmesser 10 - 28,5\u2033, max. Felgenbreite 431 mm | Blau (RAL 5005)","thumbnail":"https:\/\/dev.codekraft.it\/ravaglioli.it\/wp-content\/uploads\/brb_media\/00508668_tyre-changer-g7645d26plus-mi-150x150.png","url":"https:\/\/dev.codekraft.it\/ravaglioli.it\/de\/product\/reifenmontiermaschine-g7645d-26plus\/"},{"id":154196,"mpn":"RAV.G7645.201232","name":"Reifenmontiermaschine G7645D.26","description":"Automatisch, max. Geschwindigkeit 16 U\/min, Pkw, Felgendurchmesser 12 - 26\u2033, max. Felgenbreite 431 mm | Blau (RAL 5005)","thumbnail":"https:\/\/dev.codekraft.it\/ravaglioli.it\/wp-content\/uploads\/brb_media\/00508616_tyre-changer-g7645d-26-mi-01-150x150.png","url":"https:\/\/dev.codekraft.it\/ravaglioli.it\/de\/product\/reifenmontiermaschine-g7645d-26\/"},{"id":154246,"mpn":"RAV.G8945.206107","name":"Reifenmontiermaschine G8945D.26S","description":"Ohne Montiereisen, max. Geschwindigkeit 15 U\/min, Pkw, Felgendurchmesser 10 - 26\u2033, max. Felgenbreite 381 mm | Universalspannvorrichtung - auch f\u00fcr Tiefbettfelgen geeignet | f\u00fcr alle Reifen mit max. Raddurchmesser 45\u2033 (1143 mm)","thumbnail":"https:\/\/dev.codekraft.it\/ravaglioli.it\/wp-content\/uploads\/brb_media\/00508740_tyre-changer-g8945d26s-mi-150x150.png","url":"https:\/\/dev.codekraft.it\/ravaglioli.it\/de\/product\/reifenmontiermaschine-g8945d-26s\/"}],"page_logo_src":"https:\/\/dev.codekraft.it\/ravaglioli.it\/wp-content\/uploads\/2026\/04\/rav-negative-logo-1.png","lang":"de","translations":{"de":154227,"en":154226,"fr":154228,"it":154229,"es":154230,"ru":154231},"pll_sync_post":[],"_links":{"self":[{"href":"https:\/\/dev.codekraft.it\/ravaglioli.it\/wp-json\/wp\/v2\/product\/154227","targetHints":{"allow":["GET"]}}],"collection":[{"href":"https:\/\/dev.codekraft.it\/ravaglioli.it\/wp-json\/wp\/v2\/product"}],"about":[{"href":"https:\/\/dev.codekraft.it\/ravaglioli.it\/wp-json\/wp\/v2\/types\/product"}],"wp:featuredmedia":[{"embeddable":true,"href":"https:\/\/dev.codekraft.it\/ravaglioli.it\/wp-json\/wp\/v2\/media\/43078"}],"wp:attachment":[{"href":"https:\/\/dev.codekraft.it\/ravaglioli.it\/wp-json\/wp\/v2\/media?parent=154227"}],"wp:term":[{"taxonomy":"product_brand","embeddable":true,"href":"https:\/\/dev.codekraft.it\/ravaglioli.it\/wp-json\/wp\/v2\/product_brand?post=154227"},{"taxonomy":"product_cat","embeddable":true,"href":"https:\/\/dev.codekraft.it\/ravaglioli.it\/wp-json\/wp\/v2\/product_cat?post=154227"},{"taxonomy":"product_tag","embeddable":true,"href":"https:\/\/dev.codekraft.it\/ravaglioli.it\/wp-json\/wp\/v2\/product_tag?post=154227"},{"taxonomy":"product_approvals","embeddable":true,"href":"https:\/\/dev.codekraft.it\/ravaglioli.it\/wp-json\/wp\/v2\/product_approvals?post=154227"},{"taxonomy":"product_application","embeddable":true,"href":"https:\/\/dev.codekraft.it\/ravaglioli.it\/wp-json\/wp\/v2\/product_application?post=154227"}],"curies":[{"name":"wp","href":"https:\/\/api.w.org\/{rel}","templated":true}]}}