{"id":154218,"date":"2025-10-30T14:31:24","date_gmt":"2025-10-30T14:31:24","guid":{"rendered":"https:\/\/dev.codekraft.it\/ravaglioli.it\/product\/desmontadora-de-neumaticos-g1001-24elx\/"},"modified":"2026-01-14T21:02:14","modified_gmt":"2026-01-14T21:02:14","slug":"desmontadora-de-neumaticos-g1001-24elx","status":"publish","type":"product","link":"https:\/\/dev.codekraft.it\/ravaglioli.it\/es\/product\/desmontadora-de-neumaticos-g1001-24elx\/","title":{"rendered":"Desmontadora de neum\u00e1ticos G1001.24ELX"},"content":{"rendered":"<p>El sistema facilita y agiliza el montaje de neum\u00e1ticos de perfil bajo.<\/p>\n<ul>\n<li>Easy Demounting<\/li>\n<li>Special Plastic Tool: El exclusivo \u00fatil en material sint\u00e9tico puede quedarse m\u00e1s cerca de la llanta respecto a cualquier \u00fatil de metal, reduciendo el estr\u00e9s sobre el tal\u00f3n en neum\u00e1ticos de perfil bajo<\/li>\n<li>Exclusivo sistema de bloqueo de rueda a \u00abTULIPA\u00bb: Se elimina el bloqueo por garras met\u00e1licas, que podr\u00eda da\u00f1ar la superficie de las llantas m\u00e1s sofisticadas<\/li>\n<li>Center Lock<\/li>\n<li>El sistema facilita y agiliza el montaje de neum\u00e1ticos de perfil bajo<\/li>\n<\/ul>\n","protected":false},"excerpt":{"rendered":"<p>\u00datil de montaje y palanca de montaje, autom\u00e1tica, mandril de auto centrado en forma de tulipa, velocidad max. 15 r\/min, turismo, di\u00e1metro de llanta 12 &#8211; 24\u2033, anchura llanta m\u00e1x. 381 mm | Azul (RAL 5005)<\/p>\n","protected":false},"featured_media":43008,"template":"","meta":[],"product_brand":[],"product_cat":[57904],"product_tag":[58296,58332],"product_approvals":[],"product_application":[],"class_list":{"0":"post-154218","1":"product","2":"type-product","3":"status-publish","4":"has-post-thumbnail","6":"product_cat-desmontadoras-es","7":"product_tag-passenger-cars-es","8":"product_tag-light-commercial-es","10":"first","11":"instock","12":"shipping-taxable","13":"product-type-simple"},"approvals":[],"application":[],"brb_media_brochure":[{"id":150440,"url":"https:\/\/dev.codekraft.it\/ravaglioli.it\/wp-content\/uploads\/brb_media\/00521442_tyre-changer-g100124elx-br-multi-2023-09-screen.pdf","title":"Tyre Changer G100124ELX BR multi 2023 09 screen","mpn":"","thumbnail":"https:\/\/dev.codekraft.it\/ravaglioli.it\/wp-content\/uploads\/brb_media\/00521442_tyre-changer-g100124elx-br-multi-2023-09-screen-pdf-106x150.png","description":""}],"brb_media_drawing":"","brb_media_manuals":[{"id":150441,"url":"https:\/\/dev.codekraft.it\/ravaglioli.it\/wp-content\/uploads\/brb_media\/00536843_tyre-changer-rotclass-combi-ravg1001-g1065-im-7102-m035-01_vsg_rev01-de-2024-11.pdf","title":"tyre changer rotclass combi ravg1001 g1065 im 7102 m035 01 vsg rev01 de 2024 11","mpn":"","thumbnail":"https:\/\/dev.codekraft.it\/ravaglioli.it\/wp-content\/uploads\/brb_media\/00536843_tyre-changer-rotclass-combi-ravg1001-g1065-im-7102-m035-01_vsg_rev01-de-2024-11-pdf-106x150.png","description":""},{"id":150442,"url":"https:\/\/dev.codekraft.it\/ravaglioli.it\/wp-content\/uploads\/brb_media\/00536844_tyre-changer-rotclass-combi-ravg1001-g1065-im-7102-m035-01_vsg_rev01-en-2024-11.pdf","title":"tyre changer rotclass combi ravg1001 g1065 im 7102 m035 01 vsg rev01 en 2024 11","mpn":"","thumbnail":"https:\/\/dev.codekraft.it\/ravaglioli.it\/wp-content\/uploads\/brb_media\/00536844_tyre-changer-rotclass-combi-ravg1001-g1065-im-7102-m035-01_vsg_rev01-en-2024-11-pdf-106x150.png","description":""},{"id":150443,"url":"https:\/\/dev.codekraft.it\/ravaglioli.it\/wp-content\/uploads\/brb_media\/00536845_tyre-changer-rotclass-combi-ravg1001-g1065-im-7102-m035-01_vsg_rev01-fr-2024-11.pdf","title":"tyre changer rotclass combi ravg1001 g1065 im 7102 m035 01 vsg rev01 fr 2024 11","mpn":"","thumbnail":"https:\/\/dev.codekraft.it\/ravaglioli.it\/wp-content\/uploads\/brb_media\/00536845_tyre-changer-rotclass-combi-ravg1001-g1065-im-7102-m035-01_vsg_rev01-fr-2024-11-pdf-106x150.png","description":""},{"id":150444,"url":"https:\/\/dev.codekraft.it\/ravaglioli.it\/wp-content\/uploads\/brb_media\/00536846_tyre-changer-rotclass-combi-ravg1001-g1065-im-7102-m035-01_vsg_rev01-it-2024-11.pdf","title":"tyre changer rotclass combi ravg1001 g1065 im 7102 m035 01 vsg rev01 it 2024 11","mpn":"","thumbnail":"https:\/\/dev.codekraft.it\/ravaglioli.it\/wp-content\/uploads\/brb_media\/00536846_tyre-changer-rotclass-combi-ravg1001-g1065-im-7102-m035-01_vsg_rev01-it-2024-11-pdf-106x150.png","description":""},{"id":150445,"url":"https:\/\/dev.codekraft.it\/ravaglioli.it\/wp-content\/uploads\/brb_media\/00536847_tyre-changer-rotclass-combi-ravg1001-g1065-im-7102-m035-01_vsg_rev01-es-2024-11.pdf","title":"tyre changer rotclass combi ravg1001 g1065 im 7102 m035 01 vsg rev01 es 2024 11","mpn":"","thumbnail":"https:\/\/dev.codekraft.it\/ravaglioli.it\/wp-content\/uploads\/brb_media\/00536847_tyre-changer-rotclass-combi-ravg1001-g1065-im-7102-m035-01_vsg_rev01-es-2024-11-pdf-106x150.png","description":""}],"brb_media_safety_datasheets":"","brb_media_spare_parts":[],"_cdmm_p_id":"502503","_company":"Ravaglioli","_gtin":"5063084200815","accessories":[{"id":152785,"mpn":"G1000A12K","name":"Protecci\u00f3n de pl\u00e1stico para cabezal de montaje de repuesto G1000A14","description":"Protecci\u00f3n llantas de aleaci\u00f3n para \u00fatil de desmontaje | 50 piezas","thumbnail":"https:\/\/dev.codekraft.it\/ravaglioli.it\/wp-content\/uploads\/brb_media\/00506677_g1000a12k-01-150x150.png","url":"https:\/\/dev.codekraft.it\/ravaglioli.it\/es\/product\/proteccion-de-plastico-para-cabezal-de-montaje-de-repuesto-g1000a14\/"},{"id":152804,"mpn":"G1000A15","name":"Cabezal de montaje para motocicletas | en pl\u00e1stico","description":"","thumbnail":"https:\/\/dev.codekraft.it\/ravaglioli.it\/wp-content\/uploads\/brb_media\/00506690_g1000a15-150x150.png","url":"https:\/\/dev.codekraft.it\/ravaglioli.it\/es\/product\/cabezal-de-montaje-para-motocicletas-en-plastico\/"},{"id":152791,"mpn":"G1000A13K","name":"Protecciones palanca levanta talones para palanca | 1 juego \/ 50 piezas","description":"","thumbnail":"https:\/\/dev.codekraft.it\/ravaglioli.it\/wp-content\/uploads\/brb_media\/00506686_g1000a13k-150x150.png","url":"https:\/\/dev.codekraft.it\/ravaglioli.it\/es\/product\/protecciones-palanca-levanta-talones-para-palanca-1-juego-50-piezas\/"},{"id":152266,"mpn":"G1000A55","name":"Contenedor porta objetos","description":"","thumbnail":"https:\/\/dev.codekraft.it\/ravaglioli.it\/wp-content\/uploads\/brb_media\/00506697_g1000a55-150x150.png","url":"https:\/\/dev.codekraft.it\/ravaglioli.it\/es\/product\/contenedor-porta-objetos\/"},{"id":153284,"mpn":"G1000A18","name":"Adaptadores para ruedas moto","description":"Motorcycle kit | Adaptadores\/variantes grupo plato de tipo tulipa","thumbnail":"https:\/\/dev.codekraft.it\/ravaglioli.it\/wp-content\/uploads\/brb_media\/00506691_g1000a18-150x150.png","url":"https:\/\/dev.codekraft.it\/ravaglioli.it\/es\/product\/adaptadores-para-ruedas-moto\/"},{"id":153320,"mpn":"G1000A42","name":"Dispositivo de seguridad con soporte","description":"Accesorio de desmontadoras | 1 juego","thumbnail":"https:\/\/dev.codekraft.it\/ravaglioli.it\/wp-content\/uploads\/brb_media\/00506695_g1000a42-150x150.png","url":"https:\/\/dev.codekraft.it\/ravaglioli.it\/es\/product\/dispositivo-de-seguridad-con-soporte\/"},{"id":152942,"mpn":"PLUS94","name":"Brazo de ayuda neum\u00e1tico | montaje en el lado izquierda","description":"Brazo prensa-tal\u00f3n rotatorio neum\u00e1tico","thumbnail":"https:\/\/dev.codekraft.it\/ravaglioli.it\/wp-content\/uploads\/brb_media\/00506721_plus94-150x150.png","url":"https:\/\/dev.codekraft.it\/ravaglioli.it\/es\/product\/brazo-de-ayuda-neumatico-montado-a-la-izquierda\/"},{"id":152767,"mpn":"G1000A23","name":"Multiplicador fuerza u\u00f1a\/\u00fatil","description":"Accesorio de desmontadoras","thumbnail":"https:\/\/dev.codekraft.it\/ravaglioli.it\/wp-content\/uploads\/brb_media\/00506679_g1000a132-150x150.png","url":"https:\/\/dev.codekraft.it\/ravaglioli.it\/es\/product\/multiplicador-fuerza-una-util\/"},{"id":153723,"mpn":"G1000A119","name":"Dispositivo de prensado de tal\u00f3n WDK | para PLUS94","description":"","thumbnail":"https:\/\/dev.codekraft.it\/ravaglioli.it\/wp-content\/uploads\/brb_media\/00506672_g1000a111-150x150.png","url":"https:\/\/dev.codekraft.it\/ravaglioli.it\/es\/product\/dispositivo-de-prensado-de-talon-wdk-para-plus94\/"},{"id":152966,"mpn":"G1000A129NP","name":"Elevador para ruedas con bloqueo en posici\u00f3n","description":"","thumbnail":"https:\/\/dev.codekraft.it\/ravaglioli.it\/wp-content\/uploads\/brb_media\/00536825_tyre-changers-g1000a129np-mi-150x150.png","url":"https:\/\/dev.codekraft.it\/ravaglioli.it\/es\/product\/elevador-para-ruedas-con-bloqueo-en-posicion\/"},{"id":155923,"mpn":"G1000A14","name":"Cabezal de montaje de repuesto para turismos | in plastica","description":"","thumbnail":"https:\/\/dev.codekraft.it\/ravaglioli.it\/wp-content\/uploads\/brb_media\/00506687_g1000a14-150x150.png","url":"https:\/\/dev.codekraft.it\/ravaglioli.it\/es\/product\/cabezal-de-montaje-de-repuesto-para-turismos-in-plastica\/"},{"id":155827,"mpn":"G1000A160","name":"Palanca | en forma de \u201cpl\u00e1tano\u201d","description":"","thumbnail":"https:\/\/dev.codekraft.it\/ravaglioli.it\/wp-content\/uploads\/brb_media\/00506725_b2440002-150x150.png","url":"https:\/\/dev.codekraft.it\/ravaglioli.it\/es\/product\/palanca-en-forma-de-platano\/"},{"id":155518,"mpn":"G800A38","name":"Brocha Pl\u00e1stico","description":"","thumbnail":"https:\/\/dev.codekraft.it\/ravaglioli.it\/wp-content\/uploads\/brb_media\/00506719_g800a38-150x150.png","url":"https:\/\/dev.codekraft.it\/ravaglioli.it\/es\/product\/brocha-plastico\/"},{"id":154925,"mpn":"G108A16","name":"Brocha madera, en \u00e1ngulo","description":"Para m\u00e1quinas de montaje de ruedas","thumbnail":"https:\/\/dev.codekraft.it\/ravaglioli.it\/wp-content\/uploads\/brb_media\/00506731_g108a16-150x114.png","url":"https:\/\/dev.codekraft.it\/ravaglioli.it\/es\/product\/brocha-madera-en-angulo\/"},{"id":155917,"mpn":"G800A37","name":"Jab\u00f3n lubricante para montaje\/desmontaje neum\u00e1ticos | 3,5 kg","description":"","thumbnail":"https:\/\/dev.codekraft.it\/ravaglioli.it\/wp-content\/uploads\/brb_media\/00506743_g800a37-150x150.png","url":"https:\/\/dev.codekraft.it\/ravaglioli.it\/es\/product\/jabon-lubricante-para-montaje-desmontaje-neumaticos-35-kg\/"},{"id":155099,"mpn":"G1000A140","name":"Wulstboy con dispositivo de remolque Est\u00e1ndar","description":"Incluido en el kit WDK","thumbnail":"https:\/\/dev.codekraft.it\/ravaglioli.it\/wp-content\/uploads\/brb_media\/00506688_g1000a140-150x150.png","url":"https:\/\/dev.codekraft.it\/ravaglioli.it\/es\/product\/wulstboy-con-dispositivo-de-remolque-estandar\/"},{"id":155147,"mpn":"G1000A67","name":"WulstBoy con dispositivo de tracci\u00f3n y cadena de rosario de hasta 28\u2033","description":"","thumbnail":"https:\/\/dev.codekraft.it\/ravaglioli.it\/wp-content\/uploads\/brb_media\/00506701_g1000a67-150x150.png","url":"https:\/\/dev.codekraft.it\/ravaglioli.it\/es\/product\/wulstboy-con-dispositivo-de-traccion-y-cadena-de-rosario-de-hasta-28%e2%80%b3\/"},{"id":155153,"mpn":"G1000A56","name":"WulstBoy con dispositivo de tracci\u00f3n y cadena de rosario de hasta 22\u2033","description":"","thumbnail":"https:\/\/dev.codekraft.it\/ravaglioli.it\/wp-content\/uploads\/brb_media\/00506698_g1000a56-150x150.png","url":"https:\/\/dev.codekraft.it\/ravaglioli.it\/es\/product\/wulstboy-con-dispositivo-de-traccion-y-cadena-de-rosario-de-hasta-22%e2%80%b3\/"},{"id":155331,"mpn":"G1000A36","name":"Extensi\u00f3n para prensa tal\u00f3n a 28\u2033 | para G1000A32","description":"Incluido en el kit WDK","thumbnail":"https:\/\/dev.codekraft.it\/ravaglioli.it\/wp-content\/uploads\/brb_media\/00506693_g1000a36-150x150.png","url":"https:\/\/dev.codekraft.it\/ravaglioli.it\/es\/product\/extension-para-prensa-talon-a-28%e2%80%b3-para-g1000a32\/"},{"id":155572,"mpn":"G1000A7","name":"Rodillo depresor de talones","description":"","thumbnail":"https:\/\/dev.codekraft.it\/ravaglioli.it\/wp-content\/uploads\/brb_media\/00506704_g1000a7-150x150.png","url":"https:\/\/dev.codekraft.it\/ravaglioli.it\/es\/product\/rodillo-depresor-de-talones\/"},{"id":155464,"mpn":"G800A11","name":"Protecci\u00f3n de pl\u00e1stico para pala destalonadora","description":"1 pieza","thumbnail":"https:\/\/dev.codekraft.it\/ravaglioli.it\/wp-content\/uploads\/brb_media\/00506714_g800a11-01-150x150.png","url":"https:\/\/dev.codekraft.it\/ravaglioli.it\/es\/product\/proteccion-de-plastico-para-pala-destalonadora\/"},{"id":155803,"mpn":"G800A11K","name":"Protecci\u00f3n de pl\u00e1stico para pala destalonadora","description":"5 piezas","thumbnail":"https:\/\/dev.codekraft.it\/ravaglioli.it\/wp-content\/uploads\/brb_media\/00506714_g800a11-01-150x150.png","url":"https:\/\/dev.codekraft.it\/ravaglioli.it\/es\/product\/proteccion-de-plastico-para-pala-destalonadora-2\/"},{"id":155797,"mpn":"G800A32","name":"Protecci\u00f3n de pl\u00e1stico para el borde de llanta","description":"Protecci\u00f3n tal\u00f3n para neum\u00e1ticos \u00abRun Flat\u00bb | Incluido en el kit WDK | 1 pieza","thumbnail":"https:\/\/dev.codekraft.it\/ravaglioli.it\/wp-content\/uploads\/brb_media\/00506718_g800a32-150x150.png","url":"https:\/\/dev.codekraft.it\/ravaglioli.it\/es\/product\/proteccion-de-plastico-para-el-borde-de-llanta\/"},{"id":155821,"mpn":"G1000A100K","name":"Pel\u00edculas de protecci\u00f3n de tal\u00f3n | con homologaci\u00f3n WDK","description":"Incluido en el kit WDK | 1 juego \/ 50 piezas","thumbnail":"https:\/\/dev.codekraft.it\/ravaglioli.it\/wp-content\/uploads\/brb_media\/00506667_g1000a100k-01-150x150.png","url":"https:\/\/dev.codekraft.it\/ravaglioli.it\/es\/product\/peliculas-de-proteccion-de-talon-con-homologacion-wdk\/"},{"id":155141,"mpn":"G1000A115","name":"Limitador de carrera del destalonador para homologaci\u00f3n WDK","description":"","thumbnail":"https:\/\/dev.codekraft.it\/ravaglioli.it\/wp-content\/uploads\/brb_media\/00506673_g1000a115-150x150.png","url":"https:\/\/dev.codekraft.it\/ravaglioli.it\/es\/product\/limitador-de-carrera-del-destalonador-para-homologacion-wdk\/"}],"components":[],"delivery":[{"id":152767,"mpn":"G1000A23","name":"Multiplicador fuerza u\u00f1a\/\u00fatil","description":"Accesorio de desmontadoras","thumbnail":"https:\/\/dev.codekraft.it\/ravaglioli.it\/wp-content\/uploads\/brb_media\/00506679_g1000a132-150x150.png","url":"https:\/\/dev.codekraft.it\/ravaglioli.it\/es\/product\/multiplicador-fuerza-una-util\/"},{"id":153723,"mpn":"G1000A119","name":"Dispositivo de prensado de tal\u00f3n WDK | para PLUS94","description":"","thumbnail":"https:\/\/dev.codekraft.it\/ravaglioli.it\/wp-content\/uploads\/brb_media\/00506672_g1000a111-150x150.png","url":"https:\/\/dev.codekraft.it\/ravaglioli.it\/es\/product\/dispositivo-de-prensado-de-talon-wdk-para-plus94\/"},{"id":152942,"mpn":"PLUS94","name":"Brazo de ayuda neum\u00e1tico | montaje en el lado izquierda","description":"Brazo prensa-tal\u00f3n rotatorio neum\u00e1tico","thumbnail":"https:\/\/dev.codekraft.it\/ravaglioli.it\/wp-content\/uploads\/brb_media\/00506721_plus94-150x150.png","url":"https:\/\/dev.codekraft.it\/ravaglioli.it\/es\/product\/brazo-de-ayuda-neumatico-montado-a-la-izquierda\/"},{"id":153320,"mpn":"G1000A42","name":"Dispositivo de seguridad con soporte","description":"Accesorio de desmontadoras | 1 juego","thumbnail":"https:\/\/dev.codekraft.it\/ravaglioli.it\/wp-content\/uploads\/brb_media\/00506695_g1000a42-150x150.png","url":"https:\/\/dev.codekraft.it\/ravaglioli.it\/es\/product\/dispositivo-de-seguridad-con-soporte\/"},{"id":153284,"mpn":"G1000A18","name":"Adaptadores para ruedas moto","description":"Motorcycle kit | Adaptadores\/variantes grupo plato de tipo tulipa","thumbnail":"https:\/\/dev.codekraft.it\/ravaglioli.it\/wp-content\/uploads\/brb_media\/00506691_g1000a18-150x150.png","url":"https:\/\/dev.codekraft.it\/ravaglioli.it\/es\/product\/adaptadores-para-ruedas-moto\/"},{"id":152785,"mpn":"G1000A12K","name":"Protecci\u00f3n de pl\u00e1stico para cabezal de montaje de repuesto G1000A14","description":"Protecci\u00f3n llantas de aleaci\u00f3n para \u00fatil de desmontaje | 50 piezas","thumbnail":"https:\/\/dev.codekraft.it\/ravaglioli.it\/wp-content\/uploads\/brb_media\/00506677_g1000a12k-01-150x150.png","url":"https:\/\/dev.codekraft.it\/ravaglioli.it\/es\/product\/proteccion-de-plastico-para-cabezal-de-montaje-de-repuesto-g1000a14\/"},{"id":152791,"mpn":"G1000A13K","name":"Protecciones palanca levanta talones para palanca | 1 juego \/ 50 piezas","description":"","thumbnail":"https:\/\/dev.codekraft.it\/ravaglioli.it\/wp-content\/uploads\/brb_media\/00506686_g1000a13k-150x150.png","url":"https:\/\/dev.codekraft.it\/ravaglioli.it\/es\/product\/protecciones-palanca-levanta-talones-para-palanca-1-juego-50-piezas\/"},{"id":152804,"mpn":"G1000A15","name":"Cabezal de montaje para motocicletas | en pl\u00e1stico","description":"","thumbnail":"https:\/\/dev.codekraft.it\/ravaglioli.it\/wp-content\/uploads\/brb_media\/00506690_g1000a15-150x150.png","url":"https:\/\/dev.codekraft.it\/ravaglioli.it\/es\/product\/cabezal-de-montaje-para-motocicletas-en-plastico\/"},{"id":152966,"mpn":"G1000A129NP","name":"Elevador para ruedas con bloqueo en posici\u00f3n","description":"","thumbnail":"https:\/\/dev.codekraft.it\/ravaglioli.it\/wp-content\/uploads\/brb_media\/00536825_tyre-changers-g1000a129np-mi-150x150.png","url":"https:\/\/dev.codekraft.it\/ravaglioli.it\/es\/product\/elevador-para-ruedas-con-bloqueo-en-posicion\/"},{"id":152266,"mpn":"G1000A55","name":"Contenedor porta objetos","description":"","thumbnail":"https:\/\/dev.codekraft.it\/ravaglioli.it\/wp-content\/uploads\/brb_media\/00506697_g1000a55-150x150.png","url":"https:\/\/dev.codekraft.it\/ravaglioli.it\/es\/product\/contenedor-porta-objetos\/"},{"id":155821,"mpn":"G1000A100K","name":"Pel\u00edculas de protecci\u00f3n de tal\u00f3n | con homologaci\u00f3n WDK","description":"Incluido en el kit WDK | 1 juego \/ 50 piezas","thumbnail":"https:\/\/dev.codekraft.it\/ravaglioli.it\/wp-content\/uploads\/brb_media\/00506667_g1000a100k-01-150x150.png","url":"https:\/\/dev.codekraft.it\/ravaglioli.it\/es\/product\/peliculas-de-proteccion-de-talon-con-homologacion-wdk\/"},{"id":155147,"mpn":"G1000A67","name":"WulstBoy con dispositivo de tracci\u00f3n y cadena de rosario de hasta 28\u2033","description":"","thumbnail":"https:\/\/dev.codekraft.it\/ravaglioli.it\/wp-content\/uploads\/brb_media\/00506701_g1000a67-150x150.png","url":"https:\/\/dev.codekraft.it\/ravaglioli.it\/es\/product\/wulstboy-con-dispositivo-de-traccion-y-cadena-de-rosario-de-hasta-28%e2%80%b3\/"},{"id":155153,"mpn":"G1000A56","name":"WulstBoy con dispositivo de tracci\u00f3n y cadena de rosario de hasta 22\u2033","description":"","thumbnail":"https:\/\/dev.codekraft.it\/ravaglioli.it\/wp-content\/uploads\/brb_media\/00506698_g1000a56-150x150.png","url":"https:\/\/dev.codekraft.it\/ravaglioli.it\/es\/product\/wulstboy-con-dispositivo-de-traccion-y-cadena-de-rosario-de-hasta-22%e2%80%b3\/"},{"id":155797,"mpn":"G800A32","name":"Protecci\u00f3n de pl\u00e1stico para el borde de llanta","description":"Protecci\u00f3n tal\u00f3n para neum\u00e1ticos \u00abRun Flat\u00bb | Incluido en el kit WDK | 1 pieza","thumbnail":"https:\/\/dev.codekraft.it\/ravaglioli.it\/wp-content\/uploads\/brb_media\/00506718_g800a32-150x150.png","url":"https:\/\/dev.codekraft.it\/ravaglioli.it\/es\/product\/proteccion-de-plastico-para-el-borde-de-llanta\/"},{"id":155141,"mpn":"G1000A115","name":"Limitador de carrera del destalonador para homologaci\u00f3n WDK","description":"","thumbnail":"https:\/\/dev.codekraft.it\/ravaglioli.it\/wp-content\/uploads\/brb_media\/00506673_g1000a115-150x150.png","url":"https:\/\/dev.codekraft.it\/ravaglioli.it\/es\/product\/limitador-de-carrera-del-destalonador-para-homologacion-wdk\/"},{"id":155464,"mpn":"G800A11","name":"Protecci\u00f3n de pl\u00e1stico para pala destalonadora","description":"1 pieza","thumbnail":"https:\/\/dev.codekraft.it\/ravaglioli.it\/wp-content\/uploads\/brb_media\/00506714_g800a11-01-150x150.png","url":"https:\/\/dev.codekraft.it\/ravaglioli.it\/es\/product\/proteccion-de-plastico-para-pala-destalonadora\/"},{"id":155803,"mpn":"G800A11K","name":"Protecci\u00f3n de pl\u00e1stico para pala destalonadora","description":"5 piezas","thumbnail":"https:\/\/dev.codekraft.it\/ravaglioli.it\/wp-content\/uploads\/brb_media\/00506714_g800a11-01-150x150.png","url":"https:\/\/dev.codekraft.it\/ravaglioli.it\/es\/product\/proteccion-de-plastico-para-pala-destalonadora-2\/"},{"id":155923,"mpn":"G1000A14","name":"Cabezal de montaje de repuesto para turismos | in plastica","description":"","thumbnail":"https:\/\/dev.codekraft.it\/ravaglioli.it\/wp-content\/uploads\/brb_media\/00506687_g1000a14-150x150.png","url":"https:\/\/dev.codekraft.it\/ravaglioli.it\/es\/product\/cabezal-de-montaje-de-repuesto-para-turismos-in-plastica\/"},{"id":155572,"mpn":"G1000A7","name":"Rodillo depresor de talones","description":"","thumbnail":"https:\/\/dev.codekraft.it\/ravaglioli.it\/wp-content\/uploads\/brb_media\/00506704_g1000a7-150x150.png","url":"https:\/\/dev.codekraft.it\/ravaglioli.it\/es\/product\/rodillo-depresor-de-talones\/"},{"id":155518,"mpn":"G800A38","name":"Brocha Pl\u00e1stico","description":"","thumbnail":"https:\/\/dev.codekraft.it\/ravaglioli.it\/wp-content\/uploads\/brb_media\/00506719_g800a38-150x150.png","url":"https:\/\/dev.codekraft.it\/ravaglioli.it\/es\/product\/brocha-plastico\/"},{"id":154925,"mpn":"G108A16","name":"Brocha madera, en \u00e1ngulo","description":"Para m\u00e1quinas de montaje de ruedas","thumbnail":"https:\/\/dev.codekraft.it\/ravaglioli.it\/wp-content\/uploads\/brb_media\/00506731_g108a16-150x114.png","url":"https:\/\/dev.codekraft.it\/ravaglioli.it\/es\/product\/brocha-madera-en-angulo\/"},{"id":155917,"mpn":"G800A37","name":"Jab\u00f3n lubricante para montaje\/desmontaje neum\u00e1ticos | 3,5 kg","description":"","thumbnail":"https:\/\/dev.codekraft.it\/ravaglioli.it\/wp-content\/uploads\/brb_media\/00506743_g800a37-150x150.png","url":"https:\/\/dev.codekraft.it\/ravaglioli.it\/es\/product\/jabon-lubricante-para-montaje-desmontaje-neumaticos-35-kg\/"},{"id":155331,"mpn":"G1000A36","name":"Extensi\u00f3n para prensa tal\u00f3n a 28\u2033 | para G1000A32","description":"Incluido en el kit WDK","thumbnail":"https:\/\/dev.codekraft.it\/ravaglioli.it\/wp-content\/uploads\/brb_media\/00506693_g1000a36-150x150.png","url":"https:\/\/dev.codekraft.it\/ravaglioli.it\/es\/product\/extension-para-prensa-talon-a-28%e2%80%b3-para-g1000a32\/"}],"package":[],"related":[],"similar":[{"id":154157,"mpn":"RAV.G7641.200907","name":"Desmontadora de neum\u00e1ticos G7641D.24PLUS","description":"\u00datil de montaje y palanca de montaje, autom\u00e1tica, velocidad max. 16 r\/min, turismo, plato de dos posicione, di\u00e1metro de llanta 10 - 26,5\u2033, chasis reforzado, anchura llante max. 381 mm | Azul (RAL 5005)","thumbnail":"https:\/\/dev.codekraft.it\/ravaglioli.it\/wp-content\/uploads\/brb_media\/00550327_tyre-changer-g7641v22-mi-150x150.png","url":"https:\/\/dev.codekraft.it\/ravaglioli.it\/es\/product\/desmontadora-de-neumaticos-g7641d-24plus\/"},{"id":154169,"mpn":"RAV.G7641.201041","name":"Desmontadora de neum\u00e1ticos G7641ID.24","description":"\u00datil de montaje y palanca de montaje, autom\u00e1tica, velocidad max. 16 r\/min, turismo, plato de dos posicione, di\u00e1metro de llanta 10 - 26,5\u2033, chasis reforzado, anchura llante max. 381 mm | Azul (RAL 5005)","thumbnail":"https:\/\/dev.codekraft.it\/ravaglioli.it\/wp-content\/uploads\/brb_media\/00508615_tyre-changer-g7641v-24-mi-150x150.png","url":"https:\/\/dev.codekraft.it\/ravaglioli.it\/es\/product\/desmontadora-de-neumaticos-g7641id-24\/"},{"id":154163,"mpn":"RAV.G7641.200945","name":"Desmontadora de neum\u00e1ticos G7641D.24","description":"\u00datil de montaje y palanca de montaje, autom\u00e1tica, velocidad max. 16 r\/min, turismo, plato de dos posicione, di\u00e1metro de llanta 10 - 26,5\u2033, chasis reforzado, anchura llante max. 381 mm | Azul (RAL 5005)","thumbnail":"https:\/\/dev.codekraft.it\/ravaglioli.it\/wp-content\/uploads\/brb_media\/00550327_tyre-changer-g7641v22-mi-150x150.png","url":"https:\/\/dev.codekraft.it\/ravaglioli.it\/es\/product\/desmontadora-de-neumaticos-g7641d-24\/"},{"id":154230,"mpn":"RAV.G1065.200792","name":"Desmontadora de neum\u00e1ticos G1065.N","description":"\u00datil de montaje y palanca de montaje, bloqueo central, velocidad max. 15 r\/min, turismo, di\u00e1metro de llanta 12 - 24\u2033, anchura llanta m\u00e1x. 381 mm | Azul (RAL 5005)","thumbnail":"https:\/\/dev.codekraft.it\/ravaglioli.it\/wp-content\/uploads\/brb_media\/00508664_tyre-changer-g1065n-mi-150x150.png","url":"https:\/\/dev.codekraft.it\/ravaglioli.it\/es\/product\/desmontadora-de-neumaticos-g1065-n\/"}],"page_logo_src":"https:\/\/dev.codekraft.it\/ravaglioli.it\/wp-content\/uploads\/2026\/04\/rav-negative-logo-1.png","lang":"es","translations":{"es":154218,"en":154213,"de":154215,"fr":154216,"it":154217,"ru":154219},"pll_sync_post":[],"_links":{"self":[{"href":"https:\/\/dev.codekraft.it\/ravaglioli.it\/wp-json\/wp\/v2\/product\/154218","targetHints":{"allow":["GET"]}}],"collection":[{"href":"https:\/\/dev.codekraft.it\/ravaglioli.it\/wp-json\/wp\/v2\/product"}],"about":[{"href":"https:\/\/dev.codekraft.it\/ravaglioli.it\/wp-json\/wp\/v2\/types\/product"}],"wp:featuredmedia":[{"embeddable":true,"href":"https:\/\/dev.codekraft.it\/ravaglioli.it\/wp-json\/wp\/v2\/media\/43008"}],"wp:attachment":[{"href":"https:\/\/dev.codekraft.it\/ravaglioli.it\/wp-json\/wp\/v2\/media?parent=154218"}],"wp:term":[{"taxonomy":"product_brand","embeddable":true,"href":"https:\/\/dev.codekraft.it\/ravaglioli.it\/wp-json\/wp\/v2\/product_brand?post=154218"},{"taxonomy":"product_cat","embeddable":true,"href":"https:\/\/dev.codekraft.it\/ravaglioli.it\/wp-json\/wp\/v2\/product_cat?post=154218"},{"taxonomy":"product_tag","embeddable":true,"href":"https:\/\/dev.codekraft.it\/ravaglioli.it\/wp-json\/wp\/v2\/product_tag?post=154218"},{"taxonomy":"product_approvals","embeddable":true,"href":"https:\/\/dev.codekraft.it\/ravaglioli.it\/wp-json\/wp\/v2\/product_approvals?post=154218"},{"taxonomy":"product_application","embeddable":true,"href":"https:\/\/dev.codekraft.it\/ravaglioli.it\/wp-json\/wp\/v2\/product_application?post=154218"}],"curies":[{"name":"wp","href":"https:\/\/api.w.org\/{rel}","templated":true}]}}